{"id":633453,"date":"2017-11-09T13:23:27","date_gmt":"2017-11-09T11:23:27","guid":{"rendered":"https:\/\/www.dexeus.com\/blog\/suscripcion\/"},"modified":"2024-11-08T15:03:20","modified_gmt":"2024-11-08T14:03:20","slug":"subscripcio","status":"publish","type":"page","link":"https:\/\/www.dexeus.com\/blog\/ca\/subscripcio\/","title":{"rendered":"Subscriu-te al nostre Blog"},"content":{"rendered":"\n<p>El Blog Dexeus Dona \u00e9s un espai d&#8217;intercanvi sobre temes d&#8217;inter\u00e8s actual: maternitat, salut, fertilitat, sexualitat, menopausa, prevenci\u00f3 i m\u00e9s. Un lloc per compartir informaci\u00f3 i experi\u00e8ncies. T&#8217;hi apuntes?<\/p>\n\n\n\n<form id=\"frmjoin\" class=\"form\" action=\"https:\/\/www.email-index.com\/join.php?L=j3pavhvMDYO9b9V0jQzfCQ&amp;lang=ca\" method=\"post\" name=\"frmjoin\"><input id=\"frm_guardar\" name=\"frm_guardar\" type=\"hidden\" value=\"\"><p><\/p>\n<h2 class=\"tit-form\">Uneix-te a la llista<\/h2>\n<p id=\"required_message\" class=\"required\">*Camp requerit<\/p>\n<div id=\"error_frm_email\" style=\"font-size: 14px; display: none; color: #f44;\">El camp &#8216;Email&#8217; no \u00e9s v\u00e0lid.<\/div>\n<div class=\"control-group\"><label class=\"control-label\" for=\"frm_email\">Email*<\/label><p><\/p>\n<div class=\"controls\"><input id=\"frm_email\" class=\"m-wrap ac-input ac-span12\" maxlength=\"\" name=\"frm_email\" type=\"text\" value=\"\" placeholder=\"Email*\" data-type=\"email\"><\/div>\n<\/div>\n<div id=\"error_frm_custom_field_152104\" style=\"font-size: 14px; display: none; color: #f44;\">Has de seleccionar una opci\u00f3 &#8216;Idioma&#8217;.<\/div>\n<div class=\"control-group\"><label class=\"control-label\" style=\"clear: both;\" for=\"frm_custom_field_152104\">Idioma*<\/label><p><\/p>\n<div class=\"controls\"><label class=\"radio \"><br>\n<input name=\"frm_custom_field_152104\" type=\"radio\" value=\"key_152104_1\" data-type=\"radio\">Castell\u00e0<\/label><label class=\"radio \"><br>\n<input name=\"frm_custom_field_152104\" type=\"radio\" value=\"key_152104_2\" data-type=\"radio\">Catal\u00e0<\/label><\/div>\n<div id=\"error_rgpd\" style=\"font-size: 14px; display: none; color: #f44;\">Cal que autoritzis el tractament de les teves dades<\/div>\n<div class=\"control-group\"><label class=\"control-label\" for=\"frm_rgpd\"><\/label><p><\/p>\n<div class=\"controls\"><label class=\"checkbox inline\"><br>\n<input name=\"frm_rgpd[]\" type=\"checkbox\" value=\"1\">Autoritzo el tractament de les meves dades de contacte i accepto la <a href=\"https:\/\/cat.dexeus.com\/politica-privacitat\" target=\"\\&quot;_blank\\&quot;\" rel=\"noopener\">pol\u00edtica de privacitat<\/a>.<\/label><\/div>\n<\/div>\n<p style=\"font-size: 10px;\">T&#8217;informem que el responsable del tractament \u00e9s Consultori Dexeus, S.A.P. Les teves dades seran tractades amb la finalitat de fer-te arribar peri\u00f2dicament un butllet\u00ed amb informaci\u00f3 sobre l&#8217;activitat, els serveis i les novetats que puguin resultar del teu inter\u00e8s. Aquest consentiment es pot revocar en qualsevol moment. En tot moment podeu exercir els drets d&#8217;acc\u00e9s, rectificaci\u00f3, supressi\u00f3, portabilitat, limitaci\u00f3 i oposici\u00f3 davant del delegat de protecci\u00f3 de dades a dpd@dexeus.com. Tamb\u00e9 tens dret a presentar una reclamaci\u00f3 davant de l&#8217;autoritat de control en mat\u00e8ria de protecci\u00f3 de dades. Pots consultar la informaci\u00f3 ampliada a la pol\u00edtica de privadesa de la web.<\/p>\n<p><input id=\"frm_email_format\" name=\"frm_email_format\" type=\"hidden\" value=\"2\"><\/p>\n<p class=\"center\"><button id=\"btn-join\" class=\"btn btn-inverse\" type=\"submit\">Enviar<\/button><\/p>\n<p><input id=\"frm_nc\" name=\"frm_nc\" type=\"hidden\" value=\"1\"><script id=\"embed_jquery\" type=\"text\/javascript\" src=\"https:\/\/code.jquery.com\/jquery-1.11.0.min.js\"><\/script><script id=\"embed_script\" type=\"text\/javascript\" src=\"https:\/\/d1nn1beycom2nr.cloudfront.net\/news\/scripts\/form.script.js\"><\/script><\/p>\n<p><!-- [END OF SIGNUP FORM] --><\/p>\n<\/div>\n<\/form>\n","protected":false},"excerpt":{"rendered":"<p>El Blog Dexeus Dona \u00e9s un espai d&#8217;intercanvi sobre temes d&#8217;inter\u00e8s actual: maternitat, salut, fertilitat, sexualitat, menopausa, prevenci\u00f3 i m\u00e9s. Un lloc per compartir informaci\u00f3 i experi\u00e8ncies. T&#8217;hi apuntes? Uneix-te a la llista *Camp requerit El camp &#8216;Email&#8217; no \u00e9s v\u00e0lid. Email* Has de seleccionar una opci\u00f3 &#8216;Idioma&#8217;. Idioma* Castell\u00e0 Catal\u00e0 Cal que autoritzis el [&hellip;]<\/p>\n","protected":false},"author":1,"featured_media":632405,"parent":0,"menu_order":0,"comment_status":"closed","ping_status":"closed","template":"","meta":{"footnotes":""},"_links":{"self":[{"href":"https:\/\/www.dexeus.com\/blog\/ca\/wp-json\/wp\/v2\/pages\/633453"}],"collection":[{"href":"https:\/\/www.dexeus.com\/blog\/ca\/wp-json\/wp\/v2\/pages"}],"about":[{"href":"https:\/\/www.dexeus.com\/blog\/ca\/wp-json\/wp\/v2\/types\/page"}],"author":[{"embeddable":true,"href":"https:\/\/www.dexeus.com\/blog\/ca\/wp-json\/wp\/v2\/users\/1"}],"replies":[{"embeddable":true,"href":"https:\/\/www.dexeus.com\/blog\/ca\/wp-json\/wp\/v2\/comments?post=633453"}],"version-history":[{"count":10,"href":"https:\/\/www.dexeus.com\/blog\/ca\/wp-json\/wp\/v2\/pages\/633453\/revisions"}],"predecessor-version":[{"id":645876,"href":"https:\/\/www.dexeus.com\/blog\/ca\/wp-json\/wp\/v2\/pages\/633453\/revisions\/645876"}],"wp:featuredmedia":[{"embeddable":true,"href":"https:\/\/www.dexeus.com\/blog\/ca\/wp-json\/wp\/v2\/media\/632405"}],"wp:attachment":[{"href":"https:\/\/www.dexeus.com\/blog\/ca\/wp-json\/wp\/v2\/media?parent=633453"}],"curies":[{"name":"wp","href":"https:\/\/api.w.org\/{rel}","templated":true}]}}