{"id":3847,"date":"2017-11-09T13:23:27","date_gmt":"2017-11-09T11:23:27","guid":{"rendered":"https:\/\/www.dexeus.com\/blog\/subscription\/"},"modified":"2019-03-15T13:55:14","modified_gmt":"2019-03-15T11:55:14","slug":"abonnez-vous","status":"publish","type":"page","link":"https:\/\/www.dexeus.com\/blog\/fr\/abonnez-vous\/","title":{"rendered":"ABONNEZ-VOUS \u00c0 NOTRE BLOG"},"content":{"rendered":"<p>Le Blog de Dexeus Mujer est un espace con\u00e7u pour partager, commenter et discuter avec vous d&rsquo;informations actuelles sur les sujets qui nous int\u00e9ressent (ils sont nombreux) : maternit\u00e9, sexualit\u00e9, sant\u00e9, fertilit\u00e9, couple, m\u00e9nopause, pr\u00e9vention, causes solidaires, cancer, \u00e9v\u00e9nements&#8230; Mais aussi toutes les histoires que nous avons v\u00e9cues et celles que vous souhaiterez nous raconter. Rejoignez-nous !<\/p>\n<p><!-- [BEGIN OF SIGNUP FORM]--><\/p>\n<form name=\"frmjoin\" id=\"frmjoin\" method=\"post\" action=\"https:\/\/email-index.com\/join.php?L=j3pavhvMDYO9b9V0jQzfCQ\" class=\"form\"> <input value=\"\" id=\"frm_guardar\" name=\"frm_guardar\" type=\"hidden\"><\/p>\n<h2 class=\"tit-form\">Abonnez-vous<\/h2>\n<div id=\"error_frm_email\" style=\"font-size:14px;display:none; color:#f44;\">Le champ &lsquo;Email&rsquo; n&rsquo;est pas valide.<\/div>\n<div class=\"control-group\">\n<div >\n\t\t\t<input maxlength=\"\" data-type=\"email\" value=\"\" id=\"frm_email\" name=\"frm_email\" type=\"text\" placeholder=\"Email*\" class=\"m-wrap ac-input ac-span12\">\n\t\t<\/div>\n<\/p><\/div>\n<div id=\"error_frm_custom_field_47660\" style=\"font-size:14px;display:none; color:#f44;\">Veuillez s\u00e9lectionner une option.<\/div>\n<div >\n<div class=\"controls\"><label><br \/>\n            <input data-type=\"radio\" type=\"radio\" value=\"key_47660_1\" name=\"frm_custom_field_47660\">Femme<\/label><label ><br \/>\n            <input data-type=\"radio\" type=\"radio\" value=\"key_47660_2\" name=\"frm_custom_field_47660\">Homme<\/label><\/p><\/div>\n<\/p><\/div>\n<p><input type=\"hidden\" name=\"frm_email_format\" id=\"frm_email_format\" value=\"2\"><\/p>\n<p class=\"center\"><button class=\"btn btn-inverse\" id=\"btn-join\" type=\"submit\">Envoyer<\/button><\/p>\n<p><input type=\"hidden\" name=\"frm_nc\" id=\"frm_nc\" value=\"1\"><link title=\"embed_style\" rel=\"stylesheet\" type=\"text\/css\" href=\"https:\/\/d1nn1beycom2nr.cloudfront.net\/news\/css\/form.style.css\" id=\"embed_style\"><script id=\"embed_jquery\" type=\"text\/javascript\" src=\"https:\/\/code.jquery.com\/jquery-1.11.0.min.js\"><\/script><script id=\"embed_script\" type=\"text\/javascript\" src=\"https:\/\/d1nn1beycom2nr.cloudfront.net\/news\/scripts\/form.script.js\"><\/script><\/form>\n<p><!-- [END OF SIGNUP FORM] --><\/p>\n<p>Si vous aimez, partagez !<\/p>\n<p>&nbsp;<\/p>\n<p>&nbsp;<\/p>\n","protected":false},"excerpt":{"rendered":"<p>Le Blog de Dexeus Mujer est un espace con\u00e7u pour partager, commenter et discuter avec vous d&rsquo;informations actuelles sur les sujets qui nous int\u00e9ressent (ils sont nombreux) : maternit\u00e9, sexualit\u00e9, sant\u00e9, fertilit\u00e9, couple, m\u00e9nopause, pr\u00e9vention, causes solidaires, cancer, \u00e9v\u00e9nements&#8230; Mais aussi toutes les histoires que nous avons v\u00e9cues et celles que vous souhaiterez nous raconter. [&hellip;]<\/p>\n","protected":false},"author":1,"featured_media":3123,"parent":0,"menu_order":0,"comment_status":"closed","ping_status":"closed","template":"","meta":{"footnotes":""},"_links":{"self":[{"href":"https:\/\/www.dexeus.com\/blog\/fr\/wp-json\/wp\/v2\/pages\/3847"}],"collection":[{"href":"https:\/\/www.dexeus.com\/blog\/fr\/wp-json\/wp\/v2\/pages"}],"about":[{"href":"https:\/\/www.dexeus.com\/blog\/fr\/wp-json\/wp\/v2\/types\/page"}],"author":[{"embeddable":true,"href":"https:\/\/www.dexeus.com\/blog\/fr\/wp-json\/wp\/v2\/users\/1"}],"replies":[{"embeddable":true,"href":"https:\/\/www.dexeus.com\/blog\/fr\/wp-json\/wp\/v2\/comments?post=3847"}],"version-history":[{"count":3,"href":"https:\/\/www.dexeus.com\/blog\/fr\/wp-json\/wp\/v2\/pages\/3847\/revisions"}],"predecessor-version":[{"id":3850,"href":"https:\/\/www.dexeus.com\/blog\/fr\/wp-json\/wp\/v2\/pages\/3847\/revisions\/3850"}],"wp:featuredmedia":[{"embeddable":true,"href":"https:\/\/www.dexeus.com\/blog\/fr\/wp-json\/wp\/v2\/media\/3123"}],"wp:attachment":[{"href":"https:\/\/www.dexeus.com\/blog\/fr\/wp-json\/wp\/v2\/media?parent=3847"}],"curies":[{"name":"wp","href":"https:\/\/api.w.org\/{rel}","templated":true}]}}