{"id":1311,"date":"2019-04-29T19:21:10","date_gmt":"2019-04-29T17:21:10","guid":{"rendered":"https:\/\/www.dexeus.com\/cloud\/?page_id=1311"},"modified":"2023-02-15T13:40:20","modified_gmt":"2023-02-15T12:40:20","slug":"politica-de-cookies","status":"publish","type":"page","link":"https:\/\/www.dexeus.com\/cloud\/politica-de-cookies\/","title":{"rendered":"Pol\u00edtica de Cookies"},"content":{"rendered":"<h3><span class=\"titulos\">MISI\u00d3N DE DEXEUS.COM<\/span><\/h3>\n<p><span class=\"txt-estandar\">Consultorio Dexeus S.A.P. (Dexeus Mujer \u2013 Departamento de Obstetricia, Ginecolog\u00eda y Reproducci\u00f3n del Hospital Universitari Dexeus) pretende con este portal web contribuir a la mejora de la salud de la mujer favoreciendo el acceso a una informaci\u00f3n relevante, actualizada y accesible sobre temas m\u00e9dicos y divulgativos. Dexeus.com ofrece esta informaci\u00f3n en este portal web solamente para efectos de informaci\u00f3n, divulgaci\u00f3n y educacionales.<\/span><\/p>\n<p><span class=\"txt-estandar\">Esta informaci\u00f3n ni pretende, ni puede ser un sustituto de asesor\u00eda, tratamiento o recomendaciones espec\u00edficas de profesionales de la salud. Es importante seguir el consejo de su m\u00e9dico y otros profesionales de la salud con respecto a sus necesidades individuales m\u00e9dicas y\/o de atenci\u00f3n de salud. Es recomendable que consulte con su m\u00e9dico u otro profesional de la salud antes de aplicar la informaci\u00f3n ofrecida en este sitio.<\/span><\/p>\n<p><span class=\"txt-estandar\"><strong>Se ruega leer con atenci\u00f3n las siguientes condiciones de uso. Al acceder a y usar este sitio, Usted est\u00e1 aceptando acatar estas normas.<\/strong><\/span><\/p>\n<h3 class=\"margen-extra20\"><span class=\"subtitulos\">Declinaci\u00f3n de Responsabilidad<\/span><\/h3>\n<p><span class=\"txt-estandar\">Ni dexeus.com, ni Consultorio Dexeus S.A.P. (Dexeus Mujer \u2013 Departamento de Obstetricia, Ginecolog\u00eda y Reproducci\u00f3n del Hospital Universitari Dexeus) no hacen ninguna representaci\u00f3n o garant\u00eda por lo que se refiere al uso de la informaci\u00f3n de este sitio web. Al acceder este sitio, Usted acepta que todo el acceso y uso del mismo y la informaci\u00f3n contenida en \u00e9l es a su propio riesgo.<br \/>\nNi dexeus.com, ni Consultorio Dexeus S.A.P. (Dexeus Mujer \u2013 Departamento de Obstetricia, Ginecolog\u00eda y Reproducci\u00f3n del Hospital Universitari Dexeus), no ser\u00e1n responsable de manera alguna de da\u00f1os directos, incidentales, consecuenciales, indirectos o punitivos que surjan del acceso, uso o incapacidad por parte suya de usar este sitio, ni de ning\u00fan error u omisi\u00f3n en la informaci\u00f3n contenida en el mismo.<\/span><\/p>\n<h3 class=\"margen-extra20\"><span class=\"subtitulos\">Protecci\u00f3n de Datos<\/span><\/h3>\n<p><span class=\"txt-estandar\">El Responsable del Tratamiento, Consultorio Dexeus SAP, con domicilio social en Gran V\u00eda Carles III 71-75, 08028 Barcelona y N\u00famero de Identificaci\u00f3n Fiscal (N.I.F.) A08276867 en cumplimiento del Reglamento (UE) 2016\/679 del Parlamento Europeo y del Consejo, de 27 de abril de 2016, relativo a la protecci\u00f3n de las personas f\u00edsicas en lo que respecta al tratamiento de datos personales y a la libre circulaci\u00f3n de estos, adelante RGPD, y de la Ley Org\u00e1nica 3\/2018, de 5 de diciembre, de protecci\u00f3n de datos personales y garant\u00eda de los derechos digitales (LOPDPGDD), le informa que el tratamiento de sus datos ser\u00e1 garantizar el registro y seguimiento del tratamiento m\u00e9dico sanitario prestado en el centro; asegurar el continuum asistencial entre los diferentes dispositivos sanitarios y sociales; facilitar la informaci\u00f3n necesaria para la correcta facturaci\u00f3n del coste de los servicios prestados, cumplimentar su historia cl\u00ednica en el centro e implementar los mecanismos de coordinaci\u00f3n de historias cl\u00ednicas que se desarrollen. Esta informaci\u00f3n ser\u00e1 utilizada por los servicios administrativos y servicios directamente vinculados a la asistencia sanitaria de nuestra entidad, cada uno en sus competencias, y puede ser enviada total o parcialmente a los estamentos oficiales p\u00fablicos y privados que, por motivos legales o de necesidad material hayan de acceder a los datos a efectos de la correcta prestaci\u00f3n de la asistencia m\u00e9dico-sanitaria que constituye la finalidad del tratamiento de estos datos.<\/span><\/p>\n<p><span class=\"txt-estandar\">La base jur\u00eddica para el tratamiento de los datos es el consentimiento de la persona paciente. Los datos proporcionados ser\u00e1n conservados de acuerdo a la legislaci\u00f3n sanitaria afecto vigente en cada momento, en la actualidad en la Ley 21\/2000 sobre los derechos de informaci\u00f3n concerniente a la salud y la autonom\u00eda del paciente, y la documentaci\u00f3n cl\u00ednica, que prev\u00e9 un plazo de quince a\u00f1os desde la fecha de alta de cada proceso asistencial en relaci\u00f3n a la documentaci\u00f3n relevante y un plazo de cinco a\u00f1os para el resto.<\/span><\/p>\n<p><span class=\"txt-estandar\">Puede ejercer los derechos acceso, rectificaci\u00f3n, supresi\u00f3n, limitaci\u00f3n del tratamiento, portabilidad y de oposici\u00f3n de sus datos de acuerdo lo dispuesto en la normativa en materia de protecci\u00f3n de datos. Para ejercerlos, deber\u00e1 dirigirse por escrito al responsable del tratamiento Consultorio Dexeus SAP, con domicilio en Gran V\u00eda Carles III 71-75, 08028 Barcelona y N\u00famero de Identificaci\u00f3n Fiscal (N.I.F.) A08276867 o contactando con el Delegado de Protecci\u00f3n de Datos en el correo electr\u00f3nico\u00a0<a class=\"color-enlaces\" title=\"dpd@dexeus.com\" href=\"mailto:dpd@dexeus.com\">dpd@dexeus.com<\/a>, en cualquier caso se deber\u00e1 adjuntar una fotocopia de su documento nacional de identidad o equivalente.<\/span><\/p>\n<p><span class=\"txt-estandar\">Asimismo, se le informa su derecho a, en caso de no estar de acuerdo con el tratamiento realizado por nuestra Entidad o considerar vulnerados sus derechos, presentar una reclamaci\u00f3n en todo momento ante la Agencia Espa\u00f1ola de Protecci\u00f3n de datos.<\/span><\/p>\n<h3 class=\"margen-extra20\"><span class=\"subtitulos\">Informaci\u00f3n personal y pol\u00edtica de privacidad<\/span><\/h3>\n<h3 class=\"margen-extra20\"><a name=\"registro_cookies\"><\/a><\/h3>\n<p><span class=\"txt-estandar\">En dexeus.com tenemos un compromiso f\u00e9rreo para proteger su privacidad y respetar su intimidad.<br \/>\nLos datos personales tales como nombre y direcci\u00f3n de correo electr\u00f3nico no ser\u00e1n usados para efectos que no sean el objeto de dexeus.com o de actividades desarrolladas por ni Consultorio Dexeus S.A.P. (Dexeus Mujer \u2013 Departamento de Obstetricia, Ginecolog\u00eda y Reproducci\u00f3n del Hospital Universitari Dexeus). En ning\u00fan caso entregaremos a terceros datos personales para fines de marketing.<br \/>\nLos datos que son derivados del sitio (ejemplo: patrones de tr\u00e1fico, usuarios registrados) son propiedad de dexeus.com y todo el an\u00e1lisis que se hace en base a estos datos es conducido por dexeus.com.<\/span><\/p>\n<h3 class=\"margen-extra20\"><span class=\"subtitulos\">Registro y cookies<\/span><\/h3>\n<p><span class=\"txt-estandar\">\u00c1reas del sitio dexeus.com pueden ser accesibles solamente despu\u00e9s de registrarse. Dado que la verificaci\u00f3n para confirmar si alguien est\u00e1 autorizado para acceder a contenidos dentro del sitio se realiza verificando el cookie durante la visita, es necesario aceptar los cookies propias o de terceros para permitir el uso de este sitio. Sin embargo, despu\u00e9s de visitar dexeus.com, usted tiene la libertad de borrar este cookie de su ordenador. Para el registro del usuario, se utiliza una base de datos central de registro de usuarios.<br \/>\nLa informaci\u00f3n personal que usted nos provea nos permitir\u00e1 ofrecerle una informaci\u00f3n de usuario hecha a su medida que se adapte a sus necesidades e intereses. El an\u00e1lisis de datos relativos a las operaciones del sitio ser\u00e1 conducido sin vinculaci\u00f3n a datos personalmente identificables toda vez que sea posible.<\/span><\/p>\n<p><span class=\"txt-estandar\">Dexeus.com cuenta con medidas de seguridad para proteger la p\u00e9rdida, el mal uso y la alteraci\u00f3n de datos personales que son controlados por usted. Adem\u00e1s, recomendamos encarecidamente no divulgar su nombre de usuario y contrase\u00f1a a nadie. Los datos de registro del sitio son almacenados en un servidor seguro que reside detr\u00e1s de un cortafuego despu\u00e9s de llegar a dexeus.com. El cortafuego ha sido dise\u00f1ado para bloquear el acceso a estos datos desde fuera del sitio.<br \/>\nSin embargo debe recordar que Internet es un sistema p\u00fablicamente accesible. Cada vez que la informaci\u00f3n es puesta a su disposici\u00f3n en l\u00ednea, ello es a riesgo suyo, ya que podr\u00eda perderse en el camino o ser procesada por terceros no autorizados.<\/span><\/p>\n<p>&nbsp;<\/p>\n<h3>Declaraci\u00f3n de cookies utilizadas<\/h3>\n<div class=\"group-description\" tabindex=\"0\"><strong>Necesario<\/strong><\/div>\n<div class=\"group-description\" tabindex=\"0\">Las cookies necesarias ayudan a hacer que un sitio web sea utilizable al habilitar funciones b\u00e1sicas como la navegaci\u00f3n por la p\u00e1gina y el acceso a \u00e1reas seguras del sitio web. El sitio web no puede funcionar correctamente sin estas cookies.<\/div>\n<div class=\"category-cookies-list-container\">\n<table class=\"table table-striped\">\n<thead class=\"thead-dark\">\n<tr>\n<th>Nombre<\/th>\n<th>Dominio<\/th>\n<th>Finalidad<\/th>\n<th>Vencimiento<\/th>\n<th>Tipo<\/th>\n<\/tr>\n<\/thead>\n<tbody>\n<tr>\n<td>PHPSESSID<\/td>\n<td>www.dexeus.com<\/td>\n<td>Cookie de sesi\u00f3n gen\u00e9rica de PHP.<\/td>\n<td>Session<\/td>\n<td>HTTP<\/td>\n<\/tr>\n<tr>\n<td>wpl_user_preference<\/td>\n<td>www.dexeus.com<\/td>\n<td>Preferencias de consentimiento de cookies de WP GDPR.<\/td>\n<td>1 year<\/td>\n<td>HTTP<\/td>\n<\/tr>\n<tr>\n<td>YSC<\/td>\n<td>youtube.com<\/td>\n<td>Cookie de sesi\u00f3n de YouTube.<\/td>\n<td>Session<\/td>\n<td>HTTP<\/td>\n<\/tr>\n<\/tbody>\n<\/table>\n<\/div>\n<p>&nbsp;<\/p>\n<p><strong>Marketing<\/strong><\/p>\n<p>Las cookies de marketing se utilizan para realizar un seguimiento de los visitantes en los sitios web. La intenci\u00f3n es mostrar anuncios que sean relevantes y atractivos para el usuario individual y, por lo tanto, m\u00e1s valiosos para los editores y anunciantes de terceros.<\/p>\n<div class=\"category-cookies-list-container\">\n<table class=\"table table-striped\">\n<thead class=\"thead-dark\">\n<tr>\n<th>Nombre<\/th>\n<th>Dominio<\/th>\n<th>Finalidad<\/th>\n<th>Vencimiento<\/th>\n<th>Tipo<\/th>\n<\/tr>\n<\/thead>\n<tbody>\n<tr>\n<td>_fbp<\/td>\n<td>dexeus.com<\/td>\n<td>Cookie propia de publicidad de p\u00edxel de Facebook.<\/td>\n<td>3 months<\/td>\n<td>HTTP<\/td>\n<\/tr>\n<tr>\n<td>VISITOR_INFO1_LIVE<\/td>\n<td>youtube.com<\/td>\n<td>Cookie de YouTube.<\/td>\n<td>Session<\/td>\n<td>HTTP<\/td>\n<\/tr>\n<tr>\n<td>GPS<\/td>\n<td>youtube.com<\/td>\n<td>Dominio publicitario de Google<\/td>\n<td>Session<\/td>\n<td>HTTP<\/td>\n<\/tr>\n<\/tbody>\n<\/table>\n<\/div>\n<p>&nbsp;<\/p>\n<p><strong>Analytics<\/strong><\/p>\n<div class=\"group-description\" tabindex=\"0\">Las cookies de an\u00e1lisis ayudan a los propietarios de sitios web a comprender c\u00f3mo interact\u00faan los visitantes con los sitios web recopilando y notificando informaci\u00f3n de forma an\u00f3nima.<\/div>\n<div class=\"category-cookies-list-container\">\n<table class=\"table table-striped\">\n<thead class=\"thead-dark\">\n<tr>\n<th>Nombre<\/th>\n<th>Dominio<\/th>\n<th>Finalidad<\/th>\n<th>Vencimiento<\/th>\n<th>Tipo<\/th>\n<\/tr>\n<\/thead>\n<tbody>\n<tr>\n<td>_ga<\/td>\n<td>dexeus.com<\/td>\n<td>Identificador de seguimiento de largo plazo de usuario \u00fanico de Google Universal Analytics.<\/td>\n<td>2 years<\/td>\n<td>HTTP<\/td>\n<\/tr>\n<tr>\n<td>_gid<\/td>\n<td>dexeus.com<\/td>\n<td>Identificador de seguimiento de corto plazo de usuario \u00fanico de Google Universal Analytics.<\/td>\n<td>1 day<\/td>\n<td>HTTP<\/td>\n<\/tr>\n<tr>\n<td>_gat<\/td>\n<td>dexeus.com<\/td>\n<td>Cookie de seguimiento de Google Analytics.<\/td>\n<td>Session<\/td>\n<td>HTTP<\/td>\n<\/tr>\n<tr>\n<td>vuid<\/td>\n<td>vimeo.com<\/td>\n<td>Cookie de seguimiento de Vimeo.<\/td>\n<td>2 years<\/td>\n<td>HTTP<\/td>\n<\/tr>\n<tr>\n<td>_gat_gtag_UA_2291744_1<\/td>\n<td>dexeus.com<\/td>\n<td>&#8212;<\/td>\n<td>Session<\/td>\n<td>&#8212;<\/td>\n<\/tr>\n<tr>\n<td>__atuvc<\/td>\n<td>www.dexeus.com<\/td>\n<td>Cookie de seguimiento de AddThis.<\/td>\n<td>1 year<\/td>\n<td>HTTP<\/td>\n<\/tr>\n<tr>\n<td>__atuvs<\/td>\n<td>www.dexeus.com<\/td>\n<td>Cookie de seguimiento de AddThis.<\/td>\n<td>Session<\/td>\n<td>HTTP<\/td>\n<\/tr>\n<tr>\n<td>ouid<\/td>\n<td>addthis.com<\/td>\n<td>Cookie de seguimiento gen\u00e9rica de AddThis.<\/td>\n<td>Session<\/td>\n<td>HTTP<\/td>\n<\/tr>\n<tr>\n<td>di2<\/td>\n<td>addthis.com<\/td>\n<td>&#8212;<\/td>\n<td>1 year<\/td>\n<td>&#8212;<\/td>\n<\/tr>\n<tr>\n<td>um<\/td>\n<td>addthis.com<\/td>\n<td>Cookie de seguimiento gen\u00e9rica de AddThis.<\/td>\n<td>1 month<\/td>\n<td>HTTP<\/td>\n<\/tr>\n<tr>\n<td>uid<\/td>\n<td>addthis.com<\/td>\n<td>Cookie de seguimiento gen\u00e9rica de AddThis.<\/td>\n<td>1 year<\/td>\n<td>HTTP<\/td>\n<\/tr>\n<tr>\n<td>na_id<\/td>\n<td>addthis.com<\/td>\n<td>&#8212;<\/td>\n<td>1 year<\/td>\n<td>&#8212;<\/td>\n<\/tr>\n<tr>\n<td>vc<\/td>\n<td>addthis.com<\/td>\n<td>Cookie de seguimiento gen\u00e9rica de AddThis.<\/td>\n<td>Session<\/td>\n<td>HTTP<\/td>\n<\/tr>\n<tr>\n<td>uvc<\/td>\n<td>addthis.com<\/td>\n<td>Cookie de seguimiento gen\u00e9rica de AddThis.<\/td>\n<td>1 year<\/td>\n<td>HTTP<\/td>\n<\/tr>\n<tr>\n<td>loc<\/td>\n<td>addthis.com<\/td>\n<td>AddThis cookie de seguimiento social.<\/td>\n<td>1 year<\/td>\n<td>HTTP<\/td>\n<\/tr>\n<tr>\n<td>IDE<\/td>\n<td>doubleclick.net<\/td>\n<td>Cookie de publicidad de Google utilizada con fines de seguimiento de usuarios y segmentaci\u00f3n de anuncios.<\/td>\n<td>1 day<\/td>\n<td>HTTP<\/td>\n<\/tr>\n<\/tbody>\n<\/table>\n<\/div>\n<p>&nbsp;<\/p>\n<p><strong>Preferencias<\/strong><\/p>\n<p>Las cookies de preferencia permiten a un sitio web recordar informaci\u00f3n que cambia la forma en que se comporta o se ve el sitio web, como su idioma preferido o la regi\u00f3n en la que se encuentra.<\/p>\n<p>&nbsp;<\/p>\n<h3 class=\"margen-extra20\"><span class=\"subtitulos\">Env\u00edo de boletines por e-mail<\/span><\/h3>\n<p><span class=\"txt-estandar\">En el caso de que usted se suscriba a boletines v\u00eda e-mail, cada uno de los mensajes incluir\u00e1 instrucciones que explican c\u00f3mo terminar con su suscripci\u00f3n.<\/span><\/p>\n","protected":false},"excerpt":{"rendered":"<p>MISI\u00d3N DE DEXEUS.COM Consultorio Dexeus S.A.P. (Dexeus Mujer \u2013 Departamento de Obstetricia, Ginecolog\u00eda y Reproducci\u00f3n del Hospital Universitari Dexeus) pretende con este portal web contribuir a la mejora de la salud de la mujer favoreciendo el acceso a una informaci\u00f3n relevante, actualizada y accesible sobre temas m\u00e9dicos y divulgativos. Dexeus.com ofrece esta informaci\u00f3n en este&hellip;<\/p>\n","protected":false},"author":1,"featured_media":0,"parent":0,"menu_order":0,"comment_status":"closed","ping_status":"closed","template":"","meta":[],"yoast_head":"<!-- This site is optimized with the Yoast SEO plugin v20.1 - https:\/\/yoast.com\/wordpress\/plugins\/seo\/ -->\n<title>Pol\u00edtica de Cookies - Dexeus Cloud<\/title>\n<meta name=\"robots\" content=\"index, nofollow, max-snippet:-1, max-image-preview:large, max-video-preview:-1\" \/>\n<link rel=\"canonical\" href=\"https:\/\/www.dexeus.com\/cloud\/politica-de-cookies\/\" \/>\n<meta property=\"og:locale\" content=\"es_ES\" \/>\n<meta property=\"og:type\" content=\"article\" \/>\n<meta property=\"og:title\" content=\"Pol\u00edtica de Cookies - Dexeus Cloud\" \/>\n<meta property=\"og:description\" content=\"MISI\u00d3N DE DEXEUS.COM Consultorio Dexeus S.A.P. (Dexeus Mujer \u2013 Departamento de Obstetricia, Ginecolog\u00eda y Reproducci\u00f3n del Hospital Universitari Dexeus) pretende con este portal web contribuir a la mejora de la salud de la mujer favoreciendo el acceso a una informaci\u00f3n relevante, actualizada y accesible sobre temas m\u00e9dicos y divulgativos. Dexeus.com ofrece esta informaci\u00f3n en este&hellip;\" \/>\n<meta property=\"og:url\" content=\"https:\/\/www.dexeus.com\/cloud\/politica-de-cookies\/\" \/>\n<meta property=\"og:site_name\" content=\"Dexeus Cloud\" \/>\n<meta property=\"article:publisher\" content=\"https:\/\/www.facebook.com\/dexeusmujer\" \/>\n<meta property=\"article:modified_time\" content=\"2023-02-15T12:40:20+00:00\" \/>\n<meta name=\"twitter:card\" content=\"summary_large_image\" \/>\n<meta name=\"twitter:site\" content=\"@dexeusmujer\" \/>\n<meta name=\"twitter:label1\" content=\"Est. reading time\" \/>\n\t<meta name=\"twitter:data1\" content=\"9 minutos\" \/>\n<script type=\"application\/ld+json\" class=\"yoast-schema-graph\">{\"@context\":\"https:\/\/schema.org\",\"@graph\":[{\"@type\":\"WebPage\",\"@id\":\"https:\/\/www.dexeus.com\/cloud\/politica-de-cookies\/\",\"url\":\"https:\/\/www.dexeus.com\/cloud\/politica-de-cookies\/\",\"name\":\"Pol\u00edtica de Cookies - Dexeus Cloud\",\"isPartOf\":{\"@id\":\"https:\/\/www.dexeus.com\/cloud\/#website\"},\"datePublished\":\"2019-04-29T17:21:10+00:00\",\"dateModified\":\"2023-02-15T12:40:20+00:00\",\"breadcrumb\":{\"@id\":\"https:\/\/www.dexeus.com\/cloud\/politica-de-cookies\/#breadcrumb\"},\"inLanguage\":\"es\",\"potentialAction\":[{\"@type\":\"ReadAction\",\"target\":[\"https:\/\/www.dexeus.com\/cloud\/politica-de-cookies\/\"]}]},{\"@type\":\"BreadcrumbList\",\"@id\":\"https:\/\/www.dexeus.com\/cloud\/politica-de-cookies\/#breadcrumb\",\"itemListElement\":[{\"@type\":\"ListItem\",\"position\":1,\"name\":\"Home\",\"item\":\"https:\/\/www.dexeus.com\/cloud\/\"},{\"@type\":\"ListItem\",\"position\":2,\"name\":\"Pol\u00edtica de Cookies\"}]},{\"@type\":\"WebSite\",\"@id\":\"https:\/\/www.dexeus.com\/cloud\/#website\",\"url\":\"https:\/\/www.dexeus.com\/cloud\/\",\"name\":\"Dexeus Cloud\",\"description\":\"Una nube de informaci\u00f3n donde encontrar\u00e1s contenido \u00fatil y de calidad con v\u00eddeos y cursos para que vivas y afrontes de la mejor manera todos y cada uno de los momentos de tu vida.\",\"publisher\":{\"@id\":\"https:\/\/www.dexeus.com\/cloud\/#organization\"},\"potentialAction\":[{\"@type\":\"SearchAction\",\"target\":{\"@type\":\"EntryPoint\",\"urlTemplate\":\"https:\/\/www.dexeus.com\/cloud\/?s={search_term_string}\"},\"query-input\":\"required name=search_term_string\"}],\"inLanguage\":\"es\"},{\"@type\":\"Organization\",\"@id\":\"https:\/\/www.dexeus.com\/cloud\/#organization\",\"name\":\"Dexeus Mujer\",\"url\":\"https:\/\/www.dexeus.com\/cloud\/\",\"logo\":{\"@type\":\"ImageObject\",\"inLanguage\":\"es\",\"@id\":\"https:\/\/www.dexeus.com\/cloud\/#\/schema\/logo\/image\/\",\"url\":\"https:\/\/www.dexeus.com\/cloud\/wp-content\/uploads\/2019\/04\/logo-dexeus-cloud.png\",\"contentUrl\":\"https:\/\/www.dexeus.com\/cloud\/wp-content\/uploads\/2019\/04\/logo-dexeus-cloud.png\",\"width\":104,\"height\":70,\"caption\":\"Dexeus Mujer\"},\"image\":{\"@id\":\"https:\/\/www.dexeus.com\/cloud\/#\/schema\/logo\/image\/\"},\"sameAs\":[\"https:\/\/www.facebook.com\/dexeusmujer\",\"https:\/\/twitter.com\/dexeusmujer\",\"https:\/\/www.youtube.com\/user\/DexeusMujer\",\"https:\/\/www.instagram.com\/dexeusmujer\/\"]}]}<\/script>\n<!-- \/ Yoast SEO plugin. -->","yoast_head_json":{"title":"Pol\u00edtica de Cookies - Dexeus Cloud","robots":{"index":"index","follow":"nofollow","max-snippet":"max-snippet:-1","max-image-preview":"max-image-preview:large","max-video-preview":"max-video-preview:-1"},"canonical":"https:\/\/www.dexeus.com\/cloud\/politica-de-cookies\/","og_locale":"es_ES","og_type":"article","og_title":"Pol\u00edtica de Cookies - Dexeus Cloud","og_description":"MISI\u00d3N DE DEXEUS.COM Consultorio Dexeus S.A.P. (Dexeus Mujer \u2013 Departamento de Obstetricia, Ginecolog\u00eda y Reproducci\u00f3n del Hospital Universitari Dexeus) pretende con este portal web contribuir a la mejora de la salud de la mujer favoreciendo el acceso a una informaci\u00f3n relevante, actualizada y accesible sobre temas m\u00e9dicos y divulgativos. Dexeus.com ofrece esta informaci\u00f3n en este&hellip;","og_url":"https:\/\/www.dexeus.com\/cloud\/politica-de-cookies\/","og_site_name":"Dexeus Cloud","article_publisher":"https:\/\/www.facebook.com\/dexeusmujer","article_modified_time":"2023-02-15T12:40:20+00:00","twitter_card":"summary_large_image","twitter_site":"@dexeusmujer","twitter_misc":{"Est. reading time":"9 minutos"},"schema":{"@context":"https:\/\/schema.org","@graph":[{"@type":"WebPage","@id":"https:\/\/www.dexeus.com\/cloud\/politica-de-cookies\/","url":"https:\/\/www.dexeus.com\/cloud\/politica-de-cookies\/","name":"Pol\u00edtica de Cookies - Dexeus Cloud","isPartOf":{"@id":"https:\/\/www.dexeus.com\/cloud\/#website"},"datePublished":"2019-04-29T17:21:10+00:00","dateModified":"2023-02-15T12:40:20+00:00","breadcrumb":{"@id":"https:\/\/www.dexeus.com\/cloud\/politica-de-cookies\/#breadcrumb"},"inLanguage":"es","potentialAction":[{"@type":"ReadAction","target":["https:\/\/www.dexeus.com\/cloud\/politica-de-cookies\/"]}]},{"@type":"BreadcrumbList","@id":"https:\/\/www.dexeus.com\/cloud\/politica-de-cookies\/#breadcrumb","itemListElement":[{"@type":"ListItem","position":1,"name":"Home","item":"https:\/\/www.dexeus.com\/cloud\/"},{"@type":"ListItem","position":2,"name":"Pol\u00edtica de Cookies"}]},{"@type":"WebSite","@id":"https:\/\/www.dexeus.com\/cloud\/#website","url":"https:\/\/www.dexeus.com\/cloud\/","name":"Dexeus Cloud","description":"Una nube de informaci\u00f3n donde encontrar\u00e1s contenido \u00fatil y de calidad con v\u00eddeos y cursos para que vivas y afrontes de la mejor manera todos y cada uno de los momentos de tu vida.","publisher":{"@id":"https:\/\/www.dexeus.com\/cloud\/#organization"},"potentialAction":[{"@type":"SearchAction","target":{"@type":"EntryPoint","urlTemplate":"https:\/\/www.dexeus.com\/cloud\/?s={search_term_string}"},"query-input":"required name=search_term_string"}],"inLanguage":"es"},{"@type":"Organization","@id":"https:\/\/www.dexeus.com\/cloud\/#organization","name":"Dexeus Mujer","url":"https:\/\/www.dexeus.com\/cloud\/","logo":{"@type":"ImageObject","inLanguage":"es","@id":"https:\/\/www.dexeus.com\/cloud\/#\/schema\/logo\/image\/","url":"https:\/\/www.dexeus.com\/cloud\/wp-content\/uploads\/2019\/04\/logo-dexeus-cloud.png","contentUrl":"https:\/\/www.dexeus.com\/cloud\/wp-content\/uploads\/2019\/04\/logo-dexeus-cloud.png","width":104,"height":70,"caption":"Dexeus Mujer"},"image":{"@id":"https:\/\/www.dexeus.com\/cloud\/#\/schema\/logo\/image\/"},"sameAs":["https:\/\/www.facebook.com\/dexeusmujer","https:\/\/twitter.com\/dexeusmujer","https:\/\/www.youtube.com\/user\/DexeusMujer","https:\/\/www.instagram.com\/dexeusmujer\/"]}]}},"_links":{"self":[{"href":"https:\/\/www.dexeus.com\/cloud\/wp-json\/wp\/v2\/pages\/1311"}],"collection":[{"href":"https:\/\/www.dexeus.com\/cloud\/wp-json\/wp\/v2\/pages"}],"about":[{"href":"https:\/\/www.dexeus.com\/cloud\/wp-json\/wp\/v2\/types\/page"}],"author":[{"embeddable":true,"href":"https:\/\/www.dexeus.com\/cloud\/wp-json\/wp\/v2\/users\/1"}],"replies":[{"embeddable":true,"href":"https:\/\/www.dexeus.com\/cloud\/wp-json\/wp\/v2\/comments?post=1311"}],"version-history":[{"count":3,"href":"https:\/\/www.dexeus.com\/cloud\/wp-json\/wp\/v2\/pages\/1311\/revisions"}],"predecessor-version":[{"id":6632,"href":"https:\/\/www.dexeus.com\/cloud\/wp-json\/wp\/v2\/pages\/1311\/revisions\/6632"}],"wp:attachment":[{"href":"https:\/\/www.dexeus.com\/cloud\/wp-json\/wp\/v2\/media?parent=1311"}],"curies":[{"name":"wp","href":"https:\/\/api.w.org\/{rel}","templated":true}]}}