{"id":14580,"date":"2024-01-15T16:21:31","date_gmt":"2024-01-15T15:21:31","guid":{"rendered":"https:\/\/www.dexeus.com\/cloud\/?page_id=14580"},"modified":"2024-01-23T17:11:55","modified_gmt":"2024-01-23T16:11:55","slug":"videos-ginecologia","status":"publish","type":"page","link":"https:\/\/www.dexeus.com\/cloud\/videos-ginecologia\/","title":{"rendered":"Videos Ginecolog\u00eda"},"content":{"rendered":"<p>[vc_row][vc_column]<div class=\"ult-spacer spacer-69f3675806b4e\" data-id=\"69f3675806b4e\" data-height=\"25\" data-height-mobile=\"25\" data-height-tab=\"25\" data-height-tab-portrait=\"\" data-height-mobile-landscape=\"\" style=\"clear:both;display:block;\"><\/div>[vc_column_text]<\/p>\n<h1 style=\"text-align: center; color: #0188cc;\">Videos ginecol\u00f3gicos<\/h1>\n<header class=\"woocommerce-products-header\">\n<div class=\"page-description\">\n<div class=\"vc_row wpb_row vc_row-fluid\">\n<div class=\"wpb_column vc_column_container vc_col-sm-12\">\n<div class=\"vc_column-inner\">\n<div class=\"wpb_wrapper\">\n<div class=\"wpb_text_column wpb_content_element \">\n<div class=\"wpb_wrapper\">\n<p style=\"text-align: center;\">Descubre en detalle toda la informaci\u00f3n necesaria en relaci\u00f3n a la salud femenina<\/p>\n<\/div>\n<\/div>\n<\/div>\n<\/div>\n<\/div>\n<\/div>\n<\/div>\n<\/header>\n<p>[\/vc_column_text][\/vc_column][\/vc_row][vc_row][vc_column width=\u00bb1\/2&#8243;][vc_single_image image=\u00bb1059&#8243; img_size=\u00bb600&#215;338&#8243; alignment=\u00bbcenter\u00bb][vc_column_text]<\/p>\n<h4 style=\"text-align: center;\">Menopausia<\/h4>\n<p style=\"text-align: center;\">\u00bfSufres sofocos, cambios de humor, sequedad vaginal\u2026? Son algunos de los s\u00edntomas que se pueden presentar en la menopausia. En estos v\u00eddeos, nuestros expertos en ginecolog\u00eda, nutrici\u00f3n, psicolog\u00eda y sexualidad te contar\u00e1n todo lo que necesitas saber para afrontar esta etapa de la mejor manera posible.<\/p>\n<p>[\/vc_column_text][vc_btn title=\u00bbVER V\u00cdDEOS\u00bb style=\u00bbcustom\u00bb custom_background=\u00bb#0188cc\u00bb custom_text=\u00bb#ffffff\u00bb align=\u00bbcenter\u00bb link=\u00bburl:https%3A%2F%2Fwww.dexeus.com%2Fcloud%2Fcursos%2Fmenopausia%2F|||\u00bb][\/vc_column][vc_column width=\u00bb1\/2&#8243;][vc_single_image image=\u00bb2618&#8243; img_size=\u00bb600&#215;338&#8243; alignment=\u00bbcenter\u00bb][vc_column_text]<\/p>\n<h4 style=\"text-align: center;\">C\u00e1ncer de mama<\/h4>\n<p style=\"text-align: center;\">En el 2018 se diagnosticaron en Espa\u00f1a 32.825 nuevos casos de c\u00e1ncer de mama, y se estima que 1 de cada 8 mujeres, padecer\u00e1n esta enfermedad a lo largo de su vida, seg\u00fan datos de la Asociaci\u00f3n Espa\u00f1ola Contra el C\u00e1ncer. Con el objetivo de mejorar el bienestar f\u00edsico y emocional de los pacientes y acompa\u00f1arlos en el proceso, organizamos una jornada junto a la Fundaci\u00f3n OncoRosell: \u00abTod@s unid@s contra el C\u00e1ncer de Mama\u00bb.<\/p>\n<p>[\/vc_column_text][vc_btn title=\u00bbVER V\u00cdDEOS\u00bb style=\u00bbcustom\u00bb custom_background=\u00bb#0188cc\u00bb custom_text=\u00bb#ffffff\u00bb align=\u00bbcenter\u00bb link=\u00bburl:https%3A%2F%2Fwww.dexeus.com%2Fcloud%2Fcursos%2Fcancer-de-mama%2F|||\u00bb][\/vc_column][\/vc_row][vc_row][vc_column width=\u00bb1\/2&#8243;][vc_single_image image=\u00bb14326&#8243; img_size=\u00bb600&#215;338&#8243; alignment=\u00bbcenter\u00bb][vc_column_text]<\/p>\n<h4 style=\"text-align: center;\">Cirug\u00eda ginecol\u00f3gica<\/h4>\n<p style=\"text-align: center;\">Descubre los videos de cirug\u00eda ginecol\u00f3gica con nuestro equipo especializado. Nuestros profesionales ofrecen procedimientos vanguardistas para abordar diversas necesidades de salud femenina. Con tecnolog\u00eda de \u00faltima generaci\u00f3n y un enfoque centrado en la paciente, garantizamos resultados seguros y efectivos.<\/p>\n<p>[\/vc_column_text][vc_btn title=\u00bbVER V\u00cdDEOS\u00bb style=\u00bbcustom\u00bb custom_background=\u00bb#0188cc\u00bb custom_text=\u00bb#ffffff\u00bb align=\u00bbcenter\u00bb link=\u00bburl:https%3A%2F%2Fwww.dexeus.com%2Fcloud%2Fcursos%2Fcirugia-ginecologica%2F|title:Cirug%C3%ADa%20ginecol%C3%B3gica\u00bb][\/vc_column][vc_column width=\u00bb1\/2&#8243;][vc_single_image image=\u00bb4920&#8243; img_size=\u00bb600&#215;338&#8243; alignment=\u00bbcenter\u00bb][vc_column_text]<\/p>\n<h4 style=\"text-align: center;\">Pruebas ginecol\u00f3gicas<\/h4>\n<p style=\"text-align: center;\">Explora nuestros videos sobre pruebas ginecol\u00f3gica, donde nuestro equipo realiza procedimientos innovadores para atender las diferentes necesidades de la salud femenina. Contamos con tecnolog\u00eda de \u00faltima generaci\u00f3n y adoptamos un enfoque centrado en la paciente, asegurando resultados seguros y eficientes.<\/p>\n<p>[\/vc_column_text][vc_btn title=\u00bbVER V\u00cdDEOS\u00bb style=\u00bbcustom\u00bb custom_background=\u00bb#0188cc\u00bb custom_text=\u00bb#ffffff\u00bb align=\u00bbcenter\u00bb link=\u00bburl:https%3A%2F%2Fwww.dexeus.com%2Fcloud%2Fcursos%2Fpruebas-ginecologicas%2F|title:Pruebas%20ginecol%C3%B3gicas\u00bb][\/vc_column][\/vc_row][vc_row][vc_column width=\u00bb1\/2&#8243;][\/vc_column][vc_column width=\u00bb1\/2&#8243;][\/vc_column][\/vc_row]<\/p>\n","protected":false},"excerpt":{"rendered":"<p>[vc_row][vc_column][vc_column_text] Videos ginecol\u00f3gicos Descubre en detalle toda la informaci\u00f3n necesaria en relaci\u00f3n a la salud femenina [\/vc_column_text][\/vc_column][\/vc_row][vc_row][vc_column width=\u00bb1\/2&#8243;][vc_single_image image=\u00bb1059&#8243; img_size=\u00bb600&#215;338&#8243; alignment=\u00bbcenter\u00bb][vc_column_text] Menopausia \u00bfSufres sofocos, cambios de humor, sequedad vaginal\u2026? Son algunos de los s\u00edntomas que se pueden presentar en la menopausia. En estos v\u00eddeos, nuestros expertos en ginecolog\u00eda, nutrici\u00f3n, psicolog\u00eda y sexualidad te contar\u00e1n todo&hellip;<\/p>\n","protected":false},"author":7813,"featured_media":0,"parent":0,"menu_order":0,"comment_status":"closed","ping_status":"closed","template":"","meta":[],"yoast_head":"<!-- This site is optimized with the Yoast SEO plugin v20.1 - https:\/\/yoast.com\/wordpress\/plugins\/seo\/ -->\n<title>Videos Ginecolog\u00eda - Dexeus Cloud<\/title>\n<meta name=\"robots\" content=\"index, follow, max-snippet:-1, max-image-preview:large, max-video-preview:-1\" \/>\n<link rel=\"canonical\" href=\"https:\/\/www.dexeus.com\/cloud\/videos-ginecologia\/\" \/>\n<meta property=\"og:locale\" content=\"es_ES\" \/>\n<meta property=\"og:type\" content=\"article\" \/>\n<meta property=\"og:title\" content=\"Videos Ginecolog\u00eda - Dexeus Cloud\" \/>\n<meta property=\"og:description\" content=\"[vc_row][vc_column][vc_column_text] Videos ginecol\u00f3gicos Descubre en detalle toda la informaci\u00f3n necesaria en relaci\u00f3n a la salud femenina [\/vc_column_text][\/vc_column][\/vc_row][vc_row][vc_column width=\u00bb1\/2&#8243;][vc_single_image image=\u00bb1059&#8243; img_size=\u00bb600&#215;338&#8243; alignment=\u00bbcenter\u00bb][vc_column_text] Menopausia \u00bfSufres sofocos, cambios de humor, sequedad vaginal\u2026? Son algunos de los s\u00edntomas que se pueden presentar en la menopausia. En estos v\u00eddeos, nuestros expertos en ginecolog\u00eda, nutrici\u00f3n, psicolog\u00eda y sexualidad te contar\u00e1n todo&hellip;\" \/>\n<meta property=\"og:url\" content=\"https:\/\/www.dexeus.com\/cloud\/videos-ginecologia\/\" \/>\n<meta property=\"og:site_name\" content=\"Dexeus Cloud\" \/>\n<meta property=\"article:publisher\" content=\"https:\/\/www.facebook.com\/dexeusmujer\" \/>\n<meta property=\"article:modified_time\" content=\"2024-01-23T16:11:55+00:00\" \/>\n<meta name=\"twitter:card\" content=\"summary_large_image\" \/>\n<meta name=\"twitter:site\" content=\"@dexeusmujer\" \/>\n<meta name=\"twitter:label1\" content=\"Est. reading time\" \/>\n\t<meta name=\"twitter:data1\" content=\"2 minutos\" \/>\n<script type=\"application\/ld+json\" class=\"yoast-schema-graph\">{\"@context\":\"https:\/\/schema.org\",\"@graph\":[{\"@type\":\"WebPage\",\"@id\":\"https:\/\/www.dexeus.com\/cloud\/videos-ginecologia\/\",\"url\":\"https:\/\/www.dexeus.com\/cloud\/videos-ginecologia\/\",\"name\":\"Videos Ginecolog\u00eda - Dexeus Cloud\",\"isPartOf\":{\"@id\":\"https:\/\/www.dexeus.com\/cloud\/#website\"},\"datePublished\":\"2024-01-15T15:21:31+00:00\",\"dateModified\":\"2024-01-23T16:11:55+00:00\",\"breadcrumb\":{\"@id\":\"https:\/\/www.dexeus.com\/cloud\/videos-ginecologia\/#breadcrumb\"},\"inLanguage\":\"es\",\"potentialAction\":[{\"@type\":\"ReadAction\",\"target\":[\"https:\/\/www.dexeus.com\/cloud\/videos-ginecologia\/\"]}]},{\"@type\":\"BreadcrumbList\",\"@id\":\"https:\/\/www.dexeus.com\/cloud\/videos-ginecologia\/#breadcrumb\",\"itemListElement\":[{\"@type\":\"ListItem\",\"position\":1,\"name\":\"Home\",\"item\":\"https:\/\/www.dexeus.com\/cloud\/\"},{\"@type\":\"ListItem\",\"position\":2,\"name\":\"Videos Ginecolog\u00eda\"}]},{\"@type\":\"WebSite\",\"@id\":\"https:\/\/www.dexeus.com\/cloud\/#website\",\"url\":\"https:\/\/www.dexeus.com\/cloud\/\",\"name\":\"Dexeus Cloud\",\"description\":\"Una nube de informaci\u00f3n donde encontrar\u00e1s contenido \u00fatil y de calidad con v\u00eddeos y cursos para que vivas y afrontes de la mejor manera todos y cada uno de los momentos de tu vida.\",\"publisher\":{\"@id\":\"https:\/\/www.dexeus.com\/cloud\/#organization\"},\"potentialAction\":[{\"@type\":\"SearchAction\",\"target\":{\"@type\":\"EntryPoint\",\"urlTemplate\":\"https:\/\/www.dexeus.com\/cloud\/?s={search_term_string}\"},\"query-input\":\"required name=search_term_string\"}],\"inLanguage\":\"es\"},{\"@type\":\"Organization\",\"@id\":\"https:\/\/www.dexeus.com\/cloud\/#organization\",\"name\":\"Dexeus Mujer\",\"url\":\"https:\/\/www.dexeus.com\/cloud\/\",\"logo\":{\"@type\":\"ImageObject\",\"inLanguage\":\"es\",\"@id\":\"https:\/\/www.dexeus.com\/cloud\/#\/schema\/logo\/image\/\",\"url\":\"https:\/\/www.dexeus.com\/cloud\/wp-content\/uploads\/2019\/04\/logo-dexeus-cloud.png\",\"contentUrl\":\"https:\/\/www.dexeus.com\/cloud\/wp-content\/uploads\/2019\/04\/logo-dexeus-cloud.png\",\"width\":104,\"height\":70,\"caption\":\"Dexeus Mujer\"},\"image\":{\"@id\":\"https:\/\/www.dexeus.com\/cloud\/#\/schema\/logo\/image\/\"},\"sameAs\":[\"https:\/\/www.facebook.com\/dexeusmujer\",\"https:\/\/twitter.com\/dexeusmujer\",\"https:\/\/www.youtube.com\/user\/DexeusMujer\",\"https:\/\/www.instagram.com\/dexeusmujer\/\"]}]}<\/script>\n<!-- \/ Yoast SEO plugin. -->","yoast_head_json":{"title":"Videos Ginecolog\u00eda - Dexeus Cloud","robots":{"index":"index","follow":"follow","max-snippet":"max-snippet:-1","max-image-preview":"max-image-preview:large","max-video-preview":"max-video-preview:-1"},"canonical":"https:\/\/www.dexeus.com\/cloud\/videos-ginecologia\/","og_locale":"es_ES","og_type":"article","og_title":"Videos Ginecolog\u00eda - Dexeus Cloud","og_description":"[vc_row][vc_column][vc_column_text] Videos ginecol\u00f3gicos Descubre en detalle toda la informaci\u00f3n necesaria en relaci\u00f3n a la salud femenina [\/vc_column_text][\/vc_column][\/vc_row][vc_row][vc_column width=\u00bb1\/2&#8243;][vc_single_image image=\u00bb1059&#8243; img_size=\u00bb600&#215;338&#8243; alignment=\u00bbcenter\u00bb][vc_column_text] Menopausia \u00bfSufres sofocos, cambios de humor, sequedad vaginal\u2026? Son algunos de los s\u00edntomas que se pueden presentar en la menopausia. En estos v\u00eddeos, nuestros expertos en ginecolog\u00eda, nutrici\u00f3n, psicolog\u00eda y sexualidad te contar\u00e1n todo&hellip;","og_url":"https:\/\/www.dexeus.com\/cloud\/videos-ginecologia\/","og_site_name":"Dexeus Cloud","article_publisher":"https:\/\/www.facebook.com\/dexeusmujer","article_modified_time":"2024-01-23T16:11:55+00:00","twitter_card":"summary_large_image","twitter_site":"@dexeusmujer","twitter_misc":{"Est. reading time":"2 minutos"},"schema":{"@context":"https:\/\/schema.org","@graph":[{"@type":"WebPage","@id":"https:\/\/www.dexeus.com\/cloud\/videos-ginecologia\/","url":"https:\/\/www.dexeus.com\/cloud\/videos-ginecologia\/","name":"Videos Ginecolog\u00eda - Dexeus Cloud","isPartOf":{"@id":"https:\/\/www.dexeus.com\/cloud\/#website"},"datePublished":"2024-01-15T15:21:31+00:00","dateModified":"2024-01-23T16:11:55+00:00","breadcrumb":{"@id":"https:\/\/www.dexeus.com\/cloud\/videos-ginecologia\/#breadcrumb"},"inLanguage":"es","potentialAction":[{"@type":"ReadAction","target":["https:\/\/www.dexeus.com\/cloud\/videos-ginecologia\/"]}]},{"@type":"BreadcrumbList","@id":"https:\/\/www.dexeus.com\/cloud\/videos-ginecologia\/#breadcrumb","itemListElement":[{"@type":"ListItem","position":1,"name":"Home","item":"https:\/\/www.dexeus.com\/cloud\/"},{"@type":"ListItem","position":2,"name":"Videos Ginecolog\u00eda"}]},{"@type":"WebSite","@id":"https:\/\/www.dexeus.com\/cloud\/#website","url":"https:\/\/www.dexeus.com\/cloud\/","name":"Dexeus Cloud","description":"Una nube de informaci\u00f3n donde encontrar\u00e1s contenido \u00fatil y de calidad con v\u00eddeos y cursos para que vivas y afrontes de la mejor manera todos y cada uno de los momentos de tu vida.","publisher":{"@id":"https:\/\/www.dexeus.com\/cloud\/#organization"},"potentialAction":[{"@type":"SearchAction","target":{"@type":"EntryPoint","urlTemplate":"https:\/\/www.dexeus.com\/cloud\/?s={search_term_string}"},"query-input":"required name=search_term_string"}],"inLanguage":"es"},{"@type":"Organization","@id":"https:\/\/www.dexeus.com\/cloud\/#organization","name":"Dexeus Mujer","url":"https:\/\/www.dexeus.com\/cloud\/","logo":{"@type":"ImageObject","inLanguage":"es","@id":"https:\/\/www.dexeus.com\/cloud\/#\/schema\/logo\/image\/","url":"https:\/\/www.dexeus.com\/cloud\/wp-content\/uploads\/2019\/04\/logo-dexeus-cloud.png","contentUrl":"https:\/\/www.dexeus.com\/cloud\/wp-content\/uploads\/2019\/04\/logo-dexeus-cloud.png","width":104,"height":70,"caption":"Dexeus Mujer"},"image":{"@id":"https:\/\/www.dexeus.com\/cloud\/#\/schema\/logo\/image\/"},"sameAs":["https:\/\/www.facebook.com\/dexeusmujer","https:\/\/twitter.com\/dexeusmujer","https:\/\/www.youtube.com\/user\/DexeusMujer","https:\/\/www.instagram.com\/dexeusmujer\/"]}]}},"_links":{"self":[{"href":"https:\/\/www.dexeus.com\/cloud\/wp-json\/wp\/v2\/pages\/14580"}],"collection":[{"href":"https:\/\/www.dexeus.com\/cloud\/wp-json\/wp\/v2\/pages"}],"about":[{"href":"https:\/\/www.dexeus.com\/cloud\/wp-json\/wp\/v2\/types\/page"}],"author":[{"embeddable":true,"href":"https:\/\/www.dexeus.com\/cloud\/wp-json\/wp\/v2\/users\/7813"}],"replies":[{"embeddable":true,"href":"https:\/\/www.dexeus.com\/cloud\/wp-json\/wp\/v2\/comments?post=14580"}],"version-history":[{"count":18,"href":"https:\/\/www.dexeus.com\/cloud\/wp-json\/wp\/v2\/pages\/14580\/revisions"}],"predecessor-version":[{"id":14887,"href":"https:\/\/www.dexeus.com\/cloud\/wp-json\/wp\/v2\/pages\/14580\/revisions\/14887"}],"wp:attachment":[{"href":"https:\/\/www.dexeus.com\/cloud\/wp-json\/wp\/v2\/media?parent=14580"}],"curies":[{"name":"wp","href":"https:\/\/api.w.org\/{rel}","templated":true}]}}