{"id":14672,"date":"2024-01-18T14:58:31","date_gmt":"2024-01-18T13:58:31","guid":{"rendered":"https:\/\/www.dexeus.com\/cloud\/?page_id=14672"},"modified":"2024-01-24T12:18:15","modified_gmt":"2024-01-24T11:18:15","slug":"videos-fertilidad","status":"publish","type":"page","link":"https:\/\/www.dexeus.com\/cloud\/videos-fertilidad\/","title":{"rendered":"Videos Fertilidad"},"content":{"rendered":"<p>[vc_row][vc_column]<div class=\"ult-spacer spacer-69f330982e5a5\" data-id=\"69f330982e5a5\" data-height=\"25\" data-height-mobile=\"25\" data-height-tab=\"25\" data-height-tab-portrait=\"\" data-height-mobile-landscape=\"\" style=\"clear:both;display:block;\"><\/div>[vc_column_text]<\/p>\n<h1 style=\"text-align: center; color: #0188cc;\">Dexeus Fertility<\/h1>\n<header class=\"woocommerce-products-header\">\n<div class=\"page-description\">\n<div class=\"vc_row wpb_row vc_row-fluid\">\n<div class=\"wpb_column vc_column_container vc_col-sm-12\">\n<div class=\"vc_column-inner\">\n<div class=\"wpb_wrapper\">\n<div class=\"wpb_text_column wpb_content_element \">\n<div class=\"wpb_wrapper\">\n<p style=\"text-align: center;\">Toda la informaci\u00f3n sobre fertilidad en formato multimedia<\/p>\n<\/div>\n<\/div>\n<\/div>\n<\/div>\n<\/div>\n<\/div>\n<\/div>\n<\/header>\n<p>[\/vc_column_text][\/vc_column][\/vc_row][vc_row][vc_column width=\u00bb1\/3&#8243;][vc_single_image image=\u00bb14624&#8243; img_size=\u00bb600&#215;338&#8243;][vc_column_text]<\/p>\n<h4 style=\"text-align: center;\">Fertilidad<\/h4>\n<p style=\"text-align: center;\">Descubre en detalle c\u00f3mo funcionan los tratamientos de reproducci\u00f3n asistida. En Dexeus Fertility te ayudamos a encontrar el tratamiento que mejor se adapte a ti.<\/p>\n<p>[\/vc_column_text][vc_btn title=\u00bbSABER M\u00c1S\u00bb style=\u00bbcustom\u00bb custom_background=\u00bb#0188cc\u00bb custom_text=\u00bb#ffffff\u00bb align=\u00bbcenter\u00bb link=\u00bburl:https%3A%2F%2Fwww.dexeus.com%2Fcloud%2Fcursos%2Ffertilidad%2F\u00bb][\/vc_column][vc_column width=\u00bb1\/3&#8243;][vc_single_image image=\u00bb14808&#8243; img_size=\u00bb600&#215;338&#8243;][vc_column_text]<\/p>\n<h4 style=\"text-align: center;\">Medicaci\u00f3n FIV<\/h4>\n<p style=\"text-align: center;\">La medicaci\u00f3n utilizada en el proceso de FIV incluye medicamentos para estimular la producci\u00f3n de m\u00faltiples \u00f3vulos, medicamentos para prevenir la ovulaci\u00f3n prematura, y medicamentos para preparar el revestimiento del \u00fatero para la implantaci\u00f3n del embri\u00f3n.<\/p>\n<p>[\/vc_column_text][vc_btn title=\u00bbSABER M\u00c1S\u00bb style=\u00bbcustom\u00bb custom_background=\u00bb#0188cc\u00bb custom_text=\u00bb#ffffff\u00bb align=\u00bbcenter\u00bb link=\u00bburl:https%3A%2F%2Fwww.dexeus.com%2Fcloud%2Fcursos%2Fmedicacion-fiv%2F\u00bb][\/vc_column][vc_column width=\u00bb1\/3&#8243;][vc_single_image image=\u00bb4779&#8243; img_size=\u00bb600&#215;338&#8243;][vc_column_text]<\/p>\n<h4 style=\"text-align: center;\">Fertilidad y Corononavirus<\/h4>\n<p style=\"text-align: center;\">Descubre c\u00f3mo nos afecta el COVID-19 y el confinamiento en los tratamientos de reproducci\u00f3n asistida y los consejos que debemos seguir para minimizar el impacto en los tratamientos que se hab\u00edan iniciado o estaban a punto de empezar.<\/p>\n<p>[\/vc_column_text][vc_btn title=\u00bbSABER M\u00c1S\u00bb style=\u00bbcustom\u00bb custom_background=\u00bb#0188cc\u00bb custom_text=\u00bb#ffffff\u00bb align=\u00bbcenter\u00bb link=\u00bburl:https%3A%2F%2Fwww.dexeus.com%2Fcloud%2Fcursos%2Fcurso-mums-cool%2F|||\u00bb][\/vc_column][\/vc_row]<\/p>\n","protected":false},"excerpt":{"rendered":"<p>[vc_row][vc_column][vc_column_text] Dexeus Fertility Toda la informaci\u00f3n sobre fertilidad en formato multimedia [\/vc_column_text][\/vc_column][\/vc_row][vc_row][vc_column width=\u00bb1\/3&#8243;][vc_single_image image=\u00bb14624&#8243; img_size=\u00bb600&#215;338&#8243;][vc_column_text] Fertilidad Descubre en detalle c\u00f3mo funcionan los tratamientos de reproducci\u00f3n asistida. En Dexeus Fertility te ayudamos a encontrar el tratamiento que mejor se adapte a ti. [\/vc_column_text][vc_btn title=\u00bbSABER M\u00c1S\u00bb style=\u00bbcustom\u00bb custom_background=\u00bb#0188cc\u00bb custom_text=\u00bb#ffffff\u00bb align=\u00bbcenter\u00bb link=\u00bburl:https%3A%2F%2Fwww.dexeus.com%2Fcloud%2Fcursos%2Ffertilidad%2F\u00bb][\/vc_column][vc_column width=\u00bb1\/3&#8243;][vc_single_image image=\u00bb14808&#8243; img_size=\u00bb600&#215;338&#8243;][vc_column_text] Medicaci\u00f3n FIV La&hellip;<\/p>\n","protected":false},"author":7813,"featured_media":0,"parent":0,"menu_order":0,"comment_status":"closed","ping_status":"closed","template":"","meta":[],"yoast_head":"<!-- This site is optimized with the Yoast SEO plugin v20.1 - https:\/\/yoast.com\/wordpress\/plugins\/seo\/ -->\n<title>Videos Fertilidad - Dexeus Cloud<\/title>\n<meta name=\"robots\" content=\"index, follow, max-snippet:-1, max-image-preview:large, max-video-preview:-1\" \/>\n<link rel=\"canonical\" href=\"https:\/\/www.dexeus.com\/cloud\/videos-fertilidad\/\" \/>\n<meta property=\"og:locale\" content=\"es_ES\" \/>\n<meta property=\"og:type\" content=\"article\" \/>\n<meta property=\"og:title\" content=\"Videos Fertilidad - Dexeus Cloud\" \/>\n<meta property=\"og:description\" content=\"[vc_row][vc_column][vc_column_text] Dexeus Fertility Toda la informaci\u00f3n sobre fertilidad en formato multimedia [\/vc_column_text][\/vc_column][\/vc_row][vc_row][vc_column width=\u00bb1\/3&#8243;][vc_single_image image=\u00bb14624&#8243; img_size=\u00bb600&#215;338&#8243;][vc_column_text] Fertilidad Descubre en detalle c\u00f3mo funcionan los tratamientos de reproducci\u00f3n asistida. En Dexeus Fertility te ayudamos a encontrar el tratamiento que mejor se adapte a ti. [\/vc_column_text][vc_btn title=\u00bbSABER M\u00c1S\u00bb style=\u00bbcustom\u00bb custom_background=\u00bb#0188cc\u00bb custom_text=\u00bb#ffffff\u00bb align=\u00bbcenter\u00bb link=\u00bburl:https%3A%2F%2Fwww.dexeus.com%2Fcloud%2Fcursos%2Ffertilidad%2F\u00bb][\/vc_column][vc_column width=\u00bb1\/3&#8243;][vc_single_image image=\u00bb14808&#8243; img_size=\u00bb600&#215;338&#8243;][vc_column_text] Medicaci\u00f3n FIV La&hellip;\" \/>\n<meta property=\"og:url\" content=\"https:\/\/www.dexeus.com\/cloud\/videos-fertilidad\/\" \/>\n<meta property=\"og:site_name\" content=\"Dexeus Cloud\" \/>\n<meta property=\"article:publisher\" content=\"https:\/\/www.facebook.com\/dexeusmujer\" \/>\n<meta property=\"article:modified_time\" content=\"2024-01-24T11:18:15+00:00\" \/>\n<meta name=\"twitter:card\" content=\"summary_large_image\" \/>\n<meta name=\"twitter:site\" content=\"@dexeusmujer\" \/>\n<meta name=\"twitter:label1\" content=\"Est. reading time\" \/>\n\t<meta name=\"twitter:data1\" content=\"1 minuto\" \/>\n<script type=\"application\/ld+json\" class=\"yoast-schema-graph\">{\"@context\":\"https:\/\/schema.org\",\"@graph\":[{\"@type\":\"WebPage\",\"@id\":\"https:\/\/www.dexeus.com\/cloud\/videos-fertilidad\/\",\"url\":\"https:\/\/www.dexeus.com\/cloud\/videos-fertilidad\/\",\"name\":\"Videos Fertilidad - Dexeus Cloud\",\"isPartOf\":{\"@id\":\"https:\/\/www.dexeus.com\/cloud\/#website\"},\"datePublished\":\"2024-01-18T13:58:31+00:00\",\"dateModified\":\"2024-01-24T11:18:15+00:00\",\"breadcrumb\":{\"@id\":\"https:\/\/www.dexeus.com\/cloud\/videos-fertilidad\/#breadcrumb\"},\"inLanguage\":\"es\",\"potentialAction\":[{\"@type\":\"ReadAction\",\"target\":[\"https:\/\/www.dexeus.com\/cloud\/videos-fertilidad\/\"]}]},{\"@type\":\"BreadcrumbList\",\"@id\":\"https:\/\/www.dexeus.com\/cloud\/videos-fertilidad\/#breadcrumb\",\"itemListElement\":[{\"@type\":\"ListItem\",\"position\":1,\"name\":\"Home\",\"item\":\"https:\/\/www.dexeus.com\/cloud\/\"},{\"@type\":\"ListItem\",\"position\":2,\"name\":\"Videos Fertilidad\"}]},{\"@type\":\"WebSite\",\"@id\":\"https:\/\/www.dexeus.com\/cloud\/#website\",\"url\":\"https:\/\/www.dexeus.com\/cloud\/\",\"name\":\"Dexeus Cloud\",\"description\":\"Una nube de informaci\u00f3n donde encontrar\u00e1s contenido \u00fatil y de calidad con v\u00eddeos y cursos para que vivas y afrontes de la mejor manera todos y cada uno de los momentos de tu vida.\",\"publisher\":{\"@id\":\"https:\/\/www.dexeus.com\/cloud\/#organization\"},\"potentialAction\":[{\"@type\":\"SearchAction\",\"target\":{\"@type\":\"EntryPoint\",\"urlTemplate\":\"https:\/\/www.dexeus.com\/cloud\/?s={search_term_string}\"},\"query-input\":\"required name=search_term_string\"}],\"inLanguage\":\"es\"},{\"@type\":\"Organization\",\"@id\":\"https:\/\/www.dexeus.com\/cloud\/#organization\",\"name\":\"Dexeus Mujer\",\"url\":\"https:\/\/www.dexeus.com\/cloud\/\",\"logo\":{\"@type\":\"ImageObject\",\"inLanguage\":\"es\",\"@id\":\"https:\/\/www.dexeus.com\/cloud\/#\/schema\/logo\/image\/\",\"url\":\"https:\/\/www.dexeus.com\/cloud\/wp-content\/uploads\/2019\/04\/logo-dexeus-cloud.png\",\"contentUrl\":\"https:\/\/www.dexeus.com\/cloud\/wp-content\/uploads\/2019\/04\/logo-dexeus-cloud.png\",\"width\":104,\"height\":70,\"caption\":\"Dexeus Mujer\"},\"image\":{\"@id\":\"https:\/\/www.dexeus.com\/cloud\/#\/schema\/logo\/image\/\"},\"sameAs\":[\"https:\/\/www.facebook.com\/dexeusmujer\",\"https:\/\/twitter.com\/dexeusmujer\",\"https:\/\/www.youtube.com\/user\/DexeusMujer\",\"https:\/\/www.instagram.com\/dexeusmujer\/\"]}]}<\/script>\n<!-- \/ Yoast SEO plugin. -->","yoast_head_json":{"title":"Videos Fertilidad - Dexeus Cloud","robots":{"index":"index","follow":"follow","max-snippet":"max-snippet:-1","max-image-preview":"max-image-preview:large","max-video-preview":"max-video-preview:-1"},"canonical":"https:\/\/www.dexeus.com\/cloud\/videos-fertilidad\/","og_locale":"es_ES","og_type":"article","og_title":"Videos Fertilidad - Dexeus Cloud","og_description":"[vc_row][vc_column][vc_column_text] Dexeus Fertility Toda la informaci\u00f3n sobre fertilidad en formato multimedia [\/vc_column_text][\/vc_column][\/vc_row][vc_row][vc_column width=\u00bb1\/3&#8243;][vc_single_image image=\u00bb14624&#8243; img_size=\u00bb600&#215;338&#8243;][vc_column_text] Fertilidad Descubre en detalle c\u00f3mo funcionan los tratamientos de reproducci\u00f3n asistida. En Dexeus Fertility te ayudamos a encontrar el tratamiento que mejor se adapte a ti. [\/vc_column_text][vc_btn title=\u00bbSABER M\u00c1S\u00bb style=\u00bbcustom\u00bb custom_background=\u00bb#0188cc\u00bb custom_text=\u00bb#ffffff\u00bb align=\u00bbcenter\u00bb link=\u00bburl:https%3A%2F%2Fwww.dexeus.com%2Fcloud%2Fcursos%2Ffertilidad%2F\u00bb][\/vc_column][vc_column width=\u00bb1\/3&#8243;][vc_single_image image=\u00bb14808&#8243; img_size=\u00bb600&#215;338&#8243;][vc_column_text] Medicaci\u00f3n FIV La&hellip;","og_url":"https:\/\/www.dexeus.com\/cloud\/videos-fertilidad\/","og_site_name":"Dexeus Cloud","article_publisher":"https:\/\/www.facebook.com\/dexeusmujer","article_modified_time":"2024-01-24T11:18:15+00:00","twitter_card":"summary_large_image","twitter_site":"@dexeusmujer","twitter_misc":{"Est. reading time":"1 minuto"},"schema":{"@context":"https:\/\/schema.org","@graph":[{"@type":"WebPage","@id":"https:\/\/www.dexeus.com\/cloud\/videos-fertilidad\/","url":"https:\/\/www.dexeus.com\/cloud\/videos-fertilidad\/","name":"Videos Fertilidad - Dexeus Cloud","isPartOf":{"@id":"https:\/\/www.dexeus.com\/cloud\/#website"},"datePublished":"2024-01-18T13:58:31+00:00","dateModified":"2024-01-24T11:18:15+00:00","breadcrumb":{"@id":"https:\/\/www.dexeus.com\/cloud\/videos-fertilidad\/#breadcrumb"},"inLanguage":"es","potentialAction":[{"@type":"ReadAction","target":["https:\/\/www.dexeus.com\/cloud\/videos-fertilidad\/"]}]},{"@type":"BreadcrumbList","@id":"https:\/\/www.dexeus.com\/cloud\/videos-fertilidad\/#breadcrumb","itemListElement":[{"@type":"ListItem","position":1,"name":"Home","item":"https:\/\/www.dexeus.com\/cloud\/"},{"@type":"ListItem","position":2,"name":"Videos Fertilidad"}]},{"@type":"WebSite","@id":"https:\/\/www.dexeus.com\/cloud\/#website","url":"https:\/\/www.dexeus.com\/cloud\/","name":"Dexeus Cloud","description":"Una nube de informaci\u00f3n donde encontrar\u00e1s contenido \u00fatil y de calidad con v\u00eddeos y cursos para que vivas y afrontes de la mejor manera todos y cada uno de los momentos de tu vida.","publisher":{"@id":"https:\/\/www.dexeus.com\/cloud\/#organization"},"potentialAction":[{"@type":"SearchAction","target":{"@type":"EntryPoint","urlTemplate":"https:\/\/www.dexeus.com\/cloud\/?s={search_term_string}"},"query-input":"required name=search_term_string"}],"inLanguage":"es"},{"@type":"Organization","@id":"https:\/\/www.dexeus.com\/cloud\/#organization","name":"Dexeus Mujer","url":"https:\/\/www.dexeus.com\/cloud\/","logo":{"@type":"ImageObject","inLanguage":"es","@id":"https:\/\/www.dexeus.com\/cloud\/#\/schema\/logo\/image\/","url":"https:\/\/www.dexeus.com\/cloud\/wp-content\/uploads\/2019\/04\/logo-dexeus-cloud.png","contentUrl":"https:\/\/www.dexeus.com\/cloud\/wp-content\/uploads\/2019\/04\/logo-dexeus-cloud.png","width":104,"height":70,"caption":"Dexeus Mujer"},"image":{"@id":"https:\/\/www.dexeus.com\/cloud\/#\/schema\/logo\/image\/"},"sameAs":["https:\/\/www.facebook.com\/dexeusmujer","https:\/\/twitter.com\/dexeusmujer","https:\/\/www.youtube.com\/user\/DexeusMujer","https:\/\/www.instagram.com\/dexeusmujer\/"]}]}},"_links":{"self":[{"href":"https:\/\/www.dexeus.com\/cloud\/wp-json\/wp\/v2\/pages\/14672"}],"collection":[{"href":"https:\/\/www.dexeus.com\/cloud\/wp-json\/wp\/v2\/pages"}],"about":[{"href":"https:\/\/www.dexeus.com\/cloud\/wp-json\/wp\/v2\/types\/page"}],"author":[{"embeddable":true,"href":"https:\/\/www.dexeus.com\/cloud\/wp-json\/wp\/v2\/users\/7813"}],"replies":[{"embeddable":true,"href":"https:\/\/www.dexeus.com\/cloud\/wp-json\/wp\/v2\/comments?post=14672"}],"version-history":[{"count":12,"href":"https:\/\/www.dexeus.com\/cloud\/wp-json\/wp\/v2\/pages\/14672\/revisions"}],"predecessor-version":[{"id":14934,"href":"https:\/\/www.dexeus.com\/cloud\/wp-json\/wp\/v2\/pages\/14672\/revisions\/14934"}],"wp:attachment":[{"href":"https:\/\/www.dexeus.com\/cloud\/wp-json\/wp\/v2\/media?parent=14672"}],"curies":[{"name":"wp","href":"https:\/\/api.w.org\/{rel}","templated":true}]}}