{"id":2476,"date":"2019-10-02T15:24:00","date_gmt":"2019-10-02T13:24:00","guid":{"rendered":"https:\/\/www.dexeus.com\/cloud\/?page_id=2476"},"modified":"2019-10-02T15:25:02","modified_gmt":"2019-10-02T13:25:02","slug":"menopausia","status":"publish","type":"page","link":"https:\/\/www.dexeus.com\/cloud\/cursos\/menopausia\/","title":{"rendered":"Menopausia"},"content":{"rendered":"<p>[vc_row][vc_column]<div class=\"ult-spacer spacer-6a0207ff7fabe\" data-id=\"6a0207ff7fabe\" data-height=\"30\" data-height-mobile=\"30\" data-height-tab=\"30\" data-height-tab-portrait=\"\" data-height-mobile-landscape=\"\" style=\"clear:both;display:block;\"><\/div>[vc_column_text]<\/p>\n<h2 style=\"text-align: center;\">Menopausia<\/h2>\n<p>[\/vc_column_text]<div class=\"ult-spacer spacer-6a0207ff7fadc\" data-id=\"6a0207ff7fadc\" data-height=\"30\" data-height-mobile=\"30\" data-height-tab=\"30\" data-height-tab-portrait=\"\" data-height-mobile-landscape=\"\" style=\"clear:both;display:block;\"><\/div><div class=\"dt-shortcode with-isotope\"><div class=\"wf-container dt-portfolio-shortcode loading-effect-none iso-grid description-under-image content-align-centre\" data-padding=\"20px\" data-cur-page=\"1\" data-posts-per-page=\"-1\" data-width=\"370px\" data-columns=\"3\">\n<div class=\"wf-cell category-38\" data-post-id=\"2461\" data-date=\"2019-10-02T12:59:51+02:00\" data-name=\"Menopausia, s\u00edntomas\">\n<article class=\"post post-2461 dt_portfolio type-dt_portfolio status-publish has-post-thumbnail hentry dt_portfolio_category-menopausia dt_portfolio_category-38 text-centered\">\n\n\t<div class=\"project-list-media\">\n\t<figure class=\"buttons-on-img forward-post\">\n\t\t<a href=\"https:\/\/www.dexeus.com\/cloud\/curso\/menopausia-sintomas\/\" class=\"alignnone rollover layzr-bg\" title=\"shutterstock_149502236-e1570023759703\"  aria-label=\"Post image\"><img class=\"preload-me iso-lazy-load\" src=\"data:image\/svg+xml,%3Csvg%20xmlns%3D&#39;http%3A%2F%2Fwww.w3.org%2F2000%2Fsvg&#39;%20viewBox%3D&#39;0%200%20555%20370&#39;%2F%3E\" data-src=\"https:\/\/www.dexeus.com\/cloud\/wp-content\/uploads\/2019\/10\/shutterstock_149502236-e1570023759703-1-555x370.jpg\" data-srcset=\"https:\/\/www.dexeus.com\/cloud\/wp-content\/uploads\/2019\/10\/shutterstock_149502236-e1570023759703-1-555x370.jpg 555w, https:\/\/www.dexeus.com\/cloud\/wp-content\/uploads\/2019\/10\/shutterstock_149502236-e1570023759703-1.jpg 999w\" alt=\"\" width=\"555\" height=\"370\"  \/><\/a>\t\t\t<\/figure>\n<\/div>\n<div class=\"project-list-content\">\n\t<h3 class=\"entry-title\"><a href=\"https:\/\/www.dexeus.com\/cloud\/curso\/menopausia-sintomas\/\" title=\"Menopausia, s\u00edntomas\" rel=\"bookmark\">Menopausia, s\u00edntomas<\/a><\/h3><p>Cambios de humor, sofocos, sequedad vaginal\u2026 cuando la menopausia llega, trae consigo estos molestos s\u00edntomas. En este v\u00eddeo hablamos de los s\u00edntomas m\u00e1s frecuentes de la menopausia.<\/p>\n<\/div>\n<\/article>\n\n<\/div>\n<div class=\"wf-cell category-38\" data-post-id=\"2463\" data-date=\"2019-10-02T13:30:26+02:00\" data-name=\"Aspectos psicol\u00f3gicos de la menopausia\">\n<article class=\"post post-2463 dt_portfolio type-dt_portfolio status-publish has-post-thumbnail hentry dt_portfolio_category-menopausia dt_portfolio_category-38 text-centered\">\n\n\t<div class=\"project-list-media\">\n\t<figure class=\"buttons-on-img forward-post\">\n\t\t<a href=\"https:\/\/www.dexeus.com\/cloud\/curso\/aspectos-psicologicos-de-la-menopausia\/\" class=\"alignnone rollover layzr-bg\" title=\"chica-sonriente\"  aria-label=\"Post image\"><img class=\"preload-me iso-lazy-load\" src=\"data:image\/svg+xml,%3Csvg%20xmlns%3D&#39;http%3A%2F%2Fwww.w3.org%2F2000%2Fsvg&#39;%20viewBox%3D&#39;0%200%20555%20370&#39;%2F%3E\" data-src=\"https:\/\/www.dexeus.com\/cloud\/wp-content\/uploads\/2019\/10\/chica-sonriente-1-555x370.jpg\" data-srcset=\"https:\/\/www.dexeus.com\/cloud\/wp-content\/uploads\/2019\/10\/chica-sonriente-1-555x370.jpg 555w, https:\/\/www.dexeus.com\/cloud\/wp-content\/uploads\/2019\/10\/chica-sonriente-1.jpg 999w\" alt=\"\" width=\"555\" height=\"370\"  \/><\/a>\t\t\t<\/figure>\n<\/div>\n<div class=\"project-list-content\">\n\t<h3 class=\"entry-title\"><a href=\"https:\/\/www.dexeus.com\/cloud\/curso\/aspectos-psicologicos-de-la-menopausia\/\" title=\"Aspectos psicol\u00f3gicos de la menopausia\" rel=\"bookmark\">Aspectos psicol\u00f3gicos de la menopausia<\/a><\/h3><p>La menopausia no es una enfermedad, es un proceso. Es un viaje al que conviene llegar lo m\u00e1s preparada posible y con el equipaje necesario. En este v\u00eddeo te ayudamos a conseguirlo.<\/p>\n<\/div>\n<\/article>\n\n<\/div>\n<div class=\"wf-cell category-38\" data-post-id=\"2470\" data-date=\"2019-10-02T15:13:49+02:00\" data-name=\"Nutrici\u00f3n durante la menopausia\">\n<article class=\"post post-2470 dt_portfolio type-dt_portfolio status-publish has-post-thumbnail hentry dt_portfolio_category-menopausia dt_portfolio_category-38 text-centered\">\n\n\t<div class=\"project-list-media\">\n\t<figure class=\"buttons-on-img forward-post\">\n\t\t<a href=\"https:\/\/www.dexeus.com\/cloud\/curso\/nutricion-durante-la-menopausia\/\" class=\"alignnone rollover layzr-bg\" title=\"Nutrici\u00f3n menopausia\"  aria-label=\"Post image\"><img class=\"preload-me iso-lazy-load\" src=\"data:image\/svg+xml,%3Csvg%20xmlns%3D&#39;http%3A%2F%2Fwww.w3.org%2F2000%2Fsvg&#39;%20viewBox%3D&#39;0%200%20555%20370&#39;%2F%3E\" data-src=\"https:\/\/www.dexeus.com\/cloud\/wp-content\/uploads\/2019\/10\/nutricion-menopausia-555x370.jpg\" data-srcset=\"https:\/\/www.dexeus.com\/cloud\/wp-content\/uploads\/2019\/10\/nutricion-menopausia-555x370.jpg 555w, https:\/\/www.dexeus.com\/cloud\/wp-content\/uploads\/2019\/10\/nutricion-menopausia.jpg 999w\" alt=\"Nutrici\u00f3n menopausia\" width=\"555\" height=\"370\"  \/><\/a>\t\t\t<\/figure>\n<\/div>\n<div class=\"project-list-content\">\n\t<h3 class=\"entry-title\"><a href=\"https:\/\/www.dexeus.com\/cloud\/curso\/nutricion-durante-la-menopausia\/\" title=\"Nutrici\u00f3n durante la menopausia\" rel=\"bookmark\">Nutrici\u00f3n durante la menopausia<\/a><\/h3><p>Durante la pre-menopausia y la menopausia es muy importante adquirir h\u00e1bitos de vida saludables que mejoren las molestias que se puedan producir en esta etapa. Algo tan sencillo como seguir una dieta equilibrada, variada, hacer ejercicio o descansar.<\/p>\n<\/div>\n<\/article>\n\n<\/div>\n<div class=\"wf-cell category-38\" data-post-id=\"2473\" data-date=\"2019-10-02T15:21:34+02:00\" data-name=\"Sexualidad y menopausia\">\n<article class=\"post post-2473 dt_portfolio type-dt_portfolio status-publish has-post-thumbnail hentry dt_portfolio_category-menopausia dt_portfolio_category-38 text-centered\">\n\n\t<div class=\"project-list-media\">\n\t<figure class=\"buttons-on-img forward-post\">\n\t\t<a href=\"https:\/\/www.dexeus.com\/cloud\/curso\/sexualidad-y-menopausia\/\" class=\"alignnone rollover layzr-bg\" title=\"shutterstock_147932711-e1570023747150\"  aria-label=\"Post image\"><img class=\"preload-me iso-lazy-load\" src=\"data:image\/svg+xml,%3Csvg%20xmlns%3D&#39;http%3A%2F%2Fwww.w3.org%2F2000%2Fsvg&#39;%20viewBox%3D&#39;0%200%20555%20370&#39;%2F%3E\" data-src=\"https:\/\/www.dexeus.com\/cloud\/wp-content\/uploads\/2019\/10\/shutterstock_147932711-e1570023747150-1-555x370.jpg\" data-srcset=\"https:\/\/www.dexeus.com\/cloud\/wp-content\/uploads\/2019\/10\/shutterstock_147932711-e1570023747150-1-555x370.jpg 555w, https:\/\/www.dexeus.com\/cloud\/wp-content\/uploads\/2019\/10\/shutterstock_147932711-e1570023747150-1.jpg 999w\" alt=\"\" width=\"555\" height=\"370\"  \/><\/a>\t\t\t<\/figure>\n<\/div>\n<div class=\"project-list-content\">\n\t<h3 class=\"entry-title\"><a href=\"https:\/\/www.dexeus.com\/cloud\/curso\/sexualidad-y-menopausia\/\" title=\"Sexualidad y menopausia\" rel=\"bookmark\">Sexualidad y menopausia<\/a><\/h3><p>La sexualidad est\u00e1 presente a lo largo de toda nuestra vida. A partir de los 50 a\u00f1os, la sexualidad se encuentra influida por cambios fisiol\u00f3gicos, aspectos socio culturales y psicoemocionales que pueden contribuir a reactivar, frenar o interrumpir las relaciones sexuales.<\/p>\n<\/div>\n<\/article>\n\n<\/div>\n<div class=\"wf-cell category-38\" data-post-id=\"2482\" data-date=\"2019-10-02T15:40:58+02:00\" data-name=\"Fisioterapia en la menopausia\">\n<article class=\"post post-2482 dt_portfolio type-dt_portfolio status-publish has-post-thumbnail hentry dt_portfolio_category-menopausia dt_portfolio_category-38 text-centered\">\n\n\t<div class=\"project-list-media\">\n\t<figure class=\"buttons-on-img forward-post\">\n\t\t<a href=\"https:\/\/www.dexeus.com\/cloud\/curso\/fisioterapia-en-la-menopausia\/\" class=\"alignnone rollover layzr-bg\" title=\"Fisioterapia en la menopausia\"  aria-label=\"Post image\"><img class=\"preload-me iso-lazy-load\" src=\"data:image\/svg+xml,%3Csvg%20xmlns%3D&#39;http%3A%2F%2Fwww.w3.org%2F2000%2Fsvg&#39;%20viewBox%3D&#39;0%200%20555%20370&#39;%2F%3E\" data-src=\"https:\/\/www.dexeus.com\/cloud\/wp-content\/uploads\/2019\/10\/mujer-piernas-cama-555x370.jpg\" data-srcset=\"https:\/\/www.dexeus.com\/cloud\/wp-content\/uploads\/2019\/10\/mujer-piernas-cama-555x370.jpg 555w, https:\/\/www.dexeus.com\/cloud\/wp-content\/uploads\/2019\/10\/mujer-piernas-cama.jpg 999w\" alt=\"Fisioterapia en la menopausia\" width=\"555\" height=\"370\"  \/><\/a>\t\t\t<\/figure>\n<\/div>\n<div class=\"project-list-content\">\n\t<h3 class=\"entry-title\"><a href=\"https:\/\/www.dexeus.com\/cloud\/curso\/fisioterapia-en-la-menopausia\/\" title=\"Fisioterapia en la menopausia\" rel=\"bookmark\">Fisioterapia en la menopausia<\/a><\/h3><p>La musculatura del suelo p\u00e9lvico cambia durante todo nuestro ciclo de vida y se debilita por factores como los embarazos y partos, y tambi\u00e9n la edad. Con la menopausia y los cambios hormonales pueden debilitar tu suelo p\u00e9lvico y provocar incontinencia urinaria o prolapsos.<\/p>\n<\/div>\n<\/article>\n\n<\/div>\n<div class=\"wf-cell category-38\" data-post-id=\"2487\" data-date=\"2019-10-02T16:01:24+02:00\" data-name=\"Acupuntura y menopausia\">\n<article class=\"post post-2487 dt_portfolio type-dt_portfolio status-publish has-post-thumbnail hentry dt_portfolio_category-menopausia dt_portfolio_category-38 text-centered\">\n\n\t<div class=\"project-list-media\">\n\t<figure class=\"buttons-on-img forward-post\">\n\t\t<a href=\"https:\/\/www.dexeus.com\/cloud\/curso\/acupuntura-y-menopausia\/\" class=\"alignnone rollover layzr-bg\" title=\"Acupuntura y menopausia\"  aria-label=\"Post image\"><img class=\"preload-me iso-lazy-load\" src=\"data:image\/svg+xml,%3Csvg%20xmlns%3D&#39;http%3A%2F%2Fwww.w3.org%2F2000%2Fsvg&#39;%20viewBox%3D&#39;0%200%20555%20370&#39;%2F%3E\" data-src=\"https:\/\/www.dexeus.com\/cloud\/wp-content\/uploads\/2019\/10\/shutterstock_184791416-555x370.jpg\" data-srcset=\"https:\/\/www.dexeus.com\/cloud\/wp-content\/uploads\/2019\/10\/shutterstock_184791416-555x370.jpg 555w, https:\/\/www.dexeus.com\/cloud\/wp-content\/uploads\/2019\/10\/shutterstock_184791416.jpg 999w\" alt=\"Acupuntura y menopausia\" width=\"555\" height=\"370\"  \/><\/a>\t\t\t<\/figure>\n<\/div>\n<div class=\"project-list-content\">\n\t<h3 class=\"entry-title\"><a href=\"https:\/\/www.dexeus.com\/cloud\/curso\/acupuntura-y-menopausia\/\" title=\"Acupuntura y menopausia\" rel=\"bookmark\">Acupuntura y menopausia<\/a><\/h3><p>La acupuntura es una forma de estimulaci\u00f3n neurofisiol\u00f3gica que incide especialmente en el sistema nervioso, liberando endorfinas y serotonina, sustancias neurotransmisoras que pueden ayudar a tratar algunos s\u00edntomas de la menopausia como los sofocos, la sudoraci\u00f3n, el dolor osteomuscular, el estre\u00f1imiento, la irritabilidad, el insomnio, etc.<\/p>\n<\/div>\n<\/article>\n\n<\/div><\/div><\/div>[\/vc_column][\/vc_row]<\/p>\n","protected":false},"excerpt":{"rendered":"<p>[vc_row][vc_column][vc_column_text] Menopausia [\/vc_column_text][\/vc_column][\/vc_row]<\/p>\n","protected":false},"author":7813,"featured_media":1059,"parent":879,"menu_order":0,"comment_status":"closed","ping_status":"closed","template":"","meta":[],"yoast_head":"<!-- This site is optimized with the Yoast SEO plugin v20.1 - https:\/\/yoast.com\/wordpress\/plugins\/seo\/ -->\n<title>Menopausia - Dexeus Cloud<\/title>\n<meta name=\"robots\" content=\"index, follow, max-snippet:-1, max-image-preview:large, max-video-preview:-1\" \/>\n<link rel=\"canonical\" href=\"https:\/\/www.dexeus.com\/cloud\/cursos\/menopausia\/\" \/>\n<meta property=\"og:locale\" content=\"es_ES\" \/>\n<meta property=\"og:type\" content=\"article\" \/>\n<meta property=\"og:title\" content=\"Menopausia - Dexeus Cloud\" \/>\n<meta property=\"og:description\" content=\"[vc_row][vc_column][vc_column_text] Menopausia [\/vc_column_text][\/vc_column][\/vc_row]\" \/>\n<meta property=\"og:url\" content=\"https:\/\/www.dexeus.com\/cloud\/cursos\/menopausia\/\" \/>\n<meta property=\"og:site_name\" content=\"Dexeus Cloud\" \/>\n<meta property=\"article:publisher\" content=\"https:\/\/www.facebook.com\/dexeusmujer\" \/>\n<meta property=\"article:modified_time\" content=\"2019-10-02T13:25:02+00:00\" \/>\n<meta property=\"og:image\" content=\"https:\/\/www.dexeus.com\/cloud\/wp-content\/uploads\/2019\/04\/menopausia.jpg\" \/>\n\t<meta property=\"og:image:width\" content=\"600\" \/>\n\t<meta property=\"og:image:height\" content=\"400\" \/>\n\t<meta property=\"og:image:type\" content=\"image\/jpeg\" \/>\n<meta name=\"twitter:card\" content=\"summary_large_image\" \/>\n<meta name=\"twitter:site\" content=\"@dexeusmujer\" \/>\n<script type=\"application\/ld+json\" class=\"yoast-schema-graph\">{\"@context\":\"https:\/\/schema.org\",\"@graph\":[{\"@type\":\"WebPage\",\"@id\":\"https:\/\/www.dexeus.com\/cloud\/cursos\/menopausia\/\",\"url\":\"https:\/\/www.dexeus.com\/cloud\/cursos\/menopausia\/\",\"name\":\"Menopausia - Dexeus Cloud\",\"isPartOf\":{\"@id\":\"https:\/\/www.dexeus.com\/cloud\/#website\"},\"datePublished\":\"2019-10-02T13:24:00+00:00\",\"dateModified\":\"2019-10-02T13:25:02+00:00\",\"breadcrumb\":{\"@id\":\"https:\/\/www.dexeus.com\/cloud\/cursos\/menopausia\/#breadcrumb\"},\"inLanguage\":\"es\",\"potentialAction\":[{\"@type\":\"ReadAction\",\"target\":[\"https:\/\/www.dexeus.com\/cloud\/cursos\/menopausia\/\"]}]},{\"@type\":\"BreadcrumbList\",\"@id\":\"https:\/\/www.dexeus.com\/cloud\/cursos\/menopausia\/#breadcrumb\",\"itemListElement\":[{\"@type\":\"ListItem\",\"position\":1,\"name\":\"Home\",\"item\":\"https:\/\/www.dexeus.com\/cloud\/\"},{\"@type\":\"ListItem\",\"position\":2,\"name\":\"Cursos\",\"item\":\"https:\/\/www.dexeus.com\/cloud\/cursos\/\"},{\"@type\":\"ListItem\",\"position\":3,\"name\":\"Menopausia\"}]},{\"@type\":\"WebSite\",\"@id\":\"https:\/\/www.dexeus.com\/cloud\/#website\",\"url\":\"https:\/\/www.dexeus.com\/cloud\/\",\"name\":\"Dexeus Cloud\",\"description\":\"Una nube de informaci\u00f3n donde encontrar\u00e1s contenido \u00fatil y de calidad con v\u00eddeos y cursos para que vivas y afrontes de la mejor manera todos y cada uno de los momentos de tu vida.\",\"publisher\":{\"@id\":\"https:\/\/www.dexeus.com\/cloud\/#organization\"},\"potentialAction\":[{\"@type\":\"SearchAction\",\"target\":{\"@type\":\"EntryPoint\",\"urlTemplate\":\"https:\/\/www.dexeus.com\/cloud\/?s={search_term_string}\"},\"query-input\":\"required name=search_term_string\"}],\"inLanguage\":\"es\"},{\"@type\":\"Organization\",\"@id\":\"https:\/\/www.dexeus.com\/cloud\/#organization\",\"name\":\"Dexeus Mujer\",\"url\":\"https:\/\/www.dexeus.com\/cloud\/\",\"logo\":{\"@type\":\"ImageObject\",\"inLanguage\":\"es\",\"@id\":\"https:\/\/www.dexeus.com\/cloud\/#\/schema\/logo\/image\/\",\"url\":\"https:\/\/www.dexeus.com\/cloud\/wp-content\/uploads\/2019\/04\/logo-dexeus-cloud.png\",\"contentUrl\":\"https:\/\/www.dexeus.com\/cloud\/wp-content\/uploads\/2019\/04\/logo-dexeus-cloud.png\",\"width\":104,\"height\":70,\"caption\":\"Dexeus Mujer\"},\"image\":{\"@id\":\"https:\/\/www.dexeus.com\/cloud\/#\/schema\/logo\/image\/\"},\"sameAs\":[\"https:\/\/www.facebook.com\/dexeusmujer\",\"https:\/\/twitter.com\/dexeusmujer\",\"https:\/\/www.youtube.com\/user\/DexeusMujer\",\"https:\/\/www.instagram.com\/dexeusmujer\/\"]}]}<\/script>\n<!-- \/ Yoast SEO plugin. -->","yoast_head_json":{"title":"Menopausia - Dexeus Cloud","robots":{"index":"index","follow":"follow","max-snippet":"max-snippet:-1","max-image-preview":"max-image-preview:large","max-video-preview":"max-video-preview:-1"},"canonical":"https:\/\/www.dexeus.com\/cloud\/cursos\/menopausia\/","og_locale":"es_ES","og_type":"article","og_title":"Menopausia - Dexeus Cloud","og_description":"[vc_row][vc_column][vc_column_text] Menopausia [\/vc_column_text][\/vc_column][\/vc_row]","og_url":"https:\/\/www.dexeus.com\/cloud\/cursos\/menopausia\/","og_site_name":"Dexeus Cloud","article_publisher":"https:\/\/www.facebook.com\/dexeusmujer","article_modified_time":"2019-10-02T13:25:02+00:00","og_image":[{"width":600,"height":400,"url":"https:\/\/www.dexeus.com\/cloud\/wp-content\/uploads\/2019\/04\/menopausia.jpg","type":"image\/jpeg"}],"twitter_card":"summary_large_image","twitter_site":"@dexeusmujer","schema":{"@context":"https:\/\/schema.org","@graph":[{"@type":"WebPage","@id":"https:\/\/www.dexeus.com\/cloud\/cursos\/menopausia\/","url":"https:\/\/www.dexeus.com\/cloud\/cursos\/menopausia\/","name":"Menopausia - Dexeus Cloud","isPartOf":{"@id":"https:\/\/www.dexeus.com\/cloud\/#website"},"datePublished":"2019-10-02T13:24:00+00:00","dateModified":"2019-10-02T13:25:02+00:00","breadcrumb":{"@id":"https:\/\/www.dexeus.com\/cloud\/cursos\/menopausia\/#breadcrumb"},"inLanguage":"es","potentialAction":[{"@type":"ReadAction","target":["https:\/\/www.dexeus.com\/cloud\/cursos\/menopausia\/"]}]},{"@type":"BreadcrumbList","@id":"https:\/\/www.dexeus.com\/cloud\/cursos\/menopausia\/#breadcrumb","itemListElement":[{"@type":"ListItem","position":1,"name":"Home","item":"https:\/\/www.dexeus.com\/cloud\/"},{"@type":"ListItem","position":2,"name":"Cursos","item":"https:\/\/www.dexeus.com\/cloud\/cursos\/"},{"@type":"ListItem","position":3,"name":"Menopausia"}]},{"@type":"WebSite","@id":"https:\/\/www.dexeus.com\/cloud\/#website","url":"https:\/\/www.dexeus.com\/cloud\/","name":"Dexeus Cloud","description":"Una nube de informaci\u00f3n donde encontrar\u00e1s contenido \u00fatil y de calidad con v\u00eddeos y cursos para que vivas y afrontes de la mejor manera todos y cada uno de los momentos de tu vida.","publisher":{"@id":"https:\/\/www.dexeus.com\/cloud\/#organization"},"potentialAction":[{"@type":"SearchAction","target":{"@type":"EntryPoint","urlTemplate":"https:\/\/www.dexeus.com\/cloud\/?s={search_term_string}"},"query-input":"required name=search_term_string"}],"inLanguage":"es"},{"@type":"Organization","@id":"https:\/\/www.dexeus.com\/cloud\/#organization","name":"Dexeus Mujer","url":"https:\/\/www.dexeus.com\/cloud\/","logo":{"@type":"ImageObject","inLanguage":"es","@id":"https:\/\/www.dexeus.com\/cloud\/#\/schema\/logo\/image\/","url":"https:\/\/www.dexeus.com\/cloud\/wp-content\/uploads\/2019\/04\/logo-dexeus-cloud.png","contentUrl":"https:\/\/www.dexeus.com\/cloud\/wp-content\/uploads\/2019\/04\/logo-dexeus-cloud.png","width":104,"height":70,"caption":"Dexeus Mujer"},"image":{"@id":"https:\/\/www.dexeus.com\/cloud\/#\/schema\/logo\/image\/"},"sameAs":["https:\/\/www.facebook.com\/dexeusmujer","https:\/\/twitter.com\/dexeusmujer","https:\/\/www.youtube.com\/user\/DexeusMujer","https:\/\/www.instagram.com\/dexeusmujer\/"]}]}},"_links":{"self":[{"href":"https:\/\/www.dexeus.com\/cloud\/wp-json\/wp\/v2\/pages\/2476"}],"collection":[{"href":"https:\/\/www.dexeus.com\/cloud\/wp-json\/wp\/v2\/pages"}],"about":[{"href":"https:\/\/www.dexeus.com\/cloud\/wp-json\/wp\/v2\/types\/page"}],"author":[{"embeddable":true,"href":"https:\/\/www.dexeus.com\/cloud\/wp-json\/wp\/v2\/users\/7813"}],"replies":[{"embeddable":true,"href":"https:\/\/www.dexeus.com\/cloud\/wp-json\/wp\/v2\/comments?post=2476"}],"version-history":[{"count":1,"href":"https:\/\/www.dexeus.com\/cloud\/wp-json\/wp\/v2\/pages\/2476\/revisions"}],"predecessor-version":[{"id":2477,"href":"https:\/\/www.dexeus.com\/cloud\/wp-json\/wp\/v2\/pages\/2476\/revisions\/2477"}],"up":[{"embeddable":true,"href":"https:\/\/www.dexeus.com\/cloud\/wp-json\/wp\/v2\/pages\/879"}],"wp:featuredmedia":[{"embeddable":true,"href":"https:\/\/www.dexeus.com\/cloud\/wp-json\/wp\/v2\/media\/1059"}],"wp:attachment":[{"href":"https:\/\/www.dexeus.com\/cloud\/wp-json\/wp\/v2\/media?parent=2476"}],"curies":[{"name":"wp","href":"https:\/\/api.w.org\/{rel}","templated":true}]}}