{"id":879,"date":"2019-02-27T11:09:32","date_gmt":"2019-02-27T11:09:32","guid":{"rendered":"http:\/\/dexeus.webdigitalavenue.es\/?page_id=879"},"modified":"2024-03-12T17:11:10","modified_gmt":"2024-03-12T16:11:10","slug":"cursos","status":"publish","type":"page","link":"https:\/\/www.dexeus.com\/cloud\/cursos\/","title":{"rendered":"Cursos"},"content":{"rendered":"<p>[vc_row][vc_column]<div class=\"ult-spacer spacer-6a047a6d1bdcb\" data-id=\"6a047a6d1bdcb\" data-height=\"25\" data-height-mobile=\"25\" data-height-tab=\"25\" data-height-tab-portrait=\"\" data-height-mobile-landscape=\"\" style=\"clear:both;display:block;\"><\/div>[vc_column_text]<\/p>\n<h1 style=\"text-align: center; color: #0188cc;\">Nuestros Cursos<\/h1>\n<header class=\"woocommerce-products-header\">\n<div class=\"page-description\">\n<div class=\"vc_row wpb_row vc_row-fluid\">\n<div class=\"wpb_column vc_column_container vc_col-sm-12\">\n<div class=\"vc_column-inner\">\n<div class=\"wpb_wrapper\">\n<div class=\"wpb_text_column wpb_content_element \">\n<div class=\"wpb_wrapper\">\n<p style=\"text-align: center;\">Bienvenida a nuestra nube de informaci\u00f3n, elige tu curso<\/p>\n<\/div>\n<\/div>\n<\/div>\n<\/div>\n<\/div>\n<\/div>\n<\/div>\n<\/header>\n<p>[\/vc_column_text][\/vc_column][\/vc_row][vc_row][vc_column width=\u00bb1\/2&#8243;][vc_column_text]<a href=\"https:\/\/www.dexeus.com\/cloud\/cursos\/curso-mums-cool\/\"><img decoding=\"async\" loading=\"lazy\" class=\"size-medium wp-image-1215 aligncenter\" src=\"https:\/\/www.dexeus.com\/cloud\/wp-content\/uploads\/2019\/04\/logo-mums-cool-300x112.png\" alt=\"Mum's cool\" width=\"300\" height=\"112\" srcset=\"https:\/\/www.dexeus.com\/cloud\/wp-content\/uploads\/2019\/04\/logo-mums-cool-300x112.png 300w, https:\/\/www.dexeus.com\/cloud\/wp-content\/uploads\/2019\/04\/logo-mums-cool-600x224.png 600w, https:\/\/www.dexeus.com\/cloud\/wp-content\/uploads\/2019\/04\/logo-mums-cool.png 695w\" sizes=\"(max-width: 300px) 100vw, 300px\" \/><\/a><\/p>\n<p style=\"text-align: center;\">\u00a1Bienvenida a esta etapa tan especial de tu vida! Esperamos que la disfrutes y la vivas con mucha ilusi\u00f3n. En este curso queremos acompa\u00f1arte desde el inicio de tu embarazo hasta el postparto y la lactancia, para resolver todas las dudas que puedas tener en esta etapa tan bonita. \u00bfTe apuntas?<\/p>\n<p>[\/vc_column_text][vc_btn title=\u00bbSABER M\u00c1S\u00bb style=\u00bbcustom\u00bb custom_background=\u00bb#0188cc\u00bb custom_text=\u00bb#ffffff\u00bb align=\u00bbcenter\u00bb link=\u00bburl:https%3A%2F%2Fwww.dexeus.com%2Fcloud%2Fcursos%2Fcurso-mums-cool%2F|||\u00bb][\/vc_column][vc_column width=\u00bb1\/2&#8243;][vc_column_text]<\/p>\n<p style=\"text-align: center;\"><img decoding=\"async\" loading=\"lazy\" class=\" wp-image-2194 aligncenter\" src=\"https:\/\/www.dexeus.com\/cloud\/wp-content\/uploads\/2019\/07\/Digital-Mums-1.jpg\" alt=\"Digial Mums IV\" width=\"201\" height=\"115\" \/>Sabemos que no hay un manual, ni una sola manera de hacerlo. Que no existe un truco y que todo cambia casi tan r\u00e1pido como los ni\u00f1os crecen. En esta cuarta edici\u00f3n de Digital Mums reflexionamos sobre la maternidad de una manera transversal y en un universo digital.<\/p>\n<p>[\/vc_column_text][vc_btn title=\u00bbSABER M\u00c1S\u00bb style=\u00bbcustom\u00bb custom_background=\u00bb#0188cc\u00bb custom_text=\u00bb#ffffff\u00bb align=\u00bbcenter\u00bb link=\u00bburl:https%3A%2F%2Fwww.dexeus.com%2Fcloud%2Fcursos%2Fdigital-mums-iv%2F\u00bb][\/vc_column][\/vc_row][vc_row][vc_column][\/vc_column][\/vc_row]<\/p>\n","protected":false},"excerpt":{"rendered":"<p>[vc_row][vc_column][vc_column_text] Nuestros Cursos Bienvenida a nuestra nube de informaci\u00f3n, elige tu curso [\/vc_column_text][\/vc_column][\/vc_row][vc_row][vc_column width=\u00bb1\/2&#8243;][vc_column_text] \u00a1Bienvenida a esta etapa tan especial de tu vida! Esperamos que la disfrutes y la vivas con mucha ilusi\u00f3n. En este curso queremos acompa\u00f1arte desde el inicio de tu embarazo hasta el postparto y la lactancia, para resolver todas las dudas&hellip;<\/p>\n","protected":false},"author":1,"featured_media":0,"parent":0,"menu_order":0,"comment_status":"closed","ping_status":"closed","template":"","meta":[],"yoast_head":"<!-- This site is optimized with the Yoast SEO plugin v20.1 - https:\/\/yoast.com\/wordpress\/plugins\/seo\/ -->\n<title>Cursos - Dexeus Cloud<\/title>\n<meta name=\"robots\" content=\"index, follow, max-snippet:-1, max-image-preview:large, max-video-preview:-1\" \/>\n<link rel=\"canonical\" href=\"https:\/\/www.dexeus.com\/cloud\/cursos\/\" \/>\n<meta property=\"og:locale\" content=\"es_ES\" \/>\n<meta property=\"og:type\" content=\"article\" \/>\n<meta property=\"og:title\" content=\"Cursos - Dexeus Cloud\" \/>\n<meta property=\"og:description\" content=\"[vc_row][vc_column][vc_column_text] Nuestros Cursos Bienvenida a nuestra nube de informaci\u00f3n, elige tu curso [\/vc_column_text][\/vc_column][\/vc_row][vc_row][vc_column width=\u00bb1\/2&#8243;][vc_column_text] \u00a1Bienvenida a esta etapa tan especial de tu vida! Esperamos que la disfrutes y la vivas con mucha ilusi\u00f3n. En este curso queremos acompa\u00f1arte desde el inicio de tu embarazo hasta el postparto y la lactancia, para resolver todas las dudas&hellip;\" \/>\n<meta property=\"og:url\" content=\"https:\/\/www.dexeus.com\/cloud\/cursos\/\" \/>\n<meta property=\"og:site_name\" content=\"Dexeus Cloud\" \/>\n<meta property=\"article:publisher\" content=\"https:\/\/www.facebook.com\/dexeusmujer\" \/>\n<meta property=\"article:modified_time\" content=\"2024-03-12T16:11:10+00:00\" \/>\n<meta property=\"og:image\" content=\"https:\/\/www.dexeus.com\/cloud\/wp-content\/uploads\/2019\/04\/logo-mums-cool-300x112.png\" \/>\n<meta name=\"twitter:card\" content=\"summary_large_image\" \/>\n<meta name=\"twitter:site\" content=\"@dexeusmujer\" \/>\n<meta name=\"twitter:label1\" content=\"Est. reading time\" \/>\n\t<meta name=\"twitter:data1\" content=\"2 minutos\" \/>\n<script type=\"application\/ld+json\" class=\"yoast-schema-graph\">{\"@context\":\"https:\/\/schema.org\",\"@graph\":[{\"@type\":\"WebPage\",\"@id\":\"https:\/\/www.dexeus.com\/cloud\/cursos\/\",\"url\":\"https:\/\/www.dexeus.com\/cloud\/cursos\/\",\"name\":\"Cursos - Dexeus Cloud\",\"isPartOf\":{\"@id\":\"https:\/\/www.dexeus.com\/cloud\/#website\"},\"datePublished\":\"2019-02-27T11:09:32+00:00\",\"dateModified\":\"2024-03-12T16:11:10+00:00\",\"breadcrumb\":{\"@id\":\"https:\/\/www.dexeus.com\/cloud\/cursos\/#breadcrumb\"},\"inLanguage\":\"es\",\"potentialAction\":[{\"@type\":\"ReadAction\",\"target\":[\"https:\/\/www.dexeus.com\/cloud\/cursos\/\"]}]},{\"@type\":\"BreadcrumbList\",\"@id\":\"https:\/\/www.dexeus.com\/cloud\/cursos\/#breadcrumb\",\"itemListElement\":[{\"@type\":\"ListItem\",\"position\":1,\"name\":\"Home\",\"item\":\"https:\/\/www.dexeus.com\/cloud\/\"},{\"@type\":\"ListItem\",\"position\":2,\"name\":\"Cursos\"}]},{\"@type\":\"WebSite\",\"@id\":\"https:\/\/www.dexeus.com\/cloud\/#website\",\"url\":\"https:\/\/www.dexeus.com\/cloud\/\",\"name\":\"Dexeus Cloud\",\"description\":\"Una nube de informaci\u00f3n donde encontrar\u00e1s contenido \u00fatil y de calidad con v\u00eddeos y cursos para que vivas y afrontes de la mejor manera todos y cada uno de los momentos de tu vida.\",\"publisher\":{\"@id\":\"https:\/\/www.dexeus.com\/cloud\/#organization\"},\"potentialAction\":[{\"@type\":\"SearchAction\",\"target\":{\"@type\":\"EntryPoint\",\"urlTemplate\":\"https:\/\/www.dexeus.com\/cloud\/?s={search_term_string}\"},\"query-input\":\"required name=search_term_string\"}],\"inLanguage\":\"es\"},{\"@type\":\"Organization\",\"@id\":\"https:\/\/www.dexeus.com\/cloud\/#organization\",\"name\":\"Dexeus Mujer\",\"url\":\"https:\/\/www.dexeus.com\/cloud\/\",\"logo\":{\"@type\":\"ImageObject\",\"inLanguage\":\"es\",\"@id\":\"https:\/\/www.dexeus.com\/cloud\/#\/schema\/logo\/image\/\",\"url\":\"https:\/\/www.dexeus.com\/cloud\/wp-content\/uploads\/2019\/04\/logo-dexeus-cloud.png\",\"contentUrl\":\"https:\/\/www.dexeus.com\/cloud\/wp-content\/uploads\/2019\/04\/logo-dexeus-cloud.png\",\"width\":104,\"height\":70,\"caption\":\"Dexeus Mujer\"},\"image\":{\"@id\":\"https:\/\/www.dexeus.com\/cloud\/#\/schema\/logo\/image\/\"},\"sameAs\":[\"https:\/\/www.facebook.com\/dexeusmujer\",\"https:\/\/twitter.com\/dexeusmujer\",\"https:\/\/www.youtube.com\/user\/DexeusMujer\",\"https:\/\/www.instagram.com\/dexeusmujer\/\"]}]}<\/script>\n<!-- \/ Yoast SEO plugin. -->","yoast_head_json":{"title":"Cursos - Dexeus Cloud","robots":{"index":"index","follow":"follow","max-snippet":"max-snippet:-1","max-image-preview":"max-image-preview:large","max-video-preview":"max-video-preview:-1"},"canonical":"https:\/\/www.dexeus.com\/cloud\/cursos\/","og_locale":"es_ES","og_type":"article","og_title":"Cursos - Dexeus Cloud","og_description":"[vc_row][vc_column][vc_column_text] Nuestros Cursos Bienvenida a nuestra nube de informaci\u00f3n, elige tu curso [\/vc_column_text][\/vc_column][\/vc_row][vc_row][vc_column width=\u00bb1\/2&#8243;][vc_column_text] \u00a1Bienvenida a esta etapa tan especial de tu vida! Esperamos que la disfrutes y la vivas con mucha ilusi\u00f3n. En este curso queremos acompa\u00f1arte desde el inicio de tu embarazo hasta el postparto y la lactancia, para resolver todas las dudas&hellip;","og_url":"https:\/\/www.dexeus.com\/cloud\/cursos\/","og_site_name":"Dexeus Cloud","article_publisher":"https:\/\/www.facebook.com\/dexeusmujer","article_modified_time":"2024-03-12T16:11:10+00:00","og_image":[{"url":"https:\/\/www.dexeus.com\/cloud\/wp-content\/uploads\/2019\/04\/logo-mums-cool-300x112.png"}],"twitter_card":"summary_large_image","twitter_site":"@dexeusmujer","twitter_misc":{"Est. reading time":"2 minutos"},"schema":{"@context":"https:\/\/schema.org","@graph":[{"@type":"WebPage","@id":"https:\/\/www.dexeus.com\/cloud\/cursos\/","url":"https:\/\/www.dexeus.com\/cloud\/cursos\/","name":"Cursos - Dexeus Cloud","isPartOf":{"@id":"https:\/\/www.dexeus.com\/cloud\/#website"},"datePublished":"2019-02-27T11:09:32+00:00","dateModified":"2024-03-12T16:11:10+00:00","breadcrumb":{"@id":"https:\/\/www.dexeus.com\/cloud\/cursos\/#breadcrumb"},"inLanguage":"es","potentialAction":[{"@type":"ReadAction","target":["https:\/\/www.dexeus.com\/cloud\/cursos\/"]}]},{"@type":"BreadcrumbList","@id":"https:\/\/www.dexeus.com\/cloud\/cursos\/#breadcrumb","itemListElement":[{"@type":"ListItem","position":1,"name":"Home","item":"https:\/\/www.dexeus.com\/cloud\/"},{"@type":"ListItem","position":2,"name":"Cursos"}]},{"@type":"WebSite","@id":"https:\/\/www.dexeus.com\/cloud\/#website","url":"https:\/\/www.dexeus.com\/cloud\/","name":"Dexeus Cloud","description":"Una nube de informaci\u00f3n donde encontrar\u00e1s contenido \u00fatil y de calidad con v\u00eddeos y cursos para que vivas y afrontes de la mejor manera todos y cada uno de los momentos de tu vida.","publisher":{"@id":"https:\/\/www.dexeus.com\/cloud\/#organization"},"potentialAction":[{"@type":"SearchAction","target":{"@type":"EntryPoint","urlTemplate":"https:\/\/www.dexeus.com\/cloud\/?s={search_term_string}"},"query-input":"required name=search_term_string"}],"inLanguage":"es"},{"@type":"Organization","@id":"https:\/\/www.dexeus.com\/cloud\/#organization","name":"Dexeus Mujer","url":"https:\/\/www.dexeus.com\/cloud\/","logo":{"@type":"ImageObject","inLanguage":"es","@id":"https:\/\/www.dexeus.com\/cloud\/#\/schema\/logo\/image\/","url":"https:\/\/www.dexeus.com\/cloud\/wp-content\/uploads\/2019\/04\/logo-dexeus-cloud.png","contentUrl":"https:\/\/www.dexeus.com\/cloud\/wp-content\/uploads\/2019\/04\/logo-dexeus-cloud.png","width":104,"height":70,"caption":"Dexeus Mujer"},"image":{"@id":"https:\/\/www.dexeus.com\/cloud\/#\/schema\/logo\/image\/"},"sameAs":["https:\/\/www.facebook.com\/dexeusmujer","https:\/\/twitter.com\/dexeusmujer","https:\/\/www.youtube.com\/user\/DexeusMujer","https:\/\/www.instagram.com\/dexeusmujer\/"]}]}},"_links":{"self":[{"href":"https:\/\/www.dexeus.com\/cloud\/wp-json\/wp\/v2\/pages\/879"}],"collection":[{"href":"https:\/\/www.dexeus.com\/cloud\/wp-json\/wp\/v2\/pages"}],"about":[{"href":"https:\/\/www.dexeus.com\/cloud\/wp-json\/wp\/v2\/types\/page"}],"author":[{"embeddable":true,"href":"https:\/\/www.dexeus.com\/cloud\/wp-json\/wp\/v2\/users\/1"}],"replies":[{"embeddable":true,"href":"https:\/\/www.dexeus.com\/cloud\/wp-json\/wp\/v2\/comments?post=879"}],"version-history":[{"count":43,"href":"https:\/\/www.dexeus.com\/cloud\/wp-json\/wp\/v2\/pages\/879\/revisions"}],"predecessor-version":[{"id":15235,"href":"https:\/\/www.dexeus.com\/cloud\/wp-json\/wp\/v2\/pages\/879\/revisions\/15235"}],"wp:attachment":[{"href":"https:\/\/www.dexeus.com\/cloud\/wp-json\/wp\/v2\/media?parent=879"}],"curies":[{"name":"wp","href":"https:\/\/api.w.org\/{rel}","templated":true}]}}