{"id":906,"date":"2019-03-13T09:35:37","date_gmt":"2019-03-13T09:35:37","guid":{"rendered":"http:\/\/dexeus.webdigitalavenue.es\/?page_id=906"},"modified":"2023-02-15T13:44:25","modified_gmt":"2023-02-15T12:44:25","slug":"registro-y-suscripcion","status":"publish","type":"page","link":"https:\/\/www.dexeus.com\/cloud\/registro-y-suscripcion\/","title":{"rendered":"Registro y suscripci\u00f3n"},"content":{"rendered":"<p>[vc_row][vc_column]<div class=\"ult-spacer spacer-69f1a8897570f\" data-id=\"69f1a8897570f\" data-height=\"40\" data-height-mobile=\"10\" data-height-tab=\"15\" data-height-tab-portrait=\"10\" data-height-mobile-landscape=\"10\" style=\"clear:both;display:block;\"><\/div><div class=\"pc_aligned_form pc_falign_center\"><form id=\"pc_rf_69f1a88975b35\" class=\"pvtcont_form pc_registration_form pc_fluid_form \"   data-form-pag=\"1\" data-form-id=\"LTExNA==\"><fieldset class=\"pc_form_flist pc_f_pag_1  \">                    <section class=\"pc_form_field pc_text_ftype pc_f_name\" data-fname=\"name\">                        <label>Nombre <sup class=\"pc_req_field\">&#10033;<\/sup><\/label>                        <div class=\"pc_field_container\">                                                        <input type=\"text\" name=\"name\" value=\"\" maxlength=\"150\" required=\"required\" placeholder=\"Nombre\" autocomplete=\"off\"  \/>                                                    <\/div>                    <\/section>                    <section class=\"pc_form_field pc_text_ftype pc_f_surname\" data-fname=\"surname\">                        <label>Apellido <sup class=\"pc_req_field\">&#10033;<\/sup><\/label>                        <div class=\"pc_field_container\">                                                        <input type=\"text\" name=\"surname\" value=\"\" maxlength=\"150\" required=\"required\" placeholder=\"Apellido\" autocomplete=\"off\"  \/>                                                    <\/div>                    <\/section>                    <section class=\"pc_form_field pc_text_ftype pc_f_email pc_email_subtype\" data-fname=\"email\">                        <label>E-mail <sup class=\"pc_req_field\">&#10033;<\/sup><\/label>                        <div class=\"pc_field_container\">                                                        <input type=\"email\" name=\"email\" value=\"\" maxlength=\"255\" required=\"required\" placeholder=\"E-mail\" autocomplete=\"off\"  \/>                                                    <\/div>                    <\/section>                    <section class=\"pc_form_field pc_text_ftype pc_f_username\" data-fname=\"username\">                        <label>Repite tu E-mail <sup class=\"pc_req_field\">&#10033;<\/sup><\/label>                        <div class=\"pc_field_container\">                                                        <input type=\"text\" name=\"username\" value=\"\" maxlength=\"150\" required=\"required\" placeholder=\"Repite tu E-Mail\" autocomplete=\"off\"  \/>                                                    <\/div>                    <\/section>                    <section class=\"pc_form_field pc_password_ftype pc_f_psw\" data-fname=\"psw\">                        <label>                            Contrase\u00f1a <sup class=\"pc_req_field\">&#10033;<\/sup>                        <\/label>                        <div class=\"pc_field_container\">                                                        <input type=\"password\" name=\"psw\" placeholder=\"Contrase\u00f1a\" value=\"\" minlength=\"4\" maxlength=\"50\" autocomplete=\"new-password\" required=\"required\" \/>                                                    <\/div>                    <\/section>                        <section class=\"pc_form_field pc_password_ftype pc_f_psw pc_psw_confirm \" data-fname=\"psw\">                            <label>Repetir contrase\u00f1a  <sup class=\"pc_req_field\">&#10033;<\/sup><\/label>                            <div class=\"pc_field_container\">                                                                <input type=\"password\" name=\"check_psw\" value=\"\" minlength=\"4\" maxlength=\"50\" autocomplete=\"new-password\" required=\"required\" placeholder=\"Repite la contrase\u00f1a\" \/>                            <\/div>                        <\/section>                    <section class=\"pc_form_field pc_text_ftype pc_f_tel\" data-fname=\"tel\">                        <label>Tel\u00e9fono <sup class=\"pc_req_field\">&#10033;<\/sup><\/label>                        <div class=\"pc_field_container\">                                                        <input type=\"text\" name=\"tel\" value=\"\" maxlength=\"20\" required=\"required\" placeholder=\"Tel\u00e9fono\" autocomplete=\"off\"  \/>                                                    <\/div>                    <\/section><section class=\"pc_disclaimer_f_sep pcpp_field_top_sep pc_fullw_field\"><\/section>        <section class=\"pc_form_field pcpp_field pcpp_plan_choice_wrap pc_fullw_field\"><label id=\"pcpp_plan_dd_label\">Curso:<\/label>                <ul class=\"pcpp_plan_ul pc_plan_dd_single\">                    <li class=\"pcpp_plan_807 pcpp_plan_block pcpp_chosen \" data-plan-id=\"807\"><span class=\"pcpp_plan_name\">Mum's Cool <\/span> <span class=\"pcpp_plan_price_wrap\"> <strong class=\"pcpp_plan_price \">150,00&euro;<\/strong> <span class=\"pcpp_plan_dur\">for <strong>12 months<\/strong><\/span> <\/span> <div class=\"pcpp_plan_descr\"><h2 style=\"color: #0188cc;\">Mum's Cool<\/h2><p><strong>Duraci\u00f3n suscripci\u00f3n<\/strong>: 1 a\u00f1o<\/p><p><strong>Precio<\/strong>: 150\u20ac (incluye talleres por videoconferencia)<\/p><\/div> <\/li>                <\/ul><input type=\"hidden\" name=\"pcpp_plan\" value=\"807\" \/>            <\/section>            <section class=\"pc_form_field pcpp_coupon_wrap \">                <div class=\"pcpp_coupon_box\">                    <label>Introduce tu cup\u00f3n de descuento<\/label>                    <div class=\"pc_field_container\">                                                <input class=\"pcpp_coupon\" name=\"pcpp_coupon\" value=\"\" maxlength=\"30\"  autocomplete=\"off\" type=\"text\" \/>                        <i class=\"fas fa-chevron-right pcpp_try_coupon\" title=\"Apply coupon\"><\/i>                    <\/div>                <\/div>        <\/section><div class=\"pc_hnpt_code\"><label for=\"pc_hnpt_1\">Antispam 1<\/label><input type=\"text\" name=\"pc_hnpt_1\" value=\"\" autocomplete=\"off\" \/><label for=\"pc_hnpt_2\">Antispam 2<\/label><input type=\"text\" name=\"pc_hnpt_2\" value=\"161\" autocomplete=\"off\" \/><label for=\"pc_hnpt_3\">Antispam 3<\/label><input type=\"text\" name=\"pc_hnpt_3\" value=\"e5608abc691023c00ac40468b944c077\" autocomplete=\"off\" \/><\/div><section class=\"pc_disclaimer_f_sep pc_fullw_field\"><\/section>                        <section class=\"pc_disclaimer_f pc_fullw_field pc_form_field pc_single_checkbox_ftype pc_f_pc_disclaimer\" data-fname=\"pc_disclaimer\">                            <input type=\"checkbox\" name=\"pc_disclaimer\" value=\"1\"  required=\"required\" autocomplete=\"off\" \/>                            <div class=\"pc_disclaimer_ftxt\">Acepto los <a href=\"https:\/\/www.dexeus.com\/cloud\/condiciones-legales\/\" target=\"_blank\" rel=\"noopener\">T\u00e9rminos y Condiciones Legales<\/a> as\u00ed como la <a href=\"https:\/\/www.dexeus.com\/aviso-legal\" target=\"_blank\" rel=\"noopener\">Pol\u00edtica de Privacidad y Protecci\u00f3n de Datos<\/a><\/div>                        <\/section><\/fieldset>        <script type='text\/javascript'>        (function() {            'use strict';              const intval = setInterval(() => {                if(typeof(pcud_vars) == 'undefined') {                    return true;                }                else {                    clearTimeout(intval);                        pcud_vars.form_cond['LTExNA=='] = JSON.parse(`{\"name\":0,\"surname\":0,\"email\":0,\"username\":0,\"psw\":0,\"tel\":0}`);                }            }, 50);        })();            <\/script><div class=\"pc_form_response pc_reg_message\"><\/div><button class=\"pc_reg_btn  \" type=\"button\">                <span class=\"pc_inner_btn\">Enviar<\/span>            <\/button><\/form>            <script type=\"text\/javascript\">            (function() {                 \"use strict\";                                  const intval = setInterval(() => {                    if(typeof(jQuery) == \"undefined\" || typeof(pc_fluid_form_columnizer) == \"undefined\") {                        return true;                    }                    else {                        clearTimeout(intval);                        pc_fluid_form_columnizer();                    }                }, 50);            })();            <\/script><\/div>[\/vc_column][\/vc_row]<\/p>\n","protected":false},"excerpt":{"rendered":"<p>[vc_row][vc_column][\/vc_column][\/vc_row]<\/p>\n","protected":false},"author":1,"featured_media":0,"parent":0,"menu_order":0,"comment_status":"closed","ping_status":"closed","template":"","meta":[],"yoast_head":"<!-- This site is optimized with the Yoast SEO plugin v20.1 - https:\/\/yoast.com\/wordpress\/plugins\/seo\/ -->\n<title>Registro y suscripci\u00f3n - Dexeus Cloud<\/title>\n<meta name=\"robots\" content=\"index, nofollow, max-snippet:-1, max-image-preview:large, max-video-preview:-1\" \/>\n<link rel=\"canonical\" href=\"https:\/\/www.dexeus.com\/cloud\/registro-y-suscripcion\/\" \/>\n<meta property=\"og:locale\" content=\"es_ES\" \/>\n<meta property=\"og:type\" content=\"article\" \/>\n<meta property=\"og:title\" content=\"Registro y suscripci\u00f3n - Dexeus Cloud\" \/>\n<meta property=\"og:description\" content=\"[vc_row][vc_column][\/vc_column][\/vc_row]\" \/>\n<meta property=\"og:url\" content=\"https:\/\/www.dexeus.com\/cloud\/registro-y-suscripcion\/\" \/>\n<meta property=\"og:site_name\" content=\"Dexeus Cloud\" \/>\n<meta property=\"article:publisher\" content=\"https:\/\/www.facebook.com\/dexeusmujer\" \/>\n<meta property=\"article:modified_time\" content=\"2023-02-15T12:44:25+00:00\" \/>\n<meta name=\"twitter:card\" content=\"summary_large_image\" \/>\n<meta name=\"twitter:site\" content=\"@dexeusmujer\" \/>\n<meta name=\"twitter:label1\" content=\"Est. reading time\" \/>\n\t<meta name=\"twitter:data1\" content=\"1 minuto\" \/>\n<script type=\"application\/ld+json\" class=\"yoast-schema-graph\">{\"@context\":\"https:\/\/schema.org\",\"@graph\":[{\"@type\":\"WebPage\",\"@id\":\"https:\/\/www.dexeus.com\/cloud\/registro-y-suscripcion\/\",\"url\":\"https:\/\/www.dexeus.com\/cloud\/registro-y-suscripcion\/\",\"name\":\"Registro y suscripci\u00f3n - Dexeus Cloud\",\"isPartOf\":{\"@id\":\"https:\/\/www.dexeus.com\/cloud\/#website\"},\"datePublished\":\"2019-03-13T09:35:37+00:00\",\"dateModified\":\"2023-02-15T12:44:25+00:00\",\"breadcrumb\":{\"@id\":\"https:\/\/www.dexeus.com\/cloud\/registro-y-suscripcion\/#breadcrumb\"},\"inLanguage\":\"es\",\"potentialAction\":[{\"@type\":\"ReadAction\",\"target\":[\"https:\/\/www.dexeus.com\/cloud\/registro-y-suscripcion\/\"]}]},{\"@type\":\"BreadcrumbList\",\"@id\":\"https:\/\/www.dexeus.com\/cloud\/registro-y-suscripcion\/#breadcrumb\",\"itemListElement\":[{\"@type\":\"ListItem\",\"position\":1,\"name\":\"Home\",\"item\":\"https:\/\/www.dexeus.com\/cloud\/\"},{\"@type\":\"ListItem\",\"position\":2,\"name\":\"Registro y suscripci\u00f3n\"}]},{\"@type\":\"WebSite\",\"@id\":\"https:\/\/www.dexeus.com\/cloud\/#website\",\"url\":\"https:\/\/www.dexeus.com\/cloud\/\",\"name\":\"Dexeus Cloud\",\"description\":\"Una nube de informaci\u00f3n donde encontrar\u00e1s contenido \u00fatil y de calidad con v\u00eddeos y cursos para que vivas y afrontes de la mejor manera todos y cada uno de los momentos de tu vida.\",\"publisher\":{\"@id\":\"https:\/\/www.dexeus.com\/cloud\/#organization\"},\"potentialAction\":[{\"@type\":\"SearchAction\",\"target\":{\"@type\":\"EntryPoint\",\"urlTemplate\":\"https:\/\/www.dexeus.com\/cloud\/?s={search_term_string}\"},\"query-input\":\"required name=search_term_string\"}],\"inLanguage\":\"es\"},{\"@type\":\"Organization\",\"@id\":\"https:\/\/www.dexeus.com\/cloud\/#organization\",\"name\":\"Dexeus Mujer\",\"url\":\"https:\/\/www.dexeus.com\/cloud\/\",\"logo\":{\"@type\":\"ImageObject\",\"inLanguage\":\"es\",\"@id\":\"https:\/\/www.dexeus.com\/cloud\/#\/schema\/logo\/image\/\",\"url\":\"https:\/\/www.dexeus.com\/cloud\/wp-content\/uploads\/2019\/04\/logo-dexeus-cloud.png\",\"contentUrl\":\"https:\/\/www.dexeus.com\/cloud\/wp-content\/uploads\/2019\/04\/logo-dexeus-cloud.png\",\"width\":104,\"height\":70,\"caption\":\"Dexeus Mujer\"},\"image\":{\"@id\":\"https:\/\/www.dexeus.com\/cloud\/#\/schema\/logo\/image\/\"},\"sameAs\":[\"https:\/\/www.facebook.com\/dexeusmujer\",\"https:\/\/twitter.com\/dexeusmujer\",\"https:\/\/www.youtube.com\/user\/DexeusMujer\",\"https:\/\/www.instagram.com\/dexeusmujer\/\"]}]}<\/script>\n<!-- \/ Yoast SEO plugin. -->","yoast_head_json":{"title":"Registro y suscripci\u00f3n - Dexeus Cloud","robots":{"index":"index","follow":"nofollow","max-snippet":"max-snippet:-1","max-image-preview":"max-image-preview:large","max-video-preview":"max-video-preview:-1"},"canonical":"https:\/\/www.dexeus.com\/cloud\/registro-y-suscripcion\/","og_locale":"es_ES","og_type":"article","og_title":"Registro y suscripci\u00f3n - Dexeus Cloud","og_description":"[vc_row][vc_column][\/vc_column][\/vc_row]","og_url":"https:\/\/www.dexeus.com\/cloud\/registro-y-suscripcion\/","og_site_name":"Dexeus Cloud","article_publisher":"https:\/\/www.facebook.com\/dexeusmujer","article_modified_time":"2023-02-15T12:44:25+00:00","twitter_card":"summary_large_image","twitter_site":"@dexeusmujer","twitter_misc":{"Est. reading time":"1 minuto"},"schema":{"@context":"https:\/\/schema.org","@graph":[{"@type":"WebPage","@id":"https:\/\/www.dexeus.com\/cloud\/registro-y-suscripcion\/","url":"https:\/\/www.dexeus.com\/cloud\/registro-y-suscripcion\/","name":"Registro y suscripci\u00f3n - Dexeus Cloud","isPartOf":{"@id":"https:\/\/www.dexeus.com\/cloud\/#website"},"datePublished":"2019-03-13T09:35:37+00:00","dateModified":"2023-02-15T12:44:25+00:00","breadcrumb":{"@id":"https:\/\/www.dexeus.com\/cloud\/registro-y-suscripcion\/#breadcrumb"},"inLanguage":"es","potentialAction":[{"@type":"ReadAction","target":["https:\/\/www.dexeus.com\/cloud\/registro-y-suscripcion\/"]}]},{"@type":"BreadcrumbList","@id":"https:\/\/www.dexeus.com\/cloud\/registro-y-suscripcion\/#breadcrumb","itemListElement":[{"@type":"ListItem","position":1,"name":"Home","item":"https:\/\/www.dexeus.com\/cloud\/"},{"@type":"ListItem","position":2,"name":"Registro y suscripci\u00f3n"}]},{"@type":"WebSite","@id":"https:\/\/www.dexeus.com\/cloud\/#website","url":"https:\/\/www.dexeus.com\/cloud\/","name":"Dexeus Cloud","description":"Una nube de informaci\u00f3n donde encontrar\u00e1s contenido \u00fatil y de calidad con v\u00eddeos y cursos para que vivas y afrontes de la mejor manera todos y cada uno de los momentos de tu vida.","publisher":{"@id":"https:\/\/www.dexeus.com\/cloud\/#organization"},"potentialAction":[{"@type":"SearchAction","target":{"@type":"EntryPoint","urlTemplate":"https:\/\/www.dexeus.com\/cloud\/?s={search_term_string}"},"query-input":"required name=search_term_string"}],"inLanguage":"es"},{"@type":"Organization","@id":"https:\/\/www.dexeus.com\/cloud\/#organization","name":"Dexeus Mujer","url":"https:\/\/www.dexeus.com\/cloud\/","logo":{"@type":"ImageObject","inLanguage":"es","@id":"https:\/\/www.dexeus.com\/cloud\/#\/schema\/logo\/image\/","url":"https:\/\/www.dexeus.com\/cloud\/wp-content\/uploads\/2019\/04\/logo-dexeus-cloud.png","contentUrl":"https:\/\/www.dexeus.com\/cloud\/wp-content\/uploads\/2019\/04\/logo-dexeus-cloud.png","width":104,"height":70,"caption":"Dexeus Mujer"},"image":{"@id":"https:\/\/www.dexeus.com\/cloud\/#\/schema\/logo\/image\/"},"sameAs":["https:\/\/www.facebook.com\/dexeusmujer","https:\/\/twitter.com\/dexeusmujer","https:\/\/www.youtube.com\/user\/DexeusMujer","https:\/\/www.instagram.com\/dexeusmujer\/"]}]}},"_links":{"self":[{"href":"https:\/\/www.dexeus.com\/cloud\/wp-json\/wp\/v2\/pages\/906"}],"collection":[{"href":"https:\/\/www.dexeus.com\/cloud\/wp-json\/wp\/v2\/pages"}],"about":[{"href":"https:\/\/www.dexeus.com\/cloud\/wp-json\/wp\/v2\/types\/page"}],"author":[{"embeddable":true,"href":"https:\/\/www.dexeus.com\/cloud\/wp-json\/wp\/v2\/users\/1"}],"replies":[{"embeddable":true,"href":"https:\/\/www.dexeus.com\/cloud\/wp-json\/wp\/v2\/comments?post=906"}],"version-history":[{"count":8,"href":"https:\/\/www.dexeus.com\/cloud\/wp-json\/wp\/v2\/pages\/906\/revisions"}],"predecessor-version":[{"id":15244,"href":"https:\/\/www.dexeus.com\/cloud\/wp-json\/wp\/v2\/pages\/906\/revisions\/15244"}],"wp:attachment":[{"href":"https:\/\/www.dexeus.com\/cloud\/wp-json\/wp\/v2\/media?parent=906"}],"curies":[{"name":"wp","href":"https:\/\/api.w.org\/{rel}","templated":true}]}}