{"id":18729,"date":"2019-10-19T07:15:30","date_gmt":"2019-10-19T07:15:30","guid":{"rendered":"https:\/\/www.dexeus.com\/dxslife\/demana-hora\/"},"modified":"2024-06-18T10:52:09","modified_gmt":"2024-06-18T10:52:09","slug":"demana-hora","status":"publish","type":"page","link":"https:\/\/www.dexeus.com\/dxslife\/ca\/demana-hora\/","title":{"rendered":"Demana hora"},"content":{"rendered":"\t\t<div data-elementor-type=\"wp-page\" data-elementor-id=\"18729\" class=\"elementor elementor-18729 elementor-262\" data-elementor-post-type=\"page\">\n\t\t\t\t\t\t<section class=\"elementor-section elementor-top-section elementor-element elementor-element-4ea241d elementor-section-boxed elementor-section-height-default elementor-section-height-default\" data-id=\"4ea241d\" data-element_type=\"section\" data-settings=\"{&quot;jet_parallax_layout_list&quot;:[],&quot;background_background&quot;:&quot;classic&quot;}\">\n\t\t\t\t\t\t<div class=\"elementor-container elementor-column-gap-default\">\n\t\t\t\t\t<div class=\"elementor-column elementor-col-50 elementor-top-column elementor-element elementor-element-e3bc961\" data-id=\"e3bc961\" data-element_type=\"column\" data-settings=\"{&quot;background_background&quot;:&quot;classic&quot;}\">\n\t\t\t<div class=\"elementor-widget-wrap elementor-element-populated\">\n\t\t\t\t\t\t<div class=\"elementor-element elementor-element-220b9f5 elementor-widget elementor-widget-heading\" data-id=\"220b9f5\" data-element_type=\"widget\" id=\"pide-hora-titulo\" data-widget_type=\"heading.default\">\n\t\t\t\t<div class=\"elementor-widget-container\">\n\t\t\t\t\t<h1 class=\"elementor-heading-title elementor-size-default\">DEMANA HORA<\/h1>\t\t\t\t<\/div>\n\t\t\t\t<\/div>\n\t\t\t\t<section class=\"elementor-section elementor-inner-section elementor-element elementor-element-62009d6 elementor-hidden-mobile elementor-section-boxed elementor-section-height-default elementor-section-height-default\" data-id=\"62009d6\" data-element_type=\"section\" data-settings=\"{&quot;jet_parallax_layout_list&quot;:[]}\">\n\t\t\t\t\t\t<div class=\"elementor-container elementor-column-gap-default\">\n\t\t\t\t\t<div class=\"elementor-column elementor-col-100 elementor-inner-column elementor-element elementor-element-2a9f2a1\" data-id=\"2a9f2a1\" data-element_type=\"column\">\n\t\t\t<div class=\"elementor-widget-wrap elementor-element-populated\">\n\t\t\t\t\t\t<div class=\"elementor-element elementor-element-a276ce9 elementor-widget elementor-widget-heading\" data-id=\"a276ce9\" data-element_type=\"widget\" data-widget_type=\"heading.default\">\n\t\t\t\t<div class=\"elementor-widget-container\">\n\t\t\t\t\t<h2 class=\"elementor-heading-title elementor-size-default\">SOM AQU\u00cd PER A TU!<\/h2>\t\t\t\t<\/div>\n\t\t\t\t<\/div>\n\t\t\t\t<div class=\"elementor-element elementor-element-502b6e5 elementor-widget elementor-widget-text-editor\" data-id=\"502b6e5\" data-element_type=\"widget\" data-widget_type=\"text-editor.default\">\n\t\t\t\t<div class=\"elementor-widget-container\">\n\t\t\t\t\t\t\t\t\t<p>Truca&#8217;ns al <a href=\"tel:+34932274700\">93 227 47 00<\/a><\/p>\n<p>O, si ho prefereixes, emplena aquest formulari i et truquem nosaltres.<\/p>\n\t\t\t\t\t\t\t\t<\/div>\n\t\t\t\t<\/div>\n\t\t\t\t\t<\/div>\n\t\t<\/div>\n\t\t\t\t\t<\/div>\n\t\t<\/section>\n\t\t\t\t\t<\/div>\n\t\t<\/div>\n\t\t\t\t<div class=\"elementor-column elementor-col-50 elementor-top-column elementor-element elementor-element-a42ca4d\" data-id=\"a42ca4d\" data-element_type=\"column\">\n\t\t\t<div class=\"elementor-widget-wrap elementor-element-populated\">\n\t\t\t\t\t\t<div class=\"elementor-element elementor-element-4ab184f elementor-widget elementor-widget-template\" data-id=\"4ab184f\" data-element_type=\"widget\" data-widget_type=\"template.default\">\n\t\t\t\t<div class=\"elementor-widget-container\">\n\t\t\t\t\t\t\t<div class=\"elementor-template\">\n\t\t\t\t\t<div data-elementor-type=\"section\" data-elementor-id=\"18795\" class=\"elementor elementor-18795 elementor-7761\" data-elementor-post-type=\"elementor_library\">\n\t\t\t\t\t<section class=\"elementor-section elementor-top-section elementor-element elementor-element-73ceb8e elementor-section-boxed elementor-section-height-default elementor-section-height-default\" data-id=\"73ceb8e\" data-element_type=\"section\" data-settings=\"{&quot;jet_parallax_layout_list&quot;:[],&quot;background_background&quot;:&quot;classic&quot;}\">\n\t\t\t\t\t\t<div class=\"elementor-container elementor-column-gap-default\">\n\t\t\t\t\t<div class=\"elementor-column elementor-col-100 elementor-top-column elementor-element elementor-element-15290d8\" data-id=\"15290d8\" data-element_type=\"column\">\n\t\t\t<div class=\"elementor-widget-wrap elementor-element-populated\">\n\t\t\t\t\t\t<div class=\"elementor-element elementor-element-4ce45a8 elementor-hidden-desktop elementor-hidden-tablet_extra elementor-hidden-tablet elementor-widget elementor-widget-heading\" data-id=\"4ce45a8\" data-element_type=\"widget\" id=\"pide-hora-subtitulo\" data-widget_type=\"heading.default\">\n\t\t\t\t<div class=\"elementor-widget-container\">\n\t\t\t\t\t<h2 class=\"elementor-heading-title elementor-size-default\">SOM AQU\u00cd PER A TU!<\/h2>\t\t\t\t<\/div>\n\t\t\t\t<\/div>\n\t\t\t\t<div class=\"elementor-element elementor-element-d68f12a elementor-hidden-desktop elementor-hidden-tablet_extra elementor-hidden-tablet elementor-widget elementor-widget-text-editor\" data-id=\"d68f12a\" data-element_type=\"widget\" data-widget_type=\"text-editor.default\">\n\t\t\t\t<div class=\"elementor-widget-container\">\n\t\t\t\t\t\t\t\t\t<p>Truca&#8217;ns al <a href=\"tel:+34932274700\">93 227 47 00<\/a><\/p>\n<p>O, si ho prefereixes, emplena aquest formulari i et truquem nosaltres.<\/p>\n\t\t\t\t\t\t\t\t<\/div>\n\t\t\t\t<\/div>\n\t\t\t\t<div class=\"elementor-element elementor-element-41919fa elementor-button-align-center elementor-widget elementor-widget-form\" data-id=\"41919fa\" data-element_type=\"widget\" data-settings=\"{&quot;button_width&quot;:&quot;100&quot;,&quot;step_type&quot;:&quot;number_text&quot;,&quot;step_icon_shape&quot;:&quot;circle&quot;}\" data-widget_type=\"form.default\">\n\t\t\t\t<div class=\"elementor-widget-container\">\n\t\t\t\t\t\t\t<form class=\"elementor-form\" method=\"post\" id=\"pide_hora\" name=\"Demana hora\" aria-label=\"Demana hora\">\n\t\t\t<input type=\"hidden\" name=\"post_id\" value=\"18795\"\/>\n\t\t\t<input type=\"hidden\" name=\"form_id\" value=\"41919fa\"\/>\n\t\t\t<input type=\"hidden\" name=\"referer_title\" value=\"DXS Life\" \/>\n\n\t\t\t\n\t\t\t<div class=\"elementor-form-fields-wrapper elementor-labels-above\">\n\t\t\t\t\t\t\t\t<div class=\"elementor-field-type-text elementor-field-group elementor-column elementor-field-group-nombre elementor-col-100 elementor-field-required elementor-mark-required\">\n\t\t\t\t\t\t\t\t\t\t\t\t<label for=\"form-field-nombre\" class=\"elementor-field-label\">\n\t\t\t\t\t\t\t\tNom\t\t\t\t\t\t\t<\/label>\n\t\t\t\t\t\t\t\t\t\t\t\t\t\t<input size=\"1\" type=\"text\" name=\"form_fields[nombre]\" id=\"form-field-nombre\" class=\"elementor-field elementor-size-sm  elementor-field-textual\" required=\"required\">\n\t\t\t\t\t\t\t\t\t\t\t<\/div>\n\t\t\t\t\t\t\t\t<div class=\"elementor-field-type-text elementor-field-group elementor-column elementor-field-group-apellido elementor-col-100 elementor-field-required elementor-mark-required\">\n\t\t\t\t\t\t\t\t\t\t\t\t<label for=\"form-field-apellido\" class=\"elementor-field-label\">\n\t\t\t\t\t\t\t\tCognom\t\t\t\t\t\t\t<\/label>\n\t\t\t\t\t\t\t\t\t\t\t\t\t\t<input size=\"1\" type=\"text\" name=\"form_fields[apellido]\" id=\"form-field-apellido\" class=\"elementor-field elementor-size-sm  elementor-field-textual\" required=\"required\">\n\t\t\t\t\t\t\t\t\t\t\t<\/div>\n\t\t\t\t\t\t\t\t<div class=\"elementor-field-type-email elementor-field-group elementor-column elementor-field-group-email elementor-col-100 elementor-field-required elementor-mark-required\">\n\t\t\t\t\t\t\t\t\t\t\t\t<label for=\"form-field-email\" class=\"elementor-field-label\">\n\t\t\t\t\t\t\t\tCorreu electr\u00f2nic\t\t\t\t\t\t\t<\/label>\n\t\t\t\t\t\t\t\t\t\t\t\t\t\t<input size=\"1\" type=\"email\" name=\"form_fields[email]\" id=\"form-field-email\" class=\"elementor-field elementor-size-sm  elementor-field-textual\" required=\"required\">\n\t\t\t\t\t\t\t\t\t\t\t<\/div>\n\t\t\t\t\t\t\t\t<div class=\"elementor-field-type-tel elementor-field-group elementor-column elementor-field-group-telefono elementor-col-100 elementor-field-required elementor-mark-required\">\n\t\t\t\t\t\t\t\t\t\t\t\t<label for=\"form-field-telefono\" class=\"elementor-field-label\">\n\t\t\t\t\t\t\t\tTel\u00e8fon\t\t\t\t\t\t\t<\/label>\n\t\t\t\t\t\t\t\t<input size=\"1\" type=\"tel\" name=\"form_fields[telefono]\" id=\"form-field-telefono\" class=\"elementor-field elementor-size-sm  elementor-field-textual\" required=\"required\" pattern=\"[0-9()#&amp;+*-=.]+\" title=\"Only numbers and phone characters (#, -, *, etc) are accepted.\">\n\n\t\t\t\t\t\t<\/div>\n\t\t\t\t\t\t\t\t<div class=\"elementor-field-type-textarea elementor-field-group elementor-column elementor-field-group-comentarios elementor-col-100\">\n\t\t\t\t\t\t\t\t\t\t\t\t<label for=\"form-field-comentarios\" class=\"elementor-field-label\">\n\t\t\t\t\t\t\t\tComentaris\t\t\t\t\t\t\t<\/label>\n\t\t\t\t\t\t<textarea class=\"elementor-field-textual elementor-field  elementor-size-sm\" name=\"form_fields[comentarios]\" id=\"form-field-comentarios\" rows=\"4\"><\/textarea>\t\t\t\t<\/div>\n\t\t\t\t\t\t\t\t<div class=\"elementor-field-type-radio elementor-field-group elementor-column elementor-field-group-info elementor-col-100 elementor-field-required elementor-mark-required\">\n\t\t\t\t\t\t\t\t\t\t\t\t<label for=\"form-field-info\" class=\"elementor-field-label\">\n\t\t\t\t\t\t\t\tVull estar informada sobre les \u00faltimes novetats de Dexeus Dona i rebre la newsletter:\t\t\t\t\t\t\t<\/label>\n\t\t\t\t\t\t<div class=\"elementor-field-subgroup  elementor-subgroup-inline\"><span class=\"elementor-field-option\"><input type=\"radio\" value=\"1\" id=\"form-field-info-0\" name=\"form_fields[info]\" required=\"required\"> <label for=\"form-field-info-0\">SI<\/label><\/span><span class=\"elementor-field-option\"><input type=\"radio\" value=\"0\" id=\"form-field-info-1\" name=\"form_fields[info]\" required=\"required\"> <label for=\"form-field-info-1\">NO<\/label><\/span><\/div>\t\t\t\t<\/div>\n\t\t\t\t\t\t\t\t<div class=\"elementor-field-type-acceptance elementor-field-group elementor-column elementor-field-group-privacidad elementor-col-100 elementor-field-required elementor-mark-required\">\n\t\t\t\t\t\t\t<div class=\"elementor-field-subgroup\">\n\t\t\t<span class=\"elementor-field-option\">\n\t\t\t\t<input type=\"checkbox\" name=\"form_fields[privacidad]\" id=\"form-field-privacidad\" class=\"elementor-field elementor-size-sm  elementor-acceptance-field\" required=\"required\">\n\t\t\t\t<label for=\"form-field-privacidad\"><span style=\"margin-left: 2px;\">Autoritzo el tractament de les meves dades de contacte i accepto la <a href=\"https:\/\/cat.dexeus.com\/politica-privacitat\" target=\"_blank\" style=\"font-size: 17px; line-height: 17px;\" title=\"Pol\u00edtica de privacitat\">pol\u00edtica de privacitat<\/a>.<\/span><span style=\"color:#E45353;\"> *<\/span><\/label>\t\t\t<\/span>\n\t\t<\/div>\n\t\t\t\t\t\t<\/div>\n\t\t\t\t\t\t\t\t<div class=\"elementor-field-type-html elementor-field-group elementor-column elementor-field-group-field_ba63fec elementor-col-100\">\n\t\t\t\t\t<p style=\"margin: 10px 0px; text-align: left;\">T'informem que el responsable del tractament \u00e9s Consultorio Dexeus, S.A.P. Les teves dades seran tractades amb la finalitat de contactar amb tu per concertar hora de visita en el nostre centre. En cas que expressament ens autoritzis, et farem arribar peri\u00f2dicament un butllet\u00ed amb informaci\u00f3 sobre l'activitat, serveis i novetats que puguin resultar del teu inter\u00e8s. Aquest consentiment pot ser revocat en qualsevol moment. En tot moment pots exercir els drets d'acc\u00e9s, rectificaci\u00f3, supressi\u00f3, portabilitat, limitaci\u00f3 i oposici\u00f3 davant el delegat de protecci\u00f3 de dades a <a href=\"mailto:dpd@dexeus.com\" target=\"_blank\" title=\"dpd@dexeus.com\" style=\"font-size: 15px; font-weight: 400; line-height: 18px;\">dpd@dexeus.com<\/a>. Tamb\u00e9 tens dret a presentar una reclamaci\u00f3 davant l'autoritat de control en mat\u00e8ria de protecci\u00f3 de dades. Pots consultar la informaci\u00f3 ampliada en la pol\u00edtica de privacitat de la web.<\/p>\n\t\t\t\t<\/div>\n\t\t\t\t\t\t\t\t<div class=\"elementor-field-type-recaptcha_v3 elementor-field-group elementor-column elementor-field-group-field_cdbc99f elementor-col-100 recaptcha_v3-bottomright\">\n\t\t\t\t\t<div class=\"elementor-field\" id=\"form-field-field_cdbc99f\"><div class=\"elementor-g-recaptcha\" data-sitekey=\"6LdglT0aAAAAAODraKsmdOqHkXWhvjVrCipcJRd-\" data-type=\"v3\" data-action=\"Form\" data-badge=\"bottomright\" data-size=\"invisible\"><\/div><\/div>\t\t\t\t<\/div>\n\t\t\t\t\t\t\t\t<div class=\"elementor-field-type-hidden elementor-field-group elementor-column elementor-field-group-extra_field_01 elementor-col-100\">\n\t\t\t\t\t\t\t\t\t\t\t\t\t<input size=\"1\" type=\"hidden\" name=\"form_fields[extra_field_01]\" id=\"form-field-extra_field_01\" class=\"elementor-field elementor-size-sm  elementor-field-textual\" value=\"05\">\n\t\t\t\t\t\t\t\t\t\t\t<\/div>\n\t\t\t\t\t\t\t\t<div class=\"elementor-field-type-hidden elementor-field-group elementor-column elementor-field-group-extra_field_02 elementor-col-100\">\n\t\t\t\t\t\t\t\t\t\t\t\t\t<input size=\"1\" type=\"hidden\" name=\"form_fields[extra_field_02]\" id=\"form-field-extra_field_02\" class=\"elementor-field elementor-size-sm  elementor-field-textual\" value=\"DXSWEB01\">\n\t\t\t\t\t\t\t\t\t\t\t<\/div>\n\t\t\t\t\t\t\t\t<div class=\"elementor-field-type-hidden elementor-field-group elementor-column elementor-field-group-idioma elementor-col-100\">\n\t\t\t\t\t\t\t\t\t\t\t\t\t<input size=\"1\" type=\"hidden\" name=\"form_fields[idioma]\" id=\"form-field-idioma\" class=\"elementor-field elementor-size-sm  elementor-field-textual\" value=\"ca\">\n\t\t\t\t\t\t\t\t\t\t\t<\/div>\n\t\t\t\t\t\t\t\t<div class=\"elementor-field-type-hidden elementor-field-group elementor-column elementor-field-group-crm elementor-col-100\">\n\t\t\t\t\t\t\t\t\t\t\t\t\t<input size=\"1\" type=\"hidden\" name=\"form_fields[crm]\" id=\"form-field-crm\" class=\"elementor-field elementor-size-sm  elementor-field-textual\">\n\t\t\t\t\t\t\t\t\t\t\t<\/div>\n\t\t\t\t\t\t\t\t<div class=\"elementor-field-type-hidden elementor-field-group elementor-column elementor-field-group-referer elementor-col-100\">\n\t\t\t\t\t\t\t\t\t\t\t\t\t<input size=\"1\" type=\"hidden\" name=\"form_fields[referer]\" id=\"form-field-referer\" class=\"elementor-field elementor-size-sm  elementor-field-textual\">\n\t\t\t\t\t\t\t\t\t\t\t<\/div>\n\t\t\t\t\t\t\t\t<div class=\"elementor-field-group elementor-column elementor-field-type-submit elementor-col-100 e-form__buttons\">\n\t\t\t\t\t<button class=\"elementor-button elementor-size-sm\" type=\"submit\">\n\t\t\t\t\t\t<span class=\"elementor-button-content-wrapper\">\n\t\t\t\t\t\t\t\t\t\t\t\t\t\t\t\t\t\t\t\t\t\t<span class=\"elementor-button-text\">ENVIAR<\/span>\n\t\t\t\t\t\t\t\t\t\t\t\t\t<\/span>\n\t\t\t\t\t<\/button>\n\t\t\t\t<\/div>\n\t\t\t<\/div>\n\t\t<\/form>\n\t\t\t\t\t\t<\/div>\n\t\t\t\t<\/div>\n\t\t\t\t\t<\/div>\n\t\t<\/div>\n\t\t\t\t\t<\/div>\n\t\t<\/section>\n\t\t\t\t<\/div>\n\t\t\t\t<\/div>\n\t\t\t\t\t\t<\/div>\n\t\t\t\t<\/div>\n\t\t\t\t\t<\/div>\n\t\t<\/div>\n\t\t\t\t\t<\/div>\n\t\t<\/section>\n\t\t\t\t<\/div>\n\t\t","protected":false},"excerpt":{"rendered":"<p>Demana hora o m\u00e9s informaci\u00f3 en DXS Life<\/p>\n","protected":false},"author":1,"featured_media":17009,"parent":0,"menu_order":0,"comment_status":"closed","ping_status":"closed","template":"","meta":{"footnotes":""},"tipo-de-pagina":[],"class_list":["post-18729","page","type-page","status-publish","has-post-thumbnail","hentry"],"yoast_head":"<!-- This site is optimized with the Yoast SEO plugin v26.8 - https:\/\/yoast.com\/product\/yoast-seo-wordpress\/ -->\n<title>Demana hora - DXS Life<\/title>\n<meta name=\"description\" content=\"Demana hora o m\u00e9s informaci\u00f3 a DXS Life.\" \/>\n<meta name=\"robots\" content=\"index, follow, max-snippet:-1, max-image-preview:large, max-video-preview:-1\" \/>\n<link rel=\"canonical\" href=\"https:\/\/www.dexeus.com\/dxslife\/ca\/demana-hora\/\" \/>\n<meta property=\"og:locale\" content=\"ca_ES\" \/>\n<meta property=\"og:type\" content=\"article\" \/>\n<meta property=\"og:title\" content=\"Demana hora - DXS Life\" \/>\n<meta property=\"og:description\" content=\"Demana hora o m\u00e9s informaci\u00f3 a DXS Life.\" \/>\n<meta property=\"og:url\" content=\"https:\/\/www.dexeus.com\/dxslife\/ca\/demana-hora\/\" \/>\n<meta property=\"og:site_name\" content=\"DXS Life\" \/>\n<meta property=\"article:publisher\" content=\"https:\/\/www.facebook.com\/DXSLife.DexeusMujer\" \/>\n<meta property=\"article:modified_time\" content=\"2024-06-18T10:52:09+00:00\" \/>\n<meta property=\"og:image\" content=\"https:\/\/www.dexeus.com\/dxslife\/wp-content\/uploads\/2024\/02\/pide-hora-scaled.jpg\" \/>\n\t<meta property=\"og:image:width\" content=\"2560\" \/>\n\t<meta property=\"og:image:height\" content=\"1640\" \/>\n\t<meta property=\"og:image:type\" content=\"image\/jpeg\" \/>\n<meta name=\"twitter:card\" content=\"summary_large_image\" \/>\n<meta name=\"twitter:label1\" content=\"Temps estimat de lectura\" \/>\n\t<meta name=\"twitter:data1\" content=\"3 minuts\" \/>\n<script type=\"application\/ld+json\" class=\"yoast-schema-graph\">{\"@context\":\"https:\/\/schema.org\",\"@graph\":[{\"@type\":\"WebPage\",\"@id\":\"https:\/\/www.dexeus.com\/dxslife\/ca\/demana-hora\/\",\"url\":\"https:\/\/www.dexeus.com\/dxslife\/ca\/demana-hora\/\",\"name\":\"Demana hora - DXS Life\",\"isPartOf\":{\"@id\":\"https:\/\/www.dexeus.com\/dxslife\/ca\/#website\"},\"primaryImageOfPage\":{\"@id\":\"https:\/\/www.dexeus.com\/dxslife\/ca\/demana-hora\/#primaryimage\"},\"image\":{\"@id\":\"https:\/\/www.dexeus.com\/dxslife\/ca\/demana-hora\/#primaryimage\"},\"thumbnailUrl\":\"https:\/\/www.dexeus.com\/dxslife\/wp-content\/uploads\/2024\/02\/pide-hora-scaled.jpg\",\"datePublished\":\"2019-10-19T07:15:30+00:00\",\"dateModified\":\"2024-06-18T10:52:09+00:00\",\"description\":\"Demana hora o m\u00e9s informaci\u00f3 a DXS Life.\",\"breadcrumb\":{\"@id\":\"https:\/\/www.dexeus.com\/dxslife\/ca\/demana-hora\/#breadcrumb\"},\"inLanguage\":\"ca\",\"potentialAction\":[{\"@type\":\"ReadAction\",\"target\":[\"https:\/\/www.dexeus.com\/dxslife\/ca\/demana-hora\/\"]}]},{\"@type\":\"ImageObject\",\"inLanguage\":\"ca\",\"@id\":\"https:\/\/www.dexeus.com\/dxslife\/ca\/demana-hora\/#primaryimage\",\"url\":\"https:\/\/www.dexeus.com\/dxslife\/wp-content\/uploads\/2024\/02\/pide-hora-scaled.jpg\",\"contentUrl\":\"https:\/\/www.dexeus.com\/dxslife\/wp-content\/uploads\/2024\/02\/pide-hora-scaled.jpg\",\"width\":2560,\"height\":1640,\"caption\":\"DXS Life - Pide hora\"},{\"@type\":\"BreadcrumbList\",\"@id\":\"https:\/\/www.dexeus.com\/dxslife\/ca\/demana-hora\/#breadcrumb\",\"itemListElement\":[{\"@type\":\"ListItem\",\"position\":1,\"name\":\"Home\",\"item\":\"https:\/\/www.dexeus.com\/dxslife\/ca\/\"},{\"@type\":\"ListItem\",\"position\":2,\"name\":\"Demana hora\"}]},{\"@type\":\"WebSite\",\"@id\":\"https:\/\/www.dexeus.com\/dxslife\/ca\/#website\",\"url\":\"https:\/\/www.dexeus.com\/dxslife\/ca\/\",\"name\":\"DXS Life\",\"description\":\"Benvinguda al teu espai de ginecologia de Dexeus Dona\",\"publisher\":{\"@id\":\"https:\/\/www.dexeus.com\/dxslife\/ca\/#organization\"},\"potentialAction\":[{\"@type\":\"SearchAction\",\"target\":{\"@type\":\"EntryPoint\",\"urlTemplate\":\"https:\/\/www.dexeus.com\/dxslife\/ca\/?s={search_term_string}\"},\"query-input\":{\"@type\":\"PropertyValueSpecification\",\"valueRequired\":true,\"valueName\":\"search_term_string\"}}],\"inLanguage\":\"ca\"},{\"@type\":\"Organization\",\"@id\":\"https:\/\/www.dexeus.com\/dxslife\/ca\/#organization\",\"name\":\"DXS Life\",\"url\":\"https:\/\/www.dexeus.com\/dxslife\/ca\/\",\"logo\":{\"@type\":\"ImageObject\",\"inLanguage\":\"ca\",\"@id\":\"https:\/\/www.dexeus.com\/dxslife\/ca\/#\/schema\/logo\/image\/\",\"url\":\"https:\/\/www.dexeus.com\/dxslife\/wp-content\/uploads\/2022\/06\/DXS-LIFE_logo-2-1.png\",\"contentUrl\":\"https:\/\/www.dexeus.com\/dxslife\/wp-content\/uploads\/2022\/06\/DXS-LIFE_logo-2-1.png\",\"width\":117,\"height\":100,\"caption\":\"DXS Life\"},\"image\":{\"@id\":\"https:\/\/www.dexeus.com\/dxslife\/ca\/#\/schema\/logo\/image\/\"},\"sameAs\":[\"https:\/\/www.facebook.com\/DXSLife.DexeusMujer\",\"https:\/\/www.instagram.com\/dxs_life\/\"]}]}<\/script>\n<!-- \/ Yoast SEO plugin. -->","yoast_head_json":{"title":"Demana hora - DXS Life","description":"Demana hora o m\u00e9s informaci\u00f3 a DXS Life.","robots":{"index":"index","follow":"follow","max-snippet":"max-snippet:-1","max-image-preview":"max-image-preview:large","max-video-preview":"max-video-preview:-1"},"canonical":"https:\/\/www.dexeus.com\/dxslife\/ca\/demana-hora\/","og_locale":"ca_ES","og_type":"article","og_title":"Demana hora - DXS Life","og_description":"Demana hora o m\u00e9s informaci\u00f3 a DXS Life.","og_url":"https:\/\/www.dexeus.com\/dxslife\/ca\/demana-hora\/","og_site_name":"DXS Life","article_publisher":"https:\/\/www.facebook.com\/DXSLife.DexeusMujer","article_modified_time":"2024-06-18T10:52:09+00:00","og_image":[{"width":2560,"height":1640,"url":"https:\/\/www.dexeus.com\/dxslife\/wp-content\/uploads\/2024\/02\/pide-hora-scaled.jpg","type":"image\/jpeg"}],"twitter_card":"summary_large_image","twitter_misc":{"Temps estimat de lectura":"3 minuts"},"schema":{"@context":"https:\/\/schema.org","@graph":[{"@type":"WebPage","@id":"https:\/\/www.dexeus.com\/dxslife\/ca\/demana-hora\/","url":"https:\/\/www.dexeus.com\/dxslife\/ca\/demana-hora\/","name":"Demana hora - DXS Life","isPartOf":{"@id":"https:\/\/www.dexeus.com\/dxslife\/ca\/#website"},"primaryImageOfPage":{"@id":"https:\/\/www.dexeus.com\/dxslife\/ca\/demana-hora\/#primaryimage"},"image":{"@id":"https:\/\/www.dexeus.com\/dxslife\/ca\/demana-hora\/#primaryimage"},"thumbnailUrl":"https:\/\/www.dexeus.com\/dxslife\/wp-content\/uploads\/2024\/02\/pide-hora-scaled.jpg","datePublished":"2019-10-19T07:15:30+00:00","dateModified":"2024-06-18T10:52:09+00:00","description":"Demana hora o m\u00e9s informaci\u00f3 a DXS Life.","breadcrumb":{"@id":"https:\/\/www.dexeus.com\/dxslife\/ca\/demana-hora\/#breadcrumb"},"inLanguage":"ca","potentialAction":[{"@type":"ReadAction","target":["https:\/\/www.dexeus.com\/dxslife\/ca\/demana-hora\/"]}]},{"@type":"ImageObject","inLanguage":"ca","@id":"https:\/\/www.dexeus.com\/dxslife\/ca\/demana-hora\/#primaryimage","url":"https:\/\/www.dexeus.com\/dxslife\/wp-content\/uploads\/2024\/02\/pide-hora-scaled.jpg","contentUrl":"https:\/\/www.dexeus.com\/dxslife\/wp-content\/uploads\/2024\/02\/pide-hora-scaled.jpg","width":2560,"height":1640,"caption":"DXS Life - Pide hora"},{"@type":"BreadcrumbList","@id":"https:\/\/www.dexeus.com\/dxslife\/ca\/demana-hora\/#breadcrumb","itemListElement":[{"@type":"ListItem","position":1,"name":"Home","item":"https:\/\/www.dexeus.com\/dxslife\/ca\/"},{"@type":"ListItem","position":2,"name":"Demana hora"}]},{"@type":"WebSite","@id":"https:\/\/www.dexeus.com\/dxslife\/ca\/#website","url":"https:\/\/www.dexeus.com\/dxslife\/ca\/","name":"DXS Life","description":"Benvinguda al teu espai de ginecologia de Dexeus Dona","publisher":{"@id":"https:\/\/www.dexeus.com\/dxslife\/ca\/#organization"},"potentialAction":[{"@type":"SearchAction","target":{"@type":"EntryPoint","urlTemplate":"https:\/\/www.dexeus.com\/dxslife\/ca\/?s={search_term_string}"},"query-input":{"@type":"PropertyValueSpecification","valueRequired":true,"valueName":"search_term_string"}}],"inLanguage":"ca"},{"@type":"Organization","@id":"https:\/\/www.dexeus.com\/dxslife\/ca\/#organization","name":"DXS Life","url":"https:\/\/www.dexeus.com\/dxslife\/ca\/","logo":{"@type":"ImageObject","inLanguage":"ca","@id":"https:\/\/www.dexeus.com\/dxslife\/ca\/#\/schema\/logo\/image\/","url":"https:\/\/www.dexeus.com\/dxslife\/wp-content\/uploads\/2022\/06\/DXS-LIFE_logo-2-1.png","contentUrl":"https:\/\/www.dexeus.com\/dxslife\/wp-content\/uploads\/2022\/06\/DXS-LIFE_logo-2-1.png","width":117,"height":100,"caption":"DXS Life"},"image":{"@id":"https:\/\/www.dexeus.com\/dxslife\/ca\/#\/schema\/logo\/image\/"},"sameAs":["https:\/\/www.facebook.com\/DXSLife.DexeusMujer","https:\/\/www.instagram.com\/dxs_life\/"]}]}},"_links":{"self":[{"href":"https:\/\/www.dexeus.com\/dxslife\/ca\/wp-json\/wp\/v2\/pages\/18729","targetHints":{"allow":["GET"]}}],"collection":[{"href":"https:\/\/www.dexeus.com\/dxslife\/ca\/wp-json\/wp\/v2\/pages"}],"about":[{"href":"https:\/\/www.dexeus.com\/dxslife\/ca\/wp-json\/wp\/v2\/types\/page"}],"author":[{"embeddable":true,"href":"https:\/\/www.dexeus.com\/dxslife\/ca\/wp-json\/wp\/v2\/users\/1"}],"replies":[{"embeddable":true,"href":"https:\/\/www.dexeus.com\/dxslife\/ca\/wp-json\/wp\/v2\/comments?post=18729"}],"version-history":[{"count":0,"href":"https:\/\/www.dexeus.com\/dxslife\/ca\/wp-json\/wp\/v2\/pages\/18729\/revisions"}],"wp:featuredmedia":[{"embeddable":true,"href":"https:\/\/www.dexeus.com\/dxslife\/ca\/wp-json\/wp\/v2\/media\/17009"}],"wp:attachment":[{"href":"https:\/\/www.dexeus.com\/dxslife\/ca\/wp-json\/wp\/v2\/media?parent=18729"}],"wp:term":[{"taxonomy":"tipo-de-pagina","embeddable":true,"href":"https:\/\/www.dexeus.com\/dxslife\/ca\/wp-json\/wp\/v2\/tipo-de-pagina?post=18729"}],"curies":[{"name":"wp","href":"https:\/\/api.w.org\/{rel}","templated":true}]}}