{"id":13716,"date":"2024-03-18T12:03:49","date_gmt":"2024-03-18T11:03:49","guid":{"rendered":"https:\/\/www.dexeus.com\/fertility\/coneix-nos\/installacions-cientifiques\/"},"modified":"2024-06-07T11:58:27","modified_gmt":"2024-06-07T09:58:27","slug":"instalacions-cientifiques","status":"publish","type":"page","link":"https:\/\/www.dexeus.com\/fertility\/ca\/sobre-nosaltres\/instalacions-cientifiques\/","title":{"rendered":"Instal\u00b7lacions cient\u00edfiques"},"content":{"rendered":"\t\t<div data-elementor-type=\"wp-post\" data-elementor-id=\"13716\" class=\"elementor elementor-13716 elementor-8523\" data-elementor-post-type=\"page\">\n\t\t\t\t<div class=\"elementor-element elementor-element-9bad209 e-con-full e-flex e-con e-parent\" data-id=\"9bad209\" data-element_type=\"container\" data-settings=\"{&quot;background_background&quot;:&quot;classic&quot;,&quot;jet_parallax_layout_list&quot;:[]}\">\n\t\t<div class=\"elementor-element elementor-element-e472c4e e-flex e-con-boxed e-con e-child\" data-id=\"e472c4e\" data-element_type=\"container\" data-settings=\"{&quot;jet_parallax_layout_list&quot;:[]}\">\n\t\t\t\t\t<div class=\"e-con-inner\">\n\t\t\t\t<div class=\"elementor-element elementor-element-1023301 elementor-widget elementor-widget-heading\" data-id=\"1023301\" data-element_type=\"widget\" data-widget_type=\"heading.default\">\n\t\t\t\t<div class=\"elementor-widget-container\">\n\t\t\t\t\t<h1 class=\"elementor-heading-title elementor-size-default\">Instal\u00b7lacions cient\u00edfiques<\/h1>\t\t\t\t<\/div>\n\t\t\t\t<\/div>\n\t\t\t\t\t<\/div>\n\t\t\t\t<\/div>\n\t\t\t\t<\/div>\n\t\t<div class=\"elementor-element elementor-element-2fc3469 why-choose-us-container e-flex e-con-boxed e-con e-child\" data-id=\"2fc3469\" data-element_type=\"container\" data-settings=\"{&quot;jet_parallax_layout_list&quot;:[]}\">\n\t\t\t\t\t<div class=\"e-con-inner\">\n\t\t<div class=\"elementor-element elementor-element-2ede21b e-con-full e-flex e-con e-child\" data-id=\"2ede21b\" data-element_type=\"container\" data-settings=\"{&quot;jet_parallax_layout_list&quot;:[]}\">\n\t\t<div class=\"elementor-element elementor-element-37aa68f e-con-full testimony-block e-flex e-con e-child\" data-id=\"37aa68f\" data-element_type=\"container\" data-settings=\"{&quot;jet_parallax_layout_list&quot;:[]}\">\n\t\t\t\t<div class=\"elementor-element elementor-element-9d6270a elementor-position-left elementor-vertical-align-middle elementor-widget__width-initial elementor-widget elementor-widget-image-box\" data-id=\"9d6270a\" data-element_type=\"widget\" data-widget_type=\"image-box.default\">\n\t\t\t\t<div class=\"elementor-widget-container\">\n\t\t\t\t\t<div class=\"elementor-image-box-wrapper\"><figure class=\"elementor-image-box-img\"><img fetchpriority=\"high\" decoding=\"async\" width=\"280\" height=\"280\" src=\"https:\/\/www.dexeus.com\/fertility\/wp-content\/uploads\/2024\/03\/13_Dexeus-Pag-texto-pdf.png\" class=\"attachment-full size-full wp-image-9197\" alt=\"\" srcset=\"https:\/\/www.dexeus.com\/fertility\/wp-content\/uploads\/2024\/03\/13_Dexeus-Pag-texto-pdf.png 280w, https:\/\/www.dexeus.com\/fertility\/wp-content\/uploads\/2024\/03\/13_Dexeus-Pag-texto-pdf-150x150.png 150w\" sizes=\"(max-width: 280px) 100vw, 280px\" \/><\/figure><div class=\"elementor-image-box-content\"><h3 class=\"elementor-image-box-title\">L\u2019<strong>objectiu<\/strong> del centre \u00e9s oferir a les pacients un \u00fanic lloc amb tots els serveis que necessiteu. Aix\u00ed, <strong>totes les consultes, proves i procediments es realitzen al mateix establiment<\/strong>, un nou edifici equipat amb l\u2019\u00faltima tecnologia.<\/h3><\/div><\/div>\t\t\t\t<\/div>\n\t\t\t\t<\/div>\n\t\t\t\t<\/div>\n\t\t\t\t<\/div>\n\t\t\t\t\t<\/div>\n\t\t\t\t<\/div>\n\t\t<div class=\"elementor-element elementor-element-5a07c12 e-flex e-con-boxed e-con e-parent\" data-id=\"5a07c12\" data-element_type=\"container\" data-settings=\"{&quot;jet_parallax_layout_list&quot;:[]}\">\n\t\t\t\t\t<div class=\"e-con-inner\">\n\t\t\t\t<div class=\"elementor-element elementor-element-18018cd elementor-widget elementor-widget-text-editor\" data-id=\"18018cd\" data-element_type=\"widget\" data-widget_type=\"text-editor.default\">\n\t\t\t\t<div class=\"elementor-widget-container\">\n\t\t\t\t\t\t\t\t\t<p>Les nostres <strong>instal\u00b7lacions<\/strong>, inaugurades el 2007, han estat dissenyades per prestar una <strong>atenci\u00f3 m\u00e9s personalitzada, r\u00e0pida i c\u00f2moda<\/strong>, gr\u00e0cies a un circuit integrat on diagn\u00f2stics, tractaments, consultes i intervencions estan centralitzats. A m\u00e9s, el setembre del 2017, vam inaugurar els <strong>nous laboratoris de Reproducci\u00f3 Assistida<\/strong>.<\/p>\n<p>El nostre centre disposa de <strong>tres plantes<\/strong> per a les sis \u00e0rees de funcionament de <strong class=\"pink-title\">Dexeus Dona<\/strong>:<\/p>\n<ul>\n<li>Consultes<\/li>\n<li>Proves complement\u00e0ries<\/li>\n<li>Laboratoris<\/li>\n<li>Gesti\u00f3<\/li>\n<li>Administraci\u00f3<\/li>\n<li>Serveis Para-assistencials<\/li>\n<li>Serveis generals<\/li>\n<\/ul>\n\t\t\t\t\t\t\t\t<\/div>\n\t\t\t\t<\/div>\n\t\t\t\t\t<\/div>\n\t\t\t\t<\/div>\n\t\t<div class=\"elementor-element elementor-element-425d6d0 e-flex e-con-boxed e-con e-parent\" data-id=\"425d6d0\" data-element_type=\"container\" data-settings=\"{&quot;background_background&quot;:&quot;classic&quot;,&quot;jet_parallax_layout_list&quot;:[]}\">\n\t\t\t\t\t<div class=\"e-con-inner\">\n\t\t<div class=\"elementor-element elementor-element-a2bbdf8 e-flex e-con-boxed e-con e-child\" data-id=\"a2bbdf8\" data-element_type=\"container\" data-settings=\"{&quot;jet_parallax_layout_list&quot;:[]}\">\n\t\t\t\t\t<div class=\"e-con-inner\">\n\t\t\t\t<div class=\"elementor-element elementor-element-f77b6f8 elementor-widget elementor-widget-text-editor\" data-id=\"f77b6f8\" data-element_type=\"widget\" data-widget_type=\"text-editor.default\">\n\t\t\t\t<div class=\"elementor-widget-container\">\n\t\t\t\t\t\t\t\t\t<p>A m\u00e9s, hem establert acords especials amb prove\u00efdors d\u2019equips tecnol\u00f2gics que ens permeten disposar sempre de les <strong>darreres innovacions<\/strong> en <strong>diagn\u00f2stic per la imatge<\/strong>: ecografia ginecol\u00f2gica, mamografia digital, ecografia obst\u00e8trica, etc.<\/p>\n\t\t\t\t\t\t\t\t<\/div>\n\t\t\t\t<\/div>\n\t\t\t\t\t<\/div>\n\t\t\t\t<\/div>\n\t\t\t\t\t<\/div>\n\t\t\t\t<\/div>\n\t\t\t\t<\/div>\n\t\t","protected":false},"excerpt":{"rendered":"<p>L\u2019objectiu del centre \u00e9s oferir a les pacients un \u00fanic lloc amb tots els serveis que necessiteu. Aix\u00ed, totes les consultes, proves i procediments es realitzen al mateix establiment, un nou edifici equipat amb l\u2019\u00faltima tecnologia. Les nostres instal\u00b7lacions, inaugurades el 2007, han estat dissenyades per prestar una atenci\u00f3 m\u00e9s personalitzada, r\u00e0pida i c\u00f2moda, gr\u00e0cies [&hellip;]<\/p>\n","protected":false},"author":1,"featured_media":8804,"parent":13715,"menu_order":0,"comment_status":"closed","ping_status":"closed","template":"","meta":{"footnotes":""},"class_list":["post-13716","page","type-page","status-publish","has-post-thumbnail","hentry"],"yoast_head":"<!-- This site is optimized with the Yoast SEO plugin v26.8 - https:\/\/yoast.com\/product\/yoast-seo-wordpress\/ -->\n<title>Les instal\u00b7lacions cient\u00edfiques m\u00e9s capdavanteres: Dexeus Fertility<\/title>\n<meta name=\"description\" content=\"Dexeus Fertility disposa de les instal\u00b7lacions cient\u00edfiques de reproducci\u00f3 assistida m\u00e9s avan\u00e7ades d&#039;Espanya. Fem Tot el Possible \u2705 perqu\u00e8 quedis embarassada.\" \/>\n<meta name=\"robots\" content=\"index, follow, max-snippet:-1, max-image-preview:large, max-video-preview:-1\" \/>\n<link rel=\"canonical\" href=\"https:\/\/www.dexeus.com\/fertility\/ca\/sobre-nosaltres\/instalacions-cientifiques\/\" \/>\n<meta property=\"og:locale\" content=\"ca_ES\" \/>\n<meta property=\"og:type\" content=\"article\" \/>\n<meta property=\"og:title\" content=\"Les instal\u00b7lacions cient\u00edfiques m\u00e9s capdavanteres: Dexeus Fertility\" \/>\n<meta property=\"og:description\" content=\"Dexeus Fertility disposa de les instal\u00b7lacions cient\u00edfiques de reproducci\u00f3 assistida m\u00e9s avan\u00e7ades d&#039;Espanya. Fem Tot el Possible \u2705 perqu\u00e8 quedis embarassada.\" \/>\n<meta property=\"og:url\" content=\"https:\/\/www.dexeus.com\/fertility\/ca\/sobre-nosaltres\/instalacions-cientifiques\/\" \/>\n<meta property=\"og:site_name\" content=\"Dexeus Fertility\" \/>\n<meta property=\"article:publisher\" content=\"https:\/\/www.facebook.com\/dexeusmujer\/\" \/>\n<meta property=\"article:modified_time\" content=\"2024-06-07T09:58:27+00:00\" \/>\n<meta property=\"og:image\" content=\"https:\/\/dexeusfertility.enproves.cat\/wp-content\/uploads\/2024\/03\/13_Dexeus-Pag-texto-pdf.jpg\" \/>\n\t<meta property=\"og:image:width\" content=\"1378\" \/>\n\t<meta property=\"og:image:height\" content=\"640\" \/>\n\t<meta property=\"og:image:type\" content=\"image\/jpeg\" \/>\n<meta name=\"twitter:card\" content=\"summary_large_image\" \/>\n<meta name=\"twitter:site\" content=\"@dexeusmujer\" \/>\n<script type=\"application\/ld+json\" class=\"yoast-schema-graph\">{\"@context\":\"https:\/\/schema.org\",\"@graph\":[{\"@type\":[\"WebPage\",\"MedicalWebPage\"],\"@id\":\"https:\/\/www.dexeus.com\/fertility\/ca\/sobre-nosaltres\/instalacions-cientifiques\/\",\"url\":\"https:\/\/www.dexeus.com\/fertility\/ca\/sobre-nosaltres\/instalacions-cientifiques\/\",\"name\":\"Les instal\u00b7lacions cient\u00edfiques m\u00e9s capdavanteres: Dexeus Fertility\",\"isPartOf\":{\"@id\":\"https:\/\/www.dexeus.com\/fertilitynew\/#website\"},\"primaryImageOfPage\":{\"@id\":\"https:\/\/www.dexeus.com\/fertility\/ca\/sobre-nosaltres\/instalacions-cientifiques\/#primaryimage\"},\"image\":{\"@id\":\"https:\/\/www.dexeus.com\/fertility\/ca\/sobre-nosaltres\/instalacions-cientifiques\/#primaryimage\"},\"thumbnailUrl\":\"https:\/\/www.dexeus.com\/fertility\/wp-content\/uploads\/2024\/03\/13_Dexeus-Pag-texto-pdf.jpg\",\"datePublished\":\"2024-03-18T11:03:49+00:00\",\"dateModified\":\"2024-06-07T09:58:27+00:00\",\"description\":\"Dexeus Fertility disposa de les instal\u00b7lacions cient\u00edfiques de reproducci\u00f3 assistida m\u00e9s avan\u00e7ades d'Espanya. Fem Tot el Possible \u2705 perqu\u00e8 quedis embarassada.\",\"breadcrumb\":{\"@id\":\"https:\/\/www.dexeus.com\/fertility\/ca\/sobre-nosaltres\/instalacions-cientifiques\/#breadcrumb\"},\"inLanguage\":\"ca\",\"potentialAction\":[{\"@type\":\"ReadAction\",\"target\":[\"https:\/\/www.dexeus.com\/fertility\/ca\/sobre-nosaltres\/instalacions-cientifiques\/\"]}]},{\"@type\":\"ImageObject\",\"inLanguage\":\"ca\",\"@id\":\"https:\/\/www.dexeus.com\/fertility\/ca\/sobre-nosaltres\/instalacions-cientifiques\/#primaryimage\",\"url\":\"https:\/\/www.dexeus.com\/fertility\/wp-content\/uploads\/2024\/03\/13_Dexeus-Pag-texto-pdf.jpg\",\"contentUrl\":\"https:\/\/www.dexeus.com\/fertility\/wp-content\/uploads\/2024\/03\/13_Dexeus-Pag-texto-pdf.jpg\",\"width\":1378,\"height\":640},{\"@type\":\"BreadcrumbList\",\"@id\":\"https:\/\/www.dexeus.com\/fertility\/ca\/sobre-nosaltres\/instalacions-cientifiques\/#breadcrumb\",\"itemListElement\":[{\"@type\":\"ListItem\",\"position\":1,\"name\":\"Portada\",\"item\":\"https:\/\/www.dexeus.com\/fertility\/ca\/35-anys-dexperiencia-en-reproduccio-assistida\/\"},{\"@type\":\"ListItem\",\"position\":2,\"name\":\"Coneix-nos\",\"item\":\"https:\/\/dexeusfertility.enproves.cat\/ca\/sobre-nosaltres\/\"},{\"@type\":\"ListItem\",\"position\":3,\"name\":\"Instal\u00b7lacions cient\u00edfiques\"}]},{\"@type\":\"WebSite\",\"@id\":\"https:\/\/www.dexeus.com\/fertilitynew\/#website\",\"url\":\"https:\/\/www.dexeus.com\/fertilitynew\/\",\"name\":\"Dexeus Fertility\",\"description\":\"Dexeus Mujer es un centro de referencia y pionero en Espa\u00f1a en t\u00e9cnicas de reproducci\u00f3n asistida, con m\u00e1s de 80 a\u00f1os de experiencia en el diagn\u00f3stico y tratamiento de los problemas de fertilidad.\",\"publisher\":{\"@id\":\"https:\/\/www.dexeus.com\/fertilitynew\/#organization\"},\"alternateName\":\"Dexeus fertilidad\",\"potentialAction\":[{\"@type\":\"SearchAction\",\"target\":{\"@type\":\"EntryPoint\",\"urlTemplate\":\"https:\/\/www.dexeus.com\/fertilitynew\/?s={search_term_string}\"},\"query-input\":{\"@type\":\"PropertyValueSpecification\",\"valueRequired\":true,\"valueName\":\"search_term_string\"}}],\"inLanguage\":\"ca\"},{\"@type\":\"Organization\",\"@id\":\"https:\/\/www.dexeus.com\/fertilitynew\/#organization\",\"name\":\"Dexeus Fertility\",\"url\":\"https:\/\/www.dexeus.com\/fertilitynew\/\",\"logo\":{\"@type\":\"ImageObject\",\"inLanguage\":\"ca\",\"@id\":\"https:\/\/www.dexeus.com\/fertilitynew\/#\/schema\/logo\/image\/\",\"url\":\"https:\/\/www.dexeus.com\/fertility\/wp-content\/uploads\/2024\/02\/logofertility.svg\",\"contentUrl\":\"https:\/\/www.dexeus.com\/fertility\/wp-content\/uploads\/2024\/02\/logofertility.svg\",\"caption\":\"Dexeus Fertility\"},\"image\":{\"@id\":\"https:\/\/www.dexeus.com\/fertilitynew\/#\/schema\/logo\/image\/\"},\"sameAs\":[\"https:\/\/www.facebook.com\/dexeusmujer\/\",\"https:\/\/x.com\/dexeusmujer\",\"https:\/\/www.instagram.com\/dexeusmujer\",\"https:\/\/www.youtube.com\/user\/DexeusMujer\"]}]}<\/script>\n<!-- \/ Yoast SEO plugin. -->","yoast_head_json":{"title":"Les instal\u00b7lacions cient\u00edfiques m\u00e9s capdavanteres: Dexeus Fertility","description":"Dexeus Fertility disposa de les instal\u00b7lacions cient\u00edfiques de reproducci\u00f3 assistida m\u00e9s avan\u00e7ades d'Espanya. Fem Tot el Possible \u2705 perqu\u00e8 quedis embarassada.","robots":{"index":"index","follow":"follow","max-snippet":"max-snippet:-1","max-image-preview":"max-image-preview:large","max-video-preview":"max-video-preview:-1"},"canonical":"https:\/\/www.dexeus.com\/fertility\/ca\/sobre-nosaltres\/instalacions-cientifiques\/","og_locale":"ca_ES","og_type":"article","og_title":"Les instal\u00b7lacions cient\u00edfiques m\u00e9s capdavanteres: Dexeus Fertility","og_description":"Dexeus Fertility disposa de les instal\u00b7lacions cient\u00edfiques de reproducci\u00f3 assistida m\u00e9s avan\u00e7ades d'Espanya. Fem Tot el Possible \u2705 perqu\u00e8 quedis embarassada.","og_url":"https:\/\/www.dexeus.com\/fertility\/ca\/sobre-nosaltres\/instalacions-cientifiques\/","og_site_name":"Dexeus Fertility","article_publisher":"https:\/\/www.facebook.com\/dexeusmujer\/","article_modified_time":"2024-06-07T09:58:27+00:00","og_image":[{"width":1378,"height":640,"url":"https:\/\/dexeusfertility.enproves.cat\/wp-content\/uploads\/2024\/03\/13_Dexeus-Pag-texto-pdf.jpg","type":"image\/jpeg"}],"twitter_card":"summary_large_image","twitter_site":"@dexeusmujer","schema":{"@context":"https:\/\/schema.org","@graph":[{"@type":["WebPage","MedicalWebPage"],"@id":"https:\/\/www.dexeus.com\/fertility\/ca\/sobre-nosaltres\/instalacions-cientifiques\/","url":"https:\/\/www.dexeus.com\/fertility\/ca\/sobre-nosaltres\/instalacions-cientifiques\/","name":"Les instal\u00b7lacions cient\u00edfiques m\u00e9s capdavanteres: Dexeus Fertility","isPartOf":{"@id":"https:\/\/www.dexeus.com\/fertilitynew\/#website"},"primaryImageOfPage":{"@id":"https:\/\/www.dexeus.com\/fertility\/ca\/sobre-nosaltres\/instalacions-cientifiques\/#primaryimage"},"image":{"@id":"https:\/\/www.dexeus.com\/fertility\/ca\/sobre-nosaltres\/instalacions-cientifiques\/#primaryimage"},"thumbnailUrl":"https:\/\/www.dexeus.com\/fertility\/wp-content\/uploads\/2024\/03\/13_Dexeus-Pag-texto-pdf.jpg","datePublished":"2024-03-18T11:03:49+00:00","dateModified":"2024-06-07T09:58:27+00:00","description":"Dexeus Fertility disposa de les instal\u00b7lacions cient\u00edfiques de reproducci\u00f3 assistida m\u00e9s avan\u00e7ades d'Espanya. Fem Tot el Possible \u2705 perqu\u00e8 quedis embarassada.","breadcrumb":{"@id":"https:\/\/www.dexeus.com\/fertility\/ca\/sobre-nosaltres\/instalacions-cientifiques\/#breadcrumb"},"inLanguage":"ca","potentialAction":[{"@type":"ReadAction","target":["https:\/\/www.dexeus.com\/fertility\/ca\/sobre-nosaltres\/instalacions-cientifiques\/"]}]},{"@type":"ImageObject","inLanguage":"ca","@id":"https:\/\/www.dexeus.com\/fertility\/ca\/sobre-nosaltres\/instalacions-cientifiques\/#primaryimage","url":"https:\/\/www.dexeus.com\/fertility\/wp-content\/uploads\/2024\/03\/13_Dexeus-Pag-texto-pdf.jpg","contentUrl":"https:\/\/www.dexeus.com\/fertility\/wp-content\/uploads\/2024\/03\/13_Dexeus-Pag-texto-pdf.jpg","width":1378,"height":640},{"@type":"BreadcrumbList","@id":"https:\/\/www.dexeus.com\/fertility\/ca\/sobre-nosaltres\/instalacions-cientifiques\/#breadcrumb","itemListElement":[{"@type":"ListItem","position":1,"name":"Portada","item":"https:\/\/www.dexeus.com\/fertility\/ca\/35-anys-dexperiencia-en-reproduccio-assistida\/"},{"@type":"ListItem","position":2,"name":"Coneix-nos","item":"https:\/\/dexeusfertility.enproves.cat\/ca\/sobre-nosaltres\/"},{"@type":"ListItem","position":3,"name":"Instal\u00b7lacions cient\u00edfiques"}]},{"@type":"WebSite","@id":"https:\/\/www.dexeus.com\/fertilitynew\/#website","url":"https:\/\/www.dexeus.com\/fertilitynew\/","name":"Dexeus Fertility","description":"Dexeus Mujer es un centro de referencia y pionero en Espa\u00f1a en t\u00e9cnicas de reproducci\u00f3n asistida, con m\u00e1s de 80 a\u00f1os de experiencia en el diagn\u00f3stico y tratamiento de los problemas de fertilidad.","publisher":{"@id":"https:\/\/www.dexeus.com\/fertilitynew\/#organization"},"alternateName":"Dexeus fertilidad","potentialAction":[{"@type":"SearchAction","target":{"@type":"EntryPoint","urlTemplate":"https:\/\/www.dexeus.com\/fertilitynew\/?s={search_term_string}"},"query-input":{"@type":"PropertyValueSpecification","valueRequired":true,"valueName":"search_term_string"}}],"inLanguage":"ca"},{"@type":"Organization","@id":"https:\/\/www.dexeus.com\/fertilitynew\/#organization","name":"Dexeus Fertility","url":"https:\/\/www.dexeus.com\/fertilitynew\/","logo":{"@type":"ImageObject","inLanguage":"ca","@id":"https:\/\/www.dexeus.com\/fertilitynew\/#\/schema\/logo\/image\/","url":"https:\/\/www.dexeus.com\/fertility\/wp-content\/uploads\/2024\/02\/logofertility.svg","contentUrl":"https:\/\/www.dexeus.com\/fertility\/wp-content\/uploads\/2024\/02\/logofertility.svg","caption":"Dexeus Fertility"},"image":{"@id":"https:\/\/www.dexeus.com\/fertilitynew\/#\/schema\/logo\/image\/"},"sameAs":["https:\/\/www.facebook.com\/dexeusmujer\/","https:\/\/x.com\/dexeusmujer","https:\/\/www.instagram.com\/dexeusmujer","https:\/\/www.youtube.com\/user\/DexeusMujer"]}]}},"_links":{"self":[{"href":"https:\/\/www.dexeus.com\/fertility\/ca\/wp-json\/wp\/v2\/pages\/13716","targetHints":{"allow":["GET"]}}],"collection":[{"href":"https:\/\/www.dexeus.com\/fertility\/ca\/wp-json\/wp\/v2\/pages"}],"about":[{"href":"https:\/\/www.dexeus.com\/fertility\/ca\/wp-json\/wp\/v2\/types\/page"}],"author":[{"embeddable":true,"href":"https:\/\/www.dexeus.com\/fertility\/ca\/wp-json\/wp\/v2\/users\/1"}],"replies":[{"embeddable":true,"href":"https:\/\/www.dexeus.com\/fertility\/ca\/wp-json\/wp\/v2\/comments?post=13716"}],"version-history":[{"count":1,"href":"https:\/\/www.dexeus.com\/fertility\/ca\/wp-json\/wp\/v2\/pages\/13716\/revisions"}],"predecessor-version":[{"id":22812,"href":"https:\/\/www.dexeus.com\/fertility\/ca\/wp-json\/wp\/v2\/pages\/13716\/revisions\/22812"}],"up":[{"embeddable":true,"href":"https:\/\/www.dexeus.com\/fertility\/ca\/wp-json\/wp\/v2\/pages\/13715"}],"wp:featuredmedia":[{"embeddable":true,"href":"https:\/\/www.dexeus.com\/fertility\/ca\/wp-json\/wp\/v2\/media\/8804"}],"wp:attachment":[{"href":"https:\/\/www.dexeus.com\/fertility\/ca\/wp-json\/wp\/v2\/media?parent=13716"}],"curies":[{"name":"wp","href":"https:\/\/api.w.org\/{rel}","templated":true}]}}