{"id":13738,"date":"2024-02-29T15:54:14","date_gmt":"2024-02-29T14:54:14","guid":{"rendered":"https:\/\/www.dexeus.com\/fertility\/coneix-nos\/laboratoris-tecnologics\/"},"modified":"2024-06-07T12:00:29","modified_gmt":"2024-06-07T10:00:29","slug":"laboratoris-tecnologics","status":"publish","type":"page","link":"https:\/\/www.dexeus.com\/fertility\/ca\/sobre-nosaltres\/laboratoris-tecnologics\/","title":{"rendered":"Laboratoris Tecnol\u00f2gics"},"content":{"rendered":"\t\t<div data-elementor-type=\"wp-post\" data-elementor-id=\"13738\" class=\"elementor elementor-13738 elementor-3263\" data-elementor-post-type=\"page\">\n\t\t\t\t<div class=\"elementor-element elementor-element-3032402 e-con-full e-flex e-con e-parent\" data-id=\"3032402\" data-element_type=\"container\" data-settings=\"{&quot;background_background&quot;:&quot;classic&quot;,&quot;jet_parallax_layout_list&quot;:[]}\">\n\t\t<div class=\"elementor-element elementor-element-091cb7c e-flex e-con-boxed e-con e-child\" data-id=\"091cb7c\" data-element_type=\"container\" data-settings=\"{&quot;jet_parallax_layout_list&quot;:[]}\">\n\t\t\t\t\t<div class=\"e-con-inner\">\n\t\t\t\t<div class=\"elementor-element elementor-element-c7fcb60 elementor-widget elementor-widget-heading\" data-id=\"c7fcb60\" data-element_type=\"widget\" data-widget_type=\"heading.default\">\n\t\t\t\t<div class=\"elementor-widget-container\">\n\t\t\t\t\t<h1 class=\"elementor-heading-title elementor-size-default\">Laboratoris Tecnol\u00f2gics<\/h1>\t\t\t\t<\/div>\n\t\t\t\t<\/div>\n\t\t\t\t\t<\/div>\n\t\t\t\t<\/div>\n\t\t\t\t<\/div>\n\t\t<div class=\"elementor-element elementor-element-8ae8372 e-flex e-con-boxed e-con e-parent\" data-id=\"8ae8372\" data-element_type=\"container\" data-settings=\"{&quot;jet_parallax_layout_list&quot;:[]}\">\n\t\t\t\t\t<div class=\"e-con-inner\">\n\t\t<div class=\"elementor-element elementor-element-d760f76 e-flex e-con-boxed e-con e-child\" data-id=\"d760f76\" data-element_type=\"container\" data-settings=\"{&quot;jet_parallax_layout_list&quot;:[]}\">\n\t\t\t\t\t<div class=\"e-con-inner\">\n\t\t\t\t<div class=\"elementor-element elementor-element-542b744 elementor-widget elementor-widget-heading\" data-id=\"542b744\" data-element_type=\"widget\" data-widget_type=\"heading.default\">\n\t\t\t\t<div class=\"elementor-widget-container\">\n\t\t\t\t\t<h2 class=\"elementor-heading-title elementor-size-default\">\u00daltima tecnologia a el servei de la ci\u00e8ncia<\/h2>\t\t\t\t<\/div>\n\t\t\t\t<\/div>\n\t\t\t\t<div class=\"elementor-element elementor-element-da2fe37 elementor-widget elementor-widget-text-editor\" data-id=\"da2fe37\" data-element_type=\"widget\" data-widget_type=\"text-editor.default\">\n\t\t\t\t<div class=\"elementor-widget-container\">\n\t\t\t\t\t\t\t\t\t<p>Totes les activitats del <strong class=\"pink-title\">Servei de Medicina de la Reproducci\u00f3<\/strong> es concentren en un \u00fanic espai de 1.000 m 2 totalment nou i equipat amb sistemes de control i gesti\u00f3 centralitzats i automatitzats, aix\u00ed com <strong>laboratoris que compten amb les \u00faltimes tecnologies<\/strong>, com incubadores amb tecnologia time-lapse per al cultiu d\u2019embrions i l\u2019an\u00e0lisi gen\u00e8tica mitjan\u00e7ant la seq\u00fcenciaci\u00f3 massiva de nova generaci\u00f3.<\/p>\n\t\t\t\t\t\t\t\t<\/div>\n\t\t\t\t<\/div>\n\t\t\t\t\t<\/div>\n\t\t\t\t<\/div>\n\t\t\t\t\t<\/div>\n\t\t\t\t<\/div>\n\t\t<div class=\"elementor-element elementor-element-ad506a5 e-con-full e-flex e-con e-parent\" data-id=\"ad506a5\" data-element_type=\"container\" data-settings=\"{&quot;jet_parallax_layout_list&quot;:[]}\">\n\t\t\t\t<div class=\"elementor-element elementor-element-e8224d8 elementor-widget elementor-widget-shortcode\" data-id=\"e8224d8\" data-element_type=\"widget\" data-widget_type=\"shortcode.default\">\n\t\t\t\t<div class=\"elementor-widget-container\">\n\t\t\t\t\t\t\t<div class=\"elementor-shortcode\">\t\t<div data-elementor-type=\"section\" data-elementor-id=\"19059\" class=\"elementor elementor-19059 elementor-19056\" data-elementor-post-type=\"elementor_library\">\n\t\t\t<div class=\"elementor-element elementor-element-4fdfcc7 e-con-full e-flex e-con e-parent\" data-id=\"4fdfcc7\" data-element_type=\"container\" data-settings=\"{&quot;background_background&quot;:&quot;classic&quot;,&quot;jet_parallax_layout_list&quot;:[]}\">\n\t\t<div class=\"elementor-element elementor-element-3ae6267 image-box e-con-full e-flex e-con e-child\" data-id=\"3ae6267\" data-element_type=\"container\" data-settings=\"{&quot;jet_parallax_layout_list&quot;:[]}\">\n\t\t\t\t<div class=\"elementor-element elementor-element-370a4a3 elementor-widget__width-inherit elementor-widget elementor-widget-image\" data-id=\"370a4a3\" data-element_type=\"widget\" data-widget_type=\"image.default\">\n\t\t\t\t<div class=\"elementor-widget-container\">\n\t\t\t\t\t\t\t\t\t\t\t\t\t\t\t\t<a href=\"https:\/\/cat.dexeus.com\/tour-virtual-lab\/ca.html\" target=\"_blank\">\n\t\t\t\t\t\t\t<img fetchpriority=\"high\" decoding=\"async\" width=\"300\" height=\"300\" src=\"https:\/\/www.dexeus.com\/fertility\/wp-content\/uploads\/2024\/02\/tour_virtual_lab_repro-1.webp\" class=\"attachment-large size-large wp-image-6075\" alt=\"\" srcset=\"https:\/\/www.dexeus.com\/fertility\/wp-content\/uploads\/2024\/02\/tour_virtual_lab_repro-1.webp 300w, https:\/\/www.dexeus.com\/fertility\/wp-content\/uploads\/2024\/02\/tour_virtual_lab_repro-1-150x150.webp 150w\" sizes=\"(max-width: 300px) 100vw, 300px\" \/>\t\t\t\t\t\t\t\t<\/a>\n\t\t\t\t\t\t\t\t\t\t\t\t\t\t\t<\/div>\n\t\t\t\t<\/div>\n\t\t\t\t<\/div>\n\t\t<div class=\"elementor-element elementor-element-552a1b7 e-con-full e-flex e-con e-child\" data-id=\"552a1b7\" data-element_type=\"container\" data-settings=\"{&quot;background_background&quot;:&quot;classic&quot;,&quot;jet_parallax_layout_list&quot;:[]}\">\n\t\t\t\t<div class=\"elementor-element elementor-element-fab7437 home-box-title elementor-widget elementor-widget-heading\" data-id=\"fab7437\" data-element_type=\"widget\" data-widget_type=\"heading.default\">\n\t\t\t\t<div class=\"elementor-widget-container\">\n\t\t\t\t\t<h3 class=\"elementor-heading-title elementor-size-default\">Descobreix els nostres laboratoris de Reproducci\u00f3 Assistida<\/h3>\t\t\t\t<\/div>\n\t\t\t\t<\/div>\n\t\t\t\t<div class=\"elementor-element elementor-element-e4874c1 elementor-widget elementor-widget-text-editor\" data-id=\"e4874c1\" data-element_type=\"widget\" data-widget_type=\"text-editor.default\">\n\t\t\t\t<div class=\"elementor-widget-container\">\n\t\t\t\t\t\t\t\t\t<p>Obrim les portes dels nostres laboratoris i quir\u00f2fans en aquest Tour de 360 \u00b0, entra i descobreix tots els racons de Dexeus Dona.<\/p>\n\t\t\t\t\t\t\t\t<\/div>\n\t\t\t\t<\/div>\n\t\t\t\t<div class=\"elementor-element elementor-element-456445c elementor-align-center elementor-widget elementor-widget-button\" data-id=\"456445c\" data-element_type=\"widget\" data-widget_type=\"button.default\">\n\t\t\t\t<div class=\"elementor-widget-container\">\n\t\t\t\t\t\t\t\t\t<div class=\"elementor-button-wrapper\">\n\t\t\t\t\t<a class=\"elementor-button elementor-button-link elementor-size-lg\" href=\"https:\/\/cat.dexeus.com\/tour-virtual-lab\/ca.html\" target=\"_blank\">\n\t\t\t\t\t\t<span class=\"elementor-button-content-wrapper\">\n\t\t\t\t\t\t\t\t\t<span class=\"elementor-button-text\">Veure tour virtual<\/span>\n\t\t\t\t\t<\/span>\n\t\t\t\t\t<\/a>\n\t\t\t\t<\/div>\n\t\t\t\t\t\t\t\t<\/div>\n\t\t\t\t<\/div>\n\t\t\t\t<\/div>\n\t\t\t\t<\/div>\n\t\t\t\t<\/div>\n\t\t<\/div>\n\t\t\t\t\t\t<\/div>\n\t\t\t\t<\/div>\n\t\t\t\t<\/div>\n\t\t\t\t<\/div>\n\t\t","protected":false},"excerpt":{"rendered":"<p>\u00daltima tecnologia a el servei de la ci\u00e8ncia Totes les activitats del Servei de Medicina de la Reproducci\u00f3 es concentren en un \u00fanic espai de 1.000 m 2 totalment nou i equipat amb sistemes de control i gesti\u00f3 centralitzats i automatitzats, aix\u00ed com laboratoris que compten amb les \u00faltimes tecnologies, com incubadores amb tecnologia time-lapse [&hellip;]<\/p>\n","protected":false},"author":1,"featured_media":6370,"parent":13715,"menu_order":0,"comment_status":"closed","ping_status":"closed","template":"","meta":{"footnotes":""},"class_list":["post-13738","page","type-page","status-publish","has-post-thumbnail","hentry"],"yoast_head":"<!-- This site is optimized with the Yoast SEO plugin v26.8 - https:\/\/yoast.com\/product\/yoast-seo-wordpress\/ -->\n<title>Laboratoris propis de Reproducci\u00f3 Assistida: Dexeus Fertility<\/title>\n<meta name=\"description\" content=\"Dexeus Fertility disposa de laboratoris propis de Reproducci\u00f3 Assistida d&#039;\u00faltima generaci\u00f3. Posem al vostre abast els \u00faltims avan\u00e7os en fertilitat.\" \/>\n<meta name=\"robots\" content=\"index, follow, max-snippet:-1, max-image-preview:large, max-video-preview:-1\" \/>\n<link rel=\"canonical\" href=\"https:\/\/www.dexeus.com\/fertility\/ca\/sobre-nosaltres\/laboratoris-tecnologics\/\" \/>\n<meta property=\"og:locale\" content=\"ca_ES\" \/>\n<meta property=\"og:type\" content=\"article\" \/>\n<meta property=\"og:title\" content=\"Laboratoris propis de Reproducci\u00f3 Assistida: Dexeus Fertility\" \/>\n<meta property=\"og:description\" content=\"Dexeus Fertility disposa de laboratoris propis de Reproducci\u00f3 Assistida d&#039;\u00faltima generaci\u00f3. Posem al vostre abast els \u00faltims avan\u00e7os en fertilitat.\" \/>\n<meta property=\"og:url\" content=\"https:\/\/www.dexeus.com\/fertility\/ca\/sobre-nosaltres\/laboratoris-tecnologics\/\" \/>\n<meta property=\"og:site_name\" content=\"Dexeus Fertility\" \/>\n<meta property=\"article:publisher\" content=\"https:\/\/www.facebook.com\/dexeusmujer\/\" \/>\n<meta property=\"article:modified_time\" content=\"2024-06-07T10:00:29+00:00\" \/>\n<meta property=\"og:image\" content=\"https:\/\/dexeusfertility.enproves.cat\/wp-content\/uploads\/2024\/02\/header-centros-3.webp\" \/>\n\t<meta property=\"og:image:width\" content=\"2500\" \/>\n\t<meta property=\"og:image:height\" content=\"1161\" \/>\n\t<meta property=\"og:image:type\" content=\"image\/webp\" \/>\n<meta name=\"twitter:card\" content=\"summary_large_image\" \/>\n<meta name=\"twitter:site\" content=\"@dexeusmujer\" \/>\n<script type=\"application\/ld+json\" class=\"yoast-schema-graph\">{\"@context\":\"https:\/\/schema.org\",\"@graph\":[{\"@type\":[\"WebPage\",\"MedicalWebPage\"],\"@id\":\"https:\/\/www.dexeus.com\/fertility\/ca\/sobre-nosaltres\/laboratoris-tecnologics\/\",\"url\":\"https:\/\/www.dexeus.com\/fertility\/ca\/sobre-nosaltres\/laboratoris-tecnologics\/\",\"name\":\"Laboratoris propis de Reproducci\u00f3 Assistida: Dexeus Fertility\",\"isPartOf\":{\"@id\":\"https:\/\/www.dexeus.com\/fertilitynew\/#website\"},\"primaryImageOfPage\":{\"@id\":\"https:\/\/www.dexeus.com\/fertility\/ca\/sobre-nosaltres\/laboratoris-tecnologics\/#primaryimage\"},\"image\":{\"@id\":\"https:\/\/www.dexeus.com\/fertility\/ca\/sobre-nosaltres\/laboratoris-tecnologics\/#primaryimage\"},\"thumbnailUrl\":\"https:\/\/www.dexeus.com\/fertility\/wp-content\/uploads\/2024\/02\/header-centros-3.webp\",\"datePublished\":\"2024-02-29T14:54:14+00:00\",\"dateModified\":\"2024-06-07T10:00:29+00:00\",\"description\":\"Dexeus Fertility disposa de laboratoris propis de Reproducci\u00f3 Assistida d'\u00faltima generaci\u00f3. Posem al vostre abast els \u00faltims avan\u00e7os en fertilitat.\",\"breadcrumb\":{\"@id\":\"https:\/\/www.dexeus.com\/fertility\/ca\/sobre-nosaltres\/laboratoris-tecnologics\/#breadcrumb\"},\"inLanguage\":\"ca\",\"potentialAction\":[{\"@type\":\"ReadAction\",\"target\":[\"https:\/\/www.dexeus.com\/fertility\/ca\/sobre-nosaltres\/laboratoris-tecnologics\/\"]}]},{\"@type\":\"ImageObject\",\"inLanguage\":\"ca\",\"@id\":\"https:\/\/www.dexeus.com\/fertility\/ca\/sobre-nosaltres\/laboratoris-tecnologics\/#primaryimage\",\"url\":\"https:\/\/www.dexeus.com\/fertility\/wp-content\/uploads\/2024\/02\/header-centros-3.webp\",\"contentUrl\":\"https:\/\/www.dexeus.com\/fertility\/wp-content\/uploads\/2024\/02\/header-centros-3.webp\",\"width\":2500,\"height\":1161},{\"@type\":\"BreadcrumbList\",\"@id\":\"https:\/\/www.dexeus.com\/fertility\/ca\/sobre-nosaltres\/laboratoris-tecnologics\/#breadcrumb\",\"itemListElement\":[{\"@type\":\"ListItem\",\"position\":1,\"name\":\"Portada\",\"item\":\"https:\/\/www.dexeus.com\/fertility\/ca\/35-anys-dexperiencia-en-reproduccio-assistida\/\"},{\"@type\":\"ListItem\",\"position\":2,\"name\":\"Coneix-nos\",\"item\":\"https:\/\/dexeusfertility.enproves.cat\/ca\/sobre-nosaltres\/\"},{\"@type\":\"ListItem\",\"position\":3,\"name\":\"Laboratoris Tecnol\u00f2gics\"}]},{\"@type\":\"WebSite\",\"@id\":\"https:\/\/www.dexeus.com\/fertilitynew\/#website\",\"url\":\"https:\/\/www.dexeus.com\/fertilitynew\/\",\"name\":\"Dexeus Fertility\",\"description\":\"Dexeus Mujer es un centro de referencia y pionero en Espa\u00f1a en t\u00e9cnicas de reproducci\u00f3n asistida, con m\u00e1s de 80 a\u00f1os de experiencia en el diagn\u00f3stico y tratamiento de los problemas de fertilidad.\",\"publisher\":{\"@id\":\"https:\/\/www.dexeus.com\/fertilitynew\/#organization\"},\"alternateName\":\"Dexeus fertilidad\",\"potentialAction\":[{\"@type\":\"SearchAction\",\"target\":{\"@type\":\"EntryPoint\",\"urlTemplate\":\"https:\/\/www.dexeus.com\/fertilitynew\/?s={search_term_string}\"},\"query-input\":{\"@type\":\"PropertyValueSpecification\",\"valueRequired\":true,\"valueName\":\"search_term_string\"}}],\"inLanguage\":\"ca\"},{\"@type\":\"Organization\",\"@id\":\"https:\/\/www.dexeus.com\/fertilitynew\/#organization\",\"name\":\"Dexeus Fertility\",\"url\":\"https:\/\/www.dexeus.com\/fertilitynew\/\",\"logo\":{\"@type\":\"ImageObject\",\"inLanguage\":\"ca\",\"@id\":\"https:\/\/www.dexeus.com\/fertilitynew\/#\/schema\/logo\/image\/\",\"url\":\"https:\/\/www.dexeus.com\/fertility\/wp-content\/uploads\/2024\/02\/logofertility.svg\",\"contentUrl\":\"https:\/\/www.dexeus.com\/fertility\/wp-content\/uploads\/2024\/02\/logofertility.svg\",\"caption\":\"Dexeus Fertility\"},\"image\":{\"@id\":\"https:\/\/www.dexeus.com\/fertilitynew\/#\/schema\/logo\/image\/\"},\"sameAs\":[\"https:\/\/www.facebook.com\/dexeusmujer\/\",\"https:\/\/x.com\/dexeusmujer\",\"https:\/\/www.instagram.com\/dexeusmujer\",\"https:\/\/www.youtube.com\/user\/DexeusMujer\"]}]}<\/script>\n<!-- \/ Yoast SEO plugin. -->","yoast_head_json":{"title":"Laboratoris propis de Reproducci\u00f3 Assistida: Dexeus Fertility","description":"Dexeus Fertility disposa de laboratoris propis de Reproducci\u00f3 Assistida d'\u00faltima generaci\u00f3. Posem al vostre abast els \u00faltims avan\u00e7os en fertilitat.","robots":{"index":"index","follow":"follow","max-snippet":"max-snippet:-1","max-image-preview":"max-image-preview:large","max-video-preview":"max-video-preview:-1"},"canonical":"https:\/\/www.dexeus.com\/fertility\/ca\/sobre-nosaltres\/laboratoris-tecnologics\/","og_locale":"ca_ES","og_type":"article","og_title":"Laboratoris propis de Reproducci\u00f3 Assistida: Dexeus Fertility","og_description":"Dexeus Fertility disposa de laboratoris propis de Reproducci\u00f3 Assistida d'\u00faltima generaci\u00f3. Posem al vostre abast els \u00faltims avan\u00e7os en fertilitat.","og_url":"https:\/\/www.dexeus.com\/fertility\/ca\/sobre-nosaltres\/laboratoris-tecnologics\/","og_site_name":"Dexeus Fertility","article_publisher":"https:\/\/www.facebook.com\/dexeusmujer\/","article_modified_time":"2024-06-07T10:00:29+00:00","og_image":[{"width":2500,"height":1161,"url":"https:\/\/dexeusfertility.enproves.cat\/wp-content\/uploads\/2024\/02\/header-centros-3.webp","type":"image\/webp"}],"twitter_card":"summary_large_image","twitter_site":"@dexeusmujer","schema":{"@context":"https:\/\/schema.org","@graph":[{"@type":["WebPage","MedicalWebPage"],"@id":"https:\/\/www.dexeus.com\/fertility\/ca\/sobre-nosaltres\/laboratoris-tecnologics\/","url":"https:\/\/www.dexeus.com\/fertility\/ca\/sobre-nosaltres\/laboratoris-tecnologics\/","name":"Laboratoris propis de Reproducci\u00f3 Assistida: Dexeus Fertility","isPartOf":{"@id":"https:\/\/www.dexeus.com\/fertilitynew\/#website"},"primaryImageOfPage":{"@id":"https:\/\/www.dexeus.com\/fertility\/ca\/sobre-nosaltres\/laboratoris-tecnologics\/#primaryimage"},"image":{"@id":"https:\/\/www.dexeus.com\/fertility\/ca\/sobre-nosaltres\/laboratoris-tecnologics\/#primaryimage"},"thumbnailUrl":"https:\/\/www.dexeus.com\/fertility\/wp-content\/uploads\/2024\/02\/header-centros-3.webp","datePublished":"2024-02-29T14:54:14+00:00","dateModified":"2024-06-07T10:00:29+00:00","description":"Dexeus Fertility disposa de laboratoris propis de Reproducci\u00f3 Assistida d'\u00faltima generaci\u00f3. Posem al vostre abast els \u00faltims avan\u00e7os en fertilitat.","breadcrumb":{"@id":"https:\/\/www.dexeus.com\/fertility\/ca\/sobre-nosaltres\/laboratoris-tecnologics\/#breadcrumb"},"inLanguage":"ca","potentialAction":[{"@type":"ReadAction","target":["https:\/\/www.dexeus.com\/fertility\/ca\/sobre-nosaltres\/laboratoris-tecnologics\/"]}]},{"@type":"ImageObject","inLanguage":"ca","@id":"https:\/\/www.dexeus.com\/fertility\/ca\/sobre-nosaltres\/laboratoris-tecnologics\/#primaryimage","url":"https:\/\/www.dexeus.com\/fertility\/wp-content\/uploads\/2024\/02\/header-centros-3.webp","contentUrl":"https:\/\/www.dexeus.com\/fertility\/wp-content\/uploads\/2024\/02\/header-centros-3.webp","width":2500,"height":1161},{"@type":"BreadcrumbList","@id":"https:\/\/www.dexeus.com\/fertility\/ca\/sobre-nosaltres\/laboratoris-tecnologics\/#breadcrumb","itemListElement":[{"@type":"ListItem","position":1,"name":"Portada","item":"https:\/\/www.dexeus.com\/fertility\/ca\/35-anys-dexperiencia-en-reproduccio-assistida\/"},{"@type":"ListItem","position":2,"name":"Coneix-nos","item":"https:\/\/dexeusfertility.enproves.cat\/ca\/sobre-nosaltres\/"},{"@type":"ListItem","position":3,"name":"Laboratoris Tecnol\u00f2gics"}]},{"@type":"WebSite","@id":"https:\/\/www.dexeus.com\/fertilitynew\/#website","url":"https:\/\/www.dexeus.com\/fertilitynew\/","name":"Dexeus Fertility","description":"Dexeus Mujer es un centro de referencia y pionero en Espa\u00f1a en t\u00e9cnicas de reproducci\u00f3n asistida, con m\u00e1s de 80 a\u00f1os de experiencia en el diagn\u00f3stico y tratamiento de los problemas de fertilidad.","publisher":{"@id":"https:\/\/www.dexeus.com\/fertilitynew\/#organization"},"alternateName":"Dexeus fertilidad","potentialAction":[{"@type":"SearchAction","target":{"@type":"EntryPoint","urlTemplate":"https:\/\/www.dexeus.com\/fertilitynew\/?s={search_term_string}"},"query-input":{"@type":"PropertyValueSpecification","valueRequired":true,"valueName":"search_term_string"}}],"inLanguage":"ca"},{"@type":"Organization","@id":"https:\/\/www.dexeus.com\/fertilitynew\/#organization","name":"Dexeus Fertility","url":"https:\/\/www.dexeus.com\/fertilitynew\/","logo":{"@type":"ImageObject","inLanguage":"ca","@id":"https:\/\/www.dexeus.com\/fertilitynew\/#\/schema\/logo\/image\/","url":"https:\/\/www.dexeus.com\/fertility\/wp-content\/uploads\/2024\/02\/logofertility.svg","contentUrl":"https:\/\/www.dexeus.com\/fertility\/wp-content\/uploads\/2024\/02\/logofertility.svg","caption":"Dexeus Fertility"},"image":{"@id":"https:\/\/www.dexeus.com\/fertilitynew\/#\/schema\/logo\/image\/"},"sameAs":["https:\/\/www.facebook.com\/dexeusmujer\/","https:\/\/x.com\/dexeusmujer","https:\/\/www.instagram.com\/dexeusmujer","https:\/\/www.youtube.com\/user\/DexeusMujer"]}]}},"_links":{"self":[{"href":"https:\/\/www.dexeus.com\/fertility\/ca\/wp-json\/wp\/v2\/pages\/13738","targetHints":{"allow":["GET"]}}],"collection":[{"href":"https:\/\/www.dexeus.com\/fertility\/ca\/wp-json\/wp\/v2\/pages"}],"about":[{"href":"https:\/\/www.dexeus.com\/fertility\/ca\/wp-json\/wp\/v2\/types\/page"}],"author":[{"embeddable":true,"href":"https:\/\/www.dexeus.com\/fertility\/ca\/wp-json\/wp\/v2\/users\/1"}],"replies":[{"embeddable":true,"href":"https:\/\/www.dexeus.com\/fertility\/ca\/wp-json\/wp\/v2\/comments?post=13738"}],"version-history":[{"count":1,"href":"https:\/\/www.dexeus.com\/fertility\/ca\/wp-json\/wp\/v2\/pages\/13738\/revisions"}],"predecessor-version":[{"id":22823,"href":"https:\/\/www.dexeus.com\/fertility\/ca\/wp-json\/wp\/v2\/pages\/13738\/revisions\/22823"}],"up":[{"embeddable":true,"href":"https:\/\/www.dexeus.com\/fertility\/ca\/wp-json\/wp\/v2\/pages\/13715"}],"wp:featuredmedia":[{"embeddable":true,"href":"https:\/\/www.dexeus.com\/fertility\/ca\/wp-json\/wp\/v2\/media\/6370"}],"wp:attachment":[{"href":"https:\/\/www.dexeus.com\/fertility\/ca\/wp-json\/wp\/v2\/media?parent=13738"}],"curies":[{"name":"wp","href":"https:\/\/api.w.org\/{rel}","templated":true}]}}