{"id":13746,"date":"2024-02-29T15:53:27","date_gmt":"2024-02-29T14:53:27","guid":{"rendered":"https:\/\/www.dexeus.com\/fertility\/coneix-nos\/som-un-hospital-universitari\/"},"modified":"2025-01-31T16:55:44","modified_gmt":"2025-01-31T15:55:44","slug":"hospital-universitari","status":"publish","type":"page","link":"https:\/\/www.dexeus.com\/fertility\/ca\/sobre-nosaltres\/hospital-universitari\/","title":{"rendered":"Som un Hospital Universitari"},"content":{"rendered":"\t\t<div data-elementor-type=\"wp-post\" data-elementor-id=\"13746\" class=\"elementor elementor-13746 elementor-3253\" data-elementor-post-type=\"page\">\n\t\t\t\t<div class=\"elementor-element elementor-element-59a2be4 e-con-full e-flex e-con e-parent\" data-id=\"59a2be4\" data-element_type=\"container\" data-settings=\"{&quot;background_background&quot;:&quot;classic&quot;,&quot;jet_parallax_layout_list&quot;:[]}\">\n\t\t<div class=\"elementor-element elementor-element-be1b42a e-flex e-con-boxed e-con e-child\" data-id=\"be1b42a\" data-element_type=\"container\" data-settings=\"{&quot;jet_parallax_layout_list&quot;:[]}\">\n\t\t\t\t\t<div class=\"e-con-inner\">\n\t\t\t\t<div class=\"elementor-element elementor-element-b89520e elementor-widget elementor-widget-heading\" data-id=\"b89520e\" data-element_type=\"widget\" data-widget_type=\"heading.default\">\n\t\t\t\t<div class=\"elementor-widget-container\">\n\t\t\t\t\t<h1 class=\"elementor-heading-title elementor-size-default\">Som un Hospital Universitari<\/h1>\t\t\t\t<\/div>\n\t\t\t\t<\/div>\n\t\t\t\t\t<\/div>\n\t\t\t\t<\/div>\n\t\t\t\t<\/div>\n\t\t<div class=\"elementor-element elementor-element-29f9543 e-flex e-con-boxed e-con e-parent\" data-id=\"29f9543\" data-element_type=\"container\" data-settings=\"{&quot;jet_parallax_layout_list&quot;:[]}\">\n\t\t\t\t\t<div class=\"e-con-inner\">\n\t\t<div class=\"elementor-element elementor-element-8595aff e-flex e-con-boxed e-con e-child\" data-id=\"8595aff\" data-element_type=\"container\" data-settings=\"{&quot;jet_parallax_layout_list&quot;:[]}\">\n\t\t\t\t\t<div class=\"e-con-inner\">\n\t\t\t\t<div class=\"elementor-element elementor-element-ccded33 elementor-widget elementor-widget-heading\" data-id=\"ccded33\" data-element_type=\"widget\" data-widget_type=\"heading.default\">\n\t\t\t\t<div class=\"elementor-widget-container\">\n\t\t\t\t\t<h2 class=\"elementor-heading-title elementor-size-default\">Departament d\u2019Obstetr\u00edcia, Ginecologia i Reproducci\u00f3,<\/br> <span class=\"pink-title\">Hospital Universitari Dexeus<\/span><\/h2>\t\t\t\t<\/div>\n\t\t\t\t<\/div>\n\t\t\t\t\t<\/div>\n\t\t\t\t<\/div>\n\t\t\t\t\t<\/div>\n\t\t\t\t<\/div>\n\t\t<div class=\"elementor-element elementor-element-3705609 e-flex e-con-boxed e-con e-parent\" data-id=\"3705609\" data-element_type=\"container\" data-settings=\"{&quot;jet_parallax_layout_list&quot;:[]}\">\n\t\t\t\t\t<div class=\"e-con-inner\">\n\t\t<div class=\"elementor-element elementor-element-55274d0 e-con-full e-flex e-con e-child\" data-id=\"55274d0\" data-element_type=\"container\" data-settings=\"{&quot;jet_parallax_layout_list&quot;:[]}\">\n\t\t\t\t<div class=\"elementor-element elementor-element-3daedb0 elementor-widget elementor-widget-image\" data-id=\"3daedb0\" data-element_type=\"widget\" data-widget_type=\"image.default\">\n\t\t\t\t<div class=\"elementor-widget-container\">\n\t\t\t\t\t\t\t\t\t\t\t\t\t\t\t<img fetchpriority=\"high\" decoding=\"async\" width=\"300\" height=\"586\" src=\"https:\/\/www.dexeus.com\/fertility\/wp-content\/uploads\/2024\/03\/07_Dexeus-Pag-texto-pdf-2.webp\" class=\"attachment-1536x1536 size-1536x1536 wp-image-6810\" alt=\"\" srcset=\"https:\/\/www.dexeus.com\/fertility\/wp-content\/uploads\/2024\/03\/07_Dexeus-Pag-texto-pdf-2.webp 300w, https:\/\/www.dexeus.com\/fertility\/wp-content\/uploads\/2024\/03\/07_Dexeus-Pag-texto-pdf-2-154x300.webp 154w\" sizes=\"(max-width: 300px) 100vw, 300px\" \/>\t\t\t\t\t\t\t\t\t\t\t\t\t\t\t<\/div>\n\t\t\t\t<\/div>\n\t\t\t\t<\/div>\n\t\t<div class=\"elementor-element elementor-element-e9137bb e-con-full e-flex e-con e-child\" data-id=\"e9137bb\" data-element_type=\"container\" data-settings=\"{&quot;jet_parallax_layout_list&quot;:[]}\">\n\t\t\t\t<div class=\"elementor-element elementor-element-b9c2ef5 elementor-widget elementor-widget-text-editor\" data-id=\"b9c2ef5\" data-element_type=\"widget\" data-widget_type=\"text-editor.default\">\n\t\t\t\t<div class=\"elementor-widget-container\">\n\t\t\t\t\t\t\t\t\t<p>El <span class=\"pink-title\"><strong>Departament d\u2019Obstetr\u00edcia, Ginecologia i Reproducci\u00f3 de l\u2019Hospital Universitari Dexeus<\/strong><\/span> es un centre privat de refer\u00e8ncia internacional, que es dedica de forma exclusiva a la salut de la dona des de fa 85 anys.<\/p>\n<p>El ginec\u00f2leg <strong>Santiago Dexeus Font<\/strong> va fundar la Cl\u00ednica Mater en 1935 amb la voluntat d\u2019impulsar el desenvolupament d\u2019aquestes especialitats al nostre pa\u00eds i oferir formaci\u00f3 a altres metges, a trav\u00e9s de la creaci\u00f3 d\u2019una escola universit\u00e0ria denominada Escola Dexeus, que va ser la m\u00e9s antiga de l\u2019especialitat a Espanya..<\/p>\n\t\t\t\t\t\t\t\t<\/div>\n\t\t\t\t<\/div>\n\t\t\t\t<\/div>\n\t\t\t\t\t<\/div>\n\t\t\t\t<\/div>\n\t\t<div class=\"elementor-element elementor-element-ac94222 e-flex e-con-boxed e-con e-parent\" data-id=\"ac94222\" data-element_type=\"container\" data-settings=\"{&quot;background_background&quot;:&quot;classic&quot;,&quot;jet_parallax_layout_list&quot;:[]}\">\n\t\t\t\t\t<div class=\"e-con-inner\">\n\t\t<div class=\"elementor-element elementor-element-fb7ec58 e-flex e-con-boxed e-con e-child\" data-id=\"fb7ec58\" data-element_type=\"container\" data-settings=\"{&quot;jet_parallax_layout_list&quot;:[]}\">\n\t\t\t\t\t<div class=\"e-con-inner\">\n\t\t\t\t<div class=\"elementor-element elementor-element-3eb83fa elementor-widget-divider--view-line elementor-widget elementor-widget-divider\" data-id=\"3eb83fa\" data-element_type=\"widget\" data-widget_type=\"divider.default\">\n\t\t\t\t<div class=\"elementor-widget-container\">\n\t\t\t\t\t\t\t<div class=\"elementor-divider\">\n\t\t\t<span class=\"elementor-divider-separator\">\n\t\t\t\t\t\t<\/span>\n\t\t<\/div>\n\t\t\t\t\t\t<\/div>\n\t\t\t\t<\/div>\n\t\t\t\t<div class=\"elementor-element elementor-element-2988038 elementor-widget elementor-widget-text-editor\" data-id=\"2988038\" data-element_type=\"widget\" data-widget_type=\"text-editor.default\">\n\t\t\t\t<div class=\"elementor-widget-container\">\n\t\t\t\t\t\t\t\t\t<p>Des de 1989, i gr\u00e0cies a la tasca pionera desenvolupada per l\u2019Escola Dexeus, l\u2019antic <strong>Institut Dexeus i la Universitat Aut\u00f2noma de Barcelona (UAB)<\/strong> van acordar establir un conveni d\u2019adscripci\u00f3 a la UAB, de manera que l\u2019activitat docent desenvolupada pel centre Dexeus Dona compta amb reconeixement universitari.<\/p>\n<p>Aquest mateix any, el Ministeri de Sanitat espanyol va concedir a l\u2019Hospital Universitari Dexeus l\u2019estatut d\u2019Hospital Docent per a metges residents a trav\u00e9s del sistema oficial d\u2019examen MIR.<\/p>\n\t\t\t\t\t\t\t\t<\/div>\n\t\t\t\t<\/div>\n\t\t\t\t\t<\/div>\n\t\t\t\t<\/div>\n\t\t\t\t\t<\/div>\n\t\t\t\t<\/div>\n\t\t<div class=\"elementor-element elementor-element-9998ff5 why-choose-us-container e-flex e-con-boxed e-con e-child\" data-id=\"9998ff5\" data-element_type=\"container\" data-settings=\"{&quot;jet_parallax_layout_list&quot;:[]}\">\n\t\t\t\t\t<div class=\"e-con-inner\">\n\t\t<div class=\"elementor-element elementor-element-151711b e-con-full e-flex e-con e-child\" data-id=\"151711b\" data-element_type=\"container\" data-settings=\"{&quot;jet_parallax_layout_list&quot;:[]}\">\n\t\t<div class=\"elementor-element elementor-element-79496d9 e-con-full testimony-block e-flex e-con e-child\" data-id=\"79496d9\" data-element_type=\"container\" data-settings=\"{&quot;jet_parallax_layout_list&quot;:[]}\">\n\t\t\t\t<div class=\"elementor-element elementor-element-3b25a36 elementor-widget elementor-widget-image\" data-id=\"3b25a36\" data-element_type=\"widget\" data-widget_type=\"image.default\">\n\t\t\t\t<div class=\"elementor-widget-container\">\n\t\t\t\t\t\t\t\t\t\t\t\t\t\t\t<img decoding=\"async\" width=\"293\" height=\"293\" src=\"https:\/\/www.dexeus.com\/fertility\/wp-content\/uploads\/2024\/05\/31.png\" class=\"attachment-large size-large wp-image-19278\" alt=\"\" srcset=\"https:\/\/www.dexeus.com\/fertility\/wp-content\/uploads\/2024\/05\/31.png 293w, https:\/\/www.dexeus.com\/fertility\/wp-content\/uploads\/2024\/05\/31-150x150.png 150w\" sizes=\"(max-width: 293px) 100vw, 293px\" \/>\t\t\t\t\t\t\t\t\t\t\t\t\t\t\t<\/div>\n\t\t\t\t<\/div>\n\t\t\t\t<div class=\"elementor-element elementor-element-7da88e4 testimony-title elementor-widget elementor-widget-heading\" data-id=\"7da88e4\" data-element_type=\"widget\" data-widget_type=\"heading.default\">\n\t\t\t\t<div class=\"elementor-widget-container\">\n\t\t\t\t\t<h4 class=\"elementor-heading-title elementor-size-default\">Formaci\u00f3 continuada en obstetr\u00edcia, ginecologia i medicina de la reproducci\u00f3<\/h4>\t\t\t\t<\/div>\n\t\t\t\t<\/div>\n\t\t\t\t<\/div>\n\t\t\t\t<\/div>\n\t\t\t\t\t<\/div>\n\t\t\t\t<\/div>\n\t\t<div class=\"elementor-element elementor-element-75c76ff e-flex e-con-boxed e-con e-parent\" data-id=\"75c76ff\" data-element_type=\"container\" data-settings=\"{&quot;jet_parallax_layout_list&quot;:[]}\">\n\t\t\t\t\t<div class=\"e-con-inner\">\n\t\t<div class=\"elementor-element elementor-element-8b6a433 e-flex e-con-boxed e-con e-child\" data-id=\"8b6a433\" data-element_type=\"container\" data-settings=\"{&quot;jet_parallax_layout_list&quot;:[]}\">\n\t\t\t\t\t<div class=\"e-con-inner\">\n\t\t\t\t<div class=\"elementor-element elementor-element-fd0a0ab elementor-widget elementor-widget-text-editor\" data-id=\"fd0a0ab\" data-element_type=\"widget\" data-widget_type=\"text-editor.default\">\n\t\t\t\t<div class=\"elementor-widget-container\">\n\t\t\t\t\t\t\t\t\t<p>El prestigi de l\u2019<strong>Hospital Universitari Dexeus<\/strong> en la comunitat cient\u00edfica m\u00e8dica i la seva vocaci\u00f3 com a escola atrauen molts professionals internacionals que volen aprofundir el seu coneixement d\u2019una t\u00e8cnica.<\/p>\n<p>Fidels a la nostra vocaci\u00f3 docent heretada de l\u2019<strong>Escola Dexeus<\/strong> i com a centre <strong>adscrit a la Universitat Aut\u00f2noma de Barcelona (UAB)<\/strong>, oferim diferents sistemes de formaci\u00f3 a tots els professionals especialitzats en obstetr\u00edcia, ginecologia i reproducci\u00f3.<\/p>\n<p>El sentimient d\u2019escola \u00e9s consubstancial a la <span class=\"pink-title\"><strong>Fundaci\u00f3 Dexeus Dona<\/strong><\/span>. La Fundaci\u00f3 constitueix el vehicle que permet compartir els coneixements m\u00e8dics dels professionals de <strong>Dexeus Dona<\/strong>, amb la resta de professionals de l\u2019especialitat, mitjan\u00e7ant::<\/p>\n<ul>\n<li>Un programa de formaci\u00f3 continuada<\/li>\n<li>La promoci\u00f3 d\u2019estades formatives<\/li>\n<li>La formaci\u00f3 d\u2019especialistes en Obstetr\u00edcia i Ginecologia (MIR)<\/li>\n<li>L&#8217;auspici de reunions cient\u00edfiques<\/li>\n<\/ul>\n\t\t\t\t\t\t\t\t<\/div>\n\t\t\t\t<\/div>\n\t\t<div class=\"elementor-element elementor-element-dd25458 e-flex e-con-boxed e-con e-child\" data-id=\"dd25458\" data-element_type=\"container\" data-settings=\"{&quot;jet_parallax_layout_list&quot;:[]}\">\n\t\t\t\t\t<div class=\"e-con-inner\">\n\t\t\t\t<div class=\"elementor-element elementor-element-b28f7eb elementor-widget elementor-widget-image\" data-id=\"b28f7eb\" data-element_type=\"widget\" data-widget_type=\"image.default\">\n\t\t\t\t<div class=\"elementor-widget-container\">\n\t\t\t\t\t\t\t\t\t\t\t\t\t\t\t<img decoding=\"async\" width=\"1374\" height=\"701\" src=\"https:\/\/www.dexeus.com\/fertility\/wp-content\/uploads\/2024\/03\/07_Dexeus-Pag-texto-pdf.webp\" class=\"attachment-1536x1536 size-1536x1536 wp-image-6826\" alt=\"\" srcset=\"https:\/\/www.dexeus.com\/fertility\/wp-content\/uploads\/2024\/03\/07_Dexeus-Pag-texto-pdf.webp 1374w, https:\/\/www.dexeus.com\/fertility\/wp-content\/uploads\/2024\/03\/07_Dexeus-Pag-texto-pdf-300x153.webp 300w, https:\/\/www.dexeus.com\/fertility\/wp-content\/uploads\/2024\/03\/07_Dexeus-Pag-texto-pdf-1024x522.webp 1024w, https:\/\/www.dexeus.com\/fertility\/wp-content\/uploads\/2024\/03\/07_Dexeus-Pag-texto-pdf-768x392.webp 768w\" sizes=\"(max-width: 1374px) 100vw, 1374px\" \/>\t\t\t\t\t\t\t\t\t\t\t\t\t\t\t<\/div>\n\t\t\t\t<\/div>\n\t\t\t\t\t<\/div>\n\t\t\t\t<\/div>\n\t\t\t\t\t<\/div>\n\t\t\t\t<\/div>\n\t\t\t\t\t<\/div>\n\t\t\t\t<\/div>\n\t\t\t\t<\/div>\n\t\t","protected":false},"excerpt":{"rendered":"<p>Departament d\u2019Obstetr\u00edcia, Ginecologia i Reproducci\u00f3, Hospital Universitari Dexeus El Departament d\u2019Obstetr\u00edcia, Ginecologia i Reproducci\u00f3 de l\u2019Hospital Universitari Dexeus es un centre privat de refer\u00e8ncia internacional, que es dedica de forma exclusiva a la salut de la dona des de fa 85 anys. El ginec\u00f2leg Santiago Dexeus Font va fundar la Cl\u00ednica Mater en 1935 amb [&hellip;]<\/p>\n","protected":false},"author":1,"featured_media":6805,"parent":13715,"menu_order":0,"comment_status":"closed","ping_status":"closed","template":"","meta":{"footnotes":""},"class_list":["post-13746","page","type-page","status-publish","has-post-thumbnail","hentry"],"yoast_head":"<!-- This site is optimized with the Yoast SEO plugin v26.8 - https:\/\/yoast.com\/product\/yoast-seo-wordpress\/ -->\n<title>M\u00e9s que un centre de FIV, un hospital universitari: Dexeus Fertility<\/title>\n<meta name=\"description\" content=\"A m\u00e9s d&#039;una cl\u00ednica de fertilitat, Dexeus Fertility \u00e9s tamb\u00e9 un hospital universitari adscrit a la Universitat Aut\u00f2noma de Barcelona (UAB)\" \/>\n<meta name=\"robots\" content=\"index, follow, max-snippet:-1, max-image-preview:large, max-video-preview:-1\" \/>\n<link rel=\"canonical\" href=\"https:\/\/www.dexeus.com\/fertility\/ca\/sobre-nosaltres\/hospital-universitari\/\" \/>\n<meta property=\"og:locale\" content=\"ca_ES\" \/>\n<meta property=\"og:type\" content=\"article\" \/>\n<meta property=\"og:title\" content=\"M\u00e9s que un centre de FIV, un hospital universitari: Dexeus Fertility\" \/>\n<meta property=\"og:description\" content=\"A m\u00e9s d&#039;una cl\u00ednica de fertilitat, Dexeus Fertility \u00e9s tamb\u00e9 un hospital universitari adscrit a la Universitat Aut\u00f2noma de Barcelona (UAB)\" \/>\n<meta property=\"og:url\" content=\"https:\/\/www.dexeus.com\/fertility\/ca\/sobre-nosaltres\/hospital-universitari\/\" \/>\n<meta property=\"og:site_name\" content=\"Dexeus Fertility\" \/>\n<meta property=\"article:publisher\" content=\"https:\/\/www.facebook.com\/dexeusmujer\/\" \/>\n<meta property=\"article:modified_time\" content=\"2025-01-31T15:55:44+00:00\" \/>\n<meta property=\"og:image\" content=\"https:\/\/www.dexeus.com\/fertility\/wp-content\/uploads\/2024\/03\/universitario.webp\" \/>\n\t<meta property=\"og:image:width\" content=\"1000\" \/>\n\t<meta property=\"og:image:height\" content=\"465\" \/>\n\t<meta property=\"og:image:type\" content=\"image\/webp\" \/>\n<meta name=\"twitter:card\" content=\"summary_large_image\" \/>\n<meta name=\"twitter:site\" content=\"@dexeusmujer\" \/>\n<script type=\"application\/ld+json\" class=\"yoast-schema-graph\">{\"@context\":\"https:\/\/schema.org\",\"@graph\":[{\"@type\":[\"WebPage\",\"MedicalWebPage\"],\"@id\":\"https:\/\/www.dexeus.com\/fertility\/ca\/sobre-nosaltres\/hospital-universitari\/\",\"url\":\"https:\/\/www.dexeus.com\/fertility\/ca\/sobre-nosaltres\/hospital-universitari\/\",\"name\":\"M\u00e9s que un centre de FIV, un hospital universitari: Dexeus Fertility\",\"isPartOf\":{\"@id\":\"https:\/\/www.dexeus.com\/fertilitynew\/#website\"},\"primaryImageOfPage\":{\"@id\":\"https:\/\/www.dexeus.com\/fertility\/ca\/sobre-nosaltres\/hospital-universitari\/#primaryimage\"},\"image\":{\"@id\":\"https:\/\/www.dexeus.com\/fertility\/ca\/sobre-nosaltres\/hospital-universitari\/#primaryimage\"},\"thumbnailUrl\":\"https:\/\/www.dexeus.com\/fertility\/wp-content\/uploads\/2024\/03\/universitario.webp\",\"datePublished\":\"2024-02-29T14:53:27+00:00\",\"dateModified\":\"2025-01-31T15:55:44+00:00\",\"description\":\"A m\u00e9s d'una cl\u00ednica de fertilitat, Dexeus Fertility \u00e9s tamb\u00e9 un hospital universitari adscrit a la Universitat Aut\u00f2noma de Barcelona (UAB)\",\"breadcrumb\":{\"@id\":\"https:\/\/www.dexeus.com\/fertility\/ca\/sobre-nosaltres\/hospital-universitari\/#breadcrumb\"},\"inLanguage\":\"ca\",\"potentialAction\":[{\"@type\":\"ReadAction\",\"target\":[\"https:\/\/www.dexeus.com\/fertility\/ca\/sobre-nosaltres\/hospital-universitari\/\"]}]},{\"@type\":\"ImageObject\",\"inLanguage\":\"ca\",\"@id\":\"https:\/\/www.dexeus.com\/fertility\/ca\/sobre-nosaltres\/hospital-universitari\/#primaryimage\",\"url\":\"https:\/\/www.dexeus.com\/fertility\/wp-content\/uploads\/2024\/03\/universitario.webp\",\"contentUrl\":\"https:\/\/www.dexeus.com\/fertility\/wp-content\/uploads\/2024\/03\/universitario.webp\",\"width\":1000,\"height\":465},{\"@type\":\"BreadcrumbList\",\"@id\":\"https:\/\/www.dexeus.com\/fertility\/ca\/sobre-nosaltres\/hospital-universitari\/#breadcrumb\",\"itemListElement\":[{\"@type\":\"ListItem\",\"position\":1,\"name\":\"Portada\",\"item\":\"https:\/\/www.dexeus.com\/fertility\/ca\/35-anys-dexperiencia-en-reproduccio-assistida\/\"},{\"@type\":\"ListItem\",\"position\":2,\"name\":\"Coneix-nos\",\"item\":\"https:\/\/dexeusfertility.enproves.cat\/ca\/sobre-nosaltres\/\"},{\"@type\":\"ListItem\",\"position\":3,\"name\":\"Som un Hospital Universitari\"}]},{\"@type\":\"WebSite\",\"@id\":\"https:\/\/www.dexeus.com\/fertilitynew\/#website\",\"url\":\"https:\/\/www.dexeus.com\/fertilitynew\/\",\"name\":\"Dexeus Fertility\",\"description\":\"Dexeus Mujer es un centro de referencia y pionero en Espa\u00f1a en t\u00e9cnicas de reproducci\u00f3n asistida, con m\u00e1s de 80 a\u00f1os de experiencia en el diagn\u00f3stico y tratamiento de los problemas de fertilidad.\",\"publisher\":{\"@id\":\"https:\/\/www.dexeus.com\/fertilitynew\/#organization\"},\"alternateName\":\"Dexeus fertilidad\",\"potentialAction\":[{\"@type\":\"SearchAction\",\"target\":{\"@type\":\"EntryPoint\",\"urlTemplate\":\"https:\/\/www.dexeus.com\/fertilitynew\/?s={search_term_string}\"},\"query-input\":{\"@type\":\"PropertyValueSpecification\",\"valueRequired\":true,\"valueName\":\"search_term_string\"}}],\"inLanguage\":\"ca\"},{\"@type\":\"Organization\",\"@id\":\"https:\/\/www.dexeus.com\/fertilitynew\/#organization\",\"name\":\"Dexeus Fertility\",\"url\":\"https:\/\/www.dexeus.com\/fertilitynew\/\",\"logo\":{\"@type\":\"ImageObject\",\"inLanguage\":\"ca\",\"@id\":\"https:\/\/www.dexeus.com\/fertilitynew\/#\/schema\/logo\/image\/\",\"url\":\"https:\/\/www.dexeus.com\/fertility\/wp-content\/uploads\/2024\/02\/logofertility.svg\",\"contentUrl\":\"https:\/\/www.dexeus.com\/fertility\/wp-content\/uploads\/2024\/02\/logofertility.svg\",\"caption\":\"Dexeus Fertility\"},\"image\":{\"@id\":\"https:\/\/www.dexeus.com\/fertilitynew\/#\/schema\/logo\/image\/\"},\"sameAs\":[\"https:\/\/www.facebook.com\/dexeusmujer\/\",\"https:\/\/x.com\/dexeusmujer\",\"https:\/\/www.instagram.com\/dexeusmujer\",\"https:\/\/www.youtube.com\/user\/DexeusMujer\"]}]}<\/script>\n<!-- \/ Yoast SEO plugin. -->","yoast_head_json":{"title":"M\u00e9s que un centre de FIV, un hospital universitari: Dexeus Fertility","description":"A m\u00e9s d'una cl\u00ednica de fertilitat, Dexeus Fertility \u00e9s tamb\u00e9 un hospital universitari adscrit a la Universitat Aut\u00f2noma de Barcelona (UAB)","robots":{"index":"index","follow":"follow","max-snippet":"max-snippet:-1","max-image-preview":"max-image-preview:large","max-video-preview":"max-video-preview:-1"},"canonical":"https:\/\/www.dexeus.com\/fertility\/ca\/sobre-nosaltres\/hospital-universitari\/","og_locale":"ca_ES","og_type":"article","og_title":"M\u00e9s que un centre de FIV, un hospital universitari: Dexeus Fertility","og_description":"A m\u00e9s d'una cl\u00ednica de fertilitat, Dexeus Fertility \u00e9s tamb\u00e9 un hospital universitari adscrit a la Universitat Aut\u00f2noma de Barcelona (UAB)","og_url":"https:\/\/www.dexeus.com\/fertility\/ca\/sobre-nosaltres\/hospital-universitari\/","og_site_name":"Dexeus Fertility","article_publisher":"https:\/\/www.facebook.com\/dexeusmujer\/","article_modified_time":"2025-01-31T15:55:44+00:00","og_image":[{"width":1000,"height":465,"url":"https:\/\/www.dexeus.com\/fertility\/wp-content\/uploads\/2024\/03\/universitario.webp","type":"image\/webp"}],"twitter_card":"summary_large_image","twitter_site":"@dexeusmujer","schema":{"@context":"https:\/\/schema.org","@graph":[{"@type":["WebPage","MedicalWebPage"],"@id":"https:\/\/www.dexeus.com\/fertility\/ca\/sobre-nosaltres\/hospital-universitari\/","url":"https:\/\/www.dexeus.com\/fertility\/ca\/sobre-nosaltres\/hospital-universitari\/","name":"M\u00e9s que un centre de FIV, un hospital universitari: Dexeus Fertility","isPartOf":{"@id":"https:\/\/www.dexeus.com\/fertilitynew\/#website"},"primaryImageOfPage":{"@id":"https:\/\/www.dexeus.com\/fertility\/ca\/sobre-nosaltres\/hospital-universitari\/#primaryimage"},"image":{"@id":"https:\/\/www.dexeus.com\/fertility\/ca\/sobre-nosaltres\/hospital-universitari\/#primaryimage"},"thumbnailUrl":"https:\/\/www.dexeus.com\/fertility\/wp-content\/uploads\/2024\/03\/universitario.webp","datePublished":"2024-02-29T14:53:27+00:00","dateModified":"2025-01-31T15:55:44+00:00","description":"A m\u00e9s d'una cl\u00ednica de fertilitat, Dexeus Fertility \u00e9s tamb\u00e9 un hospital universitari adscrit a la Universitat Aut\u00f2noma de Barcelona (UAB)","breadcrumb":{"@id":"https:\/\/www.dexeus.com\/fertility\/ca\/sobre-nosaltres\/hospital-universitari\/#breadcrumb"},"inLanguage":"ca","potentialAction":[{"@type":"ReadAction","target":["https:\/\/www.dexeus.com\/fertility\/ca\/sobre-nosaltres\/hospital-universitari\/"]}]},{"@type":"ImageObject","inLanguage":"ca","@id":"https:\/\/www.dexeus.com\/fertility\/ca\/sobre-nosaltres\/hospital-universitari\/#primaryimage","url":"https:\/\/www.dexeus.com\/fertility\/wp-content\/uploads\/2024\/03\/universitario.webp","contentUrl":"https:\/\/www.dexeus.com\/fertility\/wp-content\/uploads\/2024\/03\/universitario.webp","width":1000,"height":465},{"@type":"BreadcrumbList","@id":"https:\/\/www.dexeus.com\/fertility\/ca\/sobre-nosaltres\/hospital-universitari\/#breadcrumb","itemListElement":[{"@type":"ListItem","position":1,"name":"Portada","item":"https:\/\/www.dexeus.com\/fertility\/ca\/35-anys-dexperiencia-en-reproduccio-assistida\/"},{"@type":"ListItem","position":2,"name":"Coneix-nos","item":"https:\/\/dexeusfertility.enproves.cat\/ca\/sobre-nosaltres\/"},{"@type":"ListItem","position":3,"name":"Som un Hospital Universitari"}]},{"@type":"WebSite","@id":"https:\/\/www.dexeus.com\/fertilitynew\/#website","url":"https:\/\/www.dexeus.com\/fertilitynew\/","name":"Dexeus Fertility","description":"Dexeus Mujer es un centro de referencia y pionero en Espa\u00f1a en t\u00e9cnicas de reproducci\u00f3n asistida, con m\u00e1s de 80 a\u00f1os de experiencia en el diagn\u00f3stico y tratamiento de los problemas de fertilidad.","publisher":{"@id":"https:\/\/www.dexeus.com\/fertilitynew\/#organization"},"alternateName":"Dexeus fertilidad","potentialAction":[{"@type":"SearchAction","target":{"@type":"EntryPoint","urlTemplate":"https:\/\/www.dexeus.com\/fertilitynew\/?s={search_term_string}"},"query-input":{"@type":"PropertyValueSpecification","valueRequired":true,"valueName":"search_term_string"}}],"inLanguage":"ca"},{"@type":"Organization","@id":"https:\/\/www.dexeus.com\/fertilitynew\/#organization","name":"Dexeus Fertility","url":"https:\/\/www.dexeus.com\/fertilitynew\/","logo":{"@type":"ImageObject","inLanguage":"ca","@id":"https:\/\/www.dexeus.com\/fertilitynew\/#\/schema\/logo\/image\/","url":"https:\/\/www.dexeus.com\/fertility\/wp-content\/uploads\/2024\/02\/logofertility.svg","contentUrl":"https:\/\/www.dexeus.com\/fertility\/wp-content\/uploads\/2024\/02\/logofertility.svg","caption":"Dexeus Fertility"},"image":{"@id":"https:\/\/www.dexeus.com\/fertilitynew\/#\/schema\/logo\/image\/"},"sameAs":["https:\/\/www.facebook.com\/dexeusmujer\/","https:\/\/x.com\/dexeusmujer","https:\/\/www.instagram.com\/dexeusmujer","https:\/\/www.youtube.com\/user\/DexeusMujer"]}]}},"_links":{"self":[{"href":"https:\/\/www.dexeus.com\/fertility\/ca\/wp-json\/wp\/v2\/pages\/13746","targetHints":{"allow":["GET"]}}],"collection":[{"href":"https:\/\/www.dexeus.com\/fertility\/ca\/wp-json\/wp\/v2\/pages"}],"about":[{"href":"https:\/\/www.dexeus.com\/fertility\/ca\/wp-json\/wp\/v2\/types\/page"}],"author":[{"embeddable":true,"href":"https:\/\/www.dexeus.com\/fertility\/ca\/wp-json\/wp\/v2\/users\/1"}],"replies":[{"embeddable":true,"href":"https:\/\/www.dexeus.com\/fertility\/ca\/wp-json\/wp\/v2\/comments?post=13746"}],"version-history":[{"count":5,"href":"https:\/\/www.dexeus.com\/fertility\/ca\/wp-json\/wp\/v2\/pages\/13746\/revisions"}],"predecessor-version":[{"id":30087,"href":"https:\/\/www.dexeus.com\/fertility\/ca\/wp-json\/wp\/v2\/pages\/13746\/revisions\/30087"}],"up":[{"embeddable":true,"href":"https:\/\/www.dexeus.com\/fertility\/ca\/wp-json\/wp\/v2\/pages\/13715"}],"wp:featuredmedia":[{"embeddable":true,"href":"https:\/\/www.dexeus.com\/fertility\/ca\/wp-json\/wp\/v2\/media\/6805"}],"wp:attachment":[{"href":"https:\/\/www.dexeus.com\/fertility\/ca\/wp-json\/wp\/v2\/media?parent=13746"}],"curies":[{"name":"wp","href":"https:\/\/api.w.org\/{rel}","templated":true}]}}