{"id":13752,"date":"2024-03-17T10:48:41","date_gmt":"2024-03-17T09:48:41","guid":{"rendered":"https:\/\/www.dexeus.com\/fertility\/dexeus-balance\/"},"modified":"2024-06-07T10:05:19","modified_gmt":"2024-06-07T08:05:19","slug":"dexeus-balance","status":"publish","type":"page","link":"https:\/\/www.dexeus.com\/fertility\/ca\/dexeus-balance\/","title":{"rendered":"Dexeus Balance"},"content":{"rendered":"\t\t<div data-elementor-type=\"wp-post\" data-elementor-id=\"13752\" class=\"elementor elementor-13752 elementor-5347\" data-elementor-post-type=\"page\">\n\t\t\t\t<div class=\"elementor-element elementor-element-5e9cd7f e-con-full e-flex e-con e-parent\" data-id=\"5e9cd7f\" data-element_type=\"container\" data-settings=\"{&quot;background_background&quot;:&quot;classic&quot;,&quot;jet_parallax_layout_list&quot;:[]}\">\n\t\t<div class=\"elementor-element elementor-element-04fb372 e-flex e-con-boxed e-con e-child\" data-id=\"04fb372\" data-element_type=\"container\" data-settings=\"{&quot;jet_parallax_layout_list&quot;:[]}\">\n\t\t\t\t\t<div class=\"e-con-inner\">\n\t\t\t\t<div class=\"elementor-element elementor-element-99b8218 elementor-widget__width-initial elementor-widget elementor-widget-heading\" data-id=\"99b8218\" data-element_type=\"widget\" data-widget_type=\"heading.default\">\n\t\t\t\t<div class=\"elementor-widget-container\">\n\t\t\t\t\t<h1 class=\"elementor-heading-title elementor-size-default\">Dexeus Balance<\/h1>\t\t\t\t<\/div>\n\t\t\t\t<\/div>\n\t\t\t\t\t<\/div>\n\t\t\t\t<\/div>\n\t\t\t\t<\/div>\n\t\t<div class=\"elementor-element elementor-element-70a2e88 e-flex e-con-boxed e-con e-parent\" data-id=\"70a2e88\" data-element_type=\"container\" data-settings=\"{&quot;jet_parallax_layout_list&quot;:[]}\">\n\t\t\t\t\t<div class=\"e-con-inner\">\n\t\t\t\t<div class=\"elementor-element elementor-element-096ce1a elementor-widget elementor-widget-heading\" data-id=\"096ce1a\" data-element_type=\"widget\" data-widget_type=\"heading.default\">\n\t\t\t\t<div class=\"elementor-widget-container\">\n\t\t\t\t\t<h2 class=\"elementor-heading-title elementor-size-default\">A Dexeus Fertility <strong class=\"pink-title\">cuidem de tu<\/strong><\/h2>\t\t\t\t<\/div>\n\t\t\t\t<\/div>\n\t\t\t\t<div class=\"elementor-element elementor-element-56ae1aa elementor-widget elementor-widget-text-editor\" data-id=\"56ae1aa\" data-element_type=\"widget\" data-widget_type=\"text-editor.default\">\n\t\t\t\t<div class=\"elementor-widget-container\">\n\t\t\t\t\t\t\t\t\t<p>A <strong>Dexeus Fertility<\/strong> <strong>volem cuidar del teu benestar<\/strong> per a que trobis l\u2019equilibri entre cos i ment. Per aix\u00f2, llancem <strong class=\"pink-title\">Dexeus Balance<\/strong>, un servei que incloem en els nostres tractaments de FIV i Ovodon, amb el que podr\u00e0s gaudir de quatre sessions gratu\u00eftes de cures addicionals per a la teva salut.<\/p>\n\t\t\t\t\t\t\t\t<\/div>\n\t\t\t\t<\/div>\n\t\t\t\t\t<\/div>\n\t\t\t\t<\/div>\n\t\t<div class=\"elementor-element elementor-element-ee73ce4 e-flex e-con-boxed e-con e-parent\" data-id=\"ee73ce4\" data-element_type=\"container\" data-settings=\"{&quot;jet_parallax_layout_list&quot;:[]}\">\n\t\t\t\t\t<div class=\"e-con-inner\">\n\t\t<div class=\"elementor-element elementor-element-e3a9d36 e-con-full e-flex e-con e-child\" data-id=\"e3a9d36\" data-element_type=\"container\" data-settings=\"{&quot;jet_parallax_layout_list&quot;:[]}\">\n\t\t\t\t<div class=\"elementor-element elementor-element-0ae033f elementor-position-top elementor-widget elementor-widget-image-box\" data-id=\"0ae033f\" data-element_type=\"widget\" data-widget_type=\"image-box.default\">\n\t\t\t\t<div class=\"elementor-widget-container\">\n\t\t\t\t\t<div class=\"elementor-image-box-wrapper\"><figure class=\"elementor-image-box-img\"><img fetchpriority=\"high\" decoding=\"async\" width=\"250\" height=\"250\" src=\"https:\/\/www.dexeus.com\/fertility\/wp-content\/uploads\/2024\/03\/dexeus-balance-nutricion2.webp\" class=\"attachment-full size-full wp-image-6973\" alt=\"\" srcset=\"https:\/\/www.dexeus.com\/fertility\/wp-content\/uploads\/2024\/03\/dexeus-balance-nutricion2.webp 250w, https:\/\/www.dexeus.com\/fertility\/wp-content\/uploads\/2024\/03\/dexeus-balance-nutricion2-150x150.webp 150w\" sizes=\"(max-width: 250px) 100vw, 250px\" \/><\/figure><div class=\"elementor-image-box-content\"><h3 class=\"elementor-image-box-title\">Nutrici\u00f3<\/h3><p class=\"elementor-image-box-description\">Millorar els teus h\u00e0bits \u00e9s el millor punt de partida per complementar els tractaments de reproducci\u00f3 assistida i aconseguir el desenvolupament d\u2019un embar\u00e0s sa. T\u2019ajudarem a portar una alimentaci\u00f3 equilibrada i perdre pes, si ho necessites.<\/p><\/div><\/div>\t\t\t\t<\/div>\n\t\t\t\t<\/div>\n\t\t\t\t<\/div>\n\t\t<div class=\"elementor-element elementor-element-3e90687 e-con-full e-flex e-con e-child\" data-id=\"3e90687\" data-element_type=\"container\" data-settings=\"{&quot;jet_parallax_layout_list&quot;:[]}\">\n\t\t\t\t<div class=\"elementor-element elementor-element-79fed2b elementor-position-top elementor-widget elementor-widget-image-box\" data-id=\"79fed2b\" data-element_type=\"widget\" data-widget_type=\"image-box.default\">\n\t\t\t\t<div class=\"elementor-widget-container\">\n\t\t\t\t\t<div class=\"elementor-image-box-wrapper\"><figure class=\"elementor-image-box-img\"><img decoding=\"async\" width=\"250\" height=\"250\" src=\"https:\/\/www.dexeus.com\/fertility\/wp-content\/uploads\/2024\/03\/dexeus-balance-fisioterapia.webp\" class=\"attachment-full size-full wp-image-6989\" alt=\"\" srcset=\"https:\/\/www.dexeus.com\/fertility\/wp-content\/uploads\/2024\/03\/dexeus-balance-fisioterapia.webp 250w, https:\/\/www.dexeus.com\/fertility\/wp-content\/uploads\/2024\/03\/dexeus-balance-fisioterapia-150x150.webp 150w\" sizes=\"(max-width: 250px) 100vw, 250px\" \/><\/figure><div class=\"elementor-image-box-content\"><h3 class=\"elementor-image-box-title\">Fisioter\u00e0pia<\/h3><p class=\"elementor-image-box-description\">Tenir cura de la teva salut f\u00edsica prev\u00e9 alteracions i complicacions que es poden produir durant un tractament de reproducci\u00f3 assistida, la gestaci\u00f3, el part i el postpart. T\u2019ajudarem a millorar la teva mobilitat i alleujar tensions musculars i articulars.<\/p><\/div><\/div>\t\t\t\t<\/div>\n\t\t\t\t<\/div>\n\t\t\t\t<\/div>\n\t\t<div class=\"elementor-element elementor-element-1c2a250 e-con-full e-flex e-con e-child\" data-id=\"1c2a250\" data-element_type=\"container\" data-settings=\"{&quot;jet_parallax_layout_list&quot;:[]}\">\n\t\t\t\t<div class=\"elementor-element elementor-element-2fd293b elementor-position-top elementor-widget elementor-widget-image-box\" data-id=\"2fd293b\" data-element_type=\"widget\" data-widget_type=\"image-box.default\">\n\t\t\t\t<div class=\"elementor-widget-container\">\n\t\t\t\t\t<div class=\"elementor-image-box-wrapper\"><figure class=\"elementor-image-box-img\"><img decoding=\"async\" width=\"250\" height=\"250\" src=\"https:\/\/www.dexeus.com\/fertility\/wp-content\/uploads\/2024\/03\/dexeus-balance-psicologia.webp\" class=\"attachment-full size-full wp-image-6983\" alt=\"\" srcset=\"https:\/\/www.dexeus.com\/fertility\/wp-content\/uploads\/2024\/03\/dexeus-balance-psicologia.webp 250w, https:\/\/www.dexeus.com\/fertility\/wp-content\/uploads\/2024\/03\/dexeus-balance-psicologia-150x150.webp 150w\" sizes=\"(max-width: 250px) 100vw, 250px\" \/><\/figure><div class=\"elementor-image-box-content\"><h3 class=\"elementor-image-box-title\">Psicologia<\/h3><p class=\"elementor-image-box-description\">El benestar emocional \u00e9s un pilar fonamental en el bon desenvolupament d\u2019un tractament de reproducci\u00f3 assistida. T\u2019ajudarem a fer front a un diagn\u00f2stic o una situaci\u00f3 personal complicada, mitjan\u00e7ant una atenci\u00f3 psicol\u00f2gica adaptada a cada moment.<\/p><\/div><\/div>\t\t\t\t<\/div>\n\t\t\t\t<\/div>\n\t\t\t\t<\/div>\n\t\t<div class=\"elementor-element elementor-element-1b32c17 e-con-full e-flex e-con e-child\" data-id=\"1b32c17\" data-element_type=\"container\" data-settings=\"{&quot;jet_parallax_layout_list&quot;:[]}\">\n\t\t\t\t<div class=\"elementor-element elementor-element-b05153e elementor-position-top elementor-widget elementor-widget-image-box\" data-id=\"b05153e\" data-element_type=\"widget\" data-widget_type=\"image-box.default\">\n\t\t\t\t<div class=\"elementor-widget-container\">\n\t\t\t\t\t<div class=\"elementor-image-box-wrapper\"><figure class=\"elementor-image-box-img\"><img loading=\"lazy\" decoding=\"async\" width=\"250\" height=\"250\" src=\"https:\/\/www.dexeus.com\/fertility\/wp-content\/uploads\/2024\/03\/dexeus-balance-acupuntura.webp\" class=\"attachment-full size-full wp-image-6978\" alt=\"\" srcset=\"https:\/\/www.dexeus.com\/fertility\/wp-content\/uploads\/2024\/03\/dexeus-balance-acupuntura.webp 250w, https:\/\/www.dexeus.com\/fertility\/wp-content\/uploads\/2024\/03\/dexeus-balance-acupuntura-150x150.webp 150w\" sizes=\"(max-width: 250px) 100vw, 250px\" \/><\/figure><div class=\"elementor-image-box-content\"><h3 class=\"elementor-image-box-title\">Acupuntura<\/h3><p class=\"elementor-image-box-description\">La t\u00e8cnica asi\u00e0tica pot reduir dolors, controlar alteracions hormonals o disfuncions de l\u2019ovulaci\u00f3 al tractament de reproducci\u00f3 assistida. T\u2019ajudarem a con\u00e8ixer i familiaritzar-te amb un m\u00e8tode benefici\u00f3s per a la teva salut.<\/p><\/div><\/div>\t\t\t\t<\/div>\n\t\t\t\t<\/div>\n\t\t\t\t<\/div>\n\t\t\t\t\t<\/div>\n\t\t\t\t<\/div>\n\t\t\t\t<\/div>\n\t\t","protected":false},"excerpt":{"rendered":"<p>A Dexeus Fertility cuidem de tu A Dexeus Fertility volem cuidar del teu benestar per a que trobis l\u2019equilibri entre cos i ment. Per aix\u00f2, llancem Dexeus Balance, un servei que incloem en els nostres tractaments de FIV i Ovodon, amb el que podr\u00e0s gaudir de quatre sessions gratu\u00eftes de cures addicionals per a la [&hellip;]<\/p>\n","protected":false},"author":1,"featured_media":6968,"parent":0,"menu_order":0,"comment_status":"closed","ping_status":"closed","template":"","meta":{"footnotes":""},"class_list":["post-13752","page","type-page","status-publish","has-post-thumbnail","hentry"],"yoast_head":"<!-- This site is optimized with the Yoast SEO plugin v26.8 - https:\/\/yoast.com\/product\/yoast-seo-wordpress\/ -->\n<title>Dexeus Balance | Dexeus Fertility<\/title>\n<meta name=\"description\" content=\"Dexeus Balance \u00e9s un servei que incloem en els nostres tractaments de FIV i Ovodon amb el que podr\u00e0s gaudir de 4sessions gratu\u00eftes de cures addicionals per a la teva salut.\" \/>\n<meta name=\"robots\" content=\"index, follow, max-snippet:-1, max-image-preview:large, max-video-preview:-1\" \/>\n<link rel=\"canonical\" href=\"https:\/\/www.dexeus.com\/fertility\/ca\/dexeus-balance\/\" \/>\n<meta property=\"og:locale\" content=\"ca_ES\" \/>\n<meta property=\"og:type\" content=\"article\" \/>\n<meta property=\"og:title\" content=\"Dexeus Balance | Dexeus Fertility\" \/>\n<meta property=\"og:description\" content=\"Dexeus Balance \u00e9s un servei que incloem en els nostres tractaments de FIV i Ovodon amb el que podr\u00e0s gaudir de 4sessions gratu\u00eftes de cures addicionals per a la teva salut.\" \/>\n<meta property=\"og:url\" content=\"https:\/\/www.dexeus.com\/fertility\/ca\/dexeus-balance\/\" \/>\n<meta property=\"og:site_name\" content=\"Dexeus Fertility\" \/>\n<meta property=\"article:publisher\" content=\"https:\/\/www.facebook.com\/dexeusmujer\/\" \/>\n<meta property=\"article:modified_time\" content=\"2024-06-07T08:05:19+00:00\" \/>\n<meta property=\"og:image\" content=\"https:\/\/dexeusfertility.enproves.cat\/wp-content\/uploads\/2024\/03\/nutricion-mujer-comida-sana-1.webp\" \/>\n\t<meta property=\"og:image:width\" content=\"1000\" \/>\n\t<meta property=\"og:image:height\" content=\"667\" \/>\n\t<meta property=\"og:image:type\" content=\"image\/webp\" \/>\n<meta name=\"twitter:card\" content=\"summary_large_image\" \/>\n<meta name=\"twitter:site\" content=\"@dexeusmujer\" \/>\n<script type=\"application\/ld+json\" class=\"yoast-schema-graph\">{\"@context\":\"https:\/\/schema.org\",\"@graph\":[{\"@type\":[\"WebPage\",\"MedicalWebPage\"],\"@id\":\"https:\/\/www.dexeus.com\/fertility\/ca\/dexeus-balance\/\",\"url\":\"https:\/\/www.dexeus.com\/fertility\/ca\/dexeus-balance\/\",\"name\":\"Dexeus Balance | Dexeus Fertility\",\"isPartOf\":{\"@id\":\"https:\/\/www.dexeus.com\/fertilitynew\/#website\"},\"primaryImageOfPage\":{\"@id\":\"https:\/\/www.dexeus.com\/fertility\/ca\/dexeus-balance\/#primaryimage\"},\"image\":{\"@id\":\"https:\/\/www.dexeus.com\/fertility\/ca\/dexeus-balance\/#primaryimage\"},\"thumbnailUrl\":\"https:\/\/www.dexeus.com\/fertility\/wp-content\/uploads\/2024\/03\/nutricion-mujer-comida-sana-1.webp\",\"datePublished\":\"2024-03-17T09:48:41+00:00\",\"dateModified\":\"2024-06-07T08:05:19+00:00\",\"description\":\"Dexeus Balance \u00e9s un servei que incloem en els nostres tractaments de FIV i Ovodon amb el que podr\u00e0s gaudir de 4sessions gratu\u00eftes de cures addicionals per a la teva salut.\",\"breadcrumb\":{\"@id\":\"https:\/\/www.dexeus.com\/fertility\/ca\/dexeus-balance\/#breadcrumb\"},\"inLanguage\":\"ca\",\"potentialAction\":[{\"@type\":\"ReadAction\",\"target\":[\"https:\/\/www.dexeus.com\/fertility\/ca\/dexeus-balance\/\"]}]},{\"@type\":\"ImageObject\",\"inLanguage\":\"ca\",\"@id\":\"https:\/\/www.dexeus.com\/fertility\/ca\/dexeus-balance\/#primaryimage\",\"url\":\"https:\/\/www.dexeus.com\/fertility\/wp-content\/uploads\/2024\/03\/nutricion-mujer-comida-sana-1.webp\",\"contentUrl\":\"https:\/\/www.dexeus.com\/fertility\/wp-content\/uploads\/2024\/03\/nutricion-mujer-comida-sana-1.webp\",\"width\":1000,\"height\":667},{\"@type\":\"BreadcrumbList\",\"@id\":\"https:\/\/www.dexeus.com\/fertility\/ca\/dexeus-balance\/#breadcrumb\",\"itemListElement\":[{\"@type\":\"ListItem\",\"position\":1,\"name\":\"Portada\",\"item\":\"https:\/\/www.dexeus.com\/fertility\/ca\/35-anys-dexperiencia-en-reproduccio-assistida\/\"},{\"@type\":\"ListItem\",\"position\":2,\"name\":\"Dexeus Balance\"}]},{\"@type\":\"WebSite\",\"@id\":\"https:\/\/www.dexeus.com\/fertilitynew\/#website\",\"url\":\"https:\/\/www.dexeus.com\/fertilitynew\/\",\"name\":\"Dexeus Fertility\",\"description\":\"Dexeus Mujer es un centro de referencia y pionero en Espa\u00f1a en t\u00e9cnicas de reproducci\u00f3n asistida, con m\u00e1s de 80 a\u00f1os de experiencia en el diagn\u00f3stico y tratamiento de los problemas de fertilidad.\",\"publisher\":{\"@id\":\"https:\/\/www.dexeus.com\/fertilitynew\/#organization\"},\"alternateName\":\"Dexeus fertilidad\",\"potentialAction\":[{\"@type\":\"SearchAction\",\"target\":{\"@type\":\"EntryPoint\",\"urlTemplate\":\"https:\/\/www.dexeus.com\/fertilitynew\/?s={search_term_string}\"},\"query-input\":{\"@type\":\"PropertyValueSpecification\",\"valueRequired\":true,\"valueName\":\"search_term_string\"}}],\"inLanguage\":\"ca\"},{\"@type\":\"Organization\",\"@id\":\"https:\/\/www.dexeus.com\/fertilitynew\/#organization\",\"name\":\"Dexeus Fertility\",\"url\":\"https:\/\/www.dexeus.com\/fertilitynew\/\",\"logo\":{\"@type\":\"ImageObject\",\"inLanguage\":\"ca\",\"@id\":\"https:\/\/www.dexeus.com\/fertilitynew\/#\/schema\/logo\/image\/\",\"url\":\"https:\/\/www.dexeus.com\/fertility\/wp-content\/uploads\/2024\/02\/logofertility.svg\",\"contentUrl\":\"https:\/\/www.dexeus.com\/fertility\/wp-content\/uploads\/2024\/02\/logofertility.svg\",\"caption\":\"Dexeus Fertility\"},\"image\":{\"@id\":\"https:\/\/www.dexeus.com\/fertilitynew\/#\/schema\/logo\/image\/\"},\"sameAs\":[\"https:\/\/www.facebook.com\/dexeusmujer\/\",\"https:\/\/x.com\/dexeusmujer\",\"https:\/\/www.instagram.com\/dexeusmujer\",\"https:\/\/www.youtube.com\/user\/DexeusMujer\"]}]}<\/script>\n<!-- \/ Yoast SEO plugin. -->","yoast_head_json":{"title":"Dexeus Balance | Dexeus Fertility","description":"Dexeus Balance \u00e9s un servei que incloem en els nostres tractaments de FIV i Ovodon amb el que podr\u00e0s gaudir de 4sessions gratu\u00eftes de cures addicionals per a la teva salut.","robots":{"index":"index","follow":"follow","max-snippet":"max-snippet:-1","max-image-preview":"max-image-preview:large","max-video-preview":"max-video-preview:-1"},"canonical":"https:\/\/www.dexeus.com\/fertility\/ca\/dexeus-balance\/","og_locale":"ca_ES","og_type":"article","og_title":"Dexeus Balance | Dexeus Fertility","og_description":"Dexeus Balance \u00e9s un servei que incloem en els nostres tractaments de FIV i Ovodon amb el que podr\u00e0s gaudir de 4sessions gratu\u00eftes de cures addicionals per a la teva salut.","og_url":"https:\/\/www.dexeus.com\/fertility\/ca\/dexeus-balance\/","og_site_name":"Dexeus Fertility","article_publisher":"https:\/\/www.facebook.com\/dexeusmujer\/","article_modified_time":"2024-06-07T08:05:19+00:00","og_image":[{"width":1000,"height":667,"url":"https:\/\/dexeusfertility.enproves.cat\/wp-content\/uploads\/2024\/03\/nutricion-mujer-comida-sana-1.webp","type":"image\/webp"}],"twitter_card":"summary_large_image","twitter_site":"@dexeusmujer","schema":{"@context":"https:\/\/schema.org","@graph":[{"@type":["WebPage","MedicalWebPage"],"@id":"https:\/\/www.dexeus.com\/fertility\/ca\/dexeus-balance\/","url":"https:\/\/www.dexeus.com\/fertility\/ca\/dexeus-balance\/","name":"Dexeus Balance | Dexeus Fertility","isPartOf":{"@id":"https:\/\/www.dexeus.com\/fertilitynew\/#website"},"primaryImageOfPage":{"@id":"https:\/\/www.dexeus.com\/fertility\/ca\/dexeus-balance\/#primaryimage"},"image":{"@id":"https:\/\/www.dexeus.com\/fertility\/ca\/dexeus-balance\/#primaryimage"},"thumbnailUrl":"https:\/\/www.dexeus.com\/fertility\/wp-content\/uploads\/2024\/03\/nutricion-mujer-comida-sana-1.webp","datePublished":"2024-03-17T09:48:41+00:00","dateModified":"2024-06-07T08:05:19+00:00","description":"Dexeus Balance \u00e9s un servei que incloem en els nostres tractaments de FIV i Ovodon amb el que podr\u00e0s gaudir de 4sessions gratu\u00eftes de cures addicionals per a la teva salut.","breadcrumb":{"@id":"https:\/\/www.dexeus.com\/fertility\/ca\/dexeus-balance\/#breadcrumb"},"inLanguage":"ca","potentialAction":[{"@type":"ReadAction","target":["https:\/\/www.dexeus.com\/fertility\/ca\/dexeus-balance\/"]}]},{"@type":"ImageObject","inLanguage":"ca","@id":"https:\/\/www.dexeus.com\/fertility\/ca\/dexeus-balance\/#primaryimage","url":"https:\/\/www.dexeus.com\/fertility\/wp-content\/uploads\/2024\/03\/nutricion-mujer-comida-sana-1.webp","contentUrl":"https:\/\/www.dexeus.com\/fertility\/wp-content\/uploads\/2024\/03\/nutricion-mujer-comida-sana-1.webp","width":1000,"height":667},{"@type":"BreadcrumbList","@id":"https:\/\/www.dexeus.com\/fertility\/ca\/dexeus-balance\/#breadcrumb","itemListElement":[{"@type":"ListItem","position":1,"name":"Portada","item":"https:\/\/www.dexeus.com\/fertility\/ca\/35-anys-dexperiencia-en-reproduccio-assistida\/"},{"@type":"ListItem","position":2,"name":"Dexeus Balance"}]},{"@type":"WebSite","@id":"https:\/\/www.dexeus.com\/fertilitynew\/#website","url":"https:\/\/www.dexeus.com\/fertilitynew\/","name":"Dexeus Fertility","description":"Dexeus Mujer es un centro de referencia y pionero en Espa\u00f1a en t\u00e9cnicas de reproducci\u00f3n asistida, con m\u00e1s de 80 a\u00f1os de experiencia en el diagn\u00f3stico y tratamiento de los problemas de fertilidad.","publisher":{"@id":"https:\/\/www.dexeus.com\/fertilitynew\/#organization"},"alternateName":"Dexeus fertilidad","potentialAction":[{"@type":"SearchAction","target":{"@type":"EntryPoint","urlTemplate":"https:\/\/www.dexeus.com\/fertilitynew\/?s={search_term_string}"},"query-input":{"@type":"PropertyValueSpecification","valueRequired":true,"valueName":"search_term_string"}}],"inLanguage":"ca"},{"@type":"Organization","@id":"https:\/\/www.dexeus.com\/fertilitynew\/#organization","name":"Dexeus Fertility","url":"https:\/\/www.dexeus.com\/fertilitynew\/","logo":{"@type":"ImageObject","inLanguage":"ca","@id":"https:\/\/www.dexeus.com\/fertilitynew\/#\/schema\/logo\/image\/","url":"https:\/\/www.dexeus.com\/fertility\/wp-content\/uploads\/2024\/02\/logofertility.svg","contentUrl":"https:\/\/www.dexeus.com\/fertility\/wp-content\/uploads\/2024\/02\/logofertility.svg","caption":"Dexeus Fertility"},"image":{"@id":"https:\/\/www.dexeus.com\/fertilitynew\/#\/schema\/logo\/image\/"},"sameAs":["https:\/\/www.facebook.com\/dexeusmujer\/","https:\/\/x.com\/dexeusmujer","https:\/\/www.instagram.com\/dexeusmujer","https:\/\/www.youtube.com\/user\/DexeusMujer"]}]}},"_links":{"self":[{"href":"https:\/\/www.dexeus.com\/fertility\/ca\/wp-json\/wp\/v2\/pages\/13752","targetHints":{"allow":["GET"]}}],"collection":[{"href":"https:\/\/www.dexeus.com\/fertility\/ca\/wp-json\/wp\/v2\/pages"}],"about":[{"href":"https:\/\/www.dexeus.com\/fertility\/ca\/wp-json\/wp\/v2\/types\/page"}],"author":[{"embeddable":true,"href":"https:\/\/www.dexeus.com\/fertility\/ca\/wp-json\/wp\/v2\/users\/1"}],"replies":[{"embeddable":true,"href":"https:\/\/www.dexeus.com\/fertility\/ca\/wp-json\/wp\/v2\/comments?post=13752"}],"version-history":[{"count":2,"href":"https:\/\/www.dexeus.com\/fertility\/ca\/wp-json\/wp\/v2\/pages\/13752\/revisions"}],"predecessor-version":[{"id":22556,"href":"https:\/\/www.dexeus.com\/fertility\/ca\/wp-json\/wp\/v2\/pages\/13752\/revisions\/22556"}],"wp:featuredmedia":[{"embeddable":true,"href":"https:\/\/www.dexeus.com\/fertility\/ca\/wp-json\/wp\/v2\/media\/6968"}],"wp:attachment":[{"href":"https:\/\/www.dexeus.com\/fertility\/ca\/wp-json\/wp\/v2\/media?parent=13752"}],"curies":[{"name":"wp","href":"https:\/\/api.w.org\/{rel}","templated":true}]}}