{"id":13904,"date":"2024-02-29T15:27:40","date_gmt":"2024-02-29T14:27:40","guid":{"rendered":"https:\/\/www.dexeus.com\/fertility\/calculadora-dovulacio\/"},"modified":"2024-11-11T12:19:20","modified_gmt":"2024-11-11T11:19:20","slug":"calculadora-ovulacio","status":"publish","type":"page","link":"https:\/\/www.dexeus.com\/fertility\/ca\/no-em-quedo-embarassada\/calculadora-ovulacio\/","title":{"rendered":"Calculadora d\u2019ovulaci\u00f3"},"content":{"rendered":"\t\t<div data-elementor-type=\"wp-post\" data-elementor-id=\"13904\" class=\"elementor elementor-13904 elementor-3161\" data-elementor-post-type=\"page\">\n\t\t\t\t<div class=\"elementor-element elementor-element-880cd47 e-con-full e-flex e-con e-parent\" data-id=\"880cd47\" data-element_type=\"container\" data-settings=\"{&quot;background_background&quot;:&quot;classic&quot;,&quot;jet_parallax_layout_list&quot;:[]}\">\n\t\t<div class=\"elementor-element elementor-element-17525ed e-flex e-con-boxed e-con e-child\" data-id=\"17525ed\" data-element_type=\"container\" data-settings=\"{&quot;jet_parallax_layout_list&quot;:[]}\">\n\t\t\t\t\t<div class=\"e-con-inner\">\n\t\t\t\t<div class=\"elementor-element elementor-element-d91c64c elementor-widget elementor-widget-heading\" data-id=\"d91c64c\" data-element_type=\"widget\" data-widget_type=\"heading.default\">\n\t\t\t\t<div class=\"elementor-widget-container\">\n\t\t\t\t\t<h1 class=\"elementor-heading-title elementor-size-default\">Calculadora d\u2019ovulaci\u00f3<\/h1>\t\t\t\t<\/div>\n\t\t\t\t<\/div>\n\t\t\t\t\t<\/div>\n\t\t\t\t<\/div>\n\t\t\t\t<\/div>\n\t\t<div class=\"elementor-element elementor-element-80b228e e-flex e-con-boxed e-con e-parent\" data-id=\"80b228e\" data-element_type=\"container\" data-settings=\"{&quot;jet_parallax_layout_list&quot;:[]}\">\n\t\t\t\t\t<div class=\"e-con-inner\">\n\t\t\t\t<div class=\"elementor-element elementor-element-73b7258 elementor-widget elementor-widget-heading\" data-id=\"73b7258\" data-element_type=\"widget\" data-widget_type=\"heading.default\">\n\t\t\t\t<div class=\"elementor-widget-container\">\n\t\t\t\t\t<h2 class=\"elementor-heading-title elementor-size-default\">Vols saber quins s\u00f3n els teus dies m\u00e9s f\u00e8rtils?<\/h2>\t\t\t\t<\/div>\n\t\t\t\t<\/div>\n\t\t\t\t\t<\/div>\n\t\t\t\t<\/div>\n\t\t<div class=\"elementor-element elementor-element-d4364b4 e-flex e-con-boxed e-con e-parent\" data-id=\"d4364b4\" data-element_type=\"container\" data-settings=\"{&quot;jet_parallax_layout_list&quot;:[]}\">\n\t\t\t\t\t<div class=\"e-con-inner\">\n\t\t\t\t<div class=\"elementor-element elementor-element-03aec6b elementor-widget elementor-widget-text-editor\" data-id=\"03aec6b\" data-element_type=\"widget\" data-widget_type=\"text-editor.default\">\n\t\t\t\t<div class=\"elementor-widget-container\">\n\t\t\t\t\t\t\t\t\t<p>Si est\u00e0s planejant quedar-te embarassada, descobreix quins s\u00f3n els dies m\u00e9s f\u00e8rtils del teu cicle amb el nostre calendari d\u2019ovulaci\u00f3, aix\u00ed augmentar\u00e0s les possibilitats d\u2019embar\u00e0s. Per saber quan ovular\u00e0s, nom\u00e9s has d\u2019introduir les dades del teu cicle i la calculadora far\u00e0 la resta, aix\u00ed de senzill!<\/p>\n<p>Recorda que aquesta calculadora d\u2019ovulaci\u00f3 \u00e9s una eina basada en l\u2019estad\u00edstica. Les dades proporcionades s\u00f3n dates aproximades partint d\u2019un cicle regular d\u2019entre 20 i 35 dies. Si el teu cicle \u00e9s irregular pot ser m\u00e9s dif\u00edcil encertar el dia de l\u2019ovulaci\u00f3 amb aquest calendari. En aquest cas, et recomanem que consultis amb el teu ginec\u00f2leg\/a.<\/p>\n<p>Aix\u00ed mateix, s\u2019aconsella realitzar un estudi de fertilitat de la parella en cas que porteu m\u00e9s d\u2019un any intentant concebre sense aconseguir-ho (o m\u00e9s de sis mesos si la dona \u00e9s m\u00e9s gran de 35 anys).<\/p>\n\t\t\t\t\t\t\t\t<\/div>\n\t\t\t\t<\/div>\n\t\t\t\t\t<\/div>\n\t\t\t\t<\/div>\n\t\t<div class=\"elementor-element elementor-element-44ae580 e-flex e-con-boxed e-con e-parent\" data-id=\"44ae580\" data-element_type=\"container\" data-settings=\"{&quot;jet_parallax_layout_list&quot;:[]}\">\n\t\t\t\t\t<div class=\"e-con-inner\">\n\t\t\t\t<div class=\"elementor-element elementor-element-4f6bab5 elementor-widget elementor-widget-html\" data-id=\"4f6bab5\" data-element_type=\"widget\" data-widget_type=\"html.default\">\n\t\t\t\t<div class=\"elementor-widget-container\">\n\t\t\t\t\t<iframe src=\"https:\/\/www.dexeus.com\/calculadora\/calculadora-ovulacion-ca.html\" height=\"500\"><\/iframe>\t\t\t\t<\/div>\n\t\t\t\t<\/div>\n\t\t\t\t\t<\/div>\n\t\t\t\t<\/div>\n\t\t\t\t<\/div>\n\t\t","protected":false},"excerpt":{"rendered":"<p>Vols saber quins s\u00f3n els teus dies m\u00e9s f\u00e8rtils? Si est\u00e0s planejant quedar-te embarassada, descobreix quins s\u00f3n els dies m\u00e9s f\u00e8rtils del teu cicle amb el nostre calendari d\u2019ovulaci\u00f3, aix\u00ed augmentar\u00e0s les possibilitats d\u2019embar\u00e0s. Per saber quan ovular\u00e0s, nom\u00e9s has d\u2019introduir les dades del teu cicle i la calculadora far\u00e0 la resta, aix\u00ed de senzill! [&hellip;]<\/p>\n","protected":false},"author":1,"featured_media":6626,"parent":13769,"menu_order":2,"comment_status":"closed","ping_status":"closed","template":"","meta":{"footnotes":""},"class_list":["post-13904","page","type-page","status-publish","has-post-thumbnail","hentry"],"yoast_head":"<!-- This site is optimized with the Yoast SEO plugin v26.8 - https:\/\/yoast.com\/product\/yoast-seo-wordpress\/ -->\n<title>Calculadora d&#039;ovulaci\u00f3: descobreix els dies m\u00e9s f\u00e8rtils<\/title>\n<meta name=\"description\" content=\"Vols saber quins s\u00f3n els teus dies m\u00e9s f\u00e8rtils? Descobreix quins s\u00f3n els dies m\u00e9s f\u00e8rtils del teu cicle amb la nostra calculadora d&#039;ovulaci\u00f3.\" \/>\n<meta name=\"robots\" content=\"index, follow, max-snippet:-1, max-image-preview:large, max-video-preview:-1\" \/>\n<link rel=\"canonical\" href=\"https:\/\/www.dexeus.com\/fertility\/ca\/no-em-quedo-embarassada\/calculadora-ovulacio\/\" \/>\n<meta property=\"og:locale\" content=\"ca_ES\" \/>\n<meta property=\"og:type\" content=\"article\" \/>\n<meta property=\"og:title\" content=\"Calculadora d&#039;ovulaci\u00f3: descobreix els dies m\u00e9s f\u00e8rtils\" \/>\n<meta property=\"og:description\" content=\"Vols saber quins s\u00f3n els teus dies m\u00e9s f\u00e8rtils? Descobreix quins s\u00f3n els dies m\u00e9s f\u00e8rtils del teu cicle amb la nostra calculadora d&#039;ovulaci\u00f3.\" \/>\n<meta property=\"og:url\" content=\"https:\/\/www.dexeus.com\/fertility\/ca\/no-em-quedo-embarassada\/calculadora-ovulacio\/\" \/>\n<meta property=\"og:site_name\" content=\"Dexeus Fertility\" \/>\n<meta property=\"article:publisher\" content=\"https:\/\/www.facebook.com\/dexeusmujer\/\" \/>\n<meta property=\"article:modified_time\" content=\"2024-11-11T11:19:20+00:00\" \/>\n<meta property=\"og:image\" content=\"https:\/\/www.dexeus.com\/fertility\/wp-content\/uploads\/2024\/03\/calculadora.jpg\" \/>\n\t<meta property=\"og:image:width\" content=\"1305\" \/>\n\t<meta property=\"og:image:height\" content=\"640\" \/>\n\t<meta property=\"og:image:type\" content=\"image\/jpeg\" \/>\n<meta name=\"twitter:card\" content=\"summary_large_image\" \/>\n<meta name=\"twitter:site\" content=\"@dexeusmujer\" \/>\n<script type=\"application\/ld+json\" class=\"yoast-schema-graph\">{\"@context\":\"https:\/\/schema.org\",\"@graph\":[{\"@type\":[\"WebPage\",\"MedicalWebPage\"],\"@id\":\"https:\/\/www.dexeus.com\/fertility\/ca\/no-em-quedo-embarassada\/calculadora-ovulacio\/\",\"url\":\"https:\/\/www.dexeus.com\/fertility\/ca\/no-em-quedo-embarassada\/calculadora-ovulacio\/\",\"name\":\"Calculadora d'ovulaci\u00f3: descobreix els dies m\u00e9s f\u00e8rtils\",\"isPartOf\":{\"@id\":\"https:\/\/www.dexeus.com\/fertilitynew\/#website\"},\"primaryImageOfPage\":{\"@id\":\"https:\/\/www.dexeus.com\/fertility\/ca\/no-em-quedo-embarassada\/calculadora-ovulacio\/#primaryimage\"},\"image\":{\"@id\":\"https:\/\/www.dexeus.com\/fertility\/ca\/no-em-quedo-embarassada\/calculadora-ovulacio\/#primaryimage\"},\"thumbnailUrl\":\"https:\/\/www.dexeus.com\/fertility\/wp-content\/uploads\/2024\/03\/calculadora.jpg\",\"datePublished\":\"2024-02-29T14:27:40+00:00\",\"dateModified\":\"2024-11-11T11:19:20+00:00\",\"description\":\"Vols saber quins s\u00f3n els teus dies m\u00e9s f\u00e8rtils? Descobreix quins s\u00f3n els dies m\u00e9s f\u00e8rtils del teu cicle amb la nostra calculadora d'ovulaci\u00f3.\",\"breadcrumb\":{\"@id\":\"https:\/\/www.dexeus.com\/fertility\/ca\/no-em-quedo-embarassada\/calculadora-ovulacio\/#breadcrumb\"},\"inLanguage\":\"ca\",\"potentialAction\":[{\"@type\":\"ReadAction\",\"target\":[\"https:\/\/www.dexeus.com\/fertility\/ca\/no-em-quedo-embarassada\/calculadora-ovulacio\/\"]}]},{\"@type\":\"ImageObject\",\"inLanguage\":\"ca\",\"@id\":\"https:\/\/www.dexeus.com\/fertility\/ca\/no-em-quedo-embarassada\/calculadora-ovulacio\/#primaryimage\",\"url\":\"https:\/\/www.dexeus.com\/fertility\/wp-content\/uploads\/2024\/03\/calculadora.jpg\",\"contentUrl\":\"https:\/\/www.dexeus.com\/fertility\/wp-content\/uploads\/2024\/03\/calculadora.jpg\",\"width\":1305,\"height\":640},{\"@type\":\"BreadcrumbList\",\"@id\":\"https:\/\/www.dexeus.com\/fertility\/ca\/no-em-quedo-embarassada\/calculadora-ovulacio\/#breadcrumb\",\"itemListElement\":[{\"@type\":\"ListItem\",\"position\":1,\"name\":\"Portada\",\"item\":\"https:\/\/www.dexeus.com\/fertility\/ca\/35-anys-dexperiencia-en-reproduccio-assistida\/\"},{\"@type\":\"ListItem\",\"position\":2,\"name\":\"No em quedo embarassada\",\"item\":\"https:\/\/www.dexeus.com\/fertility\/ca\/no-em-quedo-embarassada\/\"},{\"@type\":\"ListItem\",\"position\":3,\"name\":\"Calculadora d\u2019ovulaci\u00f3\"}]},{\"@type\":\"WebSite\",\"@id\":\"https:\/\/www.dexeus.com\/fertilitynew\/#website\",\"url\":\"https:\/\/www.dexeus.com\/fertilitynew\/\",\"name\":\"Dexeus Fertility\",\"description\":\"Dexeus Mujer es un centro de referencia y pionero en Espa\u00f1a en t\u00e9cnicas de reproducci\u00f3n asistida, con m\u00e1s de 80 a\u00f1os de experiencia en el diagn\u00f3stico y tratamiento de los problemas de fertilidad.\",\"publisher\":{\"@id\":\"https:\/\/www.dexeus.com\/fertilitynew\/#organization\"},\"alternateName\":\"Dexeus fertilidad\",\"potentialAction\":[{\"@type\":\"SearchAction\",\"target\":{\"@type\":\"EntryPoint\",\"urlTemplate\":\"https:\/\/www.dexeus.com\/fertilitynew\/?s={search_term_string}\"},\"query-input\":{\"@type\":\"PropertyValueSpecification\",\"valueRequired\":true,\"valueName\":\"search_term_string\"}}],\"inLanguage\":\"ca\"},{\"@type\":\"Organization\",\"@id\":\"https:\/\/www.dexeus.com\/fertilitynew\/#organization\",\"name\":\"Dexeus Fertility\",\"url\":\"https:\/\/www.dexeus.com\/fertilitynew\/\",\"logo\":{\"@type\":\"ImageObject\",\"inLanguage\":\"ca\",\"@id\":\"https:\/\/www.dexeus.com\/fertilitynew\/#\/schema\/logo\/image\/\",\"url\":\"https:\/\/www.dexeus.com\/fertility\/wp-content\/uploads\/2024\/02\/logofertility.svg\",\"contentUrl\":\"https:\/\/www.dexeus.com\/fertility\/wp-content\/uploads\/2024\/02\/logofertility.svg\",\"caption\":\"Dexeus Fertility\"},\"image\":{\"@id\":\"https:\/\/www.dexeus.com\/fertilitynew\/#\/schema\/logo\/image\/\"},\"sameAs\":[\"https:\/\/www.facebook.com\/dexeusmujer\/\",\"https:\/\/x.com\/dexeusmujer\",\"https:\/\/www.instagram.com\/dexeusmujer\",\"https:\/\/www.youtube.com\/user\/DexeusMujer\"]}]}<\/script>\n<!-- \/ Yoast SEO plugin. -->","yoast_head_json":{"title":"Calculadora d'ovulaci\u00f3: descobreix els dies m\u00e9s f\u00e8rtils","description":"Vols saber quins s\u00f3n els teus dies m\u00e9s f\u00e8rtils? Descobreix quins s\u00f3n els dies m\u00e9s f\u00e8rtils del teu cicle amb la nostra calculadora d'ovulaci\u00f3.","robots":{"index":"index","follow":"follow","max-snippet":"max-snippet:-1","max-image-preview":"max-image-preview:large","max-video-preview":"max-video-preview:-1"},"canonical":"https:\/\/www.dexeus.com\/fertility\/ca\/no-em-quedo-embarassada\/calculadora-ovulacio\/","og_locale":"ca_ES","og_type":"article","og_title":"Calculadora d'ovulaci\u00f3: descobreix els dies m\u00e9s f\u00e8rtils","og_description":"Vols saber quins s\u00f3n els teus dies m\u00e9s f\u00e8rtils? Descobreix quins s\u00f3n els dies m\u00e9s f\u00e8rtils del teu cicle amb la nostra calculadora d'ovulaci\u00f3.","og_url":"https:\/\/www.dexeus.com\/fertility\/ca\/no-em-quedo-embarassada\/calculadora-ovulacio\/","og_site_name":"Dexeus Fertility","article_publisher":"https:\/\/www.facebook.com\/dexeusmujer\/","article_modified_time":"2024-11-11T11:19:20+00:00","og_image":[{"width":1305,"height":640,"url":"https:\/\/www.dexeus.com\/fertility\/wp-content\/uploads\/2024\/03\/calculadora.jpg","type":"image\/jpeg"}],"twitter_card":"summary_large_image","twitter_site":"@dexeusmujer","schema":{"@context":"https:\/\/schema.org","@graph":[{"@type":["WebPage","MedicalWebPage"],"@id":"https:\/\/www.dexeus.com\/fertility\/ca\/no-em-quedo-embarassada\/calculadora-ovulacio\/","url":"https:\/\/www.dexeus.com\/fertility\/ca\/no-em-quedo-embarassada\/calculadora-ovulacio\/","name":"Calculadora d'ovulaci\u00f3: descobreix els dies m\u00e9s f\u00e8rtils","isPartOf":{"@id":"https:\/\/www.dexeus.com\/fertilitynew\/#website"},"primaryImageOfPage":{"@id":"https:\/\/www.dexeus.com\/fertility\/ca\/no-em-quedo-embarassada\/calculadora-ovulacio\/#primaryimage"},"image":{"@id":"https:\/\/www.dexeus.com\/fertility\/ca\/no-em-quedo-embarassada\/calculadora-ovulacio\/#primaryimage"},"thumbnailUrl":"https:\/\/www.dexeus.com\/fertility\/wp-content\/uploads\/2024\/03\/calculadora.jpg","datePublished":"2024-02-29T14:27:40+00:00","dateModified":"2024-11-11T11:19:20+00:00","description":"Vols saber quins s\u00f3n els teus dies m\u00e9s f\u00e8rtils? Descobreix quins s\u00f3n els dies m\u00e9s f\u00e8rtils del teu cicle amb la nostra calculadora d'ovulaci\u00f3.","breadcrumb":{"@id":"https:\/\/www.dexeus.com\/fertility\/ca\/no-em-quedo-embarassada\/calculadora-ovulacio\/#breadcrumb"},"inLanguage":"ca","potentialAction":[{"@type":"ReadAction","target":["https:\/\/www.dexeus.com\/fertility\/ca\/no-em-quedo-embarassada\/calculadora-ovulacio\/"]}]},{"@type":"ImageObject","inLanguage":"ca","@id":"https:\/\/www.dexeus.com\/fertility\/ca\/no-em-quedo-embarassada\/calculadora-ovulacio\/#primaryimage","url":"https:\/\/www.dexeus.com\/fertility\/wp-content\/uploads\/2024\/03\/calculadora.jpg","contentUrl":"https:\/\/www.dexeus.com\/fertility\/wp-content\/uploads\/2024\/03\/calculadora.jpg","width":1305,"height":640},{"@type":"BreadcrumbList","@id":"https:\/\/www.dexeus.com\/fertility\/ca\/no-em-quedo-embarassada\/calculadora-ovulacio\/#breadcrumb","itemListElement":[{"@type":"ListItem","position":1,"name":"Portada","item":"https:\/\/www.dexeus.com\/fertility\/ca\/35-anys-dexperiencia-en-reproduccio-assistida\/"},{"@type":"ListItem","position":2,"name":"No em quedo embarassada","item":"https:\/\/www.dexeus.com\/fertility\/ca\/no-em-quedo-embarassada\/"},{"@type":"ListItem","position":3,"name":"Calculadora d\u2019ovulaci\u00f3"}]},{"@type":"WebSite","@id":"https:\/\/www.dexeus.com\/fertilitynew\/#website","url":"https:\/\/www.dexeus.com\/fertilitynew\/","name":"Dexeus Fertility","description":"Dexeus Mujer es un centro de referencia y pionero en Espa\u00f1a en t\u00e9cnicas de reproducci\u00f3n asistida, con m\u00e1s de 80 a\u00f1os de experiencia en el diagn\u00f3stico y tratamiento de los problemas de fertilidad.","publisher":{"@id":"https:\/\/www.dexeus.com\/fertilitynew\/#organization"},"alternateName":"Dexeus fertilidad","potentialAction":[{"@type":"SearchAction","target":{"@type":"EntryPoint","urlTemplate":"https:\/\/www.dexeus.com\/fertilitynew\/?s={search_term_string}"},"query-input":{"@type":"PropertyValueSpecification","valueRequired":true,"valueName":"search_term_string"}}],"inLanguage":"ca"},{"@type":"Organization","@id":"https:\/\/www.dexeus.com\/fertilitynew\/#organization","name":"Dexeus Fertility","url":"https:\/\/www.dexeus.com\/fertilitynew\/","logo":{"@type":"ImageObject","inLanguage":"ca","@id":"https:\/\/www.dexeus.com\/fertilitynew\/#\/schema\/logo\/image\/","url":"https:\/\/www.dexeus.com\/fertility\/wp-content\/uploads\/2024\/02\/logofertility.svg","contentUrl":"https:\/\/www.dexeus.com\/fertility\/wp-content\/uploads\/2024\/02\/logofertility.svg","caption":"Dexeus Fertility"},"image":{"@id":"https:\/\/www.dexeus.com\/fertilitynew\/#\/schema\/logo\/image\/"},"sameAs":["https:\/\/www.facebook.com\/dexeusmujer\/","https:\/\/x.com\/dexeusmujer","https:\/\/www.instagram.com\/dexeusmujer","https:\/\/www.youtube.com\/user\/DexeusMujer"]}]}},"_links":{"self":[{"href":"https:\/\/www.dexeus.com\/fertility\/ca\/wp-json\/wp\/v2\/pages\/13904","targetHints":{"allow":["GET"]}}],"collection":[{"href":"https:\/\/www.dexeus.com\/fertility\/ca\/wp-json\/wp\/v2\/pages"}],"about":[{"href":"https:\/\/www.dexeus.com\/fertility\/ca\/wp-json\/wp\/v2\/types\/page"}],"author":[{"embeddable":true,"href":"https:\/\/www.dexeus.com\/fertility\/ca\/wp-json\/wp\/v2\/users\/1"}],"replies":[{"embeddable":true,"href":"https:\/\/www.dexeus.com\/fertility\/ca\/wp-json\/wp\/v2\/comments?post=13904"}],"version-history":[{"count":2,"href":"https:\/\/www.dexeus.com\/fertility\/ca\/wp-json\/wp\/v2\/pages\/13904\/revisions"}],"predecessor-version":[{"id":22464,"href":"https:\/\/www.dexeus.com\/fertility\/ca\/wp-json\/wp\/v2\/pages\/13904\/revisions\/22464"}],"up":[{"embeddable":true,"href":"https:\/\/www.dexeus.com\/fertility\/ca\/wp-json\/wp\/v2\/pages\/13769"}],"wp:featuredmedia":[{"embeddable":true,"href":"https:\/\/www.dexeus.com\/fertility\/ca\/wp-json\/wp\/v2\/media\/6626"}],"wp:attachment":[{"href":"https:\/\/www.dexeus.com\/fertility\/ca\/wp-json\/wp\/v2\/media?parent=13904"}],"curies":[{"name":"wp","href":"https:\/\/api.w.org\/{rel}","templated":true}]}}