{"id":21500,"date":"2024-05-09T14:56:03","date_gmt":"2024-05-09T12:56:03","guid":{"rendered":"https:\/\/www.dexeus.com\/fertility\/demana-cita-online\/"},"modified":"2025-09-25T18:16:54","modified_gmt":"2025-09-25T16:16:54","slug":"demana-cita-online","status":"publish","type":"page","link":"https:\/\/www.dexeus.com\/fertility\/ca\/demana-cita-online\/","title":{"rendered":"Demana cita online"},"content":{"rendered":"\t\t<div data-elementor-type=\"wp-page\" data-elementor-id=\"21500\" class=\"elementor elementor-21500 elementor-20113\" data-elementor-post-type=\"page\">\n\t\t\t\t<div class=\"elementor-element elementor-element-a815061 e-con-full e-flex e-con e-parent\" data-id=\"a815061\" data-element_type=\"container\" data-settings=\"{&quot;background_background&quot;:&quot;classic&quot;,&quot;jet_parallax_layout_list&quot;:[]}\">\n\t\t<div class=\"elementor-element elementor-element-ccf7fb3 e-flex e-con-boxed e-con e-child\" data-id=\"ccf7fb3\" data-element_type=\"container\" data-settings=\"{&quot;jet_parallax_layout_list&quot;:[]}\">\n\t\t\t\t\t<div class=\"e-con-inner\">\n\t\t\t\t<div class=\"elementor-element elementor-element-2e579a7 elementor-widget elementor-widget-heading\" data-id=\"2e579a7\" data-element_type=\"widget\" data-widget_type=\"heading.default\">\n\t\t\t\t<div class=\"elementor-widget-container\">\n\t\t\t\t\t<h1 class=\"elementor-heading-title elementor-size-default\">Demana cita online<\/h1>\t\t\t\t<\/div>\n\t\t\t\t<\/div>\n\t\t\t\t\t<\/div>\n\t\t\t\t<\/div>\n\t\t\t\t<\/div>\n\t\t<div class=\"elementor-element elementor-element-a7f4168 e-flex e-con-boxed e-con e-parent\" data-id=\"a7f4168\" data-element_type=\"container\" data-settings=\"{&quot;jet_parallax_layout_list&quot;:[]}\">\n\t\t\t\t\t<div class=\"e-con-inner\">\n\t\t<div class=\"elementor-element elementor-element-f1c08fd e-con-full e-flex e-con e-child\" data-id=\"f1c08fd\" data-element_type=\"container\" data-settings=\"{&quot;jet_parallax_layout_list&quot;:[]}\">\n\t\t<div class=\"elementor-element elementor-element-03e1e40 e-con-full e-flex e-con e-child\" data-id=\"03e1e40\" data-element_type=\"container\" data-settings=\"{&quot;jet_parallax_layout_list&quot;:[]}\">\n\t\t<div class=\"elementor-element elementor-element-6fe32cc e-con-full e-flex e-con e-child\" data-id=\"6fe32cc\" data-element_type=\"container\" data-settings=\"{&quot;jet_parallax_layout_list&quot;:[]}\">\n\t\t\t\t<div class=\"elementor-element elementor-element-fc6018a elementor-widget elementor-widget-heading\" data-id=\"fc6018a\" data-element_type=\"widget\" data-widget_type=\"heading.default\">\n\t\t\t\t<div class=\"elementor-widget-container\">\n\t\t\t\t\t<h3 class=\"elementor-heading-title elementor-size-default\">Demana la teva cita a trav\u00e9s del nostre sistema de <span class=\"pink-title\">cites <em>en l\u00ednia<\/em><\/span><\/h3>\t\t\t\t<\/div>\n\t\t\t\t<\/div>\n\t\t\t\t<div class=\"elementor-element elementor-element-1afd80c elementor-widget elementor-widget-text-editor\" data-id=\"1afd80c\" data-element_type=\"widget\" data-widget_type=\"text-editor.default\">\n\t\t\t\t<div class=\"elementor-widget-container\">\n\t\t\t\t\t\t\t\t\t<p>De la forma m\u00e9s c\u00f2moda, sense esperes, en qualsevol moment i des de qualsevol dispositiu.<\/p><p>Algunes de les nostres especialitats no es poden reservar mitjan\u00e7ant la cita en l\u00ednia.<\/p><p>Si no trobes el que necessites o requereixes m\u00e9s informaci\u00f3, pots posar-te en contacte amb nosaltres en el tel\u00e8fon <a href=\"tel:+34932274711\"><strong>93 227 47 11<\/strong><\/a> o emplena aquest <a href=\"https:\/\/www.dexeus.com\/fertility\/ca\/contacte\/\"><strong>formulari<\/strong><\/a> i et trucarem al m\u00e9s aviat possible,<\/p>\t\t\t\t\t\t\t\t<\/div>\n\t\t\t\t<\/div>\n\t\t\t\t<\/div>\n\t\t<div class=\"elementor-element elementor-element-bfcf4ca e-con-full online-appointment e-flex e-con e-child\" data-id=\"bfcf4ca\" data-element_type=\"container\" data-settings=\"{&quot;jet_parallax_layout_list&quot;:[]}\">\n\t\t\t\t<div class=\"elementor-element elementor-element-2893ef7 elementor-widget elementor-widget-html\" data-id=\"2893ef7\" data-element_type=\"widget\" data-widget_type=\"html.default\">\n\t\t\t\t<div class=\"elementor-widget-container\">\n\t\t\t\t\t<div>\r\n    <iframe allowtransparency=\"true\" frameborder=\"0\" id=\"mop_iframe\" name=\"mop_iframe\" scrolling=\"no\" style=\"margin:0px 0px; width:100%; height:inherit; border:0px; z-index: 1;\"><\/iframe>\r\n    <script type=\"text\/javascript\">\r\n        var mop_source = \"https:\/\/app.tuotempo.com\/mop\/index.php?dbName=tt_dexeus_prd&otupost=1&nocache=1&lang=ca\";\r\n    <\/script>\r\n    <script type=\"text\/javascript\" src=\"https:\/\/app.tuotempo.com\/js\/mop_loader.js.php\"><\/script>\r\n<\/div>\t\t\t\t<\/div>\n\t\t\t\t<\/div>\n\t\t\t\t<\/div>\n\t\t\t\t<\/div>\n\t\t\t\t<\/div>\n\t\t\t\t\t<\/div>\n\t\t\t\t<\/div>\n\t\t\t\t<\/div>\n\t\t","protected":false},"excerpt":{"rendered":"<p>Demana la teva cita a trav\u00e9s del nostre sistema de cites en l\u00ednia De la forma m\u00e9s c\u00f2moda, sense esperes, en qualsevol moment i des de qualsevol dispositiu. Algunes de les nostres especialitats no es poden reservar mitjan\u00e7ant la cita en l\u00ednia. Si no trobes el que necessites o requereixes m\u00e9s informaci\u00f3, pots posar-te en [&hellip;]<\/p>\n","protected":false},"author":1,"featured_media":6933,"parent":0,"menu_order":0,"comment_status":"closed","ping_status":"closed","template":"","meta":{"footnotes":""},"class_list":["post-21500","page","type-page","status-publish","has-post-thumbnail","hentry"],"yoast_head":"<!-- This site is optimized with the Yoast SEO plugin v26.8 - https:\/\/yoast.com\/product\/yoast-seo-wordpress\/ -->\n<title>Demana cita online | Dexeus Fertility<\/title>\n<meta name=\"description\" content=\"Demana la teva cita a trav\u00e9s del nostre sistema de cites en l\u00ednia. De la manera m\u00e9s c\u00f2moda, sense esperes, en qualsevol moment i des de qualsevol dispositiu.\" \/>\n<meta name=\"robots\" content=\"index, follow, max-snippet:-1, max-image-preview:large, max-video-preview:-1\" \/>\n<link rel=\"canonical\" href=\"https:\/\/www.dexeus.com\/fertility\/ca\/demana-cita-online\/\" \/>\n<meta property=\"og:locale\" content=\"ca_ES\" \/>\n<meta property=\"og:type\" content=\"article\" \/>\n<meta property=\"og:title\" content=\"Demana cita online | Dexeus Fertility\" \/>\n<meta property=\"og:description\" content=\"Demana la teva cita a trav\u00e9s del nostre sistema de cites en l\u00ednia. De la manera m\u00e9s c\u00f2moda, sense esperes, en qualsevol moment i des de qualsevol dispositiu.\" \/>\n<meta property=\"og:url\" content=\"https:\/\/www.dexeus.com\/fertility\/ca\/demana-cita-online\/\" \/>\n<meta property=\"og:site_name\" content=\"Dexeus Fertility\" \/>\n<meta property=\"article:publisher\" content=\"https:\/\/www.facebook.com\/dexeusmujer\/\" \/>\n<meta property=\"article:modified_time\" content=\"2025-09-25T16:16:54+00:00\" \/>\n<meta property=\"og:image\" content=\"https:\/\/www.dexeus.com\/fertility\/wp-content\/uploads\/2024\/03\/contacto-1.webp\" \/>\n\t<meta property=\"og:image:width\" content=\"2500\" \/>\n\t<meta property=\"og:image:height\" content=\"1161\" \/>\n\t<meta property=\"og:image:type\" content=\"image\/webp\" \/>\n<meta name=\"twitter:card\" content=\"summary_large_image\" \/>\n<meta name=\"twitter:site\" content=\"@dexeusmujer\" \/>\n<script type=\"application\/ld+json\" class=\"yoast-schema-graph\">{\"@context\":\"https:\/\/schema.org\",\"@graph\":[{\"@type\":[\"WebPage\",\"MedicalWebPage\"],\"@id\":\"https:\/\/www.dexeus.com\/fertility\/ca\/demana-cita-online\/\",\"url\":\"https:\/\/www.dexeus.com\/fertility\/ca\/demana-cita-online\/\",\"name\":\"Demana cita online | Dexeus Fertility\",\"isPartOf\":{\"@id\":\"https:\/\/www.dexeus.com\/fertilitynew\/#website\"},\"primaryImageOfPage\":{\"@id\":\"https:\/\/www.dexeus.com\/fertility\/ca\/demana-cita-online\/#primaryimage\"},\"image\":{\"@id\":\"https:\/\/www.dexeus.com\/fertility\/ca\/demana-cita-online\/#primaryimage\"},\"thumbnailUrl\":\"https:\/\/www.dexeus.com\/fertility\/wp-content\/uploads\/2024\/03\/contacto-1.webp\",\"datePublished\":\"2024-05-09T12:56:03+00:00\",\"dateModified\":\"2025-09-25T16:16:54+00:00\",\"description\":\"Demana la teva cita a trav\u00e9s del nostre sistema de cites en l\u00ednia. De la manera m\u00e9s c\u00f2moda, sense esperes, en qualsevol moment i des de qualsevol dispositiu.\",\"breadcrumb\":{\"@id\":\"https:\/\/www.dexeus.com\/fertility\/ca\/demana-cita-online\/#breadcrumb\"},\"inLanguage\":\"ca\",\"potentialAction\":[{\"@type\":\"ReadAction\",\"target\":[\"https:\/\/www.dexeus.com\/fertility\/ca\/demana-cita-online\/\"]}]},{\"@type\":\"ImageObject\",\"inLanguage\":\"ca\",\"@id\":\"https:\/\/www.dexeus.com\/fertility\/ca\/demana-cita-online\/#primaryimage\",\"url\":\"https:\/\/www.dexeus.com\/fertility\/wp-content\/uploads\/2024\/03\/contacto-1.webp\",\"contentUrl\":\"https:\/\/www.dexeus.com\/fertility\/wp-content\/uploads\/2024\/03\/contacto-1.webp\",\"width\":2500,\"height\":1161},{\"@type\":\"BreadcrumbList\",\"@id\":\"https:\/\/www.dexeus.com\/fertility\/ca\/demana-cita-online\/#breadcrumb\",\"itemListElement\":[{\"@type\":\"ListItem\",\"position\":1,\"name\":\"Portada\",\"item\":\"https:\/\/www.dexeus.com\/fertility\/ca\/35-anys-dexperiencia-en-reproduccio-assistida\/\"},{\"@type\":\"ListItem\",\"position\":2,\"name\":\"Demana cita online\"}]},{\"@type\":\"WebSite\",\"@id\":\"https:\/\/www.dexeus.com\/fertilitynew\/#website\",\"url\":\"https:\/\/www.dexeus.com\/fertilitynew\/\",\"name\":\"Dexeus Fertility\",\"description\":\"Dexeus Mujer es un centro de referencia y pionero en Espa\u00f1a en t\u00e9cnicas de reproducci\u00f3n asistida, con m\u00e1s de 80 a\u00f1os de experiencia en el diagn\u00f3stico y tratamiento de los problemas de fertilidad.\",\"publisher\":{\"@id\":\"https:\/\/www.dexeus.com\/fertilitynew\/#organization\"},\"alternateName\":\"Dexeus fertilidad\",\"potentialAction\":[{\"@type\":\"SearchAction\",\"target\":{\"@type\":\"EntryPoint\",\"urlTemplate\":\"https:\/\/www.dexeus.com\/fertilitynew\/?s={search_term_string}\"},\"query-input\":{\"@type\":\"PropertyValueSpecification\",\"valueRequired\":true,\"valueName\":\"search_term_string\"}}],\"inLanguage\":\"ca\"},{\"@type\":\"Organization\",\"@id\":\"https:\/\/www.dexeus.com\/fertilitynew\/#organization\",\"name\":\"Dexeus Fertility\",\"url\":\"https:\/\/www.dexeus.com\/fertilitynew\/\",\"logo\":{\"@type\":\"ImageObject\",\"inLanguage\":\"ca\",\"@id\":\"https:\/\/www.dexeus.com\/fertilitynew\/#\/schema\/logo\/image\/\",\"url\":\"https:\/\/www.dexeus.com\/fertility\/wp-content\/uploads\/2024\/02\/logofertility.svg\",\"contentUrl\":\"https:\/\/www.dexeus.com\/fertility\/wp-content\/uploads\/2024\/02\/logofertility.svg\",\"caption\":\"Dexeus Fertility\"},\"image\":{\"@id\":\"https:\/\/www.dexeus.com\/fertilitynew\/#\/schema\/logo\/image\/\"},\"sameAs\":[\"https:\/\/www.facebook.com\/dexeusmujer\/\",\"https:\/\/x.com\/dexeusmujer\",\"https:\/\/www.instagram.com\/dexeusmujer\",\"https:\/\/www.youtube.com\/user\/DexeusMujer\"]}]}<\/script>\n<!-- \/ Yoast SEO plugin. -->","yoast_head_json":{"title":"Demana cita online | Dexeus Fertility","description":"Demana la teva cita a trav\u00e9s del nostre sistema de cites en l\u00ednia. De la manera m\u00e9s c\u00f2moda, sense esperes, en qualsevol moment i des de qualsevol dispositiu.","robots":{"index":"index","follow":"follow","max-snippet":"max-snippet:-1","max-image-preview":"max-image-preview:large","max-video-preview":"max-video-preview:-1"},"canonical":"https:\/\/www.dexeus.com\/fertility\/ca\/demana-cita-online\/","og_locale":"ca_ES","og_type":"article","og_title":"Demana cita online | Dexeus Fertility","og_description":"Demana la teva cita a trav\u00e9s del nostre sistema de cites en l\u00ednia. De la manera m\u00e9s c\u00f2moda, sense esperes, en qualsevol moment i des de qualsevol dispositiu.","og_url":"https:\/\/www.dexeus.com\/fertility\/ca\/demana-cita-online\/","og_site_name":"Dexeus Fertility","article_publisher":"https:\/\/www.facebook.com\/dexeusmujer\/","article_modified_time":"2025-09-25T16:16:54+00:00","og_image":[{"width":2500,"height":1161,"url":"https:\/\/www.dexeus.com\/fertility\/wp-content\/uploads\/2024\/03\/contacto-1.webp","type":"image\/webp"}],"twitter_card":"summary_large_image","twitter_site":"@dexeusmujer","schema":{"@context":"https:\/\/schema.org","@graph":[{"@type":["WebPage","MedicalWebPage"],"@id":"https:\/\/www.dexeus.com\/fertility\/ca\/demana-cita-online\/","url":"https:\/\/www.dexeus.com\/fertility\/ca\/demana-cita-online\/","name":"Demana cita online | Dexeus Fertility","isPartOf":{"@id":"https:\/\/www.dexeus.com\/fertilitynew\/#website"},"primaryImageOfPage":{"@id":"https:\/\/www.dexeus.com\/fertility\/ca\/demana-cita-online\/#primaryimage"},"image":{"@id":"https:\/\/www.dexeus.com\/fertility\/ca\/demana-cita-online\/#primaryimage"},"thumbnailUrl":"https:\/\/www.dexeus.com\/fertility\/wp-content\/uploads\/2024\/03\/contacto-1.webp","datePublished":"2024-05-09T12:56:03+00:00","dateModified":"2025-09-25T16:16:54+00:00","description":"Demana la teva cita a trav\u00e9s del nostre sistema de cites en l\u00ednia. De la manera m\u00e9s c\u00f2moda, sense esperes, en qualsevol moment i des de qualsevol dispositiu.","breadcrumb":{"@id":"https:\/\/www.dexeus.com\/fertility\/ca\/demana-cita-online\/#breadcrumb"},"inLanguage":"ca","potentialAction":[{"@type":"ReadAction","target":["https:\/\/www.dexeus.com\/fertility\/ca\/demana-cita-online\/"]}]},{"@type":"ImageObject","inLanguage":"ca","@id":"https:\/\/www.dexeus.com\/fertility\/ca\/demana-cita-online\/#primaryimage","url":"https:\/\/www.dexeus.com\/fertility\/wp-content\/uploads\/2024\/03\/contacto-1.webp","contentUrl":"https:\/\/www.dexeus.com\/fertility\/wp-content\/uploads\/2024\/03\/contacto-1.webp","width":2500,"height":1161},{"@type":"BreadcrumbList","@id":"https:\/\/www.dexeus.com\/fertility\/ca\/demana-cita-online\/#breadcrumb","itemListElement":[{"@type":"ListItem","position":1,"name":"Portada","item":"https:\/\/www.dexeus.com\/fertility\/ca\/35-anys-dexperiencia-en-reproduccio-assistida\/"},{"@type":"ListItem","position":2,"name":"Demana cita online"}]},{"@type":"WebSite","@id":"https:\/\/www.dexeus.com\/fertilitynew\/#website","url":"https:\/\/www.dexeus.com\/fertilitynew\/","name":"Dexeus Fertility","description":"Dexeus Mujer es un centro de referencia y pionero en Espa\u00f1a en t\u00e9cnicas de reproducci\u00f3n asistida, con m\u00e1s de 80 a\u00f1os de experiencia en el diagn\u00f3stico y tratamiento de los problemas de fertilidad.","publisher":{"@id":"https:\/\/www.dexeus.com\/fertilitynew\/#organization"},"alternateName":"Dexeus fertilidad","potentialAction":[{"@type":"SearchAction","target":{"@type":"EntryPoint","urlTemplate":"https:\/\/www.dexeus.com\/fertilitynew\/?s={search_term_string}"},"query-input":{"@type":"PropertyValueSpecification","valueRequired":true,"valueName":"search_term_string"}}],"inLanguage":"ca"},{"@type":"Organization","@id":"https:\/\/www.dexeus.com\/fertilitynew\/#organization","name":"Dexeus Fertility","url":"https:\/\/www.dexeus.com\/fertilitynew\/","logo":{"@type":"ImageObject","inLanguage":"ca","@id":"https:\/\/www.dexeus.com\/fertilitynew\/#\/schema\/logo\/image\/","url":"https:\/\/www.dexeus.com\/fertility\/wp-content\/uploads\/2024\/02\/logofertility.svg","contentUrl":"https:\/\/www.dexeus.com\/fertility\/wp-content\/uploads\/2024\/02\/logofertility.svg","caption":"Dexeus Fertility"},"image":{"@id":"https:\/\/www.dexeus.com\/fertilitynew\/#\/schema\/logo\/image\/"},"sameAs":["https:\/\/www.facebook.com\/dexeusmujer\/","https:\/\/x.com\/dexeusmujer","https:\/\/www.instagram.com\/dexeusmujer","https:\/\/www.youtube.com\/user\/DexeusMujer"]}]}},"_links":{"self":[{"href":"https:\/\/www.dexeus.com\/fertility\/ca\/wp-json\/wp\/v2\/pages\/21500","targetHints":{"allow":["GET"]}}],"collection":[{"href":"https:\/\/www.dexeus.com\/fertility\/ca\/wp-json\/wp\/v2\/pages"}],"about":[{"href":"https:\/\/www.dexeus.com\/fertility\/ca\/wp-json\/wp\/v2\/types\/page"}],"author":[{"embeddable":true,"href":"https:\/\/www.dexeus.com\/fertility\/ca\/wp-json\/wp\/v2\/users\/1"}],"replies":[{"embeddable":true,"href":"https:\/\/www.dexeus.com\/fertility\/ca\/wp-json\/wp\/v2\/comments?post=21500"}],"version-history":[{"count":11,"href":"https:\/\/www.dexeus.com\/fertility\/ca\/wp-json\/wp\/v2\/pages\/21500\/revisions"}],"predecessor-version":[{"id":36709,"href":"https:\/\/www.dexeus.com\/fertility\/ca\/wp-json\/wp\/v2\/pages\/21500\/revisions\/36709"}],"wp:featuredmedia":[{"embeddable":true,"href":"https:\/\/www.dexeus.com\/fertility\/ca\/wp-json\/wp\/v2\/media\/6933"}],"wp:attachment":[{"href":"https:\/\/www.dexeus.com\/fertility\/ca\/wp-json\/wp\/v2\/media?parent=21500"}],"curies":[{"name":"wp","href":"https:\/\/api.w.org\/{rel}","templated":true}]}}