{"id":34111,"date":"2025-06-17T12:30:46","date_gmt":"2025-06-17T10:30:46","guid":{"rendered":"https:\/\/www.dexeus.com\/fertility\/no-em-quedo-embarassada\/morfologia-espermatica\/"},"modified":"2025-06-17T17:21:13","modified_gmt":"2025-06-17T15:21:13","slug":"morfologia-espermatica","status":"publish","type":"page","link":"https:\/\/www.dexeus.com\/fertility\/ca\/no-em-quedo-embarassada\/morfologia-espermatica\/","title":{"rendered":"Morfologia esperm\u00e0tica"},"content":{"rendered":"\t\t<div data-elementor-type=\"wp-page\" data-elementor-id=\"34111\" class=\"elementor elementor-34111 elementor-32986\" data-elementor-post-type=\"page\">\n\t\t\t\t<div class=\"elementor-element elementor-element-d307b3e e-con-full e-flex e-con e-parent\" data-id=\"d307b3e\" data-element_type=\"container\" data-settings=\"{&quot;background_background&quot;:&quot;classic&quot;,&quot;jet_parallax_layout_list&quot;:[]}\">\n\t\t<div class=\"elementor-element elementor-element-7d79130 e-flex e-con-boxed e-con e-child\" data-id=\"7d79130\" data-element_type=\"container\" data-settings=\"{&quot;jet_parallax_layout_list&quot;:[]}\">\n\t\t\t\t\t<div class=\"e-con-inner\">\n\t\t\t\t<div class=\"elementor-element elementor-element-65ccf79 elementor-widget elementor-widget-heading\" data-id=\"65ccf79\" data-element_type=\"widget\" data-widget_type=\"heading.default\">\n\t\t\t\t<div class=\"elementor-widget-container\">\n\t\t\t\t\t<h1 class=\"elementor-heading-title elementor-size-default\">Morfologia esperm\u00e0tica<\/h1>\t\t\t\t<\/div>\n\t\t\t\t<\/div>\n\t\t\t\t\t<\/div>\n\t\t\t\t<\/div>\n\t\t\t\t<\/div>\n\t\t<div class=\"elementor-element elementor-element-15861fe e-flex e-con-boxed e-con e-parent\" data-id=\"15861fe\" data-element_type=\"container\" data-settings=\"{&quot;jet_parallax_layout_list&quot;:[]}\">\n\t\t\t\t\t<div class=\"e-con-inner\">\n\t\t<div class=\"elementor-element elementor-element-b0130c4 e-con-full e-flex e-con e-child\" data-id=\"b0130c4\" data-element_type=\"container\" data-settings=\"{&quot;jet_parallax_layout_list&quot;:[]}\">\n\t\t<div class=\"elementor-element elementor-element-8c84f05 e-con-full e-flex e-con e-child\" data-id=\"8c84f05\" data-element_type=\"container\" data-settings=\"{&quot;jet_parallax_layout_list&quot;:[],&quot;sticky&quot;:&quot;top&quot;,&quot;sticky_offset&quot;:130,&quot;sticky_on&quot;:[&quot;desktop&quot;,&quot;tablet_extra&quot;],&quot;sticky_parent&quot;:&quot;yes&quot;,&quot;sticky_effects_offset&quot;:0,&quot;sticky_anchor_link_offset&quot;:0}\">\n\t\t\t\t<div class=\"elementor-element elementor-element-9bb0ab4 elementor-align-center treatment-menu-button elementor-widget elementor-widget-button\" data-id=\"9bb0ab4\" data-element_type=\"widget\" data-widget_type=\"button.default\">\n\t\t\t\t<div class=\"elementor-widget-container\">\n\t\t\t\t\t\t\t\t\t<div class=\"elementor-button-wrapper\">\n\t\t\t\t\t<a class=\"elementor-button elementor-button-link elementor-size-md\" href=\"#que-es\">\n\t\t\t\t\t\t<span class=\"elementor-button-content-wrapper\">\n\t\t\t\t\t\t\t\t\t<span class=\"elementor-button-text\">Qu\u00e8 \u00e9s<\/span>\n\t\t\t\t\t<\/span>\n\t\t\t\t\t<\/a>\n\t\t\t\t<\/div>\n\t\t\t\t\t\t\t\t<\/div>\n\t\t\t\t<\/div>\n\t\t\t\t<div class=\"elementor-element elementor-element-f093d5c elementor-align-center treatment-menu-button elementor-widget elementor-widget-button\" data-id=\"f093d5c\" data-element_type=\"widget\" data-widget_type=\"button.default\">\n\t\t\t\t<div class=\"elementor-widget-container\">\n\t\t\t\t\t\t\t\t\t<div class=\"elementor-button-wrapper\">\n\t\t\t\t\t<a class=\"elementor-button elementor-button-link elementor-size-md\" href=\"#valores-de-referencia\">\n\t\t\t\t\t\t<span class=\"elementor-button-content-wrapper\">\n\t\t\t\t\t\t\t\t\t<span class=\"elementor-button-text\">Valors de refer\u00e8ncia<\/span>\n\t\t\t\t\t<\/span>\n\t\t\t\t\t<\/a>\n\t\t\t\t<\/div>\n\t\t\t\t\t\t\t\t<\/div>\n\t\t\t\t<\/div>\n\t\t\t\t<\/div>\n\t\t\t\t<\/div>\n\t\t<div class=\"elementor-element elementor-element-839b64d e-con-full e-flex e-con e-child\" data-id=\"839b64d\" data-element_type=\"container\" data-settings=\"{&quot;jet_parallax_layout_list&quot;:[]}\">\n\t\t<div class=\"elementor-element elementor-element-f0b8d01 e-con-full what-is-container e-flex e-con e-child\" data-id=\"f0b8d01\" data-element_type=\"container\" data-settings=\"{&quot;jet_parallax_layout_list&quot;:[]}\">\n\t\t\t\t<div class=\"elementor-element elementor-element-d882755 elementor-widget elementor-widget-menu-anchor\" data-id=\"d882755\" data-element_type=\"widget\" data-widget_type=\"menu-anchor.default\">\n\t\t\t\t<div class=\"elementor-widget-container\">\n\t\t\t\t\t\t\t<div class=\"elementor-menu-anchor\" id=\"que-es\"><\/div>\n\t\t\t\t\t\t<\/div>\n\t\t\t\t<\/div>\n\t\t\t\t<div class=\"elementor-element elementor-element-f9622ba elementor-widget elementor-widget-heading\" data-id=\"f9622ba\" data-element_type=\"widget\" data-widget_type=\"heading.default\">\n\t\t\t\t<div class=\"elementor-widget-container\">\n\t\t\t\t\t<h2 class=\"elementor-heading-title elementor-size-default\">Qu\u00e8 \u00e9s<\/h2>\t\t\t\t<\/div>\n\t\t\t\t<\/div>\n\t\t\t\t<div class=\"elementor-element elementor-element-8ee0275 elementor-widget elementor-widget-text-editor\" data-id=\"8ee0275\" data-element_type=\"widget\" data-widget_type=\"text-editor.default\">\n\t\t\t\t<div class=\"elementor-widget-container\">\n\t\t\t\t\t\t\t\t\t<p>Aquesta prova serveix per <strong>avaluar les caracter\u00edstiques morfol\u00f2giques dels espermatozoides<\/strong> d\u2019una ejaculaci\u00f3.<\/p><p>\u00c9s necess\u00e0ria una bona morfologia esperm\u00e0tica per tal que l\u2019espermatozou pugui tenir una bona mobilitat i sigui capa\u00e7 de fecundar l\u2019o\u00f2cit.<\/p>\t\t\t\t\t\t\t\t<\/div>\n\t\t\t\t<\/div>\n\t\t\t\t<\/div>\n\t\t<div class=\"elementor-element elementor-element-bc98995 e-con-full e-flex e-con e-child\" data-id=\"bc98995\" data-element_type=\"container\" data-settings=\"{&quot;jet_parallax_layout_list&quot;:[]}\">\n\t\t\t\t<div class=\"elementor-element elementor-element-e653198 elementor-widget elementor-widget-menu-anchor\" data-id=\"e653198\" data-element_type=\"widget\" data-widget_type=\"menu-anchor.default\">\n\t\t\t\t<div class=\"elementor-widget-container\">\n\t\t\t\t\t\t\t<div class=\"elementor-menu-anchor\" id=\"valores-de-referencia\"><\/div>\n\t\t\t\t\t\t<\/div>\n\t\t\t\t<\/div>\n\t\t\t\t<div class=\"elementor-element elementor-element-54090a1 elementor-widget elementor-widget-heading\" data-id=\"54090a1\" data-element_type=\"widget\" data-widget_type=\"heading.default\">\n\t\t\t\t<div class=\"elementor-widget-container\">\n\t\t\t\t\t<h2 class=\"elementor-heading-title elementor-size-default\">Valors de refer\u00e8ncia<\/h2>\t\t\t\t<\/div>\n\t\t\t\t<\/div>\n\t\t\t\t<div class=\"elementor-element elementor-element-3be7b11 elementor-widget elementor-widget-text-editor\" data-id=\"3be7b11\" data-element_type=\"widget\" data-widget_type=\"text-editor.default\">\n\t\t\t\t<div class=\"elementor-widget-container\">\n\t\t\t\t\t\t\t\t\t<p>Es considera que una mostra presenta teratozoosp\u00e8rmia quan el nombre d\u2019espermatozoides morfol\u00f2gicament normals \u00e9s inferior al 4% (criteri de Kruger).<\/p>\t\t\t\t\t\t\t\t<\/div>\n\t\t\t\t<\/div>\n\t\t\t\t<div class=\"elementor-element elementor-element-85e83ef elementor-widget elementor-widget-image\" data-id=\"85e83ef\" data-element_type=\"widget\" data-widget_type=\"image.default\">\n\t\t\t\t<div class=\"elementor-widget-container\">\n\t\t\t\t\t\t\t\t\t\t\t\t\t\t\t<img fetchpriority=\"high\" decoding=\"async\" width=\"439\" height=\"198\" src=\"https:\/\/www.dexeus.com\/fertility\/wp-content\/uploads\/2025\/05\/morfologia-espermatica-valores.png\" class=\"attachment-full size-full wp-image-32995\" alt=\"Morfolog\u00eda esperm\u00e1tica -\" srcset=\"https:\/\/www.dexeus.com\/fertility\/wp-content\/uploads\/2025\/05\/morfologia-espermatica-valores.png 439w, https:\/\/www.dexeus.com\/fertility\/wp-content\/uploads\/2025\/05\/morfologia-espermatica-valores-300x135.png 300w\" sizes=\"(max-width: 439px) 100vw, 439px\" \/>\t\t\t\t\t\t\t\t\t\t\t\t\t\t\t<\/div>\n\t\t\t\t<\/div>\n\t\t\t\t<div class=\"elementor-element elementor-element-608728a elementor-widget elementor-widget-text-editor\" data-id=\"608728a\" data-element_type=\"widget\" data-widget_type=\"text-editor.default\">\n\t\t\t\t<div class=\"elementor-widget-container\">\n\t\t\t\t\t\t\t\t\t<p>Espermatozoides tenyits amb Eosina \/ Negrosina per a l\u2019an\u00e0lisi morfol\u00f2gica.<\/p>\t\t\t\t\t\t\t\t<\/div>\n\t\t\t\t<\/div>\n\t\t\t\t<\/div>\n\t\t\t\t<\/div>\n\t\t\t\t\t<\/div>\n\t\t\t\t<\/div>\n\t\t\t\t<\/div>\n\t\t","protected":false},"excerpt":{"rendered":"<p>Qu\u00e8 \u00e9s Valors de refer\u00e8ncia Qu\u00e8 \u00e9s Aquesta prova serveix per avaluar les caracter\u00edstiques morfol\u00f2giques dels espermatozoides d\u2019una ejaculaci\u00f3. \u00c9s necess\u00e0ria una bona morfologia esperm\u00e0tica per tal que l\u2019espermatozou pugui tenir una bona mobilitat i sigui capa\u00e7 de fecundar l\u2019o\u00f2cit. Valors de refer\u00e8ncia Es considera que una mostra presenta teratozoosp\u00e8rmia quan el nombre d\u2019espermatozoides morfol\u00f2gicament [&hellip;]<\/p>\n","protected":false},"author":2,"featured_media":33019,"parent":13769,"menu_order":0,"comment_status":"closed","ping_status":"closed","template":"","meta":{"footnotes":""},"class_list":["post-34111","page","type-page","status-publish","has-post-thumbnail","hentry"],"yoast_head":"<!-- This site is optimized with the Yoast SEO plugin v26.8 - https:\/\/yoast.com\/product\/yoast-seo-wordpress\/ -->\n<title>Morfologia esperm\u00e0tica | Dexeus Fertility<\/title>\n<meta name=\"robots\" content=\"index, follow, max-snippet:-1, max-image-preview:large, max-video-preview:-1\" \/>\n<link rel=\"canonical\" href=\"https:\/\/www.dexeus.com\/fertility\/ca\/no-em-quedo-embarassada\/morfologia-espermatica\/\" \/>\n<meta property=\"og:locale\" content=\"ca_ES\" \/>\n<meta property=\"og:type\" content=\"article\" \/>\n<meta property=\"og:title\" content=\"Morfologia esperm\u00e0tica | Dexeus Fertility\" \/>\n<meta property=\"og:description\" content=\"Qu\u00e8 \u00e9s Valors de refer\u00e8ncia Qu\u00e8 \u00e9s Aquesta prova serveix per avaluar les caracter\u00edstiques morfol\u00f2giques dels espermatozoides d\u2019una ejaculaci\u00f3. \u00c9s necess\u00e0ria una bona morfologia esperm\u00e0tica per tal que l\u2019espermatozou pugui tenir una bona mobilitat i sigui capa\u00e7 de fecundar l\u2019o\u00f2cit. Valors de refer\u00e8ncia Es considera que una mostra presenta teratozoosp\u00e8rmia quan el nombre d\u2019espermatozoides morfol\u00f2gicament [&hellip;]\" \/>\n<meta property=\"og:url\" content=\"https:\/\/www.dexeus.com\/fertility\/ca\/no-em-quedo-embarassada\/morfologia-espermatica\/\" \/>\n<meta property=\"og:site_name\" content=\"Dexeus Fertility\" \/>\n<meta property=\"article:publisher\" content=\"https:\/\/www.facebook.com\/dexeusmujer\/\" \/>\n<meta property=\"article:modified_time\" content=\"2025-06-17T15:21:13+00:00\" \/>\n<meta property=\"og:image\" content=\"https:\/\/www.dexeus.com\/fertility\/wp-content\/uploads\/2025\/05\/morfologia_espermatica.jpg\" \/>\n\t<meta property=\"og:image:width\" content=\"1600\" \/>\n\t<meta property=\"og:image:height\" content=\"800\" \/>\n\t<meta property=\"og:image:type\" content=\"image\/jpeg\" \/>\n<meta name=\"twitter:card\" content=\"summary_large_image\" \/>\n<meta name=\"twitter:site\" content=\"@dexeusmujer\" \/>\n<script type=\"application\/ld+json\" class=\"yoast-schema-graph\">{\"@context\":\"https:\/\/schema.org\",\"@graph\":[{\"@type\":[\"WebPage\",\"MedicalWebPage\"],\"@id\":\"https:\/\/www.dexeus.com\/fertility\/ca\/no-em-quedo-embarassada\/morfologia-espermatica\/\",\"url\":\"https:\/\/www.dexeus.com\/fertility\/ca\/no-em-quedo-embarassada\/morfologia-espermatica\/\",\"name\":\"Morfologia esperm\u00e0tica | Dexeus Fertility\",\"isPartOf\":{\"@id\":\"https:\/\/www.dexeus.com\/fertilitynew\/#website\"},\"primaryImageOfPage\":{\"@id\":\"https:\/\/www.dexeus.com\/fertility\/ca\/no-em-quedo-embarassada\/morfologia-espermatica\/#primaryimage\"},\"image\":{\"@id\":\"https:\/\/www.dexeus.com\/fertility\/ca\/no-em-quedo-embarassada\/morfologia-espermatica\/#primaryimage\"},\"thumbnailUrl\":\"https:\/\/www.dexeus.com\/fertility\/wp-content\/uploads\/2025\/05\/morfologia_espermatica.jpg\",\"datePublished\":\"2025-06-17T10:30:46+00:00\",\"dateModified\":\"2025-06-17T15:21:13+00:00\",\"breadcrumb\":{\"@id\":\"https:\/\/www.dexeus.com\/fertility\/ca\/no-em-quedo-embarassada\/morfologia-espermatica\/#breadcrumb\"},\"inLanguage\":\"ca\",\"potentialAction\":[{\"@type\":\"ReadAction\",\"target\":[\"https:\/\/www.dexeus.com\/fertility\/ca\/no-em-quedo-embarassada\/morfologia-espermatica\/\"]}]},{\"@type\":\"ImageObject\",\"inLanguage\":\"ca\",\"@id\":\"https:\/\/www.dexeus.com\/fertility\/ca\/no-em-quedo-embarassada\/morfologia-espermatica\/#primaryimage\",\"url\":\"https:\/\/www.dexeus.com\/fertility\/wp-content\/uploads\/2025\/05\/morfologia_espermatica.jpg\",\"contentUrl\":\"https:\/\/www.dexeus.com\/fertility\/wp-content\/uploads\/2025\/05\/morfologia_espermatica.jpg\",\"width\":1600,\"height\":800,\"caption\":\"Morfologia esperm\u00e0tica\"},{\"@type\":\"BreadcrumbList\",\"@id\":\"https:\/\/www.dexeus.com\/fertility\/ca\/no-em-quedo-embarassada\/morfologia-espermatica\/#breadcrumb\",\"itemListElement\":[{\"@type\":\"ListItem\",\"position\":1,\"name\":\"Portada\",\"item\":\"https:\/\/www.dexeus.com\/fertility\/ca\/35-anys-dexperiencia-en-reproduccio-assistida\/\"},{\"@type\":\"ListItem\",\"position\":2,\"name\":\"No em quedo embarassada\",\"item\":\"https:\/\/www.dexeus.com\/fertility\/ca\/no-em-quedo-embarassada\/\"},{\"@type\":\"ListItem\",\"position\":3,\"name\":\"Morfologia esperm\u00e0tica\"}]},{\"@type\":\"WebSite\",\"@id\":\"https:\/\/www.dexeus.com\/fertilitynew\/#website\",\"url\":\"https:\/\/www.dexeus.com\/fertilitynew\/\",\"name\":\"Dexeus Fertility\",\"description\":\"Dexeus Mujer es un centro de referencia y pionero en Espa\u00f1a en t\u00e9cnicas de reproducci\u00f3n asistida, con m\u00e1s de 80 a\u00f1os de experiencia en el diagn\u00f3stico y tratamiento de los problemas de fertilidad.\",\"publisher\":{\"@id\":\"https:\/\/www.dexeus.com\/fertilitynew\/#organization\"},\"alternateName\":\"Dexeus fertilidad\",\"potentialAction\":[{\"@type\":\"SearchAction\",\"target\":{\"@type\":\"EntryPoint\",\"urlTemplate\":\"https:\/\/www.dexeus.com\/fertilitynew\/?s={search_term_string}\"},\"query-input\":{\"@type\":\"PropertyValueSpecification\",\"valueRequired\":true,\"valueName\":\"search_term_string\"}}],\"inLanguage\":\"ca\"},{\"@type\":\"Organization\",\"@id\":\"https:\/\/www.dexeus.com\/fertilitynew\/#organization\",\"name\":\"Dexeus Fertility\",\"url\":\"https:\/\/www.dexeus.com\/fertilitynew\/\",\"logo\":{\"@type\":\"ImageObject\",\"inLanguage\":\"ca\",\"@id\":\"https:\/\/www.dexeus.com\/fertilitynew\/#\/schema\/logo\/image\/\",\"url\":\"https:\/\/www.dexeus.com\/fertility\/wp-content\/uploads\/2024\/02\/logofertility.svg\",\"contentUrl\":\"https:\/\/www.dexeus.com\/fertility\/wp-content\/uploads\/2024\/02\/logofertility.svg\",\"caption\":\"Dexeus Fertility\"},\"image\":{\"@id\":\"https:\/\/www.dexeus.com\/fertilitynew\/#\/schema\/logo\/image\/\"},\"sameAs\":[\"https:\/\/www.facebook.com\/dexeusmujer\/\",\"https:\/\/x.com\/dexeusmujer\",\"https:\/\/www.instagram.com\/dexeusmujer\",\"https:\/\/www.youtube.com\/user\/DexeusMujer\"]}]}<\/script>\n<!-- \/ Yoast SEO plugin. -->","yoast_head_json":{"title":"Morfologia esperm\u00e0tica | Dexeus Fertility","robots":{"index":"index","follow":"follow","max-snippet":"max-snippet:-1","max-image-preview":"max-image-preview:large","max-video-preview":"max-video-preview:-1"},"canonical":"https:\/\/www.dexeus.com\/fertility\/ca\/no-em-quedo-embarassada\/morfologia-espermatica\/","og_locale":"ca_ES","og_type":"article","og_title":"Morfologia esperm\u00e0tica | Dexeus Fertility","og_description":"Qu\u00e8 \u00e9s Valors de refer\u00e8ncia Qu\u00e8 \u00e9s Aquesta prova serveix per avaluar les caracter\u00edstiques morfol\u00f2giques dels espermatozoides d\u2019una ejaculaci\u00f3. \u00c9s necess\u00e0ria una bona morfologia esperm\u00e0tica per tal que l\u2019espermatozou pugui tenir una bona mobilitat i sigui capa\u00e7 de fecundar l\u2019o\u00f2cit. Valors de refer\u00e8ncia Es considera que una mostra presenta teratozoosp\u00e8rmia quan el nombre d\u2019espermatozoides morfol\u00f2gicament [&hellip;]","og_url":"https:\/\/www.dexeus.com\/fertility\/ca\/no-em-quedo-embarassada\/morfologia-espermatica\/","og_site_name":"Dexeus Fertility","article_publisher":"https:\/\/www.facebook.com\/dexeusmujer\/","article_modified_time":"2025-06-17T15:21:13+00:00","og_image":[{"width":1600,"height":800,"url":"https:\/\/www.dexeus.com\/fertility\/wp-content\/uploads\/2025\/05\/morfologia_espermatica.jpg","type":"image\/jpeg"}],"twitter_card":"summary_large_image","twitter_site":"@dexeusmujer","schema":{"@context":"https:\/\/schema.org","@graph":[{"@type":["WebPage","MedicalWebPage"],"@id":"https:\/\/www.dexeus.com\/fertility\/ca\/no-em-quedo-embarassada\/morfologia-espermatica\/","url":"https:\/\/www.dexeus.com\/fertility\/ca\/no-em-quedo-embarassada\/morfologia-espermatica\/","name":"Morfologia esperm\u00e0tica | Dexeus Fertility","isPartOf":{"@id":"https:\/\/www.dexeus.com\/fertilitynew\/#website"},"primaryImageOfPage":{"@id":"https:\/\/www.dexeus.com\/fertility\/ca\/no-em-quedo-embarassada\/morfologia-espermatica\/#primaryimage"},"image":{"@id":"https:\/\/www.dexeus.com\/fertility\/ca\/no-em-quedo-embarassada\/morfologia-espermatica\/#primaryimage"},"thumbnailUrl":"https:\/\/www.dexeus.com\/fertility\/wp-content\/uploads\/2025\/05\/morfologia_espermatica.jpg","datePublished":"2025-06-17T10:30:46+00:00","dateModified":"2025-06-17T15:21:13+00:00","breadcrumb":{"@id":"https:\/\/www.dexeus.com\/fertility\/ca\/no-em-quedo-embarassada\/morfologia-espermatica\/#breadcrumb"},"inLanguage":"ca","potentialAction":[{"@type":"ReadAction","target":["https:\/\/www.dexeus.com\/fertility\/ca\/no-em-quedo-embarassada\/morfologia-espermatica\/"]}]},{"@type":"ImageObject","inLanguage":"ca","@id":"https:\/\/www.dexeus.com\/fertility\/ca\/no-em-quedo-embarassada\/morfologia-espermatica\/#primaryimage","url":"https:\/\/www.dexeus.com\/fertility\/wp-content\/uploads\/2025\/05\/morfologia_espermatica.jpg","contentUrl":"https:\/\/www.dexeus.com\/fertility\/wp-content\/uploads\/2025\/05\/morfologia_espermatica.jpg","width":1600,"height":800,"caption":"Morfologia esperm\u00e0tica"},{"@type":"BreadcrumbList","@id":"https:\/\/www.dexeus.com\/fertility\/ca\/no-em-quedo-embarassada\/morfologia-espermatica\/#breadcrumb","itemListElement":[{"@type":"ListItem","position":1,"name":"Portada","item":"https:\/\/www.dexeus.com\/fertility\/ca\/35-anys-dexperiencia-en-reproduccio-assistida\/"},{"@type":"ListItem","position":2,"name":"No em quedo embarassada","item":"https:\/\/www.dexeus.com\/fertility\/ca\/no-em-quedo-embarassada\/"},{"@type":"ListItem","position":3,"name":"Morfologia esperm\u00e0tica"}]},{"@type":"WebSite","@id":"https:\/\/www.dexeus.com\/fertilitynew\/#website","url":"https:\/\/www.dexeus.com\/fertilitynew\/","name":"Dexeus Fertility","description":"Dexeus Mujer es un centro de referencia y pionero en Espa\u00f1a en t\u00e9cnicas de reproducci\u00f3n asistida, con m\u00e1s de 80 a\u00f1os de experiencia en el diagn\u00f3stico y tratamiento de los problemas de fertilidad.","publisher":{"@id":"https:\/\/www.dexeus.com\/fertilitynew\/#organization"},"alternateName":"Dexeus fertilidad","potentialAction":[{"@type":"SearchAction","target":{"@type":"EntryPoint","urlTemplate":"https:\/\/www.dexeus.com\/fertilitynew\/?s={search_term_string}"},"query-input":{"@type":"PropertyValueSpecification","valueRequired":true,"valueName":"search_term_string"}}],"inLanguage":"ca"},{"@type":"Organization","@id":"https:\/\/www.dexeus.com\/fertilitynew\/#organization","name":"Dexeus Fertility","url":"https:\/\/www.dexeus.com\/fertilitynew\/","logo":{"@type":"ImageObject","inLanguage":"ca","@id":"https:\/\/www.dexeus.com\/fertilitynew\/#\/schema\/logo\/image\/","url":"https:\/\/www.dexeus.com\/fertility\/wp-content\/uploads\/2024\/02\/logofertility.svg","contentUrl":"https:\/\/www.dexeus.com\/fertility\/wp-content\/uploads\/2024\/02\/logofertility.svg","caption":"Dexeus Fertility"},"image":{"@id":"https:\/\/www.dexeus.com\/fertilitynew\/#\/schema\/logo\/image\/"},"sameAs":["https:\/\/www.facebook.com\/dexeusmujer\/","https:\/\/x.com\/dexeusmujer","https:\/\/www.instagram.com\/dexeusmujer","https:\/\/www.youtube.com\/user\/DexeusMujer"]}]}},"_links":{"self":[{"href":"https:\/\/www.dexeus.com\/fertility\/ca\/wp-json\/wp\/v2\/pages\/34111","targetHints":{"allow":["GET"]}}],"collection":[{"href":"https:\/\/www.dexeus.com\/fertility\/ca\/wp-json\/wp\/v2\/pages"}],"about":[{"href":"https:\/\/www.dexeus.com\/fertility\/ca\/wp-json\/wp\/v2\/types\/page"}],"author":[{"embeddable":true,"href":"https:\/\/www.dexeus.com\/fertility\/ca\/wp-json\/wp\/v2\/users\/2"}],"replies":[{"embeddable":true,"href":"https:\/\/www.dexeus.com\/fertility\/ca\/wp-json\/wp\/v2\/comments?post=34111"}],"version-history":[{"count":5,"href":"https:\/\/www.dexeus.com\/fertility\/ca\/wp-json\/wp\/v2\/pages\/34111\/revisions"}],"predecessor-version":[{"id":34128,"href":"https:\/\/www.dexeus.com\/fertility\/ca\/wp-json\/wp\/v2\/pages\/34111\/revisions\/34128"}],"up":[{"embeddable":true,"href":"https:\/\/www.dexeus.com\/fertility\/ca\/wp-json\/wp\/v2\/pages\/13769"}],"wp:featuredmedia":[{"embeddable":true,"href":"https:\/\/www.dexeus.com\/fertility\/ca\/wp-json\/wp\/v2\/media\/33019"}],"wp:attachment":[{"href":"https:\/\/www.dexeus.com\/fertility\/ca\/wp-json\/wp\/v2\/media?parent=34111"}],"curies":[{"name":"wp","href":"https:\/\/api.w.org\/{rel}","templated":true}]}}