{"id":34129,"date":"2025-06-17T12:31:02","date_gmt":"2025-06-17T10:31:02","guid":{"rendered":"https:\/\/www.dexeus.com\/fertility\/no-em-quedo-embarassada\/test-de-capacitacio-espermatica\/"},"modified":"2025-06-17T18:36:14","modified_gmt":"2025-06-17T16:36:14","slug":"test-capacitacio-espermatica","status":"publish","type":"page","link":"https:\/\/www.dexeus.com\/fertility\/ca\/no-em-quedo-embarassada\/test-capacitacio-espermatica\/","title":{"rendered":"Test de capacitaci\u00f3 esperm\u00e0tica"},"content":{"rendered":"\t\t<div data-elementor-type=\"wp-page\" data-elementor-id=\"34129\" class=\"elementor elementor-34129 elementor-33044\" data-elementor-post-type=\"page\">\n\t\t\t\t<div class=\"elementor-element elementor-element-2268460 e-con-full e-flex e-con e-parent\" data-id=\"2268460\" data-element_type=\"container\" data-settings=\"{&quot;background_background&quot;:&quot;classic&quot;,&quot;jet_parallax_layout_list&quot;:[]}\">\n\t\t<div class=\"elementor-element elementor-element-20e7ee4 e-flex e-con-boxed e-con e-child\" data-id=\"20e7ee4\" data-element_type=\"container\" data-settings=\"{&quot;jet_parallax_layout_list&quot;:[]}\">\n\t\t\t\t\t<div class=\"e-con-inner\">\n\t\t\t\t<div class=\"elementor-element elementor-element-c5edc58 elementor-widget elementor-widget-heading\" data-id=\"c5edc58\" data-element_type=\"widget\" data-widget_type=\"heading.default\">\n\t\t\t\t<div class=\"elementor-widget-container\">\n\t\t\t\t\t<h1 class=\"elementor-heading-title elementor-size-default\">Test de capacitaci\u00f3 esperm\u00e0tica<\/h1>\t\t\t\t<\/div>\n\t\t\t\t<\/div>\n\t\t\t\t\t<\/div>\n\t\t\t\t<\/div>\n\t\t\t\t<\/div>\n\t\t<div class=\"elementor-element elementor-element-c3b1210 e-flex e-con-boxed e-con e-parent\" data-id=\"c3b1210\" data-element_type=\"container\" data-settings=\"{&quot;jet_parallax_layout_list&quot;:[]}\">\n\t\t\t\t\t<div class=\"e-con-inner\">\n\t\t<div class=\"elementor-element elementor-element-1faeccb e-con-full e-flex e-con e-child\" data-id=\"1faeccb\" data-element_type=\"container\" data-settings=\"{&quot;jet_parallax_layout_list&quot;:[]}\">\n\t\t<div class=\"elementor-element elementor-element-5dc63f0 e-con-full e-flex e-con e-child\" data-id=\"5dc63f0\" data-element_type=\"container\" data-settings=\"{&quot;jet_parallax_layout_list&quot;:[],&quot;sticky&quot;:&quot;top&quot;,&quot;sticky_offset&quot;:130,&quot;sticky_on&quot;:[&quot;desktop&quot;,&quot;tablet_extra&quot;],&quot;sticky_parent&quot;:&quot;yes&quot;,&quot;sticky_effects_offset&quot;:0,&quot;sticky_anchor_link_offset&quot;:0}\">\n\t\t\t\t<div class=\"elementor-element elementor-element-f86dc97 elementor-align-center treatment-menu-button elementor-widget elementor-widget-button\" data-id=\"f86dc97\" data-element_type=\"widget\" data-widget_type=\"button.default\">\n\t\t\t\t<div class=\"elementor-widget-container\">\n\t\t\t\t\t\t\t\t\t<div class=\"elementor-button-wrapper\">\n\t\t\t\t\t<a class=\"elementor-button elementor-button-link elementor-size-md\" href=\"#que-es\">\n\t\t\t\t\t\t<span class=\"elementor-button-content-wrapper\">\n\t\t\t\t\t\t\t\t\t<span class=\"elementor-button-text\">Qu\u00e8 \u00e9s<\/span>\n\t\t\t\t\t<\/span>\n\t\t\t\t\t<\/a>\n\t\t\t\t<\/div>\n\t\t\t\t\t\t\t\t<\/div>\n\t\t\t\t<\/div>\n\t\t\t\t<div class=\"elementor-element elementor-element-5eacddf elementor-align-center treatment-menu-button elementor-widget elementor-widget-button\" data-id=\"5eacddf\" data-element_type=\"widget\" data-widget_type=\"button.default\">\n\t\t\t\t<div class=\"elementor-widget-container\">\n\t\t\t\t\t\t\t\t\t<div class=\"elementor-button-wrapper\">\n\t\t\t\t\t<a class=\"elementor-button elementor-button-link elementor-size-md\" href=\"#test-laboratorio\">\n\t\t\t\t\t\t<span class=\"elementor-button-content-wrapper\">\n\t\t\t\t\t\t\t\t\t<span class=\"elementor-button-text\">El test al laboratori<\/span>\n\t\t\t\t\t<\/span>\n\t\t\t\t\t<\/a>\n\t\t\t\t<\/div>\n\t\t\t\t\t\t\t\t<\/div>\n\t\t\t\t<\/div>\n\t\t\t\t<\/div>\n\t\t\t\t<\/div>\n\t\t<div class=\"elementor-element elementor-element-6467c38 e-con-full e-flex e-con e-child\" data-id=\"6467c38\" data-element_type=\"container\" data-settings=\"{&quot;jet_parallax_layout_list&quot;:[]}\">\n\t\t<div class=\"elementor-element elementor-element-f31c459 e-con-full what-is-container e-flex e-con e-child\" data-id=\"f31c459\" data-element_type=\"container\" data-settings=\"{&quot;jet_parallax_layout_list&quot;:[]}\">\n\t\t\t\t<div class=\"elementor-element elementor-element-8bf1e23 elementor-widget elementor-widget-menu-anchor\" data-id=\"8bf1e23\" data-element_type=\"widget\" data-widget_type=\"menu-anchor.default\">\n\t\t\t\t<div class=\"elementor-widget-container\">\n\t\t\t\t\t\t\t<div class=\"elementor-menu-anchor\" id=\"que-es\"><\/div>\n\t\t\t\t\t\t<\/div>\n\t\t\t\t<\/div>\n\t\t\t\t<div class=\"elementor-element elementor-element-ec02712 elementor-widget elementor-widget-heading\" data-id=\"ec02712\" data-element_type=\"widget\" data-widget_type=\"heading.default\">\n\t\t\t\t<div class=\"elementor-widget-container\">\n\t\t\t\t\t<h2 class=\"elementor-heading-title elementor-size-default\">Qu\u00e8 \u00e9s<\/h2>\t\t\t\t<\/div>\n\t\t\t\t<\/div>\n\t\t\t\t<div class=\"elementor-element elementor-element-e3cd5f0 elementor-widget elementor-widget-text-editor\" data-id=\"e3cd5f0\" data-element_type=\"widget\" data-widget_type=\"text-editor.default\">\n\t\t\t\t<div class=\"elementor-widget-container\">\n\t\t\t\t\t\t\t\t\t<p>La capacitaci\u00f3 esperm\u00e0tica s\u00f3n els <strong>canvis fisiol\u00f2gics que pateix un espermatozou de manera natural<\/strong> per adquirir la capacitat de fecundar l\u2019\u00f2vul.<\/p><p>Els espermatozoides, en ser ejaculats, no tenen aquesta capacitat, per\u00f2 l\u2019adquireix en al llarg del seu pas per l\u2019aparell reproductor femen\u00ed.<\/p>\t\t\t\t\t\t\t\t<\/div>\n\t\t\t\t<\/div>\n\t\t\t\t<\/div>\n\t\t<div class=\"elementor-element elementor-element-5e0368a e-con-full e-flex e-con e-child\" data-id=\"5e0368a\" data-element_type=\"container\" data-settings=\"{&quot;jet_parallax_layout_list&quot;:[]}\">\n\t\t\t\t<div class=\"elementor-element elementor-element-b3e3ec1 elementor-widget elementor-widget-menu-anchor\" data-id=\"b3e3ec1\" data-element_type=\"widget\" data-widget_type=\"menu-anchor.default\">\n\t\t\t\t<div class=\"elementor-widget-container\">\n\t\t\t\t\t\t\t<div class=\"elementor-menu-anchor\" id=\"test-laboratorio\"><\/div>\n\t\t\t\t\t\t<\/div>\n\t\t\t\t<\/div>\n\t\t\t\t<div class=\"elementor-element elementor-element-78e7932 elementor-widget elementor-widget-heading\" data-id=\"78e7932\" data-element_type=\"widget\" data-widget_type=\"heading.default\">\n\t\t\t\t<div class=\"elementor-widget-container\">\n\t\t\t\t\t<h2 class=\"elementor-heading-title elementor-size-default\">El test al laboratori<\/h2>\t\t\t\t<\/div>\n\t\t\t\t<\/div>\n\t\t\t\t<div class=\"elementor-element elementor-element-e798265 elementor-widget elementor-widget-text-editor\" data-id=\"e798265\" data-element_type=\"widget\" data-widget_type=\"text-editor.default\">\n\t\t\t\t<div class=\"elementor-widget-container\">\n\t\t\t\t\t\t\t\t\t<p>Per dur a terme la capacitaci\u00f3 esperm\u00e0tica al laboratori es processa la mostra eliminant el plasma seminal i seleccionant els espermatozoides de millor mobilitat mitjan\u00e7ant gradients discontinus de densitat. Un cop preparada la mostra, la suspensi\u00f3 final que se n\u2019obt\u00e9 t\u00e9 els espermatozoides de m\u00e9s qualitat per dur a terme la fecundaci\u00f3 de l\u2019\u00f2vul. <\/p><p>A partir dels resultats obtinguts en la prova de capacitaci\u00f3 esperm\u00e0tica es podr\u00e0 aconsellar la t\u00e8cnica de reproducci\u00f3 assistida (TRA) m\u00e9s adequada en cada cas (inseminaci\u00f3 artificial, FIV convencional o FIV-ICSI).<\/p>\t\t\t\t\t\t\t\t<\/div>\n\t\t\t\t<\/div>\n\t\t\t\t<div class=\"elementor-element elementor-element-f8c95ec elementor-widget elementor-widget-image\" data-id=\"f8c95ec\" data-element_type=\"widget\" data-widget_type=\"image.default\">\n\t\t\t\t<div class=\"elementor-widget-container\">\n\t\t\t\t\t\t\t\t\t\t\t\t\t\t\t<img fetchpriority=\"high\" decoding=\"async\" width=\"449\" height=\"289\" src=\"https:\/\/www.dexeus.com\/fertility\/wp-content\/uploads\/2025\/05\/gradientes-densidad-post-centrifugacion.jpg\" class=\"attachment-full size-full wp-image-33053\" alt=\"Test de capacitaci\u00f3 esperm\u00e0tica al laboratori\" srcset=\"https:\/\/www.dexeus.com\/fertility\/wp-content\/uploads\/2025\/05\/gradientes-densidad-post-centrifugacion.jpg 449w, https:\/\/www.dexeus.com\/fertility\/wp-content\/uploads\/2025\/05\/gradientes-densidad-post-centrifugacion-300x193.jpg 300w\" sizes=\"(max-width: 449px) 100vw, 449px\" \/>\t\t\t\t\t\t\t\t\t\t\t\t\t\t\t<\/div>\n\t\t\t\t<\/div>\n\t\t\t\t<div class=\"elementor-element elementor-element-0cd9c42 elementor-widget elementor-widget-text-editor\" data-id=\"0cd9c42\" data-element_type=\"widget\" data-widget_type=\"text-editor.default\">\n\t\t\t\t<div class=\"elementor-widget-container\">\n\t\t\t\t\t\t\t\t\t<p>Gradients densitat \/ Post centrifugaci\u00f3<\/p>\t\t\t\t\t\t\t\t<\/div>\n\t\t\t\t<\/div>\n\t\t\t\t<\/div>\n\t\t\t\t<\/div>\n\t\t\t\t\t<\/div>\n\t\t\t\t<\/div>\n\t\t\t\t<\/div>\n\t\t","protected":false},"excerpt":{"rendered":"<p>Qu\u00e8 \u00e9s El test al laboratori Qu\u00e8 \u00e9s La capacitaci\u00f3 esperm\u00e0tica s\u00f3n els canvis fisiol\u00f2gics que pateix un espermatozou de manera natural per adquirir la capacitat de fecundar l\u2019\u00f2vul. Els espermatozoides, en ser ejaculats, no tenen aquesta capacitat, per\u00f2 l\u2019adquireix en al llarg del seu pas per l\u2019aparell reproductor femen\u00ed. El test al laboratori Per [&hellip;]<\/p>\n","protected":false},"author":2,"featured_media":33046,"parent":13769,"menu_order":0,"comment_status":"closed","ping_status":"closed","template":"","meta":{"footnotes":""},"class_list":["post-34129","page","type-page","status-publish","has-post-thumbnail","hentry"],"yoast_head":"<!-- This site is optimized with the Yoast SEO plugin v26.8 - https:\/\/yoast.com\/product\/yoast-seo-wordpress\/ -->\n<title>Test de capacitaci\u00f3 esperm\u00e0tica | Dexeus Fertility<\/title>\n<meta name=\"robots\" content=\"index, follow, max-snippet:-1, max-image-preview:large, max-video-preview:-1\" \/>\n<link rel=\"canonical\" href=\"https:\/\/www.dexeus.com\/fertility\/ca\/no-em-quedo-embarassada\/test-capacitacio-espermatica\/\" \/>\n<meta property=\"og:locale\" content=\"ca_ES\" \/>\n<meta property=\"og:type\" content=\"article\" \/>\n<meta property=\"og:title\" content=\"Test de capacitaci\u00f3 esperm\u00e0tica | Dexeus Fertility\" \/>\n<meta property=\"og:description\" content=\"Qu\u00e8 \u00e9s El test al laboratori Qu\u00e8 \u00e9s La capacitaci\u00f3 esperm\u00e0tica s\u00f3n els canvis fisiol\u00f2gics que pateix un espermatozou de manera natural per adquirir la capacitat de fecundar l\u2019\u00f2vul. Els espermatozoides, en ser ejaculats, no tenen aquesta capacitat, per\u00f2 l\u2019adquireix en al llarg del seu pas per l\u2019aparell reproductor femen\u00ed. El test al laboratori Per [&hellip;]\" \/>\n<meta property=\"og:url\" content=\"https:\/\/www.dexeus.com\/fertility\/ca\/no-em-quedo-embarassada\/test-capacitacio-espermatica\/\" \/>\n<meta property=\"og:site_name\" content=\"Dexeus Fertility\" \/>\n<meta property=\"article:publisher\" content=\"https:\/\/www.facebook.com\/dexeusmujer\/\" \/>\n<meta property=\"article:modified_time\" content=\"2025-06-17T16:36:14+00:00\" \/>\n<meta property=\"og:image\" content=\"https:\/\/www.dexeus.com\/fertility\/wp-content\/uploads\/2025\/05\/test-capacitacion-espermatica.jpg\" \/>\n\t<meta property=\"og:image:width\" content=\"1600\" \/>\n\t<meta property=\"og:image:height\" content=\"800\" \/>\n\t<meta property=\"og:image:type\" content=\"image\/jpeg\" \/>\n<meta name=\"twitter:card\" content=\"summary_large_image\" \/>\n<meta name=\"twitter:site\" content=\"@dexeusmujer\" \/>\n<script type=\"application\/ld+json\" class=\"yoast-schema-graph\">{\"@context\":\"https:\/\/schema.org\",\"@graph\":[{\"@type\":[\"WebPage\",\"MedicalWebPage\"],\"@id\":\"https:\/\/www.dexeus.com\/fertility\/ca\/no-em-quedo-embarassada\/test-capacitacio-espermatica\/\",\"url\":\"https:\/\/www.dexeus.com\/fertility\/ca\/no-em-quedo-embarassada\/test-capacitacio-espermatica\/\",\"name\":\"Test de capacitaci\u00f3 esperm\u00e0tica | Dexeus Fertility\",\"isPartOf\":{\"@id\":\"https:\/\/www.dexeus.com\/fertilitynew\/#website\"},\"primaryImageOfPage\":{\"@id\":\"https:\/\/www.dexeus.com\/fertility\/ca\/no-em-quedo-embarassada\/test-capacitacio-espermatica\/#primaryimage\"},\"image\":{\"@id\":\"https:\/\/www.dexeus.com\/fertility\/ca\/no-em-quedo-embarassada\/test-capacitacio-espermatica\/#primaryimage\"},\"thumbnailUrl\":\"https:\/\/www.dexeus.com\/fertility\/wp-content\/uploads\/2025\/05\/test-capacitacion-espermatica.jpg\",\"datePublished\":\"2025-06-17T10:31:02+00:00\",\"dateModified\":\"2025-06-17T16:36:14+00:00\",\"breadcrumb\":{\"@id\":\"https:\/\/www.dexeus.com\/fertility\/ca\/no-em-quedo-embarassada\/test-capacitacio-espermatica\/#breadcrumb\"},\"inLanguage\":\"ca\",\"potentialAction\":[{\"@type\":\"ReadAction\",\"target\":[\"https:\/\/www.dexeus.com\/fertility\/ca\/no-em-quedo-embarassada\/test-capacitacio-espermatica\/\"]}]},{\"@type\":\"ImageObject\",\"inLanguage\":\"ca\",\"@id\":\"https:\/\/www.dexeus.com\/fertility\/ca\/no-em-quedo-embarassada\/test-capacitacio-espermatica\/#primaryimage\",\"url\":\"https:\/\/www.dexeus.com\/fertility\/wp-content\/uploads\/2025\/05\/test-capacitacion-espermatica.jpg\",\"contentUrl\":\"https:\/\/www.dexeus.com\/fertility\/wp-content\/uploads\/2025\/05\/test-capacitacion-espermatica.jpg\",\"width\":1600,\"height\":800,\"caption\":\"Test de capacitaci\u00f3 esperm\u00e0tica\"},{\"@type\":\"BreadcrumbList\",\"@id\":\"https:\/\/www.dexeus.com\/fertility\/ca\/no-em-quedo-embarassada\/test-capacitacio-espermatica\/#breadcrumb\",\"itemListElement\":[{\"@type\":\"ListItem\",\"position\":1,\"name\":\"Portada\",\"item\":\"https:\/\/www.dexeus.com\/fertility\/ca\/35-anys-dexperiencia-en-reproduccio-assistida\/\"},{\"@type\":\"ListItem\",\"position\":2,\"name\":\"No em quedo embarassada\",\"item\":\"https:\/\/www.dexeus.com\/fertility\/ca\/no-em-quedo-embarassada\/\"},{\"@type\":\"ListItem\",\"position\":3,\"name\":\"Test de capacitaci\u00f3 esperm\u00e0tica\"}]},{\"@type\":\"WebSite\",\"@id\":\"https:\/\/www.dexeus.com\/fertilitynew\/#website\",\"url\":\"https:\/\/www.dexeus.com\/fertilitynew\/\",\"name\":\"Dexeus Fertility\",\"description\":\"Dexeus Mujer es un centro de referencia y pionero en Espa\u00f1a en t\u00e9cnicas de reproducci\u00f3n asistida, con m\u00e1s de 80 a\u00f1os de experiencia en el diagn\u00f3stico y tratamiento de los problemas de fertilidad.\",\"publisher\":{\"@id\":\"https:\/\/www.dexeus.com\/fertilitynew\/#organization\"},\"alternateName\":\"Dexeus fertilidad\",\"potentialAction\":[{\"@type\":\"SearchAction\",\"target\":{\"@type\":\"EntryPoint\",\"urlTemplate\":\"https:\/\/www.dexeus.com\/fertilitynew\/?s={search_term_string}\"},\"query-input\":{\"@type\":\"PropertyValueSpecification\",\"valueRequired\":true,\"valueName\":\"search_term_string\"}}],\"inLanguage\":\"ca\"},{\"@type\":\"Organization\",\"@id\":\"https:\/\/www.dexeus.com\/fertilitynew\/#organization\",\"name\":\"Dexeus Fertility\",\"url\":\"https:\/\/www.dexeus.com\/fertilitynew\/\",\"logo\":{\"@type\":\"ImageObject\",\"inLanguage\":\"ca\",\"@id\":\"https:\/\/www.dexeus.com\/fertilitynew\/#\/schema\/logo\/image\/\",\"url\":\"https:\/\/www.dexeus.com\/fertility\/wp-content\/uploads\/2024\/02\/logofertility.svg\",\"contentUrl\":\"https:\/\/www.dexeus.com\/fertility\/wp-content\/uploads\/2024\/02\/logofertility.svg\",\"caption\":\"Dexeus Fertility\"},\"image\":{\"@id\":\"https:\/\/www.dexeus.com\/fertilitynew\/#\/schema\/logo\/image\/\"},\"sameAs\":[\"https:\/\/www.facebook.com\/dexeusmujer\/\",\"https:\/\/x.com\/dexeusmujer\",\"https:\/\/www.instagram.com\/dexeusmujer\",\"https:\/\/www.youtube.com\/user\/DexeusMujer\"]}]}<\/script>\n<!-- \/ Yoast SEO plugin. -->","yoast_head_json":{"title":"Test de capacitaci\u00f3 esperm\u00e0tica | Dexeus Fertility","robots":{"index":"index","follow":"follow","max-snippet":"max-snippet:-1","max-image-preview":"max-image-preview:large","max-video-preview":"max-video-preview:-1"},"canonical":"https:\/\/www.dexeus.com\/fertility\/ca\/no-em-quedo-embarassada\/test-capacitacio-espermatica\/","og_locale":"ca_ES","og_type":"article","og_title":"Test de capacitaci\u00f3 esperm\u00e0tica | Dexeus Fertility","og_description":"Qu\u00e8 \u00e9s El test al laboratori Qu\u00e8 \u00e9s La capacitaci\u00f3 esperm\u00e0tica s\u00f3n els canvis fisiol\u00f2gics que pateix un espermatozou de manera natural per adquirir la capacitat de fecundar l\u2019\u00f2vul. Els espermatozoides, en ser ejaculats, no tenen aquesta capacitat, per\u00f2 l\u2019adquireix en al llarg del seu pas per l\u2019aparell reproductor femen\u00ed. El test al laboratori Per [&hellip;]","og_url":"https:\/\/www.dexeus.com\/fertility\/ca\/no-em-quedo-embarassada\/test-capacitacio-espermatica\/","og_site_name":"Dexeus Fertility","article_publisher":"https:\/\/www.facebook.com\/dexeusmujer\/","article_modified_time":"2025-06-17T16:36:14+00:00","og_image":[{"width":1600,"height":800,"url":"https:\/\/www.dexeus.com\/fertility\/wp-content\/uploads\/2025\/05\/test-capacitacion-espermatica.jpg","type":"image\/jpeg"}],"twitter_card":"summary_large_image","twitter_site":"@dexeusmujer","schema":{"@context":"https:\/\/schema.org","@graph":[{"@type":["WebPage","MedicalWebPage"],"@id":"https:\/\/www.dexeus.com\/fertility\/ca\/no-em-quedo-embarassada\/test-capacitacio-espermatica\/","url":"https:\/\/www.dexeus.com\/fertility\/ca\/no-em-quedo-embarassada\/test-capacitacio-espermatica\/","name":"Test de capacitaci\u00f3 esperm\u00e0tica | Dexeus Fertility","isPartOf":{"@id":"https:\/\/www.dexeus.com\/fertilitynew\/#website"},"primaryImageOfPage":{"@id":"https:\/\/www.dexeus.com\/fertility\/ca\/no-em-quedo-embarassada\/test-capacitacio-espermatica\/#primaryimage"},"image":{"@id":"https:\/\/www.dexeus.com\/fertility\/ca\/no-em-quedo-embarassada\/test-capacitacio-espermatica\/#primaryimage"},"thumbnailUrl":"https:\/\/www.dexeus.com\/fertility\/wp-content\/uploads\/2025\/05\/test-capacitacion-espermatica.jpg","datePublished":"2025-06-17T10:31:02+00:00","dateModified":"2025-06-17T16:36:14+00:00","breadcrumb":{"@id":"https:\/\/www.dexeus.com\/fertility\/ca\/no-em-quedo-embarassada\/test-capacitacio-espermatica\/#breadcrumb"},"inLanguage":"ca","potentialAction":[{"@type":"ReadAction","target":["https:\/\/www.dexeus.com\/fertility\/ca\/no-em-quedo-embarassada\/test-capacitacio-espermatica\/"]}]},{"@type":"ImageObject","inLanguage":"ca","@id":"https:\/\/www.dexeus.com\/fertility\/ca\/no-em-quedo-embarassada\/test-capacitacio-espermatica\/#primaryimage","url":"https:\/\/www.dexeus.com\/fertility\/wp-content\/uploads\/2025\/05\/test-capacitacion-espermatica.jpg","contentUrl":"https:\/\/www.dexeus.com\/fertility\/wp-content\/uploads\/2025\/05\/test-capacitacion-espermatica.jpg","width":1600,"height":800,"caption":"Test de capacitaci\u00f3 esperm\u00e0tica"},{"@type":"BreadcrumbList","@id":"https:\/\/www.dexeus.com\/fertility\/ca\/no-em-quedo-embarassada\/test-capacitacio-espermatica\/#breadcrumb","itemListElement":[{"@type":"ListItem","position":1,"name":"Portada","item":"https:\/\/www.dexeus.com\/fertility\/ca\/35-anys-dexperiencia-en-reproduccio-assistida\/"},{"@type":"ListItem","position":2,"name":"No em quedo embarassada","item":"https:\/\/www.dexeus.com\/fertility\/ca\/no-em-quedo-embarassada\/"},{"@type":"ListItem","position":3,"name":"Test de capacitaci\u00f3 esperm\u00e0tica"}]},{"@type":"WebSite","@id":"https:\/\/www.dexeus.com\/fertilitynew\/#website","url":"https:\/\/www.dexeus.com\/fertilitynew\/","name":"Dexeus Fertility","description":"Dexeus Mujer es un centro de referencia y pionero en Espa\u00f1a en t\u00e9cnicas de reproducci\u00f3n asistida, con m\u00e1s de 80 a\u00f1os de experiencia en el diagn\u00f3stico y tratamiento de los problemas de fertilidad.","publisher":{"@id":"https:\/\/www.dexeus.com\/fertilitynew\/#organization"},"alternateName":"Dexeus fertilidad","potentialAction":[{"@type":"SearchAction","target":{"@type":"EntryPoint","urlTemplate":"https:\/\/www.dexeus.com\/fertilitynew\/?s={search_term_string}"},"query-input":{"@type":"PropertyValueSpecification","valueRequired":true,"valueName":"search_term_string"}}],"inLanguage":"ca"},{"@type":"Organization","@id":"https:\/\/www.dexeus.com\/fertilitynew\/#organization","name":"Dexeus Fertility","url":"https:\/\/www.dexeus.com\/fertilitynew\/","logo":{"@type":"ImageObject","inLanguage":"ca","@id":"https:\/\/www.dexeus.com\/fertilitynew\/#\/schema\/logo\/image\/","url":"https:\/\/www.dexeus.com\/fertility\/wp-content\/uploads\/2024\/02\/logofertility.svg","contentUrl":"https:\/\/www.dexeus.com\/fertility\/wp-content\/uploads\/2024\/02\/logofertility.svg","caption":"Dexeus Fertility"},"image":{"@id":"https:\/\/www.dexeus.com\/fertilitynew\/#\/schema\/logo\/image\/"},"sameAs":["https:\/\/www.facebook.com\/dexeusmujer\/","https:\/\/x.com\/dexeusmujer","https:\/\/www.instagram.com\/dexeusmujer","https:\/\/www.youtube.com\/user\/DexeusMujer"]}]}},"_links":{"self":[{"href":"https:\/\/www.dexeus.com\/fertility\/ca\/wp-json\/wp\/v2\/pages\/34129","targetHints":{"allow":["GET"]}}],"collection":[{"href":"https:\/\/www.dexeus.com\/fertility\/ca\/wp-json\/wp\/v2\/pages"}],"about":[{"href":"https:\/\/www.dexeus.com\/fertility\/ca\/wp-json\/wp\/v2\/types\/page"}],"author":[{"embeddable":true,"href":"https:\/\/www.dexeus.com\/fertility\/ca\/wp-json\/wp\/v2\/users\/2"}],"replies":[{"embeddable":true,"href":"https:\/\/www.dexeus.com\/fertility\/ca\/wp-json\/wp\/v2\/comments?post=34129"}],"version-history":[{"count":1,"href":"https:\/\/www.dexeus.com\/fertility\/ca\/wp-json\/wp\/v2\/pages\/34129\/revisions"}],"predecessor-version":[{"id":34130,"href":"https:\/\/www.dexeus.com\/fertility\/ca\/wp-json\/wp\/v2\/pages\/34129\/revisions\/34130"}],"up":[{"embeddable":true,"href":"https:\/\/www.dexeus.com\/fertility\/ca\/wp-json\/wp\/v2\/pages\/13769"}],"wp:featuredmedia":[{"embeddable":true,"href":"https:\/\/www.dexeus.com\/fertility\/ca\/wp-json\/wp\/v2\/media\/33046"}],"wp:attachment":[{"href":"https:\/\/www.dexeus.com\/fertility\/ca\/wp-json\/wp\/v2\/media?parent=34129"}],"curies":[{"name":"wp","href":"https:\/\/api.w.org\/{rel}","templated":true}]}}