{"id":34133,"date":"2025-06-17T12:31:29","date_gmt":"2025-06-17T10:31:29","guid":{"rendered":"https:\/\/www.dexeus.com\/fertility\/no-em-quedo-embarassada\/fish-despermatozoides\/"},"modified":"2025-06-17T18:36:38","modified_gmt":"2025-06-17T16:36:38","slug":"fish-espermatozoides","status":"publish","type":"page","link":"https:\/\/www.dexeus.com\/fertility\/ca\/no-em-quedo-embarassada\/fish-espermatozoides\/","title":{"rendered":"FISH d&#8217;espermatozoides"},"content":{"rendered":"\t\t<div data-elementor-type=\"wp-page\" data-elementor-id=\"34133\" class=\"elementor elementor-34133 elementor-33246\" data-elementor-post-type=\"page\">\n\t\t\t\t<div class=\"elementor-element elementor-element-4804ae4 e-con-full e-flex e-con e-parent\" data-id=\"4804ae4\" data-element_type=\"container\" data-settings=\"{&quot;background_background&quot;:&quot;classic&quot;,&quot;jet_parallax_layout_list&quot;:[]}\">\n\t\t<div class=\"elementor-element elementor-element-82f0ebc e-flex e-con-boxed e-con e-child\" data-id=\"82f0ebc\" data-element_type=\"container\" data-settings=\"{&quot;jet_parallax_layout_list&quot;:[]}\">\n\t\t\t\t\t<div class=\"e-con-inner\">\n\t\t\t\t<div class=\"elementor-element elementor-element-3e42ede elementor-widget elementor-widget-heading\" data-id=\"3e42ede\" data-element_type=\"widget\" data-widget_type=\"heading.default\">\n\t\t\t\t<div class=\"elementor-widget-container\">\n\t\t\t\t\t<h1 class=\"elementor-heading-title elementor-size-default\">FISH d&#8217;espermatozoides<\/h1>\t\t\t\t<\/div>\n\t\t\t\t<\/div>\n\t\t\t\t\t<\/div>\n\t\t\t\t<\/div>\n\t\t\t\t<\/div>\n\t\t<div class=\"elementor-element elementor-element-1c643a7 e-flex e-con-boxed e-con e-parent\" data-id=\"1c643a7\" data-element_type=\"container\" data-settings=\"{&quot;jet_parallax_layout_list&quot;:[]}\">\n\t\t\t\t\t<div class=\"e-con-inner\">\n\t\t<div class=\"elementor-element elementor-element-89d9f91 e-con-full e-flex e-con e-child\" data-id=\"89d9f91\" data-element_type=\"container\" data-settings=\"{&quot;jet_parallax_layout_list&quot;:[]}\">\n\t\t<div class=\"elementor-element elementor-element-485557b e-con-full e-flex e-con e-child\" data-id=\"485557b\" data-element_type=\"container\" data-settings=\"{&quot;jet_parallax_layout_list&quot;:[],&quot;sticky&quot;:&quot;top&quot;,&quot;sticky_offset&quot;:130,&quot;sticky_on&quot;:[&quot;desktop&quot;,&quot;tablet_extra&quot;],&quot;sticky_parent&quot;:&quot;yes&quot;,&quot;sticky_effects_offset&quot;:0,&quot;sticky_anchor_link_offset&quot;:0}\">\n\t\t\t\t<div class=\"elementor-element elementor-element-06d6198 elementor-align-center treatment-menu-button elementor-widget elementor-widget-button\" data-id=\"06d6198\" data-element_type=\"widget\" data-widget_type=\"button.default\">\n\t\t\t\t<div class=\"elementor-widget-container\">\n\t\t\t\t\t\t\t\t\t<div class=\"elementor-button-wrapper\">\n\t\t\t\t\t<a class=\"elementor-button elementor-button-link elementor-size-md\" href=\"#que-es\">\n\t\t\t\t\t\t<span class=\"elementor-button-content-wrapper\">\n\t\t\t\t\t\t\t\t\t<span class=\"elementor-button-text\">Qu\u00e8 \u00e9s<\/span>\n\t\t\t\t\t<\/span>\n\t\t\t\t\t<\/a>\n\t\t\t\t<\/div>\n\t\t\t\t\t\t\t\t<\/div>\n\t\t\t\t<\/div>\n\t\t\t\t<div class=\"elementor-element elementor-element-2c5fbec elementor-align-center treatment-menu-button elementor-widget elementor-widget-button\" data-id=\"2c5fbec\" data-element_type=\"widget\" data-widget_type=\"button.default\">\n\t\t\t\t<div class=\"elementor-widget-container\">\n\t\t\t\t\t\t\t\t\t<div class=\"elementor-button-wrapper\">\n\t\t\t\t\t<a class=\"elementor-button elementor-button-link elementor-size-md\" href=\"#cuando-se-aconseja\">\n\t\t\t\t\t\t<span class=\"elementor-button-content-wrapper\">\n\t\t\t\t\t\t\t\t\t<span class=\"elementor-button-text\">Quan s\u2019aconsella<\/span>\n\t\t\t\t\t<\/span>\n\t\t\t\t\t<\/a>\n\t\t\t\t<\/div>\n\t\t\t\t\t\t\t\t<\/div>\n\t\t\t\t<\/div>\n\t\t\t\t<\/div>\n\t\t\t\t<\/div>\n\t\t<div class=\"elementor-element elementor-element-1e9cac9 e-con-full e-flex e-con e-child\" data-id=\"1e9cac9\" data-element_type=\"container\" data-settings=\"{&quot;jet_parallax_layout_list&quot;:[]}\">\n\t\t<div class=\"elementor-element elementor-element-a2350b8 e-con-full what-is-container e-flex e-con e-child\" data-id=\"a2350b8\" data-element_type=\"container\" data-settings=\"{&quot;jet_parallax_layout_list&quot;:[]}\">\n\t\t\t\t<div class=\"elementor-element elementor-element-be152c0 elementor-widget elementor-widget-menu-anchor\" data-id=\"be152c0\" data-element_type=\"widget\" data-widget_type=\"menu-anchor.default\">\n\t\t\t\t<div class=\"elementor-widget-container\">\n\t\t\t\t\t\t\t<div class=\"elementor-menu-anchor\" id=\"que-es\"><\/div>\n\t\t\t\t\t\t<\/div>\n\t\t\t\t<\/div>\n\t\t\t\t<div class=\"elementor-element elementor-element-b831654 elementor-widget elementor-widget-heading\" data-id=\"b831654\" data-element_type=\"widget\" data-widget_type=\"heading.default\">\n\t\t\t\t<div class=\"elementor-widget-container\">\n\t\t\t\t\t<h2 class=\"elementor-heading-title elementor-size-default\">Qu\u00e8 \u00e9s<\/h2>\t\t\t\t<\/div>\n\t\t\t\t<\/div>\n\t\t\t\t<div class=\"elementor-element elementor-element-8ffda31 elementor-widget elementor-widget-text-editor\" data-id=\"8ffda31\" data-element_type=\"widget\" data-widget_type=\"text-editor.default\">\n\t\t\t\t<div class=\"elementor-widget-container\">\n\t\t\t\t\t\t\t\t\t<p>L\u2019<strong>an\u00e0lisi del contingut cromos\u00f2mic dels espermatozoides<\/strong> es fa mitjan\u00e7ant la t\u00e8cnica d\u2019hibridaci\u00f3 <em>in situ<\/em> fluorescent (FISH).<\/p><p>Consisteix en aplicar sondes d\u2019ADN espec\u00edfiques per a regions cromos\u00f2miques determinades que permeten enumerar els cromosomes analitzats i detectar possibles alteracions.<\/p><p>A l\u2019an\u00e0lisi habitual s\u2019avaluen els cromosomes 13, 18, 21, X i Y.<\/p>\t\t\t\t\t\t\t\t<\/div>\n\t\t\t\t<\/div>\n\t\t\t\t<\/div>\n\t\t<div class=\"elementor-element elementor-element-c1ccebe e-con-full e-flex e-con e-child\" data-id=\"c1ccebe\" data-element_type=\"container\" data-settings=\"{&quot;jet_parallax_layout_list&quot;:[]}\">\n\t\t\t\t<div class=\"elementor-element elementor-element-7dc7986 elementor-widget elementor-widget-menu-anchor\" data-id=\"7dc7986\" data-element_type=\"widget\" data-widget_type=\"menu-anchor.default\">\n\t\t\t\t<div class=\"elementor-widget-container\">\n\t\t\t\t\t\t\t<div class=\"elementor-menu-anchor\" id=\"cuando-se-aconseja\"><\/div>\n\t\t\t\t\t\t<\/div>\n\t\t\t\t<\/div>\n\t\t\t\t<div class=\"elementor-element elementor-element-32e83b1 elementor-widget elementor-widget-heading\" data-id=\"32e83b1\" data-element_type=\"widget\" data-widget_type=\"heading.default\">\n\t\t\t\t<div class=\"elementor-widget-container\">\n\t\t\t\t\t<h2 class=\"elementor-heading-title elementor-size-default\">Quan s\u2019aconsella<\/h2>\t\t\t\t<\/div>\n\t\t\t\t<\/div>\n\t\t\t\t<div class=\"elementor-element elementor-element-3a069ae elementor-widget elementor-widget-text-editor\" data-id=\"3a069ae\" data-element_type=\"widget\" data-widget_type=\"text-editor.default\">\n\t\t\t\t<div class=\"elementor-widget-container\">\n\t\t\t\t\t\t\t\t\t<p>S\u2019aconsella dur a terme un FISH d\u2019espermatozoides en els casos seg\u00fcents:<\/p>\t\t\t\t\t\t\t\t<\/div>\n\t\t\t\t<\/div>\n\t\t\t\t<div class=\"elementor-element elementor-element-ea609dc elementor-widget elementor-widget-price-list\" data-id=\"ea609dc\" data-element_type=\"widget\" data-widget_type=\"price-list.default\">\n\t\t\t\t<div class=\"elementor-widget-container\">\n\t\t\t\t\t\n\t\t<ul class=\"elementor-price-list\">\n\n\t\t\t\t\t\t\t\t\t<li class=\"elementor-price-list-item\">\t\t\t\t\t\t\t\t\t<div class=\"elementor-price-list-image\">\n\t\t\t\t\t<img decoding=\"async\" src=\"https:\/\/www.dexeus.com\/fertility\/wp-content\/uploads\/2025\/05\/circulo-lista-verde-1.png\" alt=\"&lt;strong&gt;Alteracions seminals&lt;\/strong&gt;: un baix recompte esperm\u00e0tic (oligozoosp\u00e8rmia), baixa mobilitat (astenozoosp\u00e8rmia) o una morfologia alterada (teratozoosp\u00e8rmia), ja que aquestes patologies seminals poden estar associades amb alteracions gen\u00e8tiques dels espermatozoides.\" loading=\"lazy\" \/>\t\t\t\t<\/div>\n\t\t\t\t\n\t\t\t\t<div class=\"elementor-price-list-text\">\n\t\t\t\t\t\t\t\t\t<div class=\"elementor-price-list-header\">\n\t\t\t\t\t\t\t\t\t\t\t<span class=\"elementor-price-list-title\">\n\t\t\t\t\t\t\t<strong>Alteracions seminals<\/strong>: un baix recompte esperm\u00e0tic (oligozoosp\u00e8rmia), baixa mobilitat (astenozoosp\u00e8rmia) o una morfologia alterada (teratozoosp\u00e8rmia), ja que aquestes patologies seminals poden estar associades amb alteracions gen\u00e8tiques dels espermatozoides.\t\t\t\t\t\t<\/span>\n\t\t\t\t\t\t\t\t\t\t\t\t\t\t\t\t\t\t\t\t\t<\/div>\n\t\t\t\t\t\t\t\t\t\t\t\t<\/div>\n\t\t\t\t<\/li>\t\t\t\t\t\t\t\t\t\t\t\t<li class=\"elementor-price-list-item\">\t\t\t\t\t\t\t\t\t<div class=\"elementor-price-list-image\">\n\t\t\t\t\t<img decoding=\"async\" src=\"https:\/\/www.dexeus.com\/fertility\/wp-content\/uploads\/2025\/05\/circulo-lista-verde-2.png\" alt=\"&lt;strong&gt;Espermatog\u00e8nesi alterada&lt;\/strong&gt;: quan el proc\u00e9s de formaci\u00f3 dels espermatozoides no es produeix de manera correcta pot donar lloc a espermatozoides cromos\u00f2micament anormals. L\u2019estudi de la meiosi esperm\u00e0tica es du a terme mitjan\u00e7ant l\u2019estudi de teixit testicular obtingut a partir d\u2019una bi\u00f2psia testicular (prova ambulat\u00f2ria). \" loading=\"lazy\" \/>\t\t\t\t<\/div>\n\t\t\t\t\n\t\t\t\t<div class=\"elementor-price-list-text\">\n\t\t\t\t\t\t\t\t\t<div class=\"elementor-price-list-header\">\n\t\t\t\t\t\t\t\t\t\t\t<span class=\"elementor-price-list-title\">\n\t\t\t\t\t\t\t<strong>Espermatog\u00e8nesi alterada<\/strong>: quan el proc\u00e9s de formaci\u00f3 dels espermatozoides no es produeix de manera correcta pot donar lloc a espermatozoides cromos\u00f2micament anormals. L\u2019estudi de la meiosi esperm\u00e0tica es du a terme mitjan\u00e7ant l\u2019estudi de teixit testicular obtingut a partir d\u2019una bi\u00f2psia testicular (prova ambulat\u00f2ria). \t\t\t\t\t\t<\/span>\n\t\t\t\t\t\t\t\t\t\t\t\t\t\t\t\t\t\t\t\t\t<\/div>\n\t\t\t\t\t\t\t\t\t\t\t\t<\/div>\n\t\t\t\t<\/li>\t\t\t\t\t\t\t\t\t\t\t\t<li class=\"elementor-price-list-item\">\t\t\t\t\t\t\t\t\t<div class=\"elementor-price-list-image\">\n\t\t\t\t\t<img decoding=\"async\" src=\"https:\/\/www.dexeus.com\/fertility\/wp-content\/uploads\/2025\/05\/circulo-lista-verde-3.png\" alt=\"&lt;strong&gt;Avortaments de repetici\u00f3&lt;\/strong&gt;: quan es produeixen dos o m\u00e9s avortaments espontanis \u00e9s possible que existeixi una causa gen\u00e8tica. L\u2019estudi de FISH en espermatozoides pot determinar la possible contribuci\u00f3 paterna a aquests avortaments. \" loading=\"lazy\" \/>\t\t\t\t<\/div>\n\t\t\t\t\n\t\t\t\t<div class=\"elementor-price-list-text\">\n\t\t\t\t\t\t\t\t\t<div class=\"elementor-price-list-header\">\n\t\t\t\t\t\t\t\t\t\t\t<span class=\"elementor-price-list-title\">\n\t\t\t\t\t\t\t<strong>Avortaments de repetici\u00f3<\/strong>: quan es produeixen dos o m\u00e9s avortaments espontanis \u00e9s possible que existeixi una causa gen\u00e8tica. L\u2019estudi de FISH en espermatozoides pot determinar la possible contribuci\u00f3 paterna a aquests avortaments. \t\t\t\t\t\t<\/span>\n\t\t\t\t\t\t\t\t\t\t\t\t\t\t\t\t\t\t\t\t\t<\/div>\n\t\t\t\t\t\t\t\t\t\t\t\t<\/div>\n\t\t\t\t<\/li>\t\t\t\t\t\t\t\t\t\t\t\t<li class=\"elementor-price-list-item\">\t\t\t\t\t\t\t\t\t<div class=\"elementor-price-list-image\">\n\t\t\t\t\t<img decoding=\"async\" src=\"https:\/\/www.dexeus.com\/fertility\/wp-content\/uploads\/2025\/05\/circulo-lista-verde-4.png\" alt=\"&lt;strong&gt;Fracassos de fecundaci\u00f3&lt;\/strong&gt; en cicles de fecundaci\u00f3 &lt;em&gt;in vitro&lt;\/em&gt; (FIV) anteriors.\" loading=\"lazy\" \/>\t\t\t\t<\/div>\n\t\t\t\t\n\t\t\t\t<div class=\"elementor-price-list-text\">\n\t\t\t\t\t\t\t\t\t<div class=\"elementor-price-list-header\">\n\t\t\t\t\t\t\t\t\t\t\t<span class=\"elementor-price-list-title\">\n\t\t\t\t\t\t\t<strong>Fracassos de fecundaci\u00f3<\/strong> en cicles de fecundaci\u00f3 <em>in vitro<\/em> (FIV) anteriors.\t\t\t\t\t\t<\/span>\n\t\t\t\t\t\t\t\t\t\t\t\t\t\t\t\t\t\t\t\t\t<\/div>\n\t\t\t\t\t\t\t\t\t\t\t\t<\/div>\n\t\t\t\t<\/li>\t\t\t\t\t\t\t\t\t\t\t\t<li class=\"elementor-price-list-item\">\t\t\t\t\t\t\t\t\t<div class=\"elementor-price-list-image\">\n\t\t\t\t\t<img decoding=\"async\" src=\"https:\/\/www.dexeus.com\/fertility\/wp-content\/uploads\/2025\/05\/circulo-lista-verde-5.png\" alt=\"&lt;strong&gt;Embarassos previs&lt;\/strong&gt; amb alteracions cromos\u00f2miques.\" loading=\"lazy\" \/>\t\t\t\t<\/div>\n\t\t\t\t\n\t\t\t\t<div class=\"elementor-price-list-text\">\n\t\t\t\t\t\t\t\t\t<div class=\"elementor-price-list-header\">\n\t\t\t\t\t\t\t\t\t\t\t<span class=\"elementor-price-list-title\">\n\t\t\t\t\t\t\t<strong>Embarassos previs<\/strong> amb alteracions cromos\u00f2miques.\t\t\t\t\t\t<\/span>\n\t\t\t\t\t\t\t\t\t\t\t\t\t\t\t\t\t\t\t\t\t<\/div>\n\t\t\t\t\t\t\t\t\t\t\t\t<\/div>\n\t\t\t\t<\/li>\t\t\t\t\t\n\t\t<\/ul>\n\n\t\t\t\t\t\t<\/div>\n\t\t\t\t<\/div>\n\t\t\t\t<div class=\"elementor-element elementor-element-7c8f610 elementor-widget elementor-widget-image\" data-id=\"7c8f610\" data-element_type=\"widget\" data-widget_type=\"image.default\">\n\t\t\t\t<div class=\"elementor-widget-container\">\n\t\t\t\t\t\t\t\t\t\t\t\t\t\t\t<img fetchpriority=\"high\" decoding=\"async\" width=\"449\" height=\"266\" src=\"https:\/\/www.dexeus.com\/fertility\/wp-content\/uploads\/2025\/05\/fish-espermatozoides-cromosomas.jpg\" class=\"attachment-large size-large wp-image-33255\" alt=\"FISH d&#039;espermatozoides: Cromosomes\" srcset=\"https:\/\/www.dexeus.com\/fertility\/wp-content\/uploads\/2025\/05\/fish-espermatozoides-cromosomas.jpg 449w, https:\/\/www.dexeus.com\/fertility\/wp-content\/uploads\/2025\/05\/fish-espermatozoides-cromosomas-300x178.jpg 300w\" sizes=\"(max-width: 449px) 100vw, 449px\" \/>\t\t\t\t\t\t\t\t\t\t\t\t\t\t\t<\/div>\n\t\t\t\t<\/div>\n\t\t\t\t<div class=\"elementor-element elementor-element-c84f9df elementor-widget elementor-widget-text-editor\" data-id=\"c84f9df\" data-element_type=\"widget\" data-widget_type=\"text-editor.default\">\n\t\t\t\t<div class=\"elementor-widget-container\">\n\t\t\t\t\t\t\t\t\t<p>FISH d\u2019espermatozoides: Cromosoma X (verd), Cromosoma Y (vermell) i Cromosoma 18 (blau).<\/p>\t\t\t\t\t\t\t\t<\/div>\n\t\t\t\t<\/div>\n\t\t\t\t<\/div>\n\t\t\t\t<\/div>\n\t\t\t\t\t<\/div>\n\t\t\t\t<\/div>\n\t\t\t\t<\/div>\n\t\t","protected":false},"excerpt":{"rendered":"<p>Qu\u00e8 \u00e9s Quan s\u2019aconsella Qu\u00e8 \u00e9s L\u2019an\u00e0lisi del contingut cromos\u00f2mic dels espermatozoides es fa mitjan\u00e7ant la t\u00e8cnica d\u2019hibridaci\u00f3 in situ fluorescent (FISH). Consisteix en aplicar sondes d\u2019ADN espec\u00edfiques per a regions cromos\u00f2miques determinades que permeten enumerar els cromosomes analitzats i detectar possibles alteracions. A l\u2019an\u00e0lisi habitual s\u2019avaluen els cromosomes 13, 18, 21, X i Y. [&hellip;]<\/p>\n","protected":false},"author":2,"featured_media":33248,"parent":13769,"menu_order":0,"comment_status":"closed","ping_status":"closed","template":"","meta":{"footnotes":""},"class_list":["post-34133","page","type-page","status-publish","has-post-thumbnail","hentry"],"yoast_head":"<!-- This site is optimized with the Yoast SEO plugin v26.8 - https:\/\/yoast.com\/product\/yoast-seo-wordpress\/ -->\n<title>FISH d&#039;espermatozoides | Dexeus Fertility<\/title>\n<meta name=\"robots\" content=\"index, follow, max-snippet:-1, max-image-preview:large, max-video-preview:-1\" \/>\n<link rel=\"canonical\" href=\"https:\/\/www.dexeus.com\/fertility\/ca\/no-em-quedo-embarassada\/fish-espermatozoides\/\" \/>\n<meta property=\"og:locale\" content=\"ca_ES\" \/>\n<meta property=\"og:type\" content=\"article\" \/>\n<meta property=\"og:title\" content=\"FISH d&#039;espermatozoides | Dexeus Fertility\" \/>\n<meta property=\"og:description\" content=\"Qu\u00e8 \u00e9s Quan s\u2019aconsella Qu\u00e8 \u00e9s L\u2019an\u00e0lisi del contingut cromos\u00f2mic dels espermatozoides es fa mitjan\u00e7ant la t\u00e8cnica d\u2019hibridaci\u00f3 in situ fluorescent (FISH). Consisteix en aplicar sondes d\u2019ADN espec\u00edfiques per a regions cromos\u00f2miques determinades que permeten enumerar els cromosomes analitzats i detectar possibles alteracions. A l\u2019an\u00e0lisi habitual s\u2019avaluen els cromosomes 13, 18, 21, X i Y. [&hellip;]\" \/>\n<meta property=\"og:url\" content=\"https:\/\/www.dexeus.com\/fertility\/ca\/no-em-quedo-embarassada\/fish-espermatozoides\/\" \/>\n<meta property=\"og:site_name\" content=\"Dexeus Fertility\" \/>\n<meta property=\"article:publisher\" content=\"https:\/\/www.facebook.com\/dexeusmujer\/\" \/>\n<meta property=\"article:modified_time\" content=\"2025-06-17T16:36:38+00:00\" \/>\n<meta property=\"og:image\" content=\"https:\/\/www.dexeus.com\/fertility\/wp-content\/uploads\/2025\/05\/fish-espermatozoides.jpg\" \/>\n\t<meta property=\"og:image:width\" content=\"1600\" \/>\n\t<meta property=\"og:image:height\" content=\"800\" \/>\n\t<meta property=\"og:image:type\" content=\"image\/jpeg\" \/>\n<meta name=\"twitter:card\" content=\"summary_large_image\" \/>\n<meta name=\"twitter:site\" content=\"@dexeusmujer\" \/>\n<script type=\"application\/ld+json\" class=\"yoast-schema-graph\">{\"@context\":\"https:\/\/schema.org\",\"@graph\":[{\"@type\":[\"WebPage\",\"MedicalWebPage\"],\"@id\":\"https:\/\/www.dexeus.com\/fertility\/ca\/no-em-quedo-embarassada\/fish-espermatozoides\/\",\"url\":\"https:\/\/www.dexeus.com\/fertility\/ca\/no-em-quedo-embarassada\/fish-espermatozoides\/\",\"name\":\"FISH d'espermatozoides | Dexeus Fertility\",\"isPartOf\":{\"@id\":\"https:\/\/www.dexeus.com\/fertilitynew\/#website\"},\"primaryImageOfPage\":{\"@id\":\"https:\/\/www.dexeus.com\/fertility\/ca\/no-em-quedo-embarassada\/fish-espermatozoides\/#primaryimage\"},\"image\":{\"@id\":\"https:\/\/www.dexeus.com\/fertility\/ca\/no-em-quedo-embarassada\/fish-espermatozoides\/#primaryimage\"},\"thumbnailUrl\":\"https:\/\/www.dexeus.com\/fertility\/wp-content\/uploads\/2025\/05\/fish-espermatozoides.jpg\",\"datePublished\":\"2025-06-17T10:31:29+00:00\",\"dateModified\":\"2025-06-17T16:36:38+00:00\",\"breadcrumb\":{\"@id\":\"https:\/\/www.dexeus.com\/fertility\/ca\/no-em-quedo-embarassada\/fish-espermatozoides\/#breadcrumb\"},\"inLanguage\":\"ca\",\"potentialAction\":[{\"@type\":\"ReadAction\",\"target\":[\"https:\/\/www.dexeus.com\/fertility\/ca\/no-em-quedo-embarassada\/fish-espermatozoides\/\"]}]},{\"@type\":\"ImageObject\",\"inLanguage\":\"ca\",\"@id\":\"https:\/\/www.dexeus.com\/fertility\/ca\/no-em-quedo-embarassada\/fish-espermatozoides\/#primaryimage\",\"url\":\"https:\/\/www.dexeus.com\/fertility\/wp-content\/uploads\/2025\/05\/fish-espermatozoides.jpg\",\"contentUrl\":\"https:\/\/www.dexeus.com\/fertility\/wp-content\/uploads\/2025\/05\/fish-espermatozoides.jpg\",\"width\":1600,\"height\":800,\"caption\":\"FISH d'espermatozoides\"},{\"@type\":\"BreadcrumbList\",\"@id\":\"https:\/\/www.dexeus.com\/fertility\/ca\/no-em-quedo-embarassada\/fish-espermatozoides\/#breadcrumb\",\"itemListElement\":[{\"@type\":\"ListItem\",\"position\":1,\"name\":\"Portada\",\"item\":\"https:\/\/www.dexeus.com\/fertility\/ca\/35-anys-dexperiencia-en-reproduccio-assistida\/\"},{\"@type\":\"ListItem\",\"position\":2,\"name\":\"No em quedo embarassada\",\"item\":\"https:\/\/www.dexeus.com\/fertility\/ca\/no-em-quedo-embarassada\/\"},{\"@type\":\"ListItem\",\"position\":3,\"name\":\"FISH d&#8217;espermatozoides\"}]},{\"@type\":\"WebSite\",\"@id\":\"https:\/\/www.dexeus.com\/fertilitynew\/#website\",\"url\":\"https:\/\/www.dexeus.com\/fertilitynew\/\",\"name\":\"Dexeus Fertility\",\"description\":\"Dexeus Mujer es un centro de referencia y pionero en Espa\u00f1a en t\u00e9cnicas de reproducci\u00f3n asistida, con m\u00e1s de 80 a\u00f1os de experiencia en el diagn\u00f3stico y tratamiento de los problemas de fertilidad.\",\"publisher\":{\"@id\":\"https:\/\/www.dexeus.com\/fertilitynew\/#organization\"},\"alternateName\":\"Dexeus fertilidad\",\"potentialAction\":[{\"@type\":\"SearchAction\",\"target\":{\"@type\":\"EntryPoint\",\"urlTemplate\":\"https:\/\/www.dexeus.com\/fertilitynew\/?s={search_term_string}\"},\"query-input\":{\"@type\":\"PropertyValueSpecification\",\"valueRequired\":true,\"valueName\":\"search_term_string\"}}],\"inLanguage\":\"ca\"},{\"@type\":\"Organization\",\"@id\":\"https:\/\/www.dexeus.com\/fertilitynew\/#organization\",\"name\":\"Dexeus Fertility\",\"url\":\"https:\/\/www.dexeus.com\/fertilitynew\/\",\"logo\":{\"@type\":\"ImageObject\",\"inLanguage\":\"ca\",\"@id\":\"https:\/\/www.dexeus.com\/fertilitynew\/#\/schema\/logo\/image\/\",\"url\":\"https:\/\/www.dexeus.com\/fertility\/wp-content\/uploads\/2024\/02\/logofertility.svg\",\"contentUrl\":\"https:\/\/www.dexeus.com\/fertility\/wp-content\/uploads\/2024\/02\/logofertility.svg\",\"caption\":\"Dexeus Fertility\"},\"image\":{\"@id\":\"https:\/\/www.dexeus.com\/fertilitynew\/#\/schema\/logo\/image\/\"},\"sameAs\":[\"https:\/\/www.facebook.com\/dexeusmujer\/\",\"https:\/\/x.com\/dexeusmujer\",\"https:\/\/www.instagram.com\/dexeusmujer\",\"https:\/\/www.youtube.com\/user\/DexeusMujer\"]}]}<\/script>\n<!-- \/ Yoast SEO plugin. -->","yoast_head_json":{"title":"FISH d'espermatozoides | Dexeus Fertility","robots":{"index":"index","follow":"follow","max-snippet":"max-snippet:-1","max-image-preview":"max-image-preview:large","max-video-preview":"max-video-preview:-1"},"canonical":"https:\/\/www.dexeus.com\/fertility\/ca\/no-em-quedo-embarassada\/fish-espermatozoides\/","og_locale":"ca_ES","og_type":"article","og_title":"FISH d'espermatozoides | Dexeus Fertility","og_description":"Qu\u00e8 \u00e9s Quan s\u2019aconsella Qu\u00e8 \u00e9s L\u2019an\u00e0lisi del contingut cromos\u00f2mic dels espermatozoides es fa mitjan\u00e7ant la t\u00e8cnica d\u2019hibridaci\u00f3 in situ fluorescent (FISH). Consisteix en aplicar sondes d\u2019ADN espec\u00edfiques per a regions cromos\u00f2miques determinades que permeten enumerar els cromosomes analitzats i detectar possibles alteracions. A l\u2019an\u00e0lisi habitual s\u2019avaluen els cromosomes 13, 18, 21, X i Y. [&hellip;]","og_url":"https:\/\/www.dexeus.com\/fertility\/ca\/no-em-quedo-embarassada\/fish-espermatozoides\/","og_site_name":"Dexeus Fertility","article_publisher":"https:\/\/www.facebook.com\/dexeusmujer\/","article_modified_time":"2025-06-17T16:36:38+00:00","og_image":[{"width":1600,"height":800,"url":"https:\/\/www.dexeus.com\/fertility\/wp-content\/uploads\/2025\/05\/fish-espermatozoides.jpg","type":"image\/jpeg"}],"twitter_card":"summary_large_image","twitter_site":"@dexeusmujer","schema":{"@context":"https:\/\/schema.org","@graph":[{"@type":["WebPage","MedicalWebPage"],"@id":"https:\/\/www.dexeus.com\/fertility\/ca\/no-em-quedo-embarassada\/fish-espermatozoides\/","url":"https:\/\/www.dexeus.com\/fertility\/ca\/no-em-quedo-embarassada\/fish-espermatozoides\/","name":"FISH d'espermatozoides | Dexeus Fertility","isPartOf":{"@id":"https:\/\/www.dexeus.com\/fertilitynew\/#website"},"primaryImageOfPage":{"@id":"https:\/\/www.dexeus.com\/fertility\/ca\/no-em-quedo-embarassada\/fish-espermatozoides\/#primaryimage"},"image":{"@id":"https:\/\/www.dexeus.com\/fertility\/ca\/no-em-quedo-embarassada\/fish-espermatozoides\/#primaryimage"},"thumbnailUrl":"https:\/\/www.dexeus.com\/fertility\/wp-content\/uploads\/2025\/05\/fish-espermatozoides.jpg","datePublished":"2025-06-17T10:31:29+00:00","dateModified":"2025-06-17T16:36:38+00:00","breadcrumb":{"@id":"https:\/\/www.dexeus.com\/fertility\/ca\/no-em-quedo-embarassada\/fish-espermatozoides\/#breadcrumb"},"inLanguage":"ca","potentialAction":[{"@type":"ReadAction","target":["https:\/\/www.dexeus.com\/fertility\/ca\/no-em-quedo-embarassada\/fish-espermatozoides\/"]}]},{"@type":"ImageObject","inLanguage":"ca","@id":"https:\/\/www.dexeus.com\/fertility\/ca\/no-em-quedo-embarassada\/fish-espermatozoides\/#primaryimage","url":"https:\/\/www.dexeus.com\/fertility\/wp-content\/uploads\/2025\/05\/fish-espermatozoides.jpg","contentUrl":"https:\/\/www.dexeus.com\/fertility\/wp-content\/uploads\/2025\/05\/fish-espermatozoides.jpg","width":1600,"height":800,"caption":"FISH d'espermatozoides"},{"@type":"BreadcrumbList","@id":"https:\/\/www.dexeus.com\/fertility\/ca\/no-em-quedo-embarassada\/fish-espermatozoides\/#breadcrumb","itemListElement":[{"@type":"ListItem","position":1,"name":"Portada","item":"https:\/\/www.dexeus.com\/fertility\/ca\/35-anys-dexperiencia-en-reproduccio-assistida\/"},{"@type":"ListItem","position":2,"name":"No em quedo embarassada","item":"https:\/\/www.dexeus.com\/fertility\/ca\/no-em-quedo-embarassada\/"},{"@type":"ListItem","position":3,"name":"FISH d&#8217;espermatozoides"}]},{"@type":"WebSite","@id":"https:\/\/www.dexeus.com\/fertilitynew\/#website","url":"https:\/\/www.dexeus.com\/fertilitynew\/","name":"Dexeus Fertility","description":"Dexeus Mujer es un centro de referencia y pionero en Espa\u00f1a en t\u00e9cnicas de reproducci\u00f3n asistida, con m\u00e1s de 80 a\u00f1os de experiencia en el diagn\u00f3stico y tratamiento de los problemas de fertilidad.","publisher":{"@id":"https:\/\/www.dexeus.com\/fertilitynew\/#organization"},"alternateName":"Dexeus fertilidad","potentialAction":[{"@type":"SearchAction","target":{"@type":"EntryPoint","urlTemplate":"https:\/\/www.dexeus.com\/fertilitynew\/?s={search_term_string}"},"query-input":{"@type":"PropertyValueSpecification","valueRequired":true,"valueName":"search_term_string"}}],"inLanguage":"ca"},{"@type":"Organization","@id":"https:\/\/www.dexeus.com\/fertilitynew\/#organization","name":"Dexeus Fertility","url":"https:\/\/www.dexeus.com\/fertilitynew\/","logo":{"@type":"ImageObject","inLanguage":"ca","@id":"https:\/\/www.dexeus.com\/fertilitynew\/#\/schema\/logo\/image\/","url":"https:\/\/www.dexeus.com\/fertility\/wp-content\/uploads\/2024\/02\/logofertility.svg","contentUrl":"https:\/\/www.dexeus.com\/fertility\/wp-content\/uploads\/2024\/02\/logofertility.svg","caption":"Dexeus Fertility"},"image":{"@id":"https:\/\/www.dexeus.com\/fertilitynew\/#\/schema\/logo\/image\/"},"sameAs":["https:\/\/www.facebook.com\/dexeusmujer\/","https:\/\/x.com\/dexeusmujer","https:\/\/www.instagram.com\/dexeusmujer","https:\/\/www.youtube.com\/user\/DexeusMujer"]}]}},"_links":{"self":[{"href":"https:\/\/www.dexeus.com\/fertility\/ca\/wp-json\/wp\/v2\/pages\/34133","targetHints":{"allow":["GET"]}}],"collection":[{"href":"https:\/\/www.dexeus.com\/fertility\/ca\/wp-json\/wp\/v2\/pages"}],"about":[{"href":"https:\/\/www.dexeus.com\/fertility\/ca\/wp-json\/wp\/v2\/types\/page"}],"author":[{"embeddable":true,"href":"https:\/\/www.dexeus.com\/fertility\/ca\/wp-json\/wp\/v2\/users\/2"}],"replies":[{"embeddable":true,"href":"https:\/\/www.dexeus.com\/fertility\/ca\/wp-json\/wp\/v2\/comments?post=34133"}],"version-history":[{"count":1,"href":"https:\/\/www.dexeus.com\/fertility\/ca\/wp-json\/wp\/v2\/pages\/34133\/revisions"}],"predecessor-version":[{"id":34134,"href":"https:\/\/www.dexeus.com\/fertility\/ca\/wp-json\/wp\/v2\/pages\/34133\/revisions\/34134"}],"up":[{"embeddable":true,"href":"https:\/\/www.dexeus.com\/fertility\/ca\/wp-json\/wp\/v2\/pages\/13769"}],"wp:featuredmedia":[{"embeddable":true,"href":"https:\/\/www.dexeus.com\/fertility\/ca\/wp-json\/wp\/v2\/media\/33248"}],"wp:attachment":[{"href":"https:\/\/www.dexeus.com\/fertility\/ca\/wp-json\/wp\/v2\/media?parent=34133"}],"curies":[{"name":"wp","href":"https:\/\/api.w.org\/{rel}","templated":true}]}}