{"id":15189,"date":"2024-03-18T12:03:49","date_gmt":"2024-03-18T11:03:49","guid":{"rendered":"https:\/\/www.dexeus.com\/fertility\/wissenschaftliche-einrichtungen\/"},"modified":"2024-06-11T11:43:38","modified_gmt":"2024-06-11T09:43:38","slug":"wissenschaftliche-einrichtungen","status":"publish","type":"page","link":"https:\/\/www.dexeus.com\/fertility\/de\/ueber-uns\/wissenschaftliche-einrichtungen\/","title":{"rendered":"Wissenschaftliche Einrichtungen"},"content":{"rendered":"\t\t<div data-elementor-type=\"wp-post\" data-elementor-id=\"15189\" class=\"elementor elementor-15189 elementor-8523\" data-elementor-post-type=\"page\">\n\t\t\t\t<div class=\"elementor-element elementor-element-9bad209 e-con-full e-flex e-con e-parent\" data-id=\"9bad209\" data-element_type=\"container\" data-settings=\"{&quot;background_background&quot;:&quot;classic&quot;,&quot;jet_parallax_layout_list&quot;:[]}\">\n\t\t<div class=\"elementor-element elementor-element-e472c4e e-flex e-con-boxed e-con e-child\" data-id=\"e472c4e\" data-element_type=\"container\" data-settings=\"{&quot;jet_parallax_layout_list&quot;:[]}\">\n\t\t\t\t\t<div class=\"e-con-inner\">\n\t\t\t\t<div class=\"elementor-element elementor-element-1023301 elementor-widget elementor-widget-heading\" data-id=\"1023301\" data-element_type=\"widget\" data-widget_type=\"heading.default\">\n\t\t\t\t<div class=\"elementor-widget-container\">\n\t\t\t\t\t<h1 class=\"elementor-heading-title elementor-size-default\">Wissenschaftliche Einrichtungen<\/h1>\t\t\t\t<\/div>\n\t\t\t\t<\/div>\n\t\t\t\t\t<\/div>\n\t\t\t\t<\/div>\n\t\t\t\t<\/div>\n\t\t<div class=\"elementor-element elementor-element-2fc3469 why-choose-us-container e-flex e-con-boxed e-con e-child\" data-id=\"2fc3469\" data-element_type=\"container\" data-settings=\"{&quot;jet_parallax_layout_list&quot;:[]}\">\n\t\t\t\t\t<div class=\"e-con-inner\">\n\t\t<div class=\"elementor-element elementor-element-2ede21b e-con-full e-flex e-con e-child\" data-id=\"2ede21b\" data-element_type=\"container\" data-settings=\"{&quot;jet_parallax_layout_list&quot;:[]}\">\n\t\t<div class=\"elementor-element elementor-element-37aa68f e-con-full testimony-block e-flex e-con e-child\" data-id=\"37aa68f\" data-element_type=\"container\" data-settings=\"{&quot;jet_parallax_layout_list&quot;:[]}\">\n\t\t\t\t<div class=\"elementor-element elementor-element-9d6270a elementor-position-left elementor-vertical-align-middle elementor-widget__width-initial elementor-widget elementor-widget-image-box\" data-id=\"9d6270a\" data-element_type=\"widget\" data-widget_type=\"image-box.default\">\n\t\t\t\t<div class=\"elementor-widget-container\">\n\t\t\t\t\t<div class=\"elementor-image-box-wrapper\"><figure class=\"elementor-image-box-img\"><img fetchpriority=\"high\" decoding=\"async\" width=\"280\" height=\"280\" src=\"https:\/\/www.dexeus.com\/fertility\/wp-content\/uploads\/2024\/03\/13_Dexeus-Pag-texto-pdf.png\" class=\"attachment-full size-full wp-image-9200\" alt=\"\" srcset=\"https:\/\/www.dexeus.com\/fertility\/wp-content\/uploads\/2024\/03\/13_Dexeus-Pag-texto-pdf.png 280w, https:\/\/www.dexeus.com\/fertility\/wp-content\/uploads\/2024\/03\/13_Dexeus-Pag-texto-pdf-150x150.png 150w\" sizes=\"(max-width: 280px) 100vw, 280px\" \/><\/figure><div class=\"elementor-image-box-content\"><h3 class=\"elementor-image-box-title\"><strong>Ziel<\/strong> des Zentrums ist es, den Patienten an einem einzigen Ort alle ben\u00f6tigten Dienstleistungen anzubieten. So werden <strong>alle Konsultationen, Tests und Verfahren in ein und derselben Einrichtung durchgef\u00fchrt<\/strong>, einem neuen Geb\u00e4ude, das mit der neuesten Technologie ausgestattet ist.<\/h3><\/div><\/div>\t\t\t\t<\/div>\n\t\t\t\t<\/div>\n\t\t\t\t<\/div>\n\t\t\t\t<\/div>\n\t\t\t\t\t<\/div>\n\t\t\t\t<\/div>\n\t\t<div class=\"elementor-element elementor-element-5a07c12 e-flex e-con-boxed e-con e-parent\" data-id=\"5a07c12\" data-element_type=\"container\" data-settings=\"{&quot;jet_parallax_layout_list&quot;:[]}\">\n\t\t\t\t\t<div class=\"e-con-inner\">\n\t\t\t\t<div class=\"elementor-element elementor-element-18018cd elementor-widget elementor-widget-text-editor\" data-id=\"18018cd\" data-element_type=\"widget\" data-widget_type=\"text-editor.default\">\n\t\t\t\t<div class=\"elementor-widget-container\">\n\t\t\t\t\t\t\t\t\t<p>Unsere 2007 eingeweihten <strong>Einrichtungen<\/strong> wurden so konzipiert, dass sie dank <strong>eines integrierten Kreislaufs, in dem Diagnosen, Behandlungen, Konsultationen und Eingriffe zentralisiert sind<\/strong>, eine individuellere, schnellere und bequemere Betreuung bieten. Dar\u00fcber hinaus haben wir im September 2017 die neuen <strong>Labore f\u00fcr assistierte Reproduktion<\/strong> er\u00f6ffnet.<\/p>\n<p>Unser Zentrum verf\u00fcgt \u00fcber <strong>drei Etagen<\/strong> f\u00fcr die sechs Arbeitsbereiche von <strong class=\"pink-title\">Dexeus Mujer<\/strong>:<\/p>\n<ul>\n<li>Beratungen<\/li>\n<li>Erg\u00e4nzende Tests<\/li>\n<li>Laboratorien<\/li>\n<li>Verwaltung<\/li>\n<li>Verwaltung<\/li>\n<li>Pflegedienstleistungen<\/li>\n<li>Allgemeine Dienste<\/li>\n<\/ul>\n\t\t\t\t\t\t\t\t<\/div>\n\t\t\t\t<\/div>\n\t\t\t\t\t<\/div>\n\t\t\t\t<\/div>\n\t\t<div class=\"elementor-element elementor-element-425d6d0 e-flex e-con-boxed e-con e-parent\" data-id=\"425d6d0\" data-element_type=\"container\" data-settings=\"{&quot;background_background&quot;:&quot;classic&quot;,&quot;jet_parallax_layout_list&quot;:[]}\">\n\t\t\t\t\t<div class=\"e-con-inner\">\n\t\t<div class=\"elementor-element elementor-element-a2bbdf8 e-flex e-con-boxed e-con e-child\" data-id=\"a2bbdf8\" data-element_type=\"container\" data-settings=\"{&quot;jet_parallax_layout_list&quot;:[]}\">\n\t\t\t\t\t<div class=\"e-con-inner\">\n\t\t\t\t<div class=\"elementor-element elementor-element-f77b6f8 elementor-widget elementor-widget-text-editor\" data-id=\"f77b6f8\" data-element_type=\"widget\" data-widget_type=\"text-editor.default\">\n\t\t\t\t<div class=\"elementor-widget-container\">\n\t\t\t\t\t\t\t\t\t<p>Dar\u00fcber hinaus haben wir spezielle Vereinbarungen mit Lieferanten von technologischen Ger\u00e4ten getroffen, die es uns erm\u00f6glichen, immer \u00fcber die <strong>neuesten Innovationen<\/strong> in der <strong>diagnostischen Bildgebung<\/strong> zu verf\u00fcgen: gyn\u00e4kologischer Ultraschall, digitale Mammographie, geburtshilflicher Ultraschall usw.<\/p>\n\t\t\t\t\t\t\t\t<\/div>\n\t\t\t\t<\/div>\n\t\t\t\t\t<\/div>\n\t\t\t\t<\/div>\n\t\t\t\t\t<\/div>\n\t\t\t\t<\/div>\n\t\t\t\t<\/div>\n\t\t","protected":false},"excerpt":{"rendered":"<p>Ziel des Zentrums ist es, den Patienten an einem einzigen Ort alle ben\u00f6tigten Dienstleistungen anzubieten. So werden alle Konsultationen, Tests und Verfahren in ein und derselben Einrichtung durchgef\u00fchrt, einem neuen Geb\u00e4ude, das mit der neuesten Technologie ausgestattet ist. Unsere 2007 eingeweihten Einrichtungen wurden so konzipiert, dass sie dank eines integrierten Kreislaufs, in dem Diagnosen, Behandlungen, [&hellip;]<\/p>\n","protected":false},"author":1,"featured_media":8807,"parent":15296,"menu_order":0,"comment_status":"closed","ping_status":"closed","template":"","meta":{"footnotes":""},"class_list":["post-15189","page","type-page","status-publish","has-post-thumbnail","hentry"],"yoast_head":"<!-- This site is optimized with the Yoast SEO plugin v26.8 - https:\/\/yoast.com\/product\/yoast-seo-wordpress\/ -->\n<title>Die modernste wissenschaftliche Einrichtungen: Dexeus Fertility<\/title>\n<meta name=\"description\" content=\"Dexeus Fertility verf\u00fcgt \u00fcber die modernsten Einrichtungen zur Forschung im Bereich der assistierten Reproduktion in Spanien. Wir tun unser Bestes, damit Sie schwanger werden k\u00f6nnen.\" \/>\n<meta name=\"robots\" content=\"index, follow, max-snippet:-1, max-image-preview:large, max-video-preview:-1\" \/>\n<link rel=\"canonical\" href=\"https:\/\/www.dexeus.com\/fertility\/de\/ueber-uns\/wissenschaftliche-einrichtungen\/\" \/>\n<meta property=\"og:locale\" content=\"de_DE\" \/>\n<meta property=\"og:type\" content=\"article\" \/>\n<meta property=\"og:title\" content=\"Die modernste wissenschaftliche Einrichtungen: Dexeus Fertility\" \/>\n<meta property=\"og:description\" content=\"Dexeus Fertility verf\u00fcgt \u00fcber die modernsten Einrichtungen zur Forschung im Bereich der assistierten Reproduktion in Spanien. Wir tun unser Bestes, damit Sie schwanger werden k\u00f6nnen.\" \/>\n<meta property=\"og:url\" content=\"https:\/\/www.dexeus.com\/fertility\/de\/ueber-uns\/wissenschaftliche-einrichtungen\/\" \/>\n<meta property=\"og:site_name\" content=\"Dexeus Fertility\" \/>\n<meta property=\"article:publisher\" content=\"https:\/\/www.facebook.com\/dexeusmujer\/\" \/>\n<meta property=\"article:modified_time\" content=\"2024-06-11T09:43:38+00:00\" \/>\n<meta property=\"og:image\" content=\"https:\/\/dexeusfertility.enproves.cat\/wp-content\/uploads\/2024\/03\/13_Dexeus-Pag-texto-pdf.jpg\" \/>\n\t<meta property=\"og:image:width\" content=\"1378\" \/>\n\t<meta property=\"og:image:height\" content=\"640\" \/>\n\t<meta property=\"og:image:type\" content=\"image\/jpeg\" \/>\n<meta name=\"twitter:card\" content=\"summary_large_image\" \/>\n<meta name=\"twitter:site\" content=\"@dexeusmujer\" \/>\n<script type=\"application\/ld+json\" class=\"yoast-schema-graph\">{\"@context\":\"https:\/\/schema.org\",\"@graph\":[{\"@type\":[\"WebPage\",\"MedicalWebPage\"],\"@id\":\"https:\/\/www.dexeus.com\/fertility\/de\/ueber-uns\/wissenschaftliche-einrichtungen\/\",\"url\":\"https:\/\/www.dexeus.com\/fertility\/de\/ueber-uns\/wissenschaftliche-einrichtungen\/\",\"name\":\"Die modernste wissenschaftliche Einrichtungen: Dexeus Fertility\",\"isPartOf\":{\"@id\":\"https:\/\/www.dexeus.com\/fertilitynew\/#website\"},\"primaryImageOfPage\":{\"@id\":\"https:\/\/www.dexeus.com\/fertility\/de\/ueber-uns\/wissenschaftliche-einrichtungen\/#primaryimage\"},\"image\":{\"@id\":\"https:\/\/www.dexeus.com\/fertility\/de\/ueber-uns\/wissenschaftliche-einrichtungen\/#primaryimage\"},\"thumbnailUrl\":\"https:\/\/www.dexeus.com\/fertility\/wp-content\/uploads\/2024\/03\/13_Dexeus-Pag-texto-pdf.jpg\",\"datePublished\":\"2024-03-18T11:03:49+00:00\",\"dateModified\":\"2024-06-11T09:43:38+00:00\",\"description\":\"Dexeus Fertility verf\u00fcgt \u00fcber die modernsten Einrichtungen zur Forschung im Bereich der assistierten Reproduktion in Spanien. Wir tun unser Bestes, damit Sie schwanger werden k\u00f6nnen.\",\"breadcrumb\":{\"@id\":\"https:\/\/www.dexeus.com\/fertility\/de\/ueber-uns\/wissenschaftliche-einrichtungen\/#breadcrumb\"},\"inLanguage\":\"de\",\"potentialAction\":[{\"@type\":\"ReadAction\",\"target\":[\"https:\/\/www.dexeus.com\/fertility\/de\/ueber-uns\/wissenschaftliche-einrichtungen\/\"]}]},{\"@type\":\"ImageObject\",\"inLanguage\":\"de\",\"@id\":\"https:\/\/www.dexeus.com\/fertility\/de\/ueber-uns\/wissenschaftliche-einrichtungen\/#primaryimage\",\"url\":\"https:\/\/www.dexeus.com\/fertility\/wp-content\/uploads\/2024\/03\/13_Dexeus-Pag-texto-pdf.jpg\",\"contentUrl\":\"https:\/\/www.dexeus.com\/fertility\/wp-content\/uploads\/2024\/03\/13_Dexeus-Pag-texto-pdf.jpg\",\"width\":1378,\"height\":640},{\"@type\":\"BreadcrumbList\",\"@id\":\"https:\/\/www.dexeus.com\/fertility\/de\/ueber-uns\/wissenschaftliche-einrichtungen\/#breadcrumb\",\"itemListElement\":[{\"@type\":\"ListItem\",\"position\":1,\"name\":\"Portada\",\"item\":\"https:\/\/www.dexeus.com\/fertility\/de\/pioniere-der-assistierten-reproduktion\/\"},{\"@type\":\"ListItem\",\"position\":2,\"name\":\"\u00dcber uns\",\"item\":\"https:\/\/dexeusfertility.enproves.cat\/de\/ueber-uns\/\"},{\"@type\":\"ListItem\",\"position\":3,\"name\":\"Wissenschaftliche Einrichtungen\"}]},{\"@type\":\"WebSite\",\"@id\":\"https:\/\/www.dexeus.com\/fertilitynew\/#website\",\"url\":\"https:\/\/www.dexeus.com\/fertilitynew\/\",\"name\":\"Dexeus Fertility\",\"description\":\"Dexeus Mujer es un centro de referencia y pionero en Espa\u00f1a en t\u00e9cnicas de reproducci\u00f3n asistida, con m\u00e1s de 80 a\u00f1os de experiencia en el diagn\u00f3stico y tratamiento de los problemas de fertilidad.\",\"publisher\":{\"@id\":\"https:\/\/www.dexeus.com\/fertilitynew\/#organization\"},\"alternateName\":\"Dexeus fertilidad\",\"potentialAction\":[{\"@type\":\"SearchAction\",\"target\":{\"@type\":\"EntryPoint\",\"urlTemplate\":\"https:\/\/www.dexeus.com\/fertilitynew\/?s={search_term_string}\"},\"query-input\":{\"@type\":\"PropertyValueSpecification\",\"valueRequired\":true,\"valueName\":\"search_term_string\"}}],\"inLanguage\":\"de\"},{\"@type\":\"Organization\",\"@id\":\"https:\/\/www.dexeus.com\/fertilitynew\/#organization\",\"name\":\"Dexeus Fertility\",\"url\":\"https:\/\/www.dexeus.com\/fertilitynew\/\",\"logo\":{\"@type\":\"ImageObject\",\"inLanguage\":\"de\",\"@id\":\"https:\/\/www.dexeus.com\/fertilitynew\/#\/schema\/logo\/image\/\",\"url\":\"https:\/\/www.dexeus.com\/fertility\/wp-content\/uploads\/2024\/02\/logofertility.svg\",\"contentUrl\":\"https:\/\/www.dexeus.com\/fertility\/wp-content\/uploads\/2024\/02\/logofertility.svg\",\"caption\":\"Dexeus Fertility\"},\"image\":{\"@id\":\"https:\/\/www.dexeus.com\/fertilitynew\/#\/schema\/logo\/image\/\"},\"sameAs\":[\"https:\/\/www.facebook.com\/dexeusmujer\/\",\"https:\/\/x.com\/dexeusmujer\",\"https:\/\/www.instagram.com\/dexeusmujer\",\"https:\/\/www.youtube.com\/user\/DexeusMujer\"]}]}<\/script>\n<!-- \/ Yoast SEO plugin. -->","yoast_head_json":{"title":"Die modernste wissenschaftliche Einrichtungen: Dexeus Fertility","description":"Dexeus Fertility verf\u00fcgt \u00fcber die modernsten Einrichtungen zur Forschung im Bereich der assistierten Reproduktion in Spanien. Wir tun unser Bestes, damit Sie schwanger werden k\u00f6nnen.","robots":{"index":"index","follow":"follow","max-snippet":"max-snippet:-1","max-image-preview":"max-image-preview:large","max-video-preview":"max-video-preview:-1"},"canonical":"https:\/\/www.dexeus.com\/fertility\/de\/ueber-uns\/wissenschaftliche-einrichtungen\/","og_locale":"de_DE","og_type":"article","og_title":"Die modernste wissenschaftliche Einrichtungen: Dexeus Fertility","og_description":"Dexeus Fertility verf\u00fcgt \u00fcber die modernsten Einrichtungen zur Forschung im Bereich der assistierten Reproduktion in Spanien. Wir tun unser Bestes, damit Sie schwanger werden k\u00f6nnen.","og_url":"https:\/\/www.dexeus.com\/fertility\/de\/ueber-uns\/wissenschaftliche-einrichtungen\/","og_site_name":"Dexeus Fertility","article_publisher":"https:\/\/www.facebook.com\/dexeusmujer\/","article_modified_time":"2024-06-11T09:43:38+00:00","og_image":[{"width":1378,"height":640,"url":"https:\/\/dexeusfertility.enproves.cat\/wp-content\/uploads\/2024\/03\/13_Dexeus-Pag-texto-pdf.jpg","type":"image\/jpeg"}],"twitter_card":"summary_large_image","twitter_site":"@dexeusmujer","schema":{"@context":"https:\/\/schema.org","@graph":[{"@type":["WebPage","MedicalWebPage"],"@id":"https:\/\/www.dexeus.com\/fertility\/de\/ueber-uns\/wissenschaftliche-einrichtungen\/","url":"https:\/\/www.dexeus.com\/fertility\/de\/ueber-uns\/wissenschaftliche-einrichtungen\/","name":"Die modernste wissenschaftliche Einrichtungen: Dexeus Fertility","isPartOf":{"@id":"https:\/\/www.dexeus.com\/fertilitynew\/#website"},"primaryImageOfPage":{"@id":"https:\/\/www.dexeus.com\/fertility\/de\/ueber-uns\/wissenschaftliche-einrichtungen\/#primaryimage"},"image":{"@id":"https:\/\/www.dexeus.com\/fertility\/de\/ueber-uns\/wissenschaftliche-einrichtungen\/#primaryimage"},"thumbnailUrl":"https:\/\/www.dexeus.com\/fertility\/wp-content\/uploads\/2024\/03\/13_Dexeus-Pag-texto-pdf.jpg","datePublished":"2024-03-18T11:03:49+00:00","dateModified":"2024-06-11T09:43:38+00:00","description":"Dexeus Fertility verf\u00fcgt \u00fcber die modernsten Einrichtungen zur Forschung im Bereich der assistierten Reproduktion in Spanien. Wir tun unser Bestes, damit Sie schwanger werden k\u00f6nnen.","breadcrumb":{"@id":"https:\/\/www.dexeus.com\/fertility\/de\/ueber-uns\/wissenschaftliche-einrichtungen\/#breadcrumb"},"inLanguage":"de","potentialAction":[{"@type":"ReadAction","target":["https:\/\/www.dexeus.com\/fertility\/de\/ueber-uns\/wissenschaftliche-einrichtungen\/"]}]},{"@type":"ImageObject","inLanguage":"de","@id":"https:\/\/www.dexeus.com\/fertility\/de\/ueber-uns\/wissenschaftliche-einrichtungen\/#primaryimage","url":"https:\/\/www.dexeus.com\/fertility\/wp-content\/uploads\/2024\/03\/13_Dexeus-Pag-texto-pdf.jpg","contentUrl":"https:\/\/www.dexeus.com\/fertility\/wp-content\/uploads\/2024\/03\/13_Dexeus-Pag-texto-pdf.jpg","width":1378,"height":640},{"@type":"BreadcrumbList","@id":"https:\/\/www.dexeus.com\/fertility\/de\/ueber-uns\/wissenschaftliche-einrichtungen\/#breadcrumb","itemListElement":[{"@type":"ListItem","position":1,"name":"Portada","item":"https:\/\/www.dexeus.com\/fertility\/de\/pioniere-der-assistierten-reproduktion\/"},{"@type":"ListItem","position":2,"name":"\u00dcber uns","item":"https:\/\/dexeusfertility.enproves.cat\/de\/ueber-uns\/"},{"@type":"ListItem","position":3,"name":"Wissenschaftliche Einrichtungen"}]},{"@type":"WebSite","@id":"https:\/\/www.dexeus.com\/fertilitynew\/#website","url":"https:\/\/www.dexeus.com\/fertilitynew\/","name":"Dexeus Fertility","description":"Dexeus Mujer es un centro de referencia y pionero en Espa\u00f1a en t\u00e9cnicas de reproducci\u00f3n asistida, con m\u00e1s de 80 a\u00f1os de experiencia en el diagn\u00f3stico y tratamiento de los problemas de fertilidad.","publisher":{"@id":"https:\/\/www.dexeus.com\/fertilitynew\/#organization"},"alternateName":"Dexeus fertilidad","potentialAction":[{"@type":"SearchAction","target":{"@type":"EntryPoint","urlTemplate":"https:\/\/www.dexeus.com\/fertilitynew\/?s={search_term_string}"},"query-input":{"@type":"PropertyValueSpecification","valueRequired":true,"valueName":"search_term_string"}}],"inLanguage":"de"},{"@type":"Organization","@id":"https:\/\/www.dexeus.com\/fertilitynew\/#organization","name":"Dexeus Fertility","url":"https:\/\/www.dexeus.com\/fertilitynew\/","logo":{"@type":"ImageObject","inLanguage":"de","@id":"https:\/\/www.dexeus.com\/fertilitynew\/#\/schema\/logo\/image\/","url":"https:\/\/www.dexeus.com\/fertility\/wp-content\/uploads\/2024\/02\/logofertility.svg","contentUrl":"https:\/\/www.dexeus.com\/fertility\/wp-content\/uploads\/2024\/02\/logofertility.svg","caption":"Dexeus Fertility"},"image":{"@id":"https:\/\/www.dexeus.com\/fertilitynew\/#\/schema\/logo\/image\/"},"sameAs":["https:\/\/www.facebook.com\/dexeusmujer\/","https:\/\/x.com\/dexeusmujer","https:\/\/www.instagram.com\/dexeusmujer","https:\/\/www.youtube.com\/user\/DexeusMujer"]}]}},"_links":{"self":[{"href":"https:\/\/www.dexeus.com\/fertility\/de\/wp-json\/wp\/v2\/pages\/15189","targetHints":{"allow":["GET"]}}],"collection":[{"href":"https:\/\/www.dexeus.com\/fertility\/de\/wp-json\/wp\/v2\/pages"}],"about":[{"href":"https:\/\/www.dexeus.com\/fertility\/de\/wp-json\/wp\/v2\/types\/page"}],"author":[{"embeddable":true,"href":"https:\/\/www.dexeus.com\/fertility\/de\/wp-json\/wp\/v2\/users\/1"}],"replies":[{"embeddable":true,"href":"https:\/\/www.dexeus.com\/fertility\/de\/wp-json\/wp\/v2\/comments?post=15189"}],"version-history":[{"count":1,"href":"https:\/\/www.dexeus.com\/fertility\/de\/wp-json\/wp\/v2\/pages\/15189\/revisions"}],"predecessor-version":[{"id":22815,"href":"https:\/\/www.dexeus.com\/fertility\/de\/wp-json\/wp\/v2\/pages\/15189\/revisions\/22815"}],"up":[{"embeddable":true,"href":"https:\/\/www.dexeus.com\/fertility\/de\/wp-json\/wp\/v2\/pages\/15296"}],"wp:featuredmedia":[{"embeddable":true,"href":"https:\/\/www.dexeus.com\/fertility\/de\/wp-json\/wp\/v2\/media\/8807"}],"wp:attachment":[{"href":"https:\/\/www.dexeus.com\/fertility\/de\/wp-json\/wp\/v2\/media?parent=15189"}],"curies":[{"name":"wp","href":"https:\/\/api.w.org\/{rel}","templated":true}]}}