{"id":15437,"date":"2024-02-29T15:28:10","date_gmt":"2024-02-29T14:28:10","guid":{"rendered":"https:\/\/www.dexeus.com\/fertility\/ich-werde-nicht-schwanger\/tipps-zum-schwangerwerden\/"},"modified":"2024-11-11T12:21:27","modified_gmt":"2024-11-11T11:21:27","slug":"tipps-zum-schwangerwerden","status":"publish","type":"page","link":"https:\/\/www.dexeus.com\/fertility\/de\/ich-werde-nicht-schwanger\/tipps-zum-schwangerwerden\/","title":{"rendered":"Tipps zum Schwangerwerden"},"content":{"rendered":"\t\t<div data-elementor-type=\"wp-post\" data-elementor-id=\"15437\" class=\"elementor elementor-15437 elementor-3166\" data-elementor-post-type=\"page\">\n\t\t\t\t<div class=\"elementor-element elementor-element-f1a0ed3 e-con-full e-flex e-con e-parent\" data-id=\"f1a0ed3\" data-element_type=\"container\" data-settings=\"{&quot;background_background&quot;:&quot;classic&quot;,&quot;jet_parallax_layout_list&quot;:[]}\">\n\t\t<div class=\"elementor-element elementor-element-a9882f3 e-flex e-con-boxed e-con e-child\" data-id=\"a9882f3\" data-element_type=\"container\" data-settings=\"{&quot;jet_parallax_layout_list&quot;:[]}\">\n\t\t\t\t\t<div class=\"e-con-inner\">\n\t\t\t\t<div class=\"elementor-element elementor-element-964aca3 elementor-widget elementor-widget-heading\" data-id=\"964aca3\" data-element_type=\"widget\" data-widget_type=\"heading.default\">\n\t\t\t\t<div class=\"elementor-widget-container\">\n\t\t\t\t\t<h1 class=\"elementor-heading-title elementor-size-default\">Tipps zum Schwangerwerden<\/h1>\t\t\t\t<\/div>\n\t\t\t\t<\/div>\n\t\t\t\t\t<\/div>\n\t\t\t\t<\/div>\n\t\t\t\t<\/div>\n\t\t<div class=\"elementor-element elementor-element-dc5b37a e-flex e-con-boxed e-con e-parent\" data-id=\"dc5b37a\" data-element_type=\"container\" data-settings=\"{&quot;jet_parallax_layout_list&quot;:[]}\">\n\t\t\t\t\t<div class=\"e-con-inner\">\n\t\t\t\t<div class=\"elementor-element elementor-element-f07664e elementor-widget elementor-widget-text-editor\" data-id=\"f07664e\" data-element_type=\"widget\" data-widget_type=\"text-editor.default\">\n\t\t\t\t<div class=\"elementor-widget-container\">\n\t\t\t\t\t\t\t\t\t<p>Im Allgemeinen geht man davon aus, dass man schwanger werden kann, wenn man nahe am Tag des Eisprungs Sex hat, aber das ist nicht immer der Fall.<\/p>\n<p>Tats\u00e4chlich hat unsere Spezies eine geringe Fortpflanzungsf\u00e4higkeit, so dass die Chance auf eine Schwangerschaft bei sexuellem Kontakt in der Zeit des Eisprungs bei einem Paar unter 35 Jahren und ohne Unfruchtbarkeitsfaktoren nur 18-35 % pro Monat betr\u00e4gt.<\/p>\n<p>Es ist jedoch zu beachten, dass nach dem 35. Lebensjahr die Fruchtbarkeit einer Frau in den 40er Jahren abnimmt und die monatliche Chance auf eine Schwangerschaft weniger als 10 % betr\u00e4gt. Dies bedeutet jedoch nicht, dass eine Schwangerschaft ab diesem Zeitpunkt unm\u00f6glich ist.<\/p>\n<p>F\u00fcr den Augenblick sollten Sie, wenn Sie eine Schwangerschaft planen, Folgendes beachten:<\/p>\n\t\t\t\t\t\t\t\t<\/div>\n\t\t\t\t<\/div>\n\t\t\t\t\t<\/div>\n\t\t\t\t<\/div>\n\t\t<div class=\"elementor-element elementor-element-97e5913 e-flex e-con-boxed e-con e-parent\" data-id=\"97e5913\" data-element_type=\"container\" data-settings=\"{&quot;jet_parallax_layout_list&quot;:[]}\">\n\t\t\t\t\t<div class=\"e-con-inner\">\n\t\t<div class=\"elementor-element elementor-element-f2824e9 e-flex e-con-boxed e-con e-child\" data-id=\"f2824e9\" data-element_type=\"container\" data-settings=\"{&quot;jet_parallax_layout_list&quot;:[]}\">\n\t\t\t\t\t<div class=\"e-con-inner\">\n\t\t\t\t<div class=\"elementor-element elementor-element-3521e8b elementor-widget elementor-widget-image\" data-id=\"3521e8b\" data-element_type=\"widget\" data-widget_type=\"image.default\">\n\t\t\t\t<div class=\"elementor-widget-container\">\n\t\t\t\t\t\t\t\t\t\t\t\t\t\t\t<img fetchpriority=\"high\" decoding=\"async\" width=\"293\" height=\"293\" src=\"https:\/\/www.dexeus.com\/fertility\/wp-content\/uploads\/2024\/05\/112.png\" class=\"attachment-large size-large wp-image-20901\" alt=\"\" srcset=\"https:\/\/www.dexeus.com\/fertility\/wp-content\/uploads\/2024\/05\/112.png 293w, https:\/\/www.dexeus.com\/fertility\/wp-content\/uploads\/2024\/05\/112-150x150.png 150w\" sizes=\"(max-width: 293px) 100vw, 293px\" \/>\t\t\t\t\t\t\t\t\t\t\t\t\t\t\t<\/div>\n\t\t\t\t<\/div>\n\t\t\t\t<div class=\"elementor-element elementor-element-74e9b8b elementor-widget elementor-widget-heading\" data-id=\"74e9b8b\" data-element_type=\"widget\" data-widget_type=\"heading.default\">\n\t\t\t\t<div class=\"elementor-widget-container\">\n\t\t\t\t\t<h4 class=\"elementor-heading-title elementor-size-default\">Unterlassen bzw. reduzieren Sie Ihren Tabak- und Alkoholkonsum.<\/h4>\t\t\t\t<\/div>\n\t\t\t\t<\/div>\n\t\t\t\t\t<\/div>\n\t\t\t\t<\/div>\n\t\t<div class=\"elementor-element elementor-element-be103d8 e-flex e-con-boxed e-con e-child\" data-id=\"be103d8\" data-element_type=\"container\" data-settings=\"{&quot;jet_parallax_layout_list&quot;:[]}\">\n\t\t\t\t\t<div class=\"e-con-inner\">\n\t\t\t\t<div class=\"elementor-element elementor-element-9d672eb elementor-widget elementor-widget-image\" data-id=\"9d672eb\" data-element_type=\"widget\" data-widget_type=\"image.default\">\n\t\t\t\t<div class=\"elementor-widget-container\">\n\t\t\t\t\t\t\t\t\t\t\t\t\t\t\t<img decoding=\"async\" width=\"293\" height=\"293\" src=\"https:\/\/www.dexeus.com\/fertility\/wp-content\/uploads\/2024\/05\/113.png\" class=\"attachment-large size-large wp-image-20919\" alt=\"\" srcset=\"https:\/\/www.dexeus.com\/fertility\/wp-content\/uploads\/2024\/05\/113.png 293w, https:\/\/www.dexeus.com\/fertility\/wp-content\/uploads\/2024\/05\/113-150x150.png 150w\" sizes=\"(max-width: 293px) 100vw, 293px\" \/>\t\t\t\t\t\t\t\t\t\t\t\t\t\t\t<\/div>\n\t\t\t\t<\/div>\n\t\t\t\t<div class=\"elementor-element elementor-element-138a819 elementor-widget elementor-widget-heading\" data-id=\"138a819\" data-element_type=\"widget\" data-widget_type=\"heading.default\">\n\t\t\t\t<div class=\"elementor-widget-container\">\n\t\t\t\t\t<h4 class=\"elementor-heading-title elementor-size-default\">Nehmen Sie keine Medikamente ein, wenn Ihre Regel zu sp\u00e4t kommt.<\/h4>\t\t\t\t<\/div>\n\t\t\t\t<\/div>\n\t\t\t\t\t<\/div>\n\t\t\t\t<\/div>\n\t\t<div class=\"elementor-element elementor-element-262ad33 e-flex e-con-boxed e-con e-child\" data-id=\"262ad33\" data-element_type=\"container\" data-settings=\"{&quot;jet_parallax_layout_list&quot;:[]}\">\n\t\t\t\t\t<div class=\"e-con-inner\">\n\t\t\t\t<div class=\"elementor-element elementor-element-505510b elementor-widget elementor-widget-image\" data-id=\"505510b\" data-element_type=\"widget\" data-widget_type=\"image.default\">\n\t\t\t\t<div class=\"elementor-widget-container\">\n\t\t\t\t\t\t\t\t\t\t\t\t\t\t\t<img decoding=\"async\" width=\"293\" height=\"292\" src=\"https:\/\/www.dexeus.com\/fertility\/wp-content\/uploads\/2024\/05\/01.png\" class=\"attachment-large size-large wp-image-19101\" alt=\"\" srcset=\"https:\/\/www.dexeus.com\/fertility\/wp-content\/uploads\/2024\/05\/01.png 293w, https:\/\/www.dexeus.com\/fertility\/wp-content\/uploads\/2024\/05\/01-150x150.png 150w\" sizes=\"(max-width: 293px) 100vw, 293px\" \/>\t\t\t\t\t\t\t\t\t\t\t\t\t\t\t<\/div>\n\t\t\t\t<\/div>\n\t\t\t\t<div class=\"elementor-element elementor-element-38d4f74 elementor-widget elementor-widget-heading\" data-id=\"38d4f74\" data-element_type=\"widget\" data-widget_type=\"heading.default\">\n\t\t\t\t<div class=\"elementor-widget-container\">\n\t\t\t\t\t<h4 class=\"elementor-heading-title elementor-size-default\">Lassen Sie sich gegebenenfalls gegen Tetanus, Hepatitis B und R\u00f6teln impfen.<\/h4>\t\t\t\t<\/div>\n\t\t\t\t<\/div>\n\t\t\t\t\t<\/div>\n\t\t\t\t<\/div>\n\t\t\t\t\t<\/div>\n\t\t\t\t<\/div>\n\t\t<div class=\"elementor-element elementor-element-ce3ebd3 e-flex e-con-boxed e-con e-parent\" data-id=\"ce3ebd3\" data-element_type=\"container\" data-settings=\"{&quot;jet_parallax_layout_list&quot;:[]}\">\n\t\t\t\t\t<div class=\"e-con-inner\">\n\t\t<div class=\"elementor-element elementor-element-6042096 e-flex e-con-boxed e-con e-child\" data-id=\"6042096\" data-element_type=\"container\" data-settings=\"{&quot;jet_parallax_layout_list&quot;:[]}\">\n\t\t\t\t\t<div class=\"e-con-inner\">\n\t\t\t\t<div class=\"elementor-element elementor-element-057d166 elementor-widget elementor-widget-image\" data-id=\"057d166\" data-element_type=\"widget\" data-widget_type=\"image.default\">\n\t\t\t\t<div class=\"elementor-widget-container\">\n\t\t\t\t\t\t\t\t\t\t\t\t\t\t\t<img loading=\"lazy\" decoding=\"async\" width=\"293\" height=\"293\" src=\"https:\/\/www.dexeus.com\/fertility\/wp-content\/uploads\/2024\/05\/114.png\" class=\"attachment-large size-large wp-image-20913\" alt=\"\" srcset=\"https:\/\/www.dexeus.com\/fertility\/wp-content\/uploads\/2024\/05\/114.png 293w, https:\/\/www.dexeus.com\/fertility\/wp-content\/uploads\/2024\/05\/114-150x150.png 150w\" sizes=\"(max-width: 293px) 100vw, 293px\" \/>\t\t\t\t\t\t\t\t\t\t\t\t\t\t\t<\/div>\n\t\t\t\t<\/div>\n\t\t\t\t<div class=\"elementor-element elementor-element-1e004ef elementor-widget elementor-widget-heading\" data-id=\"1e004ef\" data-element_type=\"widget\" data-widget_type=\"heading.default\">\n\t\t\t\t<div class=\"elementor-widget-container\">\n\t\t\t\t\t<h4 class=\"elementor-heading-title elementor-size-default\">Gehen Sie einer angemessenen k\u00f6rperlichen Bet\u00e4tigung nach.<\/h4>\t\t\t\t<\/div>\n\t\t\t\t<\/div>\n\t\t\t\t\t<\/div>\n\t\t\t\t<\/div>\n\t\t<div class=\"elementor-element elementor-element-08c9814 e-flex e-con-boxed e-con e-child\" data-id=\"08c9814\" data-element_type=\"container\" data-settings=\"{&quot;jet_parallax_layout_list&quot;:[]}\">\n\t\t\t\t\t<div class=\"e-con-inner\">\n\t\t\t\t<div class=\"elementor-element elementor-element-849bfba elementor-widget elementor-widget-image\" data-id=\"849bfba\" data-element_type=\"widget\" data-widget_type=\"image.default\">\n\t\t\t\t<div class=\"elementor-widget-container\">\n\t\t\t\t\t\t\t\t\t\t\t\t\t\t\t<img loading=\"lazy\" decoding=\"async\" width=\"293\" height=\"293\" src=\"https:\/\/www.dexeus.com\/fertility\/wp-content\/uploads\/2024\/05\/111.png\" class=\"attachment-large size-large wp-image-20925\" alt=\"\" srcset=\"https:\/\/www.dexeus.com\/fertility\/wp-content\/uploads\/2024\/05\/111.png 293w, https:\/\/www.dexeus.com\/fertility\/wp-content\/uploads\/2024\/05\/111-150x150.png 150w\" sizes=\"(max-width: 293px) 100vw, 293px\" \/>\t\t\t\t\t\t\t\t\t\t\t\t\t\t\t<\/div>\n\t\t\t\t<\/div>\n\t\t\t\t<div class=\"elementor-element elementor-element-4d8aed5 elementor-widget elementor-widget-heading\" data-id=\"4d8aed5\" data-element_type=\"widget\" data-widget_type=\"heading.default\">\n\t\t\t\t<div class=\"elementor-widget-container\">\n\t\t\t\t\t<h4 class=\"elementor-heading-title elementor-size-default\">Achten Sie auf Ihr Gewicht und Ihre Ern\u00e4hrung.<\/h4>\t\t\t\t<\/div>\n\t\t\t\t<\/div>\n\t\t\t\t\t<\/div>\n\t\t\t\t<\/div>\n\t\t<div class=\"elementor-element elementor-element-6ed7c6d e-flex e-con-boxed e-con e-child\" data-id=\"6ed7c6d\" data-element_type=\"container\" data-settings=\"{&quot;jet_parallax_layout_list&quot;:[]}\">\n\t\t\t\t\t<div class=\"e-con-inner\">\n\t\t\t\t<div class=\"elementor-element elementor-element-cd2801e elementor-widget elementor-widget-image\" data-id=\"cd2801e\" data-element_type=\"widget\" data-widget_type=\"image.default\">\n\t\t\t\t<div class=\"elementor-widget-container\">\n\t\t\t\t\t\t\t\t\t\t\t\t\t\t\t<img loading=\"lazy\" decoding=\"async\" width=\"293\" height=\"293\" src=\"https:\/\/www.dexeus.com\/fertility\/wp-content\/uploads\/2024\/05\/65.png\" class=\"attachment-large size-large wp-image-19485\" alt=\"\" srcset=\"https:\/\/www.dexeus.com\/fertility\/wp-content\/uploads\/2024\/05\/65.png 293w, https:\/\/www.dexeus.com\/fertility\/wp-content\/uploads\/2024\/05\/65-150x150.png 150w\" sizes=\"(max-width: 293px) 100vw, 293px\" \/>\t\t\t\t\t\t\t\t\t\t\t\t\t\t\t<\/div>\n\t\t\t\t<\/div>\n\t\t\t\t<div class=\"elementor-element elementor-element-073f479 elementor-widget elementor-widget-heading\" data-id=\"073f479\" data-element_type=\"widget\" data-widget_type=\"heading.default\">\n\t\t\t\t<div class=\"elementor-widget-container\">\n\t\t\t\t\t<h4 class=\"elementor-heading-title elementor-size-default\">Vereinbaren Sie einen Termin bei uns.<\/h4>\t\t\t\t<\/div>\n\t\t\t\t<\/div>\n\t\t\t\t\t<\/div>\n\t\t\t\t<\/div>\n\t\t\t\t\t<\/div>\n\t\t\t\t<\/div>\n\t\t<div class=\"elementor-element elementor-element-0ba6270 e-flex e-con-boxed e-con e-parent\" data-id=\"0ba6270\" data-element_type=\"container\" data-settings=\"{&quot;jet_parallax_layout_list&quot;:[]}\">\n\t\t\t\t\t<div class=\"e-con-inner\">\n\t\t\t\t<div class=\"elementor-element elementor-element-d9d2596 elementor-widget elementor-widget-text-editor\" data-id=\"d9d2596\" data-element_type=\"widget\" data-widget_type=\"text-editor.default\">\n\t\t\t\t<div class=\"elementor-widget-container\">\n\t\t\t\t\t\t\t\t\t<p>Der gute Verlauf der Schwangerschaft, die Gesundheit des F\u00f6tus und des Neugeborenen sowie seine sp\u00e4tere Entwicklung h\u00e4ngen in hohem Ma\u00dfe von der Gesundheit der Mutter und der Pflege ab, die sie vor der Schwangerschaft erhalten hat.<\/p>\n<p>Die Schwangerschaftsvorsorge sollte nicht erst mit der ersten Regelblutung beginnen, sondern bereits vor der Schwangerschaft.<\/p>\n<p>Die Beurteilung des physischen, biologischen und psychologischen Zustands der werdenden Mutter sowie ihres Umfelds vor der Empf\u00e4ngnis erm\u00f6glicht es, sie in den bestm\u00f6glichen Gesundheitszustand zu versetzen und ihr zu helfen, den optimalen Zeitpunkt f\u00fcr den Beginn der Schwangerschaft zu w\u00e4hlen. Dieses Ziel ist noch dringlicher bei Paaren, bei denen es in fr\u00fcheren Schwangerschaften zu Problemen gekommen ist.<\/p>\n\t\t\t\t\t\t\t\t<\/div>\n\t\t\t\t<\/div>\n\t\t\t\t\t<\/div>\n\t\t\t\t<\/div>\n\t\t\t\t<\/div>\n\t\t","protected":false},"excerpt":{"rendered":"<p>Im Allgemeinen geht man davon aus, dass man schwanger werden kann, wenn man nahe am Tag des Eisprungs Sex hat, aber das ist nicht immer der Fall. Tats\u00e4chlich hat unsere Spezies eine geringe Fortpflanzungsf\u00e4higkeit, so dass die Chance auf eine Schwangerschaft bei sexuellem Kontakt in der Zeit des Eisprungs bei einem Paar unter 35 Jahren [&hellip;]<\/p>\n","protected":false},"author":1,"featured_media":6634,"parent":15421,"menu_order":3,"comment_status":"closed","ping_status":"closed","template":"","meta":{"footnotes":""},"class_list":["post-15437","page","type-page","status-publish","has-post-thumbnail","hentry"],"yoast_head":"<!-- This site is optimized with the Yoast SEO plugin v26.8 - https:\/\/yoast.com\/product\/yoast-seo-wordpress\/ -->\n<title>Schwanger werden: Tipps f\u00fcr den Kinderwunsch Dexeus Fertility<\/title>\n<meta name=\"description\" content=\"Bei Dexeus Fertility bieten wir Ihnen mehr als 80 Jahre Erfahrung, um Sie auf Ihrem Weg zur Schwangerschaft zu beraten.\" \/>\n<meta name=\"robots\" content=\"index, follow, max-snippet:-1, max-image-preview:large, max-video-preview:-1\" \/>\n<link rel=\"canonical\" href=\"https:\/\/www.dexeus.com\/fertility\/de\/ich-werde-nicht-schwanger\/tipps-zum-schwangerwerden\/\" \/>\n<meta property=\"og:locale\" content=\"de_DE\" \/>\n<meta property=\"og:type\" content=\"article\" \/>\n<meta property=\"og:title\" content=\"Schwanger werden: Tipps f\u00fcr den Kinderwunsch Dexeus Fertility\" \/>\n<meta property=\"og:description\" content=\"Bei Dexeus Fertility bieten wir Ihnen mehr als 80 Jahre Erfahrung, um Sie auf Ihrem Weg zur Schwangerschaft zu beraten.\" \/>\n<meta property=\"og:url\" content=\"https:\/\/www.dexeus.com\/fertility\/de\/ich-werde-nicht-schwanger\/tipps-zum-schwangerwerden\/\" \/>\n<meta property=\"og:site_name\" content=\"Dexeus Fertility\" \/>\n<meta property=\"article:publisher\" content=\"https:\/\/www.facebook.com\/dexeusmujer\/\" \/>\n<meta property=\"article:modified_time\" content=\"2024-11-11T11:21:27+00:00\" \/>\n<meta property=\"og:image\" content=\"https:\/\/www.dexeus.com\/fertility\/wp-content\/uploads\/2024\/03\/consejos-quedarte-embarazada-1.webp\" \/>\n\t<meta property=\"og:image:width\" content=\"2500\" \/>\n\t<meta property=\"og:image:height\" content=\"1161\" \/>\n\t<meta property=\"og:image:type\" content=\"image\/webp\" \/>\n<meta name=\"twitter:card\" content=\"summary_large_image\" \/>\n<meta name=\"twitter:site\" content=\"@dexeusmujer\" \/>\n<script type=\"application\/ld+json\" class=\"yoast-schema-graph\">{\"@context\":\"https:\/\/schema.org\",\"@graph\":[{\"@type\":[\"WebPage\",\"MedicalWebPage\"],\"@id\":\"https:\/\/www.dexeus.com\/fertility\/de\/ich-werde-nicht-schwanger\/tipps-zum-schwangerwerden\/\",\"url\":\"https:\/\/www.dexeus.com\/fertility\/de\/ich-werde-nicht-schwanger\/tipps-zum-schwangerwerden\/\",\"name\":\"Schwanger werden: Tipps f\u00fcr den Kinderwunsch Dexeus Fertility\",\"isPartOf\":{\"@id\":\"https:\/\/www.dexeus.com\/fertilitynew\/#website\"},\"primaryImageOfPage\":{\"@id\":\"https:\/\/www.dexeus.com\/fertility\/de\/ich-werde-nicht-schwanger\/tipps-zum-schwangerwerden\/#primaryimage\"},\"image\":{\"@id\":\"https:\/\/www.dexeus.com\/fertility\/de\/ich-werde-nicht-schwanger\/tipps-zum-schwangerwerden\/#primaryimage\"},\"thumbnailUrl\":\"https:\/\/www.dexeus.com\/fertility\/wp-content\/uploads\/2024\/03\/consejos-quedarte-embarazada-1.webp\",\"datePublished\":\"2024-02-29T14:28:10+00:00\",\"dateModified\":\"2024-11-11T11:21:27+00:00\",\"description\":\"Bei Dexeus Fertility bieten wir Ihnen mehr als 80 Jahre Erfahrung, um Sie auf Ihrem Weg zur Schwangerschaft zu beraten.\",\"breadcrumb\":{\"@id\":\"https:\/\/www.dexeus.com\/fertility\/de\/ich-werde-nicht-schwanger\/tipps-zum-schwangerwerden\/#breadcrumb\"},\"inLanguage\":\"de\",\"potentialAction\":[{\"@type\":\"ReadAction\",\"target\":[\"https:\/\/www.dexeus.com\/fertility\/de\/ich-werde-nicht-schwanger\/tipps-zum-schwangerwerden\/\"]}]},{\"@type\":\"ImageObject\",\"inLanguage\":\"de\",\"@id\":\"https:\/\/www.dexeus.com\/fertility\/de\/ich-werde-nicht-schwanger\/tipps-zum-schwangerwerden\/#primaryimage\",\"url\":\"https:\/\/www.dexeus.com\/fertility\/wp-content\/uploads\/2024\/03\/consejos-quedarte-embarazada-1.webp\",\"contentUrl\":\"https:\/\/www.dexeus.com\/fertility\/wp-content\/uploads\/2024\/03\/consejos-quedarte-embarazada-1.webp\",\"width\":2500,\"height\":1161},{\"@type\":\"BreadcrumbList\",\"@id\":\"https:\/\/www.dexeus.com\/fertility\/de\/ich-werde-nicht-schwanger\/tipps-zum-schwangerwerden\/#breadcrumb\",\"itemListElement\":[{\"@type\":\"ListItem\",\"position\":1,\"name\":\"Portada\",\"item\":\"https:\/\/www.dexeus.com\/fertility\/de\/pioniere-der-assistierten-reproduktion\/\"},{\"@type\":\"ListItem\",\"position\":2,\"name\":\"Ich werde nicht schwanger\",\"item\":\"https:\/\/www.dexeus.com\/fertility\/de\/ich-werde-nicht-schwanger\/\"},{\"@type\":\"ListItem\",\"position\":3,\"name\":\"Tipps zum Schwangerwerden\"}]},{\"@type\":\"WebSite\",\"@id\":\"https:\/\/www.dexeus.com\/fertilitynew\/#website\",\"url\":\"https:\/\/www.dexeus.com\/fertilitynew\/\",\"name\":\"Dexeus Fertility\",\"description\":\"Dexeus Mujer es un centro de referencia y pionero en Espa\u00f1a en t\u00e9cnicas de reproducci\u00f3n asistida, con m\u00e1s de 80 a\u00f1os de experiencia en el diagn\u00f3stico y tratamiento de los problemas de fertilidad.\",\"publisher\":{\"@id\":\"https:\/\/www.dexeus.com\/fertilitynew\/#organization\"},\"alternateName\":\"Dexeus fertilidad\",\"potentialAction\":[{\"@type\":\"SearchAction\",\"target\":{\"@type\":\"EntryPoint\",\"urlTemplate\":\"https:\/\/www.dexeus.com\/fertilitynew\/?s={search_term_string}\"},\"query-input\":{\"@type\":\"PropertyValueSpecification\",\"valueRequired\":true,\"valueName\":\"search_term_string\"}}],\"inLanguage\":\"de\"},{\"@type\":\"Organization\",\"@id\":\"https:\/\/www.dexeus.com\/fertilitynew\/#organization\",\"name\":\"Dexeus Fertility\",\"url\":\"https:\/\/www.dexeus.com\/fertilitynew\/\",\"logo\":{\"@type\":\"ImageObject\",\"inLanguage\":\"de\",\"@id\":\"https:\/\/www.dexeus.com\/fertilitynew\/#\/schema\/logo\/image\/\",\"url\":\"https:\/\/www.dexeus.com\/fertility\/wp-content\/uploads\/2024\/02\/logofertility.svg\",\"contentUrl\":\"https:\/\/www.dexeus.com\/fertility\/wp-content\/uploads\/2024\/02\/logofertility.svg\",\"caption\":\"Dexeus Fertility\"},\"image\":{\"@id\":\"https:\/\/www.dexeus.com\/fertilitynew\/#\/schema\/logo\/image\/\"},\"sameAs\":[\"https:\/\/www.facebook.com\/dexeusmujer\/\",\"https:\/\/x.com\/dexeusmujer\",\"https:\/\/www.instagram.com\/dexeusmujer\",\"https:\/\/www.youtube.com\/user\/DexeusMujer\"]}]}<\/script>\n<!-- \/ Yoast SEO plugin. -->","yoast_head_json":{"title":"Schwanger werden: Tipps f\u00fcr den Kinderwunsch Dexeus Fertility","description":"Bei Dexeus Fertility bieten wir Ihnen mehr als 80 Jahre Erfahrung, um Sie auf Ihrem Weg zur Schwangerschaft zu beraten.","robots":{"index":"index","follow":"follow","max-snippet":"max-snippet:-1","max-image-preview":"max-image-preview:large","max-video-preview":"max-video-preview:-1"},"canonical":"https:\/\/www.dexeus.com\/fertility\/de\/ich-werde-nicht-schwanger\/tipps-zum-schwangerwerden\/","og_locale":"de_DE","og_type":"article","og_title":"Schwanger werden: Tipps f\u00fcr den Kinderwunsch Dexeus Fertility","og_description":"Bei Dexeus Fertility bieten wir Ihnen mehr als 80 Jahre Erfahrung, um Sie auf Ihrem Weg zur Schwangerschaft zu beraten.","og_url":"https:\/\/www.dexeus.com\/fertility\/de\/ich-werde-nicht-schwanger\/tipps-zum-schwangerwerden\/","og_site_name":"Dexeus Fertility","article_publisher":"https:\/\/www.facebook.com\/dexeusmujer\/","article_modified_time":"2024-11-11T11:21:27+00:00","og_image":[{"width":2500,"height":1161,"url":"https:\/\/www.dexeus.com\/fertility\/wp-content\/uploads\/2024\/03\/consejos-quedarte-embarazada-1.webp","type":"image\/webp"}],"twitter_card":"summary_large_image","twitter_site":"@dexeusmujer","schema":{"@context":"https:\/\/schema.org","@graph":[{"@type":["WebPage","MedicalWebPage"],"@id":"https:\/\/www.dexeus.com\/fertility\/de\/ich-werde-nicht-schwanger\/tipps-zum-schwangerwerden\/","url":"https:\/\/www.dexeus.com\/fertility\/de\/ich-werde-nicht-schwanger\/tipps-zum-schwangerwerden\/","name":"Schwanger werden: Tipps f\u00fcr den Kinderwunsch Dexeus Fertility","isPartOf":{"@id":"https:\/\/www.dexeus.com\/fertilitynew\/#website"},"primaryImageOfPage":{"@id":"https:\/\/www.dexeus.com\/fertility\/de\/ich-werde-nicht-schwanger\/tipps-zum-schwangerwerden\/#primaryimage"},"image":{"@id":"https:\/\/www.dexeus.com\/fertility\/de\/ich-werde-nicht-schwanger\/tipps-zum-schwangerwerden\/#primaryimage"},"thumbnailUrl":"https:\/\/www.dexeus.com\/fertility\/wp-content\/uploads\/2024\/03\/consejos-quedarte-embarazada-1.webp","datePublished":"2024-02-29T14:28:10+00:00","dateModified":"2024-11-11T11:21:27+00:00","description":"Bei Dexeus Fertility bieten wir Ihnen mehr als 80 Jahre Erfahrung, um Sie auf Ihrem Weg zur Schwangerschaft zu beraten.","breadcrumb":{"@id":"https:\/\/www.dexeus.com\/fertility\/de\/ich-werde-nicht-schwanger\/tipps-zum-schwangerwerden\/#breadcrumb"},"inLanguage":"de","potentialAction":[{"@type":"ReadAction","target":["https:\/\/www.dexeus.com\/fertility\/de\/ich-werde-nicht-schwanger\/tipps-zum-schwangerwerden\/"]}]},{"@type":"ImageObject","inLanguage":"de","@id":"https:\/\/www.dexeus.com\/fertility\/de\/ich-werde-nicht-schwanger\/tipps-zum-schwangerwerden\/#primaryimage","url":"https:\/\/www.dexeus.com\/fertility\/wp-content\/uploads\/2024\/03\/consejos-quedarte-embarazada-1.webp","contentUrl":"https:\/\/www.dexeus.com\/fertility\/wp-content\/uploads\/2024\/03\/consejos-quedarte-embarazada-1.webp","width":2500,"height":1161},{"@type":"BreadcrumbList","@id":"https:\/\/www.dexeus.com\/fertility\/de\/ich-werde-nicht-schwanger\/tipps-zum-schwangerwerden\/#breadcrumb","itemListElement":[{"@type":"ListItem","position":1,"name":"Portada","item":"https:\/\/www.dexeus.com\/fertility\/de\/pioniere-der-assistierten-reproduktion\/"},{"@type":"ListItem","position":2,"name":"Ich werde nicht schwanger","item":"https:\/\/www.dexeus.com\/fertility\/de\/ich-werde-nicht-schwanger\/"},{"@type":"ListItem","position":3,"name":"Tipps zum Schwangerwerden"}]},{"@type":"WebSite","@id":"https:\/\/www.dexeus.com\/fertilitynew\/#website","url":"https:\/\/www.dexeus.com\/fertilitynew\/","name":"Dexeus Fertility","description":"Dexeus Mujer es un centro de referencia y pionero en Espa\u00f1a en t\u00e9cnicas de reproducci\u00f3n asistida, con m\u00e1s de 80 a\u00f1os de experiencia en el diagn\u00f3stico y tratamiento de los problemas de fertilidad.","publisher":{"@id":"https:\/\/www.dexeus.com\/fertilitynew\/#organization"},"alternateName":"Dexeus fertilidad","potentialAction":[{"@type":"SearchAction","target":{"@type":"EntryPoint","urlTemplate":"https:\/\/www.dexeus.com\/fertilitynew\/?s={search_term_string}"},"query-input":{"@type":"PropertyValueSpecification","valueRequired":true,"valueName":"search_term_string"}}],"inLanguage":"de"},{"@type":"Organization","@id":"https:\/\/www.dexeus.com\/fertilitynew\/#organization","name":"Dexeus Fertility","url":"https:\/\/www.dexeus.com\/fertilitynew\/","logo":{"@type":"ImageObject","inLanguage":"de","@id":"https:\/\/www.dexeus.com\/fertilitynew\/#\/schema\/logo\/image\/","url":"https:\/\/www.dexeus.com\/fertility\/wp-content\/uploads\/2024\/02\/logofertility.svg","contentUrl":"https:\/\/www.dexeus.com\/fertility\/wp-content\/uploads\/2024\/02\/logofertility.svg","caption":"Dexeus Fertility"},"image":{"@id":"https:\/\/www.dexeus.com\/fertilitynew\/#\/schema\/logo\/image\/"},"sameAs":["https:\/\/www.facebook.com\/dexeusmujer\/","https:\/\/x.com\/dexeusmujer","https:\/\/www.instagram.com\/dexeusmujer","https:\/\/www.youtube.com\/user\/DexeusMujer"]}]}},"_links":{"self":[{"href":"https:\/\/www.dexeus.com\/fertility\/de\/wp-json\/wp\/v2\/pages\/15437","targetHints":{"allow":["GET"]}}],"collection":[{"href":"https:\/\/www.dexeus.com\/fertility\/de\/wp-json\/wp\/v2\/pages"}],"about":[{"href":"https:\/\/www.dexeus.com\/fertility\/de\/wp-json\/wp\/v2\/types\/page"}],"author":[{"embeddable":true,"href":"https:\/\/www.dexeus.com\/fertility\/de\/wp-json\/wp\/v2\/users\/1"}],"replies":[{"embeddable":true,"href":"https:\/\/www.dexeus.com\/fertility\/de\/wp-json\/wp\/v2\/comments?post=15437"}],"version-history":[{"count":2,"href":"https:\/\/www.dexeus.com\/fertility\/de\/wp-json\/wp\/v2\/pages\/15437\/revisions"}],"predecessor-version":[{"id":22536,"href":"https:\/\/www.dexeus.com\/fertility\/de\/wp-json\/wp\/v2\/pages\/15437\/revisions\/22536"}],"up":[{"embeddable":true,"href":"https:\/\/www.dexeus.com\/fertility\/de\/wp-json\/wp\/v2\/pages\/15421"}],"wp:featuredmedia":[{"embeddable":true,"href":"https:\/\/www.dexeus.com\/fertility\/de\/wp-json\/wp\/v2\/media\/6634"}],"wp:attachment":[{"href":"https:\/\/www.dexeus.com\/fertility\/de\/wp-json\/wp\/v2\/media?parent=15437"}],"curies":[{"name":"wp","href":"https:\/\/api.w.org\/{rel}","templated":true}]}}