{"id":16880,"date":"2024-02-29T15:27:40","date_gmt":"2024-02-29T14:27:40","guid":{"rendered":"https:\/\/www.dexeus.com\/fertility\/ovulationsrechner\/"},"modified":"2024-11-11T12:20:03","modified_gmt":"2024-11-11T11:20:03","slug":"ovulationsrechner","status":"publish","type":"page","link":"https:\/\/www.dexeus.com\/fertility\/de\/ich-werde-nicht-schwanger\/ovulationsrechner\/","title":{"rendered":"Ovulationsrechner"},"content":{"rendered":"\t\t<div data-elementor-type=\"wp-post\" data-elementor-id=\"16880\" class=\"elementor elementor-16880 elementor-3161\" data-elementor-post-type=\"page\">\n\t\t\t\t<div class=\"elementor-element elementor-element-880cd47 e-con-full e-flex e-con e-parent\" data-id=\"880cd47\" data-element_type=\"container\" data-settings=\"{&quot;background_background&quot;:&quot;classic&quot;,&quot;jet_parallax_layout_list&quot;:[]}\">\n\t\t<div class=\"elementor-element elementor-element-17525ed e-flex e-con-boxed e-con e-child\" data-id=\"17525ed\" data-element_type=\"container\" data-settings=\"{&quot;jet_parallax_layout_list&quot;:[]}\">\n\t\t\t\t\t<div class=\"e-con-inner\">\n\t\t\t\t<div class=\"elementor-element elementor-element-d91c64c elementor-widget elementor-widget-heading\" data-id=\"d91c64c\" data-element_type=\"widget\" data-widget_type=\"heading.default\">\n\t\t\t\t<div class=\"elementor-widget-container\">\n\t\t\t\t\t<h1 class=\"elementor-heading-title elementor-size-default\">Ovulationsrechner<\/h1>\t\t\t\t<\/div>\n\t\t\t\t<\/div>\n\t\t\t\t\t<\/div>\n\t\t\t\t<\/div>\n\t\t\t\t<\/div>\n\t\t<div class=\"elementor-element elementor-element-80b228e e-flex e-con-boxed e-con e-parent\" data-id=\"80b228e\" data-element_type=\"container\" data-settings=\"{&quot;jet_parallax_layout_list&quot;:[]}\">\n\t\t\t\t\t<div class=\"e-con-inner\">\n\t\t\t\t<div class=\"elementor-element elementor-element-73b7258 elementor-widget elementor-widget-heading\" data-id=\"73b7258\" data-element_type=\"widget\" data-widget_type=\"heading.default\">\n\t\t\t\t<div class=\"elementor-widget-container\">\n\t\t\t\t\t<h2 class=\"elementor-heading-title elementor-size-default\">M\u00f6chten Sie wissen, wann Ihre fruchtbarsten Tage sind?<\/h2>\t\t\t\t<\/div>\n\t\t\t\t<\/div>\n\t\t\t\t\t<\/div>\n\t\t\t\t<\/div>\n\t\t<div class=\"elementor-element elementor-element-d4364b4 e-flex e-con-boxed e-con e-parent\" data-id=\"d4364b4\" data-element_type=\"container\" data-settings=\"{&quot;jet_parallax_layout_list&quot;:[]}\">\n\t\t\t\t\t<div class=\"e-con-inner\">\n\t\t\t\t<div class=\"elementor-element elementor-element-03aec6b elementor-widget elementor-widget-text-editor\" data-id=\"03aec6b\" data-element_type=\"widget\" data-widget_type=\"text-editor.default\">\n\t\t\t\t<div class=\"elementor-widget-container\">\n\t\t\t\t\t\t\t\t\t<p>Haben Sie vor, schwanger zu werden? Erfahren Sie, wann Ihre fruchtbarsten Tage in Ihrem Zyklus sind, indem Sie unseren Ovulationskalender verwenden, und erh\u00f6hen Sie so Ihre Chance, schwanger zu werden. Um zu wissen, wann Sie Ihren Eisprung haben, m\u00fcssen Sie nur die Daten \u00fcber Ihren Zyklus eintragen und der Rechner \u00fcbernimmt alles Weitere. Es ist ganz einfach!<\/p>\n<p>Bitte bedenken Sie, dass die Berechnung des Eisprungs ein statistisches Hilfsmittel ist. Die angegebenen Daten sind Sch\u00e4tzwerte, bei denen man von einem regelm\u00e4\u00dfigen Zyklus zwischen 20 und 35 Tagen ausgeht. Wenn Sie einen unregelm\u00e4\u00dfigen Zyklus haben, kann es schwieriger sein, den Tag des Eisprungs mit diesem Kalender zu bestimmen. In diesem Fall sollten Sie Ihren Gyn\u00e4kologen bzw. Ihre Gyn\u00e4kologin aufsuchen.<\/p>\n<p>Au\u00dferdem empfehlen wir eine Fertilit\u00e4tsuntersuchung des Partners, falls Sie seit mehr als einem Jahr vergeblich versuchen, schwanger zu werden (bzw. seit mehr als sechs Monaten bei Frauen \u00fcber 35).<\/p>\n\t\t\t\t\t\t\t\t<\/div>\n\t\t\t\t<\/div>\n\t\t\t\t\t<\/div>\n\t\t\t\t<\/div>\n\t\t<div class=\"elementor-element elementor-element-44ae580 e-flex e-con-boxed e-con e-parent\" data-id=\"44ae580\" data-element_type=\"container\" data-settings=\"{&quot;jet_parallax_layout_list&quot;:[]}\">\n\t\t\t\t\t<div class=\"e-con-inner\">\n\t\t\t\t<div class=\"elementor-element elementor-element-4f6bab5 elementor-widget elementor-widget-html\" data-id=\"4f6bab5\" data-element_type=\"widget\" data-widget_type=\"html.default\">\n\t\t\t\t<div class=\"elementor-widget-container\">\n\t\t\t\t\t<iframe src=\"https:\/\/www.dexeus.com\/calculadora\/calculadora-ovulacion-de.html\" height=\"500\"><\/iframe>\t\t\t\t<\/div>\n\t\t\t\t<\/div>\n\t\t\t\t\t<\/div>\n\t\t\t\t<\/div>\n\t\t\t\t<\/div>\n\t\t","protected":false},"excerpt":{"rendered":"<p>M\u00f6chten Sie wissen, wann Ihre fruchtbarsten Tage sind? Haben Sie vor, schwanger zu werden? Erfahren Sie, wann Ihre fruchtbarsten Tage in Ihrem Zyklus sind, indem Sie unseren Ovulationskalender verwenden, und erh\u00f6hen Sie so Ihre Chance, schwanger zu werden. Um zu wissen, wann Sie Ihren Eisprung haben, m\u00fcssen Sie nur die Daten \u00fcber Ihren Zyklus eintragen [&hellip;]<\/p>\n","protected":false},"author":1,"featured_media":6629,"parent":15421,"menu_order":2,"comment_status":"closed","ping_status":"closed","template":"","meta":{"footnotes":""},"class_list":["post-16880","page","type-page","status-publish","has-post-thumbnail","hentry"],"yoast_head":"<!-- This site is optimized with the Yoast SEO plugin v26.8 - https:\/\/yoast.com\/product\/yoast-seo-wordpress\/ -->\n<title>Eisprungrechner: bestimmen Sie Ihre fruchtbaren Tage<\/title>\n<meta name=\"description\" content=\"M\u00f6chten Sie Ihre fruchtbaren Tage bestimmen? Mit unserem Eisprungrechner k\u00f6nnen Sie Ihre fruchtbaren Tage berechnen,\" \/>\n<meta name=\"robots\" content=\"index, follow, max-snippet:-1, max-image-preview:large, max-video-preview:-1\" \/>\n<link rel=\"canonical\" href=\"https:\/\/www.dexeus.com\/fertility\/de\/ich-werde-nicht-schwanger\/ovulationsrechner\/\" \/>\n<meta property=\"og:locale\" content=\"de_DE\" \/>\n<meta property=\"og:type\" content=\"article\" \/>\n<meta property=\"og:title\" content=\"Eisprungrechner: bestimmen Sie Ihre fruchtbaren Tage\" \/>\n<meta property=\"og:description\" content=\"M\u00f6chten Sie Ihre fruchtbaren Tage bestimmen? Mit unserem Eisprungrechner k\u00f6nnen Sie Ihre fruchtbaren Tage berechnen,\" \/>\n<meta property=\"og:url\" content=\"https:\/\/www.dexeus.com\/fertility\/de\/ich-werde-nicht-schwanger\/ovulationsrechner\/\" \/>\n<meta property=\"og:site_name\" content=\"Dexeus Fertility\" \/>\n<meta property=\"article:publisher\" content=\"https:\/\/www.facebook.com\/dexeusmujer\/\" \/>\n<meta property=\"article:modified_time\" content=\"2024-11-11T11:20:03+00:00\" \/>\n<meta property=\"og:image\" content=\"https:\/\/www.dexeus.com\/fertility\/wp-content\/uploads\/2024\/03\/calculadora.jpg\" \/>\n\t<meta property=\"og:image:width\" content=\"1305\" \/>\n\t<meta property=\"og:image:height\" content=\"640\" \/>\n\t<meta property=\"og:image:type\" content=\"image\/jpeg\" \/>\n<meta name=\"twitter:card\" content=\"summary_large_image\" \/>\n<meta name=\"twitter:site\" content=\"@dexeusmujer\" \/>\n<script type=\"application\/ld+json\" class=\"yoast-schema-graph\">{\"@context\":\"https:\/\/schema.org\",\"@graph\":[{\"@type\":[\"WebPage\",\"MedicalWebPage\"],\"@id\":\"https:\/\/www.dexeus.com\/fertility\/de\/ich-werde-nicht-schwanger\/ovulationsrechner\/\",\"url\":\"https:\/\/www.dexeus.com\/fertility\/de\/ich-werde-nicht-schwanger\/ovulationsrechner\/\",\"name\":\"Eisprungrechner: bestimmen Sie Ihre fruchtbaren Tage\",\"isPartOf\":{\"@id\":\"https:\/\/www.dexeus.com\/fertilitynew\/#website\"},\"primaryImageOfPage\":{\"@id\":\"https:\/\/www.dexeus.com\/fertility\/de\/ich-werde-nicht-schwanger\/ovulationsrechner\/#primaryimage\"},\"image\":{\"@id\":\"https:\/\/www.dexeus.com\/fertility\/de\/ich-werde-nicht-schwanger\/ovulationsrechner\/#primaryimage\"},\"thumbnailUrl\":\"https:\/\/www.dexeus.com\/fertility\/wp-content\/uploads\/2024\/03\/calculadora.jpg\",\"datePublished\":\"2024-02-29T14:27:40+00:00\",\"dateModified\":\"2024-11-11T11:20:03+00:00\",\"description\":\"M\u00f6chten Sie Ihre fruchtbaren Tage bestimmen? Mit unserem Eisprungrechner k\u00f6nnen Sie Ihre fruchtbaren Tage berechnen,\",\"breadcrumb\":{\"@id\":\"https:\/\/www.dexeus.com\/fertility\/de\/ich-werde-nicht-schwanger\/ovulationsrechner\/#breadcrumb\"},\"inLanguage\":\"de\",\"potentialAction\":[{\"@type\":\"ReadAction\",\"target\":[\"https:\/\/www.dexeus.com\/fertility\/de\/ich-werde-nicht-schwanger\/ovulationsrechner\/\"]}]},{\"@type\":\"ImageObject\",\"inLanguage\":\"de\",\"@id\":\"https:\/\/www.dexeus.com\/fertility\/de\/ich-werde-nicht-schwanger\/ovulationsrechner\/#primaryimage\",\"url\":\"https:\/\/www.dexeus.com\/fertility\/wp-content\/uploads\/2024\/03\/calculadora.jpg\",\"contentUrl\":\"https:\/\/www.dexeus.com\/fertility\/wp-content\/uploads\/2024\/03\/calculadora.jpg\",\"width\":1305,\"height\":640},{\"@type\":\"BreadcrumbList\",\"@id\":\"https:\/\/www.dexeus.com\/fertility\/de\/ich-werde-nicht-schwanger\/ovulationsrechner\/#breadcrumb\",\"itemListElement\":[{\"@type\":\"ListItem\",\"position\":1,\"name\":\"Portada\",\"item\":\"https:\/\/www.dexeus.com\/fertility\/de\/pioniere-der-assistierten-reproduktion\/\"},{\"@type\":\"ListItem\",\"position\":2,\"name\":\"Ich werde nicht schwanger\",\"item\":\"https:\/\/www.dexeus.com\/fertility\/de\/ich-werde-nicht-schwanger\/\"},{\"@type\":\"ListItem\",\"position\":3,\"name\":\"Ovulationsrechner\"}]},{\"@type\":\"WebSite\",\"@id\":\"https:\/\/www.dexeus.com\/fertilitynew\/#website\",\"url\":\"https:\/\/www.dexeus.com\/fertilitynew\/\",\"name\":\"Dexeus Fertility\",\"description\":\"Dexeus Mujer es un centro de referencia y pionero en Espa\u00f1a en t\u00e9cnicas de reproducci\u00f3n asistida, con m\u00e1s de 80 a\u00f1os de experiencia en el diagn\u00f3stico y tratamiento de los problemas de fertilidad.\",\"publisher\":{\"@id\":\"https:\/\/www.dexeus.com\/fertilitynew\/#organization\"},\"alternateName\":\"Dexeus fertilidad\",\"potentialAction\":[{\"@type\":\"SearchAction\",\"target\":{\"@type\":\"EntryPoint\",\"urlTemplate\":\"https:\/\/www.dexeus.com\/fertilitynew\/?s={search_term_string}\"},\"query-input\":{\"@type\":\"PropertyValueSpecification\",\"valueRequired\":true,\"valueName\":\"search_term_string\"}}],\"inLanguage\":\"de\"},{\"@type\":\"Organization\",\"@id\":\"https:\/\/www.dexeus.com\/fertilitynew\/#organization\",\"name\":\"Dexeus Fertility\",\"url\":\"https:\/\/www.dexeus.com\/fertilitynew\/\",\"logo\":{\"@type\":\"ImageObject\",\"inLanguage\":\"de\",\"@id\":\"https:\/\/www.dexeus.com\/fertilitynew\/#\/schema\/logo\/image\/\",\"url\":\"https:\/\/www.dexeus.com\/fertility\/wp-content\/uploads\/2024\/02\/logofertility.svg\",\"contentUrl\":\"https:\/\/www.dexeus.com\/fertility\/wp-content\/uploads\/2024\/02\/logofertility.svg\",\"caption\":\"Dexeus Fertility\"},\"image\":{\"@id\":\"https:\/\/www.dexeus.com\/fertilitynew\/#\/schema\/logo\/image\/\"},\"sameAs\":[\"https:\/\/www.facebook.com\/dexeusmujer\/\",\"https:\/\/x.com\/dexeusmujer\",\"https:\/\/www.instagram.com\/dexeusmujer\",\"https:\/\/www.youtube.com\/user\/DexeusMujer\"]}]}<\/script>\n<!-- \/ Yoast SEO plugin. -->","yoast_head_json":{"title":"Eisprungrechner: bestimmen Sie Ihre fruchtbaren Tage","description":"M\u00f6chten Sie Ihre fruchtbaren Tage bestimmen? Mit unserem Eisprungrechner k\u00f6nnen Sie Ihre fruchtbaren Tage berechnen,","robots":{"index":"index","follow":"follow","max-snippet":"max-snippet:-1","max-image-preview":"max-image-preview:large","max-video-preview":"max-video-preview:-1"},"canonical":"https:\/\/www.dexeus.com\/fertility\/de\/ich-werde-nicht-schwanger\/ovulationsrechner\/","og_locale":"de_DE","og_type":"article","og_title":"Eisprungrechner: bestimmen Sie Ihre fruchtbaren Tage","og_description":"M\u00f6chten Sie Ihre fruchtbaren Tage bestimmen? Mit unserem Eisprungrechner k\u00f6nnen Sie Ihre fruchtbaren Tage berechnen,","og_url":"https:\/\/www.dexeus.com\/fertility\/de\/ich-werde-nicht-schwanger\/ovulationsrechner\/","og_site_name":"Dexeus Fertility","article_publisher":"https:\/\/www.facebook.com\/dexeusmujer\/","article_modified_time":"2024-11-11T11:20:03+00:00","og_image":[{"width":1305,"height":640,"url":"https:\/\/www.dexeus.com\/fertility\/wp-content\/uploads\/2024\/03\/calculadora.jpg","type":"image\/jpeg"}],"twitter_card":"summary_large_image","twitter_site":"@dexeusmujer","schema":{"@context":"https:\/\/schema.org","@graph":[{"@type":["WebPage","MedicalWebPage"],"@id":"https:\/\/www.dexeus.com\/fertility\/de\/ich-werde-nicht-schwanger\/ovulationsrechner\/","url":"https:\/\/www.dexeus.com\/fertility\/de\/ich-werde-nicht-schwanger\/ovulationsrechner\/","name":"Eisprungrechner: bestimmen Sie Ihre fruchtbaren Tage","isPartOf":{"@id":"https:\/\/www.dexeus.com\/fertilitynew\/#website"},"primaryImageOfPage":{"@id":"https:\/\/www.dexeus.com\/fertility\/de\/ich-werde-nicht-schwanger\/ovulationsrechner\/#primaryimage"},"image":{"@id":"https:\/\/www.dexeus.com\/fertility\/de\/ich-werde-nicht-schwanger\/ovulationsrechner\/#primaryimage"},"thumbnailUrl":"https:\/\/www.dexeus.com\/fertility\/wp-content\/uploads\/2024\/03\/calculadora.jpg","datePublished":"2024-02-29T14:27:40+00:00","dateModified":"2024-11-11T11:20:03+00:00","description":"M\u00f6chten Sie Ihre fruchtbaren Tage bestimmen? Mit unserem Eisprungrechner k\u00f6nnen Sie Ihre fruchtbaren Tage berechnen,","breadcrumb":{"@id":"https:\/\/www.dexeus.com\/fertility\/de\/ich-werde-nicht-schwanger\/ovulationsrechner\/#breadcrumb"},"inLanguage":"de","potentialAction":[{"@type":"ReadAction","target":["https:\/\/www.dexeus.com\/fertility\/de\/ich-werde-nicht-schwanger\/ovulationsrechner\/"]}]},{"@type":"ImageObject","inLanguage":"de","@id":"https:\/\/www.dexeus.com\/fertility\/de\/ich-werde-nicht-schwanger\/ovulationsrechner\/#primaryimage","url":"https:\/\/www.dexeus.com\/fertility\/wp-content\/uploads\/2024\/03\/calculadora.jpg","contentUrl":"https:\/\/www.dexeus.com\/fertility\/wp-content\/uploads\/2024\/03\/calculadora.jpg","width":1305,"height":640},{"@type":"BreadcrumbList","@id":"https:\/\/www.dexeus.com\/fertility\/de\/ich-werde-nicht-schwanger\/ovulationsrechner\/#breadcrumb","itemListElement":[{"@type":"ListItem","position":1,"name":"Portada","item":"https:\/\/www.dexeus.com\/fertility\/de\/pioniere-der-assistierten-reproduktion\/"},{"@type":"ListItem","position":2,"name":"Ich werde nicht schwanger","item":"https:\/\/www.dexeus.com\/fertility\/de\/ich-werde-nicht-schwanger\/"},{"@type":"ListItem","position":3,"name":"Ovulationsrechner"}]},{"@type":"WebSite","@id":"https:\/\/www.dexeus.com\/fertilitynew\/#website","url":"https:\/\/www.dexeus.com\/fertilitynew\/","name":"Dexeus Fertility","description":"Dexeus Mujer es un centro de referencia y pionero en Espa\u00f1a en t\u00e9cnicas de reproducci\u00f3n asistida, con m\u00e1s de 80 a\u00f1os de experiencia en el diagn\u00f3stico y tratamiento de los problemas de fertilidad.","publisher":{"@id":"https:\/\/www.dexeus.com\/fertilitynew\/#organization"},"alternateName":"Dexeus fertilidad","potentialAction":[{"@type":"SearchAction","target":{"@type":"EntryPoint","urlTemplate":"https:\/\/www.dexeus.com\/fertilitynew\/?s={search_term_string}"},"query-input":{"@type":"PropertyValueSpecification","valueRequired":true,"valueName":"search_term_string"}}],"inLanguage":"de"},{"@type":"Organization","@id":"https:\/\/www.dexeus.com\/fertilitynew\/#organization","name":"Dexeus Fertility","url":"https:\/\/www.dexeus.com\/fertilitynew\/","logo":{"@type":"ImageObject","inLanguage":"de","@id":"https:\/\/www.dexeus.com\/fertilitynew\/#\/schema\/logo\/image\/","url":"https:\/\/www.dexeus.com\/fertility\/wp-content\/uploads\/2024\/02\/logofertility.svg","contentUrl":"https:\/\/www.dexeus.com\/fertility\/wp-content\/uploads\/2024\/02\/logofertility.svg","caption":"Dexeus Fertility"},"image":{"@id":"https:\/\/www.dexeus.com\/fertilitynew\/#\/schema\/logo\/image\/"},"sameAs":["https:\/\/www.facebook.com\/dexeusmujer\/","https:\/\/x.com\/dexeusmujer","https:\/\/www.instagram.com\/dexeusmujer","https:\/\/www.youtube.com\/user\/DexeusMujer"]}]}},"_links":{"self":[{"href":"https:\/\/www.dexeus.com\/fertility\/de\/wp-json\/wp\/v2\/pages\/16880","targetHints":{"allow":["GET"]}}],"collection":[{"href":"https:\/\/www.dexeus.com\/fertility\/de\/wp-json\/wp\/v2\/pages"}],"about":[{"href":"https:\/\/www.dexeus.com\/fertility\/de\/wp-json\/wp\/v2\/types\/page"}],"author":[{"embeddable":true,"href":"https:\/\/www.dexeus.com\/fertility\/de\/wp-json\/wp\/v2\/users\/1"}],"replies":[{"embeddable":true,"href":"https:\/\/www.dexeus.com\/fertility\/de\/wp-json\/wp\/v2\/comments?post=16880"}],"version-history":[{"count":4,"href":"https:\/\/www.dexeus.com\/fertility\/de\/wp-json\/wp\/v2\/pages\/16880\/revisions"}],"predecessor-version":[{"id":28249,"href":"https:\/\/www.dexeus.com\/fertility\/de\/wp-json\/wp\/v2\/pages\/16880\/revisions\/28249"}],"up":[{"embeddable":true,"href":"https:\/\/www.dexeus.com\/fertility\/de\/wp-json\/wp\/v2\/pages\/15421"}],"wp:featuredmedia":[{"embeddable":true,"href":"https:\/\/www.dexeus.com\/fertility\/de\/wp-json\/wp\/v2\/media\/6629"}],"wp:attachment":[{"href":"https:\/\/www.dexeus.com\/fertility\/de\/wp-json\/wp\/v2\/media?parent=16880"}],"curies":[{"name":"wp","href":"https:\/\/api.w.org\/{rel}","templated":true}]}}