{"id":16838,"date":"2024-02-29T15:27:40","date_gmt":"2024-02-29T14:27:40","guid":{"rendered":"https:\/\/www.dexeus.com\/fertility\/ovulation-calculator\/"},"modified":"2024-11-11T12:19:31","modified_gmt":"2024-11-11T11:19:31","slug":"ovulation-calculator","status":"publish","type":"page","link":"https:\/\/www.dexeus.com\/fertility\/en\/i-don-t-get-pregnant\/ovulation-calculator\/","title":{"rendered":"Ovulation calculator"},"content":{"rendered":"\t\t<div data-elementor-type=\"wp-post\" data-elementor-id=\"16838\" class=\"elementor elementor-16838 elementor-3161\" data-elementor-post-type=\"page\">\n\t\t\t\t<div class=\"elementor-element elementor-element-880cd47 e-con-full e-flex e-con e-parent\" data-id=\"880cd47\" data-element_type=\"container\" data-settings=\"{&quot;background_background&quot;:&quot;classic&quot;,&quot;jet_parallax_layout_list&quot;:[]}\">\n\t\t<div class=\"elementor-element elementor-element-17525ed e-flex e-con-boxed e-con e-child\" data-id=\"17525ed\" data-element_type=\"container\" data-settings=\"{&quot;jet_parallax_layout_list&quot;:[]}\">\n\t\t\t\t\t<div class=\"e-con-inner\">\n\t\t\t\t<div class=\"elementor-element elementor-element-d91c64c elementor-widget elementor-widget-heading\" data-id=\"d91c64c\" data-element_type=\"widget\" data-widget_type=\"heading.default\">\n\t\t\t\t<div class=\"elementor-widget-container\">\n\t\t\t\t\t<h1 class=\"elementor-heading-title elementor-size-default\">Ovulation calculator<\/h1>\t\t\t\t<\/div>\n\t\t\t\t<\/div>\n\t\t\t\t\t<\/div>\n\t\t\t\t<\/div>\n\t\t\t\t<\/div>\n\t\t<div class=\"elementor-element elementor-element-80b228e e-flex e-con-boxed e-con e-parent\" data-id=\"80b228e\" data-element_type=\"container\" data-settings=\"{&quot;jet_parallax_layout_list&quot;:[]}\">\n\t\t\t\t\t<div class=\"e-con-inner\">\n\t\t\t\t<div class=\"elementor-element elementor-element-73b7258 elementor-widget elementor-widget-heading\" data-id=\"73b7258\" data-element_type=\"widget\" data-widget_type=\"heading.default\">\n\t\t\t\t<div class=\"elementor-widget-container\">\n\t\t\t\t\t<h2 class=\"elementor-heading-title elementor-size-default\">Want to know your most fertile days?<\/h2>\t\t\t\t<\/div>\n\t\t\t\t<\/div>\n\t\t\t\t\t<\/div>\n\t\t\t\t<\/div>\n\t\t<div class=\"elementor-element elementor-element-d4364b4 e-flex e-con-boxed e-con e-parent\" data-id=\"d4364b4\" data-element_type=\"container\" data-settings=\"{&quot;jet_parallax_layout_list&quot;:[]}\">\n\t\t\t\t\t<div class=\"e-con-inner\">\n\t\t\t\t<div class=\"elementor-element elementor-element-03aec6b elementor-widget elementor-widget-text-editor\" data-id=\"03aec6b\" data-element_type=\"widget\" data-widget_type=\"text-editor.default\">\n\t\t\t\t<div class=\"elementor-widget-container\">\n\t\t\t\t\t\t\t\t\t<p>Are you planning to get pregnant? Find out the most fertile days of your cycle with our ovulation calendar to increase your chances of getting pregnant. To find out when you are due to ovulate, simply enter your menstrual cycle information and the calculator will do the rest, it\u2019s that easy!<\/p>\n<p>Remember that this ovulation calculator is a tool which is based on statistics. The data provided are approximate dates based on a regular cycle lasting between 20 and 35 days. If your cycle is irregular, it may be more difficult to determine your ovulation day with this calendar. In that case, we advise you to talk to your gynaecologist.<\/p>\n<p>In addition, the couple is advised to undergo a fertility study if you have been trying to conceive for more than a year without success (or more than six months if the woman is aged over 35).<\/p>\n\t\t\t\t\t\t\t\t<\/div>\n\t\t\t\t<\/div>\n\t\t\t\t\t<\/div>\n\t\t\t\t<\/div>\n\t\t<div class=\"elementor-element elementor-element-44ae580 e-flex e-con-boxed e-con e-parent\" data-id=\"44ae580\" data-element_type=\"container\" data-settings=\"{&quot;jet_parallax_layout_list&quot;:[]}\">\n\t\t\t\t\t<div class=\"e-con-inner\">\n\t\t\t\t<div class=\"elementor-element elementor-element-4f6bab5 elementor-widget elementor-widget-html\" data-id=\"4f6bab5\" data-element_type=\"widget\" data-widget_type=\"html.default\">\n\t\t\t\t<div class=\"elementor-widget-container\">\n\t\t\t\t\t<iframe src=\"https:\/\/www.dexeus.com\/calculadora\/calculadora-ovulacion-en.html\" height=\"500\"><\/iframe>\t\t\t\t<\/div>\n\t\t\t\t<\/div>\n\t\t\t\t\t<\/div>\n\t\t\t\t<\/div>\n\t\t\t\t<\/div>\n\t\t","protected":false},"excerpt":{"rendered":"<p>Want to know your most fertile days? Are you planning to get pregnant? Find out the most fertile days of your cycle with our ovulation calendar to increase your chances of getting pregnant. To find out when you are due to ovulate, simply enter your menstrual cycle information and the calculator will do the rest, [&hellip;]<\/p>\n","protected":false},"author":1,"featured_media":6627,"parent":15417,"menu_order":2,"comment_status":"closed","ping_status":"closed","template":"","meta":{"footnotes":""},"class_list":["post-16838","page","type-page","status-publish","has-post-thumbnail","hentry"],"yoast_head":"<!-- This site is optimized with the Yoast SEO plugin v26.8 - https:\/\/yoast.com\/product\/yoast-seo-wordpress\/ -->\n<title>Ovulation calculator: discover your most fertile days<\/title>\n<meta name=\"description\" content=\"Do you want to know what your most fertile days are? Find out which are the most fertile days of your cycle with our ovulation calculator.\" \/>\n<meta name=\"robots\" content=\"index, follow, max-snippet:-1, max-image-preview:large, max-video-preview:-1\" \/>\n<link rel=\"canonical\" href=\"https:\/\/www.dexeus.com\/fertility\/en\/i-don-t-get-pregnant\/ovulation-calculator\/\" \/>\n<meta property=\"og:locale\" content=\"en_US\" \/>\n<meta property=\"og:type\" content=\"article\" \/>\n<meta property=\"og:title\" content=\"Ovulation calculator: discover your most fertile days\" \/>\n<meta property=\"og:description\" content=\"Do you want to know what your most fertile days are? Find out which are the most fertile days of your cycle with our ovulation calculator.\" \/>\n<meta property=\"og:url\" content=\"https:\/\/www.dexeus.com\/fertility\/en\/i-don-t-get-pregnant\/ovulation-calculator\/\" \/>\n<meta property=\"og:site_name\" content=\"Dexeus Fertility\" \/>\n<meta property=\"article:publisher\" content=\"https:\/\/www.facebook.com\/dexeusmujer\/\" \/>\n<meta property=\"article:modified_time\" content=\"2024-11-11T11:19:31+00:00\" \/>\n<meta property=\"og:image\" content=\"https:\/\/www.dexeus.com\/fertility\/wp-content\/uploads\/2024\/03\/calculadora.jpg\" \/>\n\t<meta property=\"og:image:width\" content=\"1305\" \/>\n\t<meta property=\"og:image:height\" content=\"640\" \/>\n\t<meta property=\"og:image:type\" content=\"image\/jpeg\" \/>\n<meta name=\"twitter:card\" content=\"summary_large_image\" \/>\n<meta name=\"twitter:site\" content=\"@dexeusmujer\" \/>\n<script type=\"application\/ld+json\" class=\"yoast-schema-graph\">{\"@context\":\"https:\/\/schema.org\",\"@graph\":[{\"@type\":[\"WebPage\",\"MedicalWebPage\"],\"@id\":\"https:\/\/www.dexeus.com\/fertility\/en\/i-don-t-get-pregnant\/ovulation-calculator\/\",\"url\":\"https:\/\/www.dexeus.com\/fertility\/en\/i-don-t-get-pregnant\/ovulation-calculator\/\",\"name\":\"Ovulation calculator: discover your most fertile days\",\"isPartOf\":{\"@id\":\"https:\/\/www.dexeus.com\/fertilitynew\/#website\"},\"primaryImageOfPage\":{\"@id\":\"https:\/\/www.dexeus.com\/fertility\/en\/i-don-t-get-pregnant\/ovulation-calculator\/#primaryimage\"},\"image\":{\"@id\":\"https:\/\/www.dexeus.com\/fertility\/en\/i-don-t-get-pregnant\/ovulation-calculator\/#primaryimage\"},\"thumbnailUrl\":\"https:\/\/www.dexeus.com\/fertility\/wp-content\/uploads\/2024\/03\/calculadora.jpg\",\"datePublished\":\"2024-02-29T14:27:40+00:00\",\"dateModified\":\"2024-11-11T11:19:31+00:00\",\"description\":\"Do you want to know what your most fertile days are? Find out which are the most fertile days of your cycle with our ovulation calculator.\",\"breadcrumb\":{\"@id\":\"https:\/\/www.dexeus.com\/fertility\/en\/i-don-t-get-pregnant\/ovulation-calculator\/#breadcrumb\"},\"inLanguage\":\"en-US\",\"potentialAction\":[{\"@type\":\"ReadAction\",\"target\":[\"https:\/\/www.dexeus.com\/fertility\/en\/i-don-t-get-pregnant\/ovulation-calculator\/\"]}]},{\"@type\":\"ImageObject\",\"inLanguage\":\"en-US\",\"@id\":\"https:\/\/www.dexeus.com\/fertility\/en\/i-don-t-get-pregnant\/ovulation-calculator\/#primaryimage\",\"url\":\"https:\/\/www.dexeus.com\/fertility\/wp-content\/uploads\/2024\/03\/calculadora.jpg\",\"contentUrl\":\"https:\/\/www.dexeus.com\/fertility\/wp-content\/uploads\/2024\/03\/calculadora.jpg\",\"width\":1305,\"height\":640},{\"@type\":\"BreadcrumbList\",\"@id\":\"https:\/\/www.dexeus.com\/fertility\/en\/i-don-t-get-pregnant\/ovulation-calculator\/#breadcrumb\",\"itemListElement\":[{\"@type\":\"ListItem\",\"position\":1,\"name\":\"Portada\",\"item\":\"https:\/\/www.dexeus.com\/fertility\/en\/35-years-of-experience-in-assisted-reproduction\/\"},{\"@type\":\"ListItem\",\"position\":2,\"name\":\"I don\u2019t get pregnant\",\"item\":\"https:\/\/www.dexeus.com\/fertility\/en\/i-don-t-get-pregnant\/\"},{\"@type\":\"ListItem\",\"position\":3,\"name\":\"Ovulation calculator\"}]},{\"@type\":\"WebSite\",\"@id\":\"https:\/\/www.dexeus.com\/fertilitynew\/#website\",\"url\":\"https:\/\/www.dexeus.com\/fertilitynew\/\",\"name\":\"Dexeus Fertility\",\"description\":\"Dexeus Mujer es un centro de referencia y pionero en Espa\u00f1a en t\u00e9cnicas de reproducci\u00f3n asistida, con m\u00e1s de 80 a\u00f1os de experiencia en el diagn\u00f3stico y tratamiento de los problemas de fertilidad.\",\"publisher\":{\"@id\":\"https:\/\/www.dexeus.com\/fertilitynew\/#organization\"},\"alternateName\":\"Dexeus fertilidad\",\"potentialAction\":[{\"@type\":\"SearchAction\",\"target\":{\"@type\":\"EntryPoint\",\"urlTemplate\":\"https:\/\/www.dexeus.com\/fertilitynew\/?s={search_term_string}\"},\"query-input\":{\"@type\":\"PropertyValueSpecification\",\"valueRequired\":true,\"valueName\":\"search_term_string\"}}],\"inLanguage\":\"en-US\"},{\"@type\":\"Organization\",\"@id\":\"https:\/\/www.dexeus.com\/fertilitynew\/#organization\",\"name\":\"Dexeus Fertility\",\"url\":\"https:\/\/www.dexeus.com\/fertilitynew\/\",\"logo\":{\"@type\":\"ImageObject\",\"inLanguage\":\"en-US\",\"@id\":\"https:\/\/www.dexeus.com\/fertilitynew\/#\/schema\/logo\/image\/\",\"url\":\"https:\/\/www.dexeus.com\/fertility\/wp-content\/uploads\/2024\/02\/logofertility.svg\",\"contentUrl\":\"https:\/\/www.dexeus.com\/fertility\/wp-content\/uploads\/2024\/02\/logofertility.svg\",\"caption\":\"Dexeus Fertility\"},\"image\":{\"@id\":\"https:\/\/www.dexeus.com\/fertilitynew\/#\/schema\/logo\/image\/\"},\"sameAs\":[\"https:\/\/www.facebook.com\/dexeusmujer\/\",\"https:\/\/x.com\/dexeusmujer\",\"https:\/\/www.instagram.com\/dexeusmujer\",\"https:\/\/www.youtube.com\/user\/DexeusMujer\"]}]}<\/script>\n<!-- \/ Yoast SEO plugin. -->","yoast_head_json":{"title":"Ovulation calculator: discover your most fertile days","description":"Do you want to know what your most fertile days are? Find out which are the most fertile days of your cycle with our ovulation calculator.","robots":{"index":"index","follow":"follow","max-snippet":"max-snippet:-1","max-image-preview":"max-image-preview:large","max-video-preview":"max-video-preview:-1"},"canonical":"https:\/\/www.dexeus.com\/fertility\/en\/i-don-t-get-pregnant\/ovulation-calculator\/","og_locale":"en_US","og_type":"article","og_title":"Ovulation calculator: discover your most fertile days","og_description":"Do you want to know what your most fertile days are? Find out which are the most fertile days of your cycle with our ovulation calculator.","og_url":"https:\/\/www.dexeus.com\/fertility\/en\/i-don-t-get-pregnant\/ovulation-calculator\/","og_site_name":"Dexeus Fertility","article_publisher":"https:\/\/www.facebook.com\/dexeusmujer\/","article_modified_time":"2024-11-11T11:19:31+00:00","og_image":[{"width":1305,"height":640,"url":"https:\/\/www.dexeus.com\/fertility\/wp-content\/uploads\/2024\/03\/calculadora.jpg","type":"image\/jpeg"}],"twitter_card":"summary_large_image","twitter_site":"@dexeusmujer","schema":{"@context":"https:\/\/schema.org","@graph":[{"@type":["WebPage","MedicalWebPage"],"@id":"https:\/\/www.dexeus.com\/fertility\/en\/i-don-t-get-pregnant\/ovulation-calculator\/","url":"https:\/\/www.dexeus.com\/fertility\/en\/i-don-t-get-pregnant\/ovulation-calculator\/","name":"Ovulation calculator: discover your most fertile days","isPartOf":{"@id":"https:\/\/www.dexeus.com\/fertilitynew\/#website"},"primaryImageOfPage":{"@id":"https:\/\/www.dexeus.com\/fertility\/en\/i-don-t-get-pregnant\/ovulation-calculator\/#primaryimage"},"image":{"@id":"https:\/\/www.dexeus.com\/fertility\/en\/i-don-t-get-pregnant\/ovulation-calculator\/#primaryimage"},"thumbnailUrl":"https:\/\/www.dexeus.com\/fertility\/wp-content\/uploads\/2024\/03\/calculadora.jpg","datePublished":"2024-02-29T14:27:40+00:00","dateModified":"2024-11-11T11:19:31+00:00","description":"Do you want to know what your most fertile days are? Find out which are the most fertile days of your cycle with our ovulation calculator.","breadcrumb":{"@id":"https:\/\/www.dexeus.com\/fertility\/en\/i-don-t-get-pregnant\/ovulation-calculator\/#breadcrumb"},"inLanguage":"en-US","potentialAction":[{"@type":"ReadAction","target":["https:\/\/www.dexeus.com\/fertility\/en\/i-don-t-get-pregnant\/ovulation-calculator\/"]}]},{"@type":"ImageObject","inLanguage":"en-US","@id":"https:\/\/www.dexeus.com\/fertility\/en\/i-don-t-get-pregnant\/ovulation-calculator\/#primaryimage","url":"https:\/\/www.dexeus.com\/fertility\/wp-content\/uploads\/2024\/03\/calculadora.jpg","contentUrl":"https:\/\/www.dexeus.com\/fertility\/wp-content\/uploads\/2024\/03\/calculadora.jpg","width":1305,"height":640},{"@type":"BreadcrumbList","@id":"https:\/\/www.dexeus.com\/fertility\/en\/i-don-t-get-pregnant\/ovulation-calculator\/#breadcrumb","itemListElement":[{"@type":"ListItem","position":1,"name":"Portada","item":"https:\/\/www.dexeus.com\/fertility\/en\/35-years-of-experience-in-assisted-reproduction\/"},{"@type":"ListItem","position":2,"name":"I don\u2019t get pregnant","item":"https:\/\/www.dexeus.com\/fertility\/en\/i-don-t-get-pregnant\/"},{"@type":"ListItem","position":3,"name":"Ovulation calculator"}]},{"@type":"WebSite","@id":"https:\/\/www.dexeus.com\/fertilitynew\/#website","url":"https:\/\/www.dexeus.com\/fertilitynew\/","name":"Dexeus Fertility","description":"Dexeus Mujer es un centro de referencia y pionero en Espa\u00f1a en t\u00e9cnicas de reproducci\u00f3n asistida, con m\u00e1s de 80 a\u00f1os de experiencia en el diagn\u00f3stico y tratamiento de los problemas de fertilidad.","publisher":{"@id":"https:\/\/www.dexeus.com\/fertilitynew\/#organization"},"alternateName":"Dexeus fertilidad","potentialAction":[{"@type":"SearchAction","target":{"@type":"EntryPoint","urlTemplate":"https:\/\/www.dexeus.com\/fertilitynew\/?s={search_term_string}"},"query-input":{"@type":"PropertyValueSpecification","valueRequired":true,"valueName":"search_term_string"}}],"inLanguage":"en-US"},{"@type":"Organization","@id":"https:\/\/www.dexeus.com\/fertilitynew\/#organization","name":"Dexeus Fertility","url":"https:\/\/www.dexeus.com\/fertilitynew\/","logo":{"@type":"ImageObject","inLanguage":"en-US","@id":"https:\/\/www.dexeus.com\/fertilitynew\/#\/schema\/logo\/image\/","url":"https:\/\/www.dexeus.com\/fertility\/wp-content\/uploads\/2024\/02\/logofertility.svg","contentUrl":"https:\/\/www.dexeus.com\/fertility\/wp-content\/uploads\/2024\/02\/logofertility.svg","caption":"Dexeus Fertility"},"image":{"@id":"https:\/\/www.dexeus.com\/fertilitynew\/#\/schema\/logo\/image\/"},"sameAs":["https:\/\/www.facebook.com\/dexeusmujer\/","https:\/\/x.com\/dexeusmujer","https:\/\/www.instagram.com\/dexeusmujer","https:\/\/www.youtube.com\/user\/DexeusMujer"]}]}},"_links":{"self":[{"href":"https:\/\/www.dexeus.com\/fertility\/en\/wp-json\/wp\/v2\/pages\/16838","targetHints":{"allow":["GET"]}}],"collection":[{"href":"https:\/\/www.dexeus.com\/fertility\/en\/wp-json\/wp\/v2\/pages"}],"about":[{"href":"https:\/\/www.dexeus.com\/fertility\/en\/wp-json\/wp\/v2\/types\/page"}],"author":[{"embeddable":true,"href":"https:\/\/www.dexeus.com\/fertility\/en\/wp-json\/wp\/v2\/users\/1"}],"replies":[{"embeddable":true,"href":"https:\/\/www.dexeus.com\/fertility\/en\/wp-json\/wp\/v2\/comments?post=16838"}],"version-history":[{"count":2,"href":"https:\/\/www.dexeus.com\/fertility\/en\/wp-json\/wp\/v2\/pages\/16838\/revisions"}],"predecessor-version":[{"id":23195,"href":"https:\/\/www.dexeus.com\/fertility\/en\/wp-json\/wp\/v2\/pages\/16838\/revisions\/23195"}],"up":[{"embeddable":true,"href":"https:\/\/www.dexeus.com\/fertility\/en\/wp-json\/wp\/v2\/pages\/15417"}],"wp:featuredmedia":[{"embeddable":true,"href":"https:\/\/www.dexeus.com\/fertility\/en\/wp-json\/wp\/v2\/media\/6627"}],"wp:attachment":[{"href":"https:\/\/www.dexeus.com\/fertility\/en\/wp-json\/wp\/v2\/media?parent=16838"}],"curies":[{"name":"wp","href":"https:\/\/api.w.org\/{rel}","templated":true}]}}