{"id":15165,"date":"2024-04-03T09:58:44","date_gmt":"2024-04-03T07:58:44","guid":{"rendered":"https:\/\/www.dexeus.com\/fertility\/decouvrez-nous\/"},"modified":"2024-06-11T09:12:14","modified_gmt":"2024-06-11T07:12:14","slug":"decouvrez-nous","status":"publish","type":"page","link":"https:\/\/www.dexeus.com\/fertility\/fr\/decouvrez-nous\/","title":{"rendered":"D\u00e9couvrez-nous"},"content":{"rendered":"\t\t<div data-elementor-type=\"wp-page\" data-elementor-id=\"15165\" class=\"elementor elementor-15165 elementor-12044\" data-elementor-post-type=\"page\">\n\t\t\t\t<div class=\"elementor-element elementor-element-49c00e9 e-flex e-con-boxed e-con e-parent\" data-id=\"49c00e9\" data-element_type=\"container\" data-settings=\"{&quot;jet_parallax_layout_list&quot;:[]}\">\n\t\t\t\t\t<div class=\"e-con-inner\">\n\t\t\t\t<div class=\"elementor-element elementor-element-5b886fe elementor-widget elementor-widget-heading\" data-id=\"5b886fe\" data-element_type=\"widget\" data-widget_type=\"heading.default\">\n\t\t\t\t<div class=\"elementor-widget-container\">\n\t\t\t\t\t<h1 class=\"elementor-heading-title elementor-size-default\">D\u00e9couvrez-nous<\/h1>\t\t\t\t<\/div>\n\t\t\t\t<\/div>\n\t\t\t\t\t<\/div>\n\t\t\t\t<\/div>\n\t\t<div class=\"elementor-element elementor-element-b6be219 e-flex e-con-boxed e-con e-parent\" data-id=\"b6be219\" data-element_type=\"container\" data-settings=\"{&quot;jet_parallax_layout_list&quot;:[]}\">\n\t\t\t\t\t<div class=\"e-con-inner\">\n\t\t<div class=\"elementor-element elementor-element-2cb2738 e-con-full e-flex e-con e-child\" data-id=\"2cb2738\" data-element_type=\"container\" data-settings=\"{&quot;jet_parallax_layout_list&quot;:[]}\">\n\t\t\t\t<div class=\"elementor-element elementor-element-e33e798 elementor-widget elementor-widget-image\" data-id=\"e33e798\" data-element_type=\"widget\" data-widget_type=\"image.default\">\n\t\t\t\t<div class=\"elementor-widget-container\">\n\t\t\t\t\t\t\t\t\t\t\t\t\t\t\t\t<a href=\"https:\/\/www.dexeus.com\/fertility\/clinicas-fiv\/\">\n\t\t\t\t\t\t\t<img fetchpriority=\"high\" decoding=\"async\" width=\"293\" height=\"293\" src=\"https:\/\/www.dexeus.com\/fertility\/wp-content\/uploads\/2024\/05\/73.png\" class=\"attachment-full size-full wp-image-19532\" alt=\"\" srcset=\"https:\/\/www.dexeus.com\/fertility\/wp-content\/uploads\/2024\/05\/73.png 293w, https:\/\/www.dexeus.com\/fertility\/wp-content\/uploads\/2024\/05\/73-150x150.png 150w\" sizes=\"(max-width: 293px) 100vw, 293px\" \/>\t\t\t\t\t\t\t\t<\/a>\n\t\t\t\t\t\t\t\t\t\t\t\t\t\t\t<\/div>\n\t\t\t\t<\/div>\n\t\t\t\t<div class=\"elementor-element elementor-element-7b24d0f home-box-title elementor-widget elementor-widget-heading\" data-id=\"7b24d0f\" data-element_type=\"widget\" data-widget_type=\"heading.default\">\n\t\t\t\t<div class=\"elementor-widget-container\">\n\t\t\t\t\t<h5 class=\"elementor-heading-title elementor-size-default\"><a href=\"https:\/\/www.dexeus.com\/fertility\/clinicas-fiv\/\">Nos centres PMA<\/a><\/h5>\t\t\t\t<\/div>\n\t\t\t\t<\/div>\n\t\t\t\t<\/div>\n\t\t<div class=\"elementor-element elementor-element-eea1f5c e-con-full e-flex e-con e-child\" data-id=\"eea1f5c\" data-element_type=\"container\" data-settings=\"{&quot;jet_parallax_layout_list&quot;:[]}\">\n\t\t\t\t<div class=\"elementor-element elementor-element-9e8eb91 elementor-widget elementor-widget-image\" data-id=\"9e8eb91\" data-element_type=\"widget\" data-widget_type=\"image.default\">\n\t\t\t\t<div class=\"elementor-widget-container\">\n\t\t\t\t\t\t\t\t\t\t\t\t\t\t\t\t<a href=\"https:\/\/www.dexeus.com\/fertility\/conocenos\/equipo-medico\/\">\n\t\t\t\t\t\t\t<img decoding=\"async\" width=\"293\" height=\"292\" src=\"https:\/\/www.dexeus.com\/fertility\/wp-content\/uploads\/2024\/05\/85.png\" class=\"attachment-full size-full wp-image-19604\" alt=\"\" srcset=\"https:\/\/www.dexeus.com\/fertility\/wp-content\/uploads\/2024\/05\/85.png 293w, https:\/\/www.dexeus.com\/fertility\/wp-content\/uploads\/2024\/05\/85-150x150.png 150w\" sizes=\"(max-width: 293px) 100vw, 293px\" \/>\t\t\t\t\t\t\t\t<\/a>\n\t\t\t\t\t\t\t\t\t\t\t\t\t\t\t<\/div>\n\t\t\t\t<\/div>\n\t\t\t\t<div class=\"elementor-element elementor-element-91f12e7 home-box-title elementor-widget elementor-widget-heading\" data-id=\"91f12e7\" data-element_type=\"widget\" data-widget_type=\"heading.default\">\n\t\t\t\t<div class=\"elementor-widget-container\">\n\t\t\t\t\t<h5 class=\"elementor-heading-title elementor-size-default\"><a href=\"https:\/\/www.dexeus.com\/fertility\/conocenos\/equipo-medico\/\">Notre \u00e9quipe<\/a><\/h5>\t\t\t\t<\/div>\n\t\t\t\t<\/div>\n\t\t\t\t<\/div>\n\t\t<div class=\"elementor-element elementor-element-b0c3267 e-con-full e-flex e-con e-child\" data-id=\"b0c3267\" data-element_type=\"container\" data-settings=\"{&quot;jet_parallax_layout_list&quot;:[]}\">\n\t\t\t\t<div class=\"elementor-element elementor-element-c9d4248 elementor-widget elementor-widget-image\" data-id=\"c9d4248\" data-element_type=\"widget\" data-widget_type=\"image.default\">\n\t\t\t\t<div class=\"elementor-widget-container\">\n\t\t\t\t\t\t\t\t\t\t\t\t\t\t\t\t<a href=\"https:\/\/www.dexeus.com\/fertility\/conocenos\/atencion-a-la-paciente\/\">\n\t\t\t\t\t\t\t<img decoding=\"async\" width=\"293\" height=\"293\" src=\"https:\/\/www.dexeus.com\/fertility\/wp-content\/uploads\/2024\/05\/103.png\" class=\"attachment-full size-full wp-image-19712\" alt=\"\" srcset=\"https:\/\/www.dexeus.com\/fertility\/wp-content\/uploads\/2024\/05\/103.png 293w, https:\/\/www.dexeus.com\/fertility\/wp-content\/uploads\/2024\/05\/103-150x150.png 150w\" sizes=\"(max-width: 293px) 100vw, 293px\" \/>\t\t\t\t\t\t\t\t<\/a>\n\t\t\t\t\t\t\t\t\t\t\t\t\t\t\t<\/div>\n\t\t\t\t<\/div>\n\t\t\t\t<div class=\"elementor-element elementor-element-5a65be4 home-box-title elementor-widget elementor-widget-heading\" data-id=\"5a65be4\" data-element_type=\"widget\" data-widget_type=\"heading.default\">\n\t\t\t\t<div class=\"elementor-widget-container\">\n\t\t\t\t\t<h5 class=\"elementor-heading-title elementor-size-default\"><a href=\"https:\/\/www.dexeus.com\/fertility\/conocenos\/atencion-a-la-paciente\/\">Attention au patient<\/a><\/h5>\t\t\t\t<\/div>\n\t\t\t\t<\/div>\n\t\t\t\t<\/div>\n\t\t\t\t\t<\/div>\n\t\t\t\t<\/div>\n\t\t<div class=\"elementor-element elementor-element-1fa27b6 e-flex e-con-boxed e-con e-parent\" data-id=\"1fa27b6\" data-element_type=\"container\" data-settings=\"{&quot;jet_parallax_layout_list&quot;:[]}\">\n\t\t\t\t\t<div class=\"e-con-inner\">\n\t\t<div class=\"elementor-element elementor-element-1c1b349 e-con-full e-flex e-con e-child\" data-id=\"1c1b349\" data-element_type=\"container\" data-settings=\"{&quot;jet_parallax_layout_list&quot;:[]}\">\n\t\t\t\t<div class=\"elementor-element elementor-element-d4ea9c0 elementor-widget elementor-widget-image\" data-id=\"d4ea9c0\" data-element_type=\"widget\" data-widget_type=\"image.default\">\n\t\t\t\t<div class=\"elementor-widget-container\">\n\t\t\t\t\t\t\t\t\t\t\t\t\t\t\t\t<a href=\"https:\/\/www.dexeus.com\/fertility\/conocenos\/hospital-universitario\/\">\n\t\t\t\t\t\t\t<img loading=\"lazy\" decoding=\"async\" width=\"293\" height=\"293\" src=\"https:\/\/www.dexeus.com\/fertility\/wp-content\/uploads\/2024\/05\/31.png\" class=\"attachment-full size-full wp-image-19280\" alt=\"\" srcset=\"https:\/\/www.dexeus.com\/fertility\/wp-content\/uploads\/2024\/05\/31.png 293w, https:\/\/www.dexeus.com\/fertility\/wp-content\/uploads\/2024\/05\/31-150x150.png 150w\" sizes=\"(max-width: 293px) 100vw, 293px\" \/>\t\t\t\t\t\t\t\t<\/a>\n\t\t\t\t\t\t\t\t\t\t\t\t\t\t\t<\/div>\n\t\t\t\t<\/div>\n\t\t\t\t<div class=\"elementor-element elementor-element-c87cea3 home-box-title elementor-widget elementor-widget-heading\" data-id=\"c87cea3\" data-element_type=\"widget\" data-widget_type=\"heading.default\">\n\t\t\t\t<div class=\"elementor-widget-container\">\n\t\t\t\t\t<h5 class=\"elementor-heading-title elementor-size-default\"><a href=\"https:\/\/www.dexeus.com\/fertility\/conocenos\/hospital-universitario\/\">Nous sommes un h\u00f4pital universitaire<\/a><\/h5>\t\t\t\t<\/div>\n\t\t\t\t<\/div>\n\t\t\t\t<\/div>\n\t\t<div class=\"elementor-element elementor-element-ddfcd16 e-con-full e-flex e-con e-child\" data-id=\"ddfcd16\" data-element_type=\"container\" data-settings=\"{&quot;jet_parallax_layout_list&quot;:[]}\">\n\t\t\t\t<div class=\"elementor-element elementor-element-34b601a elementor-widget elementor-widget-image\" data-id=\"34b601a\" data-element_type=\"widget\" data-widget_type=\"image.default\">\n\t\t\t\t<div class=\"elementor-widget-container\">\n\t\t\t\t\t\t\t\t\t\t\t\t\t\t\t\t<a href=\"https:\/\/www.dexeus.com\/fertility\/conocenos\/pioneros\/\">\n\t\t\t\t\t\t\t<img loading=\"lazy\" decoding=\"async\" width=\"293\" height=\"293\" src=\"https:\/\/www.dexeus.com\/fertility\/wp-content\/uploads\/2024\/05\/16.png\" class=\"attachment-full size-full wp-image-19190\" alt=\"\" srcset=\"https:\/\/www.dexeus.com\/fertility\/wp-content\/uploads\/2024\/05\/16.png 293w, https:\/\/www.dexeus.com\/fertility\/wp-content\/uploads\/2024\/05\/16-150x150.png 150w\" sizes=\"(max-width: 293px) 100vw, 293px\" \/>\t\t\t\t\t\t\t\t<\/a>\n\t\t\t\t\t\t\t\t\t\t\t\t\t\t\t<\/div>\n\t\t\t\t<\/div>\n\t\t\t\t<div class=\"elementor-element elementor-element-a272709 home-box-title elementor-widget elementor-widget-heading\" data-id=\"a272709\" data-element_type=\"widget\" data-widget_type=\"heading.default\">\n\t\t\t\t<div class=\"elementor-widget-container\">\n\t\t\t\t\t<h5 class=\"elementor-heading-title elementor-size-default\"><a href=\"https:\/\/www.dexeus.com\/fertility\/conocenos\/pioneros\/\">Pionniers de la procr\u00e9ation assist\u00e9e<\/a><\/h5>\t\t\t\t<\/div>\n\t\t\t\t<\/div>\n\t\t\t\t<\/div>\n\t\t<div class=\"elementor-element elementor-element-406decb e-con-full e-flex e-con e-child\" data-id=\"406decb\" data-element_type=\"container\" data-settings=\"{&quot;jet_parallax_layout_list&quot;:[]}\">\n\t\t\t\t<div class=\"elementor-element elementor-element-ce700d6 elementor-widget elementor-widget-image\" data-id=\"ce700d6\" data-element_type=\"widget\" data-widget_type=\"image.default\">\n\t\t\t\t<div class=\"elementor-widget-container\">\n\t\t\t\t\t\t\t\t\t\t\t\t\t\t\t\t<a href=\"https:\/\/www.dexeus.com\/fertility\/conocenos\/laboratorios-tecnologicos\/\">\n\t\t\t\t\t\t\t<img loading=\"lazy\" decoding=\"async\" width=\"293\" height=\"293\" src=\"https:\/\/www.dexeus.com\/fertility\/wp-content\/uploads\/2024\/05\/39.png\" class=\"attachment-full size-full wp-image-19328\" alt=\"\" srcset=\"https:\/\/www.dexeus.com\/fertility\/wp-content\/uploads\/2024\/05\/39.png 293w, https:\/\/www.dexeus.com\/fertility\/wp-content\/uploads\/2024\/05\/39-150x150.png 150w\" sizes=\"(max-width: 293px) 100vw, 293px\" \/>\t\t\t\t\t\t\t\t<\/a>\n\t\t\t\t\t\t\t\t\t\t\t\t\t\t\t<\/div>\n\t\t\t\t<\/div>\n\t\t\t\t<div class=\"elementor-element elementor-element-90fc36b home-box-title elementor-widget elementor-widget-heading\" data-id=\"90fc36b\" data-element_type=\"widget\" data-widget_type=\"heading.default\">\n\t\t\t\t<div class=\"elementor-widget-container\">\n\t\t\t\t\t<h5 class=\"elementor-heading-title elementor-size-default\"><a href=\"https:\/\/www.dexeus.com\/fertility\/conocenos\/laboratorios-tecnologicos\/\">Laboratoires technologiques<\/a><\/h5>\t\t\t\t<\/div>\n\t\t\t\t<\/div>\n\t\t\t\t<\/div>\n\t\t\t\t\t<\/div>\n\t\t\t\t<\/div>\n\t\t\t\t<\/div>\n\t\t","protected":false},"excerpt":{"rendered":"<p>Nos centres PMA Notre \u00e9quipe Attention au patient Nous sommes un h\u00f4pital universitaire Pionniers de la procr\u00e9ation assist\u00e9e Laboratoires technologiques<\/p>\n","protected":false},"author":1,"featured_media":0,"parent":0,"menu_order":0,"comment_status":"closed","ping_status":"closed","template":"","meta":{"footnotes":""},"class_list":["post-15165","page","type-page","status-publish","hentry"],"yoast_head":"<!-- This site is optimized with the Yoast SEO plugin v26.8 - https:\/\/yoast.com\/product\/yoast-seo-wordpress\/ -->\n<title>Dexeus Fertility : d\u00e9couvrez notre centre de PMA<\/title>\n<meta name=\"description\" content=\"D\u00e9couvrez Dexeus Fertility, le centre pionnier en mati\u00e8re de Procr\u00e9ation M\u00e9dicalement Assist\u00e9e en Espagne. Nous vous aidons \u00e0 trouver le traitement qui vous convient le mieux.\" \/>\n<meta name=\"robots\" content=\"index, follow, max-snippet:-1, max-image-preview:large, max-video-preview:-1\" \/>\n<link rel=\"canonical\" href=\"https:\/\/www.dexeus.com\/fertility\/fr\/decouvrez-nous\/\" \/>\n<meta property=\"og:locale\" content=\"fr_FR\" \/>\n<meta property=\"og:type\" content=\"article\" \/>\n<meta property=\"og:title\" content=\"Dexeus Fertility : d\u00e9couvrez notre centre de PMA\" \/>\n<meta property=\"og:description\" content=\"D\u00e9couvrez Dexeus Fertility, le centre pionnier en mati\u00e8re de Procr\u00e9ation M\u00e9dicalement Assist\u00e9e en Espagne. Nous vous aidons \u00e0 trouver le traitement qui vous convient le mieux.\" \/>\n<meta property=\"og:url\" content=\"https:\/\/www.dexeus.com\/fertility\/fr\/decouvrez-nous\/\" \/>\n<meta property=\"og:site_name\" content=\"Dexeus Fertility\" \/>\n<meta property=\"article:publisher\" content=\"https:\/\/www.facebook.com\/dexeusmujer\/\" \/>\n<meta property=\"article:modified_time\" content=\"2024-06-11T07:12:14+00:00\" \/>\n<meta property=\"og:image\" content=\"https:\/\/dexeusfertility.enproves.cat\/wp-content\/uploads\/2024\/05\/73.png\" \/>\n<meta name=\"twitter:card\" content=\"summary_large_image\" \/>\n<meta name=\"twitter:site\" content=\"@dexeusmujer\" \/>\n<script type=\"application\/ld+json\" class=\"yoast-schema-graph\">{\"@context\":\"https:\/\/schema.org\",\"@graph\":[{\"@type\":[\"WebPage\",\"MedicalWebPage\"],\"@id\":\"https:\/\/www.dexeus.com\/fertility\/fr\/decouvrez-nous\/\",\"url\":\"https:\/\/www.dexeus.com\/fertility\/fr\/decouvrez-nous\/\",\"name\":\"Dexeus Fertility : d\u00e9couvrez notre centre de PMA\",\"isPartOf\":{\"@id\":\"https:\/\/www.dexeus.com\/fertilitynew\/#website\"},\"primaryImageOfPage\":{\"@id\":\"https:\/\/www.dexeus.com\/fertility\/fr\/decouvrez-nous\/#primaryimage\"},\"image\":{\"@id\":\"https:\/\/www.dexeus.com\/fertility\/fr\/decouvrez-nous\/#primaryimage\"},\"thumbnailUrl\":\"https:\/\/www.dexeus.com\/fertility\/wp-content\/uploads\/2024\/05\/73.png\",\"datePublished\":\"2024-04-03T07:58:44+00:00\",\"dateModified\":\"2024-06-11T07:12:14+00:00\",\"description\":\"D\u00e9couvrez Dexeus Fertility, le centre pionnier en mati\u00e8re de Procr\u00e9ation M\u00e9dicalement Assist\u00e9e en Espagne. Nous vous aidons \u00e0 trouver le traitement qui vous convient le mieux.\",\"breadcrumb\":{\"@id\":\"https:\/\/www.dexeus.com\/fertility\/fr\/decouvrez-nous\/#breadcrumb\"},\"inLanguage\":\"fr-FR\",\"potentialAction\":[{\"@type\":\"ReadAction\",\"target\":[\"https:\/\/www.dexeus.com\/fertility\/fr\/decouvrez-nous\/\"]}]},{\"@type\":\"ImageObject\",\"inLanguage\":\"fr-FR\",\"@id\":\"https:\/\/www.dexeus.com\/fertility\/fr\/decouvrez-nous\/#primaryimage\",\"url\":\"https:\/\/www.dexeus.com\/fertility\/wp-content\/uploads\/2024\/05\/73.png\",\"contentUrl\":\"https:\/\/www.dexeus.com\/fertility\/wp-content\/uploads\/2024\/05\/73.png\"},{\"@type\":\"BreadcrumbList\",\"@id\":\"https:\/\/www.dexeus.com\/fertility\/fr\/decouvrez-nous\/#breadcrumb\",\"itemListElement\":[{\"@type\":\"ListItem\",\"position\":1,\"name\":\"Portada\",\"item\":\"https:\/\/www.dexeus.com\/fertility\/fr\/35-ans-dexperience-en-procreation-assistee\/\"},{\"@type\":\"ListItem\",\"position\":2,\"name\":\"D\u00e9couvrez-nous\"}]},{\"@type\":\"WebSite\",\"@id\":\"https:\/\/www.dexeus.com\/fertilitynew\/#website\",\"url\":\"https:\/\/www.dexeus.com\/fertilitynew\/\",\"name\":\"Dexeus Fertility\",\"description\":\"Dexeus Mujer es un centro de referencia y pionero en Espa\u00f1a en t\u00e9cnicas de reproducci\u00f3n asistida, con m\u00e1s de 80 a\u00f1os de experiencia en el diagn\u00f3stico y tratamiento de los problemas de fertilidad.\",\"publisher\":{\"@id\":\"https:\/\/www.dexeus.com\/fertilitynew\/#organization\"},\"alternateName\":\"Dexeus fertilidad\",\"potentialAction\":[{\"@type\":\"SearchAction\",\"target\":{\"@type\":\"EntryPoint\",\"urlTemplate\":\"https:\/\/www.dexeus.com\/fertilitynew\/?s={search_term_string}\"},\"query-input\":{\"@type\":\"PropertyValueSpecification\",\"valueRequired\":true,\"valueName\":\"search_term_string\"}}],\"inLanguage\":\"fr-FR\"},{\"@type\":\"Organization\",\"@id\":\"https:\/\/www.dexeus.com\/fertilitynew\/#organization\",\"name\":\"Dexeus Fertility\",\"url\":\"https:\/\/www.dexeus.com\/fertilitynew\/\",\"logo\":{\"@type\":\"ImageObject\",\"inLanguage\":\"fr-FR\",\"@id\":\"https:\/\/www.dexeus.com\/fertilitynew\/#\/schema\/logo\/image\/\",\"url\":\"https:\/\/www.dexeus.com\/fertility\/wp-content\/uploads\/2024\/02\/logofertility.svg\",\"contentUrl\":\"https:\/\/www.dexeus.com\/fertility\/wp-content\/uploads\/2024\/02\/logofertility.svg\",\"caption\":\"Dexeus Fertility\"},\"image\":{\"@id\":\"https:\/\/www.dexeus.com\/fertilitynew\/#\/schema\/logo\/image\/\"},\"sameAs\":[\"https:\/\/www.facebook.com\/dexeusmujer\/\",\"https:\/\/x.com\/dexeusmujer\",\"https:\/\/www.instagram.com\/dexeusmujer\",\"https:\/\/www.youtube.com\/user\/DexeusMujer\"]}]}<\/script>\n<!-- \/ Yoast SEO plugin. -->","yoast_head_json":{"title":"Dexeus Fertility : d\u00e9couvrez notre centre de PMA","description":"D\u00e9couvrez Dexeus Fertility, le centre pionnier en mati\u00e8re de Procr\u00e9ation M\u00e9dicalement Assist\u00e9e en Espagne. Nous vous aidons \u00e0 trouver le traitement qui vous convient le mieux.","robots":{"index":"index","follow":"follow","max-snippet":"max-snippet:-1","max-image-preview":"max-image-preview:large","max-video-preview":"max-video-preview:-1"},"canonical":"https:\/\/www.dexeus.com\/fertility\/fr\/decouvrez-nous\/","og_locale":"fr_FR","og_type":"article","og_title":"Dexeus Fertility : d\u00e9couvrez notre centre de PMA","og_description":"D\u00e9couvrez Dexeus Fertility, le centre pionnier en mati\u00e8re de Procr\u00e9ation M\u00e9dicalement Assist\u00e9e en Espagne. Nous vous aidons \u00e0 trouver le traitement qui vous convient le mieux.","og_url":"https:\/\/www.dexeus.com\/fertility\/fr\/decouvrez-nous\/","og_site_name":"Dexeus Fertility","article_publisher":"https:\/\/www.facebook.com\/dexeusmujer\/","article_modified_time":"2024-06-11T07:12:14+00:00","og_image":[{"url":"https:\/\/dexeusfertility.enproves.cat\/wp-content\/uploads\/2024\/05\/73.png","type":"","width":"","height":""}],"twitter_card":"summary_large_image","twitter_site":"@dexeusmujer","schema":{"@context":"https:\/\/schema.org","@graph":[{"@type":["WebPage","MedicalWebPage"],"@id":"https:\/\/www.dexeus.com\/fertility\/fr\/decouvrez-nous\/","url":"https:\/\/www.dexeus.com\/fertility\/fr\/decouvrez-nous\/","name":"Dexeus Fertility : d\u00e9couvrez notre centre de PMA","isPartOf":{"@id":"https:\/\/www.dexeus.com\/fertilitynew\/#website"},"primaryImageOfPage":{"@id":"https:\/\/www.dexeus.com\/fertility\/fr\/decouvrez-nous\/#primaryimage"},"image":{"@id":"https:\/\/www.dexeus.com\/fertility\/fr\/decouvrez-nous\/#primaryimage"},"thumbnailUrl":"https:\/\/www.dexeus.com\/fertility\/wp-content\/uploads\/2024\/05\/73.png","datePublished":"2024-04-03T07:58:44+00:00","dateModified":"2024-06-11T07:12:14+00:00","description":"D\u00e9couvrez Dexeus Fertility, le centre pionnier en mati\u00e8re de Procr\u00e9ation M\u00e9dicalement Assist\u00e9e en Espagne. Nous vous aidons \u00e0 trouver le traitement qui vous convient le mieux.","breadcrumb":{"@id":"https:\/\/www.dexeus.com\/fertility\/fr\/decouvrez-nous\/#breadcrumb"},"inLanguage":"fr-FR","potentialAction":[{"@type":"ReadAction","target":["https:\/\/www.dexeus.com\/fertility\/fr\/decouvrez-nous\/"]}]},{"@type":"ImageObject","inLanguage":"fr-FR","@id":"https:\/\/www.dexeus.com\/fertility\/fr\/decouvrez-nous\/#primaryimage","url":"https:\/\/www.dexeus.com\/fertility\/wp-content\/uploads\/2024\/05\/73.png","contentUrl":"https:\/\/www.dexeus.com\/fertility\/wp-content\/uploads\/2024\/05\/73.png"},{"@type":"BreadcrumbList","@id":"https:\/\/www.dexeus.com\/fertility\/fr\/decouvrez-nous\/#breadcrumb","itemListElement":[{"@type":"ListItem","position":1,"name":"Portada","item":"https:\/\/www.dexeus.com\/fertility\/fr\/35-ans-dexperience-en-procreation-assistee\/"},{"@type":"ListItem","position":2,"name":"D\u00e9couvrez-nous"}]},{"@type":"WebSite","@id":"https:\/\/www.dexeus.com\/fertilitynew\/#website","url":"https:\/\/www.dexeus.com\/fertilitynew\/","name":"Dexeus Fertility","description":"Dexeus Mujer es un centro de referencia y pionero en Espa\u00f1a en t\u00e9cnicas de reproducci\u00f3n asistida, con m\u00e1s de 80 a\u00f1os de experiencia en el diagn\u00f3stico y tratamiento de los problemas de fertilidad.","publisher":{"@id":"https:\/\/www.dexeus.com\/fertilitynew\/#organization"},"alternateName":"Dexeus fertilidad","potentialAction":[{"@type":"SearchAction","target":{"@type":"EntryPoint","urlTemplate":"https:\/\/www.dexeus.com\/fertilitynew\/?s={search_term_string}"},"query-input":{"@type":"PropertyValueSpecification","valueRequired":true,"valueName":"search_term_string"}}],"inLanguage":"fr-FR"},{"@type":"Organization","@id":"https:\/\/www.dexeus.com\/fertilitynew\/#organization","name":"Dexeus Fertility","url":"https:\/\/www.dexeus.com\/fertilitynew\/","logo":{"@type":"ImageObject","inLanguage":"fr-FR","@id":"https:\/\/www.dexeus.com\/fertilitynew\/#\/schema\/logo\/image\/","url":"https:\/\/www.dexeus.com\/fertility\/wp-content\/uploads\/2024\/02\/logofertility.svg","contentUrl":"https:\/\/www.dexeus.com\/fertility\/wp-content\/uploads\/2024\/02\/logofertility.svg","caption":"Dexeus Fertility"},"image":{"@id":"https:\/\/www.dexeus.com\/fertilitynew\/#\/schema\/logo\/image\/"},"sameAs":["https:\/\/www.facebook.com\/dexeusmujer\/","https:\/\/x.com\/dexeusmujer","https:\/\/www.instagram.com\/dexeusmujer","https:\/\/www.youtube.com\/user\/DexeusMujer"]}]}},"_links":{"self":[{"href":"https:\/\/www.dexeus.com\/fertility\/fr\/wp-json\/wp\/v2\/pages\/15165","targetHints":{"allow":["GET"]}}],"collection":[{"href":"https:\/\/www.dexeus.com\/fertility\/fr\/wp-json\/wp\/v2\/pages"}],"about":[{"href":"https:\/\/www.dexeus.com\/fertility\/fr\/wp-json\/wp\/v2\/types\/page"}],"author":[{"embeddable":true,"href":"https:\/\/www.dexeus.com\/fertility\/fr\/wp-json\/wp\/v2\/users\/1"}],"replies":[{"embeddable":true,"href":"https:\/\/www.dexeus.com\/fertility\/fr\/wp-json\/wp\/v2\/comments?post=15165"}],"version-history":[{"count":3,"href":"https:\/\/www.dexeus.com\/fertility\/fr\/wp-json\/wp\/v2\/pages\/15165\/revisions"}],"predecessor-version":[{"id":22523,"href":"https:\/\/www.dexeus.com\/fertility\/fr\/wp-json\/wp\/v2\/pages\/15165\/revisions\/22523"}],"wp:attachment":[{"href":"https:\/\/www.dexeus.com\/fertility\/fr\/wp-json\/wp\/v2\/media?parent=15165"}],"curies":[{"name":"wp","href":"https:\/\/api.w.org\/{rel}","templated":true}]}}