{"id":15187,"date":"2024-03-18T12:03:49","date_gmt":"2024-03-18T11:03:49","guid":{"rendered":"https:\/\/www.dexeus.com\/fertility\/decouvrez-nous\/installations-scientifiques\/"},"modified":"2024-06-11T11:43:20","modified_gmt":"2024-06-11T09:43:20","slug":"installations-scientifiques","status":"publish","type":"page","link":"https:\/\/www.dexeus.com\/fertility\/fr\/decouvrez-nous\/installations-scientifiques\/","title":{"rendered":"Installations scientifiques"},"content":{"rendered":"\t\t<div data-elementor-type=\"wp-post\" data-elementor-id=\"15187\" class=\"elementor elementor-15187 elementor-8523\" data-elementor-post-type=\"page\">\n\t\t\t\t<div class=\"elementor-element elementor-element-9bad209 e-con-full e-flex e-con e-parent\" data-id=\"9bad209\" data-element_type=\"container\" data-settings=\"{&quot;background_background&quot;:&quot;classic&quot;,&quot;jet_parallax_layout_list&quot;:[]}\">\n\t\t<div class=\"elementor-element elementor-element-e472c4e e-flex e-con-boxed e-con e-child\" data-id=\"e472c4e\" data-element_type=\"container\" data-settings=\"{&quot;jet_parallax_layout_list&quot;:[]}\">\n\t\t\t\t\t<div class=\"e-con-inner\">\n\t\t\t\t<div class=\"elementor-element elementor-element-1023301 elementor-widget elementor-widget-heading\" data-id=\"1023301\" data-element_type=\"widget\" data-widget_type=\"heading.default\">\n\t\t\t\t<div class=\"elementor-widget-container\">\n\t\t\t\t\t<h1 class=\"elementor-heading-title elementor-size-default\">Installations scientifiques<\/h1>\t\t\t\t<\/div>\n\t\t\t\t<\/div>\n\t\t\t\t\t<\/div>\n\t\t\t\t<\/div>\n\t\t\t\t<\/div>\n\t\t<div class=\"elementor-element elementor-element-2fc3469 why-choose-us-container e-flex e-con-boxed e-con e-child\" data-id=\"2fc3469\" data-element_type=\"container\" data-settings=\"{&quot;jet_parallax_layout_list&quot;:[]}\">\n\t\t\t\t\t<div class=\"e-con-inner\">\n\t\t<div class=\"elementor-element elementor-element-2ede21b e-con-full e-flex e-con e-child\" data-id=\"2ede21b\" data-element_type=\"container\" data-settings=\"{&quot;jet_parallax_layout_list&quot;:[]}\">\n\t\t<div class=\"elementor-element elementor-element-37aa68f e-con-full testimony-block e-flex e-con e-child\" data-id=\"37aa68f\" data-element_type=\"container\" data-settings=\"{&quot;jet_parallax_layout_list&quot;:[]}\">\n\t\t\t\t<div class=\"elementor-element elementor-element-9d6270a elementor-position-left elementor-vertical-align-middle elementor-widget__width-initial elementor-widget elementor-widget-image-box\" data-id=\"9d6270a\" data-element_type=\"widget\" data-widget_type=\"image-box.default\">\n\t\t\t\t<div class=\"elementor-widget-container\">\n\t\t\t\t\t<div class=\"elementor-image-box-wrapper\"><figure class=\"elementor-image-box-img\"><img fetchpriority=\"high\" decoding=\"async\" width=\"280\" height=\"280\" src=\"https:\/\/www.dexeus.com\/fertility\/wp-content\/uploads\/2024\/03\/13_Dexeus-Pag-texto-pdf.png\" class=\"attachment-full size-full wp-image-9199\" alt=\"\" srcset=\"https:\/\/www.dexeus.com\/fertility\/wp-content\/uploads\/2024\/03\/13_Dexeus-Pag-texto-pdf.png 280w, https:\/\/www.dexeus.com\/fertility\/wp-content\/uploads\/2024\/03\/13_Dexeus-Pag-texto-pdf-150x150.png 150w\" sizes=\"(max-width: 280px) 100vw, 280px\" \/><\/figure><div class=\"elementor-image-box-content\"><h3 class=\"elementor-image-box-title\">L\u2019<strong>objectif<\/strong> du centre est d\u2019offrir aux patientes un lieu unique offrant tous les services dont elles ont besoin. Ainsi, <strong>tous les examens, tests et proc\u00e9dures sont r\u00e9alis\u00e9s dans le m\u00eame \u00e9tablissement<\/strong>, un nouveau b\u00e2timent \u00e9quip\u00e9 des derni\u00e8res technologies.<\/h3><\/div><\/div>\t\t\t\t<\/div>\n\t\t\t\t<\/div>\n\t\t\t\t<\/div>\n\t\t\t\t<\/div>\n\t\t\t\t\t<\/div>\n\t\t\t\t<\/div>\n\t\t<div class=\"elementor-element elementor-element-5a07c12 e-flex e-con-boxed e-con e-parent\" data-id=\"5a07c12\" data-element_type=\"container\" data-settings=\"{&quot;jet_parallax_layout_list&quot;:[]}\">\n\t\t\t\t\t<div class=\"e-con-inner\">\n\t\t\t\t<div class=\"elementor-element elementor-element-18018cd elementor-widget elementor-widget-text-editor\" data-id=\"18018cd\" data-element_type=\"widget\" data-widget_type=\"text-editor.default\">\n\t\t\t\t<div class=\"elementor-widget-container\">\n\t\t\t\t\t\t\t\t\t<p>Nos <strong>installations<\/strong>, ouvertes en 2007, ont \u00e9t\u00e9 con\u00e7ues pour fournir des soins plus personnalis\u00e9s, plus rapides et plus pratiques, gr\u00e2ce \u00e0 <strong>un circuit int\u00e9gr\u00e9 dans lequel les diagnostics, les traitements, les consultations et les interventions sont centralis\u00e9s<\/strong>. En outre, en septembre 2017, nous avons ouvert les <strong>nouveaux laboratoires de procr\u00e9ation assist\u00e9e<\/strong>.<\/p>\n<p>Notre centre comporte <strong>trois \u00e9tages<\/strong> pour les six domaines op\u00e9rationnels suivants <strong class=\"pink-title\">Dexeus Mujer<\/strong> :<\/p>\n<ul>\n<li>Consultations<\/li>\n<li>Tests compl\u00e9mentaires<\/li>\n<li>Laboratoires<\/li>\n<li>Gestion<\/li>\n<li>Administration<\/li>\n<li>Services para-sanitaires<\/li>\n<li>Services g\u00e9n\u00e9raux<\/li>\n<\/ul>\n\t\t\t\t\t\t\t\t<\/div>\n\t\t\t\t<\/div>\n\t\t\t\t\t<\/div>\n\t\t\t\t<\/div>\n\t\t<div class=\"elementor-element elementor-element-425d6d0 e-flex e-con-boxed e-con e-parent\" data-id=\"425d6d0\" data-element_type=\"container\" data-settings=\"{&quot;background_background&quot;:&quot;classic&quot;,&quot;jet_parallax_layout_list&quot;:[]}\">\n\t\t\t\t\t<div class=\"e-con-inner\">\n\t\t<div class=\"elementor-element elementor-element-a2bbdf8 e-flex e-con-boxed e-con e-child\" data-id=\"a2bbdf8\" data-element_type=\"container\" data-settings=\"{&quot;jet_parallax_layout_list&quot;:[]}\">\n\t\t\t\t\t<div class=\"e-con-inner\">\n\t\t\t\t<div class=\"elementor-element elementor-element-f77b6f8 elementor-widget elementor-widget-text-editor\" data-id=\"f77b6f8\" data-element_type=\"widget\" data-widget_type=\"text-editor.default\">\n\t\t\t\t<div class=\"elementor-widget-container\">\n\t\t\t\t\t\t\t\t\t<p>En outre, nous avons \u00e9tabli des accords sp\u00e9ciaux avec des fournisseurs d\u2019\u00e9quipements technologiques qui nous permettent de toujours disposer des <strong>derni\u00e8res innovations<\/strong> en mati\u00e8re d\u2019<strong>imagerie diagnostique<\/strong> : \u00e9chographie gyn\u00e9cologique, mammographie num\u00e9rique, \u00e9chographie obst\u00e9trique, etc.<\/p>\n\t\t\t\t\t\t\t\t<\/div>\n\t\t\t\t<\/div>\n\t\t\t\t\t<\/div>\n\t\t\t\t<\/div>\n\t\t\t\t\t<\/div>\n\t\t\t\t<\/div>\n\t\t\t\t<\/div>\n\t\t","protected":false},"excerpt":{"rendered":"<p>L\u2019objectif du centre est d\u2019offrir aux patientes un lieu unique offrant tous les services dont elles ont besoin. Ainsi, tous les examens, tests et proc\u00e9dures sont r\u00e9alis\u00e9s dans le m\u00eame \u00e9tablissement, un nouveau b\u00e2timent \u00e9quip\u00e9 des derni\u00e8res technologies. Nos installations, ouvertes en 2007, ont \u00e9t\u00e9 con\u00e7ues pour fournir des soins plus personnalis\u00e9s, plus rapides et [&hellip;]<\/p>\n","protected":false},"author":1,"featured_media":8806,"parent":15165,"menu_order":0,"comment_status":"closed","ping_status":"closed","template":"","meta":{"footnotes":""},"class_list":["post-15187","page","type-page","status-publish","has-post-thumbnail","hentry"],"yoast_head":"<!-- This site is optimized with the Yoast SEO plugin v26.8 - https:\/\/yoast.com\/product\/yoast-seo-wordpress\/ -->\n<title>Les \u00e9quipements scientifiques les plus avanc\u00e9s : Dexeus Fertility<\/title>\n<meta name=\"description\" content=\"Dexeus Fertility dispose des \u00e9quipements scientifiques de procr\u00e9ation m\u00e9dicalement assist\u00e9e les plus avanc\u00e9s d&#039;Espagne. Nous faisons tout ce qui est en notre pouvoir pour vous aider \u00e0 tomber enceinte.\" \/>\n<meta name=\"robots\" content=\"index, follow, max-snippet:-1, max-image-preview:large, max-video-preview:-1\" \/>\n<link rel=\"canonical\" href=\"https:\/\/www.dexeus.com\/fertility\/fr\/decouvrez-nous\/installations-scientifiques\/\" \/>\n<meta property=\"og:locale\" content=\"fr_FR\" \/>\n<meta property=\"og:type\" content=\"article\" \/>\n<meta property=\"og:title\" content=\"Les \u00e9quipements scientifiques les plus avanc\u00e9s : Dexeus Fertility\" \/>\n<meta property=\"og:description\" content=\"Dexeus Fertility dispose des \u00e9quipements scientifiques de procr\u00e9ation m\u00e9dicalement assist\u00e9e les plus avanc\u00e9s d&#039;Espagne. Nous faisons tout ce qui est en notre pouvoir pour vous aider \u00e0 tomber enceinte.\" \/>\n<meta property=\"og:url\" content=\"https:\/\/www.dexeus.com\/fertility\/fr\/decouvrez-nous\/installations-scientifiques\/\" \/>\n<meta property=\"og:site_name\" content=\"Dexeus Fertility\" \/>\n<meta property=\"article:publisher\" content=\"https:\/\/www.facebook.com\/dexeusmujer\/\" \/>\n<meta property=\"article:modified_time\" content=\"2024-06-11T09:43:20+00:00\" \/>\n<meta property=\"og:image\" content=\"https:\/\/dexeusfertility.enproves.cat\/wp-content\/uploads\/2024\/03\/13_Dexeus-Pag-texto-pdf.jpg\" \/>\n\t<meta property=\"og:image:width\" content=\"1378\" \/>\n\t<meta property=\"og:image:height\" content=\"640\" \/>\n\t<meta property=\"og:image:type\" content=\"image\/jpeg\" \/>\n<meta name=\"twitter:card\" content=\"summary_large_image\" \/>\n<meta name=\"twitter:site\" content=\"@dexeusmujer\" \/>\n<script type=\"application\/ld+json\" class=\"yoast-schema-graph\">{\"@context\":\"https:\/\/schema.org\",\"@graph\":[{\"@type\":[\"WebPage\",\"MedicalWebPage\"],\"@id\":\"https:\/\/www.dexeus.com\/fertility\/fr\/decouvrez-nous\/installations-scientifiques\/\",\"url\":\"https:\/\/www.dexeus.com\/fertility\/fr\/decouvrez-nous\/installations-scientifiques\/\",\"name\":\"Les \u00e9quipements scientifiques les plus avanc\u00e9s : Dexeus Fertility\",\"isPartOf\":{\"@id\":\"https:\/\/www.dexeus.com\/fertilitynew\/#website\"},\"primaryImageOfPage\":{\"@id\":\"https:\/\/www.dexeus.com\/fertility\/fr\/decouvrez-nous\/installations-scientifiques\/#primaryimage\"},\"image\":{\"@id\":\"https:\/\/www.dexeus.com\/fertility\/fr\/decouvrez-nous\/installations-scientifiques\/#primaryimage\"},\"thumbnailUrl\":\"https:\/\/www.dexeus.com\/fertility\/wp-content\/uploads\/2024\/03\/13_Dexeus-Pag-texto-pdf.jpg\",\"datePublished\":\"2024-03-18T11:03:49+00:00\",\"dateModified\":\"2024-06-11T09:43:20+00:00\",\"description\":\"Dexeus Fertility dispose des \u00e9quipements scientifiques de procr\u00e9ation m\u00e9dicalement assist\u00e9e les plus avanc\u00e9s d'Espagne. Nous faisons tout ce qui est en notre pouvoir pour vous aider \u00e0 tomber enceinte.\",\"breadcrumb\":{\"@id\":\"https:\/\/www.dexeus.com\/fertility\/fr\/decouvrez-nous\/installations-scientifiques\/#breadcrumb\"},\"inLanguage\":\"fr-FR\",\"potentialAction\":[{\"@type\":\"ReadAction\",\"target\":[\"https:\/\/www.dexeus.com\/fertility\/fr\/decouvrez-nous\/installations-scientifiques\/\"]}]},{\"@type\":\"ImageObject\",\"inLanguage\":\"fr-FR\",\"@id\":\"https:\/\/www.dexeus.com\/fertility\/fr\/decouvrez-nous\/installations-scientifiques\/#primaryimage\",\"url\":\"https:\/\/www.dexeus.com\/fertility\/wp-content\/uploads\/2024\/03\/13_Dexeus-Pag-texto-pdf.jpg\",\"contentUrl\":\"https:\/\/www.dexeus.com\/fertility\/wp-content\/uploads\/2024\/03\/13_Dexeus-Pag-texto-pdf.jpg\",\"width\":1378,\"height\":640},{\"@type\":\"BreadcrumbList\",\"@id\":\"https:\/\/www.dexeus.com\/fertility\/fr\/decouvrez-nous\/installations-scientifiques\/#breadcrumb\",\"itemListElement\":[{\"@type\":\"ListItem\",\"position\":1,\"name\":\"Portada\",\"item\":\"https:\/\/www.dexeus.com\/fertility\/fr\/35-ans-dexperience-en-procreation-assistee\/\"},{\"@type\":\"ListItem\",\"position\":2,\"name\":\"D\u00e9couvrez-nous\",\"item\":\"https:\/\/dexeusfertility.enproves.cat\/fr\/decouvrez-nous\/\"},{\"@type\":\"ListItem\",\"position\":3,\"name\":\"Installations scientifiques\"}]},{\"@type\":\"WebSite\",\"@id\":\"https:\/\/www.dexeus.com\/fertilitynew\/#website\",\"url\":\"https:\/\/www.dexeus.com\/fertilitynew\/\",\"name\":\"Dexeus Fertility\",\"description\":\"Dexeus Mujer es un centro de referencia y pionero en Espa\u00f1a en t\u00e9cnicas de reproducci\u00f3n asistida, con m\u00e1s de 80 a\u00f1os de experiencia en el diagn\u00f3stico y tratamiento de los problemas de fertilidad.\",\"publisher\":{\"@id\":\"https:\/\/www.dexeus.com\/fertilitynew\/#organization\"},\"alternateName\":\"Dexeus fertilidad\",\"potentialAction\":[{\"@type\":\"SearchAction\",\"target\":{\"@type\":\"EntryPoint\",\"urlTemplate\":\"https:\/\/www.dexeus.com\/fertilitynew\/?s={search_term_string}\"},\"query-input\":{\"@type\":\"PropertyValueSpecification\",\"valueRequired\":true,\"valueName\":\"search_term_string\"}}],\"inLanguage\":\"fr-FR\"},{\"@type\":\"Organization\",\"@id\":\"https:\/\/www.dexeus.com\/fertilitynew\/#organization\",\"name\":\"Dexeus Fertility\",\"url\":\"https:\/\/www.dexeus.com\/fertilitynew\/\",\"logo\":{\"@type\":\"ImageObject\",\"inLanguage\":\"fr-FR\",\"@id\":\"https:\/\/www.dexeus.com\/fertilitynew\/#\/schema\/logo\/image\/\",\"url\":\"https:\/\/www.dexeus.com\/fertility\/wp-content\/uploads\/2024\/02\/logofertility.svg\",\"contentUrl\":\"https:\/\/www.dexeus.com\/fertility\/wp-content\/uploads\/2024\/02\/logofertility.svg\",\"caption\":\"Dexeus Fertility\"},\"image\":{\"@id\":\"https:\/\/www.dexeus.com\/fertilitynew\/#\/schema\/logo\/image\/\"},\"sameAs\":[\"https:\/\/www.facebook.com\/dexeusmujer\/\",\"https:\/\/x.com\/dexeusmujer\",\"https:\/\/www.instagram.com\/dexeusmujer\",\"https:\/\/www.youtube.com\/user\/DexeusMujer\"]}]}<\/script>\n<!-- \/ Yoast SEO plugin. -->","yoast_head_json":{"title":"Les \u00e9quipements scientifiques les plus avanc\u00e9s : Dexeus Fertility","description":"Dexeus Fertility dispose des \u00e9quipements scientifiques de procr\u00e9ation m\u00e9dicalement assist\u00e9e les plus avanc\u00e9s d'Espagne. Nous faisons tout ce qui est en notre pouvoir pour vous aider \u00e0 tomber enceinte.","robots":{"index":"index","follow":"follow","max-snippet":"max-snippet:-1","max-image-preview":"max-image-preview:large","max-video-preview":"max-video-preview:-1"},"canonical":"https:\/\/www.dexeus.com\/fertility\/fr\/decouvrez-nous\/installations-scientifiques\/","og_locale":"fr_FR","og_type":"article","og_title":"Les \u00e9quipements scientifiques les plus avanc\u00e9s : Dexeus Fertility","og_description":"Dexeus Fertility dispose des \u00e9quipements scientifiques de procr\u00e9ation m\u00e9dicalement assist\u00e9e les plus avanc\u00e9s d'Espagne. Nous faisons tout ce qui est en notre pouvoir pour vous aider \u00e0 tomber enceinte.","og_url":"https:\/\/www.dexeus.com\/fertility\/fr\/decouvrez-nous\/installations-scientifiques\/","og_site_name":"Dexeus Fertility","article_publisher":"https:\/\/www.facebook.com\/dexeusmujer\/","article_modified_time":"2024-06-11T09:43:20+00:00","og_image":[{"width":1378,"height":640,"url":"https:\/\/dexeusfertility.enproves.cat\/wp-content\/uploads\/2024\/03\/13_Dexeus-Pag-texto-pdf.jpg","type":"image\/jpeg"}],"twitter_card":"summary_large_image","twitter_site":"@dexeusmujer","schema":{"@context":"https:\/\/schema.org","@graph":[{"@type":["WebPage","MedicalWebPage"],"@id":"https:\/\/www.dexeus.com\/fertility\/fr\/decouvrez-nous\/installations-scientifiques\/","url":"https:\/\/www.dexeus.com\/fertility\/fr\/decouvrez-nous\/installations-scientifiques\/","name":"Les \u00e9quipements scientifiques les plus avanc\u00e9s : Dexeus Fertility","isPartOf":{"@id":"https:\/\/www.dexeus.com\/fertilitynew\/#website"},"primaryImageOfPage":{"@id":"https:\/\/www.dexeus.com\/fertility\/fr\/decouvrez-nous\/installations-scientifiques\/#primaryimage"},"image":{"@id":"https:\/\/www.dexeus.com\/fertility\/fr\/decouvrez-nous\/installations-scientifiques\/#primaryimage"},"thumbnailUrl":"https:\/\/www.dexeus.com\/fertility\/wp-content\/uploads\/2024\/03\/13_Dexeus-Pag-texto-pdf.jpg","datePublished":"2024-03-18T11:03:49+00:00","dateModified":"2024-06-11T09:43:20+00:00","description":"Dexeus Fertility dispose des \u00e9quipements scientifiques de procr\u00e9ation m\u00e9dicalement assist\u00e9e les plus avanc\u00e9s d'Espagne. Nous faisons tout ce qui est en notre pouvoir pour vous aider \u00e0 tomber enceinte.","breadcrumb":{"@id":"https:\/\/www.dexeus.com\/fertility\/fr\/decouvrez-nous\/installations-scientifiques\/#breadcrumb"},"inLanguage":"fr-FR","potentialAction":[{"@type":"ReadAction","target":["https:\/\/www.dexeus.com\/fertility\/fr\/decouvrez-nous\/installations-scientifiques\/"]}]},{"@type":"ImageObject","inLanguage":"fr-FR","@id":"https:\/\/www.dexeus.com\/fertility\/fr\/decouvrez-nous\/installations-scientifiques\/#primaryimage","url":"https:\/\/www.dexeus.com\/fertility\/wp-content\/uploads\/2024\/03\/13_Dexeus-Pag-texto-pdf.jpg","contentUrl":"https:\/\/www.dexeus.com\/fertility\/wp-content\/uploads\/2024\/03\/13_Dexeus-Pag-texto-pdf.jpg","width":1378,"height":640},{"@type":"BreadcrumbList","@id":"https:\/\/www.dexeus.com\/fertility\/fr\/decouvrez-nous\/installations-scientifiques\/#breadcrumb","itemListElement":[{"@type":"ListItem","position":1,"name":"Portada","item":"https:\/\/www.dexeus.com\/fertility\/fr\/35-ans-dexperience-en-procreation-assistee\/"},{"@type":"ListItem","position":2,"name":"D\u00e9couvrez-nous","item":"https:\/\/dexeusfertility.enproves.cat\/fr\/decouvrez-nous\/"},{"@type":"ListItem","position":3,"name":"Installations scientifiques"}]},{"@type":"WebSite","@id":"https:\/\/www.dexeus.com\/fertilitynew\/#website","url":"https:\/\/www.dexeus.com\/fertilitynew\/","name":"Dexeus Fertility","description":"Dexeus Mujer es un centro de referencia y pionero en Espa\u00f1a en t\u00e9cnicas de reproducci\u00f3n asistida, con m\u00e1s de 80 a\u00f1os de experiencia en el diagn\u00f3stico y tratamiento de los problemas de fertilidad.","publisher":{"@id":"https:\/\/www.dexeus.com\/fertilitynew\/#organization"},"alternateName":"Dexeus fertilidad","potentialAction":[{"@type":"SearchAction","target":{"@type":"EntryPoint","urlTemplate":"https:\/\/www.dexeus.com\/fertilitynew\/?s={search_term_string}"},"query-input":{"@type":"PropertyValueSpecification","valueRequired":true,"valueName":"search_term_string"}}],"inLanguage":"fr-FR"},{"@type":"Organization","@id":"https:\/\/www.dexeus.com\/fertilitynew\/#organization","name":"Dexeus Fertility","url":"https:\/\/www.dexeus.com\/fertilitynew\/","logo":{"@type":"ImageObject","inLanguage":"fr-FR","@id":"https:\/\/www.dexeus.com\/fertilitynew\/#\/schema\/logo\/image\/","url":"https:\/\/www.dexeus.com\/fertility\/wp-content\/uploads\/2024\/02\/logofertility.svg","contentUrl":"https:\/\/www.dexeus.com\/fertility\/wp-content\/uploads\/2024\/02\/logofertility.svg","caption":"Dexeus Fertility"},"image":{"@id":"https:\/\/www.dexeus.com\/fertilitynew\/#\/schema\/logo\/image\/"},"sameAs":["https:\/\/www.facebook.com\/dexeusmujer\/","https:\/\/x.com\/dexeusmujer","https:\/\/www.instagram.com\/dexeusmujer","https:\/\/www.youtube.com\/user\/DexeusMujer"]}]}},"_links":{"self":[{"href":"https:\/\/www.dexeus.com\/fertility\/fr\/wp-json\/wp\/v2\/pages\/15187","targetHints":{"allow":["GET"]}}],"collection":[{"href":"https:\/\/www.dexeus.com\/fertility\/fr\/wp-json\/wp\/v2\/pages"}],"about":[{"href":"https:\/\/www.dexeus.com\/fertility\/fr\/wp-json\/wp\/v2\/types\/page"}],"author":[{"embeddable":true,"href":"https:\/\/www.dexeus.com\/fertility\/fr\/wp-json\/wp\/v2\/users\/1"}],"replies":[{"embeddable":true,"href":"https:\/\/www.dexeus.com\/fertility\/fr\/wp-json\/wp\/v2\/comments?post=15187"}],"version-history":[{"count":1,"href":"https:\/\/www.dexeus.com\/fertility\/fr\/wp-json\/wp\/v2\/pages\/15187\/revisions"}],"predecessor-version":[{"id":22814,"href":"https:\/\/www.dexeus.com\/fertility\/fr\/wp-json\/wp\/v2\/pages\/15187\/revisions\/22814"}],"up":[{"embeddable":true,"href":"https:\/\/www.dexeus.com\/fertility\/fr\/wp-json\/wp\/v2\/pages\/15165"}],"wp:featuredmedia":[{"embeddable":true,"href":"https:\/\/www.dexeus.com\/fertility\/fr\/wp-json\/wp\/v2\/media\/8806"}],"wp:attachment":[{"href":"https:\/\/www.dexeus.com\/fertility\/fr\/wp-json\/wp\/v2\/media?parent=15187"}],"curies":[{"name":"wp","href":"https:\/\/api.w.org\/{rel}","templated":true}]}}