{"id":15211,"date":"2024-02-29T15:54:14","date_gmt":"2024-02-29T14:54:14","guid":{"rendered":"https:\/\/www.dexeus.com\/fertility\/decouvrez-nous\/laboratoires-technologiques\/"},"modified":"2024-06-11T09:21:30","modified_gmt":"2024-06-11T07:21:30","slug":"laboratoires-technologiques","status":"publish","type":"page","link":"https:\/\/www.dexeus.com\/fertility\/fr\/decouvrez-nous\/laboratoires-technologiques\/","title":{"rendered":"Laboratoires technologiques"},"content":{"rendered":"\t\t<div data-elementor-type=\"wp-post\" data-elementor-id=\"15211\" class=\"elementor elementor-15211 elementor-3263\" data-elementor-post-type=\"page\">\n\t\t\t\t<div class=\"elementor-element elementor-element-3032402 e-con-full e-flex e-con e-parent\" data-id=\"3032402\" data-element_type=\"container\" data-settings=\"{&quot;background_background&quot;:&quot;classic&quot;,&quot;jet_parallax_layout_list&quot;:[]}\">\n\t\t<div class=\"elementor-element elementor-element-091cb7c e-flex e-con-boxed e-con e-child\" data-id=\"091cb7c\" data-element_type=\"container\" data-settings=\"{&quot;jet_parallax_layout_list&quot;:[]}\">\n\t\t\t\t\t<div class=\"e-con-inner\">\n\t\t\t\t<div class=\"elementor-element elementor-element-c7fcb60 elementor-widget elementor-widget-heading\" data-id=\"c7fcb60\" data-element_type=\"widget\" data-widget_type=\"heading.default\">\n\t\t\t\t<div class=\"elementor-widget-container\">\n\t\t\t\t\t<h1 class=\"elementor-heading-title elementor-size-default\">Laboratoires technologiques<\/h1>\t\t\t\t<\/div>\n\t\t\t\t<\/div>\n\t\t\t\t\t<\/div>\n\t\t\t\t<\/div>\n\t\t\t\t<\/div>\n\t\t<div class=\"elementor-element elementor-element-8ae8372 e-flex e-con-boxed e-con e-parent\" data-id=\"8ae8372\" data-element_type=\"container\" data-settings=\"{&quot;jet_parallax_layout_list&quot;:[]}\">\n\t\t\t\t\t<div class=\"e-con-inner\">\n\t\t<div class=\"elementor-element elementor-element-d760f76 e-flex e-con-boxed e-con e-child\" data-id=\"d760f76\" data-element_type=\"container\" data-settings=\"{&quot;jet_parallax_layout_list&quot;:[]}\">\n\t\t\t\t\t<div class=\"e-con-inner\">\n\t\t\t\t<div class=\"elementor-element elementor-element-542b744 elementor-widget elementor-widget-heading\" data-id=\"542b744\" data-element_type=\"widget\" data-widget_type=\"heading.default\">\n\t\t\t\t<div class=\"elementor-widget-container\">\n\t\t\t\t\t<h2 class=\"elementor-heading-title elementor-size-default\">Les derni\u00e8res technologies au service de la science<\/h2>\t\t\t\t<\/div>\n\t\t\t\t<\/div>\n\t\t\t\t<div class=\"elementor-element elementor-element-da2fe37 elementor-widget elementor-widget-text-editor\" data-id=\"da2fe37\" data-element_type=\"widget\" data-widget_type=\"text-editor.default\">\n\t\t\t\t<div class=\"elementor-widget-container\">\n\t\t\t\t\t\t\t\t\t<p>Toutes les activit\u00e9s du <strong class=\"pink-title\">Service de m\u00e9decine de la reproduction<\/strong> ont concentr\u00e9 dans un seul espace de 1 000 m2, enti\u00e8rement neuf et \u00e9quip\u00e9 de syst\u00e8mes de contr\u00f4le et de gestion centralis\u00e9s et automatis\u00e9s, ainsi que de <strong>laboratoires dot\u00e9s des derni\u00e8res technologies<\/strong>, comme des incubateurs avec technologie time-lapse pour la culture d\u2019embryons et l\u2019analyse g\u00e9n\u00e9tique par s\u00e9quen\u00e7age de masse de nouvelle g\u00e9n\u00e9ration.<\/p>\n\t\t\t\t\t\t\t\t<\/div>\n\t\t\t\t<\/div>\n\t\t\t\t\t<\/div>\n\t\t\t\t<\/div>\n\t\t\t\t\t<\/div>\n\t\t\t\t<\/div>\n\t\t<div class=\"elementor-element elementor-element-ad506a5 e-con-full e-flex e-con e-parent\" data-id=\"ad506a5\" data-element_type=\"container\" data-settings=\"{&quot;jet_parallax_layout_list&quot;:[]}\">\n\t\t\t\t<div class=\"elementor-element elementor-element-e8224d8 elementor-widget elementor-widget-shortcode\" data-id=\"e8224d8\" data-element_type=\"widget\" data-widget_type=\"shortcode.default\">\n\t\t\t\t<div class=\"elementor-widget-container\">\n\t\t\t\t\t\t\t<div class=\"elementor-shortcode\">\t\t<div data-elementor-type=\"section\" data-elementor-id=\"19063\" class=\"elementor elementor-19063 elementor-19056\" data-elementor-post-type=\"elementor_library\">\n\t\t\t<div class=\"elementor-element elementor-element-4fdfcc7 e-con-full e-flex e-con e-parent\" data-id=\"4fdfcc7\" data-element_type=\"container\" data-settings=\"{&quot;background_background&quot;:&quot;classic&quot;,&quot;jet_parallax_layout_list&quot;:[]}\">\n\t\t<div class=\"elementor-element elementor-element-3ae6267 image-box e-con-full e-flex e-con e-child\" data-id=\"3ae6267\" data-element_type=\"container\" data-settings=\"{&quot;jet_parallax_layout_list&quot;:[]}\">\n\t\t\t\t<div class=\"elementor-element elementor-element-370a4a3 elementor-widget__width-inherit elementor-widget elementor-widget-image\" data-id=\"370a4a3\" data-element_type=\"widget\" data-widget_type=\"image.default\">\n\t\t\t\t<div class=\"elementor-widget-container\">\n\t\t\t\t\t\t\t\t\t\t\t\t\t\t\t\t<a href=\"https:\/\/fr.dexeus.com\/tour-virtual-lab\/fr.html\" target=\"_blank\">\n\t\t\t\t\t\t\t<img fetchpriority=\"high\" decoding=\"async\" width=\"300\" height=\"300\" src=\"https:\/\/www.dexeus.com\/fertility\/wp-content\/uploads\/2024\/02\/tour_virtual_lab_repro-1.webp\" class=\"attachment-large size-large wp-image-6077\" alt=\"\" srcset=\"https:\/\/www.dexeus.com\/fertility\/wp-content\/uploads\/2024\/02\/tour_virtual_lab_repro-1.webp 300w, https:\/\/www.dexeus.com\/fertility\/wp-content\/uploads\/2024\/02\/tour_virtual_lab_repro-1-150x150.webp 150w\" sizes=\"(max-width: 300px) 100vw, 300px\" \/>\t\t\t\t\t\t\t\t<\/a>\n\t\t\t\t\t\t\t\t\t\t\t\t\t\t\t<\/div>\n\t\t\t\t<\/div>\n\t\t\t\t<\/div>\n\t\t<div class=\"elementor-element elementor-element-552a1b7 e-con-full e-flex e-con e-child\" data-id=\"552a1b7\" data-element_type=\"container\" data-settings=\"{&quot;background_background&quot;:&quot;classic&quot;,&quot;jet_parallax_layout_list&quot;:[]}\">\n\t\t\t\t<div class=\"elementor-element elementor-element-fab7437 home-box-title elementor-widget elementor-widget-heading\" data-id=\"fab7437\" data-element_type=\"widget\" data-widget_type=\"heading.default\">\n\t\t\t\t<div class=\"elementor-widget-container\">\n\t\t\t\t\t<h3 class=\"elementor-heading-title elementor-size-default\">D\u00e9couvrez nos laboratoires de procr\u00e9ation assist\u00e9e<\/h3>\t\t\t\t<\/div>\n\t\t\t\t<\/div>\n\t\t\t\t<div class=\"elementor-element elementor-element-e4874c1 elementor-widget elementor-widget-text-editor\" data-id=\"e4874c1\" data-element_type=\"widget\" data-widget_type=\"text-editor.default\">\n\t\t\t\t<div class=\"elementor-widget-container\">\n\t\t\t\t\t\t\t\t\t<p>Nous vous ouvrons les portes de nos laboratoires et de nos salles d\u2019op\u00e9ration dans cette visite \u00e0 360\u00b0, entrez et d\u00e9couvrez tous les coins et recoins de Dexeus Mujer.<\/p>\n\t\t\t\t\t\t\t\t<\/div>\n\t\t\t\t<\/div>\n\t\t\t\t<div class=\"elementor-element elementor-element-456445c elementor-align-center elementor-widget elementor-widget-button\" data-id=\"456445c\" data-element_type=\"widget\" data-widget_type=\"button.default\">\n\t\t\t\t<div class=\"elementor-widget-container\">\n\t\t\t\t\t\t\t\t\t<div class=\"elementor-button-wrapper\">\n\t\t\t\t\t<a class=\"elementor-button elementor-button-link elementor-size-lg\" href=\"https:\/\/fr.dexeus.com\/tour-virtual-lab\/fr.html\" target=\"_blank\">\n\t\t\t\t\t\t<span class=\"elementor-button-content-wrapper\">\n\t\t\t\t\t\t\t\t\t<span class=\"elementor-button-text\">Visite virtuelle<\/span>\n\t\t\t\t\t<\/span>\n\t\t\t\t\t<\/a>\n\t\t\t\t<\/div>\n\t\t\t\t\t\t\t\t<\/div>\n\t\t\t\t<\/div>\n\t\t\t\t<\/div>\n\t\t\t\t<\/div>\n\t\t\t\t<\/div>\n\t\t<\/div>\n\t\t\t\t\t\t<\/div>\n\t\t\t\t<\/div>\n\t\t\t\t<\/div>\n\t\t\t\t<\/div>\n\t\t","protected":false},"excerpt":{"rendered":"<p>Les derni\u00e8res technologies au service de la science Toutes les activit\u00e9s du Service de m\u00e9decine de la reproduction ont concentr\u00e9 dans un seul espace de 1 000 m2, enti\u00e8rement neuf et \u00e9quip\u00e9 de syst\u00e8mes de contr\u00f4le et de gestion centralis\u00e9s et automatis\u00e9s, ainsi que de laboratoires dot\u00e9s des derni\u00e8res technologies, comme des incubateurs avec technologie [&hellip;]<\/p>\n","protected":false},"author":1,"featured_media":6372,"parent":15165,"menu_order":0,"comment_status":"closed","ping_status":"closed","template":"","meta":{"footnotes":""},"class_list":["post-15211","page","type-page","status-publish","has-post-thumbnail","hentry"],"yoast_head":"<!-- This site is optimized with the Yoast SEO plugin v26.8 - https:\/\/yoast.com\/product\/yoast-seo-wordpress\/ -->\n<title>Laboratoires de Procr\u00e9ation M\u00e9dicalement Assist\u00e9e : Dexeus Fertility<\/title>\n<meta name=\"description\" content=\"Dexeus Fertility dispose de ses propres laboratoires de procr\u00e9ation m\u00e9dicalement assist\u00e9e \u00e0 la pointe de la technologie. Nous vous offrons les derni\u00e8res avanc\u00e9es en mati\u00e8re de fertilit\u00e9.\" \/>\n<meta name=\"robots\" content=\"index, follow, max-snippet:-1, max-image-preview:large, max-video-preview:-1\" \/>\n<link rel=\"canonical\" href=\"https:\/\/www.dexeus.com\/fertility\/fr\/decouvrez-nous\/laboratoires-technologiques\/\" \/>\n<meta property=\"og:locale\" content=\"fr_FR\" \/>\n<meta property=\"og:type\" content=\"article\" \/>\n<meta property=\"og:title\" content=\"Laboratoires de Procr\u00e9ation M\u00e9dicalement Assist\u00e9e : Dexeus Fertility\" \/>\n<meta property=\"og:description\" content=\"Dexeus Fertility dispose de ses propres laboratoires de procr\u00e9ation m\u00e9dicalement assist\u00e9e \u00e0 la pointe de la technologie. Nous vous offrons les derni\u00e8res avanc\u00e9es en mati\u00e8re de fertilit\u00e9.\" \/>\n<meta property=\"og:url\" content=\"https:\/\/www.dexeus.com\/fertility\/fr\/decouvrez-nous\/laboratoires-technologiques\/\" \/>\n<meta property=\"og:site_name\" content=\"Dexeus Fertility\" \/>\n<meta property=\"article:publisher\" content=\"https:\/\/www.facebook.com\/dexeusmujer\/\" \/>\n<meta property=\"article:modified_time\" content=\"2024-06-11T07:21:30+00:00\" \/>\n<meta property=\"og:image\" content=\"https:\/\/dexeusfertility.enproves.cat\/wp-content\/uploads\/2024\/02\/header-centros-3.webp\" \/>\n\t<meta property=\"og:image:width\" content=\"2500\" \/>\n\t<meta property=\"og:image:height\" content=\"1161\" \/>\n\t<meta property=\"og:image:type\" content=\"image\/webp\" \/>\n<meta name=\"twitter:card\" content=\"summary_large_image\" \/>\n<meta name=\"twitter:site\" content=\"@dexeusmujer\" \/>\n<script type=\"application\/ld+json\" class=\"yoast-schema-graph\">{\"@context\":\"https:\/\/schema.org\",\"@graph\":[{\"@type\":[\"WebPage\",\"MedicalWebPage\"],\"@id\":\"https:\/\/www.dexeus.com\/fertility\/fr\/decouvrez-nous\/laboratoires-technologiques\/\",\"url\":\"https:\/\/www.dexeus.com\/fertility\/fr\/decouvrez-nous\/laboratoires-technologiques\/\",\"name\":\"Laboratoires de Procr\u00e9ation M\u00e9dicalement Assist\u00e9e : Dexeus Fertility\",\"isPartOf\":{\"@id\":\"https:\/\/www.dexeus.com\/fertilitynew\/#website\"},\"primaryImageOfPage\":{\"@id\":\"https:\/\/www.dexeus.com\/fertility\/fr\/decouvrez-nous\/laboratoires-technologiques\/#primaryimage\"},\"image\":{\"@id\":\"https:\/\/www.dexeus.com\/fertility\/fr\/decouvrez-nous\/laboratoires-technologiques\/#primaryimage\"},\"thumbnailUrl\":\"https:\/\/www.dexeus.com\/fertility\/wp-content\/uploads\/2024\/02\/header-centros-3.webp\",\"datePublished\":\"2024-02-29T14:54:14+00:00\",\"dateModified\":\"2024-06-11T07:21:30+00:00\",\"description\":\"Dexeus Fertility dispose de ses propres laboratoires de procr\u00e9ation m\u00e9dicalement assist\u00e9e \u00e0 la pointe de la technologie. Nous vous offrons les derni\u00e8res avanc\u00e9es en mati\u00e8re de fertilit\u00e9.\",\"breadcrumb\":{\"@id\":\"https:\/\/www.dexeus.com\/fertility\/fr\/decouvrez-nous\/laboratoires-technologiques\/#breadcrumb\"},\"inLanguage\":\"fr-FR\",\"potentialAction\":[{\"@type\":\"ReadAction\",\"target\":[\"https:\/\/www.dexeus.com\/fertility\/fr\/decouvrez-nous\/laboratoires-technologiques\/\"]}]},{\"@type\":\"ImageObject\",\"inLanguage\":\"fr-FR\",\"@id\":\"https:\/\/www.dexeus.com\/fertility\/fr\/decouvrez-nous\/laboratoires-technologiques\/#primaryimage\",\"url\":\"https:\/\/www.dexeus.com\/fertility\/wp-content\/uploads\/2024\/02\/header-centros-3.webp\",\"contentUrl\":\"https:\/\/www.dexeus.com\/fertility\/wp-content\/uploads\/2024\/02\/header-centros-3.webp\",\"width\":2500,\"height\":1161},{\"@type\":\"BreadcrumbList\",\"@id\":\"https:\/\/www.dexeus.com\/fertility\/fr\/decouvrez-nous\/laboratoires-technologiques\/#breadcrumb\",\"itemListElement\":[{\"@type\":\"ListItem\",\"position\":1,\"name\":\"Portada\",\"item\":\"https:\/\/www.dexeus.com\/fertility\/fr\/35-ans-dexperience-en-procreation-assistee\/\"},{\"@type\":\"ListItem\",\"position\":2,\"name\":\"D\u00e9couvrez-nous\",\"item\":\"https:\/\/dexeusfertility.enproves.cat\/fr\/decouvrez-nous\/\"},{\"@type\":\"ListItem\",\"position\":3,\"name\":\"Laboratoires technologiques\"}]},{\"@type\":\"WebSite\",\"@id\":\"https:\/\/www.dexeus.com\/fertilitynew\/#website\",\"url\":\"https:\/\/www.dexeus.com\/fertilitynew\/\",\"name\":\"Dexeus Fertility\",\"description\":\"Dexeus Mujer es un centro de referencia y pionero en Espa\u00f1a en t\u00e9cnicas de reproducci\u00f3n asistida, con m\u00e1s de 80 a\u00f1os de experiencia en el diagn\u00f3stico y tratamiento de los problemas de fertilidad.\",\"publisher\":{\"@id\":\"https:\/\/www.dexeus.com\/fertilitynew\/#organization\"},\"alternateName\":\"Dexeus fertilidad\",\"potentialAction\":[{\"@type\":\"SearchAction\",\"target\":{\"@type\":\"EntryPoint\",\"urlTemplate\":\"https:\/\/www.dexeus.com\/fertilitynew\/?s={search_term_string}\"},\"query-input\":{\"@type\":\"PropertyValueSpecification\",\"valueRequired\":true,\"valueName\":\"search_term_string\"}}],\"inLanguage\":\"fr-FR\"},{\"@type\":\"Organization\",\"@id\":\"https:\/\/www.dexeus.com\/fertilitynew\/#organization\",\"name\":\"Dexeus Fertility\",\"url\":\"https:\/\/www.dexeus.com\/fertilitynew\/\",\"logo\":{\"@type\":\"ImageObject\",\"inLanguage\":\"fr-FR\",\"@id\":\"https:\/\/www.dexeus.com\/fertilitynew\/#\/schema\/logo\/image\/\",\"url\":\"https:\/\/www.dexeus.com\/fertility\/wp-content\/uploads\/2024\/02\/logofertility.svg\",\"contentUrl\":\"https:\/\/www.dexeus.com\/fertility\/wp-content\/uploads\/2024\/02\/logofertility.svg\",\"caption\":\"Dexeus Fertility\"},\"image\":{\"@id\":\"https:\/\/www.dexeus.com\/fertilitynew\/#\/schema\/logo\/image\/\"},\"sameAs\":[\"https:\/\/www.facebook.com\/dexeusmujer\/\",\"https:\/\/x.com\/dexeusmujer\",\"https:\/\/www.instagram.com\/dexeusmujer\",\"https:\/\/www.youtube.com\/user\/DexeusMujer\"]}]}<\/script>\n<!-- \/ Yoast SEO plugin. -->","yoast_head_json":{"title":"Laboratoires de Procr\u00e9ation M\u00e9dicalement Assist\u00e9e : Dexeus Fertility","description":"Dexeus Fertility dispose de ses propres laboratoires de procr\u00e9ation m\u00e9dicalement assist\u00e9e \u00e0 la pointe de la technologie. Nous vous offrons les derni\u00e8res avanc\u00e9es en mati\u00e8re de fertilit\u00e9.","robots":{"index":"index","follow":"follow","max-snippet":"max-snippet:-1","max-image-preview":"max-image-preview:large","max-video-preview":"max-video-preview:-1"},"canonical":"https:\/\/www.dexeus.com\/fertility\/fr\/decouvrez-nous\/laboratoires-technologiques\/","og_locale":"fr_FR","og_type":"article","og_title":"Laboratoires de Procr\u00e9ation M\u00e9dicalement Assist\u00e9e : Dexeus Fertility","og_description":"Dexeus Fertility dispose de ses propres laboratoires de procr\u00e9ation m\u00e9dicalement assist\u00e9e \u00e0 la pointe de la technologie. Nous vous offrons les derni\u00e8res avanc\u00e9es en mati\u00e8re de fertilit\u00e9.","og_url":"https:\/\/www.dexeus.com\/fertility\/fr\/decouvrez-nous\/laboratoires-technologiques\/","og_site_name":"Dexeus Fertility","article_publisher":"https:\/\/www.facebook.com\/dexeusmujer\/","article_modified_time":"2024-06-11T07:21:30+00:00","og_image":[{"width":2500,"height":1161,"url":"https:\/\/dexeusfertility.enproves.cat\/wp-content\/uploads\/2024\/02\/header-centros-3.webp","type":"image\/webp"}],"twitter_card":"summary_large_image","twitter_site":"@dexeusmujer","schema":{"@context":"https:\/\/schema.org","@graph":[{"@type":["WebPage","MedicalWebPage"],"@id":"https:\/\/www.dexeus.com\/fertility\/fr\/decouvrez-nous\/laboratoires-technologiques\/","url":"https:\/\/www.dexeus.com\/fertility\/fr\/decouvrez-nous\/laboratoires-technologiques\/","name":"Laboratoires de Procr\u00e9ation M\u00e9dicalement Assist\u00e9e : Dexeus Fertility","isPartOf":{"@id":"https:\/\/www.dexeus.com\/fertilitynew\/#website"},"primaryImageOfPage":{"@id":"https:\/\/www.dexeus.com\/fertility\/fr\/decouvrez-nous\/laboratoires-technologiques\/#primaryimage"},"image":{"@id":"https:\/\/www.dexeus.com\/fertility\/fr\/decouvrez-nous\/laboratoires-technologiques\/#primaryimage"},"thumbnailUrl":"https:\/\/www.dexeus.com\/fertility\/wp-content\/uploads\/2024\/02\/header-centros-3.webp","datePublished":"2024-02-29T14:54:14+00:00","dateModified":"2024-06-11T07:21:30+00:00","description":"Dexeus Fertility dispose de ses propres laboratoires de procr\u00e9ation m\u00e9dicalement assist\u00e9e \u00e0 la pointe de la technologie. Nous vous offrons les derni\u00e8res avanc\u00e9es en mati\u00e8re de fertilit\u00e9.","breadcrumb":{"@id":"https:\/\/www.dexeus.com\/fertility\/fr\/decouvrez-nous\/laboratoires-technologiques\/#breadcrumb"},"inLanguage":"fr-FR","potentialAction":[{"@type":"ReadAction","target":["https:\/\/www.dexeus.com\/fertility\/fr\/decouvrez-nous\/laboratoires-technologiques\/"]}]},{"@type":"ImageObject","inLanguage":"fr-FR","@id":"https:\/\/www.dexeus.com\/fertility\/fr\/decouvrez-nous\/laboratoires-technologiques\/#primaryimage","url":"https:\/\/www.dexeus.com\/fertility\/wp-content\/uploads\/2024\/02\/header-centros-3.webp","contentUrl":"https:\/\/www.dexeus.com\/fertility\/wp-content\/uploads\/2024\/02\/header-centros-3.webp","width":2500,"height":1161},{"@type":"BreadcrumbList","@id":"https:\/\/www.dexeus.com\/fertility\/fr\/decouvrez-nous\/laboratoires-technologiques\/#breadcrumb","itemListElement":[{"@type":"ListItem","position":1,"name":"Portada","item":"https:\/\/www.dexeus.com\/fertility\/fr\/35-ans-dexperience-en-procreation-assistee\/"},{"@type":"ListItem","position":2,"name":"D\u00e9couvrez-nous","item":"https:\/\/dexeusfertility.enproves.cat\/fr\/decouvrez-nous\/"},{"@type":"ListItem","position":3,"name":"Laboratoires technologiques"}]},{"@type":"WebSite","@id":"https:\/\/www.dexeus.com\/fertilitynew\/#website","url":"https:\/\/www.dexeus.com\/fertilitynew\/","name":"Dexeus Fertility","description":"Dexeus Mujer es un centro de referencia y pionero en Espa\u00f1a en t\u00e9cnicas de reproducci\u00f3n asistida, con m\u00e1s de 80 a\u00f1os de experiencia en el diagn\u00f3stico y tratamiento de los problemas de fertilidad.","publisher":{"@id":"https:\/\/www.dexeus.com\/fertilitynew\/#organization"},"alternateName":"Dexeus fertilidad","potentialAction":[{"@type":"SearchAction","target":{"@type":"EntryPoint","urlTemplate":"https:\/\/www.dexeus.com\/fertilitynew\/?s={search_term_string}"},"query-input":{"@type":"PropertyValueSpecification","valueRequired":true,"valueName":"search_term_string"}}],"inLanguage":"fr-FR"},{"@type":"Organization","@id":"https:\/\/www.dexeus.com\/fertilitynew\/#organization","name":"Dexeus Fertility","url":"https:\/\/www.dexeus.com\/fertilitynew\/","logo":{"@type":"ImageObject","inLanguage":"fr-FR","@id":"https:\/\/www.dexeus.com\/fertilitynew\/#\/schema\/logo\/image\/","url":"https:\/\/www.dexeus.com\/fertility\/wp-content\/uploads\/2024\/02\/logofertility.svg","contentUrl":"https:\/\/www.dexeus.com\/fertility\/wp-content\/uploads\/2024\/02\/logofertility.svg","caption":"Dexeus Fertility"},"image":{"@id":"https:\/\/www.dexeus.com\/fertilitynew\/#\/schema\/logo\/image\/"},"sameAs":["https:\/\/www.facebook.com\/dexeusmujer\/","https:\/\/x.com\/dexeusmujer","https:\/\/www.instagram.com\/dexeusmujer","https:\/\/www.youtube.com\/user\/DexeusMujer"]}]}},"_links":{"self":[{"href":"https:\/\/www.dexeus.com\/fertility\/fr\/wp-json\/wp\/v2\/pages\/15211","targetHints":{"allow":["GET"]}}],"collection":[{"href":"https:\/\/www.dexeus.com\/fertility\/fr\/wp-json\/wp\/v2\/pages"}],"about":[{"href":"https:\/\/www.dexeus.com\/fertility\/fr\/wp-json\/wp\/v2\/types\/page"}],"author":[{"embeddable":true,"href":"https:\/\/www.dexeus.com\/fertility\/fr\/wp-json\/wp\/v2\/users\/1"}],"replies":[{"embeddable":true,"href":"https:\/\/www.dexeus.com\/fertility\/fr\/wp-json\/wp\/v2\/comments?post=15211"}],"version-history":[{"count":1,"href":"https:\/\/www.dexeus.com\/fertility\/fr\/wp-json\/wp\/v2\/pages\/15211\/revisions"}],"predecessor-version":[{"id":22826,"href":"https:\/\/www.dexeus.com\/fertility\/fr\/wp-json\/wp\/v2\/pages\/15211\/revisions\/22826"}],"up":[{"embeddable":true,"href":"https:\/\/www.dexeus.com\/fertility\/fr\/wp-json\/wp\/v2\/pages\/15165"}],"wp:featuredmedia":[{"embeddable":true,"href":"https:\/\/www.dexeus.com\/fertility\/fr\/wp-json\/wp\/v2\/media\/6372"}],"wp:attachment":[{"href":"https:\/\/www.dexeus.com\/fertility\/fr\/wp-json\/wp\/v2\/media?parent=15211"}],"curies":[{"name":"wp","href":"https:\/\/api.w.org\/{rel}","templated":true}]}}