{"id":16874,"date":"2024-02-29T15:27:40","date_gmt":"2024-02-29T14:27:40","guid":{"rendered":"https:\/\/www.dexeus.com\/fertility\/calculer-sa-date-dovulation-en-ligne\/"},"modified":"2024-11-11T12:19:52","modified_gmt":"2024-11-11T11:19:52","slug":"calculateur-ovulation","status":"publish","type":"page","link":"https:\/\/www.dexeus.com\/fertility\/fr\/je-ne-tombe-pas-enceinte\/calculateur-ovulation\/","title":{"rendered":"Calculateur d\u2019ovulation"},"content":{"rendered":"\t\t<div data-elementor-type=\"wp-post\" data-elementor-id=\"16874\" class=\"elementor elementor-16874 elementor-3161\" data-elementor-post-type=\"page\">\n\t\t\t\t<div class=\"elementor-element elementor-element-880cd47 e-con-full e-flex e-con e-parent\" data-id=\"880cd47\" data-element_type=\"container\" data-settings=\"{&quot;background_background&quot;:&quot;classic&quot;,&quot;jet_parallax_layout_list&quot;:[]}\">\n\t\t<div class=\"elementor-element elementor-element-17525ed e-flex e-con-boxed e-con e-child\" data-id=\"17525ed\" data-element_type=\"container\" data-settings=\"{&quot;jet_parallax_layout_list&quot;:[]}\">\n\t\t\t\t\t<div class=\"e-con-inner\">\n\t\t\t\t<div class=\"elementor-element elementor-element-d91c64c elementor-widget elementor-widget-heading\" data-id=\"d91c64c\" data-element_type=\"widget\" data-widget_type=\"heading.default\">\n\t\t\t\t<div class=\"elementor-widget-container\">\n\t\t\t\t\t<h1 class=\"elementor-heading-title elementor-size-default\">Calculateur d\u2019ovulation<\/h1>\t\t\t\t<\/div>\n\t\t\t\t<\/div>\n\t\t\t\t\t<\/div>\n\t\t\t\t<\/div>\n\t\t\t\t<\/div>\n\t\t<div class=\"elementor-element elementor-element-80b228e e-flex e-con-boxed e-con e-parent\" data-id=\"80b228e\" data-element_type=\"container\" data-settings=\"{&quot;jet_parallax_layout_list&quot;:[]}\">\n\t\t\t\t\t<div class=\"e-con-inner\">\n\t\t\t\t<div class=\"elementor-element elementor-element-73b7258 elementor-widget elementor-widget-heading\" data-id=\"73b7258\" data-element_type=\"widget\" data-widget_type=\"heading.default\">\n\t\t\t\t<div class=\"elementor-widget-container\">\n\t\t\t\t\t<h2 class=\"elementor-heading-title elementor-size-default\">Vous voulez savoir quels sont les jours o\u00f9 vous \u00eates le plus fertile ?<\/h2>\t\t\t\t<\/div>\n\t\t\t\t<\/div>\n\t\t\t\t\t<\/div>\n\t\t\t\t<\/div>\n\t\t<div class=\"elementor-element elementor-element-d4364b4 e-flex e-con-boxed e-con e-parent\" data-id=\"d4364b4\" data-element_type=\"container\" data-settings=\"{&quot;jet_parallax_layout_list&quot;:[]}\">\n\t\t\t\t\t<div class=\"e-con-inner\">\n\t\t\t\t<div class=\"elementor-element elementor-element-03aec6b elementor-widget elementor-widget-text-editor\" data-id=\"03aec6b\" data-element_type=\"widget\" data-widget_type=\"text-editor.default\">\n\t\t\t\t<div class=\"elementor-widget-container\">\n\t\t\t\t\t\t\t\t\t<p>Vous envisagez une grossesse ? D\u00e9couvrez quels sont les jours les plus fertiles de votre cycle gr\u00e2ce \u00e0 notre calendrier d\u2019ovulation, vous optimiserez ainsi vos chances de tomber enceinte. Pour conna\u00eetre votre date d\u2019ovulation, il vous suffit d\u00b4introduir les dates de votre cycle, le calculateur fera le reste. C\u2019est aussi simple que cela !<\/p>\n<p>N\u2019oubliez pas que ce calculateur d\u2019ovulation est un outil qui repose sur des statistiques. Les donn\u00e9es fournies sont des dates approximatives fond\u00e9es sur un cycle r\u00e9gulier de 20 \u00e0 35 jours. Si votre cycle est irr\u00e9gulier, le calcul de votre date d\u2019ovulation au moyen de ce calendrier peut ne pas \u00eatre fiable. Dans ce cas, nous vous conseillons de consulter votre gyn\u00e9cologue.<\/p>\n<p>Il est \u00e9galement conseill\u00e9 de r\u00e9aliser un bilan de fertilit\u00e9 du couple si cela fait plus d\u2019un an que vous essayez de concevoir sans y parvenir (ou plus de six mois si la femme a plus de 35 ans).<\/p>\n\t\t\t\t\t\t\t\t<\/div>\n\t\t\t\t<\/div>\n\t\t\t\t\t<\/div>\n\t\t\t\t<\/div>\n\t\t<div class=\"elementor-element elementor-element-44ae580 e-flex e-con-boxed e-con e-parent\" data-id=\"44ae580\" data-element_type=\"container\" data-settings=\"{&quot;jet_parallax_layout_list&quot;:[]}\">\n\t\t\t\t\t<div class=\"e-con-inner\">\n\t\t\t\t<div class=\"elementor-element elementor-element-4f6bab5 elementor-widget elementor-widget-html\" data-id=\"4f6bab5\" data-element_type=\"widget\" data-widget_type=\"html.default\">\n\t\t\t\t<div class=\"elementor-widget-container\">\n\t\t\t\t\t<iframe src=\"https:\/\/www.dexeus.com\/calculadora\/calculadora-ovulacion-fr.html\" height=\"500\"><\/iframe>\t\t\t\t<\/div>\n\t\t\t\t<\/div>\n\t\t\t\t\t<\/div>\n\t\t\t\t<\/div>\n\t\t\t\t<\/div>\n\t\t","protected":false},"excerpt":{"rendered":"<p>Vous voulez savoir quels sont les jours o\u00f9 vous \u00eates le plus fertile ? Vous envisagez une grossesse ? D\u00e9couvrez quels sont les jours les plus fertiles de votre cycle gr\u00e2ce \u00e0 notre calendrier d\u2019ovulation, vous optimiserez ainsi vos chances de tomber enceinte. Pour conna\u00eetre votre date d\u2019ovulation, il vous suffit d\u00b4introduir les dates de [&hellip;]<\/p>\n","protected":false},"author":1,"featured_media":6628,"parent":15419,"menu_order":2,"comment_status":"closed","ping_status":"closed","template":"","meta":{"footnotes":""},"class_list":["post-16874","page","type-page","status-publish","has-post-thumbnail","hentry"],"yoast_head":"<!-- This site is optimized with the Yoast SEO plugin v26.8 - https:\/\/yoast.com\/product\/yoast-seo-wordpress\/ -->\n<title>Calculatrice d&#039;ovulation : d\u00e9couvrez quels sont vos jours les plus fertiles<\/title>\n<meta name=\"description\" content=\"Voulez-vous savoir quels sont vos jours les plus fertiles ? D\u00e9couvrez quels sont les jours les plus fertiles de votre cycle gr\u00e2ce \u00e0 notre calculatrice d&#039;ovulation.\" \/>\n<meta name=\"robots\" content=\"index, follow, max-snippet:-1, max-image-preview:large, max-video-preview:-1\" \/>\n<link rel=\"canonical\" href=\"https:\/\/www.dexeus.com\/fertility\/fr\/je-ne-tombe-pas-enceinte\/calculateur-ovulation\/\" \/>\n<meta property=\"og:locale\" content=\"fr_FR\" \/>\n<meta property=\"og:type\" content=\"article\" \/>\n<meta property=\"og:title\" content=\"Calculatrice d&#039;ovulation : d\u00e9couvrez quels sont vos jours les plus fertiles\" \/>\n<meta property=\"og:description\" content=\"Voulez-vous savoir quels sont vos jours les plus fertiles ? D\u00e9couvrez quels sont les jours les plus fertiles de votre cycle gr\u00e2ce \u00e0 notre calculatrice d&#039;ovulation.\" \/>\n<meta property=\"og:url\" content=\"https:\/\/www.dexeus.com\/fertility\/fr\/je-ne-tombe-pas-enceinte\/calculateur-ovulation\/\" \/>\n<meta property=\"og:site_name\" content=\"Dexeus Fertility\" \/>\n<meta property=\"article:publisher\" content=\"https:\/\/www.facebook.com\/dexeusmujer\/\" \/>\n<meta property=\"article:modified_time\" content=\"2024-11-11T11:19:52+00:00\" \/>\n<meta property=\"og:image\" content=\"https:\/\/www.dexeus.com\/fertility\/wp-content\/uploads\/2024\/03\/calculadora.jpg\" \/>\n\t<meta property=\"og:image:width\" content=\"1305\" \/>\n\t<meta property=\"og:image:height\" content=\"640\" \/>\n\t<meta property=\"og:image:type\" content=\"image\/jpeg\" \/>\n<meta name=\"twitter:card\" content=\"summary_large_image\" \/>\n<meta name=\"twitter:site\" content=\"@dexeusmujer\" \/>\n<script type=\"application\/ld+json\" class=\"yoast-schema-graph\">{\"@context\":\"https:\/\/schema.org\",\"@graph\":[{\"@type\":[\"WebPage\",\"MedicalWebPage\"],\"@id\":\"https:\/\/www.dexeus.com\/fertility\/fr\/je-ne-tombe-pas-enceinte\/calculateur-ovulation\/\",\"url\":\"https:\/\/www.dexeus.com\/fertility\/fr\/je-ne-tombe-pas-enceinte\/calculateur-ovulation\/\",\"name\":\"Calculatrice d'ovulation : d\u00e9couvrez quels sont vos jours les plus fertiles\",\"isPartOf\":{\"@id\":\"https:\/\/www.dexeus.com\/fertilitynew\/#website\"},\"primaryImageOfPage\":{\"@id\":\"https:\/\/www.dexeus.com\/fertility\/fr\/je-ne-tombe-pas-enceinte\/calculateur-ovulation\/#primaryimage\"},\"image\":{\"@id\":\"https:\/\/www.dexeus.com\/fertility\/fr\/je-ne-tombe-pas-enceinte\/calculateur-ovulation\/#primaryimage\"},\"thumbnailUrl\":\"https:\/\/www.dexeus.com\/fertility\/wp-content\/uploads\/2024\/03\/calculadora.jpg\",\"datePublished\":\"2024-02-29T14:27:40+00:00\",\"dateModified\":\"2024-11-11T11:19:52+00:00\",\"description\":\"Voulez-vous savoir quels sont vos jours les plus fertiles ? D\u00e9couvrez quels sont les jours les plus fertiles de votre cycle gr\u00e2ce \u00e0 notre calculatrice d'ovulation.\",\"breadcrumb\":{\"@id\":\"https:\/\/www.dexeus.com\/fertility\/fr\/je-ne-tombe-pas-enceinte\/calculateur-ovulation\/#breadcrumb\"},\"inLanguage\":\"fr-FR\",\"potentialAction\":[{\"@type\":\"ReadAction\",\"target\":[\"https:\/\/www.dexeus.com\/fertility\/fr\/je-ne-tombe-pas-enceinte\/calculateur-ovulation\/\"]}]},{\"@type\":\"ImageObject\",\"inLanguage\":\"fr-FR\",\"@id\":\"https:\/\/www.dexeus.com\/fertility\/fr\/je-ne-tombe-pas-enceinte\/calculateur-ovulation\/#primaryimage\",\"url\":\"https:\/\/www.dexeus.com\/fertility\/wp-content\/uploads\/2024\/03\/calculadora.jpg\",\"contentUrl\":\"https:\/\/www.dexeus.com\/fertility\/wp-content\/uploads\/2024\/03\/calculadora.jpg\",\"width\":1305,\"height\":640},{\"@type\":\"BreadcrumbList\",\"@id\":\"https:\/\/www.dexeus.com\/fertility\/fr\/je-ne-tombe-pas-enceinte\/calculateur-ovulation\/#breadcrumb\",\"itemListElement\":[{\"@type\":\"ListItem\",\"position\":1,\"name\":\"Portada\",\"item\":\"https:\/\/www.dexeus.com\/fertility\/fr\/35-ans-dexperience-en-procreation-assistee\/\"},{\"@type\":\"ListItem\",\"position\":2,\"name\":\"Je ne tombe pas enceinte\",\"item\":\"https:\/\/www.dexeus.com\/fertility\/fr\/je-ne-tombe-pas-enceinte\/\"},{\"@type\":\"ListItem\",\"position\":3,\"name\":\"Calculateur d\u2019ovulation\"}]},{\"@type\":\"WebSite\",\"@id\":\"https:\/\/www.dexeus.com\/fertilitynew\/#website\",\"url\":\"https:\/\/www.dexeus.com\/fertilitynew\/\",\"name\":\"Dexeus Fertility\",\"description\":\"Dexeus Mujer es un centro de referencia y pionero en Espa\u00f1a en t\u00e9cnicas de reproducci\u00f3n asistida, con m\u00e1s de 80 a\u00f1os de experiencia en el diagn\u00f3stico y tratamiento de los problemas de fertilidad.\",\"publisher\":{\"@id\":\"https:\/\/www.dexeus.com\/fertilitynew\/#organization\"},\"alternateName\":\"Dexeus fertilidad\",\"potentialAction\":[{\"@type\":\"SearchAction\",\"target\":{\"@type\":\"EntryPoint\",\"urlTemplate\":\"https:\/\/www.dexeus.com\/fertilitynew\/?s={search_term_string}\"},\"query-input\":{\"@type\":\"PropertyValueSpecification\",\"valueRequired\":true,\"valueName\":\"search_term_string\"}}],\"inLanguage\":\"fr-FR\"},{\"@type\":\"Organization\",\"@id\":\"https:\/\/www.dexeus.com\/fertilitynew\/#organization\",\"name\":\"Dexeus Fertility\",\"url\":\"https:\/\/www.dexeus.com\/fertilitynew\/\",\"logo\":{\"@type\":\"ImageObject\",\"inLanguage\":\"fr-FR\",\"@id\":\"https:\/\/www.dexeus.com\/fertilitynew\/#\/schema\/logo\/image\/\",\"url\":\"https:\/\/www.dexeus.com\/fertility\/wp-content\/uploads\/2024\/02\/logofertility.svg\",\"contentUrl\":\"https:\/\/www.dexeus.com\/fertility\/wp-content\/uploads\/2024\/02\/logofertility.svg\",\"caption\":\"Dexeus Fertility\"},\"image\":{\"@id\":\"https:\/\/www.dexeus.com\/fertilitynew\/#\/schema\/logo\/image\/\"},\"sameAs\":[\"https:\/\/www.facebook.com\/dexeusmujer\/\",\"https:\/\/x.com\/dexeusmujer\",\"https:\/\/www.instagram.com\/dexeusmujer\",\"https:\/\/www.youtube.com\/user\/DexeusMujer\"]}]}<\/script>\n<!-- \/ Yoast SEO plugin. -->","yoast_head_json":{"title":"Calculatrice d'ovulation : d\u00e9couvrez quels sont vos jours les plus fertiles","description":"Voulez-vous savoir quels sont vos jours les plus fertiles ? D\u00e9couvrez quels sont les jours les plus fertiles de votre cycle gr\u00e2ce \u00e0 notre calculatrice d'ovulation.","robots":{"index":"index","follow":"follow","max-snippet":"max-snippet:-1","max-image-preview":"max-image-preview:large","max-video-preview":"max-video-preview:-1"},"canonical":"https:\/\/www.dexeus.com\/fertility\/fr\/je-ne-tombe-pas-enceinte\/calculateur-ovulation\/","og_locale":"fr_FR","og_type":"article","og_title":"Calculatrice d'ovulation : d\u00e9couvrez quels sont vos jours les plus fertiles","og_description":"Voulez-vous savoir quels sont vos jours les plus fertiles ? D\u00e9couvrez quels sont les jours les plus fertiles de votre cycle gr\u00e2ce \u00e0 notre calculatrice d'ovulation.","og_url":"https:\/\/www.dexeus.com\/fertility\/fr\/je-ne-tombe-pas-enceinte\/calculateur-ovulation\/","og_site_name":"Dexeus Fertility","article_publisher":"https:\/\/www.facebook.com\/dexeusmujer\/","article_modified_time":"2024-11-11T11:19:52+00:00","og_image":[{"width":1305,"height":640,"url":"https:\/\/www.dexeus.com\/fertility\/wp-content\/uploads\/2024\/03\/calculadora.jpg","type":"image\/jpeg"}],"twitter_card":"summary_large_image","twitter_site":"@dexeusmujer","schema":{"@context":"https:\/\/schema.org","@graph":[{"@type":["WebPage","MedicalWebPage"],"@id":"https:\/\/www.dexeus.com\/fertility\/fr\/je-ne-tombe-pas-enceinte\/calculateur-ovulation\/","url":"https:\/\/www.dexeus.com\/fertility\/fr\/je-ne-tombe-pas-enceinte\/calculateur-ovulation\/","name":"Calculatrice d'ovulation : d\u00e9couvrez quels sont vos jours les plus fertiles","isPartOf":{"@id":"https:\/\/www.dexeus.com\/fertilitynew\/#website"},"primaryImageOfPage":{"@id":"https:\/\/www.dexeus.com\/fertility\/fr\/je-ne-tombe-pas-enceinte\/calculateur-ovulation\/#primaryimage"},"image":{"@id":"https:\/\/www.dexeus.com\/fertility\/fr\/je-ne-tombe-pas-enceinte\/calculateur-ovulation\/#primaryimage"},"thumbnailUrl":"https:\/\/www.dexeus.com\/fertility\/wp-content\/uploads\/2024\/03\/calculadora.jpg","datePublished":"2024-02-29T14:27:40+00:00","dateModified":"2024-11-11T11:19:52+00:00","description":"Voulez-vous savoir quels sont vos jours les plus fertiles ? D\u00e9couvrez quels sont les jours les plus fertiles de votre cycle gr\u00e2ce \u00e0 notre calculatrice d'ovulation.","breadcrumb":{"@id":"https:\/\/www.dexeus.com\/fertility\/fr\/je-ne-tombe-pas-enceinte\/calculateur-ovulation\/#breadcrumb"},"inLanguage":"fr-FR","potentialAction":[{"@type":"ReadAction","target":["https:\/\/www.dexeus.com\/fertility\/fr\/je-ne-tombe-pas-enceinte\/calculateur-ovulation\/"]}]},{"@type":"ImageObject","inLanguage":"fr-FR","@id":"https:\/\/www.dexeus.com\/fertility\/fr\/je-ne-tombe-pas-enceinte\/calculateur-ovulation\/#primaryimage","url":"https:\/\/www.dexeus.com\/fertility\/wp-content\/uploads\/2024\/03\/calculadora.jpg","contentUrl":"https:\/\/www.dexeus.com\/fertility\/wp-content\/uploads\/2024\/03\/calculadora.jpg","width":1305,"height":640},{"@type":"BreadcrumbList","@id":"https:\/\/www.dexeus.com\/fertility\/fr\/je-ne-tombe-pas-enceinte\/calculateur-ovulation\/#breadcrumb","itemListElement":[{"@type":"ListItem","position":1,"name":"Portada","item":"https:\/\/www.dexeus.com\/fertility\/fr\/35-ans-dexperience-en-procreation-assistee\/"},{"@type":"ListItem","position":2,"name":"Je ne tombe pas enceinte","item":"https:\/\/www.dexeus.com\/fertility\/fr\/je-ne-tombe-pas-enceinte\/"},{"@type":"ListItem","position":3,"name":"Calculateur d\u2019ovulation"}]},{"@type":"WebSite","@id":"https:\/\/www.dexeus.com\/fertilitynew\/#website","url":"https:\/\/www.dexeus.com\/fertilitynew\/","name":"Dexeus Fertility","description":"Dexeus Mujer es un centro de referencia y pionero en Espa\u00f1a en t\u00e9cnicas de reproducci\u00f3n asistida, con m\u00e1s de 80 a\u00f1os de experiencia en el diagn\u00f3stico y tratamiento de los problemas de fertilidad.","publisher":{"@id":"https:\/\/www.dexeus.com\/fertilitynew\/#organization"},"alternateName":"Dexeus fertilidad","potentialAction":[{"@type":"SearchAction","target":{"@type":"EntryPoint","urlTemplate":"https:\/\/www.dexeus.com\/fertilitynew\/?s={search_term_string}"},"query-input":{"@type":"PropertyValueSpecification","valueRequired":true,"valueName":"search_term_string"}}],"inLanguage":"fr-FR"},{"@type":"Organization","@id":"https:\/\/www.dexeus.com\/fertilitynew\/#organization","name":"Dexeus Fertility","url":"https:\/\/www.dexeus.com\/fertilitynew\/","logo":{"@type":"ImageObject","inLanguage":"fr-FR","@id":"https:\/\/www.dexeus.com\/fertilitynew\/#\/schema\/logo\/image\/","url":"https:\/\/www.dexeus.com\/fertility\/wp-content\/uploads\/2024\/02\/logofertility.svg","contentUrl":"https:\/\/www.dexeus.com\/fertility\/wp-content\/uploads\/2024\/02\/logofertility.svg","caption":"Dexeus Fertility"},"image":{"@id":"https:\/\/www.dexeus.com\/fertilitynew\/#\/schema\/logo\/image\/"},"sameAs":["https:\/\/www.facebook.com\/dexeusmujer\/","https:\/\/x.com\/dexeusmujer","https:\/\/www.instagram.com\/dexeusmujer","https:\/\/www.youtube.com\/user\/DexeusMujer"]}]}},"_links":{"self":[{"href":"https:\/\/www.dexeus.com\/fertility\/fr\/wp-json\/wp\/v2\/pages\/16874","targetHints":{"allow":["GET"]}}],"collection":[{"href":"https:\/\/www.dexeus.com\/fertility\/fr\/wp-json\/wp\/v2\/pages"}],"about":[{"href":"https:\/\/www.dexeus.com\/fertility\/fr\/wp-json\/wp\/v2\/types\/page"}],"author":[{"embeddable":true,"href":"https:\/\/www.dexeus.com\/fertility\/fr\/wp-json\/wp\/v2\/users\/1"}],"replies":[{"embeddable":true,"href":"https:\/\/www.dexeus.com\/fertility\/fr\/wp-json\/wp\/v2\/comments?post=16874"}],"version-history":[{"count":4,"href":"https:\/\/www.dexeus.com\/fertility\/fr\/wp-json\/wp\/v2\/pages\/16874\/revisions"}],"predecessor-version":[{"id":28703,"href":"https:\/\/www.dexeus.com\/fertility\/fr\/wp-json\/wp\/v2\/pages\/16874\/revisions\/28703"}],"up":[{"embeddable":true,"href":"https:\/\/www.dexeus.com\/fertility\/fr\/wp-json\/wp\/v2\/pages\/15419"}],"wp:featuredmedia":[{"embeddable":true,"href":"https:\/\/www.dexeus.com\/fertility\/fr\/wp-json\/wp\/v2\/media\/6628"}],"wp:attachment":[{"href":"https:\/\/www.dexeus.com\/fertility\/fr\/wp-json\/wp\/v2\/media?parent=16874"}],"curies":[{"name":"wp","href":"https:\/\/api.w.org\/{rel}","templated":true}]}}