{"id":15215,"date":"2024-02-29T15:54:14","date_gmt":"2024-02-29T14:54:14","guid":{"rendered":"https:\/\/www.dexeus.com\/fertility\/laboratori-tecnologici\/"},"modified":"2024-06-11T09:22:22","modified_gmt":"2024-06-11T07:22:22","slug":"laboratori-tecnologici","status":"publish","type":"page","link":"https:\/\/www.dexeus.com\/fertility\/it\/conoscici\/laboratori-tecnologici\/","title":{"rendered":"Laboratori tecnologici"},"content":{"rendered":"\t\t<div data-elementor-type=\"wp-post\" data-elementor-id=\"15215\" class=\"elementor elementor-15215 elementor-3263\" data-elementor-post-type=\"page\">\n\t\t\t\t<div class=\"elementor-element elementor-element-3032402 e-con-full e-flex e-con e-parent\" data-id=\"3032402\" data-element_type=\"container\" data-settings=\"{&quot;background_background&quot;:&quot;classic&quot;,&quot;jet_parallax_layout_list&quot;:[]}\">\n\t\t<div class=\"elementor-element elementor-element-091cb7c e-flex e-con-boxed e-con e-child\" data-id=\"091cb7c\" data-element_type=\"container\" data-settings=\"{&quot;jet_parallax_layout_list&quot;:[]}\">\n\t\t\t\t\t<div class=\"e-con-inner\">\n\t\t\t\t<div class=\"elementor-element elementor-element-c7fcb60 elementor-widget elementor-widget-heading\" data-id=\"c7fcb60\" data-element_type=\"widget\" data-widget_type=\"heading.default\">\n\t\t\t\t<div class=\"elementor-widget-container\">\n\t\t\t\t\t<h1 class=\"elementor-heading-title elementor-size-default\">Laboratori tecnologici<\/h1>\t\t\t\t<\/div>\n\t\t\t\t<\/div>\n\t\t\t\t\t<\/div>\n\t\t\t\t<\/div>\n\t\t\t\t<\/div>\n\t\t<div class=\"elementor-element elementor-element-8ae8372 e-flex e-con-boxed e-con e-parent\" data-id=\"8ae8372\" data-element_type=\"container\" data-settings=\"{&quot;jet_parallax_layout_list&quot;:[]}\">\n\t\t\t\t\t<div class=\"e-con-inner\">\n\t\t<div class=\"elementor-element elementor-element-d760f76 e-flex e-con-boxed e-con e-child\" data-id=\"d760f76\" data-element_type=\"container\" data-settings=\"{&quot;jet_parallax_layout_list&quot;:[]}\">\n\t\t\t\t\t<div class=\"e-con-inner\">\n\t\t\t\t<div class=\"elementor-element elementor-element-542b744 elementor-widget elementor-widget-heading\" data-id=\"542b744\" data-element_type=\"widget\" data-widget_type=\"heading.default\">\n\t\t\t\t<div class=\"elementor-widget-container\">\n\t\t\t\t\t<h2 class=\"elementor-heading-title elementor-size-default\">La tecnologia pi\u00f9 avanzata al servizio della scienza<\/h2>\t\t\t\t<\/div>\n\t\t\t\t<\/div>\n\t\t\t\t<div class=\"elementor-element elementor-element-da2fe37 elementor-widget elementor-widget-text-editor\" data-id=\"da2fe37\" data-element_type=\"widget\" data-widget_type=\"text-editor.default\">\n\t\t\t\t<div class=\"elementor-widget-container\">\n\t\t\t\t\t\t\t\t\t<p>Tutte le attivit\u00e0 del <strong class=\"pink-title\">Servizio di Medicina della Riproduzione<\/strong> ono concentrate in un unico spazio di 1.000 m2 , completamente nuovo e dotato di sistemi di controllo e gestione centralizzati e automatizzati, nonch\u00e9 di <strong>laboratori attrezzati con le pi\u00f9 recenti tecnologie<\/strong>, come incubatrici con tecnologia time-lapse per la coltura degli embrioni e analisi genetiche mediante sequenziamento massivo di nuova generazione.<\/p>\n\t\t\t\t\t\t\t\t<\/div>\n\t\t\t\t<\/div>\n\t\t\t\t\t<\/div>\n\t\t\t\t<\/div>\n\t\t\t\t\t<\/div>\n\t\t\t\t<\/div>\n\t\t<div class=\"elementor-element elementor-element-ad506a5 e-con-full e-flex e-con e-parent\" data-id=\"ad506a5\" data-element_type=\"container\" data-settings=\"{&quot;jet_parallax_layout_list&quot;:[]}\">\n\t\t\t\t<div class=\"elementor-element elementor-element-e8224d8 elementor-widget elementor-widget-shortcode\" data-id=\"e8224d8\" data-element_type=\"widget\" data-widget_type=\"shortcode.default\">\n\t\t\t\t<div class=\"elementor-widget-container\">\n\t\t\t\t\t\t\t<div class=\"elementor-shortcode\">\t\t<div data-elementor-type=\"section\" data-elementor-id=\"19067\" class=\"elementor elementor-19067 elementor-19056\" data-elementor-post-type=\"elementor_library\">\n\t\t\t<div class=\"elementor-element elementor-element-4fdfcc7 e-con-full e-flex e-con e-parent\" data-id=\"4fdfcc7\" data-element_type=\"container\" data-settings=\"{&quot;background_background&quot;:&quot;classic&quot;,&quot;jet_parallax_layout_list&quot;:[]}\">\n\t\t<div class=\"elementor-element elementor-element-3ae6267 image-box e-con-full e-flex e-con e-child\" data-id=\"3ae6267\" data-element_type=\"container\" data-settings=\"{&quot;jet_parallax_layout_list&quot;:[]}\">\n\t\t\t\t<div class=\"elementor-element elementor-element-370a4a3 elementor-widget__width-inherit elementor-widget elementor-widget-image\" data-id=\"370a4a3\" data-element_type=\"widget\" data-widget_type=\"image.default\">\n\t\t\t\t<div class=\"elementor-widget-container\">\n\t\t\t\t\t\t\t\t\t\t\t\t\t\t\t\t<a href=\"https:\/\/it.dexeus.com\/tour-virtual-lab\/it.html\" target=\"_blank\">\n\t\t\t\t\t\t\t<img fetchpriority=\"high\" decoding=\"async\" width=\"300\" height=\"300\" src=\"https:\/\/www.dexeus.com\/fertility\/wp-content\/uploads\/2024\/02\/tour_virtual_lab_repro-1.webp\" class=\"attachment-large size-large wp-image-6079\" alt=\"\" srcset=\"https:\/\/www.dexeus.com\/fertility\/wp-content\/uploads\/2024\/02\/tour_virtual_lab_repro-1.webp 300w, https:\/\/www.dexeus.com\/fertility\/wp-content\/uploads\/2024\/02\/tour_virtual_lab_repro-1-150x150.webp 150w\" sizes=\"(max-width: 300px) 100vw, 300px\" \/>\t\t\t\t\t\t\t\t<\/a>\n\t\t\t\t\t\t\t\t\t\t\t\t\t\t\t<\/div>\n\t\t\t\t<\/div>\n\t\t\t\t<\/div>\n\t\t<div class=\"elementor-element elementor-element-552a1b7 e-con-full e-flex e-con e-child\" data-id=\"552a1b7\" data-element_type=\"container\" data-settings=\"{&quot;background_background&quot;:&quot;classic&quot;,&quot;jet_parallax_layout_list&quot;:[]}\">\n\t\t\t\t<div class=\"elementor-element elementor-element-fab7437 home-box-title elementor-widget elementor-widget-heading\" data-id=\"fab7437\" data-element_type=\"widget\" data-widget_type=\"heading.default\">\n\t\t\t\t<div class=\"elementor-widget-container\">\n\t\t\t\t\t<h3 class=\"elementor-heading-title elementor-size-default\">Scoprite i nostri laboratori di riproduzione assistita<\/h3>\t\t\t\t<\/div>\n\t\t\t\t<\/div>\n\t\t\t\t<div class=\"elementor-element elementor-element-e4874c1 elementor-widget elementor-widget-text-editor\" data-id=\"e4874c1\" data-element_type=\"widget\" data-widget_type=\"text-editor.default\">\n\t\t\t\t<div class=\"elementor-widget-container\">\n\t\t\t\t\t\t\t\t\t<p>Apriamo le porte dei nostri laboratori e delle nostre sale operatorie in questo tour a 360\u00b0. Entrate e scoprite tutti gli angoli e i segreti di Dexeus Woman.<\/p>\n\t\t\t\t\t\t\t\t<\/div>\n\t\t\t\t<\/div>\n\t\t\t\t<div class=\"elementor-element elementor-element-456445c elementor-align-center elementor-widget elementor-widget-button\" data-id=\"456445c\" data-element_type=\"widget\" data-widget_type=\"button.default\">\n\t\t\t\t<div class=\"elementor-widget-container\">\n\t\t\t\t\t\t\t\t\t<div class=\"elementor-button-wrapper\">\n\t\t\t\t\t<a class=\"elementor-button elementor-button-link elementor-size-lg\" href=\"https:\/\/it.dexeus.com\/tour-virtual-lab\/it.html\" target=\"_blank\">\n\t\t\t\t\t\t<span class=\"elementor-button-content-wrapper\">\n\t\t\t\t\t\t\t\t\t<span class=\"elementor-button-text\">Vedi tour virtuale<\/span>\n\t\t\t\t\t<\/span>\n\t\t\t\t\t<\/a>\n\t\t\t\t<\/div>\n\t\t\t\t\t\t\t\t<\/div>\n\t\t\t\t<\/div>\n\t\t\t\t<\/div>\n\t\t\t\t<\/div>\n\t\t\t\t<\/div>\n\t\t<\/div>\n\t\t\t\t\t\t<\/div>\n\t\t\t\t<\/div>\n\t\t\t\t<\/div>\n\t\t\t\t<\/div>\n\t\t","protected":false},"excerpt":{"rendered":"<p>La tecnologia pi\u00f9 avanzata al servizio della scienza Tutte le attivit\u00e0 del Servizio di Medicina della Riproduzione ono concentrate in un unico spazio di 1.000 m2 , completamente nuovo e dotato di sistemi di controllo e gestione centralizzati e automatizzati, nonch\u00e9 di laboratori attrezzati con le pi\u00f9 recenti tecnologie, come incubatrici con tecnologia time-lapse per [&hellip;]<\/p>\n","protected":false},"author":1,"featured_media":6374,"parent":15297,"menu_order":0,"comment_status":"closed","ping_status":"closed","template":"","meta":{"footnotes":""},"class_list":["post-15215","page","type-page","status-publish","has-post-thumbnail","hentry"],"yoast_head":"<!-- This site is optimized with the Yoast SEO plugin v26.8 - https:\/\/yoast.com\/product\/yoast-seo-wordpress\/ -->\n<title>Laboratori propri di Riproduzione Assistita: Dexeus Fertility<\/title>\n<meta name=\"description\" content=\"Dexeus Fertility dispone di laboratori propri di Riproduzione Assistita all&#039;avanguardia. Mettiamo a tua disposizione gli ultimi progressi nella fertilit\u00e0.\" \/>\n<meta name=\"robots\" content=\"index, follow, max-snippet:-1, max-image-preview:large, max-video-preview:-1\" \/>\n<link rel=\"canonical\" href=\"https:\/\/www.dexeus.com\/fertility\/it\/conoscici\/laboratori-tecnologici\/\" \/>\n<meta property=\"og:locale\" content=\"it_IT\" \/>\n<meta property=\"og:type\" content=\"article\" \/>\n<meta property=\"og:title\" content=\"Laboratori propri di Riproduzione Assistita: Dexeus Fertility\" \/>\n<meta property=\"og:description\" content=\"Dexeus Fertility dispone di laboratori propri di Riproduzione Assistita all&#039;avanguardia. Mettiamo a tua disposizione gli ultimi progressi nella fertilit\u00e0.\" \/>\n<meta property=\"og:url\" content=\"https:\/\/www.dexeus.com\/fertility\/it\/conoscici\/laboratori-tecnologici\/\" \/>\n<meta property=\"og:site_name\" content=\"Dexeus Fertility\" \/>\n<meta property=\"article:publisher\" content=\"https:\/\/www.facebook.com\/dexeusmujer\/\" \/>\n<meta property=\"article:modified_time\" content=\"2024-06-11T07:22:22+00:00\" \/>\n<meta property=\"og:image\" content=\"https:\/\/dexeusfertility.enproves.cat\/wp-content\/uploads\/2024\/02\/header-centros-3.webp\" \/>\n\t<meta property=\"og:image:width\" content=\"2500\" \/>\n\t<meta property=\"og:image:height\" content=\"1161\" \/>\n\t<meta property=\"og:image:type\" content=\"image\/webp\" \/>\n<meta name=\"twitter:card\" content=\"summary_large_image\" \/>\n<meta name=\"twitter:site\" content=\"@dexeusmujer\" \/>\n<script type=\"application\/ld+json\" class=\"yoast-schema-graph\">{\"@context\":\"https:\/\/schema.org\",\"@graph\":[{\"@type\":[\"WebPage\",\"MedicalWebPage\"],\"@id\":\"https:\/\/www.dexeus.com\/fertility\/it\/conoscici\/laboratori-tecnologici\/\",\"url\":\"https:\/\/www.dexeus.com\/fertility\/it\/conoscici\/laboratori-tecnologici\/\",\"name\":\"Laboratori propri di Riproduzione Assistita: Dexeus Fertility\",\"isPartOf\":{\"@id\":\"https:\/\/www.dexeus.com\/fertilitynew\/#website\"},\"primaryImageOfPage\":{\"@id\":\"https:\/\/www.dexeus.com\/fertility\/it\/conoscici\/laboratori-tecnologici\/#primaryimage\"},\"image\":{\"@id\":\"https:\/\/www.dexeus.com\/fertility\/it\/conoscici\/laboratori-tecnologici\/#primaryimage\"},\"thumbnailUrl\":\"https:\/\/www.dexeus.com\/fertility\/wp-content\/uploads\/2024\/02\/header-centros-3.webp\",\"datePublished\":\"2024-02-29T14:54:14+00:00\",\"dateModified\":\"2024-06-11T07:22:22+00:00\",\"description\":\"Dexeus Fertility dispone di laboratori propri di Riproduzione Assistita all'avanguardia. Mettiamo a tua disposizione gli ultimi progressi nella fertilit\u00e0.\",\"breadcrumb\":{\"@id\":\"https:\/\/www.dexeus.com\/fertility\/it\/conoscici\/laboratori-tecnologici\/#breadcrumb\"},\"inLanguage\":\"it-IT\",\"potentialAction\":[{\"@type\":\"ReadAction\",\"target\":[\"https:\/\/www.dexeus.com\/fertility\/it\/conoscici\/laboratori-tecnologici\/\"]}]},{\"@type\":\"ImageObject\",\"inLanguage\":\"it-IT\",\"@id\":\"https:\/\/www.dexeus.com\/fertility\/it\/conoscici\/laboratori-tecnologici\/#primaryimage\",\"url\":\"https:\/\/www.dexeus.com\/fertility\/wp-content\/uploads\/2024\/02\/header-centros-3.webp\",\"contentUrl\":\"https:\/\/www.dexeus.com\/fertility\/wp-content\/uploads\/2024\/02\/header-centros-3.webp\",\"width\":2500,\"height\":1161},{\"@type\":\"BreadcrumbList\",\"@id\":\"https:\/\/www.dexeus.com\/fertility\/it\/conoscici\/laboratori-tecnologici\/#breadcrumb\",\"itemListElement\":[{\"@type\":\"ListItem\",\"position\":1,\"name\":\"Portada\",\"item\":\"https:\/\/www.dexeus.com\/fertility\/it\/inizio\/\"},{\"@type\":\"ListItem\",\"position\":2,\"name\":\"Conoscici\",\"item\":\"https:\/\/dexeusfertility.enproves.cat\/it\/conoscici\/\"},{\"@type\":\"ListItem\",\"position\":3,\"name\":\"Laboratori tecnologici\"}]},{\"@type\":\"WebSite\",\"@id\":\"https:\/\/www.dexeus.com\/fertilitynew\/#website\",\"url\":\"https:\/\/www.dexeus.com\/fertilitynew\/\",\"name\":\"Dexeus Fertility\",\"description\":\"Dexeus Mujer es un centro de referencia y pionero en Espa\u00f1a en t\u00e9cnicas de reproducci\u00f3n asistida, con m\u00e1s de 80 a\u00f1os de experiencia en el diagn\u00f3stico y tratamiento de los problemas de fertilidad.\",\"publisher\":{\"@id\":\"https:\/\/www.dexeus.com\/fertilitynew\/#organization\"},\"alternateName\":\"Dexeus fertilidad\",\"potentialAction\":[{\"@type\":\"SearchAction\",\"target\":{\"@type\":\"EntryPoint\",\"urlTemplate\":\"https:\/\/www.dexeus.com\/fertilitynew\/?s={search_term_string}\"},\"query-input\":{\"@type\":\"PropertyValueSpecification\",\"valueRequired\":true,\"valueName\":\"search_term_string\"}}],\"inLanguage\":\"it-IT\"},{\"@type\":\"Organization\",\"@id\":\"https:\/\/www.dexeus.com\/fertilitynew\/#organization\",\"name\":\"Dexeus Fertility\",\"url\":\"https:\/\/www.dexeus.com\/fertilitynew\/\",\"logo\":{\"@type\":\"ImageObject\",\"inLanguage\":\"it-IT\",\"@id\":\"https:\/\/www.dexeus.com\/fertilitynew\/#\/schema\/logo\/image\/\",\"url\":\"https:\/\/www.dexeus.com\/fertility\/wp-content\/uploads\/2024\/02\/logofertility.svg\",\"contentUrl\":\"https:\/\/www.dexeus.com\/fertility\/wp-content\/uploads\/2024\/02\/logofertility.svg\",\"caption\":\"Dexeus Fertility\"},\"image\":{\"@id\":\"https:\/\/www.dexeus.com\/fertilitynew\/#\/schema\/logo\/image\/\"},\"sameAs\":[\"https:\/\/www.facebook.com\/dexeusmujer\/\",\"https:\/\/x.com\/dexeusmujer\",\"https:\/\/www.instagram.com\/dexeusmujer\",\"https:\/\/www.youtube.com\/user\/DexeusMujer\"]}]}<\/script>\n<!-- \/ Yoast SEO plugin. -->","yoast_head_json":{"title":"Laboratori propri di Riproduzione Assistita: Dexeus Fertility","description":"Dexeus Fertility dispone di laboratori propri di Riproduzione Assistita all'avanguardia. Mettiamo a tua disposizione gli ultimi progressi nella fertilit\u00e0.","robots":{"index":"index","follow":"follow","max-snippet":"max-snippet:-1","max-image-preview":"max-image-preview:large","max-video-preview":"max-video-preview:-1"},"canonical":"https:\/\/www.dexeus.com\/fertility\/it\/conoscici\/laboratori-tecnologici\/","og_locale":"it_IT","og_type":"article","og_title":"Laboratori propri di Riproduzione Assistita: Dexeus Fertility","og_description":"Dexeus Fertility dispone di laboratori propri di Riproduzione Assistita all'avanguardia. Mettiamo a tua disposizione gli ultimi progressi nella fertilit\u00e0.","og_url":"https:\/\/www.dexeus.com\/fertility\/it\/conoscici\/laboratori-tecnologici\/","og_site_name":"Dexeus Fertility","article_publisher":"https:\/\/www.facebook.com\/dexeusmujer\/","article_modified_time":"2024-06-11T07:22:22+00:00","og_image":[{"width":2500,"height":1161,"url":"https:\/\/dexeusfertility.enproves.cat\/wp-content\/uploads\/2024\/02\/header-centros-3.webp","type":"image\/webp"}],"twitter_card":"summary_large_image","twitter_site":"@dexeusmujer","schema":{"@context":"https:\/\/schema.org","@graph":[{"@type":["WebPage","MedicalWebPage"],"@id":"https:\/\/www.dexeus.com\/fertility\/it\/conoscici\/laboratori-tecnologici\/","url":"https:\/\/www.dexeus.com\/fertility\/it\/conoscici\/laboratori-tecnologici\/","name":"Laboratori propri di Riproduzione Assistita: Dexeus Fertility","isPartOf":{"@id":"https:\/\/www.dexeus.com\/fertilitynew\/#website"},"primaryImageOfPage":{"@id":"https:\/\/www.dexeus.com\/fertility\/it\/conoscici\/laboratori-tecnologici\/#primaryimage"},"image":{"@id":"https:\/\/www.dexeus.com\/fertility\/it\/conoscici\/laboratori-tecnologici\/#primaryimage"},"thumbnailUrl":"https:\/\/www.dexeus.com\/fertility\/wp-content\/uploads\/2024\/02\/header-centros-3.webp","datePublished":"2024-02-29T14:54:14+00:00","dateModified":"2024-06-11T07:22:22+00:00","description":"Dexeus Fertility dispone di laboratori propri di Riproduzione Assistita all'avanguardia. Mettiamo a tua disposizione gli ultimi progressi nella fertilit\u00e0.","breadcrumb":{"@id":"https:\/\/www.dexeus.com\/fertility\/it\/conoscici\/laboratori-tecnologici\/#breadcrumb"},"inLanguage":"it-IT","potentialAction":[{"@type":"ReadAction","target":["https:\/\/www.dexeus.com\/fertility\/it\/conoscici\/laboratori-tecnologici\/"]}]},{"@type":"ImageObject","inLanguage":"it-IT","@id":"https:\/\/www.dexeus.com\/fertility\/it\/conoscici\/laboratori-tecnologici\/#primaryimage","url":"https:\/\/www.dexeus.com\/fertility\/wp-content\/uploads\/2024\/02\/header-centros-3.webp","contentUrl":"https:\/\/www.dexeus.com\/fertility\/wp-content\/uploads\/2024\/02\/header-centros-3.webp","width":2500,"height":1161},{"@type":"BreadcrumbList","@id":"https:\/\/www.dexeus.com\/fertility\/it\/conoscici\/laboratori-tecnologici\/#breadcrumb","itemListElement":[{"@type":"ListItem","position":1,"name":"Portada","item":"https:\/\/www.dexeus.com\/fertility\/it\/inizio\/"},{"@type":"ListItem","position":2,"name":"Conoscici","item":"https:\/\/dexeusfertility.enproves.cat\/it\/conoscici\/"},{"@type":"ListItem","position":3,"name":"Laboratori tecnologici"}]},{"@type":"WebSite","@id":"https:\/\/www.dexeus.com\/fertilitynew\/#website","url":"https:\/\/www.dexeus.com\/fertilitynew\/","name":"Dexeus Fertility","description":"Dexeus Mujer es un centro de referencia y pionero en Espa\u00f1a en t\u00e9cnicas de reproducci\u00f3n asistida, con m\u00e1s de 80 a\u00f1os de experiencia en el diagn\u00f3stico y tratamiento de los problemas de fertilidad.","publisher":{"@id":"https:\/\/www.dexeus.com\/fertilitynew\/#organization"},"alternateName":"Dexeus fertilidad","potentialAction":[{"@type":"SearchAction","target":{"@type":"EntryPoint","urlTemplate":"https:\/\/www.dexeus.com\/fertilitynew\/?s={search_term_string}"},"query-input":{"@type":"PropertyValueSpecification","valueRequired":true,"valueName":"search_term_string"}}],"inLanguage":"it-IT"},{"@type":"Organization","@id":"https:\/\/www.dexeus.com\/fertilitynew\/#organization","name":"Dexeus Fertility","url":"https:\/\/www.dexeus.com\/fertilitynew\/","logo":{"@type":"ImageObject","inLanguage":"it-IT","@id":"https:\/\/www.dexeus.com\/fertilitynew\/#\/schema\/logo\/image\/","url":"https:\/\/www.dexeus.com\/fertility\/wp-content\/uploads\/2024\/02\/logofertility.svg","contentUrl":"https:\/\/www.dexeus.com\/fertility\/wp-content\/uploads\/2024\/02\/logofertility.svg","caption":"Dexeus Fertility"},"image":{"@id":"https:\/\/www.dexeus.com\/fertilitynew\/#\/schema\/logo\/image\/"},"sameAs":["https:\/\/www.facebook.com\/dexeusmujer\/","https:\/\/x.com\/dexeusmujer","https:\/\/www.instagram.com\/dexeusmujer","https:\/\/www.youtube.com\/user\/DexeusMujer"]}]}},"_links":{"self":[{"href":"https:\/\/www.dexeus.com\/fertility\/it\/wp-json\/wp\/v2\/pages\/15215","targetHints":{"allow":["GET"]}}],"collection":[{"href":"https:\/\/www.dexeus.com\/fertility\/it\/wp-json\/wp\/v2\/pages"}],"about":[{"href":"https:\/\/www.dexeus.com\/fertility\/it\/wp-json\/wp\/v2\/types\/page"}],"author":[{"embeddable":true,"href":"https:\/\/www.dexeus.com\/fertility\/it\/wp-json\/wp\/v2\/users\/1"}],"replies":[{"embeddable":true,"href":"https:\/\/www.dexeus.com\/fertility\/it\/wp-json\/wp\/v2\/comments?post=15215"}],"version-history":[{"count":1,"href":"https:\/\/www.dexeus.com\/fertility\/it\/wp-json\/wp\/v2\/pages\/15215\/revisions"}],"predecessor-version":[{"id":22827,"href":"https:\/\/www.dexeus.com\/fertility\/it\/wp-json\/wp\/v2\/pages\/15215\/revisions\/22827"}],"up":[{"embeddable":true,"href":"https:\/\/www.dexeus.com\/fertility\/it\/wp-json\/wp\/v2\/pages\/15297"}],"wp:featuredmedia":[{"embeddable":true,"href":"https:\/\/www.dexeus.com\/fertility\/it\/wp-json\/wp\/v2\/media\/6374"}],"wp:attachment":[{"href":"https:\/\/www.dexeus.com\/fertility\/it\/wp-json\/wp\/v2\/media?parent=15215"}],"curies":[{"name":"wp","href":"https:\/\/api.w.org\/{rel}","templated":true}]}}