{"id":15439,"date":"2024-02-29T15:28:10","date_gmt":"2024-02-29T14:28:10","guid":{"rendered":"https:\/\/www.dexeus.com\/fertility\/non-rimango-incinta\/consigli-prima-della-gravidanza\/"},"modified":"2024-11-11T12:21:35","modified_gmt":"2024-11-11T11:21:35","slug":"consigli-prima-gravidanza","status":"publish","type":"page","link":"https:\/\/www.dexeus.com\/fertility\/it\/non-rimango-incinta\/consigli-prima-gravidanza\/","title":{"rendered":"Consigli prima della gravidanza"},"content":{"rendered":"\t\t<div data-elementor-type=\"wp-post\" data-elementor-id=\"15439\" class=\"elementor elementor-15439 elementor-3166\" data-elementor-post-type=\"page\">\n\t\t\t\t<div class=\"elementor-element elementor-element-f1a0ed3 e-con-full e-flex e-con e-parent\" data-id=\"f1a0ed3\" data-element_type=\"container\" data-settings=\"{&quot;background_background&quot;:&quot;classic&quot;,&quot;jet_parallax_layout_list&quot;:[]}\">\n\t\t<div class=\"elementor-element elementor-element-a9882f3 e-flex e-con-boxed e-con e-child\" data-id=\"a9882f3\" data-element_type=\"container\" data-settings=\"{&quot;jet_parallax_layout_list&quot;:[]}\">\n\t\t\t\t\t<div class=\"e-con-inner\">\n\t\t\t\t<div class=\"elementor-element elementor-element-964aca3 elementor-widget elementor-widget-heading\" data-id=\"964aca3\" data-element_type=\"widget\" data-widget_type=\"heading.default\">\n\t\t\t\t<div class=\"elementor-widget-container\">\n\t\t\t\t\t<h1 class=\"elementor-heading-title elementor-size-default\">Consigli prima della gravidanza<\/h1>\t\t\t\t<\/div>\n\t\t\t\t<\/div>\n\t\t\t\t\t<\/div>\n\t\t\t\t<\/div>\n\t\t\t\t<\/div>\n\t\t<div class=\"elementor-element elementor-element-dc5b37a e-flex e-con-boxed e-con e-parent\" data-id=\"dc5b37a\" data-element_type=\"container\" data-settings=\"{&quot;jet_parallax_layout_list&quot;:[]}\">\n\t\t\t\t\t<div class=\"e-con-inner\">\n\t\t\t\t<div class=\"elementor-element elementor-element-f07664e elementor-widget elementor-widget-text-editor\" data-id=\"f07664e\" data-element_type=\"widget\" data-widget_type=\"text-editor.default\">\n\t\t\t\t<div class=\"elementor-widget-container\">\n\t\t\t\t\t\t\t\t\t<p>Generalmente si pensa che se il rapporto sessuale avviene vicino al giorno dell\u2019ovulazione, la gravidanza \u00e8 certa, ma non \u00e8 sempre cos\u00ec.<\/p>\n<p>In realt\u00e0, la nostra specie ha un basso potere riproduttivo, per cui la possibilit\u00e0 di gravidanza, quando il contatto sessuale avviene durante il periodo di ovulazione, in una coppia con meno di 35 anni e senza fattori di infertilit\u00e0, \u00e8 solo del 18-35% al mese.<\/p>\n<p>Tuttavia, bisogna notare che dopo i 35 anni la fertilit\u00e0 di una donna diminuisce. A 40 anni la possibilit\u00e0 mensile di ottenere una gravidanza \u00e8 inferiore al 10%. Tuttavia, questo non significa che la gravidanza sia impossibile dopo questa et\u00e0.<\/p>\n<p>Per ora, se hai intenzione di diventare madre, prendi nota di alcune cose da tenere a mente:<\/p>\n\t\t\t\t\t\t\t\t<\/div>\n\t\t\t\t<\/div>\n\t\t\t\t\t<\/div>\n\t\t\t\t<\/div>\n\t\t<div class=\"elementor-element elementor-element-97e5913 e-flex e-con-boxed e-con e-parent\" data-id=\"97e5913\" data-element_type=\"container\" data-settings=\"{&quot;jet_parallax_layout_list&quot;:[]}\">\n\t\t\t\t\t<div class=\"e-con-inner\">\n\t\t<div class=\"elementor-element elementor-element-f2824e9 e-flex e-con-boxed e-con e-child\" data-id=\"f2824e9\" data-element_type=\"container\" data-settings=\"{&quot;jet_parallax_layout_list&quot;:[]}\">\n\t\t\t\t\t<div class=\"e-con-inner\">\n\t\t\t\t<div class=\"elementor-element elementor-element-3521e8b elementor-widget elementor-widget-image\" data-id=\"3521e8b\" data-element_type=\"widget\" data-widget_type=\"image.default\">\n\t\t\t\t<div class=\"elementor-widget-container\">\n\t\t\t\t\t\t\t\t\t\t\t\t\t\t\t<img fetchpriority=\"high\" decoding=\"async\" width=\"293\" height=\"293\" src=\"https:\/\/www.dexeus.com\/fertility\/wp-content\/uploads\/2024\/05\/112.png\" class=\"attachment-large size-large wp-image-20902\" alt=\"\" srcset=\"https:\/\/www.dexeus.com\/fertility\/wp-content\/uploads\/2024\/05\/112.png 293w, https:\/\/www.dexeus.com\/fertility\/wp-content\/uploads\/2024\/05\/112-150x150.png 150w\" sizes=\"(max-width: 293px) 100vw, 293px\" \/>\t\t\t\t\t\t\t\t\t\t\t\t\t\t\t<\/div>\n\t\t\t\t<\/div>\n\t\t\t\t<div class=\"elementor-element elementor-element-74e9b8b elementor-widget elementor-widget-heading\" data-id=\"74e9b8b\" data-element_type=\"widget\" data-widget_type=\"heading.default\">\n\t\t\t\t<div class=\"elementor-widget-container\">\n\t\t\t\t\t<h4 class=\"elementor-heading-title elementor-size-default\">Elimina o riduci il consumo di tabacco e alcol.<\/h4>\t\t\t\t<\/div>\n\t\t\t\t<\/div>\n\t\t\t\t\t<\/div>\n\t\t\t\t<\/div>\n\t\t<div class=\"elementor-element elementor-element-be103d8 e-flex e-con-boxed e-con e-child\" data-id=\"be103d8\" data-element_type=\"container\" data-settings=\"{&quot;jet_parallax_layout_list&quot;:[]}\">\n\t\t\t\t\t<div class=\"e-con-inner\">\n\t\t\t\t<div class=\"elementor-element elementor-element-9d672eb elementor-widget elementor-widget-image\" data-id=\"9d672eb\" data-element_type=\"widget\" data-widget_type=\"image.default\">\n\t\t\t\t<div class=\"elementor-widget-container\">\n\t\t\t\t\t\t\t\t\t\t\t\t\t\t\t<img decoding=\"async\" width=\"293\" height=\"293\" src=\"https:\/\/www.dexeus.com\/fertility\/wp-content\/uploads\/2024\/05\/113.png\" class=\"attachment-large size-large wp-image-20920\" alt=\"\" srcset=\"https:\/\/www.dexeus.com\/fertility\/wp-content\/uploads\/2024\/05\/113.png 293w, https:\/\/www.dexeus.com\/fertility\/wp-content\/uploads\/2024\/05\/113-150x150.png 150w\" sizes=\"(max-width: 293px) 100vw, 293px\" \/>\t\t\t\t\t\t\t\t\t\t\t\t\t\t\t<\/div>\n\t\t\t\t<\/div>\n\t\t\t\t<div class=\"elementor-element elementor-element-138a819 elementor-widget elementor-widget-heading\" data-id=\"138a819\" data-element_type=\"widget\" data-widget_type=\"heading.default\">\n\t\t\t\t<div class=\"elementor-widget-container\">\n\t\t\t\t\t<h4 class=\"elementor-heading-title elementor-size-default\">Se hai un ritardo mestruale, non assumere medicinali.<\/h4>\t\t\t\t<\/div>\n\t\t\t\t<\/div>\n\t\t\t\t\t<\/div>\n\t\t\t\t<\/div>\n\t\t<div class=\"elementor-element elementor-element-262ad33 e-flex e-con-boxed e-con e-child\" data-id=\"262ad33\" data-element_type=\"container\" data-settings=\"{&quot;jet_parallax_layout_list&quot;:[]}\">\n\t\t\t\t\t<div class=\"e-con-inner\">\n\t\t\t\t<div class=\"elementor-element elementor-element-505510b elementor-widget elementor-widget-image\" data-id=\"505510b\" data-element_type=\"widget\" data-widget_type=\"image.default\">\n\t\t\t\t<div class=\"elementor-widget-container\">\n\t\t\t\t\t\t\t\t\t\t\t\t\t\t\t<img decoding=\"async\" width=\"293\" height=\"292\" src=\"https:\/\/www.dexeus.com\/fertility\/wp-content\/uploads\/2024\/05\/01.png\" class=\"attachment-large size-large wp-image-19102\" alt=\"\" srcset=\"https:\/\/www.dexeus.com\/fertility\/wp-content\/uploads\/2024\/05\/01.png 293w, https:\/\/www.dexeus.com\/fertility\/wp-content\/uploads\/2024\/05\/01-150x150.png 150w\" sizes=\"(max-width: 293px) 100vw, 293px\" \/>\t\t\t\t\t\t\t\t\t\t\t\t\t\t\t<\/div>\n\t\t\t\t<\/div>\n\t\t\t\t<div class=\"elementor-element elementor-element-38d4f74 elementor-widget elementor-widget-heading\" data-id=\"38d4f74\" data-element_type=\"widget\" data-widget_type=\"heading.default\">\n\t\t\t\t<div class=\"elementor-widget-container\">\n\t\t\t\t\t<h4 class=\"elementor-heading-title elementor-size-default\">Se \u00e8 necessario vaccinati contro tetano, epatite B e rosolia.<\/h4>\t\t\t\t<\/div>\n\t\t\t\t<\/div>\n\t\t\t\t\t<\/div>\n\t\t\t\t<\/div>\n\t\t\t\t\t<\/div>\n\t\t\t\t<\/div>\n\t\t<div class=\"elementor-element elementor-element-ce3ebd3 e-flex e-con-boxed e-con e-parent\" data-id=\"ce3ebd3\" data-element_type=\"container\" data-settings=\"{&quot;jet_parallax_layout_list&quot;:[]}\">\n\t\t\t\t\t<div class=\"e-con-inner\">\n\t\t<div class=\"elementor-element elementor-element-6042096 e-flex e-con-boxed e-con e-child\" data-id=\"6042096\" data-element_type=\"container\" data-settings=\"{&quot;jet_parallax_layout_list&quot;:[]}\">\n\t\t\t\t\t<div class=\"e-con-inner\">\n\t\t\t\t<div class=\"elementor-element elementor-element-057d166 elementor-widget elementor-widget-image\" data-id=\"057d166\" data-element_type=\"widget\" data-widget_type=\"image.default\">\n\t\t\t\t<div class=\"elementor-widget-container\">\n\t\t\t\t\t\t\t\t\t\t\t\t\t\t\t<img loading=\"lazy\" decoding=\"async\" width=\"293\" height=\"293\" src=\"https:\/\/www.dexeus.com\/fertility\/wp-content\/uploads\/2024\/05\/114.png\" class=\"attachment-large size-large wp-image-20914\" alt=\"\" srcset=\"https:\/\/www.dexeus.com\/fertility\/wp-content\/uploads\/2024\/05\/114.png 293w, https:\/\/www.dexeus.com\/fertility\/wp-content\/uploads\/2024\/05\/114-150x150.png 150w\" sizes=\"(max-width: 293px) 100vw, 293px\" \/>\t\t\t\t\t\t\t\t\t\t\t\t\t\t\t<\/div>\n\t\t\t\t<\/div>\n\t\t\t\t<div class=\"elementor-element elementor-element-1e004ef elementor-widget elementor-widget-heading\" data-id=\"1e004ef\" data-element_type=\"widget\" data-widget_type=\"heading.default\">\n\t\t\t\t<div class=\"elementor-widget-container\">\n\t\t\t\t\t<h4 class=\"elementor-heading-title elementor-size-default\">Pratica un\u2019attivit\u00e0 fisica adeguata.<\/h4>\t\t\t\t<\/div>\n\t\t\t\t<\/div>\n\t\t\t\t\t<\/div>\n\t\t\t\t<\/div>\n\t\t<div class=\"elementor-element elementor-element-08c9814 e-flex e-con-boxed e-con e-child\" data-id=\"08c9814\" data-element_type=\"container\" data-settings=\"{&quot;jet_parallax_layout_list&quot;:[]}\">\n\t\t\t\t\t<div class=\"e-con-inner\">\n\t\t\t\t<div class=\"elementor-element elementor-element-849bfba elementor-widget elementor-widget-image\" data-id=\"849bfba\" data-element_type=\"widget\" data-widget_type=\"image.default\">\n\t\t\t\t<div class=\"elementor-widget-container\">\n\t\t\t\t\t\t\t\t\t\t\t\t\t\t\t<img loading=\"lazy\" decoding=\"async\" width=\"293\" height=\"293\" src=\"https:\/\/www.dexeus.com\/fertility\/wp-content\/uploads\/2024\/05\/111.png\" class=\"attachment-large size-large wp-image-20926\" alt=\"\" srcset=\"https:\/\/www.dexeus.com\/fertility\/wp-content\/uploads\/2024\/05\/111.png 293w, https:\/\/www.dexeus.com\/fertility\/wp-content\/uploads\/2024\/05\/111-150x150.png 150w\" sizes=\"(max-width: 293px) 100vw, 293px\" \/>\t\t\t\t\t\t\t\t\t\t\t\t\t\t\t<\/div>\n\t\t\t\t<\/div>\n\t\t\t\t<div class=\"elementor-element elementor-element-4d8aed5 elementor-widget elementor-widget-heading\" data-id=\"4d8aed5\" data-element_type=\"widget\" data-widget_type=\"heading.default\">\n\t\t\t\t<div class=\"elementor-widget-container\">\n\t\t\t\t\t<h4 class=\"elementor-heading-title elementor-size-default\">Tieni sotto controllo peso e alimentazione.<\/h4>\t\t\t\t<\/div>\n\t\t\t\t<\/div>\n\t\t\t\t\t<\/div>\n\t\t\t\t<\/div>\n\t\t<div class=\"elementor-element elementor-element-6ed7c6d e-flex e-con-boxed e-con e-child\" data-id=\"6ed7c6d\" data-element_type=\"container\" data-settings=\"{&quot;jet_parallax_layout_list&quot;:[]}\">\n\t\t\t\t\t<div class=\"e-con-inner\">\n\t\t\t\t<div class=\"elementor-element elementor-element-cd2801e elementor-widget elementor-widget-image\" data-id=\"cd2801e\" data-element_type=\"widget\" data-widget_type=\"image.default\">\n\t\t\t\t<div class=\"elementor-widget-container\">\n\t\t\t\t\t\t\t\t\t\t\t\t\t\t\t<img loading=\"lazy\" decoding=\"async\" width=\"293\" height=\"293\" src=\"https:\/\/www.dexeus.com\/fertility\/wp-content\/uploads\/2024\/05\/65.png\" class=\"attachment-large size-large wp-image-19486\" alt=\"\" srcset=\"https:\/\/www.dexeus.com\/fertility\/wp-content\/uploads\/2024\/05\/65.png 293w, https:\/\/www.dexeus.com\/fertility\/wp-content\/uploads\/2024\/05\/65-150x150.png 150w\" sizes=\"(max-width: 293px) 100vw, 293px\" \/>\t\t\t\t\t\t\t\t\t\t\t\t\t\t\t<\/div>\n\t\t\t\t<\/div>\n\t\t\t\t<div class=\"elementor-element elementor-element-073f479 elementor-widget elementor-widget-heading\" data-id=\"073f479\" data-element_type=\"widget\" data-widget_type=\"heading.default\">\n\t\t\t\t<div class=\"elementor-widget-container\">\n\t\t\t\t\t<h4 class=\"elementor-heading-title elementor-size-default\">Richiedi sin da ora una visita presso la nostra struttura.<\/h4>\t\t\t\t<\/div>\n\t\t\t\t<\/div>\n\t\t\t\t\t<\/div>\n\t\t\t\t<\/div>\n\t\t\t\t\t<\/div>\n\t\t\t\t<\/div>\n\t\t<div class=\"elementor-element elementor-element-0ba6270 e-flex e-con-boxed e-con e-parent\" data-id=\"0ba6270\" data-element_type=\"container\" data-settings=\"{&quot;jet_parallax_layout_list&quot;:[]}\">\n\t\t\t\t\t<div class=\"e-con-inner\">\n\t\t\t\t<div class=\"elementor-element elementor-element-d9d2596 elementor-widget elementor-widget-text-editor\" data-id=\"d9d2596\" data-element_type=\"widget\" data-widget_type=\"text-editor.default\">\n\t\t\t\t<div class=\"elementor-widget-container\">\n\t\t\t\t\t\t\t\t\t<p>Il buon esito della gravidanza, la salute del feto e del neonato e il suo successivo sviluppo dipendono in larga misura dalla salute della madre e dalle cure che ha ricevuto prima della gravidanza.<\/p>\n<p>Le cure mediche in gravidanza non devono iniziare alla prima irregolarit\u00e0 mestruale, ma devono precedere la gestazione.<\/p>\n<p>La valutazione preconcezionale delle condizioni fisiche, biologiche e psicologiche della futura madre, cos\u00ec come del suo ambiente, permette di metterla nelle migliori condizioni di salute possibili, aiutandola a scegliere il momento pi\u00f9 ottimale per l\u2019inizio della gravidanza. Questo obiettivo \u00e8 ancora pi\u00f9 pressante nel caso di coppie che hanno avuto problemi in gravidanze precedenti.<\/p>\n\t\t\t\t\t\t\t\t<\/div>\n\t\t\t\t<\/div>\n\t\t\t\t\t<\/div>\n\t\t\t\t<\/div>\n\t\t\t\t<\/div>\n\t\t","protected":false},"excerpt":{"rendered":"<p>Generalmente si pensa che se il rapporto sessuale avviene vicino al giorno dell\u2019ovulazione, la gravidanza \u00e8 certa, ma non \u00e8 sempre cos\u00ec. In realt\u00e0, la nostra specie ha un basso potere riproduttivo, per cui la possibilit\u00e0 di gravidanza, quando il contatto sessuale avviene durante il periodo di ovulazione, in una coppia con meno di 35 [&hellip;]<\/p>\n","protected":false},"author":1,"featured_media":6635,"parent":15423,"menu_order":3,"comment_status":"closed","ping_status":"closed","template":"","meta":{"footnotes":""},"class_list":["post-15439","page","type-page","status-publish","has-post-thumbnail","hentry"],"yoast_head":"<!-- This site is optimized with the Yoast SEO plugin v26.8 - https:\/\/yoast.com\/product\/yoast-seo-wordpress\/ -->\n<title>Come rimanere incinta? Consigli di Dexeus Fertility<\/title>\n<meta name=\"description\" content=\"Presso Dexeus Fertility ti forniamo consigli medici per rimanere incinta. Mettiamo a tua disposizione pi\u00f9 di 80 anni di esperienza.\" \/>\n<meta name=\"robots\" content=\"index, follow, max-snippet:-1, max-image-preview:large, max-video-preview:-1\" \/>\n<link rel=\"canonical\" href=\"https:\/\/www.dexeus.com\/fertility\/it\/non-rimango-incinta\/consigli-prima-gravidanza\/\" \/>\n<meta property=\"og:locale\" content=\"it_IT\" \/>\n<meta property=\"og:type\" content=\"article\" \/>\n<meta property=\"og:title\" content=\"Come rimanere incinta? Consigli di Dexeus Fertility\" \/>\n<meta property=\"og:description\" content=\"Presso Dexeus Fertility ti forniamo consigli medici per rimanere incinta. Mettiamo a tua disposizione pi\u00f9 di 80 anni di esperienza.\" \/>\n<meta property=\"og:url\" content=\"https:\/\/www.dexeus.com\/fertility\/it\/non-rimango-incinta\/consigli-prima-gravidanza\/\" \/>\n<meta property=\"og:site_name\" content=\"Dexeus Fertility\" \/>\n<meta property=\"article:publisher\" content=\"https:\/\/www.facebook.com\/dexeusmujer\/\" \/>\n<meta property=\"article:modified_time\" content=\"2024-11-11T11:21:35+00:00\" \/>\n<meta property=\"og:image\" content=\"https:\/\/www.dexeus.com\/fertility\/wp-content\/uploads\/2024\/03\/consejos-quedarte-embarazada-1.webp\" \/>\n\t<meta property=\"og:image:width\" content=\"2500\" \/>\n\t<meta property=\"og:image:height\" content=\"1161\" \/>\n\t<meta property=\"og:image:type\" content=\"image\/webp\" \/>\n<meta name=\"twitter:card\" content=\"summary_large_image\" \/>\n<meta name=\"twitter:site\" content=\"@dexeusmujer\" \/>\n<script type=\"application\/ld+json\" class=\"yoast-schema-graph\">{\"@context\":\"https:\/\/schema.org\",\"@graph\":[{\"@type\":[\"WebPage\",\"MedicalWebPage\"],\"@id\":\"https:\/\/www.dexeus.com\/fertility\/it\/non-rimango-incinta\/consigli-prima-gravidanza\/\",\"url\":\"https:\/\/www.dexeus.com\/fertility\/it\/non-rimango-incinta\/consigli-prima-gravidanza\/\",\"name\":\"Come rimanere incinta? Consigli di Dexeus Fertility\",\"isPartOf\":{\"@id\":\"https:\/\/www.dexeus.com\/fertilitynew\/#website\"},\"primaryImageOfPage\":{\"@id\":\"https:\/\/www.dexeus.com\/fertility\/it\/non-rimango-incinta\/consigli-prima-gravidanza\/#primaryimage\"},\"image\":{\"@id\":\"https:\/\/www.dexeus.com\/fertility\/it\/non-rimango-incinta\/consigli-prima-gravidanza\/#primaryimage\"},\"thumbnailUrl\":\"https:\/\/www.dexeus.com\/fertility\/wp-content\/uploads\/2024\/03\/consejos-quedarte-embarazada-1.webp\",\"datePublished\":\"2024-02-29T14:28:10+00:00\",\"dateModified\":\"2024-11-11T11:21:35+00:00\",\"description\":\"Presso Dexeus Fertility ti forniamo consigli medici per rimanere incinta. Mettiamo a tua disposizione pi\u00f9 di 80 anni di esperienza.\",\"breadcrumb\":{\"@id\":\"https:\/\/www.dexeus.com\/fertility\/it\/non-rimango-incinta\/consigli-prima-gravidanza\/#breadcrumb\"},\"inLanguage\":\"it-IT\",\"potentialAction\":[{\"@type\":\"ReadAction\",\"target\":[\"https:\/\/www.dexeus.com\/fertility\/it\/non-rimango-incinta\/consigli-prima-gravidanza\/\"]}]},{\"@type\":\"ImageObject\",\"inLanguage\":\"it-IT\",\"@id\":\"https:\/\/www.dexeus.com\/fertility\/it\/non-rimango-incinta\/consigli-prima-gravidanza\/#primaryimage\",\"url\":\"https:\/\/www.dexeus.com\/fertility\/wp-content\/uploads\/2024\/03\/consejos-quedarte-embarazada-1.webp\",\"contentUrl\":\"https:\/\/www.dexeus.com\/fertility\/wp-content\/uploads\/2024\/03\/consejos-quedarte-embarazada-1.webp\",\"width\":2500,\"height\":1161},{\"@type\":\"BreadcrumbList\",\"@id\":\"https:\/\/www.dexeus.com\/fertility\/it\/non-rimango-incinta\/consigli-prima-gravidanza\/#breadcrumb\",\"itemListElement\":[{\"@type\":\"ListItem\",\"position\":1,\"name\":\"Portada\",\"item\":\"https:\/\/www.dexeus.com\/fertility\/it\/inizio\/\"},{\"@type\":\"ListItem\",\"position\":2,\"name\":\"Non rimango incinta\",\"item\":\"https:\/\/www.dexeus.com\/fertility\/it\/non-rimango-incinta\/\"},{\"@type\":\"ListItem\",\"position\":3,\"name\":\"Consigli prima della gravidanza\"}]},{\"@type\":\"WebSite\",\"@id\":\"https:\/\/www.dexeus.com\/fertilitynew\/#website\",\"url\":\"https:\/\/www.dexeus.com\/fertilitynew\/\",\"name\":\"Dexeus Fertility\",\"description\":\"Dexeus Mujer es un centro de referencia y pionero en Espa\u00f1a en t\u00e9cnicas de reproducci\u00f3n asistida, con m\u00e1s de 80 a\u00f1os de experiencia en el diagn\u00f3stico y tratamiento de los problemas de fertilidad.\",\"publisher\":{\"@id\":\"https:\/\/www.dexeus.com\/fertilitynew\/#organization\"},\"alternateName\":\"Dexeus fertilidad\",\"potentialAction\":[{\"@type\":\"SearchAction\",\"target\":{\"@type\":\"EntryPoint\",\"urlTemplate\":\"https:\/\/www.dexeus.com\/fertilitynew\/?s={search_term_string}\"},\"query-input\":{\"@type\":\"PropertyValueSpecification\",\"valueRequired\":true,\"valueName\":\"search_term_string\"}}],\"inLanguage\":\"it-IT\"},{\"@type\":\"Organization\",\"@id\":\"https:\/\/www.dexeus.com\/fertilitynew\/#organization\",\"name\":\"Dexeus Fertility\",\"url\":\"https:\/\/www.dexeus.com\/fertilitynew\/\",\"logo\":{\"@type\":\"ImageObject\",\"inLanguage\":\"it-IT\",\"@id\":\"https:\/\/www.dexeus.com\/fertilitynew\/#\/schema\/logo\/image\/\",\"url\":\"https:\/\/www.dexeus.com\/fertility\/wp-content\/uploads\/2024\/02\/logofertility.svg\",\"contentUrl\":\"https:\/\/www.dexeus.com\/fertility\/wp-content\/uploads\/2024\/02\/logofertility.svg\",\"caption\":\"Dexeus Fertility\"},\"image\":{\"@id\":\"https:\/\/www.dexeus.com\/fertilitynew\/#\/schema\/logo\/image\/\"},\"sameAs\":[\"https:\/\/www.facebook.com\/dexeusmujer\/\",\"https:\/\/x.com\/dexeusmujer\",\"https:\/\/www.instagram.com\/dexeusmujer\",\"https:\/\/www.youtube.com\/user\/DexeusMujer\"]}]}<\/script>\n<!-- \/ Yoast SEO plugin. -->","yoast_head_json":{"title":"Come rimanere incinta? Consigli di Dexeus Fertility","description":"Presso Dexeus Fertility ti forniamo consigli medici per rimanere incinta. Mettiamo a tua disposizione pi\u00f9 di 80 anni di esperienza.","robots":{"index":"index","follow":"follow","max-snippet":"max-snippet:-1","max-image-preview":"max-image-preview:large","max-video-preview":"max-video-preview:-1"},"canonical":"https:\/\/www.dexeus.com\/fertility\/it\/non-rimango-incinta\/consigli-prima-gravidanza\/","og_locale":"it_IT","og_type":"article","og_title":"Come rimanere incinta? Consigli di Dexeus Fertility","og_description":"Presso Dexeus Fertility ti forniamo consigli medici per rimanere incinta. Mettiamo a tua disposizione pi\u00f9 di 80 anni di esperienza.","og_url":"https:\/\/www.dexeus.com\/fertility\/it\/non-rimango-incinta\/consigli-prima-gravidanza\/","og_site_name":"Dexeus Fertility","article_publisher":"https:\/\/www.facebook.com\/dexeusmujer\/","article_modified_time":"2024-11-11T11:21:35+00:00","og_image":[{"width":2500,"height":1161,"url":"https:\/\/www.dexeus.com\/fertility\/wp-content\/uploads\/2024\/03\/consejos-quedarte-embarazada-1.webp","type":"image\/webp"}],"twitter_card":"summary_large_image","twitter_site":"@dexeusmujer","schema":{"@context":"https:\/\/schema.org","@graph":[{"@type":["WebPage","MedicalWebPage"],"@id":"https:\/\/www.dexeus.com\/fertility\/it\/non-rimango-incinta\/consigli-prima-gravidanza\/","url":"https:\/\/www.dexeus.com\/fertility\/it\/non-rimango-incinta\/consigli-prima-gravidanza\/","name":"Come rimanere incinta? Consigli di Dexeus Fertility","isPartOf":{"@id":"https:\/\/www.dexeus.com\/fertilitynew\/#website"},"primaryImageOfPage":{"@id":"https:\/\/www.dexeus.com\/fertility\/it\/non-rimango-incinta\/consigli-prima-gravidanza\/#primaryimage"},"image":{"@id":"https:\/\/www.dexeus.com\/fertility\/it\/non-rimango-incinta\/consigli-prima-gravidanza\/#primaryimage"},"thumbnailUrl":"https:\/\/www.dexeus.com\/fertility\/wp-content\/uploads\/2024\/03\/consejos-quedarte-embarazada-1.webp","datePublished":"2024-02-29T14:28:10+00:00","dateModified":"2024-11-11T11:21:35+00:00","description":"Presso Dexeus Fertility ti forniamo consigli medici per rimanere incinta. Mettiamo a tua disposizione pi\u00f9 di 80 anni di esperienza.","breadcrumb":{"@id":"https:\/\/www.dexeus.com\/fertility\/it\/non-rimango-incinta\/consigli-prima-gravidanza\/#breadcrumb"},"inLanguage":"it-IT","potentialAction":[{"@type":"ReadAction","target":["https:\/\/www.dexeus.com\/fertility\/it\/non-rimango-incinta\/consigli-prima-gravidanza\/"]}]},{"@type":"ImageObject","inLanguage":"it-IT","@id":"https:\/\/www.dexeus.com\/fertility\/it\/non-rimango-incinta\/consigli-prima-gravidanza\/#primaryimage","url":"https:\/\/www.dexeus.com\/fertility\/wp-content\/uploads\/2024\/03\/consejos-quedarte-embarazada-1.webp","contentUrl":"https:\/\/www.dexeus.com\/fertility\/wp-content\/uploads\/2024\/03\/consejos-quedarte-embarazada-1.webp","width":2500,"height":1161},{"@type":"BreadcrumbList","@id":"https:\/\/www.dexeus.com\/fertility\/it\/non-rimango-incinta\/consigli-prima-gravidanza\/#breadcrumb","itemListElement":[{"@type":"ListItem","position":1,"name":"Portada","item":"https:\/\/www.dexeus.com\/fertility\/it\/inizio\/"},{"@type":"ListItem","position":2,"name":"Non rimango incinta","item":"https:\/\/www.dexeus.com\/fertility\/it\/non-rimango-incinta\/"},{"@type":"ListItem","position":3,"name":"Consigli prima della gravidanza"}]},{"@type":"WebSite","@id":"https:\/\/www.dexeus.com\/fertilitynew\/#website","url":"https:\/\/www.dexeus.com\/fertilitynew\/","name":"Dexeus Fertility","description":"Dexeus Mujer es un centro de referencia y pionero en Espa\u00f1a en t\u00e9cnicas de reproducci\u00f3n asistida, con m\u00e1s de 80 a\u00f1os de experiencia en el diagn\u00f3stico y tratamiento de los problemas de fertilidad.","publisher":{"@id":"https:\/\/www.dexeus.com\/fertilitynew\/#organization"},"alternateName":"Dexeus fertilidad","potentialAction":[{"@type":"SearchAction","target":{"@type":"EntryPoint","urlTemplate":"https:\/\/www.dexeus.com\/fertilitynew\/?s={search_term_string}"},"query-input":{"@type":"PropertyValueSpecification","valueRequired":true,"valueName":"search_term_string"}}],"inLanguage":"it-IT"},{"@type":"Organization","@id":"https:\/\/www.dexeus.com\/fertilitynew\/#organization","name":"Dexeus Fertility","url":"https:\/\/www.dexeus.com\/fertilitynew\/","logo":{"@type":"ImageObject","inLanguage":"it-IT","@id":"https:\/\/www.dexeus.com\/fertilitynew\/#\/schema\/logo\/image\/","url":"https:\/\/www.dexeus.com\/fertility\/wp-content\/uploads\/2024\/02\/logofertility.svg","contentUrl":"https:\/\/www.dexeus.com\/fertility\/wp-content\/uploads\/2024\/02\/logofertility.svg","caption":"Dexeus Fertility"},"image":{"@id":"https:\/\/www.dexeus.com\/fertilitynew\/#\/schema\/logo\/image\/"},"sameAs":["https:\/\/www.facebook.com\/dexeusmujer\/","https:\/\/x.com\/dexeusmujer","https:\/\/www.instagram.com\/dexeusmujer","https:\/\/www.youtube.com\/user\/DexeusMujer"]}]}},"_links":{"self":[{"href":"https:\/\/www.dexeus.com\/fertility\/it\/wp-json\/wp\/v2\/pages\/15439","targetHints":{"allow":["GET"]}}],"collection":[{"href":"https:\/\/www.dexeus.com\/fertility\/it\/wp-json\/wp\/v2\/pages"}],"about":[{"href":"https:\/\/www.dexeus.com\/fertility\/it\/wp-json\/wp\/v2\/types\/page"}],"author":[{"embeddable":true,"href":"https:\/\/www.dexeus.com\/fertility\/it\/wp-json\/wp\/v2\/users\/1"}],"replies":[{"embeddable":true,"href":"https:\/\/www.dexeus.com\/fertility\/it\/wp-json\/wp\/v2\/comments?post=15439"}],"version-history":[{"count":2,"href":"https:\/\/www.dexeus.com\/fertility\/it\/wp-json\/wp\/v2\/pages\/15439\/revisions"}],"predecessor-version":[{"id":22537,"href":"https:\/\/www.dexeus.com\/fertility\/it\/wp-json\/wp\/v2\/pages\/15439\/revisions\/22537"}],"up":[{"embeddable":true,"href":"https:\/\/www.dexeus.com\/fertility\/it\/wp-json\/wp\/v2\/pages\/15423"}],"wp:featuredmedia":[{"embeddable":true,"href":"https:\/\/www.dexeus.com\/fertility\/it\/wp-json\/wp\/v2\/media\/6635"}],"wp:attachment":[{"href":"https:\/\/www.dexeus.com\/fertility\/it\/wp-json\/wp\/v2\/media?parent=15439"}],"curies":[{"name":"wp","href":"https:\/\/api.w.org\/{rel}","templated":true}]}}