{"id":16882,"date":"2024-02-29T15:27:40","date_gmt":"2024-02-29T14:27:40","guid":{"rendered":"https:\/\/www.dexeus.com\/fertility\/calcolatore-dellovulazione\/"},"modified":"2025-01-02T11:35:26","modified_gmt":"2025-01-02T10:35:26","slug":"calcolatore-ovulazione","status":"publish","type":"page","link":"https:\/\/www.dexeus.com\/fertility\/it\/non-rimango-incinta\/calcolatore-ovulazione\/","title":{"rendered":"Calcolatore dell\u2019ovulazione"},"content":{"rendered":"\t\t<div data-elementor-type=\"wp-post\" data-elementor-id=\"16882\" class=\"elementor elementor-16882 elementor-3161\" data-elementor-post-type=\"page\">\n\t\t\t\t<div class=\"elementor-element elementor-element-880cd47 e-con-full e-flex e-con e-parent\" data-id=\"880cd47\" data-element_type=\"container\" data-settings=\"{&quot;background_background&quot;:&quot;classic&quot;,&quot;jet_parallax_layout_list&quot;:[]}\">\n\t\t<div class=\"elementor-element elementor-element-17525ed e-flex e-con-boxed e-con e-child\" data-id=\"17525ed\" data-element_type=\"container\" data-settings=\"{&quot;jet_parallax_layout_list&quot;:[]}\">\n\t\t\t\t\t<div class=\"e-con-inner\">\n\t\t\t\t<div class=\"elementor-element elementor-element-d91c64c elementor-widget elementor-widget-heading\" data-id=\"d91c64c\" data-element_type=\"widget\" data-widget_type=\"heading.default\">\n\t\t\t\t<div class=\"elementor-widget-container\">\n\t\t\t\t\t<h1 class=\"elementor-heading-title elementor-size-default\">Calcolatore dell\u2019ovulazione<\/h1>\t\t\t\t<\/div>\n\t\t\t\t<\/div>\n\t\t\t\t\t<\/div>\n\t\t\t\t<\/div>\n\t\t\t\t<\/div>\n\t\t<div class=\"elementor-element elementor-element-80b228e e-flex e-con-boxed e-con e-parent\" data-id=\"80b228e\" data-element_type=\"container\" data-settings=\"{&quot;jet_parallax_layout_list&quot;:[]}\">\n\t\t\t\t\t<div class=\"e-con-inner\">\n\t\t\t\t<div class=\"elementor-element elementor-element-73b7258 elementor-widget elementor-widget-heading\" data-id=\"73b7258\" data-element_type=\"widget\" data-widget_type=\"heading.default\">\n\t\t\t\t<div class=\"elementor-widget-container\">\n\t\t\t\t\t<h2 class=\"elementor-heading-title elementor-size-default\">Vuoi sapere quali sono i tuoi giorni pi\u00f9 fertili?<\/h2>\t\t\t\t<\/div>\n\t\t\t\t<\/div>\n\t\t\t\t\t<\/div>\n\t\t\t\t<\/div>\n\t\t<div class=\"elementor-element elementor-element-d4364b4 e-flex e-con-boxed e-con e-parent\" data-id=\"d4364b4\" data-element_type=\"container\" data-settings=\"{&quot;jet_parallax_layout_list&quot;:[]}\">\n\t\t\t\t\t<div class=\"e-con-inner\">\n\t\t\t\t<div class=\"elementor-element elementor-element-03aec6b elementor-widget elementor-widget-text-editor\" data-id=\"03aec6b\" data-element_type=\"widget\" data-widget_type=\"text-editor.default\">\n\t\t\t\t<div class=\"elementor-widget-container\">\n\t\t\t\t\t\t\t\t\t<p>Stai programmando una gravidanza? Scopri quali sono i giorni pi\u00f9 fertili del ciclo con il nostro calendario dell\u2019ovulazione, in questo modo aumenterai le tue possibilit\u00e0 di rimanere incinta. Per sapere quando ovulerai devi solamente inserire i dati del tuo ciclo mestruale e il calcolatore far\u00e0 il resto, \u00e8 facilissimo!<\/p>\n<p>Ricorda che questo calcolatore dell\u2019ovulazione \u00e8 uno strumento che si basa su statistiche. I dati forniti rappresentano date approssimative ricavate a partire da un ciclo regolare di una durata che va dai 20 ai 35 giorni. Se hai un ciclo irregolare individuare il giorno dell\u2019ovulazione attraverso questo calendario pu\u00f2 essere pi\u00f9 difficile. In tal caso ti consigliamo di rivolgerti al tuo\/a ginecologo\/a.<\/p>\n<p>Allo stesso modo, se tentate di concepire un bambino da pi\u00f9 di un anno senza successo (o da oltre 6 mesi se la donna ha pi\u00f9 di 35 anni) si consiglia di effettuare uno studio della fertilit\u00e0 della coppia.<\/p>\n\t\t\t\t\t\t\t\t<\/div>\n\t\t\t\t<\/div>\n\t\t\t\t\t<\/div>\n\t\t\t\t<\/div>\n\t\t<div class=\"elementor-element elementor-element-44ae580 e-flex e-con-boxed e-con e-parent\" data-id=\"44ae580\" data-element_type=\"container\" data-settings=\"{&quot;jet_parallax_layout_list&quot;:[]}\">\n\t\t\t\t\t<div class=\"e-con-inner\">\n\t\t\t\t<div class=\"elementor-element elementor-element-4f6bab5 elementor-widget elementor-widget-html\" data-id=\"4f6bab5\" data-element_type=\"widget\" data-widget_type=\"html.default\">\n\t\t\t\t<div class=\"elementor-widget-container\">\n\t\t\t\t\t<iframe src=\"https:\/\/www.dexeus.com\/calculadora\/calculadora-ovulacion-it.html\" height=\"500\"><\/iframe>\t\t\t\t<\/div>\n\t\t\t\t<\/div>\n\t\t\t\t\t<\/div>\n\t\t\t\t<\/div>\n\t\t\t\t<\/div>\n\t\t","protected":false},"excerpt":{"rendered":"<p>Vuoi sapere quali sono i tuoi giorni pi\u00f9 fertili? Stai programmando una gravidanza? Scopri quali sono i giorni pi\u00f9 fertili del ciclo con il nostro calendario dell\u2019ovulazione, in questo modo aumenterai le tue possibilit\u00e0 di rimanere incinta. Per sapere quando ovulerai devi solamente inserire i dati del tuo ciclo mestruale e il calcolatore far\u00e0 il [&hellip;]<\/p>\n","protected":false},"author":1,"featured_media":6630,"parent":15423,"menu_order":2,"comment_status":"closed","ping_status":"closed","template":"","meta":{"footnotes":""},"class_list":["post-16882","page","type-page","status-publish","has-post-thumbnail","hentry"],"yoast_head":"<!-- This site is optimized with the Yoast SEO plugin v26.8 - https:\/\/yoast.com\/product\/yoast-seo-wordpress\/ -->\n<title>Calcolatrice dell&#039;ovulazione: scopri i giorni pi\u00f9 fertili<\/title>\n<meta name=\"description\" content=\"Vuoi sapere quali sono i tuoi giorni pi\u00f9 fertili? Scopri i giorni pi\u00f9 fertili del tuo ciclo con il nostro calcolatore di ovulazione.\" \/>\n<meta name=\"robots\" content=\"index, follow, max-snippet:-1, max-image-preview:large, max-video-preview:-1\" \/>\n<link rel=\"canonical\" href=\"https:\/\/www.dexeus.com\/fertility\/it\/non-rimango-incinta\/calcolatore-ovulazione\/\" \/>\n<meta property=\"og:locale\" content=\"it_IT\" \/>\n<meta property=\"og:type\" content=\"article\" \/>\n<meta property=\"og:title\" content=\"Calcolatrice dell&#039;ovulazione: scopri i giorni pi\u00f9 fertili\" \/>\n<meta property=\"og:description\" content=\"Vuoi sapere quali sono i tuoi giorni pi\u00f9 fertili? Scopri i giorni pi\u00f9 fertili del tuo ciclo con il nostro calcolatore di ovulazione.\" \/>\n<meta property=\"og:url\" content=\"https:\/\/www.dexeus.com\/fertility\/it\/non-rimango-incinta\/calcolatore-ovulazione\/\" \/>\n<meta property=\"og:site_name\" content=\"Dexeus Fertility\" \/>\n<meta property=\"article:publisher\" content=\"https:\/\/www.facebook.com\/dexeusmujer\/\" \/>\n<meta property=\"article:modified_time\" content=\"2025-01-02T10:35:26+00:00\" \/>\n<meta property=\"og:image\" content=\"https:\/\/www.dexeus.com\/fertility\/wp-content\/uploads\/2024\/03\/calculadora.jpg\" \/>\n\t<meta property=\"og:image:width\" content=\"1305\" \/>\n\t<meta property=\"og:image:height\" content=\"640\" \/>\n\t<meta property=\"og:image:type\" content=\"image\/jpeg\" \/>\n<meta name=\"twitter:card\" content=\"summary_large_image\" \/>\n<meta name=\"twitter:site\" content=\"@dexeusmujer\" \/>\n<script type=\"application\/ld+json\" class=\"yoast-schema-graph\">{\"@context\":\"https:\/\/schema.org\",\"@graph\":[{\"@type\":[\"WebPage\",\"MedicalWebPage\"],\"@id\":\"https:\/\/www.dexeus.com\/fertility\/it\/non-rimango-incinta\/calcolatore-ovulazione\/\",\"url\":\"https:\/\/www.dexeus.com\/fertility\/it\/non-rimango-incinta\/calcolatore-ovulazione\/\",\"name\":\"Calcolatrice dell'ovulazione: scopri i giorni pi\u00f9 fertili\",\"isPartOf\":{\"@id\":\"https:\/\/www.dexeus.com\/fertilitynew\/#website\"},\"primaryImageOfPage\":{\"@id\":\"https:\/\/www.dexeus.com\/fertility\/it\/non-rimango-incinta\/calcolatore-ovulazione\/#primaryimage\"},\"image\":{\"@id\":\"https:\/\/www.dexeus.com\/fertility\/it\/non-rimango-incinta\/calcolatore-ovulazione\/#primaryimage\"},\"thumbnailUrl\":\"https:\/\/www.dexeus.com\/fertility\/wp-content\/uploads\/2024\/03\/calculadora.jpg\",\"datePublished\":\"2024-02-29T14:27:40+00:00\",\"dateModified\":\"2025-01-02T10:35:26+00:00\",\"description\":\"Vuoi sapere quali sono i tuoi giorni pi\u00f9 fertili? Scopri i giorni pi\u00f9 fertili del tuo ciclo con il nostro calcolatore di ovulazione.\",\"breadcrumb\":{\"@id\":\"https:\/\/www.dexeus.com\/fertility\/it\/non-rimango-incinta\/calcolatore-ovulazione\/#breadcrumb\"},\"inLanguage\":\"it-IT\",\"potentialAction\":[{\"@type\":\"ReadAction\",\"target\":[\"https:\/\/www.dexeus.com\/fertility\/it\/non-rimango-incinta\/calcolatore-ovulazione\/\"]}]},{\"@type\":\"ImageObject\",\"inLanguage\":\"it-IT\",\"@id\":\"https:\/\/www.dexeus.com\/fertility\/it\/non-rimango-incinta\/calcolatore-ovulazione\/#primaryimage\",\"url\":\"https:\/\/www.dexeus.com\/fertility\/wp-content\/uploads\/2024\/03\/calculadora.jpg\",\"contentUrl\":\"https:\/\/www.dexeus.com\/fertility\/wp-content\/uploads\/2024\/03\/calculadora.jpg\",\"width\":1305,\"height\":640},{\"@type\":\"BreadcrumbList\",\"@id\":\"https:\/\/www.dexeus.com\/fertility\/it\/non-rimango-incinta\/calcolatore-ovulazione\/#breadcrumb\",\"itemListElement\":[{\"@type\":\"ListItem\",\"position\":1,\"name\":\"Portada\",\"item\":\"https:\/\/www.dexeus.com\/fertility\/it\/inizio\/\"},{\"@type\":\"ListItem\",\"position\":2,\"name\":\"Non rimango incinta\",\"item\":\"https:\/\/www.dexeus.com\/fertility\/it\/non-rimango-incinta\/\"},{\"@type\":\"ListItem\",\"position\":3,\"name\":\"Calcolatore dell\u2019ovulazione\"}]},{\"@type\":\"WebSite\",\"@id\":\"https:\/\/www.dexeus.com\/fertilitynew\/#website\",\"url\":\"https:\/\/www.dexeus.com\/fertilitynew\/\",\"name\":\"Dexeus Fertility\",\"description\":\"Dexeus Mujer es un centro de referencia y pionero en Espa\u00f1a en t\u00e9cnicas de reproducci\u00f3n asistida, con m\u00e1s de 80 a\u00f1os de experiencia en el diagn\u00f3stico y tratamiento de los problemas de fertilidad.\",\"publisher\":{\"@id\":\"https:\/\/www.dexeus.com\/fertilitynew\/#organization\"},\"alternateName\":\"Dexeus fertilidad\",\"potentialAction\":[{\"@type\":\"SearchAction\",\"target\":{\"@type\":\"EntryPoint\",\"urlTemplate\":\"https:\/\/www.dexeus.com\/fertilitynew\/?s={search_term_string}\"},\"query-input\":{\"@type\":\"PropertyValueSpecification\",\"valueRequired\":true,\"valueName\":\"search_term_string\"}}],\"inLanguage\":\"it-IT\"},{\"@type\":\"Organization\",\"@id\":\"https:\/\/www.dexeus.com\/fertilitynew\/#organization\",\"name\":\"Dexeus Fertility\",\"url\":\"https:\/\/www.dexeus.com\/fertilitynew\/\",\"logo\":{\"@type\":\"ImageObject\",\"inLanguage\":\"it-IT\",\"@id\":\"https:\/\/www.dexeus.com\/fertilitynew\/#\/schema\/logo\/image\/\",\"url\":\"https:\/\/www.dexeus.com\/fertility\/wp-content\/uploads\/2024\/02\/logofertility.svg\",\"contentUrl\":\"https:\/\/www.dexeus.com\/fertility\/wp-content\/uploads\/2024\/02\/logofertility.svg\",\"caption\":\"Dexeus Fertility\"},\"image\":{\"@id\":\"https:\/\/www.dexeus.com\/fertilitynew\/#\/schema\/logo\/image\/\"},\"sameAs\":[\"https:\/\/www.facebook.com\/dexeusmujer\/\",\"https:\/\/x.com\/dexeusmujer\",\"https:\/\/www.instagram.com\/dexeusmujer\",\"https:\/\/www.youtube.com\/user\/DexeusMujer\"]}]}<\/script>\n<!-- \/ Yoast SEO plugin. -->","yoast_head_json":{"title":"Calcolatrice dell'ovulazione: scopri i giorni pi\u00f9 fertili","description":"Vuoi sapere quali sono i tuoi giorni pi\u00f9 fertili? Scopri i giorni pi\u00f9 fertili del tuo ciclo con il nostro calcolatore di ovulazione.","robots":{"index":"index","follow":"follow","max-snippet":"max-snippet:-1","max-image-preview":"max-image-preview:large","max-video-preview":"max-video-preview:-1"},"canonical":"https:\/\/www.dexeus.com\/fertility\/it\/non-rimango-incinta\/calcolatore-ovulazione\/","og_locale":"it_IT","og_type":"article","og_title":"Calcolatrice dell'ovulazione: scopri i giorni pi\u00f9 fertili","og_description":"Vuoi sapere quali sono i tuoi giorni pi\u00f9 fertili? Scopri i giorni pi\u00f9 fertili del tuo ciclo con il nostro calcolatore di ovulazione.","og_url":"https:\/\/www.dexeus.com\/fertility\/it\/non-rimango-incinta\/calcolatore-ovulazione\/","og_site_name":"Dexeus Fertility","article_publisher":"https:\/\/www.facebook.com\/dexeusmujer\/","article_modified_time":"2025-01-02T10:35:26+00:00","og_image":[{"width":1305,"height":640,"url":"https:\/\/www.dexeus.com\/fertility\/wp-content\/uploads\/2024\/03\/calculadora.jpg","type":"image\/jpeg"}],"twitter_card":"summary_large_image","twitter_site":"@dexeusmujer","schema":{"@context":"https:\/\/schema.org","@graph":[{"@type":["WebPage","MedicalWebPage"],"@id":"https:\/\/www.dexeus.com\/fertility\/it\/non-rimango-incinta\/calcolatore-ovulazione\/","url":"https:\/\/www.dexeus.com\/fertility\/it\/non-rimango-incinta\/calcolatore-ovulazione\/","name":"Calcolatrice dell'ovulazione: scopri i giorni pi\u00f9 fertili","isPartOf":{"@id":"https:\/\/www.dexeus.com\/fertilitynew\/#website"},"primaryImageOfPage":{"@id":"https:\/\/www.dexeus.com\/fertility\/it\/non-rimango-incinta\/calcolatore-ovulazione\/#primaryimage"},"image":{"@id":"https:\/\/www.dexeus.com\/fertility\/it\/non-rimango-incinta\/calcolatore-ovulazione\/#primaryimage"},"thumbnailUrl":"https:\/\/www.dexeus.com\/fertility\/wp-content\/uploads\/2024\/03\/calculadora.jpg","datePublished":"2024-02-29T14:27:40+00:00","dateModified":"2025-01-02T10:35:26+00:00","description":"Vuoi sapere quali sono i tuoi giorni pi\u00f9 fertili? Scopri i giorni pi\u00f9 fertili del tuo ciclo con il nostro calcolatore di ovulazione.","breadcrumb":{"@id":"https:\/\/www.dexeus.com\/fertility\/it\/non-rimango-incinta\/calcolatore-ovulazione\/#breadcrumb"},"inLanguage":"it-IT","potentialAction":[{"@type":"ReadAction","target":["https:\/\/www.dexeus.com\/fertility\/it\/non-rimango-incinta\/calcolatore-ovulazione\/"]}]},{"@type":"ImageObject","inLanguage":"it-IT","@id":"https:\/\/www.dexeus.com\/fertility\/it\/non-rimango-incinta\/calcolatore-ovulazione\/#primaryimage","url":"https:\/\/www.dexeus.com\/fertility\/wp-content\/uploads\/2024\/03\/calculadora.jpg","contentUrl":"https:\/\/www.dexeus.com\/fertility\/wp-content\/uploads\/2024\/03\/calculadora.jpg","width":1305,"height":640},{"@type":"BreadcrumbList","@id":"https:\/\/www.dexeus.com\/fertility\/it\/non-rimango-incinta\/calcolatore-ovulazione\/#breadcrumb","itemListElement":[{"@type":"ListItem","position":1,"name":"Portada","item":"https:\/\/www.dexeus.com\/fertility\/it\/inizio\/"},{"@type":"ListItem","position":2,"name":"Non rimango incinta","item":"https:\/\/www.dexeus.com\/fertility\/it\/non-rimango-incinta\/"},{"@type":"ListItem","position":3,"name":"Calcolatore dell\u2019ovulazione"}]},{"@type":"WebSite","@id":"https:\/\/www.dexeus.com\/fertilitynew\/#website","url":"https:\/\/www.dexeus.com\/fertilitynew\/","name":"Dexeus Fertility","description":"Dexeus Mujer es un centro de referencia y pionero en Espa\u00f1a en t\u00e9cnicas de reproducci\u00f3n asistida, con m\u00e1s de 80 a\u00f1os de experiencia en el diagn\u00f3stico y tratamiento de los problemas de fertilidad.","publisher":{"@id":"https:\/\/www.dexeus.com\/fertilitynew\/#organization"},"alternateName":"Dexeus fertilidad","potentialAction":[{"@type":"SearchAction","target":{"@type":"EntryPoint","urlTemplate":"https:\/\/www.dexeus.com\/fertilitynew\/?s={search_term_string}"},"query-input":{"@type":"PropertyValueSpecification","valueRequired":true,"valueName":"search_term_string"}}],"inLanguage":"it-IT"},{"@type":"Organization","@id":"https:\/\/www.dexeus.com\/fertilitynew\/#organization","name":"Dexeus Fertility","url":"https:\/\/www.dexeus.com\/fertilitynew\/","logo":{"@type":"ImageObject","inLanguage":"it-IT","@id":"https:\/\/www.dexeus.com\/fertilitynew\/#\/schema\/logo\/image\/","url":"https:\/\/www.dexeus.com\/fertility\/wp-content\/uploads\/2024\/02\/logofertility.svg","contentUrl":"https:\/\/www.dexeus.com\/fertility\/wp-content\/uploads\/2024\/02\/logofertility.svg","caption":"Dexeus Fertility"},"image":{"@id":"https:\/\/www.dexeus.com\/fertilitynew\/#\/schema\/logo\/image\/"},"sameAs":["https:\/\/www.facebook.com\/dexeusmujer\/","https:\/\/x.com\/dexeusmujer","https:\/\/www.instagram.com\/dexeusmujer","https:\/\/www.youtube.com\/user\/DexeusMujer"]}]}},"_links":{"self":[{"href":"https:\/\/www.dexeus.com\/fertility\/it\/wp-json\/wp\/v2\/pages\/16882","targetHints":{"allow":["GET"]}}],"collection":[{"href":"https:\/\/www.dexeus.com\/fertility\/it\/wp-json\/wp\/v2\/pages"}],"about":[{"href":"https:\/\/www.dexeus.com\/fertility\/it\/wp-json\/wp\/v2\/types\/page"}],"author":[{"embeddable":true,"href":"https:\/\/www.dexeus.com\/fertility\/it\/wp-json\/wp\/v2\/users\/1"}],"replies":[{"embeddable":true,"href":"https:\/\/www.dexeus.com\/fertility\/it\/wp-json\/wp\/v2\/comments?post=16882"}],"version-history":[{"count":5,"href":"https:\/\/www.dexeus.com\/fertility\/it\/wp-json\/wp\/v2\/pages\/16882\/revisions"}],"predecessor-version":[{"id":29707,"href":"https:\/\/www.dexeus.com\/fertility\/it\/wp-json\/wp\/v2\/pages\/16882\/revisions\/29707"}],"up":[{"embeddable":true,"href":"https:\/\/www.dexeus.com\/fertility\/it\/wp-json\/wp\/v2\/pages\/15423"}],"wp:featuredmedia":[{"embeddable":true,"href":"https:\/\/www.dexeus.com\/fertility\/it\/wp-json\/wp\/v2\/media\/6630"}],"wp:attachment":[{"href":"https:\/\/www.dexeus.com\/fertility\/it\/wp-json\/wp\/v2\/media?parent=16882"}],"curies":[{"name":"wp","href":"https:\/\/api.w.org\/{rel}","templated":true}]}}