{"id":18092,"date":"2024-02-28T16:31:03","date_gmt":"2024-02-28T15:31:03","guid":{"rendered":"https:\/\/www.dexeus.com\/fertility\/i-nostri-centri\/"},"modified":"2025-10-07T16:54:36","modified_gmt":"2025-10-07T14:54:36","slug":"cliniche-fivet","status":"publish","type":"page","link":"https:\/\/www.dexeus.com\/fertility\/it\/cliniche-fivet\/","title":{"rendered":"I nostri centri"},"content":{"rendered":"\t\t<div data-elementor-type=\"wp-page\" data-elementor-id=\"18092\" class=\"elementor elementor-18092 elementor-2508\" data-elementor-post-type=\"page\">\n\t\t\t\t<div class=\"elementor-element elementor-element-da8f67a e-con-full e-flex e-con e-parent\" data-id=\"da8f67a\" data-element_type=\"container\" data-settings=\"{&quot;background_background&quot;:&quot;classic&quot;,&quot;jet_parallax_layout_list&quot;:[]}\">\n\t\t<div class=\"elementor-element elementor-element-4de00f2 e-flex e-con-boxed e-con e-child\" data-id=\"4de00f2\" data-element_type=\"container\" data-settings=\"{&quot;jet_parallax_layout_list&quot;:[]}\">\n\t\t\t\t\t<div class=\"e-con-inner\">\n\t\t\t\t<div class=\"elementor-element elementor-element-836709b elementor-widget elementor-widget-heading\" data-id=\"836709b\" data-element_type=\"widget\" data-widget_type=\"heading.default\">\n\t\t\t\t<div class=\"elementor-widget-container\">\n\t\t\t\t\t<h1 class=\"elementor-heading-title elementor-size-default\">I nostri centri<\/h1>\t\t\t\t<\/div>\n\t\t\t\t<\/div>\n\t\t\t\t\t<\/div>\n\t\t\t\t<\/div>\n\t\t\t\t<\/div>\n\t\t<div class=\"elementor-element elementor-element-8624446 e-flex e-con-boxed e-con e-parent\" data-id=\"8624446\" data-element_type=\"container\" data-settings=\"{&quot;jet_parallax_layout_list&quot;:[]}\">\n\t\t\t\t\t<div class=\"e-con-inner\">\n\t\t<div class=\"elementor-element elementor-element-cf885b6 e-con-full e-flex e-con e-child\" data-id=\"cf885b6\" data-element_type=\"container\" data-settings=\"{&quot;jet_parallax_layout_list&quot;:[]}\">\n\t\t<div class=\"elementor-element elementor-element-35afed2 e-con-full e-flex e-con e-child\" data-id=\"35afed2\" data-element_type=\"container\" data-settings=\"{&quot;jet_parallax_layout_list&quot;:[]}\">\n\t\t\t\t<div class=\"elementor-element elementor-element-e0b504d elementor-widget elementor-widget-text-editor\" data-id=\"e0b504d\" data-element_type=\"widget\" data-widget_type=\"text-editor.default\">\n\t\t\t\t<div class=\"elementor-widget-container\">\n\t\t\t\t\t\t\t\t\t<p>La nostra prima clinica \u00e8 stata fondata nel 1935 e da allora non abbiamo smesso di crescere, essendo pionieri in Spagna con la nascita dei primi bambini grazie ai trattamenti di riproduzione assistita.<\/p><p>Oggi abbiamo cliniche a <strong>Barcelona, Sant Cugat, Sabadell, Manresa, Tarragona, Reus e Vic<\/strong>, con un unico impegno comune: offrirvi un trattamento medico di alta qualit\u00e0 con le migliori attrezzature e la tecnologia pi\u00f9 avanzata.<\/p>\t\t\t\t\t\t\t\t<\/div>\n\t\t\t\t<\/div>\n\t\t\t\t<\/div>\n\t\t\t\t<\/div>\n\t\t\t\t\t<\/div>\n\t\t\t\t<\/div>\n\t\t<div class=\"elementor-element elementor-element-c18dbd0 e-flex e-con-boxed e-con e-parent\" data-id=\"c18dbd0\" data-element_type=\"container\" data-settings=\"{&quot;jet_parallax_layout_list&quot;:[]}\">\n\t\t\t\t\t<div class=\"e-con-inner\">\n\t\t<div class=\"elementor-element elementor-element-7568926 e-flex e-con-boxed e-con e-child\" data-id=\"7568926\" data-element_type=\"container\" data-settings=\"{&quot;jet_parallax_layout_list&quot;:[]}\">\n\t\t\t\t\t<div class=\"e-con-inner\">\n\t\t\t\t<div class=\"elementor-element elementor-element-632f4ba elementor-grid-3 elementor-grid-tablet-2 elementor-grid-mobile-1 elementor-posts--thumbnail-top elementor-card-shadow-yes elementor-posts__hover-gradient elementor-widget elementor-widget-posts\" data-id=\"632f4ba\" data-element_type=\"widget\" data-settings=\"{&quot;cards_columns&quot;:&quot;3&quot;,&quot;cards_columns_tablet&quot;:&quot;2&quot;,&quot;cards_columns_mobile&quot;:&quot;1&quot;,&quot;cards_row_gap&quot;:{&quot;unit&quot;:&quot;px&quot;,&quot;size&quot;:35,&quot;sizes&quot;:[]},&quot;cards_row_gap_tablet_extra&quot;:{&quot;unit&quot;:&quot;px&quot;,&quot;size&quot;:&quot;&quot;,&quot;sizes&quot;:[]},&quot;cards_row_gap_tablet&quot;:{&quot;unit&quot;:&quot;px&quot;,&quot;size&quot;:&quot;&quot;,&quot;sizes&quot;:[]},&quot;cards_row_gap_mobile&quot;:{&quot;unit&quot;:&quot;px&quot;,&quot;size&quot;:&quot;&quot;,&quot;sizes&quot;:[]}}\" data-widget_type=\"posts.cards\">\n\t\t\t\t<div class=\"elementor-widget-container\">\n\t\t\t\t\t\t\t<div class=\"elementor-posts-container elementor-posts elementor-posts--skin-cards elementor-grid\" role=\"list\">\n\t\t\t\t<article class=\"elementor-post elementor-grid-item post-14315 clinicas-fiv type-clinicas-fiv status-publish has-post-thumbnail hentry centro-barcelona\" role=\"listitem\">\n\t\t\t<div class=\"elementor-post__card\">\n\t\t\t\t<a class=\"elementor-post__thumbnail__link\" href=\"https:\/\/www.dexeus.com\/fertility\/it\/cliniche-fivet\/barcellona\/\" tabindex=\"-1\" ><div class=\"elementor-post__thumbnail\"><img fetchpriority=\"high\" decoding=\"async\" width=\"800\" height=\"534\" src=\"https:\/\/www.dexeus.com\/fertility\/wp-content\/uploads\/2024\/02\/centro-dexeus-mujer-barcelona-1024x683.jpg\" class=\"attachment-large size-large wp-image-29953\" alt=\"Dexeus Mujer Barcelona\" srcset=\"https:\/\/www.dexeus.com\/fertility\/wp-content\/uploads\/2024\/02\/centro-dexeus-mujer-barcelona-1024x683.jpg 1024w, https:\/\/www.dexeus.com\/fertility\/wp-content\/uploads\/2024\/02\/centro-dexeus-mujer-barcelona-300x200.jpg 300w, https:\/\/www.dexeus.com\/fertility\/wp-content\/uploads\/2024\/02\/centro-dexeus-mujer-barcelona-768x512.jpg 768w, https:\/\/www.dexeus.com\/fertility\/wp-content\/uploads\/2024\/02\/centro-dexeus-mujer-barcelona-1536x1024.jpg 1536w, https:\/\/www.dexeus.com\/fertility\/wp-content\/uploads\/2024\/02\/centro-dexeus-mujer-barcelona-2048x1366.jpg 2048w\" sizes=\"(max-width: 800px) 100vw, 800px\" \/><\/div><\/a>\n\t\t\t\t<div class=\"elementor-post__text\">\n\t\t\t\t<h3 class=\"elementor-post__title\">\n\t\t\t<a href=\"https:\/\/www.dexeus.com\/fertility\/it\/cliniche-fivet\/barcellona\/\" >\n\t\t\t\tDexeus Mujer Barcellona\t\t\t<\/a>\n\t\t<\/h3>\n\t\t\t\t<\/div>\n\t\t\t\t\t<\/div>\n\t\t<\/article>\n\t\t\t\t<article class=\"elementor-post elementor-grid-item post-14333 clinicas-fiv type-clinicas-fiv status-publish has-post-thumbnail hentry centro-sant-cugat\" role=\"listitem\">\n\t\t\t<div class=\"elementor-post__card\">\n\t\t\t\t<a class=\"elementor-post__thumbnail__link\" href=\"https:\/\/www.dexeus.com\/fertility\/it\/cliniche-fivet\/sant-cugat\/\" tabindex=\"-1\" ><div class=\"elementor-post__thumbnail\"><img decoding=\"async\" width=\"800\" height=\"530\" src=\"https:\/\/www.dexeus.com\/fertility\/wp-content\/uploads\/2024\/02\/centro-dexeusmujer-sant-cugat-1024x679.jpg\" class=\"attachment-large size-large wp-image-29968\" alt=\"Centro Dexeus Mujer Sant Cugat\" srcset=\"https:\/\/www.dexeus.com\/fertility\/wp-content\/uploads\/2024\/02\/centro-dexeusmujer-sant-cugat-1024x679.jpg 1024w, https:\/\/www.dexeus.com\/fertility\/wp-content\/uploads\/2024\/02\/centro-dexeusmujer-sant-cugat-300x199.jpg 300w, https:\/\/www.dexeus.com\/fertility\/wp-content\/uploads\/2024\/02\/centro-dexeusmujer-sant-cugat-768x509.jpg 768w, https:\/\/www.dexeus.com\/fertility\/wp-content\/uploads\/2024\/02\/centro-dexeusmujer-sant-cugat.jpg 1056w\" sizes=\"(max-width: 800px) 100vw, 800px\" \/><\/div><\/a>\n\t\t\t\t<div class=\"elementor-post__text\">\n\t\t\t\t<h3 class=\"elementor-post__title\">\n\t\t\t<a href=\"https:\/\/www.dexeus.com\/fertility\/it\/cliniche-fivet\/sant-cugat\/\" >\n\t\t\t\tDexeus Mujer Sant Cugat\t\t\t<\/a>\n\t\t<\/h3>\n\t\t\t\t<\/div>\n\t\t\t\t\t<\/div>\n\t\t<\/article>\n\t\t\t\t<article class=\"elementor-post elementor-grid-item post-14329 clinicas-fiv type-clinicas-fiv status-publish has-post-thumbnail hentry centro-sabadell\" role=\"listitem\">\n\t\t\t<div class=\"elementor-post__card\">\n\t\t\t\t<a class=\"elementor-post__thumbnail__link\" href=\"https:\/\/www.dexeus.com\/fertility\/it\/cliniche-fivet\/sabadell\/\" tabindex=\"-1\" ><div class=\"elementor-post__thumbnail\"><img decoding=\"async\" width=\"800\" height=\"640\" src=\"https:\/\/www.dexeus.com\/fertility\/wp-content\/uploads\/2024\/02\/centro-dexeus-mujer-sabadell-1024x819.jpg\" class=\"attachment-large size-large wp-image-30063\" alt=\"Centro Dexeus Mujer Sabadell\" srcset=\"https:\/\/www.dexeus.com\/fertility\/wp-content\/uploads\/2024\/02\/centro-dexeus-mujer-sabadell-1024x819.jpg 1024w, https:\/\/www.dexeus.com\/fertility\/wp-content\/uploads\/2024\/02\/centro-dexeus-mujer-sabadell-300x240.jpg 300w, https:\/\/www.dexeus.com\/fertility\/wp-content\/uploads\/2024\/02\/centro-dexeus-mujer-sabadell-768x614.jpg 768w, https:\/\/www.dexeus.com\/fertility\/wp-content\/uploads\/2024\/02\/centro-dexeus-mujer-sabadell.jpg 1250w\" sizes=\"(max-width: 800px) 100vw, 800px\" \/><\/div><\/a>\n\t\t\t\t<div class=\"elementor-post__text\">\n\t\t\t\t<h3 class=\"elementor-post__title\">\n\t\t\t<a href=\"https:\/\/www.dexeus.com\/fertility\/it\/cliniche-fivet\/sabadell\/\" >\n\t\t\t\tDexeus Mujer Sabadell\t\t\t<\/a>\n\t\t<\/h3>\n\t\t\t\t<\/div>\n\t\t\t\t\t<\/div>\n\t\t<\/article>\n\t\t\t\t<article class=\"elementor-post elementor-grid-item post-14324 clinicas-fiv type-clinicas-fiv status-publish has-post-thumbnail hentry centro-manresa\" role=\"listitem\">\n\t\t\t<div class=\"elementor-post__card\">\n\t\t\t\t<a class=\"elementor-post__thumbnail__link\" href=\"https:\/\/www.dexeus.com\/fertility\/it\/cliniche-fivet\/manresa\/\" tabindex=\"-1\" ><div class=\"elementor-post__thumbnail\"><img loading=\"lazy\" decoding=\"async\" width=\"800\" height=\"534\" src=\"https:\/\/www.dexeus.com\/fertility\/wp-content\/uploads\/2024\/02\/centro-dexeus-mujer-manresa-1024x683.jpg\" class=\"attachment-large size-large wp-image-30057\" alt=\"Centro Dexeus Mujer Manresa\" srcset=\"https:\/\/www.dexeus.com\/fertility\/wp-content\/uploads\/2024\/02\/centro-dexeus-mujer-manresa-1024x683.jpg 1024w, https:\/\/www.dexeus.com\/fertility\/wp-content\/uploads\/2024\/02\/centro-dexeus-mujer-manresa-300x200.jpg 300w, https:\/\/www.dexeus.com\/fertility\/wp-content\/uploads\/2024\/02\/centro-dexeus-mujer-manresa-768x512.jpg 768w, https:\/\/www.dexeus.com\/fertility\/wp-content\/uploads\/2024\/02\/centro-dexeus-mujer-manresa-1536x1024.jpg 1536w, https:\/\/www.dexeus.com\/fertility\/wp-content\/uploads\/2024\/02\/centro-dexeus-mujer-manresa.jpg 2048w\" sizes=\"(max-width: 800px) 100vw, 800px\" \/><\/div><\/a>\n\t\t\t\t<div class=\"elementor-post__text\">\n\t\t\t\t<h3 class=\"elementor-post__title\">\n\t\t\t<a href=\"https:\/\/www.dexeus.com\/fertility\/it\/cliniche-fivet\/manresa\/\" >\n\t\t\t\tDexeus Mujer Manresa\t\t\t<\/a>\n\t\t<\/h3>\n\t\t\t\t<\/div>\n\t\t\t\t\t<\/div>\n\t\t<\/article>\n\t\t\t\t<article class=\"elementor-post elementor-grid-item post-37294 clinicas-fiv type-clinicas-fiv status-publish has-post-thumbnail hentry centro-tarragona\" role=\"listitem\">\n\t\t\t<div class=\"elementor-post__card\">\n\t\t\t\t<a class=\"elementor-post__thumbnail__link\" href=\"https:\/\/www.dexeus.com\/fertility\/it\/cliniche-fivet\/dexeus-mujer-tarragona\/\" tabindex=\"-1\" ><div class=\"elementor-post__thumbnail\"><img loading=\"lazy\" decoding=\"async\" width=\"800\" height=\"486\" src=\"https:\/\/www.dexeus.com\/fertility\/wp-content\/uploads\/2025\/09\/centro-dexeus-mujer-tarragona-1024x622.jpg\" class=\"attachment-large size-large wp-image-36937\" alt=\"Dexeus Mujer &amp; Hospital Viamed de Tarragona\" srcset=\"https:\/\/www.dexeus.com\/fertility\/wp-content\/uploads\/2025\/09\/centro-dexeus-mujer-tarragona-1024x622.jpg 1024w, https:\/\/www.dexeus.com\/fertility\/wp-content\/uploads\/2025\/09\/centro-dexeus-mujer-tarragona-300x182.jpg 300w, https:\/\/www.dexeus.com\/fertility\/wp-content\/uploads\/2025\/09\/centro-dexeus-mujer-tarragona-768x466.jpg 768w, https:\/\/www.dexeus.com\/fertility\/wp-content\/uploads\/2025\/09\/centro-dexeus-mujer-tarragona-1536x933.jpg 1536w, https:\/\/www.dexeus.com\/fertility\/wp-content\/uploads\/2025\/09\/centro-dexeus-mujer-tarragona.jpg 1910w\" sizes=\"(max-width: 800px) 100vw, 800px\" \/><\/div><\/a>\n\t\t\t\t<div class=\"elementor-post__text\">\n\t\t\t\t<h3 class=\"elementor-post__title\">\n\t\t\t<a href=\"https:\/\/www.dexeus.com\/fertility\/it\/cliniche-fivet\/dexeus-mujer-tarragona\/\" >\n\t\t\t\tDexeus Mujer Tarragona\t\t\t<\/a>\n\t\t<\/h3>\n\t\t\t\t<\/div>\n\t\t\t\t\t<\/div>\n\t\t<\/article>\n\t\t\t\t<article class=\"elementor-post elementor-grid-item post-14319 clinicas-fiv type-clinicas-fiv status-publish has-post-thumbnail hentry centro-reus\" role=\"listitem\">\n\t\t\t<div class=\"elementor-post__card\">\n\t\t\t\t<a class=\"elementor-post__thumbnail__link\" href=\"https:\/\/www.dexeus.com\/fertility\/it\/cliniche-fivet\/reus\/\" tabindex=\"-1\" ><div class=\"elementor-post__thumbnail\"><img loading=\"lazy\" decoding=\"async\" width=\"800\" height=\"450\" src=\"https:\/\/www.dexeus.com\/fertility\/wp-content\/uploads\/2024\/02\/reus3-1-3-1024x576.webp\" class=\"attachment-large size-large wp-image-6385\" alt=\"\" srcset=\"https:\/\/www.dexeus.com\/fertility\/wp-content\/uploads\/2024\/02\/reus3-1-3-1024x576.webp 1024w, https:\/\/www.dexeus.com\/fertility\/wp-content\/uploads\/2024\/02\/reus3-1-3-300x169.webp 300w, https:\/\/www.dexeus.com\/fertility\/wp-content\/uploads\/2024\/02\/reus3-1-3-768x432.webp 768w, https:\/\/www.dexeus.com\/fertility\/wp-content\/uploads\/2024\/02\/reus3-1-3.webp 1200w\" sizes=\"(max-width: 800px) 100vw, 800px\" \/><\/div><\/a>\n\t\t\t\t<div class=\"elementor-post__text\">\n\t\t\t\t<h3 class=\"elementor-post__title\">\n\t\t\t<a href=\"https:\/\/www.dexeus.com\/fertility\/it\/cliniche-fivet\/reus\/\" >\n\t\t\t\tDexeus Mujer Reus\t\t\t<\/a>\n\t\t<\/h3>\n\t\t\t\t<\/div>\n\t\t\t\t\t<\/div>\n\t\t<\/article>\n\t\t\t\t<\/div>\n\t\t\n\t\t\t\t\t\t<\/div>\n\t\t\t\t<\/div>\n\t\t\t\t\t<\/div>\n\t\t\t\t<\/div>\n\t\t\t\t\t<\/div>\n\t\t\t\t<\/div>\n\t\t<!-- hidden container 14319-259ef02 -->\t\t<\/div>\n\t\t","protected":false},"excerpt":{"rendered":"<p>La nostra prima clinica \u00e8 stata fondata nel 1935 e da allora non abbiamo smesso di crescere, essendo pionieri in Spagna con la nascita dei<\/p>\n","protected":false},"author":1,"featured_media":6374,"parent":0,"menu_order":0,"comment_status":"closed","ping_status":"closed","template":"","meta":{"footnotes":""},"class_list":["post-18092","page","type-page","status-publish","has-post-thumbnail","hentry"],"yoast_head":"<!-- This site is optimized with the Yoast SEO plugin v26.8 - https:\/\/yoast.com\/product\/yoast-seo-wordpress\/ -->\n<title>Centri di riproduzione assistita e FIV | Dexeus Fertility<\/title>\n<meta name=\"description\" content=\"Conosci tutti i centri di Riproduzione Assistita di Dexeus Fertility, pioniere nella Riproduzione Assistita in Spagna. Ora pi\u00f9 vicini a te.\" \/>\n<meta name=\"robots\" content=\"index, follow, max-snippet:-1, max-image-preview:large, max-video-preview:-1\" \/>\n<link rel=\"canonical\" href=\"https:\/\/www.dexeus.com\/fertility\/it\/cliniche-fivet\/\" \/>\n<meta property=\"og:locale\" content=\"it_IT\" \/>\n<meta property=\"og:type\" content=\"article\" \/>\n<meta property=\"og:title\" content=\"Centri di riproduzione assistita e FIV | Dexeus Fertility\" \/>\n<meta property=\"og:description\" content=\"Conosci tutti i centri di Riproduzione Assistita di Dexeus Fertility, pioniere nella Riproduzione Assistita in Spagna. Ora pi\u00f9 vicini a te.\" \/>\n<meta property=\"og:url\" content=\"https:\/\/www.dexeus.com\/fertility\/it\/cliniche-fivet\/\" \/>\n<meta property=\"og:site_name\" content=\"Dexeus Fertility\" \/>\n<meta property=\"article:publisher\" content=\"https:\/\/www.facebook.com\/dexeusmujer\/\" \/>\n<meta property=\"article:modified_time\" content=\"2025-10-07T14:54:36+00:00\" \/>\n<meta property=\"og:image\" content=\"https:\/\/www.dexeus.com\/fertility\/wp-content\/uploads\/2024\/02\/header-centros-3.webp\" \/>\n\t<meta property=\"og:image:width\" content=\"2500\" \/>\n\t<meta property=\"og:image:height\" content=\"1161\" \/>\n\t<meta property=\"og:image:type\" content=\"image\/webp\" \/>\n<meta name=\"twitter:card\" content=\"summary_large_image\" \/>\n<meta name=\"twitter:site\" content=\"@dexeusmujer\" \/>\n<script type=\"application\/ld+json\" class=\"yoast-schema-graph\">{\"@context\":\"https:\/\/schema.org\",\"@graph\":[{\"@type\":[\"WebPage\",\"MedicalWebPage\"],\"@id\":\"https:\/\/www.dexeus.com\/fertility\/it\/cliniche-fivet\/\",\"url\":\"https:\/\/www.dexeus.com\/fertility\/it\/cliniche-fivet\/\",\"name\":\"Centri di riproduzione assistita e FIV | Dexeus Fertility\",\"isPartOf\":{\"@id\":\"https:\/\/www.dexeus.com\/fertilitynew\/#website\"},\"primaryImageOfPage\":{\"@id\":\"https:\/\/www.dexeus.com\/fertility\/it\/cliniche-fivet\/#primaryimage\"},\"image\":{\"@id\":\"https:\/\/www.dexeus.com\/fertility\/it\/cliniche-fivet\/#primaryimage\"},\"thumbnailUrl\":\"https:\/\/www.dexeus.com\/fertility\/wp-content\/uploads\/2024\/02\/header-centros-3.webp\",\"datePublished\":\"2024-02-28T15:31:03+00:00\",\"dateModified\":\"2025-10-07T14:54:36+00:00\",\"description\":\"Conosci tutti i centri di Riproduzione Assistita di Dexeus Fertility, pioniere nella Riproduzione Assistita in Spagna. Ora pi\u00f9 vicini a te.\",\"breadcrumb\":{\"@id\":\"https:\/\/www.dexeus.com\/fertility\/it\/cliniche-fivet\/#breadcrumb\"},\"inLanguage\":\"it-IT\",\"potentialAction\":[{\"@type\":\"ReadAction\",\"target\":[\"https:\/\/www.dexeus.com\/fertility\/it\/cliniche-fivet\/\"]}]},{\"@type\":\"ImageObject\",\"inLanguage\":\"it-IT\",\"@id\":\"https:\/\/www.dexeus.com\/fertility\/it\/cliniche-fivet\/#primaryimage\",\"url\":\"https:\/\/www.dexeus.com\/fertility\/wp-content\/uploads\/2024\/02\/header-centros-3.webp\",\"contentUrl\":\"https:\/\/www.dexeus.com\/fertility\/wp-content\/uploads\/2024\/02\/header-centros-3.webp\",\"width\":2500,\"height\":1161},{\"@type\":\"BreadcrumbList\",\"@id\":\"https:\/\/www.dexeus.com\/fertility\/it\/cliniche-fivet\/#breadcrumb\",\"itemListElement\":[{\"@type\":\"ListItem\",\"position\":1,\"name\":\"Portada\",\"item\":\"https:\/\/www.dexeus.com\/fertility\/it\/inizio\/\"},{\"@type\":\"ListItem\",\"position\":2,\"name\":\"I nostri centri\"}]},{\"@type\":\"WebSite\",\"@id\":\"https:\/\/www.dexeus.com\/fertilitynew\/#website\",\"url\":\"https:\/\/www.dexeus.com\/fertilitynew\/\",\"name\":\"Dexeus Fertility\",\"description\":\"Dexeus Mujer es un centro de referencia y pionero en Espa\u00f1a en t\u00e9cnicas de reproducci\u00f3n asistida, con m\u00e1s de 80 a\u00f1os de experiencia en el diagn\u00f3stico y tratamiento de los problemas de fertilidad.\",\"publisher\":{\"@id\":\"https:\/\/www.dexeus.com\/fertilitynew\/#organization\"},\"alternateName\":\"Dexeus fertilidad\",\"potentialAction\":[{\"@type\":\"SearchAction\",\"target\":{\"@type\":\"EntryPoint\",\"urlTemplate\":\"https:\/\/www.dexeus.com\/fertilitynew\/?s={search_term_string}\"},\"query-input\":{\"@type\":\"PropertyValueSpecification\",\"valueRequired\":true,\"valueName\":\"search_term_string\"}}],\"inLanguage\":\"it-IT\"},{\"@type\":\"Organization\",\"@id\":\"https:\/\/www.dexeus.com\/fertilitynew\/#organization\",\"name\":\"Dexeus Fertility\",\"url\":\"https:\/\/www.dexeus.com\/fertilitynew\/\",\"logo\":{\"@type\":\"ImageObject\",\"inLanguage\":\"it-IT\",\"@id\":\"https:\/\/www.dexeus.com\/fertilitynew\/#\/schema\/logo\/image\/\",\"url\":\"https:\/\/www.dexeus.com\/fertility\/wp-content\/uploads\/2024\/02\/logofertility.svg\",\"contentUrl\":\"https:\/\/www.dexeus.com\/fertility\/wp-content\/uploads\/2024\/02\/logofertility.svg\",\"caption\":\"Dexeus Fertility\"},\"image\":{\"@id\":\"https:\/\/www.dexeus.com\/fertilitynew\/#\/schema\/logo\/image\/\"},\"sameAs\":[\"https:\/\/www.facebook.com\/dexeusmujer\/\",\"https:\/\/x.com\/dexeusmujer\",\"https:\/\/www.instagram.com\/dexeusmujer\",\"https:\/\/www.youtube.com\/user\/DexeusMujer\"]}]}<\/script>\n<!-- \/ Yoast SEO plugin. -->","yoast_head_json":{"title":"Centri di riproduzione assistita e FIV | Dexeus Fertility","description":"Conosci tutti i centri di Riproduzione Assistita di Dexeus Fertility, pioniere nella Riproduzione Assistita in Spagna. Ora pi\u00f9 vicini a te.","robots":{"index":"index","follow":"follow","max-snippet":"max-snippet:-1","max-image-preview":"max-image-preview:large","max-video-preview":"max-video-preview:-1"},"canonical":"https:\/\/www.dexeus.com\/fertility\/it\/cliniche-fivet\/","og_locale":"it_IT","og_type":"article","og_title":"Centri di riproduzione assistita e FIV | Dexeus Fertility","og_description":"Conosci tutti i centri di Riproduzione Assistita di Dexeus Fertility, pioniere nella Riproduzione Assistita in Spagna. Ora pi\u00f9 vicini a te.","og_url":"https:\/\/www.dexeus.com\/fertility\/it\/cliniche-fivet\/","og_site_name":"Dexeus Fertility","article_publisher":"https:\/\/www.facebook.com\/dexeusmujer\/","article_modified_time":"2025-10-07T14:54:36+00:00","og_image":[{"width":2500,"height":1161,"url":"https:\/\/www.dexeus.com\/fertility\/wp-content\/uploads\/2024\/02\/header-centros-3.webp","type":"image\/webp"}],"twitter_card":"summary_large_image","twitter_site":"@dexeusmujer","schema":{"@context":"https:\/\/schema.org","@graph":[{"@type":["WebPage","MedicalWebPage"],"@id":"https:\/\/www.dexeus.com\/fertility\/it\/cliniche-fivet\/","url":"https:\/\/www.dexeus.com\/fertility\/it\/cliniche-fivet\/","name":"Centri di riproduzione assistita e FIV | Dexeus Fertility","isPartOf":{"@id":"https:\/\/www.dexeus.com\/fertilitynew\/#website"},"primaryImageOfPage":{"@id":"https:\/\/www.dexeus.com\/fertility\/it\/cliniche-fivet\/#primaryimage"},"image":{"@id":"https:\/\/www.dexeus.com\/fertility\/it\/cliniche-fivet\/#primaryimage"},"thumbnailUrl":"https:\/\/www.dexeus.com\/fertility\/wp-content\/uploads\/2024\/02\/header-centros-3.webp","datePublished":"2024-02-28T15:31:03+00:00","dateModified":"2025-10-07T14:54:36+00:00","description":"Conosci tutti i centri di Riproduzione Assistita di Dexeus Fertility, pioniere nella Riproduzione Assistita in Spagna. Ora pi\u00f9 vicini a te.","breadcrumb":{"@id":"https:\/\/www.dexeus.com\/fertility\/it\/cliniche-fivet\/#breadcrumb"},"inLanguage":"it-IT","potentialAction":[{"@type":"ReadAction","target":["https:\/\/www.dexeus.com\/fertility\/it\/cliniche-fivet\/"]}]},{"@type":"ImageObject","inLanguage":"it-IT","@id":"https:\/\/www.dexeus.com\/fertility\/it\/cliniche-fivet\/#primaryimage","url":"https:\/\/www.dexeus.com\/fertility\/wp-content\/uploads\/2024\/02\/header-centros-3.webp","contentUrl":"https:\/\/www.dexeus.com\/fertility\/wp-content\/uploads\/2024\/02\/header-centros-3.webp","width":2500,"height":1161},{"@type":"BreadcrumbList","@id":"https:\/\/www.dexeus.com\/fertility\/it\/cliniche-fivet\/#breadcrumb","itemListElement":[{"@type":"ListItem","position":1,"name":"Portada","item":"https:\/\/www.dexeus.com\/fertility\/it\/inizio\/"},{"@type":"ListItem","position":2,"name":"I nostri centri"}]},{"@type":"WebSite","@id":"https:\/\/www.dexeus.com\/fertilitynew\/#website","url":"https:\/\/www.dexeus.com\/fertilitynew\/","name":"Dexeus Fertility","description":"Dexeus Mujer es un centro de referencia y pionero en Espa\u00f1a en t\u00e9cnicas de reproducci\u00f3n asistida, con m\u00e1s de 80 a\u00f1os de experiencia en el diagn\u00f3stico y tratamiento de los problemas de fertilidad.","publisher":{"@id":"https:\/\/www.dexeus.com\/fertilitynew\/#organization"},"alternateName":"Dexeus fertilidad","potentialAction":[{"@type":"SearchAction","target":{"@type":"EntryPoint","urlTemplate":"https:\/\/www.dexeus.com\/fertilitynew\/?s={search_term_string}"},"query-input":{"@type":"PropertyValueSpecification","valueRequired":true,"valueName":"search_term_string"}}],"inLanguage":"it-IT"},{"@type":"Organization","@id":"https:\/\/www.dexeus.com\/fertilitynew\/#organization","name":"Dexeus Fertility","url":"https:\/\/www.dexeus.com\/fertilitynew\/","logo":{"@type":"ImageObject","inLanguage":"it-IT","@id":"https:\/\/www.dexeus.com\/fertilitynew\/#\/schema\/logo\/image\/","url":"https:\/\/www.dexeus.com\/fertility\/wp-content\/uploads\/2024\/02\/logofertility.svg","contentUrl":"https:\/\/www.dexeus.com\/fertility\/wp-content\/uploads\/2024\/02\/logofertility.svg","caption":"Dexeus Fertility"},"image":{"@id":"https:\/\/www.dexeus.com\/fertilitynew\/#\/schema\/logo\/image\/"},"sameAs":["https:\/\/www.facebook.com\/dexeusmujer\/","https:\/\/x.com\/dexeusmujer","https:\/\/www.instagram.com\/dexeusmujer","https:\/\/www.youtube.com\/user\/DexeusMujer"]}]}},"_links":{"self":[{"href":"https:\/\/www.dexeus.com\/fertility\/it\/wp-json\/wp\/v2\/pages\/18092","targetHints":{"allow":["GET"]}}],"collection":[{"href":"https:\/\/www.dexeus.com\/fertility\/it\/wp-json\/wp\/v2\/pages"}],"about":[{"href":"https:\/\/www.dexeus.com\/fertility\/it\/wp-json\/wp\/v2\/types\/page"}],"author":[{"embeddable":true,"href":"https:\/\/www.dexeus.com\/fertility\/it\/wp-json\/wp\/v2\/users\/1"}],"replies":[{"embeddable":true,"href":"https:\/\/www.dexeus.com\/fertility\/it\/wp-json\/wp\/v2\/comments?post=18092"}],"version-history":[{"count":3,"href":"https:\/\/www.dexeus.com\/fertility\/it\/wp-json\/wp\/v2\/pages\/18092\/revisions"}],"predecessor-version":[{"id":37293,"href":"https:\/\/www.dexeus.com\/fertility\/it\/wp-json\/wp\/v2\/pages\/18092\/revisions\/37293"}],"wp:featuredmedia":[{"embeddable":true,"href":"https:\/\/www.dexeus.com\/fertility\/it\/wp-json\/wp\/v2\/media\/6374"}],"wp:attachment":[{"href":"https:\/\/www.dexeus.com\/fertility\/it\/wp-json\/wp\/v2\/media?parent=18092"}],"curies":[{"name":"wp","href":"https:\/\/api.w.org\/{rel}","templated":true}]}}