{"id":3161,"date":"2024-02-29T15:27:40","date_gmt":"2024-02-29T14:27:40","guid":{"rendered":"https:\/\/www.dexeus.com\/fertility\/?page_id=3161"},"modified":"2024-11-11T11:52:42","modified_gmt":"2024-11-11T10:52:42","slug":"calculadora-ovulacion","status":"publish","type":"page","link":"https:\/\/www.dexeus.com\/fertility\/no-me-quedo-embarazada\/calculadora-ovulacion\/","title":{"rendered":"Calculadora de ovulaci\u00f3n"},"content":{"rendered":"\t\t<div data-elementor-type=\"wp-post\" data-elementor-id=\"3161\" class=\"elementor elementor-3161\" data-elementor-post-type=\"page\">\n\t\t\t\t<div class=\"elementor-element elementor-element-880cd47 e-con-full e-flex e-con e-parent\" data-id=\"880cd47\" data-element_type=\"container\" data-settings=\"{&quot;background_background&quot;:&quot;classic&quot;,&quot;jet_parallax_layout_list&quot;:[]}\">\n\t\t<div class=\"elementor-element elementor-element-17525ed e-flex e-con-boxed e-con e-child\" data-id=\"17525ed\" data-element_type=\"container\" data-settings=\"{&quot;jet_parallax_layout_list&quot;:[]}\">\n\t\t\t\t\t<div class=\"e-con-inner\">\n\t\t\t\t<div class=\"elementor-element elementor-element-d91c64c elementor-widget elementor-widget-heading\" data-id=\"d91c64c\" data-element_type=\"widget\" data-widget_type=\"heading.default\">\n\t\t\t\t<div class=\"elementor-widget-container\">\n\t\t\t\t\t<h1 class=\"elementor-heading-title elementor-size-default\">Calculadora de ovulaci\u00f3n<\/h1>\t\t\t\t<\/div>\n\t\t\t\t<\/div>\n\t\t\t\t\t<\/div>\n\t\t\t\t<\/div>\n\t\t\t\t<\/div>\n\t\t<div class=\"elementor-element elementor-element-80b228e e-flex e-con-boxed e-con e-parent\" data-id=\"80b228e\" data-element_type=\"container\" data-settings=\"{&quot;jet_parallax_layout_list&quot;:[]}\">\n\t\t\t\t\t<div class=\"e-con-inner\">\n\t\t\t\t<div class=\"elementor-element elementor-element-73b7258 elementor-widget elementor-widget-heading\" data-id=\"73b7258\" data-element_type=\"widget\" data-widget_type=\"heading.default\">\n\t\t\t\t<div class=\"elementor-widget-container\">\n\t\t\t\t\t<h2 class=\"elementor-heading-title elementor-size-default\">\u00bfQuieres saber cu\u00e1les son tus d\u00edas m\u00e1s f\u00e9rtiles?<\/h2>\t\t\t\t<\/div>\n\t\t\t\t<\/div>\n\t\t\t\t\t<\/div>\n\t\t\t\t<\/div>\n\t\t<div class=\"elementor-element elementor-element-d4364b4 e-flex e-con-boxed e-con e-parent\" data-id=\"d4364b4\" data-element_type=\"container\" data-settings=\"{&quot;jet_parallax_layout_list&quot;:[]}\">\n\t\t\t\t\t<div class=\"e-con-inner\">\n\t\t\t\t<div class=\"elementor-element elementor-element-03aec6b elementor-widget elementor-widget-text-editor\" data-id=\"03aec6b\" data-element_type=\"widget\" data-widget_type=\"text-editor.default\">\n\t\t\t\t<div class=\"elementor-widget-container\">\n\t\t\t\t\t\t\t\t\t<p>Si est\u00e1s planeando quedarte embarazada, descubre cu\u00e1les son los d\u00edas m\u00e1s f\u00e9rtiles de tu ciclo con nuestro calendario de ovulaci\u00f3n, as\u00ed aumentar\u00e1s las posibilidades de embarazo. Para saber cu\u00e1ndo vas a ovular, solo tienes que introducir los datos de tu ciclo y la calculadora har\u00e1 el resto, \u00a1as\u00ed de sencillo!<\/p><p>Recuerda que esta calculadora de ovulaci\u00f3n es una herramienta basada en la estad\u00edstica. Los datos proporcionados son fechas aproximadas partiendo de un ciclo regular de entre 20 y 35 d\u00edas. Si tu ciclo es irregular puede ser m\u00e1s dif\u00edcil acertar el d\u00eda de la ovulaci\u00f3n con este calendario. En ese caso, te aconsejamos que consultes con tu ginec\u00f3logo\/a.<\/p><p>Asimismo, se aconseja realizar un estudio de fertilidad de la pareja en caso que llev\u00e9is m\u00e1s de un a\u00f1o intentando concebir sin lograrlo (o m\u00e1s de seis meses si la mujer es mayor de 35 a\u00f1os).<\/p>\t\t\t\t\t\t\t\t<\/div>\n\t\t\t\t<\/div>\n\t\t\t\t\t<\/div>\n\t\t\t\t<\/div>\n\t\t<div class=\"elementor-element elementor-element-44ae580 e-flex e-con-boxed e-con e-parent\" data-id=\"44ae580\" data-element_type=\"container\" data-settings=\"{&quot;jet_parallax_layout_list&quot;:[]}\">\n\t\t\t\t\t<div class=\"e-con-inner\">\n\t\t\t\t<div class=\"elementor-element elementor-element-4f6bab5 elementor-widget elementor-widget-html\" data-id=\"4f6bab5\" data-element_type=\"widget\" data-widget_type=\"html.default\">\n\t\t\t\t<div class=\"elementor-widget-container\">\n\t\t\t\t\t<iframe src=\"https:\/\/www.dexeus.com\/calculadora\/calculadora-ovulacion.html\" height=\"500\"><\/iframe>\t\t\t\t<\/div>\n\t\t\t\t<\/div>\n\t\t\t\t\t<\/div>\n\t\t\t\t<\/div>\n\t\t\t\t<\/div>\n\t\t","protected":false},"excerpt":{"rendered":"<p>\u00bfQuieres saber cu\u00e1les son tus d\u00edas m\u00e1s f\u00e9rtiles? Si est\u00e1s planeando quedarte embarazada, descubre cu\u00e1les son los d\u00edas m\u00e1s f\u00e9rtiles de tu ciclo con nuestro calendario de ovulaci\u00f3n, as\u00ed aumentar\u00e1s las posibilidades de embarazo. Para saber cu\u00e1ndo vas a ovular, solo tienes que introducir los datos de tu ciclo y la calculadora har\u00e1 el resto, [&hellip;]<\/p>\n","protected":false},"author":1,"featured_media":4363,"parent":3171,"menu_order":2,"comment_status":"closed","ping_status":"closed","template":"","meta":{"footnotes":""},"class_list":["post-3161","page","type-page","status-publish","has-post-thumbnail","hentry"],"yoast_head":"<!-- This site is optimized with the Yoast SEO plugin v26.8 - https:\/\/yoast.com\/product\/yoast-seo-wordpress\/ -->\n<title>Calculadora de ovulaci\u00f3n: descubre los d\u00edas m\u00e1s f\u00e9rtiles<\/title>\n<meta name=\"description\" content=\"\u00bfQuieres saber cu\u00e1les son tus d\u00edas m\u00e1s f\u00e9rtiles? Descubre cu\u00e1les son los d\u00edas m\u00e1s f\u00e9rtiles de tu ciclo con nuestra calculadora de ovulaci\u00f3n.\" \/>\n<meta name=\"robots\" content=\"index, follow, max-snippet:-1, max-image-preview:large, max-video-preview:-1\" \/>\n<link rel=\"canonical\" href=\"https:\/\/www.dexeus.com\/fertility\/no-me-quedo-embarazada\/calculadora-ovulacion\/\" \/>\n<meta property=\"og:locale\" content=\"es_ES\" \/>\n<meta property=\"og:type\" content=\"article\" \/>\n<meta property=\"og:title\" content=\"Calculadora de ovulaci\u00f3n: descubre los d\u00edas m\u00e1s f\u00e9rtiles\" \/>\n<meta property=\"og:description\" content=\"\u00bfQuieres saber cu\u00e1les son tus d\u00edas m\u00e1s f\u00e9rtiles? Descubre cu\u00e1les son los d\u00edas m\u00e1s f\u00e9rtiles de tu ciclo con nuestra calculadora de ovulaci\u00f3n.\" \/>\n<meta property=\"og:url\" content=\"https:\/\/www.dexeus.com\/fertility\/no-me-quedo-embarazada\/calculadora-ovulacion\/\" \/>\n<meta property=\"og:site_name\" content=\"Dexeus Fertility\" \/>\n<meta property=\"article:publisher\" content=\"https:\/\/www.facebook.com\/dexeusmujer\/\" \/>\n<meta property=\"article:modified_time\" content=\"2024-11-11T10:52:42+00:00\" \/>\n<meta property=\"og:image\" content=\"https:\/\/www.dexeus.com\/fertility\/wp-content\/uploads\/2024\/03\/calculadora.jpg\" \/>\n\t<meta property=\"og:image:width\" content=\"1305\" \/>\n\t<meta property=\"og:image:height\" content=\"640\" \/>\n\t<meta property=\"og:image:type\" content=\"image\/jpeg\" \/>\n<meta name=\"twitter:card\" content=\"summary_large_image\" \/>\n<meta name=\"twitter:site\" content=\"@dexeusmujer\" \/>\n<script type=\"application\/ld+json\" class=\"yoast-schema-graph\">{\"@context\":\"https:\/\/schema.org\",\"@graph\":[{\"@type\":[\"WebPage\",\"MedicalWebPage\"],\"@id\":\"https:\/\/www.dexeus.com\/fertility\/no-me-quedo-embarazada\/calculadora-ovulacion\/\",\"url\":\"https:\/\/www.dexeus.com\/fertility\/no-me-quedo-embarazada\/calculadora-ovulacion\/\",\"name\":\"Calculadora de ovulaci\u00f3n: descubre los d\u00edas m\u00e1s f\u00e9rtiles\",\"isPartOf\":{\"@id\":\"https:\/\/www.dexeus.com\/fertilitynew\/#website\"},\"primaryImageOfPage\":{\"@id\":\"https:\/\/www.dexeus.com\/fertility\/no-me-quedo-embarazada\/calculadora-ovulacion\/#primaryimage\"},\"image\":{\"@id\":\"https:\/\/www.dexeus.com\/fertility\/no-me-quedo-embarazada\/calculadora-ovulacion\/#primaryimage\"},\"thumbnailUrl\":\"https:\/\/www.dexeus.com\/fertility\/wp-content\/uploads\/2024\/03\/calculadora.jpg\",\"datePublished\":\"2024-02-29T14:27:40+00:00\",\"dateModified\":\"2024-11-11T10:52:42+00:00\",\"description\":\"\u00bfQuieres saber cu\u00e1les son tus d\u00edas m\u00e1s f\u00e9rtiles? Descubre cu\u00e1les son los d\u00edas m\u00e1s f\u00e9rtiles de tu ciclo con nuestra calculadora de ovulaci\u00f3n.\",\"breadcrumb\":{\"@id\":\"https:\/\/www.dexeus.com\/fertility\/no-me-quedo-embarazada\/calculadora-ovulacion\/#breadcrumb\"},\"inLanguage\":\"es\",\"potentialAction\":[{\"@type\":\"ReadAction\",\"target\":[\"https:\/\/www.dexeus.com\/fertility\/no-me-quedo-embarazada\/calculadora-ovulacion\/\"]}]},{\"@type\":\"ImageObject\",\"inLanguage\":\"es\",\"@id\":\"https:\/\/www.dexeus.com\/fertility\/no-me-quedo-embarazada\/calculadora-ovulacion\/#primaryimage\",\"url\":\"https:\/\/www.dexeus.com\/fertility\/wp-content\/uploads\/2024\/03\/calculadora.jpg\",\"contentUrl\":\"https:\/\/www.dexeus.com\/fertility\/wp-content\/uploads\/2024\/03\/calculadora.jpg\",\"width\":1305,\"height\":640},{\"@type\":\"BreadcrumbList\",\"@id\":\"https:\/\/www.dexeus.com\/fertility\/no-me-quedo-embarazada\/calculadora-ovulacion\/#breadcrumb\",\"itemListElement\":[{\"@type\":\"ListItem\",\"position\":1,\"name\":\"Portada\",\"item\":\"https:\/\/www.dexeus.com\/fertility\/\"},{\"@type\":\"ListItem\",\"position\":2,\"name\":\"No me quedo embarazada\",\"item\":\"https:\/\/www.dexeus.com\/fertility\/no-me-quedo-embarazada\/\"},{\"@type\":\"ListItem\",\"position\":3,\"name\":\"Calculadora de ovulaci\u00f3n\"}]},{\"@type\":\"WebSite\",\"@id\":\"https:\/\/www.dexeus.com\/fertilitynew\/#website\",\"url\":\"https:\/\/www.dexeus.com\/fertilitynew\/\",\"name\":\"Dexeus Fertility\",\"description\":\"Dexeus Mujer es un centro de referencia y pionero en Espa\u00f1a en t\u00e9cnicas de reproducci\u00f3n asistida, con m\u00e1s de 80 a\u00f1os de experiencia en el diagn\u00f3stico y tratamiento de los problemas de fertilidad.\",\"publisher\":{\"@id\":\"https:\/\/www.dexeus.com\/fertilitynew\/#organization\"},\"alternateName\":\"Dexeus fertilidad\",\"potentialAction\":[{\"@type\":\"SearchAction\",\"target\":{\"@type\":\"EntryPoint\",\"urlTemplate\":\"https:\/\/www.dexeus.com\/fertilitynew\/?s={search_term_string}\"},\"query-input\":{\"@type\":\"PropertyValueSpecification\",\"valueRequired\":true,\"valueName\":\"search_term_string\"}}],\"inLanguage\":\"es\"},{\"@type\":\"Organization\",\"@id\":\"https:\/\/www.dexeus.com\/fertilitynew\/#organization\",\"name\":\"Dexeus Fertility\",\"url\":\"https:\/\/www.dexeus.com\/fertilitynew\/\",\"logo\":{\"@type\":\"ImageObject\",\"inLanguage\":\"es\",\"@id\":\"https:\/\/www.dexeus.com\/fertilitynew\/#\/schema\/logo\/image\/\",\"url\":\"https:\/\/www.dexeus.com\/fertility\/wp-content\/uploads\/2024\/02\/logofertility.svg\",\"contentUrl\":\"https:\/\/www.dexeus.com\/fertility\/wp-content\/uploads\/2024\/02\/logofertility.svg\",\"caption\":\"Dexeus Fertility\"},\"image\":{\"@id\":\"https:\/\/www.dexeus.com\/fertilitynew\/#\/schema\/logo\/image\/\"},\"sameAs\":[\"https:\/\/www.facebook.com\/dexeusmujer\/\",\"https:\/\/x.com\/dexeusmujer\",\"https:\/\/www.instagram.com\/dexeusmujer\",\"https:\/\/www.youtube.com\/user\/DexeusMujer\"]}]}<\/script>\n<!-- \/ Yoast SEO plugin. -->","yoast_head_json":{"title":"Calculadora de ovulaci\u00f3n: descubre los d\u00edas m\u00e1s f\u00e9rtiles","description":"\u00bfQuieres saber cu\u00e1les son tus d\u00edas m\u00e1s f\u00e9rtiles? Descubre cu\u00e1les son los d\u00edas m\u00e1s f\u00e9rtiles de tu ciclo con nuestra calculadora de ovulaci\u00f3n.","robots":{"index":"index","follow":"follow","max-snippet":"max-snippet:-1","max-image-preview":"max-image-preview:large","max-video-preview":"max-video-preview:-1"},"canonical":"https:\/\/www.dexeus.com\/fertility\/no-me-quedo-embarazada\/calculadora-ovulacion\/","og_locale":"es_ES","og_type":"article","og_title":"Calculadora de ovulaci\u00f3n: descubre los d\u00edas m\u00e1s f\u00e9rtiles","og_description":"\u00bfQuieres saber cu\u00e1les son tus d\u00edas m\u00e1s f\u00e9rtiles? Descubre cu\u00e1les son los d\u00edas m\u00e1s f\u00e9rtiles de tu ciclo con nuestra calculadora de ovulaci\u00f3n.","og_url":"https:\/\/www.dexeus.com\/fertility\/no-me-quedo-embarazada\/calculadora-ovulacion\/","og_site_name":"Dexeus Fertility","article_publisher":"https:\/\/www.facebook.com\/dexeusmujer\/","article_modified_time":"2024-11-11T10:52:42+00:00","og_image":[{"width":1305,"height":640,"url":"https:\/\/www.dexeus.com\/fertility\/wp-content\/uploads\/2024\/03\/calculadora.jpg","type":"image\/jpeg"}],"twitter_card":"summary_large_image","twitter_site":"@dexeusmujer","schema":{"@context":"https:\/\/schema.org","@graph":[{"@type":["WebPage","MedicalWebPage"],"@id":"https:\/\/www.dexeus.com\/fertility\/no-me-quedo-embarazada\/calculadora-ovulacion\/","url":"https:\/\/www.dexeus.com\/fertility\/no-me-quedo-embarazada\/calculadora-ovulacion\/","name":"Calculadora de ovulaci\u00f3n: descubre los d\u00edas m\u00e1s f\u00e9rtiles","isPartOf":{"@id":"https:\/\/www.dexeus.com\/fertilitynew\/#website"},"primaryImageOfPage":{"@id":"https:\/\/www.dexeus.com\/fertility\/no-me-quedo-embarazada\/calculadora-ovulacion\/#primaryimage"},"image":{"@id":"https:\/\/www.dexeus.com\/fertility\/no-me-quedo-embarazada\/calculadora-ovulacion\/#primaryimage"},"thumbnailUrl":"https:\/\/www.dexeus.com\/fertility\/wp-content\/uploads\/2024\/03\/calculadora.jpg","datePublished":"2024-02-29T14:27:40+00:00","dateModified":"2024-11-11T10:52:42+00:00","description":"\u00bfQuieres saber cu\u00e1les son tus d\u00edas m\u00e1s f\u00e9rtiles? Descubre cu\u00e1les son los d\u00edas m\u00e1s f\u00e9rtiles de tu ciclo con nuestra calculadora de ovulaci\u00f3n.","breadcrumb":{"@id":"https:\/\/www.dexeus.com\/fertility\/no-me-quedo-embarazada\/calculadora-ovulacion\/#breadcrumb"},"inLanguage":"es","potentialAction":[{"@type":"ReadAction","target":["https:\/\/www.dexeus.com\/fertility\/no-me-quedo-embarazada\/calculadora-ovulacion\/"]}]},{"@type":"ImageObject","inLanguage":"es","@id":"https:\/\/www.dexeus.com\/fertility\/no-me-quedo-embarazada\/calculadora-ovulacion\/#primaryimage","url":"https:\/\/www.dexeus.com\/fertility\/wp-content\/uploads\/2024\/03\/calculadora.jpg","contentUrl":"https:\/\/www.dexeus.com\/fertility\/wp-content\/uploads\/2024\/03\/calculadora.jpg","width":1305,"height":640},{"@type":"BreadcrumbList","@id":"https:\/\/www.dexeus.com\/fertility\/no-me-quedo-embarazada\/calculadora-ovulacion\/#breadcrumb","itemListElement":[{"@type":"ListItem","position":1,"name":"Portada","item":"https:\/\/www.dexeus.com\/fertility\/"},{"@type":"ListItem","position":2,"name":"No me quedo embarazada","item":"https:\/\/www.dexeus.com\/fertility\/no-me-quedo-embarazada\/"},{"@type":"ListItem","position":3,"name":"Calculadora de ovulaci\u00f3n"}]},{"@type":"WebSite","@id":"https:\/\/www.dexeus.com\/fertilitynew\/#website","url":"https:\/\/www.dexeus.com\/fertilitynew\/","name":"Dexeus Fertility","description":"Dexeus Mujer es un centro de referencia y pionero en Espa\u00f1a en t\u00e9cnicas de reproducci\u00f3n asistida, con m\u00e1s de 80 a\u00f1os de experiencia en el diagn\u00f3stico y tratamiento de los problemas de fertilidad.","publisher":{"@id":"https:\/\/www.dexeus.com\/fertilitynew\/#organization"},"alternateName":"Dexeus fertilidad","potentialAction":[{"@type":"SearchAction","target":{"@type":"EntryPoint","urlTemplate":"https:\/\/www.dexeus.com\/fertilitynew\/?s={search_term_string}"},"query-input":{"@type":"PropertyValueSpecification","valueRequired":true,"valueName":"search_term_string"}}],"inLanguage":"es"},{"@type":"Organization","@id":"https:\/\/www.dexeus.com\/fertilitynew\/#organization","name":"Dexeus Fertility","url":"https:\/\/www.dexeus.com\/fertilitynew\/","logo":{"@type":"ImageObject","inLanguage":"es","@id":"https:\/\/www.dexeus.com\/fertilitynew\/#\/schema\/logo\/image\/","url":"https:\/\/www.dexeus.com\/fertility\/wp-content\/uploads\/2024\/02\/logofertility.svg","contentUrl":"https:\/\/www.dexeus.com\/fertility\/wp-content\/uploads\/2024\/02\/logofertility.svg","caption":"Dexeus Fertility"},"image":{"@id":"https:\/\/www.dexeus.com\/fertilitynew\/#\/schema\/logo\/image\/"},"sameAs":["https:\/\/www.facebook.com\/dexeusmujer\/","https:\/\/x.com\/dexeusmujer","https:\/\/www.instagram.com\/dexeusmujer","https:\/\/www.youtube.com\/user\/DexeusMujer"]}]}},"_links":{"self":[{"href":"https:\/\/www.dexeus.com\/fertility\/wp-json\/wp\/v2\/pages\/3161","targetHints":{"allow":["GET"]}}],"collection":[{"href":"https:\/\/www.dexeus.com\/fertility\/wp-json\/wp\/v2\/pages"}],"about":[{"href":"https:\/\/www.dexeus.com\/fertility\/wp-json\/wp\/v2\/types\/page"}],"author":[{"embeddable":true,"href":"https:\/\/www.dexeus.com\/fertility\/wp-json\/wp\/v2\/users\/1"}],"replies":[{"embeddable":true,"href":"https:\/\/www.dexeus.com\/fertility\/wp-json\/wp\/v2\/comments?post=3161"}],"version-history":[{"count":3,"href":"https:\/\/www.dexeus.com\/fertility\/wp-json\/wp\/v2\/pages\/3161\/revisions"}],"predecessor-version":[{"id":22462,"href":"https:\/\/www.dexeus.com\/fertility\/wp-json\/wp\/v2\/pages\/3161\/revisions\/22462"}],"up":[{"embeddable":true,"href":"https:\/\/www.dexeus.com\/fertility\/wp-json\/wp\/v2\/pages\/3171"}],"wp:featuredmedia":[{"embeddable":true,"href":"https:\/\/www.dexeus.com\/fertility\/wp-json\/wp\/v2\/media\/4363"}],"wp:attachment":[{"href":"https:\/\/www.dexeus.com\/fertility\/wp-json\/wp\/v2\/media?parent=3161"}],"curies":[{"name":"wp","href":"https:\/\/api.w.org\/{rel}","templated":true}]}}