{"id":3166,"date":"2024-02-29T15:28:10","date_gmt":"2024-02-29T14:28:10","guid":{"rendered":"https:\/\/www.dexeus.com\/fertility\/?page_id=3166"},"modified":"2024-11-11T11:54:11","modified_gmt":"2024-11-11T10:54:11","slug":"consejos-quedarse-embarazada","status":"publish","type":"page","link":"https:\/\/www.dexeus.com\/fertility\/no-me-quedo-embarazada\/consejos-quedarse-embarazada\/","title":{"rendered":"Consejos para quedarse embarazada"},"content":{"rendered":"\t\t<div data-elementor-type=\"wp-post\" data-elementor-id=\"3166\" class=\"elementor elementor-3166\" data-elementor-post-type=\"page\">\n\t\t\t\t<div class=\"elementor-element elementor-element-f1a0ed3 e-con-full e-flex e-con e-parent\" data-id=\"f1a0ed3\" data-element_type=\"container\" data-settings=\"{&quot;background_background&quot;:&quot;classic&quot;,&quot;jet_parallax_layout_list&quot;:[]}\">\n\t\t<div class=\"elementor-element elementor-element-a9882f3 e-flex e-con-boxed e-con e-child\" data-id=\"a9882f3\" data-element_type=\"container\" data-settings=\"{&quot;jet_parallax_layout_list&quot;:[]}\">\n\t\t\t\t\t<div class=\"e-con-inner\">\n\t\t\t\t<div class=\"elementor-element elementor-element-964aca3 elementor-widget elementor-widget-heading\" data-id=\"964aca3\" data-element_type=\"widget\" data-widget_type=\"heading.default\">\n\t\t\t\t<div class=\"elementor-widget-container\">\n\t\t\t\t\t<h1 class=\"elementor-heading-title elementor-size-default\">Consejos para quedarse embarazada<\/h1>\t\t\t\t<\/div>\n\t\t\t\t<\/div>\n\t\t\t\t\t<\/div>\n\t\t\t\t<\/div>\n\t\t\t\t<\/div>\n\t\t<div class=\"elementor-element elementor-element-dc5b37a e-flex e-con-boxed e-con e-parent\" data-id=\"dc5b37a\" data-element_type=\"container\" data-settings=\"{&quot;jet_parallax_layout_list&quot;:[]}\">\n\t\t\t\t\t<div class=\"e-con-inner\">\n\t\t\t\t<div class=\"elementor-element elementor-element-f07664e elementor-widget elementor-widget-text-editor\" data-id=\"f07664e\" data-element_type=\"widget\" data-widget_type=\"text-editor.default\">\n\t\t\t\t<div class=\"elementor-widget-container\">\n\t\t\t\t\t\t\t\t\t<p>Por lo general, se piensa que si se tienen relaciones sexuales cerca del d\u00eda de la ovulaci\u00f3n seguramente habr\u00e1 embarazo, pero esto no siempre es as\u00ed.<\/p><p>En realidad, nuestra especie tiene un bajo poder reproductivo, de manera que la posibilidad de embarazo, cuando el contacto sexual es en el periodo de la ovulaci\u00f3n, en una pareja menor de 35 a\u00f1os y sin ning\u00fan factor de infertilidad, es solo de 18 a 35% por mes.<\/p><p>Sin embargo, debe tenerse en cuenta que despu\u00e9s de los 35 a\u00f1os la fertilidad de la mujer disminuye a los 40 a\u00f1os y su probabilidad mensual de lograr un embarazo es de menos del 10%. No obstante, esto no quiere decir que el embarazo sea imposible despu\u00e9s de esta etapa.<\/p><p>De momento, si tu plan es ser madre, toma nota de algunas cosas que debes tener en cuenta:<\/p>\t\t\t\t\t\t\t\t<\/div>\n\t\t\t\t<\/div>\n\t\t\t\t\t<\/div>\n\t\t\t\t<\/div>\n\t\t<div class=\"elementor-element elementor-element-97e5913 e-flex e-con-boxed e-con e-parent\" data-id=\"97e5913\" data-element_type=\"container\" data-settings=\"{&quot;jet_parallax_layout_list&quot;:[]}\">\n\t\t\t\t\t<div class=\"e-con-inner\">\n\t\t<div class=\"elementor-element elementor-element-f2824e9 e-flex e-con-boxed e-con e-child\" data-id=\"f2824e9\" data-element_type=\"container\" data-settings=\"{&quot;jet_parallax_layout_list&quot;:[]}\">\n\t\t\t\t\t<div class=\"e-con-inner\">\n\t\t\t\t<div class=\"elementor-element elementor-element-3521e8b elementor-widget elementor-widget-image\" data-id=\"3521e8b\" data-element_type=\"widget\" data-widget_type=\"image.default\">\n\t\t\t\t<div class=\"elementor-widget-container\">\n\t\t\t\t\t\t\t\t\t\t\t\t\t\t\t<img fetchpriority=\"high\" decoding=\"async\" width=\"293\" height=\"293\" src=\"https:\/\/www.dexeus.com\/fertility\/wp-content\/uploads\/2024\/05\/112.png\" class=\"attachment-large size-large wp-image-20897\" alt=\"\" srcset=\"https:\/\/www.dexeus.com\/fertility\/wp-content\/uploads\/2024\/05\/112.png 293w, https:\/\/www.dexeus.com\/fertility\/wp-content\/uploads\/2024\/05\/112-150x150.png 150w\" sizes=\"(max-width: 293px) 100vw, 293px\" \/>\t\t\t\t\t\t\t\t\t\t\t\t\t\t\t<\/div>\n\t\t\t\t<\/div>\n\t\t\t\t<div class=\"elementor-element elementor-element-74e9b8b elementor-widget elementor-widget-heading\" data-id=\"74e9b8b\" data-element_type=\"widget\" data-widget_type=\"heading.default\">\n\t\t\t\t<div class=\"elementor-widget-container\">\n\t\t\t\t\t<h4 class=\"elementor-heading-title elementor-size-default\">Suprime o reduce el consumo de tabaco y el alcohol.<\/h4>\t\t\t\t<\/div>\n\t\t\t\t<\/div>\n\t\t\t\t\t<\/div>\n\t\t\t\t<\/div>\n\t\t<div class=\"elementor-element elementor-element-be103d8 e-flex e-con-boxed e-con e-child\" data-id=\"be103d8\" data-element_type=\"container\" data-settings=\"{&quot;jet_parallax_layout_list&quot;:[]}\">\n\t\t\t\t\t<div class=\"e-con-inner\">\n\t\t\t\t<div class=\"elementor-element elementor-element-9d672eb elementor-widget elementor-widget-image\" data-id=\"9d672eb\" data-element_type=\"widget\" data-widget_type=\"image.default\">\n\t\t\t\t<div class=\"elementor-widget-container\">\n\t\t\t\t\t\t\t\t\t\t\t\t\t\t\t<img decoding=\"async\" width=\"293\" height=\"293\" src=\"https:\/\/www.dexeus.com\/fertility\/wp-content\/uploads\/2024\/05\/113.png\" class=\"attachment-large size-large wp-image-20915\" alt=\"\" srcset=\"https:\/\/www.dexeus.com\/fertility\/wp-content\/uploads\/2024\/05\/113.png 293w, https:\/\/www.dexeus.com\/fertility\/wp-content\/uploads\/2024\/05\/113-150x150.png 150w\" sizes=\"(max-width: 293px) 100vw, 293px\" \/>\t\t\t\t\t\t\t\t\t\t\t\t\t\t\t<\/div>\n\t\t\t\t<\/div>\n\t\t\t\t<div class=\"elementor-element elementor-element-138a819 elementor-widget elementor-widget-heading\" data-id=\"138a819\" data-element_type=\"widget\" data-widget_type=\"heading.default\">\n\t\t\t\t<div class=\"elementor-widget-container\">\n\t\t\t\t\t<h4 class=\"elementor-heading-title elementor-size-default\">No tomes medicamentos si tienes un retraso menstrual.<\/h4>\t\t\t\t<\/div>\n\t\t\t\t<\/div>\n\t\t\t\t\t<\/div>\n\t\t\t\t<\/div>\n\t\t<div class=\"elementor-element elementor-element-262ad33 e-flex e-con-boxed e-con e-child\" data-id=\"262ad33\" data-element_type=\"container\" data-settings=\"{&quot;jet_parallax_layout_list&quot;:[]}\">\n\t\t\t\t\t<div class=\"e-con-inner\">\n\t\t\t\t<div class=\"elementor-element elementor-element-505510b elementor-widget elementor-widget-image\" data-id=\"505510b\" data-element_type=\"widget\" data-widget_type=\"image.default\">\n\t\t\t\t<div class=\"elementor-widget-container\">\n\t\t\t\t\t\t\t\t\t\t\t\t\t\t\t<img decoding=\"async\" width=\"293\" height=\"292\" src=\"https:\/\/www.dexeus.com\/fertility\/wp-content\/uploads\/2024\/05\/01.png\" class=\"attachment-large size-large wp-image-19097\" alt=\"\" srcset=\"https:\/\/www.dexeus.com\/fertility\/wp-content\/uploads\/2024\/05\/01.png 293w, https:\/\/www.dexeus.com\/fertility\/wp-content\/uploads\/2024\/05\/01-150x150.png 150w\" sizes=\"(max-width: 293px) 100vw, 293px\" \/>\t\t\t\t\t\t\t\t\t\t\t\t\t\t\t<\/div>\n\t\t\t\t<\/div>\n\t\t\t\t<div class=\"elementor-element elementor-element-38d4f74 elementor-widget elementor-widget-heading\" data-id=\"38d4f74\" data-element_type=\"widget\" data-widget_type=\"heading.default\">\n\t\t\t\t<div class=\"elementor-widget-container\">\n\t\t\t\t\t<h4 class=\"elementor-heading-title elementor-size-default\">Vac\u00fanate, si es necesario, contra el t\u00e9tanos, hepatitis B y rub\u00e9ola.<\/h4>\t\t\t\t<\/div>\n\t\t\t\t<\/div>\n\t\t\t\t\t<\/div>\n\t\t\t\t<\/div>\n\t\t\t\t\t<\/div>\n\t\t\t\t<\/div>\n\t\t<div class=\"elementor-element elementor-element-ce3ebd3 e-flex e-con-boxed e-con e-parent\" data-id=\"ce3ebd3\" data-element_type=\"container\" data-settings=\"{&quot;jet_parallax_layout_list&quot;:[]}\">\n\t\t\t\t\t<div class=\"e-con-inner\">\n\t\t<div class=\"elementor-element elementor-element-6042096 e-flex e-con-boxed e-con e-child\" data-id=\"6042096\" data-element_type=\"container\" data-settings=\"{&quot;jet_parallax_layout_list&quot;:[]}\">\n\t\t\t\t\t<div class=\"e-con-inner\">\n\t\t\t\t<div class=\"elementor-element elementor-element-057d166 elementor-widget elementor-widget-image\" data-id=\"057d166\" data-element_type=\"widget\" data-widget_type=\"image.default\">\n\t\t\t\t<div class=\"elementor-widget-container\">\n\t\t\t\t\t\t\t\t\t\t\t\t\t\t\t<img loading=\"lazy\" decoding=\"async\" width=\"293\" height=\"293\" src=\"https:\/\/www.dexeus.com\/fertility\/wp-content\/uploads\/2024\/05\/114.png\" class=\"attachment-large size-large wp-image-20909\" alt=\"\" srcset=\"https:\/\/www.dexeus.com\/fertility\/wp-content\/uploads\/2024\/05\/114.png 293w, https:\/\/www.dexeus.com\/fertility\/wp-content\/uploads\/2024\/05\/114-150x150.png 150w\" sizes=\"(max-width: 293px) 100vw, 293px\" \/>\t\t\t\t\t\t\t\t\t\t\t\t\t\t\t<\/div>\n\t\t\t\t<\/div>\n\t\t\t\t<div class=\"elementor-element elementor-element-1e004ef elementor-widget elementor-widget-heading\" data-id=\"1e004ef\" data-element_type=\"widget\" data-widget_type=\"heading.default\">\n\t\t\t\t<div class=\"elementor-widget-container\">\n\t\t\t\t\t<h4 class=\"elementor-heading-title elementor-size-default\">Practica una actividad f\u00edsica adecuada.<\/h4>\t\t\t\t<\/div>\n\t\t\t\t<\/div>\n\t\t\t\t\t<\/div>\n\t\t\t\t<\/div>\n\t\t<div class=\"elementor-element elementor-element-08c9814 e-flex e-con-boxed e-con e-child\" data-id=\"08c9814\" data-element_type=\"container\" data-settings=\"{&quot;jet_parallax_layout_list&quot;:[]}\">\n\t\t\t\t\t<div class=\"e-con-inner\">\n\t\t\t\t<div class=\"elementor-element elementor-element-849bfba elementor-widget elementor-widget-image\" data-id=\"849bfba\" data-element_type=\"widget\" data-widget_type=\"image.default\">\n\t\t\t\t<div class=\"elementor-widget-container\">\n\t\t\t\t\t\t\t\t\t\t\t\t\t\t\t<img loading=\"lazy\" decoding=\"async\" width=\"293\" height=\"293\" src=\"https:\/\/www.dexeus.com\/fertility\/wp-content\/uploads\/2024\/05\/111.png\" class=\"attachment-large size-large wp-image-20921\" alt=\"\" srcset=\"https:\/\/www.dexeus.com\/fertility\/wp-content\/uploads\/2024\/05\/111.png 293w, https:\/\/www.dexeus.com\/fertility\/wp-content\/uploads\/2024\/05\/111-150x150.png 150w\" sizes=\"(max-width: 293px) 100vw, 293px\" \/>\t\t\t\t\t\t\t\t\t\t\t\t\t\t\t<\/div>\n\t\t\t\t<\/div>\n\t\t\t\t<div class=\"elementor-element elementor-element-4d8aed5 elementor-widget elementor-widget-heading\" data-id=\"4d8aed5\" data-element_type=\"widget\" data-widget_type=\"heading.default\">\n\t\t\t\t<div class=\"elementor-widget-container\">\n\t\t\t\t\t<h4 class=\"elementor-heading-title elementor-size-default\">Controla tu peso y tu dieta.<\/h4>\t\t\t\t<\/div>\n\t\t\t\t<\/div>\n\t\t\t\t\t<\/div>\n\t\t\t\t<\/div>\n\t\t<div class=\"elementor-element elementor-element-6ed7c6d e-flex e-con-boxed e-con e-child\" data-id=\"6ed7c6d\" data-element_type=\"container\" data-settings=\"{&quot;jet_parallax_layout_list&quot;:[]}\">\n\t\t\t\t\t<div class=\"e-con-inner\">\n\t\t\t\t<div class=\"elementor-element elementor-element-cd2801e elementor-widget elementor-widget-image\" data-id=\"cd2801e\" data-element_type=\"widget\" data-widget_type=\"image.default\">\n\t\t\t\t<div class=\"elementor-widget-container\">\n\t\t\t\t\t\t\t\t\t\t\t\t\t\t\t<img loading=\"lazy\" decoding=\"async\" width=\"293\" height=\"293\" src=\"https:\/\/www.dexeus.com\/fertility\/wp-content\/uploads\/2024\/05\/65.png\" class=\"attachment-large size-large wp-image-19481\" alt=\"\" srcset=\"https:\/\/www.dexeus.com\/fertility\/wp-content\/uploads\/2024\/05\/65.png 293w, https:\/\/www.dexeus.com\/fertility\/wp-content\/uploads\/2024\/05\/65-150x150.png 150w\" sizes=\"(max-width: 293px) 100vw, 293px\" \/>\t\t\t\t\t\t\t\t\t\t\t\t\t\t\t<\/div>\n\t\t\t\t<\/div>\n\t\t\t\t<div class=\"elementor-element elementor-element-073f479 elementor-widget elementor-widget-heading\" data-id=\"073f479\" data-element_type=\"widget\" data-widget_type=\"heading.default\">\n\t\t\t\t<div class=\"elementor-widget-container\">\n\t\t\t\t\t<h4 class=\"elementor-heading-title elementor-size-default\">Pide hora para una visita con nosotros.<\/h4>\t\t\t\t<\/div>\n\t\t\t\t<\/div>\n\t\t\t\t\t<\/div>\n\t\t\t\t<\/div>\n\t\t\t\t\t<\/div>\n\t\t\t\t<\/div>\n\t\t<div class=\"elementor-element elementor-element-0ba6270 e-flex e-con-boxed e-con e-parent\" data-id=\"0ba6270\" data-element_type=\"container\" data-settings=\"{&quot;jet_parallax_layout_list&quot;:[]}\">\n\t\t\t\t\t<div class=\"e-con-inner\">\n\t\t\t\t<div class=\"elementor-element elementor-element-d9d2596 elementor-widget elementor-widget-text-editor\" data-id=\"d9d2596\" data-element_type=\"widget\" data-widget_type=\"text-editor.default\">\n\t\t\t\t<div class=\"elementor-widget-container\">\n\t\t\t\t\t\t\t\t\t<p>La buena evoluci\u00f3n del embarazo, la salud del feto y del reci\u00e9n nacido, as\u00ed como su correcto desarrollo posterior, dependen en gran parte de la salud de su madre y de los cuidados que haya recibido antes de la gestaci\u00f3n.<\/p><p>Tambi\u00e9n la asistencia m\u00e9dica al embarazo no debe empezar al producirse la primera falta menstrual, sino que debe preceder a la gestaci\u00f3n.<\/p><p>La evaluaci\u00f3n preconcepcional de las condiciones f\u00edsicas, biol\u00f3gicas y ps\u00edquicas de la futura madre, as\u00ed como de su entorno, posibilitan situar en las mejores condiciones posibles de salud, ayud\u00e1ndola a escoger el momento m\u00e1s \u00f3ptimo para el inicio del embarazo. Este objetivo es a\u00fan m\u00e1s acuciante en el caso de parejas que hayan tenido problemas en anteriores embarazos.<\/p>\t\t\t\t\t\t\t\t<\/div>\n\t\t\t\t<\/div>\n\t\t\t\t\t<\/div>\n\t\t\t\t<\/div>\n\t\t\t\t<\/div>\n\t\t","protected":false},"excerpt":{"rendered":"<p>Por lo general, se piensa que si se tienen relaciones sexuales cerca del d\u00eda de la ovulaci\u00f3n seguramente habr\u00e1 embarazo, pero esto no siempre es as\u00ed. En realidad, nuestra especie tiene un bajo poder reproductivo, de manera que la posibilidad de embarazo, cuando el contacto sexual es en el periodo de la ovulaci\u00f3n, en una [&hellip;]<\/p>\n","protected":false},"author":1,"featured_media":4376,"parent":3171,"menu_order":3,"comment_status":"closed","ping_status":"closed","template":"","meta":{"footnotes":""},"class_list":["post-3166","page","type-page","status-publish","has-post-thumbnail","hentry"],"yoast_head":"<!-- This site is optimized with the Yoast SEO plugin v26.8 - https:\/\/yoast.com\/product\/yoast-seo-wordpress\/ -->\n<title>\u00bfC\u00f3mo quedarme embarazada? Consejos de Dexeus Fertility<\/title>\n<meta name=\"description\" content=\"En Dexeus Fertility te proporcionamos consejos m\u00e9dicos para quedarte embarazada. Ponemos a tu disposici\u00f3n m\u00e1s de 80 a\u00f1os de experiencia.\" \/>\n<meta name=\"robots\" content=\"index, follow, max-snippet:-1, max-image-preview:large, max-video-preview:-1\" \/>\n<link rel=\"canonical\" href=\"https:\/\/www.dexeus.com\/fertility\/no-me-quedo-embarazada\/consejos-quedarse-embarazada\/\" \/>\n<meta property=\"og:locale\" content=\"es_ES\" \/>\n<meta property=\"og:type\" content=\"article\" \/>\n<meta property=\"og:title\" content=\"\u00bfC\u00f3mo quedarme embarazada? Consejos de Dexeus Fertility\" \/>\n<meta property=\"og:description\" content=\"En Dexeus Fertility te proporcionamos consejos m\u00e9dicos para quedarte embarazada. Ponemos a tu disposici\u00f3n m\u00e1s de 80 a\u00f1os de experiencia.\" \/>\n<meta property=\"og:url\" content=\"https:\/\/www.dexeus.com\/fertility\/no-me-quedo-embarazada\/consejos-quedarse-embarazada\/\" \/>\n<meta property=\"og:site_name\" content=\"Dexeus Fertility\" \/>\n<meta property=\"article:publisher\" content=\"https:\/\/www.facebook.com\/dexeusmujer\/\" \/>\n<meta property=\"article:modified_time\" content=\"2024-11-11T10:54:11+00:00\" \/>\n<meta property=\"og:image\" content=\"https:\/\/www.dexeus.com\/fertility\/wp-content\/uploads\/2024\/03\/consejos-quedarte-embarazada-1.webp\" \/>\n\t<meta property=\"og:image:width\" content=\"2500\" \/>\n\t<meta property=\"og:image:height\" content=\"1161\" \/>\n\t<meta property=\"og:image:type\" content=\"image\/webp\" \/>\n<meta name=\"twitter:card\" content=\"summary_large_image\" \/>\n<meta name=\"twitter:site\" content=\"@dexeusmujer\" \/>\n<script type=\"application\/ld+json\" class=\"yoast-schema-graph\">{\"@context\":\"https:\/\/schema.org\",\"@graph\":[{\"@type\":[\"WebPage\",\"MedicalWebPage\"],\"@id\":\"https:\/\/www.dexeus.com\/fertility\/no-me-quedo-embarazada\/consejos-quedarse-embarazada\/\",\"url\":\"https:\/\/www.dexeus.com\/fertility\/no-me-quedo-embarazada\/consejos-quedarse-embarazada\/\",\"name\":\"\u00bfC\u00f3mo quedarme embarazada? Consejos de Dexeus Fertility\",\"isPartOf\":{\"@id\":\"https:\/\/www.dexeus.com\/fertilitynew\/#website\"},\"primaryImageOfPage\":{\"@id\":\"https:\/\/www.dexeus.com\/fertility\/no-me-quedo-embarazada\/consejos-quedarse-embarazada\/#primaryimage\"},\"image\":{\"@id\":\"https:\/\/www.dexeus.com\/fertility\/no-me-quedo-embarazada\/consejos-quedarse-embarazada\/#primaryimage\"},\"thumbnailUrl\":\"https:\/\/www.dexeus.com\/fertility\/wp-content\/uploads\/2024\/03\/consejos-quedarte-embarazada-1.webp\",\"datePublished\":\"2024-02-29T14:28:10+00:00\",\"dateModified\":\"2024-11-11T10:54:11+00:00\",\"description\":\"En Dexeus Fertility te proporcionamos consejos m\u00e9dicos para quedarte embarazada. Ponemos a tu disposici\u00f3n m\u00e1s de 80 a\u00f1os de experiencia.\",\"breadcrumb\":{\"@id\":\"https:\/\/www.dexeus.com\/fertility\/no-me-quedo-embarazada\/consejos-quedarse-embarazada\/#breadcrumb\"},\"inLanguage\":\"es\",\"potentialAction\":[{\"@type\":\"ReadAction\",\"target\":[\"https:\/\/www.dexeus.com\/fertility\/no-me-quedo-embarazada\/consejos-quedarse-embarazada\/\"]}]},{\"@type\":\"ImageObject\",\"inLanguage\":\"es\",\"@id\":\"https:\/\/www.dexeus.com\/fertility\/no-me-quedo-embarazada\/consejos-quedarse-embarazada\/#primaryimage\",\"url\":\"https:\/\/www.dexeus.com\/fertility\/wp-content\/uploads\/2024\/03\/consejos-quedarte-embarazada-1.webp\",\"contentUrl\":\"https:\/\/www.dexeus.com\/fertility\/wp-content\/uploads\/2024\/03\/consejos-quedarte-embarazada-1.webp\",\"width\":2500,\"height\":1161},{\"@type\":\"BreadcrumbList\",\"@id\":\"https:\/\/www.dexeus.com\/fertility\/no-me-quedo-embarazada\/consejos-quedarse-embarazada\/#breadcrumb\",\"itemListElement\":[{\"@type\":\"ListItem\",\"position\":1,\"name\":\"Portada\",\"item\":\"https:\/\/www.dexeus.com\/fertility\/\"},{\"@type\":\"ListItem\",\"position\":2,\"name\":\"No me quedo embarazada\",\"item\":\"https:\/\/www.dexeus.com\/fertility\/no-me-quedo-embarazada\/\"},{\"@type\":\"ListItem\",\"position\":3,\"name\":\"Consejos para quedarse embarazada\"}]},{\"@type\":\"WebSite\",\"@id\":\"https:\/\/www.dexeus.com\/fertilitynew\/#website\",\"url\":\"https:\/\/www.dexeus.com\/fertilitynew\/\",\"name\":\"Dexeus Fertility\",\"description\":\"Dexeus Mujer es un centro de referencia y pionero en Espa\u00f1a en t\u00e9cnicas de reproducci\u00f3n asistida, con m\u00e1s de 80 a\u00f1os de experiencia en el diagn\u00f3stico y tratamiento de los problemas de fertilidad.\",\"publisher\":{\"@id\":\"https:\/\/www.dexeus.com\/fertilitynew\/#organization\"},\"alternateName\":\"Dexeus fertilidad\",\"potentialAction\":[{\"@type\":\"SearchAction\",\"target\":{\"@type\":\"EntryPoint\",\"urlTemplate\":\"https:\/\/www.dexeus.com\/fertilitynew\/?s={search_term_string}\"},\"query-input\":{\"@type\":\"PropertyValueSpecification\",\"valueRequired\":true,\"valueName\":\"search_term_string\"}}],\"inLanguage\":\"es\"},{\"@type\":\"Organization\",\"@id\":\"https:\/\/www.dexeus.com\/fertilitynew\/#organization\",\"name\":\"Dexeus Fertility\",\"url\":\"https:\/\/www.dexeus.com\/fertilitynew\/\",\"logo\":{\"@type\":\"ImageObject\",\"inLanguage\":\"es\",\"@id\":\"https:\/\/www.dexeus.com\/fertilitynew\/#\/schema\/logo\/image\/\",\"url\":\"https:\/\/www.dexeus.com\/fertility\/wp-content\/uploads\/2024\/02\/logofertility.svg\",\"contentUrl\":\"https:\/\/www.dexeus.com\/fertility\/wp-content\/uploads\/2024\/02\/logofertility.svg\",\"caption\":\"Dexeus Fertility\"},\"image\":{\"@id\":\"https:\/\/www.dexeus.com\/fertilitynew\/#\/schema\/logo\/image\/\"},\"sameAs\":[\"https:\/\/www.facebook.com\/dexeusmujer\/\",\"https:\/\/x.com\/dexeusmujer\",\"https:\/\/www.instagram.com\/dexeusmujer\",\"https:\/\/www.youtube.com\/user\/DexeusMujer\"]}]}<\/script>\n<!-- \/ Yoast SEO plugin. -->","yoast_head_json":{"title":"\u00bfC\u00f3mo quedarme embarazada? Consejos de Dexeus Fertility","description":"En Dexeus Fertility te proporcionamos consejos m\u00e9dicos para quedarte embarazada. Ponemos a tu disposici\u00f3n m\u00e1s de 80 a\u00f1os de experiencia.","robots":{"index":"index","follow":"follow","max-snippet":"max-snippet:-1","max-image-preview":"max-image-preview:large","max-video-preview":"max-video-preview:-1"},"canonical":"https:\/\/www.dexeus.com\/fertility\/no-me-quedo-embarazada\/consejos-quedarse-embarazada\/","og_locale":"es_ES","og_type":"article","og_title":"\u00bfC\u00f3mo quedarme embarazada? Consejos de Dexeus Fertility","og_description":"En Dexeus Fertility te proporcionamos consejos m\u00e9dicos para quedarte embarazada. Ponemos a tu disposici\u00f3n m\u00e1s de 80 a\u00f1os de experiencia.","og_url":"https:\/\/www.dexeus.com\/fertility\/no-me-quedo-embarazada\/consejos-quedarse-embarazada\/","og_site_name":"Dexeus Fertility","article_publisher":"https:\/\/www.facebook.com\/dexeusmujer\/","article_modified_time":"2024-11-11T10:54:11+00:00","og_image":[{"width":2500,"height":1161,"url":"https:\/\/www.dexeus.com\/fertility\/wp-content\/uploads\/2024\/03\/consejos-quedarte-embarazada-1.webp","type":"image\/webp"}],"twitter_card":"summary_large_image","twitter_site":"@dexeusmujer","schema":{"@context":"https:\/\/schema.org","@graph":[{"@type":["WebPage","MedicalWebPage"],"@id":"https:\/\/www.dexeus.com\/fertility\/no-me-quedo-embarazada\/consejos-quedarse-embarazada\/","url":"https:\/\/www.dexeus.com\/fertility\/no-me-quedo-embarazada\/consejos-quedarse-embarazada\/","name":"\u00bfC\u00f3mo quedarme embarazada? Consejos de Dexeus Fertility","isPartOf":{"@id":"https:\/\/www.dexeus.com\/fertilitynew\/#website"},"primaryImageOfPage":{"@id":"https:\/\/www.dexeus.com\/fertility\/no-me-quedo-embarazada\/consejos-quedarse-embarazada\/#primaryimage"},"image":{"@id":"https:\/\/www.dexeus.com\/fertility\/no-me-quedo-embarazada\/consejos-quedarse-embarazada\/#primaryimage"},"thumbnailUrl":"https:\/\/www.dexeus.com\/fertility\/wp-content\/uploads\/2024\/03\/consejos-quedarte-embarazada-1.webp","datePublished":"2024-02-29T14:28:10+00:00","dateModified":"2024-11-11T10:54:11+00:00","description":"En Dexeus Fertility te proporcionamos consejos m\u00e9dicos para quedarte embarazada. Ponemos a tu disposici\u00f3n m\u00e1s de 80 a\u00f1os de experiencia.","breadcrumb":{"@id":"https:\/\/www.dexeus.com\/fertility\/no-me-quedo-embarazada\/consejos-quedarse-embarazada\/#breadcrumb"},"inLanguage":"es","potentialAction":[{"@type":"ReadAction","target":["https:\/\/www.dexeus.com\/fertility\/no-me-quedo-embarazada\/consejos-quedarse-embarazada\/"]}]},{"@type":"ImageObject","inLanguage":"es","@id":"https:\/\/www.dexeus.com\/fertility\/no-me-quedo-embarazada\/consejos-quedarse-embarazada\/#primaryimage","url":"https:\/\/www.dexeus.com\/fertility\/wp-content\/uploads\/2024\/03\/consejos-quedarte-embarazada-1.webp","contentUrl":"https:\/\/www.dexeus.com\/fertility\/wp-content\/uploads\/2024\/03\/consejos-quedarte-embarazada-1.webp","width":2500,"height":1161},{"@type":"BreadcrumbList","@id":"https:\/\/www.dexeus.com\/fertility\/no-me-quedo-embarazada\/consejos-quedarse-embarazada\/#breadcrumb","itemListElement":[{"@type":"ListItem","position":1,"name":"Portada","item":"https:\/\/www.dexeus.com\/fertility\/"},{"@type":"ListItem","position":2,"name":"No me quedo embarazada","item":"https:\/\/www.dexeus.com\/fertility\/no-me-quedo-embarazada\/"},{"@type":"ListItem","position":3,"name":"Consejos para quedarse embarazada"}]},{"@type":"WebSite","@id":"https:\/\/www.dexeus.com\/fertilitynew\/#website","url":"https:\/\/www.dexeus.com\/fertilitynew\/","name":"Dexeus Fertility","description":"Dexeus Mujer es un centro de referencia y pionero en Espa\u00f1a en t\u00e9cnicas de reproducci\u00f3n asistida, con m\u00e1s de 80 a\u00f1os de experiencia en el diagn\u00f3stico y tratamiento de los problemas de fertilidad.","publisher":{"@id":"https:\/\/www.dexeus.com\/fertilitynew\/#organization"},"alternateName":"Dexeus fertilidad","potentialAction":[{"@type":"SearchAction","target":{"@type":"EntryPoint","urlTemplate":"https:\/\/www.dexeus.com\/fertilitynew\/?s={search_term_string}"},"query-input":{"@type":"PropertyValueSpecification","valueRequired":true,"valueName":"search_term_string"}}],"inLanguage":"es"},{"@type":"Organization","@id":"https:\/\/www.dexeus.com\/fertilitynew\/#organization","name":"Dexeus Fertility","url":"https:\/\/www.dexeus.com\/fertilitynew\/","logo":{"@type":"ImageObject","inLanguage":"es","@id":"https:\/\/www.dexeus.com\/fertilitynew\/#\/schema\/logo\/image\/","url":"https:\/\/www.dexeus.com\/fertility\/wp-content\/uploads\/2024\/02\/logofertility.svg","contentUrl":"https:\/\/www.dexeus.com\/fertility\/wp-content\/uploads\/2024\/02\/logofertility.svg","caption":"Dexeus Fertility"},"image":{"@id":"https:\/\/www.dexeus.com\/fertilitynew\/#\/schema\/logo\/image\/"},"sameAs":["https:\/\/www.facebook.com\/dexeusmujer\/","https:\/\/x.com\/dexeusmujer","https:\/\/www.instagram.com\/dexeusmujer","https:\/\/www.youtube.com\/user\/DexeusMujer"]}]}},"_links":{"self":[{"href":"https:\/\/www.dexeus.com\/fertility\/wp-json\/wp\/v2\/pages\/3166","targetHints":{"allow":["GET"]}}],"collection":[{"href":"https:\/\/www.dexeus.com\/fertility\/wp-json\/wp\/v2\/pages"}],"about":[{"href":"https:\/\/www.dexeus.com\/fertility\/wp-json\/wp\/v2\/types\/page"}],"author":[{"embeddable":true,"href":"https:\/\/www.dexeus.com\/fertility\/wp-json\/wp\/v2\/users\/1"}],"replies":[{"embeddable":true,"href":"https:\/\/www.dexeus.com\/fertility\/wp-json\/wp\/v2\/comments?post=3166"}],"version-history":[{"count":7,"href":"https:\/\/www.dexeus.com\/fertility\/wp-json\/wp\/v2\/pages\/3166\/revisions"}],"predecessor-version":[{"id":22540,"href":"https:\/\/www.dexeus.com\/fertility\/wp-json\/wp\/v2\/pages\/3166\/revisions\/22540"}],"up":[{"embeddable":true,"href":"https:\/\/www.dexeus.com\/fertility\/wp-json\/wp\/v2\/pages\/3171"}],"wp:featuredmedia":[{"embeddable":true,"href":"https:\/\/www.dexeus.com\/fertility\/wp-json\/wp\/v2\/media\/4376"}],"wp:attachment":[{"href":"https:\/\/www.dexeus.com\/fertility\/wp-json\/wp\/v2\/media?parent=3166"}],"curies":[{"name":"wp","href":"https:\/\/api.w.org\/{rel}","templated":true}]}}