{"id":3253,"date":"2024-02-29T15:53:27","date_gmt":"2024-02-29T14:53:27","guid":{"rendered":"https:\/\/www.dexeus.com\/fertility\/?page_id=3253"},"modified":"2025-01-31T16:55:43","modified_gmt":"2025-01-31T15:55:43","slug":"hospital-universitario","status":"publish","type":"page","link":"https:\/\/www.dexeus.com\/fertility\/conocenos\/hospital-universitario\/","title":{"rendered":"Somos un hospital universitario"},"content":{"rendered":"\t\t<div data-elementor-type=\"wp-post\" data-elementor-id=\"3253\" class=\"elementor elementor-3253\" data-elementor-post-type=\"page\">\n\t\t\t\t<div class=\"elementor-element elementor-element-59a2be4 e-con-full e-flex e-con e-parent\" data-id=\"59a2be4\" data-element_type=\"container\" data-settings=\"{&quot;background_background&quot;:&quot;classic&quot;,&quot;jet_parallax_layout_list&quot;:[]}\">\n\t\t<div class=\"elementor-element elementor-element-be1b42a e-flex e-con-boxed e-con e-child\" data-id=\"be1b42a\" data-element_type=\"container\" data-settings=\"{&quot;jet_parallax_layout_list&quot;:[]}\">\n\t\t\t\t\t<div class=\"e-con-inner\">\n\t\t\t\t<div class=\"elementor-element elementor-element-b89520e elementor-widget elementor-widget-heading\" data-id=\"b89520e\" data-element_type=\"widget\" data-widget_type=\"heading.default\">\n\t\t\t\t<div class=\"elementor-widget-container\">\n\t\t\t\t\t<h1 class=\"elementor-heading-title elementor-size-default\">Somos un hospital universitario<\/h1>\t\t\t\t<\/div>\n\t\t\t\t<\/div>\n\t\t\t\t\t<\/div>\n\t\t\t\t<\/div>\n\t\t\t\t<\/div>\n\t\t<div class=\"elementor-element elementor-element-29f9543 e-flex e-con-boxed e-con e-parent\" data-id=\"29f9543\" data-element_type=\"container\" data-settings=\"{&quot;jet_parallax_layout_list&quot;:[]}\">\n\t\t\t\t\t<div class=\"e-con-inner\">\n\t\t<div class=\"elementor-element elementor-element-8595aff e-flex e-con-boxed e-con e-child\" data-id=\"8595aff\" data-element_type=\"container\" data-settings=\"{&quot;jet_parallax_layout_list&quot;:[]}\">\n\t\t\t\t\t<div class=\"e-con-inner\">\n\t\t\t\t<div class=\"elementor-element elementor-element-ccded33 elementor-widget elementor-widget-heading\" data-id=\"ccded33\" data-element_type=\"widget\" data-widget_type=\"heading.default\">\n\t\t\t\t<div class=\"elementor-widget-container\">\n\t\t\t\t\t<h2 class=\"elementor-heading-title elementor-size-default\">Departamento de Obstetricia, Ginecolog\u00eda y Reproducci\u00f3n,<\/br> <span class=\"pink-title\">Hospital Universitario Dexeus<\/span><\/h2>\t\t\t\t<\/div>\n\t\t\t\t<\/div>\n\t\t\t\t\t<\/div>\n\t\t\t\t<\/div>\n\t\t\t\t\t<\/div>\n\t\t\t\t<\/div>\n\t\t<div class=\"elementor-element elementor-element-3705609 e-flex e-con-boxed e-con e-parent\" data-id=\"3705609\" data-element_type=\"container\" data-settings=\"{&quot;jet_parallax_layout_list&quot;:[]}\">\n\t\t\t\t\t<div class=\"e-con-inner\">\n\t\t<div class=\"elementor-element elementor-element-55274d0 e-con-full e-flex e-con e-child\" data-id=\"55274d0\" data-element_type=\"container\" data-settings=\"{&quot;jet_parallax_layout_list&quot;:[]}\">\n\t\t\t\t<div class=\"elementor-element elementor-element-3daedb0 elementor-widget elementor-widget-image\" data-id=\"3daedb0\" data-element_type=\"widget\" data-widget_type=\"image.default\">\n\t\t\t\t<div class=\"elementor-widget-container\">\n\t\t\t\t\t\t\t\t\t\t\t\t\t\t\t<img fetchpriority=\"high\" decoding=\"async\" width=\"300\" height=\"586\" src=\"https:\/\/www.dexeus.com\/fertility\/wp-content\/uploads\/2024\/03\/07_Dexeus-Pag-texto-pdf-2.webp\" class=\"attachment-1536x1536 size-1536x1536 wp-image-4925\" alt=\"\" srcset=\"https:\/\/www.dexeus.com\/fertility\/wp-content\/uploads\/2024\/03\/07_Dexeus-Pag-texto-pdf-2.webp 300w, https:\/\/www.dexeus.com\/fertility\/wp-content\/uploads\/2024\/03\/07_Dexeus-Pag-texto-pdf-2-154x300.webp 154w\" sizes=\"(max-width: 300px) 100vw, 300px\" \/>\t\t\t\t\t\t\t\t\t\t\t\t\t\t\t<\/div>\n\t\t\t\t<\/div>\n\t\t\t\t<\/div>\n\t\t<div class=\"elementor-element elementor-element-e9137bb e-con-full e-flex e-con e-child\" data-id=\"e9137bb\" data-element_type=\"container\" data-settings=\"{&quot;jet_parallax_layout_list&quot;:[]}\">\n\t\t\t\t<div class=\"elementor-element elementor-element-b9c2ef5 elementor-widget elementor-widget-text-editor\" data-id=\"b9c2ef5\" data-element_type=\"widget\" data-widget_type=\"text-editor.default\">\n\t\t\t\t<div class=\"elementor-widget-container\">\n\t\t\t\t\t\t\t\t\t<p>El <span class=\"pink-title\"><strong>Departamento de Obstetricia, Ginecolog\u00eda y Reproducci\u00f3n, del Hospital Universitario Dexeus<\/strong><\/span> es un centro privado de referencia internacional, que se dedica exclusivamente a la salud de la mujer desde hace 85 a\u00f1os.<\/p><p>El ginec\u00f3logo <strong>Santiago Dexeus Font<\/strong> fund\u00f3 la Cl\u00ednica Mater en 1935 con el objetivo de promover el desarrollo de estas especialidades en nuestro pa\u00eds y ofrecer formaci\u00f3n a otros m\u00e9dicos, mediante la creaci\u00f3n de una escuela universitaria denominada Escuela Dexeus, la m\u00e1s antigua de Espa\u00f1a.<\/p>\t\t\t\t\t\t\t\t<\/div>\n\t\t\t\t<\/div>\n\t\t\t\t<\/div>\n\t\t\t\t\t<\/div>\n\t\t\t\t<\/div>\n\t\t<div class=\"elementor-element elementor-element-ac94222 e-flex e-con-boxed e-con e-parent\" data-id=\"ac94222\" data-element_type=\"container\" data-settings=\"{&quot;background_background&quot;:&quot;classic&quot;,&quot;jet_parallax_layout_list&quot;:[]}\">\n\t\t\t\t\t<div class=\"e-con-inner\">\n\t\t<div class=\"elementor-element elementor-element-fb7ec58 e-flex e-con-boxed e-con e-child\" data-id=\"fb7ec58\" data-element_type=\"container\" data-settings=\"{&quot;jet_parallax_layout_list&quot;:[]}\">\n\t\t\t\t\t<div class=\"e-con-inner\">\n\t\t\t\t<div class=\"elementor-element elementor-element-3eb83fa elementor-widget-divider--view-line elementor-widget elementor-widget-divider\" data-id=\"3eb83fa\" data-element_type=\"widget\" data-widget_type=\"divider.default\">\n\t\t\t\t<div class=\"elementor-widget-container\">\n\t\t\t\t\t\t\t<div class=\"elementor-divider\">\n\t\t\t<span class=\"elementor-divider-separator\">\n\t\t\t\t\t\t<\/span>\n\t\t<\/div>\n\t\t\t\t\t\t<\/div>\n\t\t\t\t<\/div>\n\t\t\t\t<div class=\"elementor-element elementor-element-2988038 elementor-widget elementor-widget-text-editor\" data-id=\"2988038\" data-element_type=\"widget\" data-widget_type=\"text-editor.default\">\n\t\t\t\t<div class=\"elementor-widget-container\">\n\t\t\t\t\t\t\t\t\t<p>Desde 1989, y gracias a la labor pionera llevada a cabo por la Escuela Dexeus, el antiguo <strong>Instituto Dexeus y la Universidad Aut\u00f3noma de Barcelona (UAB)<\/strong> han acordado establecer un convenio de adscripci\u00f3n con la UAB, lo que significa que las actividades docentes llevadas a cabo por el Centro de la Mujer Dexeus son reconocidas por la universidad.<\/p><p>Ese mismo a\u00f1o, el Ministerio de Sanidad espa\u00f1ol concedi\u00f3 al Hospital Universitario Dexeus la condici\u00f3n de Hospital Docente para m\u00e9dicos residentes mediante el sistema oficial de examen MIR.<\/p>\t\t\t\t\t\t\t\t<\/div>\n\t\t\t\t<\/div>\n\t\t\t\t\t<\/div>\n\t\t\t\t<\/div>\n\t\t\t\t\t<\/div>\n\t\t\t\t<\/div>\n\t\t<div class=\"elementor-element elementor-element-9998ff5 why-choose-us-container e-flex e-con-boxed e-con e-child\" data-id=\"9998ff5\" data-element_type=\"container\" data-settings=\"{&quot;jet_parallax_layout_list&quot;:[]}\">\n\t\t\t\t\t<div class=\"e-con-inner\">\n\t\t<div class=\"elementor-element elementor-element-151711b e-con-full e-flex e-con e-child\" data-id=\"151711b\" data-element_type=\"container\" data-settings=\"{&quot;jet_parallax_layout_list&quot;:[]}\">\n\t\t<div class=\"elementor-element elementor-element-79496d9 e-con-full testimony-block e-flex e-con e-child\" data-id=\"79496d9\" data-element_type=\"container\" data-settings=\"{&quot;jet_parallax_layout_list&quot;:[]}\">\n\t\t\t\t<div class=\"elementor-element elementor-element-3b25a36 elementor-widget elementor-widget-image\" data-id=\"3b25a36\" data-element_type=\"widget\" data-widget_type=\"image.default\">\n\t\t\t\t<div class=\"elementor-widget-container\">\n\t\t\t\t\t\t\t\t\t\t\t\t\t\t\t<img decoding=\"async\" width=\"293\" height=\"293\" src=\"https:\/\/www.dexeus.com\/fertility\/wp-content\/uploads\/2024\/05\/31.png\" class=\"attachment-large size-large wp-image-19277\" alt=\"\" srcset=\"https:\/\/www.dexeus.com\/fertility\/wp-content\/uploads\/2024\/05\/31.png 293w, https:\/\/www.dexeus.com\/fertility\/wp-content\/uploads\/2024\/05\/31-150x150.png 150w\" sizes=\"(max-width: 293px) 100vw, 293px\" \/>\t\t\t\t\t\t\t\t\t\t\t\t\t\t\t<\/div>\n\t\t\t\t<\/div>\n\t\t\t\t<div class=\"elementor-element elementor-element-7da88e4 testimony-title elementor-widget elementor-widget-heading\" data-id=\"7da88e4\" data-element_type=\"widget\" data-widget_type=\"heading.default\">\n\t\t\t\t<div class=\"elementor-widget-container\">\n\t\t\t\t\t<h4 class=\"elementor-heading-title elementor-size-default\">Formaci\u00f3n continua en obstetricia, ginecolog\u00eda y medicina reproductiva<\/h4>\t\t\t\t<\/div>\n\t\t\t\t<\/div>\n\t\t\t\t<\/div>\n\t\t\t\t<\/div>\n\t\t\t\t\t<\/div>\n\t\t\t\t<\/div>\n\t\t<div class=\"elementor-element elementor-element-75c76ff e-flex e-con-boxed e-con e-parent\" data-id=\"75c76ff\" data-element_type=\"container\" data-settings=\"{&quot;jet_parallax_layout_list&quot;:[]}\">\n\t\t\t\t\t<div class=\"e-con-inner\">\n\t\t<div class=\"elementor-element elementor-element-8b6a433 e-flex e-con-boxed e-con e-child\" data-id=\"8b6a433\" data-element_type=\"container\" data-settings=\"{&quot;jet_parallax_layout_list&quot;:[]}\">\n\t\t\t\t\t<div class=\"e-con-inner\">\n\t\t\t\t<div class=\"elementor-element elementor-element-fd0a0ab elementor-widget elementor-widget-text-editor\" data-id=\"fd0a0ab\" data-element_type=\"widget\" data-widget_type=\"text-editor.default\">\n\t\t\t\t<div class=\"elementor-widget-container\">\n\t\t\t\t\t\t\t\t\t<p>El prestigio del <strong>Hospital Universitario Dexeus<\/strong> en la comunidad m\u00e9dico-cient\u00edfica y su vocaci\u00f3n de escuela atraen a muchos profesionales internacionales que desean profundizar en una t\u00e9cnica.<\/p><p>Fieles a nuestra vocaci\u00f3n did\u00e1ctica heredada de la <strong>Escuela Dexeus<\/strong> y como centro <strong>adscrito a la Universidad Aut\u00f3noma de Barcelona (UAB)<\/strong>, ofrecemos diferentes sistemas de formaci\u00f3n a todos los profesionales especializados en obstetricia, ginecolog\u00eda y reproducci\u00f3n.<\/p><p>El sentimiento de la escuela es consustancial a la <span class=\"pink-title\"><strong>Fundaci\u00f3n Dexeus Mujer<\/strong><\/span>. La Fundaci\u00f3n es el veh\u00edculo para compartir los conocimientos m\u00e9dicos de los profesionales de la Fundaci\u00f3n Dexeus para las mujeres. <strong>Dexeus Mujer<\/strong>, con el resto de profesionales de la especialidad, a trav\u00e9s de:<\/p><ul><li>Un programa de formaci\u00f3n continua<\/li><li>La promoci\u00f3n de las pr\u00e1cticas de formaci\u00f3n<\/li><li>La formaci\u00f3n de especialistas en Obstetricia y Ginecolog\u00eda (MIR)<\/li><li>Patrocinio de reuniones cient\u00edficas<\/li><\/ul>\t\t\t\t\t\t\t\t<\/div>\n\t\t\t\t<\/div>\n\t\t<div class=\"elementor-element elementor-element-dd25458 e-flex e-con-boxed e-con e-child\" data-id=\"dd25458\" data-element_type=\"container\" data-settings=\"{&quot;jet_parallax_layout_list&quot;:[]}\">\n\t\t\t\t\t<div class=\"e-con-inner\">\n\t\t\t\t<div class=\"elementor-element elementor-element-b28f7eb elementor-widget elementor-widget-image\" data-id=\"b28f7eb\" data-element_type=\"widget\" data-widget_type=\"image.default\">\n\t\t\t\t<div class=\"elementor-widget-container\">\n\t\t\t\t\t\t\t\t\t\t\t\t\t\t\t<img decoding=\"async\" width=\"1374\" height=\"701\" src=\"https:\/\/www.dexeus.com\/fertility\/wp-content\/uploads\/2024\/03\/07_Dexeus-Pag-texto-pdf.webp\" class=\"attachment-1536x1536 size-1536x1536 wp-image-4998\" alt=\"\" srcset=\"https:\/\/www.dexeus.com\/fertility\/wp-content\/uploads\/2024\/03\/07_Dexeus-Pag-texto-pdf.webp 1374w, https:\/\/www.dexeus.com\/fertility\/wp-content\/uploads\/2024\/03\/07_Dexeus-Pag-texto-pdf-300x153.webp 300w, https:\/\/www.dexeus.com\/fertility\/wp-content\/uploads\/2024\/03\/07_Dexeus-Pag-texto-pdf-1024x522.webp 1024w, https:\/\/www.dexeus.com\/fertility\/wp-content\/uploads\/2024\/03\/07_Dexeus-Pag-texto-pdf-768x392.webp 768w\" sizes=\"(max-width: 1374px) 100vw, 1374px\" \/>\t\t\t\t\t\t\t\t\t\t\t\t\t\t\t<\/div>\n\t\t\t\t<\/div>\n\t\t\t\t\t<\/div>\n\t\t\t\t<\/div>\n\t\t\t\t\t<\/div>\n\t\t\t\t<\/div>\n\t\t\t\t\t<\/div>\n\t\t\t\t<\/div>\n\t\t\t\t<\/div>\n\t\t","protected":false},"excerpt":{"rendered":"<p>Departamento de Obstetricia, Ginecolog\u00eda y Reproducci\u00f3n, Hospital Universitario Dexeus El Departamento de Obstetricia, Ginecolog\u00eda y Reproducci\u00f3n, del Hospital Universitario Dexeus es un centro privado de referencia internacional, que se dedica exclusivamente a la salud de la mujer desde hace 85 a\u00f1os. El ginec\u00f3logo Santiago Dexeus Font fund\u00f3 la Cl\u00ednica Mater en 1935 con el objetivo [&hellip;]<\/p>\n","protected":false},"author":1,"featured_media":4900,"parent":12044,"menu_order":0,"comment_status":"closed","ping_status":"closed","template":"","meta":{"footnotes":""},"class_list":["post-3253","page","type-page","status-publish","has-post-thumbnail","hentry"],"yoast_head":"<!-- This site is optimized with the Yoast SEO plugin v26.8 - https:\/\/yoast.com\/product\/yoast-seo-wordpress\/ -->\n<title>M\u00e1s que un centro de FIV, un hospital universitario: Dexeus Fertility<\/title>\n<meta name=\"description\" content=\"Adem\u00e1s de una cl\u00ednica de fertilidad, Dexeus Fertility es tambi\u00e9n un hospital universitario adscrito a la Universidad Aut\u00f3noma de Barcelona (UAB).\" \/>\n<meta name=\"robots\" content=\"index, follow, max-snippet:-1, max-image-preview:large, max-video-preview:-1\" \/>\n<link rel=\"canonical\" href=\"https:\/\/www.dexeus.com\/fertility\/conocenos\/hospital-universitario\/\" \/>\n<meta property=\"og:locale\" content=\"es_ES\" \/>\n<meta property=\"og:type\" content=\"article\" \/>\n<meta property=\"og:title\" content=\"M\u00e1s que un centro de FIV, un hospital universitario: Dexeus Fertility\" \/>\n<meta property=\"og:description\" content=\"Adem\u00e1s de una cl\u00ednica de fertilidad, Dexeus Fertility es tambi\u00e9n un hospital universitario adscrito a la Universidad Aut\u00f3noma de Barcelona (UAB).\" \/>\n<meta property=\"og:url\" content=\"https:\/\/www.dexeus.com\/fertility\/conocenos\/hospital-universitario\/\" \/>\n<meta property=\"og:site_name\" content=\"Dexeus Fertility\" \/>\n<meta property=\"article:publisher\" content=\"https:\/\/www.facebook.com\/dexeusmujer\/\" \/>\n<meta property=\"article:modified_time\" content=\"2025-01-31T15:55:43+00:00\" \/>\n<meta property=\"og:image\" content=\"https:\/\/www.dexeus.com\/fertility\/wp-content\/uploads\/2024\/03\/universitario.webp\" \/>\n\t<meta property=\"og:image:width\" content=\"1000\" \/>\n\t<meta property=\"og:image:height\" content=\"465\" \/>\n\t<meta property=\"og:image:type\" content=\"image\/webp\" \/>\n<meta name=\"twitter:card\" content=\"summary_large_image\" \/>\n<meta name=\"twitter:site\" content=\"@dexeusmujer\" \/>\n<script type=\"application\/ld+json\" class=\"yoast-schema-graph\">{\"@context\":\"https:\/\/schema.org\",\"@graph\":[{\"@type\":[\"WebPage\",\"MedicalWebPage\"],\"@id\":\"https:\/\/www.dexeus.com\/fertility\/conocenos\/hospital-universitario\/\",\"url\":\"https:\/\/www.dexeus.com\/fertility\/conocenos\/hospital-universitario\/\",\"name\":\"M\u00e1s que un centro de FIV, un hospital universitario: Dexeus Fertility\",\"isPartOf\":{\"@id\":\"https:\/\/www.dexeus.com\/fertilitynew\/#website\"},\"primaryImageOfPage\":{\"@id\":\"https:\/\/www.dexeus.com\/fertility\/conocenos\/hospital-universitario\/#primaryimage\"},\"image\":{\"@id\":\"https:\/\/www.dexeus.com\/fertility\/conocenos\/hospital-universitario\/#primaryimage\"},\"thumbnailUrl\":\"https:\/\/www.dexeus.com\/fertility\/wp-content\/uploads\/2024\/03\/universitario.webp\",\"datePublished\":\"2024-02-29T14:53:27+00:00\",\"dateModified\":\"2025-01-31T15:55:43+00:00\",\"description\":\"Adem\u00e1s de una cl\u00ednica de fertilidad, Dexeus Fertility es tambi\u00e9n un hospital universitario adscrito a la Universidad Aut\u00f3noma de Barcelona (UAB).\",\"breadcrumb\":{\"@id\":\"https:\/\/www.dexeus.com\/fertility\/conocenos\/hospital-universitario\/#breadcrumb\"},\"inLanguage\":\"es\",\"potentialAction\":[{\"@type\":\"ReadAction\",\"target\":[\"https:\/\/www.dexeus.com\/fertility\/conocenos\/hospital-universitario\/\"]}]},{\"@type\":\"ImageObject\",\"inLanguage\":\"es\",\"@id\":\"https:\/\/www.dexeus.com\/fertility\/conocenos\/hospital-universitario\/#primaryimage\",\"url\":\"https:\/\/www.dexeus.com\/fertility\/wp-content\/uploads\/2024\/03\/universitario.webp\",\"contentUrl\":\"https:\/\/www.dexeus.com\/fertility\/wp-content\/uploads\/2024\/03\/universitario.webp\",\"width\":1000,\"height\":465},{\"@type\":\"BreadcrumbList\",\"@id\":\"https:\/\/www.dexeus.com\/fertility\/conocenos\/hospital-universitario\/#breadcrumb\",\"itemListElement\":[{\"@type\":\"ListItem\",\"position\":1,\"name\":\"Portada\",\"item\":\"https:\/\/www.dexeus.com\/fertility\/\"},{\"@type\":\"ListItem\",\"position\":2,\"name\":\"Con\u00f3cenos\",\"item\":\"https:\/\/dexeusfertility.enproves.cat\/conocenos\/\"},{\"@type\":\"ListItem\",\"position\":3,\"name\":\"Somos un hospital universitario\"}]},{\"@type\":\"WebSite\",\"@id\":\"https:\/\/www.dexeus.com\/fertilitynew\/#website\",\"url\":\"https:\/\/www.dexeus.com\/fertilitynew\/\",\"name\":\"Dexeus Fertility\",\"description\":\"Dexeus Mujer es un centro de referencia y pionero en Espa\u00f1a en t\u00e9cnicas de reproducci\u00f3n asistida, con m\u00e1s de 80 a\u00f1os de experiencia en el diagn\u00f3stico y tratamiento de los problemas de fertilidad.\",\"publisher\":{\"@id\":\"https:\/\/www.dexeus.com\/fertilitynew\/#organization\"},\"alternateName\":\"Dexeus fertilidad\",\"potentialAction\":[{\"@type\":\"SearchAction\",\"target\":{\"@type\":\"EntryPoint\",\"urlTemplate\":\"https:\/\/www.dexeus.com\/fertilitynew\/?s={search_term_string}\"},\"query-input\":{\"@type\":\"PropertyValueSpecification\",\"valueRequired\":true,\"valueName\":\"search_term_string\"}}],\"inLanguage\":\"es\"},{\"@type\":\"Organization\",\"@id\":\"https:\/\/www.dexeus.com\/fertilitynew\/#organization\",\"name\":\"Dexeus Fertility\",\"url\":\"https:\/\/www.dexeus.com\/fertilitynew\/\",\"logo\":{\"@type\":\"ImageObject\",\"inLanguage\":\"es\",\"@id\":\"https:\/\/www.dexeus.com\/fertilitynew\/#\/schema\/logo\/image\/\",\"url\":\"https:\/\/www.dexeus.com\/fertility\/wp-content\/uploads\/2024\/02\/logofertility.svg\",\"contentUrl\":\"https:\/\/www.dexeus.com\/fertility\/wp-content\/uploads\/2024\/02\/logofertility.svg\",\"caption\":\"Dexeus Fertility\"},\"image\":{\"@id\":\"https:\/\/www.dexeus.com\/fertilitynew\/#\/schema\/logo\/image\/\"},\"sameAs\":[\"https:\/\/www.facebook.com\/dexeusmujer\/\",\"https:\/\/x.com\/dexeusmujer\",\"https:\/\/www.instagram.com\/dexeusmujer\",\"https:\/\/www.youtube.com\/user\/DexeusMujer\"]}]}<\/script>\n<!-- \/ Yoast SEO plugin. -->","yoast_head_json":{"title":"M\u00e1s que un centro de FIV, un hospital universitario: Dexeus Fertility","description":"Adem\u00e1s de una cl\u00ednica de fertilidad, Dexeus Fertility es tambi\u00e9n un hospital universitario adscrito a la Universidad Aut\u00f3noma de Barcelona (UAB).","robots":{"index":"index","follow":"follow","max-snippet":"max-snippet:-1","max-image-preview":"max-image-preview:large","max-video-preview":"max-video-preview:-1"},"canonical":"https:\/\/www.dexeus.com\/fertility\/conocenos\/hospital-universitario\/","og_locale":"es_ES","og_type":"article","og_title":"M\u00e1s que un centro de FIV, un hospital universitario: Dexeus Fertility","og_description":"Adem\u00e1s de una cl\u00ednica de fertilidad, Dexeus Fertility es tambi\u00e9n un hospital universitario adscrito a la Universidad Aut\u00f3noma de Barcelona (UAB).","og_url":"https:\/\/www.dexeus.com\/fertility\/conocenos\/hospital-universitario\/","og_site_name":"Dexeus Fertility","article_publisher":"https:\/\/www.facebook.com\/dexeusmujer\/","article_modified_time":"2025-01-31T15:55:43+00:00","og_image":[{"width":1000,"height":465,"url":"https:\/\/www.dexeus.com\/fertility\/wp-content\/uploads\/2024\/03\/universitario.webp","type":"image\/webp"}],"twitter_card":"summary_large_image","twitter_site":"@dexeusmujer","schema":{"@context":"https:\/\/schema.org","@graph":[{"@type":["WebPage","MedicalWebPage"],"@id":"https:\/\/www.dexeus.com\/fertility\/conocenos\/hospital-universitario\/","url":"https:\/\/www.dexeus.com\/fertility\/conocenos\/hospital-universitario\/","name":"M\u00e1s que un centro de FIV, un hospital universitario: Dexeus Fertility","isPartOf":{"@id":"https:\/\/www.dexeus.com\/fertilitynew\/#website"},"primaryImageOfPage":{"@id":"https:\/\/www.dexeus.com\/fertility\/conocenos\/hospital-universitario\/#primaryimage"},"image":{"@id":"https:\/\/www.dexeus.com\/fertility\/conocenos\/hospital-universitario\/#primaryimage"},"thumbnailUrl":"https:\/\/www.dexeus.com\/fertility\/wp-content\/uploads\/2024\/03\/universitario.webp","datePublished":"2024-02-29T14:53:27+00:00","dateModified":"2025-01-31T15:55:43+00:00","description":"Adem\u00e1s de una cl\u00ednica de fertilidad, Dexeus Fertility es tambi\u00e9n un hospital universitario adscrito a la Universidad Aut\u00f3noma de Barcelona (UAB).","breadcrumb":{"@id":"https:\/\/www.dexeus.com\/fertility\/conocenos\/hospital-universitario\/#breadcrumb"},"inLanguage":"es","potentialAction":[{"@type":"ReadAction","target":["https:\/\/www.dexeus.com\/fertility\/conocenos\/hospital-universitario\/"]}]},{"@type":"ImageObject","inLanguage":"es","@id":"https:\/\/www.dexeus.com\/fertility\/conocenos\/hospital-universitario\/#primaryimage","url":"https:\/\/www.dexeus.com\/fertility\/wp-content\/uploads\/2024\/03\/universitario.webp","contentUrl":"https:\/\/www.dexeus.com\/fertility\/wp-content\/uploads\/2024\/03\/universitario.webp","width":1000,"height":465},{"@type":"BreadcrumbList","@id":"https:\/\/www.dexeus.com\/fertility\/conocenos\/hospital-universitario\/#breadcrumb","itemListElement":[{"@type":"ListItem","position":1,"name":"Portada","item":"https:\/\/www.dexeus.com\/fertility\/"},{"@type":"ListItem","position":2,"name":"Con\u00f3cenos","item":"https:\/\/dexeusfertility.enproves.cat\/conocenos\/"},{"@type":"ListItem","position":3,"name":"Somos un hospital universitario"}]},{"@type":"WebSite","@id":"https:\/\/www.dexeus.com\/fertilitynew\/#website","url":"https:\/\/www.dexeus.com\/fertilitynew\/","name":"Dexeus Fertility","description":"Dexeus Mujer es un centro de referencia y pionero en Espa\u00f1a en t\u00e9cnicas de reproducci\u00f3n asistida, con m\u00e1s de 80 a\u00f1os de experiencia en el diagn\u00f3stico y tratamiento de los problemas de fertilidad.","publisher":{"@id":"https:\/\/www.dexeus.com\/fertilitynew\/#organization"},"alternateName":"Dexeus fertilidad","potentialAction":[{"@type":"SearchAction","target":{"@type":"EntryPoint","urlTemplate":"https:\/\/www.dexeus.com\/fertilitynew\/?s={search_term_string}"},"query-input":{"@type":"PropertyValueSpecification","valueRequired":true,"valueName":"search_term_string"}}],"inLanguage":"es"},{"@type":"Organization","@id":"https:\/\/www.dexeus.com\/fertilitynew\/#organization","name":"Dexeus Fertility","url":"https:\/\/www.dexeus.com\/fertilitynew\/","logo":{"@type":"ImageObject","inLanguage":"es","@id":"https:\/\/www.dexeus.com\/fertilitynew\/#\/schema\/logo\/image\/","url":"https:\/\/www.dexeus.com\/fertility\/wp-content\/uploads\/2024\/02\/logofertility.svg","contentUrl":"https:\/\/www.dexeus.com\/fertility\/wp-content\/uploads\/2024\/02\/logofertility.svg","caption":"Dexeus Fertility"},"image":{"@id":"https:\/\/www.dexeus.com\/fertilitynew\/#\/schema\/logo\/image\/"},"sameAs":["https:\/\/www.facebook.com\/dexeusmujer\/","https:\/\/x.com\/dexeusmujer","https:\/\/www.instagram.com\/dexeusmujer","https:\/\/www.youtube.com\/user\/DexeusMujer"]}]}},"_links":{"self":[{"href":"https:\/\/www.dexeus.com\/fertility\/wp-json\/wp\/v2\/pages\/3253","targetHints":{"allow":["GET"]}}],"collection":[{"href":"https:\/\/www.dexeus.com\/fertility\/wp-json\/wp\/v2\/pages"}],"about":[{"href":"https:\/\/www.dexeus.com\/fertility\/wp-json\/wp\/v2\/types\/page"}],"author":[{"embeddable":true,"href":"https:\/\/www.dexeus.com\/fertility\/wp-json\/wp\/v2\/users\/1"}],"replies":[{"embeddable":true,"href":"https:\/\/www.dexeus.com\/fertility\/wp-json\/wp\/v2\/comments?post=3253"}],"version-history":[{"count":15,"href":"https:\/\/www.dexeus.com\/fertility\/wp-json\/wp\/v2\/pages\/3253\/revisions"}],"predecessor-version":[{"id":30086,"href":"https:\/\/www.dexeus.com\/fertility\/wp-json\/wp\/v2\/pages\/3253\/revisions\/30086"}],"up":[{"embeddable":true,"href":"https:\/\/www.dexeus.com\/fertility\/wp-json\/wp\/v2\/pages\/12044"}],"wp:featuredmedia":[{"embeddable":true,"href":"https:\/\/www.dexeus.com\/fertility\/wp-json\/wp\/v2\/media\/4900"}],"wp:attachment":[{"href":"https:\/\/www.dexeus.com\/fertility\/wp-json\/wp\/v2\/media?parent=3253"}],"curies":[{"name":"wp","href":"https:\/\/api.w.org\/{rel}","templated":true}]}}