{"id":8523,"date":"2024-03-18T12:03:49","date_gmt":"2024-03-18T11:03:49","guid":{"rendered":"https:\/\/www.dexeus.com\/fertility\/?page_id=8523"},"modified":"2024-06-07T11:57:57","modified_gmt":"2024-06-07T09:57:57","slug":"instalaciones-cientificas","status":"publish","type":"page","link":"https:\/\/www.dexeus.com\/fertility\/conocenos\/instalaciones-cientificas\/","title":{"rendered":"Instalaciones cient\u00edficas"},"content":{"rendered":"\t\t<div data-elementor-type=\"wp-post\" data-elementor-id=\"8523\" class=\"elementor elementor-8523\" data-elementor-post-type=\"page\">\n\t\t\t\t<div class=\"elementor-element elementor-element-9bad209 e-con-full e-flex e-con e-parent\" data-id=\"9bad209\" data-element_type=\"container\" data-settings=\"{&quot;background_background&quot;:&quot;classic&quot;,&quot;jet_parallax_layout_list&quot;:[]}\">\n\t\t<div class=\"elementor-element elementor-element-e472c4e e-flex e-con-boxed e-con e-child\" data-id=\"e472c4e\" data-element_type=\"container\" data-settings=\"{&quot;jet_parallax_layout_list&quot;:[]}\">\n\t\t\t\t\t<div class=\"e-con-inner\">\n\t\t\t\t<div class=\"elementor-element elementor-element-1023301 elementor-widget elementor-widget-heading\" data-id=\"1023301\" data-element_type=\"widget\" data-widget_type=\"heading.default\">\n\t\t\t\t<div class=\"elementor-widget-container\">\n\t\t\t\t\t<h1 class=\"elementor-heading-title elementor-size-default\">Instalaciones cient\u00edficas<\/h1>\t\t\t\t<\/div>\n\t\t\t\t<\/div>\n\t\t\t\t\t<\/div>\n\t\t\t\t<\/div>\n\t\t\t\t<\/div>\n\t\t<div class=\"elementor-element elementor-element-2fc3469 why-choose-us-container e-flex e-con-boxed e-con e-child\" data-id=\"2fc3469\" data-element_type=\"container\" data-settings=\"{&quot;jet_parallax_layout_list&quot;:[]}\">\n\t\t\t\t\t<div class=\"e-con-inner\">\n\t\t<div class=\"elementor-element elementor-element-2ede21b e-con-full e-flex e-con e-child\" data-id=\"2ede21b\" data-element_type=\"container\" data-settings=\"{&quot;jet_parallax_layout_list&quot;:[]}\">\n\t\t<div class=\"elementor-element elementor-element-37aa68f e-con-full testimony-block e-flex e-con e-child\" data-id=\"37aa68f\" data-element_type=\"container\" data-settings=\"{&quot;jet_parallax_layout_list&quot;:[]}\">\n\t\t\t\t<div class=\"elementor-element elementor-element-9d6270a elementor-position-left elementor-vertical-align-middle elementor-widget__width-initial elementor-widget elementor-widget-image-box\" data-id=\"9d6270a\" data-element_type=\"widget\" data-widget_type=\"image-box.default\">\n\t\t\t\t<div class=\"elementor-widget-container\">\n\t\t\t\t\t<div class=\"elementor-image-box-wrapper\"><figure class=\"elementor-image-box-img\"><img fetchpriority=\"high\" decoding=\"async\" width=\"280\" height=\"280\" src=\"https:\/\/www.dexeus.com\/fertility\/wp-content\/uploads\/2024\/03\/13_Dexeus-Pag-texto-pdf.png\" class=\"attachment-full size-full wp-image-9196\" alt=\"\" srcset=\"https:\/\/www.dexeus.com\/fertility\/wp-content\/uploads\/2024\/03\/13_Dexeus-Pag-texto-pdf.png 280w, https:\/\/www.dexeus.com\/fertility\/wp-content\/uploads\/2024\/03\/13_Dexeus-Pag-texto-pdf-150x150.png 150w\" sizes=\"(max-width: 280px) 100vw, 280px\" \/><\/figure><div class=\"elementor-image-box-content\"><h3 class=\"elementor-image-box-title\">El <strong>objetivo<\/strong> del centro es ofrecer a las pacientes un \u00fanico lugar con todos los servicios que necesita. As\u00ed, <strong>todas las consultas, pruebas y procedimientos se realizan en el mismo establecimiento<\/strong>, un nuevo edificio equipado con la \u00faltima tecnolog\u00eda.<\/h3><\/div><\/div>\t\t\t\t<\/div>\n\t\t\t\t<\/div>\n\t\t\t\t<\/div>\n\t\t\t\t<\/div>\n\t\t\t\t\t<\/div>\n\t\t\t\t<\/div>\n\t\t<div class=\"elementor-element elementor-element-5a07c12 e-flex e-con-boxed e-con e-parent\" data-id=\"5a07c12\" data-element_type=\"container\" data-settings=\"{&quot;jet_parallax_layout_list&quot;:[]}\">\n\t\t\t\t\t<div class=\"e-con-inner\">\n\t\t\t\t<div class=\"elementor-element elementor-element-18018cd elementor-widget elementor-widget-text-editor\" data-id=\"18018cd\" data-element_type=\"widget\" data-widget_type=\"text-editor.default\">\n\t\t\t\t<div class=\"elementor-widget-container\">\n\t\t\t\t\t\t\t\t\t<p>Nuestras <strong>instalaciones<\/strong>, inauguradas en 2007, han sido dise\u00f1adas para prestar una <strong>atenci\u00f3n m\u00e1s personalizada, r\u00e1pida y c\u00f3moda<\/strong>, gracias a un circuito integrado en el que diagn\u00f3sticos, tratamientos, consultas e intervenciones est\u00e1n centralizados. Adem\u00e1s, en septiembre de 2017, inauguramos los <strong>nuevos laboratorios de Reproducci\u00f3n Asistida<\/strong>.<\/p><p>Nuestro centro dispone de <strong>tres plantas<\/strong> para las seis \u00e1reas de funcionamiento de <strong class=\"pink-title\">Dexeus Mujer<\/strong>:<\/p><ul><li>Consultas<\/li><li>Pruebas complementarias<\/li><li>Laboratorios<\/li><li>Gesti\u00f3n<\/li><li>Administraci\u00f3n<\/li><li>Servicios Para-asistenciales<\/li><li>Servicios generales<\/li><\/ul>\t\t\t\t\t\t\t\t<\/div>\n\t\t\t\t<\/div>\n\t\t\t\t\t<\/div>\n\t\t\t\t<\/div>\n\t\t<div class=\"elementor-element elementor-element-425d6d0 e-flex e-con-boxed e-con e-parent\" data-id=\"425d6d0\" data-element_type=\"container\" data-settings=\"{&quot;background_background&quot;:&quot;classic&quot;,&quot;jet_parallax_layout_list&quot;:[]}\">\n\t\t\t\t\t<div class=\"e-con-inner\">\n\t\t<div class=\"elementor-element elementor-element-a2bbdf8 e-flex e-con-boxed e-con e-child\" data-id=\"a2bbdf8\" data-element_type=\"container\" data-settings=\"{&quot;jet_parallax_layout_list&quot;:[]}\">\n\t\t\t\t\t<div class=\"e-con-inner\">\n\t\t\t\t<div class=\"elementor-element elementor-element-f77b6f8 elementor-widget elementor-widget-text-editor\" data-id=\"f77b6f8\" data-element_type=\"widget\" data-widget_type=\"text-editor.default\">\n\t\t\t\t<div class=\"elementor-widget-container\">\n\t\t\t\t\t\t\t\t\t<p>Adem\u00e1s, hemos establecido acuerdos especiales con proveedores de equipos tecnol\u00f3gicos que nos permiten disponer siempre de las <strong>\u00faltimas innovaciones<\/strong> en <strong>diagn\u00f3stico por la imagen<\/strong>: ecograf\u00eda ginecol\u00f3gica, mamograf\u00eda digital, ecograf\u00eda obst\u00e9trica, etc.<\/p>\t\t\t\t\t\t\t\t<\/div>\n\t\t\t\t<\/div>\n\t\t\t\t\t<\/div>\n\t\t\t\t<\/div>\n\t\t\t\t\t<\/div>\n\t\t\t\t<\/div>\n\t\t\t\t<\/div>\n\t\t","protected":false},"excerpt":{"rendered":"<p>El objetivo del centro es ofrecer a las pacientes un \u00fanico lugar con todos los servicios que necesita. As\u00ed, todas las consultas, pruebas y procedimientos se realizan en el mismo establecimiento, un nuevo edificio equipado con la \u00faltima tecnolog\u00eda. Nuestras instalaciones, inauguradas en 2007, han sido dise\u00f1adas para prestar una atenci\u00f3n m\u00e1s personalizada, r\u00e1pida y [&hellip;]<\/p>\n","protected":false},"author":1,"featured_media":8803,"parent":12044,"menu_order":0,"comment_status":"closed","ping_status":"closed","template":"","meta":{"footnotes":""},"class_list":["post-8523","page","type-page","status-publish","has-post-thumbnail","hentry"],"yoast_head":"<!-- This site is optimized with the Yoast SEO plugin v26.8 - https:\/\/yoast.com\/product\/yoast-seo-wordpress\/ -->\n<title>Las Instalaciones Cient\u00edficas m\u00e1s punteras: Dexeus Fertility<\/title>\n<meta name=\"description\" content=\"Dexeus Fertility dispone de las Instalaciones Cient\u00edficas de Reproducci\u00f3n Asistida m\u00e1s avanzadas de Espa\u00f1a. Hacemos todo lo posible para que te quedes embarazada.\" \/>\n<meta name=\"robots\" content=\"index, follow, max-snippet:-1, max-image-preview:large, max-video-preview:-1\" \/>\n<link rel=\"canonical\" href=\"https:\/\/www.dexeus.com\/fertility\/conocenos\/instalaciones-cientificas\/\" \/>\n<meta property=\"og:locale\" content=\"es_ES\" \/>\n<meta property=\"og:type\" content=\"article\" \/>\n<meta property=\"og:title\" content=\"Las Instalaciones Cient\u00edficas m\u00e1s punteras: Dexeus Fertility\" \/>\n<meta property=\"og:description\" content=\"Dexeus Fertility dispone de las Instalaciones Cient\u00edficas de Reproducci\u00f3n Asistida m\u00e1s avanzadas de Espa\u00f1a. Hacemos todo lo posible para que te quedes embarazada.\" \/>\n<meta property=\"og:url\" content=\"https:\/\/www.dexeus.com\/fertility\/conocenos\/instalaciones-cientificas\/\" \/>\n<meta property=\"og:site_name\" content=\"Dexeus Fertility\" \/>\n<meta property=\"article:publisher\" content=\"https:\/\/www.facebook.com\/dexeusmujer\/\" \/>\n<meta property=\"article:modified_time\" content=\"2024-06-07T09:57:57+00:00\" \/>\n<meta property=\"og:image\" content=\"https:\/\/dexeusfertility.enproves.cat\/wp-content\/uploads\/2024\/03\/13_Dexeus-Pag-texto-pdf.jpg\" \/>\n\t<meta property=\"og:image:width\" content=\"1378\" \/>\n\t<meta property=\"og:image:height\" content=\"640\" \/>\n\t<meta property=\"og:image:type\" content=\"image\/jpeg\" \/>\n<meta name=\"twitter:card\" content=\"summary_large_image\" \/>\n<meta name=\"twitter:site\" content=\"@dexeusmujer\" \/>\n<script type=\"application\/ld+json\" class=\"yoast-schema-graph\">{\"@context\":\"https:\/\/schema.org\",\"@graph\":[{\"@type\":[\"WebPage\",\"MedicalWebPage\"],\"@id\":\"https:\/\/www.dexeus.com\/fertility\/conocenos\/instalaciones-cientificas\/\",\"url\":\"https:\/\/www.dexeus.com\/fertility\/conocenos\/instalaciones-cientificas\/\",\"name\":\"Las Instalaciones Cient\u00edficas m\u00e1s punteras: Dexeus Fertility\",\"isPartOf\":{\"@id\":\"https:\/\/www.dexeus.com\/fertilitynew\/#website\"},\"primaryImageOfPage\":{\"@id\":\"https:\/\/www.dexeus.com\/fertility\/conocenos\/instalaciones-cientificas\/#primaryimage\"},\"image\":{\"@id\":\"https:\/\/www.dexeus.com\/fertility\/conocenos\/instalaciones-cientificas\/#primaryimage\"},\"thumbnailUrl\":\"https:\/\/www.dexeus.com\/fertility\/wp-content\/uploads\/2024\/03\/13_Dexeus-Pag-texto-pdf.jpg\",\"datePublished\":\"2024-03-18T11:03:49+00:00\",\"dateModified\":\"2024-06-07T09:57:57+00:00\",\"description\":\"Dexeus Fertility dispone de las Instalaciones Cient\u00edficas de Reproducci\u00f3n Asistida m\u00e1s avanzadas de Espa\u00f1a. Hacemos todo lo posible para que te quedes embarazada.\",\"breadcrumb\":{\"@id\":\"https:\/\/www.dexeus.com\/fertility\/conocenos\/instalaciones-cientificas\/#breadcrumb\"},\"inLanguage\":\"es\",\"potentialAction\":[{\"@type\":\"ReadAction\",\"target\":[\"https:\/\/www.dexeus.com\/fertility\/conocenos\/instalaciones-cientificas\/\"]}]},{\"@type\":\"ImageObject\",\"inLanguage\":\"es\",\"@id\":\"https:\/\/www.dexeus.com\/fertility\/conocenos\/instalaciones-cientificas\/#primaryimage\",\"url\":\"https:\/\/www.dexeus.com\/fertility\/wp-content\/uploads\/2024\/03\/13_Dexeus-Pag-texto-pdf.jpg\",\"contentUrl\":\"https:\/\/www.dexeus.com\/fertility\/wp-content\/uploads\/2024\/03\/13_Dexeus-Pag-texto-pdf.jpg\",\"width\":1378,\"height\":640},{\"@type\":\"BreadcrumbList\",\"@id\":\"https:\/\/www.dexeus.com\/fertility\/conocenos\/instalaciones-cientificas\/#breadcrumb\",\"itemListElement\":[{\"@type\":\"ListItem\",\"position\":1,\"name\":\"Portada\",\"item\":\"https:\/\/www.dexeus.com\/fertility\/\"},{\"@type\":\"ListItem\",\"position\":2,\"name\":\"Con\u00f3cenos\",\"item\":\"https:\/\/dexeusfertility.enproves.cat\/conocenos\/\"},{\"@type\":\"ListItem\",\"position\":3,\"name\":\"Instalaciones cient\u00edficas\"}]},{\"@type\":\"WebSite\",\"@id\":\"https:\/\/www.dexeus.com\/fertilitynew\/#website\",\"url\":\"https:\/\/www.dexeus.com\/fertilitynew\/\",\"name\":\"Dexeus Fertility\",\"description\":\"Dexeus Mujer es un centro de referencia y pionero en Espa\u00f1a en t\u00e9cnicas de reproducci\u00f3n asistida, con m\u00e1s de 80 a\u00f1os de experiencia en el diagn\u00f3stico y tratamiento de los problemas de fertilidad.\",\"publisher\":{\"@id\":\"https:\/\/www.dexeus.com\/fertilitynew\/#organization\"},\"alternateName\":\"Dexeus fertilidad\",\"potentialAction\":[{\"@type\":\"SearchAction\",\"target\":{\"@type\":\"EntryPoint\",\"urlTemplate\":\"https:\/\/www.dexeus.com\/fertilitynew\/?s={search_term_string}\"},\"query-input\":{\"@type\":\"PropertyValueSpecification\",\"valueRequired\":true,\"valueName\":\"search_term_string\"}}],\"inLanguage\":\"es\"},{\"@type\":\"Organization\",\"@id\":\"https:\/\/www.dexeus.com\/fertilitynew\/#organization\",\"name\":\"Dexeus Fertility\",\"url\":\"https:\/\/www.dexeus.com\/fertilitynew\/\",\"logo\":{\"@type\":\"ImageObject\",\"inLanguage\":\"es\",\"@id\":\"https:\/\/www.dexeus.com\/fertilitynew\/#\/schema\/logo\/image\/\",\"url\":\"https:\/\/www.dexeus.com\/fertility\/wp-content\/uploads\/2024\/02\/logofertility.svg\",\"contentUrl\":\"https:\/\/www.dexeus.com\/fertility\/wp-content\/uploads\/2024\/02\/logofertility.svg\",\"caption\":\"Dexeus Fertility\"},\"image\":{\"@id\":\"https:\/\/www.dexeus.com\/fertilitynew\/#\/schema\/logo\/image\/\"},\"sameAs\":[\"https:\/\/www.facebook.com\/dexeusmujer\/\",\"https:\/\/x.com\/dexeusmujer\",\"https:\/\/www.instagram.com\/dexeusmujer\",\"https:\/\/www.youtube.com\/user\/DexeusMujer\"]}]}<\/script>\n<!-- \/ Yoast SEO plugin. -->","yoast_head_json":{"title":"Las Instalaciones Cient\u00edficas m\u00e1s punteras: Dexeus Fertility","description":"Dexeus Fertility dispone de las Instalaciones Cient\u00edficas de Reproducci\u00f3n Asistida m\u00e1s avanzadas de Espa\u00f1a. Hacemos todo lo posible para que te quedes embarazada.","robots":{"index":"index","follow":"follow","max-snippet":"max-snippet:-1","max-image-preview":"max-image-preview:large","max-video-preview":"max-video-preview:-1"},"canonical":"https:\/\/www.dexeus.com\/fertility\/conocenos\/instalaciones-cientificas\/","og_locale":"es_ES","og_type":"article","og_title":"Las Instalaciones Cient\u00edficas m\u00e1s punteras: Dexeus Fertility","og_description":"Dexeus Fertility dispone de las Instalaciones Cient\u00edficas de Reproducci\u00f3n Asistida m\u00e1s avanzadas de Espa\u00f1a. Hacemos todo lo posible para que te quedes embarazada.","og_url":"https:\/\/www.dexeus.com\/fertility\/conocenos\/instalaciones-cientificas\/","og_site_name":"Dexeus Fertility","article_publisher":"https:\/\/www.facebook.com\/dexeusmujer\/","article_modified_time":"2024-06-07T09:57:57+00:00","og_image":[{"width":1378,"height":640,"url":"https:\/\/dexeusfertility.enproves.cat\/wp-content\/uploads\/2024\/03\/13_Dexeus-Pag-texto-pdf.jpg","type":"image\/jpeg"}],"twitter_card":"summary_large_image","twitter_site":"@dexeusmujer","schema":{"@context":"https:\/\/schema.org","@graph":[{"@type":["WebPage","MedicalWebPage"],"@id":"https:\/\/www.dexeus.com\/fertility\/conocenos\/instalaciones-cientificas\/","url":"https:\/\/www.dexeus.com\/fertility\/conocenos\/instalaciones-cientificas\/","name":"Las Instalaciones Cient\u00edficas m\u00e1s punteras: Dexeus Fertility","isPartOf":{"@id":"https:\/\/www.dexeus.com\/fertilitynew\/#website"},"primaryImageOfPage":{"@id":"https:\/\/www.dexeus.com\/fertility\/conocenos\/instalaciones-cientificas\/#primaryimage"},"image":{"@id":"https:\/\/www.dexeus.com\/fertility\/conocenos\/instalaciones-cientificas\/#primaryimage"},"thumbnailUrl":"https:\/\/www.dexeus.com\/fertility\/wp-content\/uploads\/2024\/03\/13_Dexeus-Pag-texto-pdf.jpg","datePublished":"2024-03-18T11:03:49+00:00","dateModified":"2024-06-07T09:57:57+00:00","description":"Dexeus Fertility dispone de las Instalaciones Cient\u00edficas de Reproducci\u00f3n Asistida m\u00e1s avanzadas de Espa\u00f1a. Hacemos todo lo posible para que te quedes embarazada.","breadcrumb":{"@id":"https:\/\/www.dexeus.com\/fertility\/conocenos\/instalaciones-cientificas\/#breadcrumb"},"inLanguage":"es","potentialAction":[{"@type":"ReadAction","target":["https:\/\/www.dexeus.com\/fertility\/conocenos\/instalaciones-cientificas\/"]}]},{"@type":"ImageObject","inLanguage":"es","@id":"https:\/\/www.dexeus.com\/fertility\/conocenos\/instalaciones-cientificas\/#primaryimage","url":"https:\/\/www.dexeus.com\/fertility\/wp-content\/uploads\/2024\/03\/13_Dexeus-Pag-texto-pdf.jpg","contentUrl":"https:\/\/www.dexeus.com\/fertility\/wp-content\/uploads\/2024\/03\/13_Dexeus-Pag-texto-pdf.jpg","width":1378,"height":640},{"@type":"BreadcrumbList","@id":"https:\/\/www.dexeus.com\/fertility\/conocenos\/instalaciones-cientificas\/#breadcrumb","itemListElement":[{"@type":"ListItem","position":1,"name":"Portada","item":"https:\/\/www.dexeus.com\/fertility\/"},{"@type":"ListItem","position":2,"name":"Con\u00f3cenos","item":"https:\/\/dexeusfertility.enproves.cat\/conocenos\/"},{"@type":"ListItem","position":3,"name":"Instalaciones cient\u00edficas"}]},{"@type":"WebSite","@id":"https:\/\/www.dexeus.com\/fertilitynew\/#website","url":"https:\/\/www.dexeus.com\/fertilitynew\/","name":"Dexeus Fertility","description":"Dexeus Mujer es un centro de referencia y pionero en Espa\u00f1a en t\u00e9cnicas de reproducci\u00f3n asistida, con m\u00e1s de 80 a\u00f1os de experiencia en el diagn\u00f3stico y tratamiento de los problemas de fertilidad.","publisher":{"@id":"https:\/\/www.dexeus.com\/fertilitynew\/#organization"},"alternateName":"Dexeus fertilidad","potentialAction":[{"@type":"SearchAction","target":{"@type":"EntryPoint","urlTemplate":"https:\/\/www.dexeus.com\/fertilitynew\/?s={search_term_string}"},"query-input":{"@type":"PropertyValueSpecification","valueRequired":true,"valueName":"search_term_string"}}],"inLanguage":"es"},{"@type":"Organization","@id":"https:\/\/www.dexeus.com\/fertilitynew\/#organization","name":"Dexeus Fertility","url":"https:\/\/www.dexeus.com\/fertilitynew\/","logo":{"@type":"ImageObject","inLanguage":"es","@id":"https:\/\/www.dexeus.com\/fertilitynew\/#\/schema\/logo\/image\/","url":"https:\/\/www.dexeus.com\/fertility\/wp-content\/uploads\/2024\/02\/logofertility.svg","contentUrl":"https:\/\/www.dexeus.com\/fertility\/wp-content\/uploads\/2024\/02\/logofertility.svg","caption":"Dexeus Fertility"},"image":{"@id":"https:\/\/www.dexeus.com\/fertilitynew\/#\/schema\/logo\/image\/"},"sameAs":["https:\/\/www.facebook.com\/dexeusmujer\/","https:\/\/x.com\/dexeusmujer","https:\/\/www.instagram.com\/dexeusmujer","https:\/\/www.youtube.com\/user\/DexeusMujer"]}]}},"_links":{"self":[{"href":"https:\/\/www.dexeus.com\/fertility\/wp-json\/wp\/v2\/pages\/8523","targetHints":{"allow":["GET"]}}],"collection":[{"href":"https:\/\/www.dexeus.com\/fertility\/wp-json\/wp\/v2\/pages"}],"about":[{"href":"https:\/\/www.dexeus.com\/fertility\/wp-json\/wp\/v2\/types\/page"}],"author":[{"embeddable":true,"href":"https:\/\/www.dexeus.com\/fertility\/wp-json\/wp\/v2\/users\/1"}],"replies":[{"embeddable":true,"href":"https:\/\/www.dexeus.com\/fertility\/wp-json\/wp\/v2\/comments?post=8523"}],"version-history":[{"count":6,"href":"https:\/\/www.dexeus.com\/fertility\/wp-json\/wp\/v2\/pages\/8523\/revisions"}],"predecessor-version":[{"id":22819,"href":"https:\/\/www.dexeus.com\/fertility\/wp-json\/wp\/v2\/pages\/8523\/revisions\/22819"}],"up":[{"embeddable":true,"href":"https:\/\/www.dexeus.com\/fertility\/wp-json\/wp\/v2\/pages\/12044"}],"wp:featuredmedia":[{"embeddable":true,"href":"https:\/\/www.dexeus.com\/fertility\/wp-json\/wp\/v2\/media\/8803"}],"wp:attachment":[{"href":"https:\/\/www.dexeus.com\/fertility\/wp-json\/wp\/v2\/media?parent=8523"}],"curies":[{"name":"wp","href":"https:\/\/api.w.org\/{rel}","templated":true}]}}