{"id":49,"date":"2024-12-02T01:00:47","date_gmt":"2024-12-02T00:00:47","guid":{"rendered":"https:\/\/www.dexeus.com\/midlife\/?page_id=49"},"modified":"2025-02-26T11:17:34","modified_gmt":"2025-02-26T10:17:34","slug":"premenopausia","status":"publish","type":"page","link":"https:\/\/www.dexeus.com\/midlife\/salud-ginecologica\/premenopausia\/","title":{"rendered":"Premenopausia"},"content":{"rendered":"\t\t<div data-elementor-type=\"wp-page\" data-elementor-id=\"49\" class=\"elementor elementor-49\" data-elementor-post-type=\"page\">\n\t\t\t\t<div class=\"elementor-element elementor-element-020f59b e-flex e-con-boxed e-con e-parent\" data-id=\"020f59b\" data-element_type=\"container\" data-settings=\"{&quot;background_background&quot;:&quot;classic&quot;}\">\n\t\t\t\t\t<div class=\"e-con-inner\">\n\t\t<div class=\"elementor-element elementor-element-67c02c6 e-con-full elementor-hidden-mobile_extra elementor-hidden-mobile e-flex e-con e-child\" data-id=\"67c02c6\" data-element_type=\"container\" data-settings=\"{&quot;background_background&quot;:&quot;classic&quot;}\">\n\t\t\t\t<div class=\"elementor-element elementor-element-bbd3c70 elementor-widget elementor-widget-heading\" data-id=\"bbd3c70\" data-element_type=\"widget\" data-widget_type=\"heading.default\">\n\t\t\t\t<div class=\"elementor-widget-container\">\n\t\t\t\t\t<p class=\"elementor-heading-title elementor-size-default\">Salud ginecol\u00f3gica<\/p>\t\t\t\t<\/div>\n\t\t\t\t<\/div>\n\t\t\t\t<div class=\"elementor-element elementor-element-a62c3bc elementor-widget elementor-widget-heading\" data-id=\"a62c3bc\" data-element_type=\"widget\" data-widget_type=\"heading.default\">\n\t\t\t\t<div class=\"elementor-widget-container\">\n\t\t\t\t\t<h1 class=\"elementor-heading-title elementor-size-default\">Premenopausia<\/h1>\t\t\t\t<\/div>\n\t\t\t\t<\/div>\n\t\t\t\t<div class=\"elementor-element elementor-element-60e6c69 elementor-widget elementor-widget-theme-post-excerpt\" data-id=\"60e6c69\" data-element_type=\"widget\" data-widget_type=\"theme-post-excerpt.default\">\n\t\t\t\t<div class=\"elementor-widget-container\">\n\t\t\t\t\tSe inicia desde el momento en el que la mujer empieza a perder progresivamente su funci\u00f3n ov\u00e1rica. Se produce a partir de la d\u00e9cada de los 40. Puede durar varios a\u00f1os y ser diferente en cada mujer.\t\t\t\t<\/div>\n\t\t\t\t<\/div>\n\t\t\t\t<\/div>\n\t\t\t\t\t<\/div>\n\t\t\t\t<\/div>\n\t\t<div class=\"elementor-element elementor-element-ad1ff30 e-con-full elementor-hidden-desktop elementor-hidden-tablet_extra elementor-hidden-tablet e-flex e-con e-child\" data-id=\"ad1ff30\" data-element_type=\"container\" data-settings=\"{&quot;background_background&quot;:&quot;classic&quot;}\">\n\t\t\t\t<div class=\"elementor-element elementor-element-d3555f5 elementor-widget elementor-widget-heading\" data-id=\"d3555f5\" data-element_type=\"widget\" data-widget_type=\"heading.default\">\n\t\t\t\t<div class=\"elementor-widget-container\">\n\t\t\t\t\t<p class=\"elementor-heading-title elementor-size-default\">Salud ginecol\u00f3gica<\/p>\t\t\t\t<\/div>\n\t\t\t\t<\/div>\n\t\t\t\t<div class=\"elementor-element elementor-element-a0618ec elementor-widget elementor-widget-heading\" data-id=\"a0618ec\" data-element_type=\"widget\" data-widget_type=\"heading.default\">\n\t\t\t\t<div class=\"elementor-widget-container\">\n\t\t\t\t\t<div class=\"elementor-heading-title elementor-size-default\">Premenopausia<\/div>\t\t\t\t<\/div>\n\t\t\t\t<\/div>\n\t\t\t\t<div class=\"elementor-element elementor-element-fbbaf5b elementor-widget elementor-widget-theme-post-excerpt\" data-id=\"fbbaf5b\" data-element_type=\"widget\" data-widget_type=\"theme-post-excerpt.default\">\n\t\t\t\t<div class=\"elementor-widget-container\">\n\t\t\t\t\tSe inicia desde el momento en el que la mujer empieza a perder progresivamente su funci\u00f3n ov\u00e1rica. Se produce a partir de la d\u00e9cada de los 40. Puede durar varios a\u00f1os y ser diferente en cada mujer.\t\t\t\t<\/div>\n\t\t\t\t<\/div>\n\t\t\t\t<\/div>\n\t\t<div class=\"elementor-element elementor-element-22c42f5 e-flex e-con-boxed e-con e-parent\" data-id=\"22c42f5\" data-element_type=\"container\">\n\t\t\t\t\t<div class=\"e-con-inner\">\n\t\t\t\t<div class=\"elementor-element elementor-element-fb26849 elementor-widget elementor-widget-text-editor\" data-id=\"fb26849\" data-element_type=\"widget\" data-widget_type=\"text-editor.default\">\n\t\t\t\t<div class=\"elementor-widget-container\">\n\t\t\t\t\t\t\t\t\t<p>La etapa f\u00e9rtil de una mujer va desde que empieza a ovular, y se produce la primera menstruaci\u00f3n, hasta que llega la menopausia. En general dura unas tres d\u00e9cadas, desde los 12-14 a\u00f1os a los 40-42 a\u00f1os, aproximadamente. Pero su fertilidad disminuye con los a\u00f1os, a medida que se va agotando el n\u00famero de \u00f3vulos de que dispone y su calidad.<\/p><p><strong>El deterioro de la funci\u00f3n ov\u00e1rica, por lo tanto, es un proceso continuo en la mujer, que dura varios a\u00f1os de evoluci\u00f3n y que comprende diversas etapas.<\/strong><\/p><p>La premenopausia, como su nombre indica, es un periodo previo a la llegada a la menopausia. Se inicia desde el momento en el que la mujer empieza a perder progresivamente su funci\u00f3n ov\u00e1rica y por tanto desciende la producci\u00f3n de las hormonas femeninas, los estr\u00f3genos y progesterona.<\/p><p><strong>Es un periodo que puede durar aproximadamente unos 5 a\u00f1os y que puede ser muy diferente en cada mujer.<\/strong> En algunas puede empezar entre los 40 y los 45 a\u00f1os, y en otras al final de la d\u00e9cada de los 40, aunque se ha observado que puede ser m\u00e1s corto y precoz en mujeres fumadoras y en las que sufren estr\u00e9s, al igual que las que han sido operadas de \u00fatero y ovarios.<\/p>\t\t\t\t\t\t\t\t<\/div>\n\t\t\t\t<\/div>\n\t\t\t\t\t<\/div>\n\t\t\t\t<\/div>\n\t\t<div class=\"elementor-element elementor-element-8499349 e-flex e-con-boxed e-con e-parent\" data-id=\"8499349\" data-element_type=\"container\">\n\t\t\t\t\t<div class=\"e-con-inner\">\n\t\t<div class=\"elementor-element elementor-element-517bf84 e-flex e-con-boxed e-con e-child\" data-id=\"517bf84\" data-element_type=\"container\" data-settings=\"{&quot;background_background&quot;:&quot;classic&quot;}\">\n\t\t\t\t\t<div class=\"e-con-inner\">\n\t\t<div class=\"elementor-element elementor-element-e0c490f e-con-full e-flex e-con e-child\" data-id=\"e0c490f\" data-element_type=\"container\">\n\t\t\t\t<div class=\"elementor-element elementor-element-aec1e89 elementor-widget elementor-widget-heading\" data-id=\"aec1e89\" data-element_type=\"widget\" data-widget_type=\"heading.default\">\n\t\t\t\t<div class=\"elementor-widget-container\">\n\t\t\t\t\t<h2 class=\"elementor-heading-title elementor-size-default\">\u00bfQu\u00e9 s\u00edntomas puedes notar?<\/h2>\t\t\t\t<\/div>\n\t\t\t\t<\/div>\n\t\t\t\t<\/div>\n\t\t<div class=\"elementor-element elementor-element-49f0416 e-con-full e-flex e-con e-child\" data-id=\"49f0416\" data-element_type=\"container\">\n\t\t\t\t<div class=\"elementor-element elementor-element-eec79eb elementor-widget elementor-widget-text-editor\" data-id=\"eec79eb\" data-element_type=\"widget\" data-widget_type=\"text-editor.default\">\n\t\t\t\t<div class=\"elementor-widget-container\">\n\t\t\t\t\t\t\t\t\t<p>Puede agravarse el s\u00edndrome premenstrual (mastalgia, cefaleas, tensi\u00f3n mamaria), pero todav\u00eda no se producen s\u00edntomas vasomotores o son poco marcados (<a href=\"https:\/\/www.dexeus.com\/midlife\/sintoma\/sofocos\/\">sofocos<\/a> o sudores nocturnos). Los ciclos menstruales son normales, ocasionalmente pueden ser m\u00e1s cortos, aunque en la mayor\u00eda se produce la ovulaci\u00f3n. S\u00ed se pueden detectar problemas de fertilidad.<\/p>\t\t\t\t\t\t\t\t<\/div>\n\t\t\t\t<\/div>\n\t\t\t\t<\/div>\n\t\t\t\t\t<\/div>\n\t\t\t\t<\/div>\n\t\t\t\t\t<\/div>\n\t\t\t\t<\/div>\n\t\t\t\t<\/div>\n\t\t","protected":false},"excerpt":{"rendered":"<p>Se inicia desde el momento en el que la mujer empieza a perder progresivamente su funci\u00f3n ov\u00e1rica. Se produce a partir de la d\u00e9cada de los 40. Puede durar varios a\u00f1os y ser diferente en cada mujer.<\/p>\n","protected":false},"author":1,"featured_media":5838,"parent":159,"menu_order":0,"comment_status":"closed","ping_status":"closed","template":"","meta":{"footnotes":""},"class_list":["post-49","page","type-page","status-publish","has-post-thumbnail","hentry"],"yoast_head":"<!-- This site is optimized with the Yoast SEO plugin v26.7 - https:\/\/yoast.com\/wordpress\/plugins\/seo\/ -->\n<title>Premenopausia - Dexeus Midlife<\/title>\n<meta name=\"description\" content=\"Se inicia desde el momento en el que la mujer empieza a perder progresivamente su funci\u00f3n ov\u00e1rica. Se produce a partir de la d\u00e9cada de los 40. Puede durar varios a\u00f1os y ser diferente en cada mujer.\" \/>\n<meta name=\"robots\" content=\"index, follow, max-snippet:-1, max-image-preview:large, max-video-preview:-1\" \/>\n<link rel=\"canonical\" href=\"https:\/\/www.dexeus.com\/midlife\/salud-ginecologica\/premenopausia\/\" \/>\n<meta property=\"og:locale\" content=\"es_ES\" \/>\n<meta property=\"og:type\" content=\"article\" \/>\n<meta property=\"og:title\" content=\"Premenopausia - Dexeus Midlife\" \/>\n<meta property=\"og:description\" content=\"Se inicia desde el momento en el que la mujer empieza a perder progresivamente su funci\u00f3n ov\u00e1rica. Se produce a partir de la d\u00e9cada de los 40. Puede durar varios a\u00f1os y ser diferente en cada mujer.\" \/>\n<meta property=\"og:url\" content=\"https:\/\/www.dexeus.com\/midlife\/salud-ginecologica\/premenopausia\/\" \/>\n<meta property=\"og:site_name\" content=\"Dexeus Midlife\" \/>\n<meta property=\"article:publisher\" content=\"https:\/\/www.facebook.com\/dexeusmidlife\/\" \/>\n<meta property=\"article:modified_time\" content=\"2025-02-26T10:17:34+00:00\" \/>\n<meta property=\"og:image\" content=\"https:\/\/www.dexeus.com\/midlife\/wp-content\/uploads\/2025\/02\/PREMENOPAUSIA.jpg\" \/>\n\t<meta property=\"og:image:width\" content=\"2200\" \/>\n\t<meta property=\"og:image:height\" content=\"1078\" \/>\n\t<meta property=\"og:image:type\" content=\"image\/jpeg\" \/>\n<meta name=\"twitter:card\" content=\"summary_large_image\" \/>\n<meta name=\"twitter:label1\" content=\"Est. reading time\" \/>\n\t<meta name=\"twitter:data1\" content=\"2 minuto\" \/>\n<script type=\"application\/ld+json\" class=\"yoast-schema-graph\">{\"@context\":\"https:\/\/schema.org\",\"@graph\":[{\"@type\":\"WebPage\",\"@id\":\"https:\/\/www.dexeus.com\/midlife\/salud-ginecologica\/premenopausia\/\",\"url\":\"https:\/\/www.dexeus.com\/midlife\/salud-ginecologica\/premenopausia\/\",\"name\":\"Premenopausia - Dexeus Midlife\",\"isPartOf\":{\"@id\":\"https:\/\/www.dexeus.com\/midlife\/#website\"},\"primaryImageOfPage\":{\"@id\":\"https:\/\/www.dexeus.com\/midlife\/salud-ginecologica\/premenopausia\/#primaryimage\"},\"image\":{\"@id\":\"https:\/\/www.dexeus.com\/midlife\/salud-ginecologica\/premenopausia\/#primaryimage\"},\"thumbnailUrl\":\"https:\/\/www.dexeus.com\/midlife\/wp-content\/uploads\/2025\/02\/PREMENOPAUSIA.jpg\",\"datePublished\":\"2024-12-02T00:00:47+00:00\",\"dateModified\":\"2025-02-26T10:17:34+00:00\",\"description\":\"Se inicia desde el momento en el que la mujer empieza a perder progresivamente su funci\u00f3n ov\u00e1rica. Se produce a partir de la d\u00e9cada de los 40. Puede durar varios a\u00f1os y ser diferente en cada mujer.\",\"breadcrumb\":{\"@id\":\"https:\/\/www.dexeus.com\/midlife\/salud-ginecologica\/premenopausia\/#breadcrumb\"},\"inLanguage\":\"es\",\"potentialAction\":[{\"@type\":\"ReadAction\",\"target\":[\"https:\/\/www.dexeus.com\/midlife\/salud-ginecologica\/premenopausia\/\"]}]},{\"@type\":\"ImageObject\",\"inLanguage\":\"es\",\"@id\":\"https:\/\/www.dexeus.com\/midlife\/salud-ginecologica\/premenopausia\/#primaryimage\",\"url\":\"https:\/\/www.dexeus.com\/midlife\/wp-content\/uploads\/2025\/02\/PREMENOPAUSIA.jpg\",\"contentUrl\":\"https:\/\/www.dexeus.com\/midlife\/wp-content\/uploads\/2025\/02\/PREMENOPAUSIA.jpg\",\"width\":2200,\"height\":1078,\"caption\":\"Middle aged business woman investor entrepreneur standing in office looking away. Mature professional businesswoman corporate leader ceo manager at work thinking of future success. Copy space.\"},{\"@type\":\"BreadcrumbList\",\"@id\":\"https:\/\/www.dexeus.com\/midlife\/salud-ginecologica\/premenopausia\/#breadcrumb\",\"itemListElement\":[{\"@type\":\"ListItem\",\"position\":1,\"name\":\"Home\",\"item\":\"https:\/\/www.dexeus.com\/midlife\/\"},{\"@type\":\"ListItem\",\"position\":2,\"name\":\"Tu menopausia\",\"item\":\"https:\/\/www.dexeus.com\/midlife\/salud-ginecologica\/\"},{\"@type\":\"ListItem\",\"position\":3,\"name\":\"Premenopausia\"}]},{\"@type\":\"WebSite\",\"@id\":\"https:\/\/www.dexeus.com\/midlife\/#website\",\"url\":\"https:\/\/www.dexeus.com\/midlife\/\",\"name\":\"Dexeus Midlife\",\"description\":\"Una nueva forma de vivir la menopausia\",\"publisher\":{\"@id\":\"https:\/\/www.dexeus.com\/midlife\/#organization\"},\"potentialAction\":[{\"@type\":\"SearchAction\",\"target\":{\"@type\":\"EntryPoint\",\"urlTemplate\":\"https:\/\/www.dexeus.com\/midlife\/?s={search_term_string}\"},\"query-input\":{\"@type\":\"PropertyValueSpecification\",\"valueRequired\":true,\"valueName\":\"search_term_string\"}}],\"inLanguage\":\"es\"},{\"@type\":\"Organization\",\"@id\":\"https:\/\/www.dexeus.com\/midlife\/#organization\",\"name\":\"Dexeus Midlife\",\"url\":\"https:\/\/www.dexeus.com\/midlife\/\",\"logo\":{\"@type\":\"ImageObject\",\"inLanguage\":\"es\",\"@id\":\"https:\/\/www.dexeus.com\/midlife\/#\/schema\/logo\/image\/\",\"url\":\"https:\/\/www.dexeus.com\/midlife\/wp-content\/uploads\/2025\/02\/cropped-Dexeus-Midlife-Fabicon.png\",\"contentUrl\":\"https:\/\/www.dexeus.com\/midlife\/wp-content\/uploads\/2025\/02\/cropped-Dexeus-Midlife-Fabicon.png\",\"width\":512,\"height\":512,\"caption\":\"Dexeus Midlife\"},\"image\":{\"@id\":\"https:\/\/www.dexeus.com\/midlife\/#\/schema\/logo\/image\/\"},\"sameAs\":[\"https:\/\/www.facebook.com\/dexeusmidlife\/\",\"https:\/\/www.instagram.com\/dexeusmidlife\/\"]}]}<\/script>\n<!-- \/ Yoast SEO plugin. -->","yoast_head_json":{"title":"Premenopausia - Dexeus Midlife","description":"Se inicia desde el momento en el que la mujer empieza a perder progresivamente su funci\u00f3n ov\u00e1rica. Se produce a partir de la d\u00e9cada de los 40. Puede durar varios a\u00f1os y ser diferente en cada mujer.","robots":{"index":"index","follow":"follow","max-snippet":"max-snippet:-1","max-image-preview":"max-image-preview:large","max-video-preview":"max-video-preview:-1"},"canonical":"https:\/\/www.dexeus.com\/midlife\/salud-ginecologica\/premenopausia\/","og_locale":"es_ES","og_type":"article","og_title":"Premenopausia - Dexeus Midlife","og_description":"Se inicia desde el momento en el que la mujer empieza a perder progresivamente su funci\u00f3n ov\u00e1rica. Se produce a partir de la d\u00e9cada de los 40. Puede durar varios a\u00f1os y ser diferente en cada mujer.","og_url":"https:\/\/www.dexeus.com\/midlife\/salud-ginecologica\/premenopausia\/","og_site_name":"Dexeus Midlife","article_publisher":"https:\/\/www.facebook.com\/dexeusmidlife\/","article_modified_time":"2025-02-26T10:17:34+00:00","og_image":[{"width":2200,"height":1078,"url":"https:\/\/www.dexeus.com\/midlife\/wp-content\/uploads\/2025\/02\/PREMENOPAUSIA.jpg","type":"image\/jpeg"}],"twitter_card":"summary_large_image","twitter_misc":{"Est. reading time":"2 minuto"},"schema":{"@context":"https:\/\/schema.org","@graph":[{"@type":"WebPage","@id":"https:\/\/www.dexeus.com\/midlife\/salud-ginecologica\/premenopausia\/","url":"https:\/\/www.dexeus.com\/midlife\/salud-ginecologica\/premenopausia\/","name":"Premenopausia - Dexeus Midlife","isPartOf":{"@id":"https:\/\/www.dexeus.com\/midlife\/#website"},"primaryImageOfPage":{"@id":"https:\/\/www.dexeus.com\/midlife\/salud-ginecologica\/premenopausia\/#primaryimage"},"image":{"@id":"https:\/\/www.dexeus.com\/midlife\/salud-ginecologica\/premenopausia\/#primaryimage"},"thumbnailUrl":"https:\/\/www.dexeus.com\/midlife\/wp-content\/uploads\/2025\/02\/PREMENOPAUSIA.jpg","datePublished":"2024-12-02T00:00:47+00:00","dateModified":"2025-02-26T10:17:34+00:00","description":"Se inicia desde el momento en el que la mujer empieza a perder progresivamente su funci\u00f3n ov\u00e1rica. Se produce a partir de la d\u00e9cada de los 40. Puede durar varios a\u00f1os y ser diferente en cada mujer.","breadcrumb":{"@id":"https:\/\/www.dexeus.com\/midlife\/salud-ginecologica\/premenopausia\/#breadcrumb"},"inLanguage":"es","potentialAction":[{"@type":"ReadAction","target":["https:\/\/www.dexeus.com\/midlife\/salud-ginecologica\/premenopausia\/"]}]},{"@type":"ImageObject","inLanguage":"es","@id":"https:\/\/www.dexeus.com\/midlife\/salud-ginecologica\/premenopausia\/#primaryimage","url":"https:\/\/www.dexeus.com\/midlife\/wp-content\/uploads\/2025\/02\/PREMENOPAUSIA.jpg","contentUrl":"https:\/\/www.dexeus.com\/midlife\/wp-content\/uploads\/2025\/02\/PREMENOPAUSIA.jpg","width":2200,"height":1078,"caption":"Middle aged business woman investor entrepreneur standing in office looking away. Mature professional businesswoman corporate leader ceo manager at work thinking of future success. Copy space."},{"@type":"BreadcrumbList","@id":"https:\/\/www.dexeus.com\/midlife\/salud-ginecologica\/premenopausia\/#breadcrumb","itemListElement":[{"@type":"ListItem","position":1,"name":"Home","item":"https:\/\/www.dexeus.com\/midlife\/"},{"@type":"ListItem","position":2,"name":"Tu menopausia","item":"https:\/\/www.dexeus.com\/midlife\/salud-ginecologica\/"},{"@type":"ListItem","position":3,"name":"Premenopausia"}]},{"@type":"WebSite","@id":"https:\/\/www.dexeus.com\/midlife\/#website","url":"https:\/\/www.dexeus.com\/midlife\/","name":"Dexeus Midlife","description":"Una nueva forma de vivir la menopausia","publisher":{"@id":"https:\/\/www.dexeus.com\/midlife\/#organization"},"potentialAction":[{"@type":"SearchAction","target":{"@type":"EntryPoint","urlTemplate":"https:\/\/www.dexeus.com\/midlife\/?s={search_term_string}"},"query-input":{"@type":"PropertyValueSpecification","valueRequired":true,"valueName":"search_term_string"}}],"inLanguage":"es"},{"@type":"Organization","@id":"https:\/\/www.dexeus.com\/midlife\/#organization","name":"Dexeus Midlife","url":"https:\/\/www.dexeus.com\/midlife\/","logo":{"@type":"ImageObject","inLanguage":"es","@id":"https:\/\/www.dexeus.com\/midlife\/#\/schema\/logo\/image\/","url":"https:\/\/www.dexeus.com\/midlife\/wp-content\/uploads\/2025\/02\/cropped-Dexeus-Midlife-Fabicon.png","contentUrl":"https:\/\/www.dexeus.com\/midlife\/wp-content\/uploads\/2025\/02\/cropped-Dexeus-Midlife-Fabicon.png","width":512,"height":512,"caption":"Dexeus Midlife"},"image":{"@id":"https:\/\/www.dexeus.com\/midlife\/#\/schema\/logo\/image\/"},"sameAs":["https:\/\/www.facebook.com\/dexeusmidlife\/","https:\/\/www.instagram.com\/dexeusmidlife\/"]}]}},"_links":{"self":[{"href":"https:\/\/www.dexeus.com\/midlife\/wp-json\/wp\/v2\/pages\/49","targetHints":{"allow":["GET"]}}],"collection":[{"href":"https:\/\/www.dexeus.com\/midlife\/wp-json\/wp\/v2\/pages"}],"about":[{"href":"https:\/\/www.dexeus.com\/midlife\/wp-json\/wp\/v2\/types\/page"}],"author":[{"embeddable":true,"href":"https:\/\/www.dexeus.com\/midlife\/wp-json\/wp\/v2\/users\/1"}],"replies":[{"embeddable":true,"href":"https:\/\/www.dexeus.com\/midlife\/wp-json\/wp\/v2\/comments?post=49"}],"version-history":[{"count":0,"href":"https:\/\/www.dexeus.com\/midlife\/wp-json\/wp\/v2\/pages\/49\/revisions"}],"up":[{"embeddable":true,"href":"https:\/\/www.dexeus.com\/midlife\/wp-json\/wp\/v2\/pages\/159"}],"wp:featuredmedia":[{"embeddable":true,"href":"https:\/\/www.dexeus.com\/midlife\/wp-json\/wp\/v2\/media\/5838"}],"wp:attachment":[{"href":"https:\/\/www.dexeus.com\/midlife\/wp-json\/wp\/v2\/media?parent=49"}],"curies":[{"name":"wp","href":"https:\/\/api.w.org\/{rel}","templated":true}]}}