{"id":54,"date":"2024-12-02T02:00:39","date_gmt":"2024-12-02T01:00:39","guid":{"rendered":"https:\/\/www.dexeus.com\/midlife\/?page_id=54"},"modified":"2025-03-21T19:06:45","modified_gmt":"2025-03-21T18:06:45","slug":"perimenopausia","status":"publish","type":"page","link":"https:\/\/www.dexeus.com\/midlife\/salud-ginecologica\/perimenopausia\/","title":{"rendered":"Perimenopausia: Transici\u00f3n a la menopausia"},"content":{"rendered":"\t\t<div data-elementor-type=\"wp-post\" data-elementor-id=\"54\" class=\"elementor elementor-54\" data-elementor-post-type=\"page\">\n\t\t\t\t<div class=\"elementor-element elementor-element-b7905ae e-flex e-con-boxed e-con e-parent\" data-id=\"b7905ae\" data-element_type=\"container\" data-settings=\"{&quot;background_background&quot;:&quot;classic&quot;}\">\n\t\t\t\t\t<div class=\"e-con-inner\">\n\t\t<div class=\"elementor-element elementor-element-47077c3 e-con-full elementor-hidden-mobile_extra elementor-hidden-mobile e-flex e-con e-child\" data-id=\"47077c3\" data-element_type=\"container\" data-settings=\"{&quot;background_background&quot;:&quot;classic&quot;}\">\n\t\t\t\t<div class=\"elementor-element elementor-element-f914d97 elementor-widget elementor-widget-heading\" data-id=\"f914d97\" data-element_type=\"widget\" data-widget_type=\"heading.default\">\n\t\t\t\t<div class=\"elementor-widget-container\">\n\t\t\t\t\t<p class=\"elementor-heading-title elementor-size-default\">Salud ginecol\u00f3gica<\/p>\t\t\t\t<\/div>\n\t\t\t\t<\/div>\n\t\t\t\t<div class=\"elementor-element elementor-element-9ee1aca elementor-widget elementor-widget-heading\" data-id=\"9ee1aca\" data-element_type=\"widget\" data-widget_type=\"heading.default\">\n\t\t\t\t<div class=\"elementor-widget-container\">\n\t\t\t\t\t<h1 class=\"elementor-heading-title elementor-size-default\">Perimenopausia: Transici\u00f3n a la menopausia<\/h1>\t\t\t\t<\/div>\n\t\t\t\t<\/div>\n\t\t\t\t<div class=\"elementor-element elementor-element-6575d6f elementor-widget elementor-widget-theme-post-excerpt\" data-id=\"6575d6f\" data-element_type=\"widget\" data-widget_type=\"theme-post-excerpt.default\">\n\t\t\t\t<div class=\"elementor-widget-container\">\n\t\t\t\t\tEs una etapa que se caracteriza por de alteraciones en la menstruaci\u00f3n: puedes tener reglas cada 2-3 meses, periodos sin reglas y otros con regla. Puede durar de 1 a 3 a\u00f1os, y es posible experimentar algunos s\u00edntomas vasomotores por falta hormonal, como los sofocos.\t\t\t\t<\/div>\n\t\t\t\t<\/div>\n\t\t\t\t<\/div>\n\t\t\t\t\t<\/div>\n\t\t\t\t<\/div>\n\t\t<div class=\"elementor-element elementor-element-3ffe2dd e-con-full elementor-hidden-desktop elementor-hidden-tablet_extra elementor-hidden-tablet e-flex e-con e-child\" data-id=\"3ffe2dd\" data-element_type=\"container\" data-settings=\"{&quot;background_background&quot;:&quot;classic&quot;}\">\n\t\t\t\t<div class=\"elementor-element elementor-element-bbbbd9d elementor-widget elementor-widget-heading\" data-id=\"bbbbd9d\" data-element_type=\"widget\" data-widget_type=\"heading.default\">\n\t\t\t\t<div class=\"elementor-widget-container\">\n\t\t\t\t\t<p class=\"elementor-heading-title elementor-size-default\">Salud ginecol\u00f3gica<\/p>\t\t\t\t<\/div>\n\t\t\t\t<\/div>\n\t\t\t\t<div class=\"elementor-element elementor-element-8aeec81 elementor-widget elementor-widget-heading\" data-id=\"8aeec81\" data-element_type=\"widget\" data-widget_type=\"heading.default\">\n\t\t\t\t<div class=\"elementor-widget-container\">\n\t\t\t\t\t<div class=\"elementor-heading-title elementor-size-default\">Perimenopausia: Transici\u00f3n a la menopausia<\/div>\t\t\t\t<\/div>\n\t\t\t\t<\/div>\n\t\t\t\t<div class=\"elementor-element elementor-element-1fb158b elementor-widget elementor-widget-theme-post-excerpt\" data-id=\"1fb158b\" data-element_type=\"widget\" data-widget_type=\"theme-post-excerpt.default\">\n\t\t\t\t<div class=\"elementor-widget-container\">\n\t\t\t\t\tEs una etapa que se caracteriza por de alteraciones en la menstruaci\u00f3n: puedes tener reglas cada 2-3 meses, periodos sin reglas y otros con regla. Puede durar de 1 a 3 a\u00f1os, y es posible experimentar algunos s\u00edntomas vasomotores por falta hormonal, como los sofocos.\t\t\t\t<\/div>\n\t\t\t\t<\/div>\n\t\t\t\t<\/div>\n\t\t<div class=\"elementor-element elementor-element-9cd8f31 e-flex e-con-boxed e-con e-parent\" data-id=\"9cd8f31\" data-element_type=\"container\">\n\t\t\t\t\t<div class=\"e-con-inner\">\n\t\t\t\t<div class=\"elementor-element elementor-element-ed97c56 elementor-widget elementor-widget-text-editor\" data-id=\"ed97c56\" data-element_type=\"widget\" data-widget_type=\"text-editor.default\">\n\t\t\t\t<div class=\"elementor-widget-container\">\n\t\t\t\t\t\t\t\t\t<p>Seg\u00fan la Organizaci\u00f3n Mundial de la Salud (OMS), el t\u00e9rmino \u201cmenopausia\u201d significa la pausa o cese definitivo del per\u00edodo menstrual, y es un suceso que se valora de forma retrospectiva, es decir: se puede decir que una mujer ha entrado en la menopausia si lleva 12 meses sin menstruaciones desde que tuvo su \u00faltima regla.<\/p><p>Pero \u00bfqu\u00e9 ocurre durante esos 12 meses que van desde la \u00faltima regla hasta \u201cel inicio oficial\u201d de la <a href=\"https:\/\/www.dexeus.com\/midlife\/salud-ginecologica\/menopausia\/\">menopausia<\/a>? Seg\u00fan los expertos ese periodo temporal previo ser\u00eda la perimenopausia.<\/p><p>Se caracteriza por un conjunto de cambios endocrinol\u00f3gicos, imprevisibles y variables que pueden provocar diversos desajustes, desde alteraciones en el sue\u00f1o y sofocos, a cambios de humor, por ejemplo. Aunque el s\u00edntoma m\u00e1s indicativo son las alteraciones menstruales: la regla se presenta de manera m\u00e1s o menos frecuente, dura m\u00e1s o menos d\u00edas, aparece m\u00e1s o menos cantidad de sangrado, se producen saltos entre ciclos\u2026<\/p><p>Todas estas irregularidades entran dentro de lo que puede ser habitual en esta etapa. Aunque a veces, y por este mismo motivo, puede ser dif\u00edcil distinguir si el sangrado vaginal es anormal porque hay alguna alteraci\u00f3n patol\u00f3gica o porque se acerca la menopausia. Por ello se recomienda consultar al m\u00e9dico s\u00ed se experimentan los siguientes s\u00edntomas:<\/p>\t\t\t\t\t\t\t\t<\/div>\n\t\t\t\t<\/div>\n\t\t\t\t<div class=\"elementor-element elementor-element-f1d0d14 elementor-icon-list--layout-traditional elementor-list-item-link-full_width elementor-widget elementor-widget-icon-list\" data-id=\"f1d0d14\" data-element_type=\"widget\" data-widget_type=\"icon-list.default\">\n\t\t\t\t<div class=\"elementor-widget-container\">\n\t\t\t\t\t\t\t<ul class=\"elementor-icon-list-items\">\n\t\t\t\t\t\t\t<li class=\"elementor-icon-list-item\">\n\t\t\t\t\t\t\t\t\t\t\t<span class=\"elementor-icon-list-icon\">\n\t\t\t\t\t\t\t<svg aria-hidden=\"true\" class=\"e-font-icon-svg e-far-dot-circle\" viewBox=\"0 0 512 512\" xmlns=\"http:\/\/www.w3.org\/2000\/svg\"><path d=\"M256 56c110.532 0 200 89.451 200 200 0 110.532-89.451 200-200 200-110.532 0-200-89.451-200-200 0-110.532 89.451-200 200-200m0-48C119.033 8 8 119.033 8 256s111.033 248 248 248 248-111.033 248-248S392.967 8 256 8zm0 168c-44.183 0-80 35.817-80 80s35.817 80 80 80 80-35.817 80-80-35.817-80-80-80z\"><\/path><\/svg>\t\t\t\t\t\t<\/span>\n\t\t\t\t\t\t\t\t\t\t<span class=\"elementor-icon-list-text\">Sangrado vaginal m\u00e1s frecuente que cada tres semanas.<\/span>\n\t\t\t\t\t\t\t\t\t<\/li>\n\t\t\t\t\t\t\t\t<li class=\"elementor-icon-list-item\">\n\t\t\t\t\t\t\t\t\t\t\t<span class=\"elementor-icon-list-icon\">\n\t\t\t\t\t\t\t<svg aria-hidden=\"true\" class=\"e-font-icon-svg e-far-dot-circle\" viewBox=\"0 0 512 512\" xmlns=\"http:\/\/www.w3.org\/2000\/svg\"><path d=\"M256 56c110.532 0 200 89.451 200 200 0 110.532-89.451 200-200 200-110.532 0-200-89.451-200-200 0-110.532 89.451-200 200-200m0-48C119.033 8 8 119.033 8 256s111.033 248 248 248 248-111.033 248-248S392.967 8 256 8zm0 168c-44.183 0-80 35.817-80 80s35.817 80 80 80 80-35.817 80-80-35.817-80-80-80z\"><\/path><\/svg>\t\t\t\t\t\t<\/span>\n\t\t\t\t\t\t\t\t\t\t<span class=\"elementor-icon-list-text\">Sangrado menstrual abundante, excesivo.<\/span>\n\t\t\t\t\t\t\t\t\t<\/li>\n\t\t\t\t\t\t\t\t<li class=\"elementor-icon-list-item\">\n\t\t\t\t\t\t\t\t\t\t\t<span class=\"elementor-icon-list-icon\">\n\t\t\t\t\t\t\t<svg aria-hidden=\"true\" class=\"e-font-icon-svg e-far-dot-circle\" viewBox=\"0 0 512 512\" xmlns=\"http:\/\/www.w3.org\/2000\/svg\"><path d=\"M256 56c110.532 0 200 89.451 200 200 0 110.532-89.451 200-200 200-110.532 0-200-89.451-200-200 0-110.532 89.451-200 200-200m0-48C119.033 8 8 119.033 8 256s111.033 248 248 248 248-111.033 248-248S392.967 8 256 8zm0 168c-44.183 0-80 35.817-80 80s35.817 80 80 80 80-35.817 80-80-35.817-80-80-80z\"><\/path><\/svg>\t\t\t\t\t\t<\/span>\n\t\t\t\t\t\t\t\t\t\t<span class=\"elementor-icon-list-text\">Manchado entre reglas.<\/span>\n\t\t\t\t\t\t\t\t\t<\/li>\n\t\t\t\t\t\t\t\t<li class=\"elementor-icon-list-item\">\n\t\t\t\t\t\t\t\t\t\t\t<span class=\"elementor-icon-list-icon\">\n\t\t\t\t\t\t\t<svg aria-hidden=\"true\" class=\"e-font-icon-svg e-far-dot-circle\" viewBox=\"0 0 512 512\" xmlns=\"http:\/\/www.w3.org\/2000\/svg\"><path d=\"M256 56c110.532 0 200 89.451 200 200 0 110.532-89.451 200-200 200-110.532 0-200-89.451-200-200 0-110.532 89.451-200 200-200m0-48C119.033 8 8 119.033 8 256s111.033 248 248 248 248-111.033 248-248S392.967 8 256 8zm0 168c-44.183 0-80 35.817-80 80s35.817 80 80 80 80-35.817 80-80-35.817-80-80-80z\"><\/path><\/svg>\t\t\t\t\t\t<\/span>\n\t\t\t\t\t\t\t\t\t\t<span class=\"elementor-icon-list-text\">Cualquier sangrado vaginal un a\u00f1o despu\u00e9s de la menopausia (incluso si es s\u00f3lo una mancha de sangre).<\/span>\n\t\t\t\t\t\t\t\t\t<\/li>\n\t\t\t\t\t\t<\/ul>\n\t\t\t\t\t\t<\/div>\n\t\t\t\t<\/div>\n\t\t\t\t<div class=\"elementor-element elementor-element-a706a46 elementor-widget elementor-widget-text-editor\" data-id=\"a706a46\" data-element_type=\"widget\" data-widget_type=\"text-editor.default\">\n\t\t\t\t<div class=\"elementor-widget-container\">\n\t\t\t\t\t\t\t\t\t<p>De todos modos, tambi\u00e9n hay mujeres que no experimentan ning\u00fan s\u00edntoma, y de un d\u00eda al otro dejan de tener la regla, sin m\u00e1s.<\/p><p><strong>Si llevas un DIU hormonal o utilizas un m\u00e9todo que inhibe la ovulaci\u00f3n, pero quieres saber en qu\u00e9 etapa te encuentras, puedes pedir una <a href=\"https:\/\/www.dexeus.com\/midlife\/salud-ginecologica\/visita-medica-menopausia-integrativa\/\">visita integrativa<\/a> para que nuestro equipo m\u00e9dico haga una valoraci\u00f3n.<\/strong><\/p>\t\t\t\t\t\t\t\t<\/div>\n\t\t\t\t<\/div>\n\t\t\t\t\t<\/div>\n\t\t\t\t<\/div>\n\t\t<div class=\"elementor-element elementor-element-6e5f7e4 e-flex e-con-boxed e-con e-parent\" data-id=\"6e5f7e4\" data-element_type=\"container\">\n\t\t\t\t\t<div class=\"e-con-inner\">\n\t\t<div class=\"elementor-element elementor-element-25e8321 e-flex e-con-boxed e-con e-child\" data-id=\"25e8321\" data-element_type=\"container\" data-settings=\"{&quot;background_background&quot;:&quot;classic&quot;}\">\n\t\t\t\t\t<div class=\"e-con-inner\">\n\t\t<div class=\"elementor-element elementor-element-de30d06 e-con-full e-flex e-con e-child\" data-id=\"de30d06\" data-element_type=\"container\">\n\t\t\t\t<div class=\"elementor-element elementor-element-aa23ac8 elementor-widget elementor-widget-heading\" data-id=\"aa23ac8\" data-element_type=\"widget\" data-widget_type=\"heading.default\">\n\t\t\t\t<div class=\"elementor-widget-container\">\n\t\t\t\t\t<h2 class=\"elementor-heading-title elementor-size-default\">\u00bfQu\u00e9 s\u00edntomas puedes notar?<\/h2>\t\t\t\t<\/div>\n\t\t\t\t<\/div>\n\t\t\t\t<\/div>\n\t\t<div class=\"elementor-element elementor-element-07e6c51 e-con-full e-flex e-con e-child\" data-id=\"07e6c51\" data-element_type=\"container\">\n\t\t\t\t<div class=\"elementor-element elementor-element-215c715 elementor-widget elementor-widget-text-editor\" data-id=\"215c715\" data-element_type=\"widget\" data-widget_type=\"text-editor.default\">\n\t\t\t\t<div class=\"elementor-widget-container\">\n\t\t\t\t\t\t\t\t\t<p>Pueden aparecer los primeros <a href=\"https:\/\/www.dexeus.com\/midlife\/sintoma\/sofocos\/\" target=\"_blank\" rel=\"noopener\">sofocos<\/a> y <a href=\"https:\/\/www.dexeus.com\/midlife\/sintoma\/sudoracion-nocturna\/\">sudores nocturnos<\/a>. Los per\u00edodos menstruales se vuelven m\u00e1s o menos frecuentes, hay m\u00e1s o menos cantidad de sangrado, se producen meses sin regla y, al final, tiene lugar el \u00faltimo periodo. Tambi\u00e9n pueden empezar a aparecer s\u00edntomas de atrofia de la piel y las mucosas.<\/p>\t\t\t\t\t\t\t\t<\/div>\n\t\t\t\t<\/div>\n\t\t\t\t<\/div>\n\t\t\t\t\t<\/div>\n\t\t\t\t<\/div>\n\t\t\t\t\t<\/div>\n\t\t\t\t<\/div>\n\t\t\t\t<\/div>\n\t\t","protected":false},"excerpt":{"rendered":"<p>Es una etapa que se caracteriza por de alteraciones en la menstruaci\u00f3n: puedes tener reglas cada 2-3 meses, periodos sin reglas y otros con regla. Puede durar de 1 a 3 a\u00f1os, y es posible experimentar algunos s\u00edntomas vasomotores por falta hormonal, como los sofocos.<\/p>\n","protected":false},"author":1,"featured_media":5826,"parent":159,"menu_order":0,"comment_status":"closed","ping_status":"closed","template":"","meta":{"footnotes":""},"class_list":["post-54","page","type-page","status-publish","has-post-thumbnail","hentry"],"yoast_head":"<!-- This site is optimized with the Yoast SEO plugin v26.7 - https:\/\/yoast.com\/wordpress\/plugins\/seo\/ -->\n<title>Perimenopausia: Transici\u00f3n a la menopausia - Dexeus Midlife<\/title>\n<meta name=\"description\" content=\"Es una etapa que se caracteriza por de alteraciones en la menstruaci\u00f3n: puedes tener reglas cada 2-3 meses, periodos sin reglas y otros con regla. Puede durar de 1 a 3 a\u00f1os, y es posible experimentar algunos s\u00edntomas vasomotores por falta hormonal, como los sofocos.\" \/>\n<meta name=\"robots\" content=\"index, follow, max-snippet:-1, max-image-preview:large, max-video-preview:-1\" \/>\n<link rel=\"canonical\" href=\"https:\/\/www.dexeus.com\/midlife\/salud-ginecologica\/perimenopausia\/\" \/>\n<meta property=\"og:locale\" content=\"es_ES\" \/>\n<meta property=\"og:type\" content=\"article\" \/>\n<meta property=\"og:title\" content=\"Perimenopausia: Transici\u00f3n a la menopausia - Dexeus Midlife\" \/>\n<meta property=\"og:description\" content=\"Es una etapa que se caracteriza por de alteraciones en la menstruaci\u00f3n: puedes tener reglas cada 2-3 meses, periodos sin reglas y otros con regla. Puede durar de 1 a 3 a\u00f1os, y es posible experimentar algunos s\u00edntomas vasomotores por falta hormonal, como los sofocos.\" \/>\n<meta property=\"og:url\" content=\"https:\/\/www.dexeus.com\/midlife\/salud-ginecologica\/perimenopausia\/\" \/>\n<meta property=\"og:site_name\" content=\"Dexeus Midlife\" \/>\n<meta property=\"article:publisher\" content=\"https:\/\/www.facebook.com\/dexeusmidlife\/\" \/>\n<meta property=\"article:modified_time\" content=\"2025-03-21T18:06:45+00:00\" \/>\n<meta property=\"og:image\" content=\"https:\/\/www.dexeus.com\/midlife\/wp-content\/uploads\/2025\/02\/PERIMENOPAUSIA.jpg\" \/>\n\t<meta property=\"og:image:width\" content=\"2200\" \/>\n\t<meta property=\"og:image:height\" content=\"1467\" \/>\n\t<meta property=\"og:image:type\" content=\"image\/jpeg\" \/>\n<meta name=\"twitter:card\" content=\"summary_large_image\" \/>\n<meta name=\"twitter:label1\" content=\"Est. reading time\" \/>\n\t<meta name=\"twitter:data1\" content=\"3 minuto\" \/>\n<script type=\"application\/ld+json\" class=\"yoast-schema-graph\">{\"@context\":\"https:\/\/schema.org\",\"@graph\":[{\"@type\":\"WebPage\",\"@id\":\"https:\/\/www.dexeus.com\/midlife\/salud-ginecologica\/perimenopausia\/\",\"url\":\"https:\/\/www.dexeus.com\/midlife\/salud-ginecologica\/perimenopausia\/\",\"name\":\"Perimenopausia: Transici\u00f3n a la menopausia - Dexeus Midlife\",\"isPartOf\":{\"@id\":\"https:\/\/www.dexeus.com\/midlife\/#website\"},\"primaryImageOfPage\":{\"@id\":\"https:\/\/www.dexeus.com\/midlife\/salud-ginecologica\/perimenopausia\/#primaryimage\"},\"image\":{\"@id\":\"https:\/\/www.dexeus.com\/midlife\/salud-ginecologica\/perimenopausia\/#primaryimage\"},\"thumbnailUrl\":\"https:\/\/www.dexeus.com\/midlife\/wp-content\/uploads\/2025\/02\/PERIMENOPAUSIA.jpg\",\"datePublished\":\"2024-12-02T01:00:39+00:00\",\"dateModified\":\"2025-03-21T18:06:45+00:00\",\"description\":\"Es una etapa que se caracteriza por de alteraciones en la menstruaci\u00f3n: puedes tener reglas cada 2-3 meses, periodos sin reglas y otros con regla. Puede durar de 1 a 3 a\u00f1os, y es posible experimentar algunos s\u00edntomas vasomotores por falta hormonal, como los sofocos.\",\"breadcrumb\":{\"@id\":\"https:\/\/www.dexeus.com\/midlife\/salud-ginecologica\/perimenopausia\/#breadcrumb\"},\"inLanguage\":\"es\",\"potentialAction\":[{\"@type\":\"ReadAction\",\"target\":[\"https:\/\/www.dexeus.com\/midlife\/salud-ginecologica\/perimenopausia\/\"]}]},{\"@type\":\"ImageObject\",\"inLanguage\":\"es\",\"@id\":\"https:\/\/www.dexeus.com\/midlife\/salud-ginecologica\/perimenopausia\/#primaryimage\",\"url\":\"https:\/\/www.dexeus.com\/midlife\/wp-content\/uploads\/2025\/02\/PERIMENOPAUSIA.jpg\",\"contentUrl\":\"https:\/\/www.dexeus.com\/midlife\/wp-content\/uploads\/2025\/02\/PERIMENOPAUSIA.jpg\",\"width\":2200,\"height\":1467,\"caption\":\"Outdoor close up portrait of beautiful mature 40 - 45 year old woman with brown hair\"},{\"@type\":\"BreadcrumbList\",\"@id\":\"https:\/\/www.dexeus.com\/midlife\/salud-ginecologica\/perimenopausia\/#breadcrumb\",\"itemListElement\":[{\"@type\":\"ListItem\",\"position\":1,\"name\":\"Home\",\"item\":\"https:\/\/www.dexeus.com\/midlife\/\"},{\"@type\":\"ListItem\",\"position\":2,\"name\":\"Tu menopausia\",\"item\":\"https:\/\/www.dexeus.com\/midlife\/salud-ginecologica\/\"},{\"@type\":\"ListItem\",\"position\":3,\"name\":\"Perimenopausia: Transici\u00f3n a la menopausia\"}]},{\"@type\":\"WebSite\",\"@id\":\"https:\/\/www.dexeus.com\/midlife\/#website\",\"url\":\"https:\/\/www.dexeus.com\/midlife\/\",\"name\":\"Dexeus Midlife\",\"description\":\"Una nueva forma de vivir la menopausia\",\"publisher\":{\"@id\":\"https:\/\/www.dexeus.com\/midlife\/#organization\"},\"potentialAction\":[{\"@type\":\"SearchAction\",\"target\":{\"@type\":\"EntryPoint\",\"urlTemplate\":\"https:\/\/www.dexeus.com\/midlife\/?s={search_term_string}\"},\"query-input\":{\"@type\":\"PropertyValueSpecification\",\"valueRequired\":true,\"valueName\":\"search_term_string\"}}],\"inLanguage\":\"es\"},{\"@type\":\"Organization\",\"@id\":\"https:\/\/www.dexeus.com\/midlife\/#organization\",\"name\":\"Dexeus Midlife\",\"url\":\"https:\/\/www.dexeus.com\/midlife\/\",\"logo\":{\"@type\":\"ImageObject\",\"inLanguage\":\"es\",\"@id\":\"https:\/\/www.dexeus.com\/midlife\/#\/schema\/logo\/image\/\",\"url\":\"https:\/\/www.dexeus.com\/midlife\/wp-content\/uploads\/2025\/02\/cropped-Dexeus-Midlife-Fabicon.png\",\"contentUrl\":\"https:\/\/www.dexeus.com\/midlife\/wp-content\/uploads\/2025\/02\/cropped-Dexeus-Midlife-Fabicon.png\",\"width\":512,\"height\":512,\"caption\":\"Dexeus Midlife\"},\"image\":{\"@id\":\"https:\/\/www.dexeus.com\/midlife\/#\/schema\/logo\/image\/\"},\"sameAs\":[\"https:\/\/www.facebook.com\/dexeusmidlife\/\",\"https:\/\/www.instagram.com\/dexeusmidlife\/\"]}]}<\/script>\n<!-- \/ Yoast SEO plugin. -->","yoast_head_json":{"title":"Perimenopausia: Transici\u00f3n a la menopausia - Dexeus Midlife","description":"Es una etapa que se caracteriza por de alteraciones en la menstruaci\u00f3n: puedes tener reglas cada 2-3 meses, periodos sin reglas y otros con regla. Puede durar de 1 a 3 a\u00f1os, y es posible experimentar algunos s\u00edntomas vasomotores por falta hormonal, como los sofocos.","robots":{"index":"index","follow":"follow","max-snippet":"max-snippet:-1","max-image-preview":"max-image-preview:large","max-video-preview":"max-video-preview:-1"},"canonical":"https:\/\/www.dexeus.com\/midlife\/salud-ginecologica\/perimenopausia\/","og_locale":"es_ES","og_type":"article","og_title":"Perimenopausia: Transici\u00f3n a la menopausia - Dexeus Midlife","og_description":"Es una etapa que se caracteriza por de alteraciones en la menstruaci\u00f3n: puedes tener reglas cada 2-3 meses, periodos sin reglas y otros con regla. Puede durar de 1 a 3 a\u00f1os, y es posible experimentar algunos s\u00edntomas vasomotores por falta hormonal, como los sofocos.","og_url":"https:\/\/www.dexeus.com\/midlife\/salud-ginecologica\/perimenopausia\/","og_site_name":"Dexeus Midlife","article_publisher":"https:\/\/www.facebook.com\/dexeusmidlife\/","article_modified_time":"2025-03-21T18:06:45+00:00","og_image":[{"width":2200,"height":1467,"url":"https:\/\/www.dexeus.com\/midlife\/wp-content\/uploads\/2025\/02\/PERIMENOPAUSIA.jpg","type":"image\/jpeg"}],"twitter_card":"summary_large_image","twitter_misc":{"Est. reading time":"3 minuto"},"schema":{"@context":"https:\/\/schema.org","@graph":[{"@type":"WebPage","@id":"https:\/\/www.dexeus.com\/midlife\/salud-ginecologica\/perimenopausia\/","url":"https:\/\/www.dexeus.com\/midlife\/salud-ginecologica\/perimenopausia\/","name":"Perimenopausia: Transici\u00f3n a la menopausia - Dexeus Midlife","isPartOf":{"@id":"https:\/\/www.dexeus.com\/midlife\/#website"},"primaryImageOfPage":{"@id":"https:\/\/www.dexeus.com\/midlife\/salud-ginecologica\/perimenopausia\/#primaryimage"},"image":{"@id":"https:\/\/www.dexeus.com\/midlife\/salud-ginecologica\/perimenopausia\/#primaryimage"},"thumbnailUrl":"https:\/\/www.dexeus.com\/midlife\/wp-content\/uploads\/2025\/02\/PERIMENOPAUSIA.jpg","datePublished":"2024-12-02T01:00:39+00:00","dateModified":"2025-03-21T18:06:45+00:00","description":"Es una etapa que se caracteriza por de alteraciones en la menstruaci\u00f3n: puedes tener reglas cada 2-3 meses, periodos sin reglas y otros con regla. Puede durar de 1 a 3 a\u00f1os, y es posible experimentar algunos s\u00edntomas vasomotores por falta hormonal, como los sofocos.","breadcrumb":{"@id":"https:\/\/www.dexeus.com\/midlife\/salud-ginecologica\/perimenopausia\/#breadcrumb"},"inLanguage":"es","potentialAction":[{"@type":"ReadAction","target":["https:\/\/www.dexeus.com\/midlife\/salud-ginecologica\/perimenopausia\/"]}]},{"@type":"ImageObject","inLanguage":"es","@id":"https:\/\/www.dexeus.com\/midlife\/salud-ginecologica\/perimenopausia\/#primaryimage","url":"https:\/\/www.dexeus.com\/midlife\/wp-content\/uploads\/2025\/02\/PERIMENOPAUSIA.jpg","contentUrl":"https:\/\/www.dexeus.com\/midlife\/wp-content\/uploads\/2025\/02\/PERIMENOPAUSIA.jpg","width":2200,"height":1467,"caption":"Outdoor close up portrait of beautiful mature 40 - 45 year old woman with brown hair"},{"@type":"BreadcrumbList","@id":"https:\/\/www.dexeus.com\/midlife\/salud-ginecologica\/perimenopausia\/#breadcrumb","itemListElement":[{"@type":"ListItem","position":1,"name":"Home","item":"https:\/\/www.dexeus.com\/midlife\/"},{"@type":"ListItem","position":2,"name":"Tu menopausia","item":"https:\/\/www.dexeus.com\/midlife\/salud-ginecologica\/"},{"@type":"ListItem","position":3,"name":"Perimenopausia: Transici\u00f3n a la menopausia"}]},{"@type":"WebSite","@id":"https:\/\/www.dexeus.com\/midlife\/#website","url":"https:\/\/www.dexeus.com\/midlife\/","name":"Dexeus Midlife","description":"Una nueva forma de vivir la menopausia","publisher":{"@id":"https:\/\/www.dexeus.com\/midlife\/#organization"},"potentialAction":[{"@type":"SearchAction","target":{"@type":"EntryPoint","urlTemplate":"https:\/\/www.dexeus.com\/midlife\/?s={search_term_string}"},"query-input":{"@type":"PropertyValueSpecification","valueRequired":true,"valueName":"search_term_string"}}],"inLanguage":"es"},{"@type":"Organization","@id":"https:\/\/www.dexeus.com\/midlife\/#organization","name":"Dexeus Midlife","url":"https:\/\/www.dexeus.com\/midlife\/","logo":{"@type":"ImageObject","inLanguage":"es","@id":"https:\/\/www.dexeus.com\/midlife\/#\/schema\/logo\/image\/","url":"https:\/\/www.dexeus.com\/midlife\/wp-content\/uploads\/2025\/02\/cropped-Dexeus-Midlife-Fabicon.png","contentUrl":"https:\/\/www.dexeus.com\/midlife\/wp-content\/uploads\/2025\/02\/cropped-Dexeus-Midlife-Fabicon.png","width":512,"height":512,"caption":"Dexeus Midlife"},"image":{"@id":"https:\/\/www.dexeus.com\/midlife\/#\/schema\/logo\/image\/"},"sameAs":["https:\/\/www.facebook.com\/dexeusmidlife\/","https:\/\/www.instagram.com\/dexeusmidlife\/"]}]}},"_links":{"self":[{"href":"https:\/\/www.dexeus.com\/midlife\/wp-json\/wp\/v2\/pages\/54","targetHints":{"allow":["GET"]}}],"collection":[{"href":"https:\/\/www.dexeus.com\/midlife\/wp-json\/wp\/v2\/pages"}],"about":[{"href":"https:\/\/www.dexeus.com\/midlife\/wp-json\/wp\/v2\/types\/page"}],"author":[{"embeddable":true,"href":"https:\/\/www.dexeus.com\/midlife\/wp-json\/wp\/v2\/users\/1"}],"replies":[{"embeddable":true,"href":"https:\/\/www.dexeus.com\/midlife\/wp-json\/wp\/v2\/comments?post=54"}],"version-history":[{"count":0,"href":"https:\/\/www.dexeus.com\/midlife\/wp-json\/wp\/v2\/pages\/54\/revisions"}],"up":[{"embeddable":true,"href":"https:\/\/www.dexeus.com\/midlife\/wp-json\/wp\/v2\/pages\/159"}],"wp:featuredmedia":[{"embeddable":true,"href":"https:\/\/www.dexeus.com\/midlife\/wp-json\/wp\/v2\/media\/5826"}],"wp:attachment":[{"href":"https:\/\/www.dexeus.com\/midlife\/wp-json\/wp\/v2\/media?parent=54"}],"curies":[{"name":"wp","href":"https:\/\/api.w.org\/{rel}","templated":true}]}}