{"id":64,"date":"2024-12-02T04:00:33","date_gmt":"2024-12-02T03:00:33","guid":{"rendered":"https:\/\/www.dexeus.com\/midlife\/?page_id=64"},"modified":"2025-02-26T11:16:50","modified_gmt":"2025-02-26T10:16:50","slug":"postmenopausia","status":"publish","type":"page","link":"https:\/\/www.dexeus.com\/midlife\/salud-ginecologica\/postmenopausia\/","title":{"rendered":"Postmenopausia"},"content":{"rendered":"\t\t<div data-elementor-type=\"wp-post\" data-elementor-id=\"64\" class=\"elementor elementor-64\" data-elementor-post-type=\"page\">\n\t\t\t\t<div class=\"elementor-element elementor-element-9f082a5 e-flex e-con-boxed e-con e-parent\" data-id=\"9f082a5\" data-element_type=\"container\" data-settings=\"{&quot;background_background&quot;:&quot;classic&quot;}\">\n\t\t\t\t\t<div class=\"e-con-inner\">\n\t\t<div class=\"elementor-element elementor-element-2601628 e-con-full elementor-hidden-mobile_extra elementor-hidden-mobile e-flex e-con e-child\" data-id=\"2601628\" data-element_type=\"container\" data-settings=\"{&quot;background_background&quot;:&quot;classic&quot;}\">\n\t\t\t\t<div class=\"elementor-element elementor-element-a8e433c elementor-widget elementor-widget-heading\" data-id=\"a8e433c\" data-element_type=\"widget\" data-widget_type=\"heading.default\">\n\t\t\t\t<div class=\"elementor-widget-container\">\n\t\t\t\t\t<p class=\"elementor-heading-title elementor-size-default\">Salud ginecol\u00f3gica<\/p>\t\t\t\t<\/div>\n\t\t\t\t<\/div>\n\t\t\t\t<div class=\"elementor-element elementor-element-c6a15bc elementor-widget elementor-widget-heading\" data-id=\"c6a15bc\" data-element_type=\"widget\" data-widget_type=\"heading.default\">\n\t\t\t\t<div class=\"elementor-widget-container\">\n\t\t\t\t\t<h1 class=\"elementor-heading-title elementor-size-default\">Postmenopausia<\/h1>\t\t\t\t<\/div>\n\t\t\t\t<\/div>\n\t\t\t\t<div class=\"elementor-element elementor-element-bb2619a elementor-widget elementor-widget-theme-post-excerpt\" data-id=\"bb2619a\" data-element_type=\"widget\" data-widget_type=\"theme-post-excerpt.default\">\n\t\t\t\t<div class=\"elementor-widget-container\">\n\t\t\t\t\tLa postmenopausia es la etapa posterior a la menopausia, Se inicia a partir del a\u00f1o de la \u00faltima menstruaci\u00f3n. Dura unos 15 a\u00f1os y llega hasta la vejez.\t\t\t\t<\/div>\n\t\t\t\t<\/div>\n\t\t\t\t<\/div>\n\t\t\t\t\t<\/div>\n\t\t\t\t<\/div>\n\t\t<div class=\"elementor-element elementor-element-b838c59 e-con-full elementor-hidden-desktop elementor-hidden-tablet_extra elementor-hidden-tablet e-flex e-con e-child\" data-id=\"b838c59\" data-element_type=\"container\" data-settings=\"{&quot;background_background&quot;:&quot;classic&quot;}\">\n\t\t\t\t<div class=\"elementor-element elementor-element-e1251ca elementor-widget elementor-widget-heading\" data-id=\"e1251ca\" data-element_type=\"widget\" data-widget_type=\"heading.default\">\n\t\t\t\t<div class=\"elementor-widget-container\">\n\t\t\t\t\t<p class=\"elementor-heading-title elementor-size-default\">Salud ginecol\u00f3gica<\/p>\t\t\t\t<\/div>\n\t\t\t\t<\/div>\n\t\t\t\t<div class=\"elementor-element elementor-element-db59bf5 elementor-widget elementor-widget-heading\" data-id=\"db59bf5\" data-element_type=\"widget\" data-widget_type=\"heading.default\">\n\t\t\t\t<div class=\"elementor-widget-container\">\n\t\t\t\t\t<div class=\"elementor-heading-title elementor-size-default\">Postmenopausia<\/div>\t\t\t\t<\/div>\n\t\t\t\t<\/div>\n\t\t\t\t<div class=\"elementor-element elementor-element-4b9495b elementor-widget elementor-widget-theme-post-excerpt\" data-id=\"4b9495b\" data-element_type=\"widget\" data-widget_type=\"theme-post-excerpt.default\">\n\t\t\t\t<div class=\"elementor-widget-container\">\n\t\t\t\t\tLa postmenopausia es la etapa posterior a la menopausia, Se inicia a partir del a\u00f1o de la \u00faltima menstruaci\u00f3n. Dura unos 15 a\u00f1os y llega hasta la vejez.\t\t\t\t<\/div>\n\t\t\t\t<\/div>\n\t\t\t\t<\/div>\n\t\t<div class=\"elementor-element elementor-element-4d93e27 e-flex e-con-boxed e-con e-parent\" data-id=\"4d93e27\" data-element_type=\"container\">\n\t\t\t\t\t<div class=\"e-con-inner\">\n\t\t\t\t<div class=\"elementor-element elementor-element-f318208 elementor-widget elementor-widget-text-editor\" data-id=\"f318208\" data-element_type=\"widget\" data-widget_type=\"text-editor.default\">\n\t\t\t\t<div class=\"elementor-widget-container\">\n\t\t\t\t\t\t\t\t\t<p>La postmenopausia es una larga etapa que llega hasta la vejez y que, <strong>con el aumento de la esperanza de vida, representa ya m\u00e1s de una tercera parte de los a\u00f1os de vida de una mujer en muchos pa\u00edses.<\/strong> Por ello es importante promover cambios positivos en los h\u00e1bitos y el estilo de vida, con el fin de que se puedan disfrutar con salud.<\/p><p>Hay que tener en cuenta que a los cambios que provoca el cese de la funci\u00f3n ov\u00e1rica se suman los del envejecimiento, que aumentan el riesgo de desarrollar algunas enfermedades y trastornos de salud o patolog\u00edas como la <a href=\"https:\/\/www.dexeus.com\/midlife\/problema\/osteoporosis\/\">osteoporosis<\/a>, artrosis, enfermedades cardiovasculares, diabetes tipo 2 y c\u00e1ncer.<\/p><p>Por ello es muy importante cuidar la salud y que la mujer contin\u00fae realiz\u00e1ndose revisiones ginecol\u00f3gicas al menos hasta los 70 a\u00f1os de edad y ex\u00e1menes f\u00edsicos, p\u00e9lvicos, colorrectales, de mama, de densidad \u00f3sea y de la piel de manera regular.<\/p><p>Consta de dos fases: una primera en la que se todav\u00eda se notan los cambios y molestias causados por los desequilibrios hormonales, y una segunda en la que las hormonas femeninas se nivelan y dejan de causar problemas.<\/p>\t\t\t\t\t\t\t\t<\/div>\n\t\t\t\t<\/div>\n\t\t\t\t\t<\/div>\n\t\t\t\t<\/div>\n\t\t<div class=\"elementor-element elementor-element-e7d8038 e-flex e-con-boxed e-con e-parent\" data-id=\"e7d8038\" data-element_type=\"container\">\n\t\t\t\t\t<div class=\"e-con-inner\">\n\t\t<div class=\"elementor-element elementor-element-48260ee e-flex e-con-boxed e-con e-child\" data-id=\"48260ee\" data-element_type=\"container\" data-settings=\"{&quot;background_background&quot;:&quot;classic&quot;}\">\n\t\t\t\t\t<div class=\"e-con-inner\">\n\t\t<div class=\"elementor-element elementor-element-21048ac e-con-full e-flex e-con e-child\" data-id=\"21048ac\" data-element_type=\"container\">\n\t\t\t\t<div class=\"elementor-element elementor-element-6846b82 elementor-widget elementor-widget-heading\" data-id=\"6846b82\" data-element_type=\"widget\" data-widget_type=\"heading.default\">\n\t\t\t\t<div class=\"elementor-widget-container\">\n\t\t\t\t\t<h2 class=\"elementor-heading-title elementor-size-default\">\u00bfQu\u00e9 s\u00edntomas puedes notar?<\/h2>\t\t\t\t<\/div>\n\t\t\t\t<\/div>\n\t\t\t\t<\/div>\n\t\t<div class=\"elementor-element elementor-element-a47319b e-con-full e-flex e-con e-child\" data-id=\"a47319b\" data-element_type=\"container\">\n\t\t\t\t<div class=\"elementor-element elementor-element-50dde3d elementor-widget elementor-widget-text-editor\" data-id=\"50dde3d\" data-element_type=\"widget\" data-widget_type=\"text-editor.default\">\n\t\t\t\t<div class=\"elementor-widget-container\">\n\t\t\t\t\t\t\t\t\t<p>El primer s\u00edntoma suele ser alteraciones en la regla o su desaparici\u00f3n. Los s\u00edntomas posteriores pueden ser similares a los de la menopausia natural: sofocos, sudores nocturnos, irritabilidad, falta de concentraci\u00f3n, <a href=\"https:\/\/www.dexeus.com\/midlife\/sintoma\/disminucion-de-la-libido\/\">disminuci\u00f3n del deseo sexual<\/a>,<a href=\"https:\/\/www.dexeus.com\/midlife\/sintoma\/sequedad-vaginal\/\"> sequedad vaginal<\/a> y <a href=\"https:\/\/www.dexeus.com\/midlife\/sintoma\/dolor-en-las-relaciones-sexuales\/\">dolor durante las relaciones sexuales<\/a>.<\/p>\t\t\t\t\t\t\t\t<\/div>\n\t\t\t\t<\/div>\n\t\t\t\t<\/div>\n\t\t\t\t\t<\/div>\n\t\t\t\t<\/div>\n\t\t\t\t\t<\/div>\n\t\t\t\t<\/div>\n\t\t\t\t<\/div>\n\t\t","protected":false},"excerpt":{"rendered":"<p>La postmenopausia es la etapa posterior a la menopausia, Se inicia a partir del a\u00f1o de la \u00faltima menstruaci\u00f3n. Dura unos 15 a\u00f1os y llega hasta la vejez.<\/p>\n","protected":false},"author":1,"featured_media":5834,"parent":159,"menu_order":0,"comment_status":"closed","ping_status":"closed","template":"","meta":{"footnotes":""},"class_list":["post-64","page","type-page","status-publish","has-post-thumbnail","hentry"],"yoast_head":"<!-- This site is optimized with the Yoast SEO plugin v26.7 - https:\/\/yoast.com\/wordpress\/plugins\/seo\/ -->\n<title>Postmenopausia - Dexeus Midlife<\/title>\n<meta name=\"description\" content=\"La postmenopausia es la etapa posterior a la menopausia, Se inicia a partir del a\u00f1o de la \u00faltima menstruaci\u00f3n. Dura unos 15 a\u00f1os y llega hasta la vejez.\" \/>\n<meta name=\"robots\" content=\"index, follow, max-snippet:-1, max-image-preview:large, max-video-preview:-1\" \/>\n<link rel=\"canonical\" href=\"https:\/\/www.dexeus.com\/midlife\/salud-ginecologica\/postmenopausia\/\" \/>\n<meta property=\"og:locale\" content=\"es_ES\" \/>\n<meta property=\"og:type\" content=\"article\" \/>\n<meta property=\"og:title\" content=\"Postmenopausia - Dexeus Midlife\" \/>\n<meta property=\"og:description\" content=\"La postmenopausia es la etapa posterior a la menopausia, Se inicia a partir del a\u00f1o de la \u00faltima menstruaci\u00f3n. Dura unos 15 a\u00f1os y llega hasta la vejez.\" \/>\n<meta property=\"og:url\" content=\"https:\/\/www.dexeus.com\/midlife\/salud-ginecologica\/postmenopausia\/\" \/>\n<meta property=\"og:site_name\" content=\"Dexeus Midlife\" \/>\n<meta property=\"article:publisher\" content=\"https:\/\/www.facebook.com\/dexeusmidlife\/\" \/>\n<meta property=\"article:modified_time\" content=\"2025-02-26T10:16:50+00:00\" \/>\n<meta property=\"og:image\" content=\"https:\/\/www.dexeus.com\/midlife\/wp-content\/uploads\/2025\/02\/POST-MENOPAUSIA-1.jpg\" \/>\n\t<meta property=\"og:image:width\" content=\"2200\" \/>\n\t<meta property=\"og:image:height\" content=\"1015\" \/>\n\t<meta property=\"og:image:type\" content=\"image\/jpeg\" \/>\n<meta name=\"twitter:card\" content=\"summary_large_image\" \/>\n<meta name=\"twitter:label1\" content=\"Est. reading time\" \/>\n\t<meta name=\"twitter:data1\" content=\"2 minuto\" \/>\n<script type=\"application\/ld+json\" class=\"yoast-schema-graph\">{\"@context\":\"https:\/\/schema.org\",\"@graph\":[{\"@type\":\"WebPage\",\"@id\":\"https:\/\/www.dexeus.com\/midlife\/salud-ginecologica\/postmenopausia\/\",\"url\":\"https:\/\/www.dexeus.com\/midlife\/salud-ginecologica\/postmenopausia\/\",\"name\":\"Postmenopausia - Dexeus Midlife\",\"isPartOf\":{\"@id\":\"https:\/\/www.dexeus.com\/midlife\/#website\"},\"primaryImageOfPage\":{\"@id\":\"https:\/\/www.dexeus.com\/midlife\/salud-ginecologica\/postmenopausia\/#primaryimage\"},\"image\":{\"@id\":\"https:\/\/www.dexeus.com\/midlife\/salud-ginecologica\/postmenopausia\/#primaryimage\"},\"thumbnailUrl\":\"https:\/\/www.dexeus.com\/midlife\/wp-content\/uploads\/2025\/02\/POST-MENOPAUSIA-1.jpg\",\"datePublished\":\"2024-12-02T03:00:33+00:00\",\"dateModified\":\"2025-02-26T10:16:50+00:00\",\"description\":\"La postmenopausia es la etapa posterior a la menopausia, Se inicia a partir del a\u00f1o de la \u00faltima menstruaci\u00f3n. Dura unos 15 a\u00f1os y llega hasta la vejez.\",\"breadcrumb\":{\"@id\":\"https:\/\/www.dexeus.com\/midlife\/salud-ginecologica\/postmenopausia\/#breadcrumb\"},\"inLanguage\":\"es\",\"potentialAction\":[{\"@type\":\"ReadAction\",\"target\":[\"https:\/\/www.dexeus.com\/midlife\/salud-ginecologica\/postmenopausia\/\"]}]},{\"@type\":\"ImageObject\",\"inLanguage\":\"es\",\"@id\":\"https:\/\/www.dexeus.com\/midlife\/salud-ginecologica\/postmenopausia\/#primaryimage\",\"url\":\"https:\/\/www.dexeus.com\/midlife\/wp-content\/uploads\/2025\/02\/POST-MENOPAUSIA-1.jpg\",\"contentUrl\":\"https:\/\/www.dexeus.com\/midlife\/wp-content\/uploads\/2025\/02\/POST-MENOPAUSIA-1.jpg\",\"width\":2200,\"height\":1015,\"caption\":\"Smiling adult middle aged business woman standing at table posing in home office, arms crossed. Portrait of gray haired happy professional ceo or financial director woman in corporate photoshoot.\"},{\"@type\":\"BreadcrumbList\",\"@id\":\"https:\/\/www.dexeus.com\/midlife\/salud-ginecologica\/postmenopausia\/#breadcrumb\",\"itemListElement\":[{\"@type\":\"ListItem\",\"position\":1,\"name\":\"Home\",\"item\":\"https:\/\/www.dexeus.com\/midlife\/\"},{\"@type\":\"ListItem\",\"position\":2,\"name\":\"Tu menopausia\",\"item\":\"https:\/\/www.dexeus.com\/midlife\/salud-ginecologica\/\"},{\"@type\":\"ListItem\",\"position\":3,\"name\":\"Postmenopausia\"}]},{\"@type\":\"WebSite\",\"@id\":\"https:\/\/www.dexeus.com\/midlife\/#website\",\"url\":\"https:\/\/www.dexeus.com\/midlife\/\",\"name\":\"Dexeus Midlife\",\"description\":\"Una nueva forma de vivir la menopausia\",\"publisher\":{\"@id\":\"https:\/\/www.dexeus.com\/midlife\/#organization\"},\"potentialAction\":[{\"@type\":\"SearchAction\",\"target\":{\"@type\":\"EntryPoint\",\"urlTemplate\":\"https:\/\/www.dexeus.com\/midlife\/?s={search_term_string}\"},\"query-input\":{\"@type\":\"PropertyValueSpecification\",\"valueRequired\":true,\"valueName\":\"search_term_string\"}}],\"inLanguage\":\"es\"},{\"@type\":\"Organization\",\"@id\":\"https:\/\/www.dexeus.com\/midlife\/#organization\",\"name\":\"Dexeus Midlife\",\"url\":\"https:\/\/www.dexeus.com\/midlife\/\",\"logo\":{\"@type\":\"ImageObject\",\"inLanguage\":\"es\",\"@id\":\"https:\/\/www.dexeus.com\/midlife\/#\/schema\/logo\/image\/\",\"url\":\"https:\/\/www.dexeus.com\/midlife\/wp-content\/uploads\/2025\/02\/cropped-Dexeus-Midlife-Fabicon.png\",\"contentUrl\":\"https:\/\/www.dexeus.com\/midlife\/wp-content\/uploads\/2025\/02\/cropped-Dexeus-Midlife-Fabicon.png\",\"width\":512,\"height\":512,\"caption\":\"Dexeus Midlife\"},\"image\":{\"@id\":\"https:\/\/www.dexeus.com\/midlife\/#\/schema\/logo\/image\/\"},\"sameAs\":[\"https:\/\/www.facebook.com\/dexeusmidlife\/\",\"https:\/\/www.instagram.com\/dexeusmidlife\/\"]}]}<\/script>\n<!-- \/ Yoast SEO plugin. -->","yoast_head_json":{"title":"Postmenopausia - Dexeus Midlife","description":"La postmenopausia es la etapa posterior a la menopausia, Se inicia a partir del a\u00f1o de la \u00faltima menstruaci\u00f3n. Dura unos 15 a\u00f1os y llega hasta la vejez.","robots":{"index":"index","follow":"follow","max-snippet":"max-snippet:-1","max-image-preview":"max-image-preview:large","max-video-preview":"max-video-preview:-1"},"canonical":"https:\/\/www.dexeus.com\/midlife\/salud-ginecologica\/postmenopausia\/","og_locale":"es_ES","og_type":"article","og_title":"Postmenopausia - Dexeus Midlife","og_description":"La postmenopausia es la etapa posterior a la menopausia, Se inicia a partir del a\u00f1o de la \u00faltima menstruaci\u00f3n. Dura unos 15 a\u00f1os y llega hasta la vejez.","og_url":"https:\/\/www.dexeus.com\/midlife\/salud-ginecologica\/postmenopausia\/","og_site_name":"Dexeus Midlife","article_publisher":"https:\/\/www.facebook.com\/dexeusmidlife\/","article_modified_time":"2025-02-26T10:16:50+00:00","og_image":[{"width":2200,"height":1015,"url":"https:\/\/www.dexeus.com\/midlife\/wp-content\/uploads\/2025\/02\/POST-MENOPAUSIA-1.jpg","type":"image\/jpeg"}],"twitter_card":"summary_large_image","twitter_misc":{"Est. reading time":"2 minuto"},"schema":{"@context":"https:\/\/schema.org","@graph":[{"@type":"WebPage","@id":"https:\/\/www.dexeus.com\/midlife\/salud-ginecologica\/postmenopausia\/","url":"https:\/\/www.dexeus.com\/midlife\/salud-ginecologica\/postmenopausia\/","name":"Postmenopausia - Dexeus Midlife","isPartOf":{"@id":"https:\/\/www.dexeus.com\/midlife\/#website"},"primaryImageOfPage":{"@id":"https:\/\/www.dexeus.com\/midlife\/salud-ginecologica\/postmenopausia\/#primaryimage"},"image":{"@id":"https:\/\/www.dexeus.com\/midlife\/salud-ginecologica\/postmenopausia\/#primaryimage"},"thumbnailUrl":"https:\/\/www.dexeus.com\/midlife\/wp-content\/uploads\/2025\/02\/POST-MENOPAUSIA-1.jpg","datePublished":"2024-12-02T03:00:33+00:00","dateModified":"2025-02-26T10:16:50+00:00","description":"La postmenopausia es la etapa posterior a la menopausia, Se inicia a partir del a\u00f1o de la \u00faltima menstruaci\u00f3n. Dura unos 15 a\u00f1os y llega hasta la vejez.","breadcrumb":{"@id":"https:\/\/www.dexeus.com\/midlife\/salud-ginecologica\/postmenopausia\/#breadcrumb"},"inLanguage":"es","potentialAction":[{"@type":"ReadAction","target":["https:\/\/www.dexeus.com\/midlife\/salud-ginecologica\/postmenopausia\/"]}]},{"@type":"ImageObject","inLanguage":"es","@id":"https:\/\/www.dexeus.com\/midlife\/salud-ginecologica\/postmenopausia\/#primaryimage","url":"https:\/\/www.dexeus.com\/midlife\/wp-content\/uploads\/2025\/02\/POST-MENOPAUSIA-1.jpg","contentUrl":"https:\/\/www.dexeus.com\/midlife\/wp-content\/uploads\/2025\/02\/POST-MENOPAUSIA-1.jpg","width":2200,"height":1015,"caption":"Smiling adult middle aged business woman standing at table posing in home office, arms crossed. Portrait of gray haired happy professional ceo or financial director woman in corporate photoshoot."},{"@type":"BreadcrumbList","@id":"https:\/\/www.dexeus.com\/midlife\/salud-ginecologica\/postmenopausia\/#breadcrumb","itemListElement":[{"@type":"ListItem","position":1,"name":"Home","item":"https:\/\/www.dexeus.com\/midlife\/"},{"@type":"ListItem","position":2,"name":"Tu menopausia","item":"https:\/\/www.dexeus.com\/midlife\/salud-ginecologica\/"},{"@type":"ListItem","position":3,"name":"Postmenopausia"}]},{"@type":"WebSite","@id":"https:\/\/www.dexeus.com\/midlife\/#website","url":"https:\/\/www.dexeus.com\/midlife\/","name":"Dexeus Midlife","description":"Una nueva forma de vivir la menopausia","publisher":{"@id":"https:\/\/www.dexeus.com\/midlife\/#organization"},"potentialAction":[{"@type":"SearchAction","target":{"@type":"EntryPoint","urlTemplate":"https:\/\/www.dexeus.com\/midlife\/?s={search_term_string}"},"query-input":{"@type":"PropertyValueSpecification","valueRequired":true,"valueName":"search_term_string"}}],"inLanguage":"es"},{"@type":"Organization","@id":"https:\/\/www.dexeus.com\/midlife\/#organization","name":"Dexeus Midlife","url":"https:\/\/www.dexeus.com\/midlife\/","logo":{"@type":"ImageObject","inLanguage":"es","@id":"https:\/\/www.dexeus.com\/midlife\/#\/schema\/logo\/image\/","url":"https:\/\/www.dexeus.com\/midlife\/wp-content\/uploads\/2025\/02\/cropped-Dexeus-Midlife-Fabicon.png","contentUrl":"https:\/\/www.dexeus.com\/midlife\/wp-content\/uploads\/2025\/02\/cropped-Dexeus-Midlife-Fabicon.png","width":512,"height":512,"caption":"Dexeus Midlife"},"image":{"@id":"https:\/\/www.dexeus.com\/midlife\/#\/schema\/logo\/image\/"},"sameAs":["https:\/\/www.facebook.com\/dexeusmidlife\/","https:\/\/www.instagram.com\/dexeusmidlife\/"]}]}},"_links":{"self":[{"href":"https:\/\/www.dexeus.com\/midlife\/wp-json\/wp\/v2\/pages\/64","targetHints":{"allow":["GET"]}}],"collection":[{"href":"https:\/\/www.dexeus.com\/midlife\/wp-json\/wp\/v2\/pages"}],"about":[{"href":"https:\/\/www.dexeus.com\/midlife\/wp-json\/wp\/v2\/types\/page"}],"author":[{"embeddable":true,"href":"https:\/\/www.dexeus.com\/midlife\/wp-json\/wp\/v2\/users\/1"}],"replies":[{"embeddable":true,"href":"https:\/\/www.dexeus.com\/midlife\/wp-json\/wp\/v2\/comments?post=64"}],"version-history":[{"count":0,"href":"https:\/\/www.dexeus.com\/midlife\/wp-json\/wp\/v2\/pages\/64\/revisions"}],"up":[{"embeddable":true,"href":"https:\/\/www.dexeus.com\/midlife\/wp-json\/wp\/v2\/pages\/159"}],"wp:featuredmedia":[{"embeddable":true,"href":"https:\/\/www.dexeus.com\/midlife\/wp-json\/wp\/v2\/media\/5834"}],"wp:attachment":[{"href":"https:\/\/www.dexeus.com\/midlife\/wp-json\/wp\/v2\/media?parent=64"}],"curies":[{"name":"wp","href":"https:\/\/api.w.org\/{rel}","templated":true}]}}