{"id":710,"date":"2024-12-03T08:44:23","date_gmt":"2024-12-03T07:44:23","guid":{"rendered":"https:\/\/www.dexeus.com\/midlife\/?page_id=710"},"modified":"2025-02-17T15:59:36","modified_gmt":"2025-02-17T14:59:36","slug":"realizar-test","status":"publish","type":"page","link":"https:\/\/www.dexeus.com\/midlife\/realizar-test\/","title":{"rendered":"Realizar test"},"content":{"rendered":"\t\t<div data-elementor-type=\"wp-page\" data-elementor-id=\"710\" class=\"elementor elementor-710\" data-elementor-post-type=\"page\">\n\t\t\t\t<div class=\"elementor-element elementor-element-876dc20 e-flex e-con-boxed e-con e-parent\" data-id=\"876dc20\" data-element_type=\"container\">\n\t\t\t\t\t<div class=\"e-con-inner\">\n\t\t<div class=\"elementor-element elementor-element-0ac0076 e-con-full elementor-hidden-mobile_extra elementor-hidden-mobile e-flex e-con e-child\" data-id=\"0ac0076\" data-element_type=\"container\" data-settings=\"{&quot;background_background&quot;:&quot;classic&quot;}\">\n\t\t\t\t<\/div>\n\t\t<div class=\"elementor-element elementor-element-2ad592c e-con-full e-flex e-con e-child\" data-id=\"2ad592c\" data-element_type=\"container\">\n\t\t\t\t<div class=\"elementor-element elementor-element-6698cc5 elementor-widget elementor-widget-text-editor\" data-id=\"6698cc5\" data-element_type=\"widget\" data-widget_type=\"text-editor.default\">\n\t\t\t\t<div class=\"elementor-widget-container\">\n\t\t\t\t\t\t\t\t\t<h5><strong>\u00bfQuieres saber si ya est\u00e1s en transici\u00f3n hacia menopausia o en qu\u00e9 etapa te encuentras ahora exactamente?<\/strong><\/h5>\n<h6><strong>Para averiguarlo, \u00a1haz este test!<\/strong><\/h6>\nEs un cuestionario muy sencillo, que ha elaborado nuestro equipo m\u00e9dico\n\u00a1Solo tardar\u00e1s dos minutos!\t\t\t\t\t\t\t\t<\/div>\n\t\t\t\t<\/div>\n\t\t\t\t<\/div>\n\t\t\t\t\t<\/div>\n\t\t\t\t<\/div>\n\t\t<div class=\"elementor-element elementor-element-b041eaf e-flex e-con-boxed e-con e-parent\" data-id=\"b041eaf\" data-element_type=\"container\">\n\t\t\t\t\t<div class=\"e-con-inner\">\n\t\t\t\t<div class=\"elementor-element elementor-element-9665558 elementor-widget elementor-widget-shortcode\" data-id=\"9665558\" data-element_type=\"widget\" data-widget_type=\"shortcode.default\">\n\t\t\t\t<div class=\"elementor-widget-container\">\n\t\t\t\t\t    <div class=\"prediagnosis-test-container\">\n    <a href=\"#\" class=\"close\"><\/a>\n    <div class=\"inner\">\n            <div class=\"steps\">\n        <div class=\"step step-1 show\"><div class=\"step-inner\"><div class=\"msg\"><strong>Hola, \u00bfC\u00f3mo te llamas?<\/strong><br \/>Solo usaremos tu nombre para dirigirnos a ti.<\/div><input type=\"text\" name=\"name\" \/><\/div><div class=\"actions\"><a class=\"test-menopausia paso-1 pedir-nombre siguiente next\" onclick=\"jQuery.fn.midlifePrediagnosisStep1Next();\" data-step=\"1\">Siguiente<\/a><\/div><\/div>      <\/div>\n    <\/div>\n  <\/div>\n\t\t<div class=\"elementor-shortcode\"><\/div>\n\t\t\t\t\t\t<\/div>\n\t\t\t\t<\/div>\n\t\t\t\t\t<\/div>\n\t\t\t\t<\/div>\n\t\t<div class=\"elementor-element elementor-element-2e4834d e-flex e-con-boxed e-con e-parent\" data-id=\"2e4834d\" data-element_type=\"container\">\n\t\t\t\t\t<div class=\"e-con-inner\">\n\t\t\t\t<div class=\"elementor-element elementor-element-1f7db36 elementor-align-center do-test elementor-widget elementor-widget-button\" data-id=\"1f7db36\" data-element_type=\"widget\" data-widget_type=\"button.default\">\n\t\t\t\t<div class=\"elementor-widget-container\">\n\t\t\t\t\t\t\t\t\t<div class=\"elementor-button-wrapper\">\n\t\t\t\t\t<a class=\"elementor-button elementor-button-link elementor-size-sm\" href=\"#\">\n\t\t\t\t\t\t<span class=\"elementor-button-content-wrapper\">\n\t\t\t\t\t\t\t\t\t<span class=\"elementor-button-text\">Iniciar test<\/span>\n\t\t\t\t\t<\/span>\n\t\t\t\t\t<\/a>\n\t\t\t\t<\/div>\n\t\t\t\t\t\t\t\t<\/div>\n\t\t\t\t<\/div>\n\t\t\t\t\t<\/div>\n\t\t\t\t<\/div>\n\t\t\t\t<\/div>\n\t\t","protected":false},"excerpt":{"rendered":"<p>\u00bfQuieres saber si ya est\u00e1s en transici\u00f3n hacia menopausia o en qu\u00e9 etapa te encuentras ahora exactamente? Para averiguarlo, \u00a1haz este test! Es un cuestionario muy sencillo, que ha elaborado nuestro equipo m\u00e9dico \u00a1Solo tardar\u00e1s dos minutos! Iniciar test<\/p>\n","protected":false},"author":1,"featured_media":19,"parent":0,"menu_order":0,"comment_status":"closed","ping_status":"closed","template":"","meta":{"footnotes":""},"class_list":["post-710","page","type-page","status-publish","has-post-thumbnail","hentry"],"yoast_head":"<!-- This site is optimized with the Yoast SEO plugin v26.7 - https:\/\/yoast.com\/wordpress\/plugins\/seo\/ -->\n<title>Realizar test - Dexeus Midlife<\/title>\n<meta name=\"description\" content=\"\u00bfQuieres saber si ya est\u00e1s en transici\u00f3n hacia menopausia o en qu\u00e9 etapa te encuentras ahora exactamente? Para averiguarlo, \u00a1haz este test! Es un\" \/>\n<meta name=\"robots\" content=\"index, follow, max-snippet:-1, max-image-preview:large, max-video-preview:-1\" \/>\n<link rel=\"canonical\" href=\"https:\/\/www.dexeus.com\/midlife\/realizar-test\/\" \/>\n<meta property=\"og:locale\" content=\"es_ES\" \/>\n<meta property=\"og:type\" content=\"article\" \/>\n<meta property=\"og:title\" content=\"Realizar test - Dexeus Midlife\" \/>\n<meta property=\"og:description\" content=\"\u00bfQuieres saber si ya est\u00e1s en transici\u00f3n hacia menopausia o en qu\u00e9 etapa te encuentras ahora exactamente? Para averiguarlo, \u00a1haz este test! Es un\" \/>\n<meta property=\"og:url\" content=\"https:\/\/www.dexeus.com\/midlife\/realizar-test\/\" \/>\n<meta property=\"og:site_name\" content=\"Dexeus Midlife\" \/>\n<meta property=\"article:publisher\" content=\"https:\/\/www.facebook.com\/dexeusmidlife\/\" \/>\n<meta property=\"article:modified_time\" content=\"2025-02-17T14:59:36+00:00\" \/>\n<meta property=\"og:image\" content=\"https:\/\/www.dexeus.com\/midlife\/wp-content\/uploads\/2024\/12\/Imgtest.webp\" \/>\n\t<meta property=\"og:image:width\" content=\"948\" \/>\n\t<meta property=\"og:image:height\" content=\"916\" \/>\n\t<meta property=\"og:image:type\" content=\"image\/webp\" \/>\n<meta name=\"twitter:card\" content=\"summary_large_image\" \/>\n<script type=\"application\/ld+json\" class=\"yoast-schema-graph\">{\"@context\":\"https:\/\/schema.org\",\"@graph\":[{\"@type\":\"WebPage\",\"@id\":\"https:\/\/www.dexeus.com\/midlife\/realizar-test\/\",\"url\":\"https:\/\/www.dexeus.com\/midlife\/realizar-test\/\",\"name\":\"Realizar test - Dexeus Midlife\",\"isPartOf\":{\"@id\":\"https:\/\/www.dexeus.com\/midlife\/#website\"},\"primaryImageOfPage\":{\"@id\":\"https:\/\/www.dexeus.com\/midlife\/realizar-test\/#primaryimage\"},\"image\":{\"@id\":\"https:\/\/www.dexeus.com\/midlife\/realizar-test\/#primaryimage\"},\"thumbnailUrl\":\"https:\/\/www.dexeus.com\/midlife\/wp-content\/uploads\/2024\/12\/Imgtest.webp\",\"datePublished\":\"2024-12-03T07:44:23+00:00\",\"dateModified\":\"2025-02-17T14:59:36+00:00\",\"description\":\"\u00bfQuieres saber si ya est\u00e1s en transici\u00f3n hacia menopausia o en qu\u00e9 etapa te encuentras ahora exactamente? Para averiguarlo, \u00a1haz este test! Es un\",\"breadcrumb\":{\"@id\":\"https:\/\/www.dexeus.com\/midlife\/realizar-test\/#breadcrumb\"},\"inLanguage\":\"es\",\"potentialAction\":[{\"@type\":\"ReadAction\",\"target\":[\"https:\/\/www.dexeus.com\/midlife\/realizar-test\/\"]}]},{\"@type\":\"ImageObject\",\"inLanguage\":\"es\",\"@id\":\"https:\/\/www.dexeus.com\/midlife\/realizar-test\/#primaryimage\",\"url\":\"https:\/\/www.dexeus.com\/midlife\/wp-content\/uploads\/2024\/12\/Imgtest.webp\",\"contentUrl\":\"https:\/\/www.dexeus.com\/midlife\/wp-content\/uploads\/2024\/12\/Imgtest.webp\",\"width\":948,\"height\":916},{\"@type\":\"BreadcrumbList\",\"@id\":\"https:\/\/www.dexeus.com\/midlife\/realizar-test\/#breadcrumb\",\"itemListElement\":[{\"@type\":\"ListItem\",\"position\":1,\"name\":\"Home\",\"item\":\"https:\/\/www.dexeus.com\/midlife\/\"},{\"@type\":\"ListItem\",\"position\":2,\"name\":\"Realizar test\"}]},{\"@type\":\"WebSite\",\"@id\":\"https:\/\/www.dexeus.com\/midlife\/#website\",\"url\":\"https:\/\/www.dexeus.com\/midlife\/\",\"name\":\"Dexeus Midlife\",\"description\":\"Una nueva forma de vivir la menopausia\",\"publisher\":{\"@id\":\"https:\/\/www.dexeus.com\/midlife\/#organization\"},\"potentialAction\":[{\"@type\":\"SearchAction\",\"target\":{\"@type\":\"EntryPoint\",\"urlTemplate\":\"https:\/\/www.dexeus.com\/midlife\/?s={search_term_string}\"},\"query-input\":{\"@type\":\"PropertyValueSpecification\",\"valueRequired\":true,\"valueName\":\"search_term_string\"}}],\"inLanguage\":\"es\"},{\"@type\":\"Organization\",\"@id\":\"https:\/\/www.dexeus.com\/midlife\/#organization\",\"name\":\"Dexeus Midlife\",\"url\":\"https:\/\/www.dexeus.com\/midlife\/\",\"logo\":{\"@type\":\"ImageObject\",\"inLanguage\":\"es\",\"@id\":\"https:\/\/www.dexeus.com\/midlife\/#\/schema\/logo\/image\/\",\"url\":\"https:\/\/www.dexeus.com\/midlife\/wp-content\/uploads\/2025\/02\/cropped-Dexeus-Midlife-Fabicon.png\",\"contentUrl\":\"https:\/\/www.dexeus.com\/midlife\/wp-content\/uploads\/2025\/02\/cropped-Dexeus-Midlife-Fabicon.png\",\"width\":512,\"height\":512,\"caption\":\"Dexeus Midlife\"},\"image\":{\"@id\":\"https:\/\/www.dexeus.com\/midlife\/#\/schema\/logo\/image\/\"},\"sameAs\":[\"https:\/\/www.facebook.com\/dexeusmidlife\/\",\"https:\/\/www.instagram.com\/dexeusmidlife\/\"]}]}<\/script>\n<!-- \/ Yoast SEO plugin. -->","yoast_head_json":{"title":"Realizar test - Dexeus Midlife","description":"\u00bfQuieres saber si ya est\u00e1s en transici\u00f3n hacia menopausia o en qu\u00e9 etapa te encuentras ahora exactamente? Para averiguarlo, \u00a1haz este test! Es un","robots":{"index":"index","follow":"follow","max-snippet":"max-snippet:-1","max-image-preview":"max-image-preview:large","max-video-preview":"max-video-preview:-1"},"canonical":"https:\/\/www.dexeus.com\/midlife\/realizar-test\/","og_locale":"es_ES","og_type":"article","og_title":"Realizar test - Dexeus Midlife","og_description":"\u00bfQuieres saber si ya est\u00e1s en transici\u00f3n hacia menopausia o en qu\u00e9 etapa te encuentras ahora exactamente? Para averiguarlo, \u00a1haz este test! Es un","og_url":"https:\/\/www.dexeus.com\/midlife\/realizar-test\/","og_site_name":"Dexeus Midlife","article_publisher":"https:\/\/www.facebook.com\/dexeusmidlife\/","article_modified_time":"2025-02-17T14:59:36+00:00","og_image":[{"width":948,"height":916,"url":"https:\/\/www.dexeus.com\/midlife\/wp-content\/uploads\/2024\/12\/Imgtest.webp","type":"image\/webp"}],"twitter_card":"summary_large_image","schema":{"@context":"https:\/\/schema.org","@graph":[{"@type":"WebPage","@id":"https:\/\/www.dexeus.com\/midlife\/realizar-test\/","url":"https:\/\/www.dexeus.com\/midlife\/realizar-test\/","name":"Realizar test - Dexeus Midlife","isPartOf":{"@id":"https:\/\/www.dexeus.com\/midlife\/#website"},"primaryImageOfPage":{"@id":"https:\/\/www.dexeus.com\/midlife\/realizar-test\/#primaryimage"},"image":{"@id":"https:\/\/www.dexeus.com\/midlife\/realizar-test\/#primaryimage"},"thumbnailUrl":"https:\/\/www.dexeus.com\/midlife\/wp-content\/uploads\/2024\/12\/Imgtest.webp","datePublished":"2024-12-03T07:44:23+00:00","dateModified":"2025-02-17T14:59:36+00:00","description":"\u00bfQuieres saber si ya est\u00e1s en transici\u00f3n hacia menopausia o en qu\u00e9 etapa te encuentras ahora exactamente? Para averiguarlo, \u00a1haz este test! Es un","breadcrumb":{"@id":"https:\/\/www.dexeus.com\/midlife\/realizar-test\/#breadcrumb"},"inLanguage":"es","potentialAction":[{"@type":"ReadAction","target":["https:\/\/www.dexeus.com\/midlife\/realizar-test\/"]}]},{"@type":"ImageObject","inLanguage":"es","@id":"https:\/\/www.dexeus.com\/midlife\/realizar-test\/#primaryimage","url":"https:\/\/www.dexeus.com\/midlife\/wp-content\/uploads\/2024\/12\/Imgtest.webp","contentUrl":"https:\/\/www.dexeus.com\/midlife\/wp-content\/uploads\/2024\/12\/Imgtest.webp","width":948,"height":916},{"@type":"BreadcrumbList","@id":"https:\/\/www.dexeus.com\/midlife\/realizar-test\/#breadcrumb","itemListElement":[{"@type":"ListItem","position":1,"name":"Home","item":"https:\/\/www.dexeus.com\/midlife\/"},{"@type":"ListItem","position":2,"name":"Realizar test"}]},{"@type":"WebSite","@id":"https:\/\/www.dexeus.com\/midlife\/#website","url":"https:\/\/www.dexeus.com\/midlife\/","name":"Dexeus Midlife","description":"Una nueva forma de vivir la menopausia","publisher":{"@id":"https:\/\/www.dexeus.com\/midlife\/#organization"},"potentialAction":[{"@type":"SearchAction","target":{"@type":"EntryPoint","urlTemplate":"https:\/\/www.dexeus.com\/midlife\/?s={search_term_string}"},"query-input":{"@type":"PropertyValueSpecification","valueRequired":true,"valueName":"search_term_string"}}],"inLanguage":"es"},{"@type":"Organization","@id":"https:\/\/www.dexeus.com\/midlife\/#organization","name":"Dexeus Midlife","url":"https:\/\/www.dexeus.com\/midlife\/","logo":{"@type":"ImageObject","inLanguage":"es","@id":"https:\/\/www.dexeus.com\/midlife\/#\/schema\/logo\/image\/","url":"https:\/\/www.dexeus.com\/midlife\/wp-content\/uploads\/2025\/02\/cropped-Dexeus-Midlife-Fabicon.png","contentUrl":"https:\/\/www.dexeus.com\/midlife\/wp-content\/uploads\/2025\/02\/cropped-Dexeus-Midlife-Fabicon.png","width":512,"height":512,"caption":"Dexeus Midlife"},"image":{"@id":"https:\/\/www.dexeus.com\/midlife\/#\/schema\/logo\/image\/"},"sameAs":["https:\/\/www.facebook.com\/dexeusmidlife\/","https:\/\/www.instagram.com\/dexeusmidlife\/"]}]}},"_links":{"self":[{"href":"https:\/\/www.dexeus.com\/midlife\/wp-json\/wp\/v2\/pages\/710","targetHints":{"allow":["GET"]}}],"collection":[{"href":"https:\/\/www.dexeus.com\/midlife\/wp-json\/wp\/v2\/pages"}],"about":[{"href":"https:\/\/www.dexeus.com\/midlife\/wp-json\/wp\/v2\/types\/page"}],"author":[{"embeddable":true,"href":"https:\/\/www.dexeus.com\/midlife\/wp-json\/wp\/v2\/users\/1"}],"replies":[{"embeddable":true,"href":"https:\/\/www.dexeus.com\/midlife\/wp-json\/wp\/v2\/comments?post=710"}],"version-history":[{"count":0,"href":"https:\/\/www.dexeus.com\/midlife\/wp-json\/wp\/v2\/pages\/710\/revisions"}],"wp:featuredmedia":[{"embeddable":true,"href":"https:\/\/www.dexeus.com\/midlife\/wp-json\/wp\/v2\/media\/19"}],"wp:attachment":[{"href":"https:\/\/www.dexeus.com\/midlife\/wp-json\/wp\/v2\/media?parent=710"}],"curies":[{"name":"wp","href":"https:\/\/api.w.org\/{rel}","templated":true}]}}